{"id":19585,"date":"2025-03-16T21:59:57","date_gmt":"2025-03-16T21:59:57","guid":{"rendered":"https:\/\/white-ant-267257.hostingersite.com\/?post_type=product&#038;p=19585"},"modified":"2025-07-13T07:17:53","modified_gmt":"2025-07-13T07:17:53","slug":"the-book-of-the-characteristics-of-the-shepherd-and-the-flock","status":"publish","type":"product","link":"https:\/\/tamerbadr.com\/vi\/san-pham\/the-book-of-the-characteristics-of-the-shepherd-and-the-flock","title":{"rendered":"S\u00e1ch v\u1ec1 \u0111\u1eb7c \u0111i\u1ec3m c\u1ee7a ng\u01b0\u1eddi ch\u0103n chi\u00ean v\u00e0 b\u1ea7y chi\u00ean"},"content":{"rendered":"<h1 style=\"text-align: center;\"><strong>Gi\u1edbi thi\u1ec7u v\u1ec1 cu\u1ed1n s\u00e1ch \u0110\u1eb7c \u0111i\u1ec3m c\u1ee7a Ng\u01b0\u1eddi ch\u0103n chi\u00ean v\u00e0 \u0110\u00e0n chi\u00ean<\/strong><\/h1>\n<h1 style=\"text-align: center;\">H\u1ed3i gi\u00e1o \u0111\u00e3 thi\u1ebft l\u1eadp m\u1ed9t c\u00e1ch ti\u1ebfp c\u1eadn r\u00f5 r\u00e0ng v\u00e0 to\u00e0n di\u1ec7n v\u1ec1 m\u1ed1i quan h\u1ec7 gi\u1eefa ng\u01b0\u1eddi cai tr\u1ecb v\u00e0 th\u1ea7n d\u00e2n c\u1ee7a m\u00ecnh. C\u00e1c h\u1ecdc gi\u1ea3 \u0111\u00e3 th\u1ea3o lu\u1eadn v\u1ec1 m\u1ed1i quan h\u1ec7 n\u00e0y trong c\u00e1c cu\u1ed1n s\u00e1ch v\u1ec1 ch\u00ednh tr\u1ecb H\u1ed3i gi\u00e1o, bao g\u1ed3m c\u00e1c ngh\u0129a v\u1ee5 v\u00e0 quy\u1ec1n c\u1ee7a m\u1ed7i b\u00ean, ch\u1ee9ng minh r\u1eb1ng H\u1ed3i gi\u00e1o c\u00f3 h\u1ec7 th\u1ed1ng ri\u00eang c\u1ee7a m\u00ecnh nh\u01b0 m\u1ed9t c\u00e1ch s\u1ed1ng. T\u1eeb g\u00f3c \u0111\u1ed9 ch\u00ednh tr\u1ecb, li\u00ean quan \u0111\u1ebfn m\u1ed1i quan h\u1ec7 gi\u1eefa ng\u01b0\u1eddi cai tr\u1ecb v\u00e0 th\u1ea7n d\u00e2n c\u1ee7a m\u00ecnh, l\u1ecbch s\u1eed H\u1ed3i gi\u00e1o kh\u00f4ng bi\u1ebft \u0111\u1ebfn m\u1ed9t h\u1ec7 th\u1ed1ng ch\u00ednh ph\u1ee7 H\u1ed3i gi\u00e1o c\u1ee5 th\u1ec3. H\u1ed3i gi\u00e1o, lu\u1eadt thi\u00eang li\u00eang cu\u1ed1i c\u00f9ng, kh\u00f4ng thi\u1ebft l\u1eadp m\u1ed9t h\u1ec7 th\u1ed1ng c\u1ee5 th\u1ec3 \u0111\u1ec3 \u00e1p \u0111\u1eb7t l\u00ean ng\u01b0\u1eddi H\u1ed3i gi\u00e1o \u1edf m\u1ecdi th\u1eddi \u0111\u1ea1i v\u00e0 \u0111\u1ecba \u0111i\u1ec3m. Thay v\u00e0o \u0111\u00f3, n\u00f3 thi\u1ebft l\u1eadp c\u00e1c nguy\u00ean t\u1eafc chung ph\u00f9 h\u1ee3p v\u1edbi m\u1ecdi th\u1eddi \u0111\u1ea1i v\u00e0 \u0111\u1ecba \u0111i\u1ec3m, m\u00e0 kh\u00f4ng \u0111i s\u00e2u v\u00e0o c\u00e1c chi ti\u1ebft, ph\u01b0\u01a1ng ph\u00e1p v\u00e0 chi ti\u1ebft, theo b\u1ea3n ch\u1ea5t c\u1ee7a ch\u00fang, ph\u00e1t tri\u1ec3n v\u00e0 thay \u0111\u1ed5i theo ho\u00e0n c\u1ea3nh thay \u0111\u1ed5i c\u1ee7a th\u1eddi gian v\u00e0 \u0111\u1ecba \u0111i\u1ec3m, \u0111\u1ec3 m\u1ed7i qu\u1ed1c gia c\u00f3 th\u1ec3 xem x\u00e9t nh\u1eefng g\u00ec ph\u00f9 h\u1ee3p v\u1edbi ho\u00e0n c\u1ea3nh c\u1ee7a m\u00ecnh v\u00e0 nh\u1eefng g\u00ec l\u1ee3i \u00edch c\u1ee7a m\u00ecnh \u0111\u00f2i h\u1ecfi.<\/h1>\n<h1 style=\"text-align: center;\">Theo \u0111\u00f3, v\u1ec1 l\u00fd thuy\u1ebft nh\u00e0 n\u01b0\u1edbc, H\u1ed3i gi\u00e1o kh\u00f4ng ban h\u00e0nh lu\u1eadt l\u1ec7 cho m\u1ed9t h\u1ec7 th\u1ed1ng ch\u00ednh tr\u1ecb b\u1ea5t bi\u1ebfn hay b\u1ea5t bi\u1ebfn, c\u0169ng kh\u00f4ng \u0111i s\u00e2u v\u00e0o chi ti\u1ebft v\u1edbi nh\u1eefng gi\u00e1 tr\u1ecb tuy\u1ec7t \u0111\u1ed1i, cu\u1ed1i c\u00f9ng. Thay v\u00e0o \u0111\u00f3, H\u1ed3i gi\u00e1o ch\u1ec9 thi\u1ebft l\u1eadp nh\u1eefng nguy\u00ean t\u1eafc chung v\u00e0 nh\u1eefng quy t\u1eafc to\u00e0n di\u1ec7n m\u00e0 l\u00fd thuy\u1ebft n\u00e0y n\u00ean d\u1ef1a tr\u00ean. L\u00fd thuy\u1ebft nh\u00e0 n\u01b0\u1edbc H\u1ed3i gi\u00e1o (v\u1ec1 chi ti\u1ebft v\u00e0 c\u1ee5 th\u1ec3), gi\u1ed1ng nh\u01b0 t\u1ea5t c\u1ea3 c\u00e1c l\u00fd thuy\u1ebft ch\u00ednh tr\u1ecb H\u1ed3i gi\u00e1o kh\u00e1c, c\u00f3 th\u1ec3 thay \u0111\u1ed5i, s\u1eeda \u0111\u1ed5i v\u00e0 b\u1ed5 sung. C\u00e1c c\u00f4ng th\u1ee9c c\u1ee7a n\u00f3 kh\u00f4ng ph\u1ea3i l\u00e0 cu\u1ed1i c\u00f9ng hay tuy\u1ec7t \u0111\u1ed1i, c\u0169ng kh\u00f4ng b\u1ecb b\u00f3 bu\u1ed9c trong m\u1ed9t khu\u00f4n m\u1eabu c\u1ee9ng nh\u1eafc. H\u1ed3i gi\u00e1o cho ph\u00e9p ph\u00e1t tri\u1ec3n v\u00e0 s\u1eeda \u0111\u1ed5i c\u00e1c l\u00fd thuy\u1ebft ch\u00ednh tr\u1ecb m\u00e0 c\u00e1c h\u1ecdc gi\u1ea3 H\u1ed3i gi\u00e1o \u0111\u00e3 n\u1ed7 l\u1ef1c x\u00e2y d\u1ef1ng ph\u00f9 h\u1ee3p v\u1edbi y\u00eau c\u1ea7u c\u1ee7a th\u1eddi \u0111\u1ea1i v\u00e0 ho\u00e0n c\u1ea3nh th\u1eddi gian v\u00e0 kh\u00f4ng gian.<\/h1>\n<h1 style=\"text-align: center;\">Kh\u00f4ng h\u1ec1 c\u00f3 s\u1ef1 chia r\u1ebd n\u00e0o gi\u1eefa vi\u1ec7c n\u00f3i v\u1ec1 H\u1ed3i gi\u00e1o v\u00e0 nh\u00e0 n\u01b0\u1edbc d\u00e2n s\u1ef1, hay v\u1ec1 H\u1ed3i gi\u00e1o v\u00e0 quy\u1ec1n c\u00f4ng d\u00e2n, hay v\u1ec1 H\u1ed3i gi\u00e1o v\u00e0 t\u1ef1 do ng\u00f4n lu\u1eadn v\u00e0 t\u00edn ng\u01b0\u1ee1ng. Nh\u1eefng ai cho r\u1eb1ng c\u00f3 s\u1ef1 chia r\u1ebd gi\u1eefa H\u1ed3i gi\u00e1o v\u00e0 t\u1ea5t c\u1ea3 nh\u1eefng \u00fd t\u01b0\u1edfng hi\u1ec7n \u0111\u1ea1i n\u00e0y \u0111\u1ec1u kh\u00f4ng hi\u1ec3u b\u1ea3n ch\u1ea5t th\u1ef1c s\u1ef1 c\u1ee7a H\u1ed3i gi\u00e1o, c\u0169ng kh\u00f4ng \u0111\u1ecdc l\u1ecbch s\u1eed c\u1ee7a Nh\u00e0 ti\u00ean tri (c\u1ea7u xin Allah ban ph\u01b0\u1edbc l\u00e0nh v\u00e0 b\u00ecnh an cho Ng\u01b0\u1eddi) v\u00e0 c\u00e1c Sahaba cao qu\u00fd c\u1ee7a Ng\u01b0\u1eddi (c\u1ea7u xin Allah h\u00e0i l\u00f2ng v\u1edbi h\u1ecd) m\u1ed9t c\u00e1ch ch\u00ednh x\u00e1c ho\u1eb7c c\u00f4ng b\u1eb1ng. \u0110\u00e2y l\u00e0 l\u00fd do t\u1ea1i sao nh\u00e0 n\u01b0\u1edbc trong H\u1ed3i gi\u00e1o c\u00f3 nh\u1eefng \u0111\u1eb7c \u0111i\u1ec3m ri\u00eang bi\u1ec7t, c\u0169ng nh\u01b0 h\u1ec7 th\u1ed1ng ch\u00ednh ph\u1ee7 trong H\u1ed3i gi\u00e1o c\u00f3 nh\u1eefng n\u1ec1n t\u1ea3ng ri\u00eang: s\u1ef1 ph\u1ee5c t\u00f9ng Th\u01b0\u1ee3ng \u0111\u1ebf, c\u00f4ng l\u00fd, tham v\u1ea5n v\u00e0 ngh\u0129a v\u1ee5 c\u1ee7a n\u00f3, b\u00ecnh \u0111\u1eb3ng, tu\u00e2n theo nh\u1eefng ng\u01b0\u1eddi c\u00f3 th\u1ea9m quy\u1ec1n, ngh\u0129a v\u1ee5 t\u01b0 v\u1ea5n cho nh\u1eefng ng\u01b0\u1eddi c\u00f3 th\u1ea9m quy\u1ec1n, tr\u00e1ch nhi\u1ec7m c\u1ee7a ng\u01b0\u1eddi cai tr\u1ecb ho\u1eb7c ng\u01b0\u1eddi ch\u0103n d\u1eaft v\u00e0 s\u1ef1 ph\u1ee5c t\u00f9ng c\u1ee7a h\u1ecd \u0111\u1ed1i v\u1edbi s\u1ef1 gi\u00e1m s\u00e1t c\u1ee7a ng\u00e0nh t\u01b0 ph\u00e1p v\u00e0 qu\u1ed1c gia, s\u1ef1 th\u1ed1ng nh\u1ea5t ch\u00ednh tr\u1ecb c\u1ee7a qu\u1ed1c gia, s\u1ef1 \u0111\u1ea3m b\u1ea3o c\u00e1c quy\u1ec1n v\u00e0 ngh\u0129a v\u1ee5, v\u00e0 t\u1ef1 do. Nh\u1eefng n\u1ec1n t\u1ea3ng n\u00e0y \u0111\u1ea1i di\u1ec7n cho c\u1ed1t l\u00f5i c\u1ee7a h\u1ec7 th\u1ed1ng H\u1ed3i gi\u00e1o v\u00e0 nh\u1eefng n\u1ec1n t\u1ea3ng th\u1ec3 hi\u1ec7n r\u00f5 nh\u1ea5t t\u00ednh \u0111\u1ed9c \u0111\u00e1o c\u1ee7a n\u00f3. T\u00f4i \u0111\u00e3 c\u1ed1 g\u1eafng h\u1ebft s\u1ee9c c\u00f3 th\u1ec3 \u0111\u1ec3 gi\u1ea3i quy\u1ebft v\u1ea5n \u0111\u1ec1 n\u00e0y trong cu\u1ed1n s\u00e1ch c\u1ee7a m\u00ecnh.<\/h1>\n<h1 style=\"text-align: center;\">Cu\u1ed1i c\u00f9ng, t\u00f4i c\u1ea7u xin Ch\u00faa to\u00e0n n\u0103ng th\u1ef1c hi\u1ec7n c\u00f4ng vi\u1ec7c c\u1ee7a t\u00f4i m\u1ed9t c\u00e1ch ch\u00e2n th\u00e0nh v\u00ec Ng\u00e0i, ban th\u01b0\u1edfng cho t\u00f4i m\u1ed7i l\u1eddi t\u00f4i \u0111\u00e3 vi\u1ebft, c\u00e2n nh\u1eafc nh\u1eefng vi\u1ec7c l\u00e0m t\u1ed1t c\u1ee7a t\u00f4i v\u00e0 ban th\u01b0\u1edfng cho nh\u1eefng ng\u01b0\u1eddi anh em \u0111\u00e3 gi\u00fap \u0111\u1ee1 t\u00f4i m\u1ecdi th\u1ee9 h\u1ecd c\u00f3 \u0111\u1ec3 ho\u00e0n th\u00e0nh cu\u1ed1n s\u00e1ch n\u00e0y.<\/h1>\n<h1 style=\"text-align: center;\">\u201cL\u1ea1y Ch\u00faa, vinh quang v\u00e0 ng\u1ee3i khen Ch\u00faa. Con xin ch\u1ee9ng th\u1ef1c r\u1eb1ng kh\u00f4ng c\u00f3 th\u1ea7n n\u00e0o kh\u00e1c ngo\u00e0i Ch\u00faa. Con c\u1ea7u xin Ch\u00faa tha th\u1ee9 v\u00e0 \u0103n n\u0103n c\u00f9ng Ch\u00faa. L\u1eddi c\u1ea7u nguy\u1ec7n cu\u1ed1i c\u00f9ng c\u1ee7a ch\u00fang con l\u00e0: M\u1ecdi l\u1eddi ng\u1ee3i khen \u0111\u1ec1u thu\u1ed9c v\u1ec1 Ch\u00faa, Ch\u00faa T\u1ec3 c\u1ee7a v\u0169 tr\u1ee5.\u201d<\/h1>\n<h1 style=\"text-align: center;\">Ng\u01b0\u1eddi ngh\u00e8o c\u1ea7n s\u1ef1 tha th\u1ee9 v\u00e0 tha th\u1ee9 c\u1ee7a Ch\u00faa<\/h1>\n<h1 style=\"text-align: center;\">Tamer Badr<\/h1>\n<h1 style=\"text-align: center;\">Ch\u1ee7 Nh\u1eadt, ng\u00e0y 3 th\u00e1ng Rajab, n\u0103m 1440 AH<\/h1>\n<h1 style=\"text-align: center;\">Ng\u00e0y 10 th\u00e1ng 3 n\u0103m 2019<\/h1>","protected":false},"excerpt":{"rendered":"<p>\u0645\u0642\u062f\u0645\u0629 \u0643\u062a\u0627\u0628 \u0635\u0641\u0629 \u0627\u0644\u0631\u0627\u0639\u064a \u0648\u0627\u0644\u0631\u0639\u064a\u0629 \u0644\u0642\u062f \u0648\u0636\u0639 \u0627\u0644\u0625\u0633\u0644\u0627\u0645 \u0645\u0646\u0647\u062c\u064b\u0627 \u0628\u064a\u0651\u0650\u0646\u064b\u0627 \u0648\u0648\u0627\u0641\u064a\u064b\u0627 \u0641\u064a \u0627\u0644\u0639\u0644\u0627\u0642\u0629 \u0628\u064a\u0646 \u0627\u0644\u0631\u0627\u0639\u064a \u0648\u0627\u0644\u0631\u0639\u064a\u0629\u060c \u0648\u0628\u064e\u062d\u064e\u062b\u064e \u0623\u0647\u0644\u064f \u0627\u0644\u0639\u0644\u0645 \u0641\u064a \u0643\u062a\u0628 \u0627\u0644\u0633\u064a\u0627\u0633\u0629 \u0627\u0644\u0634\u0631\u0639\u064a\u0629 \u0645\u0627 \u064a\u062a\u0639\u0644\u0651\u064e\u0642 \u0628\u0647\u0630\u0647 \u0627\u0644\u0639\u0644\u0627\u0642\u0629\u060c \u0648\u0648\u0627\u062c\u0628\u0627\u062a \u0643\u0644 \u0645\u0646 \u0627\u0644\u0637\u0631\u0641\u064a\u0646 \u0648\u062d\u0642\u0648\u0642\u0647 \u0639\u0644\u0649 \u0648\u062c\u0647 \u064a\u064f\u0628\u064e\u064a\u0651\u0650\u0646 \u0623\u0646 \u0627\u0644\u0625\u0633\u0644\u0627\u0645 \u0644\u0647 \u0646\u0638\u0627\u0645\u0647 \u0627\u0644\u062e\u0627\u0635 \u0645\u0646\u0647\u062c\u064b\u0627 \u0644\u0644\u062d\u064a\u0627\u0629\u061b \u0648\u0645\u0646 \u0627\u0644\u0646\u0627\u062d\u064a\u0629 \u0627\u0644\u0633\u064a\u0627\u0633\u064a\u0629 \u0641\u064a\u0645\u0627 \u064a\u062a\u0639\u0644\u0642 \u0628\u0639\u0644\u0627\u0642\u0629 \u0627\u0644\u0625\u0645\u0627\u0645 \u0648\u0631\u0639\u064a\u062a\u0647 \u0645\u0646 \u0627\u0644\u0645\u0648\u0627\u0637\u0646\u064a\u0646 \u0641\u0644\u0645 \u064a\u0639\u0631\u0641 \u0627\u0644\u062a\u0627\u0631\u064a\u062e [&hellip;]<\/p>","protected":false},"featured_media":19692,"comment_status":"open","ping_status":"closed","template":"","meta":{"_seopress_robots_primary_cat":"","_seopress_titles_title":"","_seopress_titles_desc":"","_seopress_robots_index":"","inline_featured_image":false,"_uf_show_specific_survey":0,"_uf_disable_surveys":false},"product_brand":[],"product_cat":[187],"product_tag":[],"class_list":{"0":"post-19585","1":"product","2":"type-product","3":"status-publish","4":"has-post-thumbnail","6":"product_cat-187","8":"first","9":"instock","10":"downloadable","11":"shipping-taxable","12":"purchasable","13":"product-type-simple"},"_links":{"self":[{"href":"https:\/\/tamerbadr.com\/vi\/wp-json\/wp\/v2\/product\/19585","targetHints":{"allow":["GET"]}}],"collection":[{"href":"https:\/\/tamerbadr.com\/vi\/wp-json\/wp\/v2\/product"}],"about":[{"href":"https:\/\/tamerbadr.com\/vi\/wp-json\/wp\/v2\/types\/product"}],"replies":[{"embeddable":true,"href":"https:\/\/tamerbadr.com\/vi\/wp-json\/wp\/v2\/comments?post=19585"}],"wp:featuredmedia":[{"embeddable":true,"href":"https:\/\/tamerbadr.com\/vi\/wp-json\/wp\/v2\/media\/19692"}],"wp:attachment":[{"href":"https:\/\/tamerbadr.com\/vi\/wp-json\/wp\/v2\/media?parent=19585"}],"wp:term":[{"taxonomy":"product_brand","embeddable":true,"href":"https:\/\/tamerbadr.com\/vi\/wp-json\/wp\/v2\/product_brand?post=19585"},{"taxonomy":"product_cat","embeddable":true,"href":"https:\/\/tamerbadr.com\/vi\/wp-json\/wp\/v2\/product_cat?post=19585"},{"taxonomy":"product_tag","embeddable":true,"href":"https:\/\/tamerbadr.com\/vi\/wp-json\/wp\/v2\/product_tag?post=19585"}],"curies":[{"name":"wp","href":"https:\/\/api.w.org\/{rel}","templated":true}]}}