{"id":19583,"date":"2025-03-16T21:57:43","date_gmt":"2025-03-16T21:57:43","guid":{"rendered":"https:\/\/white-ant-267257.hostingersite.com\/?post_type=product&#038;p=19583"},"modified":"2025-07-13T07:20:37","modified_gmt":"2025-07-13T07:20:37","slug":"the-book-of-islam-and-war","status":"publish","type":"product","link":"https:\/\/tamerbadr.com\/vi\/san-pham\/the-book-of-islam-and-war","title":{"rendered":"S\u00e1ch H\u1ed3i gi\u00e1o v\u00e0 Chi\u1ebfn tranh"},"content":{"rendered":"<h1 style=\"text-align: center;\"><strong>Gi\u1edbi thi\u1ec7u v\u1ec1 cu\u1ed1n s\u00e1ch H\u1ed3i gi\u00e1o v\u00e0 Chi\u1ebfn tranh<\/strong><\/h1>\n<h1 style=\"text-align: center;\">Chi\u1ebfn tranh l\u00e0 m\u1ed9t quy lu\u1eadt ph\u1ed5 qu\u00e1t v\u00e0 l\u00e0 m\u1ed9t s\u1eafc l\u1ec7nh thi\u00eang li\u00eang m\u00e0 kh\u00f4ng th\u1eddi gian hay \u0111\u1ecba \u0111i\u1ec3m n\u00e0o l\u00e0 kh\u00f4ng c\u00f3. S\u1ef1 th\u1eadt v\u00e0 d\u1ed1i tr\u00e1 lu\u00f4n \u0111\u1ea5u tranh kh\u00f4ng ng\u1eebng, c\u1ed5 x\u01b0a v\u00e0 dai d\u1eb3ng. V\u00e0o \u0111\u00eam tr\u01b0\u1edbc b\u00ecnh minh c\u1ee7a H\u1ed3i gi\u00e1o, chi\u1ebfn tranh \u0111\u00e3 di\u1ec5n ra \u00e1c li\u1ec7t trong x\u00e3 h\u1ed9i ti\u1ec1n H\u1ed3i gi\u00e1o. Th\u1ef1c t\u1ebf, chi\u1ebfn tranh l\u00e0 ngu\u1ed3n thu nh\u1eadp th\u01b0\u1eddng xuy\u00ean c\u1ee7a ng\u01b0\u1eddi \u1ea2 R\u1eadp.<\/h1>\n<h1 style=\"text-align: center;\">C\u00e1c cu\u1ed9c chi\u1ebfn tranh ti\u1ec1n H\u1ed3i gi\u00e1o b\u00f9ng n\u1ed5 ch\u1ec9 v\u00ec ham mu\u1ed1n c\u01b0\u1edbp b\u00f3c, ho\u1eb7c \u0111\u1ec3 l\u00e0m nh\u1ee5c ng\u01b0\u1eddi kh\u00e1c, ho\u1eb7c v\u00ec nh\u1eefng l\u00fd do t\u1ea7m th\u01b0\u1eddng. Chi\u1ebfn tranh Basus, k\u00e9o d\u00e0i h\u00e0ng th\u1eadp k\u1ef7, b\u00f9ng n\u1ed5 v\u00ec m\u1ed9t con l\u1ea1c \u0111\u00e0 l\u00e0m v\u1ee1 tr\u1ee9ng, v\u00e0 Chi\u1ebfn tranh Dahis v\u00e0 Ghabra, v\u1ed1n t\u00e0n ph\u00e1 m\u1ecdi th\u1ee9, l\u1ea1i b\u1eaft ngu\u1ed3n t\u1eeb m\u1ed9t cu\u1ed9c \u0111ua gi\u1eefa hai con ng\u1ef1a.<\/h1>\n<h1 style=\"text-align: center;\">V\u00ec nh\u1eefng l\u00fd do n\u00e0y v\u00e0 nh\u1eefng l\u00fd do t\u01b0\u01a1ng t\u1ef1, chi\u1ebfn tranh \u0111\u00e3 n\u1ed5 ra v\u00e0o th\u1eddi k\u1ef3 ti\u1ec1n H\u1ed3i gi\u00e1o. H\u1ed3i gi\u00e1o \u0111\u00e3 thay \u0111\u1ed5i ti\u1ebfn tr\u00ecnh c\u1ee7a x\u00e3 h\u1ed9i \u0111\u00f3, ph\u00f3ng \u0111\u1ea1i v\u1ea5n \u0111\u1ec1 \u0111\u1ed5 m\u00e1u trong \u0111\u00f3, v\u00e0 khi\u1ebfn n\u00f3 c\u0103m gh\u00e9t chi\u1ebfn tranh. H\u1ed3i gi\u00e1o kh\u00f4ng \u0111i ng\u01b0\u1ee3c l\u1ea1i c\u00e1c quy lu\u1eadt v\u0169 tr\u1ee5. B\u1ea5t c\u00f4ng t\u1ed3n t\u1ea1i, c\u00f4ng l\u00fd t\u1ed3n t\u1ea1i, d\u1ed1i tr\u00e1 t\u1ed3n t\u1ea1i, v\u00e0 ch\u00e2n l\u00fd t\u1ed3n t\u1ea1i. Nh\u1eefng \u0111i\u1ec1u \u0111\u1ed1i l\u1eadp kh\u00f4ng th\u1ec3 t\u1ed3n t\u1ea1i m\u00e0 kh\u00f4ng \u0111\u1ea5u tranh v\u1edbi nhau. Allah To\u00e0n N\u0103ng ph\u00e1n: {V\u00e0 n\u1ebfu Allah kh\u00f4ng ki\u1ec1m ch\u1ebf m\u1ed9t s\u1ed1 ng\u01b0\u1eddi b\u1eb1ng nh\u1eefng ng\u01b0\u1eddi kh\u00e1c, th\u00ec c\u00e1c tu vi\u1ec7n, nh\u00e0 th\u1edd, gi\u00e1o \u0111\u01b0\u1eddng Do Th\u00e1i v\u00e0 th\u00e1nh \u0111\u01b0\u1eddng H\u1ed3i gi\u00e1o, n\u01a1i danh Allah \u0111\u01b0\u1ee3c nh\u1eafc \u0111\u1ebfn nhi\u1ec1u, \u0111\u00e3 b\u1ecb ph\u00e1 h\u1ee7y r\u1ed3i.} [Al-Hajj: 40]<\/h1>\n<h1 style=\"text-align: center;\">Chi\u1ebfn tranh, theo ng\u00f4n ng\u1eef v\u00e0 thu\u1eadt ng\u1eef, c\u00f3 ngh\u0129a l\u00e0 \u0111i ch\u1ec7ch kh\u1ecfi nguy\u00ean t\u1eafc ban \u0111\u1ea7u, \u0111\u00f3 l\u00e0 h\u00f2a b\u00ecnh, y\u00ean t\u0129nh, \u1ed5n \u0111\u1ecbnh, an ninh v\u00e0 an to\u00e0n cho t\u00e2m h\u1ed3n, b\u1ea3n th\u00e2n, tinh th\u1ea7n, c\u01a1 th\u1ec3, c\u1ee7a c\u1ea3i, con c\u00e1i v\u00e0 m\u1ecdi th\u1ee9 t\u1ed3n t\u1ea1i trong cu\u1ed9c s\u1ed1ng \u0111\u1ec3 th\u1ef1c hi\u1ec7n ch\u1ee9c n\u0103ng m\u00e0 n\u00f3 \u0111\u01b0\u1ee3c t\u1ea1o ra cho ch\u00ednh n\u00f3 ho\u1eb7c v\u00ec l\u1ee3i \u00edch c\u1ee7a nh\u1eefng ng\u01b0\u1eddi kh\u00e1c trong s\u00e1ng t\u1ea1o c\u1ee7a Ch\u00faa. Do \u0111\u00f3, chi\u1ebfn tranh bao g\u1ed3m vi\u1ec7c t\u1ea5n c\u00f4ng v\u00e0o b\u1ea3n ng\u00e3 b\u1ea5t kh\u1ea3 x\u00e2m ph\u1ea1m m\u00e0 kh\u00f4ng c\u00f3 quy\u1ec1n, d\u00f9 b\u1eb1ng c\u00e1ch gi\u1ebft ch\u00f3c hay b\u1eb1ng c\u00e1ch kh\u00e1c, theo c\u00e1ch \u1ea3nh h\u01b0\u1edfng ti\u00eau c\u1ef1c \u0111\u1ebfn s\u1ef1 b\u1ea5t kh\u1ea3 x\u00e2m ph\u1ea1m c\u1ee7a ng\u01b0\u1eddi b\u1ecb t\u1ea5n c\u00f4ng v\u00e0 kh\u1ee7ng b\u1ed1 s\u1ef1 an ninh v\u1eadt ch\u1ea5t v\u00e0 s\u1ef1 b\u00ecnh y\u00ean t\u00e2m l\u00fd c\u1ee7a ng\u01b0\u1eddi \u0111\u00f3, b\u1ea5t k\u1ec3 m\u1ee9c \u0111\u1ed9 t\u1ea5n c\u00f4ng n\u00e0y, n\u1ebfu \u0111\u00f3 l\u00e0 s\u1ef1 x\u00e2m l\u01b0\u1ee3c v\u00e0 b\u1ea5t c\u00f4ng. N\u1ebfu ban \u0111\u1ea7u n\u00f3 \u0111\u1ebfn t\u1eeb nh\u1eefng ng\u01b0\u1eddi kh\u00e1c, th\u00ec n\u00f3 c\u00f3 th\u1ec3 \u0111\u01b0\u1ee3c t\u01b0\u1edfng t\u01b0\u1ee3ng v\u1edbi b\u1ea3n th\u00e2n v\u00e0 b\u1ea3n th\u00e2n ch\u1ed1ng l\u1ea1i b\u1ea3n th\u00e2n, b\u1edfi ng\u01b0\u1eddi th\u1ef1c hi\u1ec7n c\u00e1c h\u00e0nh \u0111\u1ed9ng v\u00e0 t\u1ed9i l\u1ed7i khi\u1ebfn anh ta r\u01a1i v\u00e0o v\u00f2ng xo\u00e1y c\u1ee7a s\u1ef1 tha h\u00f3a v\u00e0 h\u1ee7y di\u1ec7t, cho d\u00f9 \u0111\u00f3 l\u00e0 to\u00e0n b\u1ed9 hay m\u1ed9t ph\u1ea7n v\u00e0 cho d\u00f9 \u0111\u00f3 l\u00e0 theo c\u00e1ch t\u00edch c\u1ef1c hay ti\u00eau c\u1ef1c.<\/h1>\n<h1 style=\"text-align: center;\">\u0110i\u1ec1u quan tr\u1ecdng \u1edf \u0111\u00e2y l\u00e0 ph\u1ea3i gi\u1ea3i th\u00edch quan \u0111i\u1ec3m c\u1ee7a H\u1ed3i gi\u00e1o v\u1ec1 chi\u1ebfn tranh v\u00e0 t\u00f3m t\u1eaft kh\u00e1i ni\u1ec7m n\u00e0y th\u00e0nh m\u1ed9t s\u1ed1 \u0111i\u1ec3m ch\u00ednh:<\/h1>\n<h1 style=\"text-align: center;\">Th\u1ee9 nh\u1ea5t: H\u00f2a b\u00ecnh l\u00e0 m\u1ee5c ti\u00eau v\u00e0 m\u1ee5c \u0111\u00edch. Chi\u1ebfn tranh l\u00e0 m\u1ed9t trong nh\u1eefng ph\u01b0\u01a1ng ti\u1ec7n \u0111\u1ec3 \u0111\u1ea1t \u0111\u01b0\u1ee3c h\u00f2a b\u00ecnh. Kinh Qur&#039;an n\u00f3i v\u1ec1 \u0111i\u1ec1u n\u00e0y:<\/h1>\n<h1 style=\"text-align: center;\">- \u201cH\u1ee1i nh\u1eefng ng\u01b0\u1eddi c\u00f3 \u0111\u1ee9c tin, h\u00e3y gia nh\u1eadp Islam m\u1ed9t c\u00e1ch tr\u1ecdn v\u1eb9n.\u201d [Al-Baqarah: 208]<\/h1>\n<h1 style=\"text-align: center;\">- \u201cNh\u01b0ng n\u1ebfu h\u1ecd mu\u1ed1n h\u00f2a b\u00ecnh th\u00ec h\u00e3y h\u01b0\u1edbng v\u1ec1 \u0111i\u1ec1u \u0111\u00f3 v\u00e0 ph\u00f3 th\u00e1c cho Allah. Qu\u1ea3 th\u1eadt, Ng\u00e0i l\u00e0 \u0110\u1ea5ng H\u1eb1ng Nghe v\u00e0 H\u1eb1ng Bi\u1ebft.\u201d [Al-Anfal: 61]<\/h1>\n<h1 style=\"text-align: center;\">- \u201cV\u00e0 h\u00e3y chi\u1ebfn \u0111\u1ea5u v\u00ec con \u0111\u01b0\u1eddng c\u1ee7a Allah v\u1edbi nh\u1eefng k\u1ebb ch\u1ed1ng \u0111\u1ed1i c\u00e1c ng\u01b0\u01a1i nh\u01b0ng kh\u00f4ng ph\u1ea1m t\u1ed9i. Qu\u1ea3 th\u1eadt, Allah kh\u00f4ng \u01b0a nh\u1eefng k\u1ebb ph\u1ea1m t\u1ed9i.\u201d<\/h1>\n<h1 style=\"text-align: center;\">[Al-Baqarah: 190].<\/h1>\n<h1 style=\"text-align: center;\">- \ufd3fNh\u01b0ng n\u1ebfu ch\u00fang r\u00fat lui kh\u1ecfi c\u00e1c ng\u01b0\u01a1i, kh\u00f4ng giao chi\u1ebfn v\u1edbi c\u00e1c ng\u01b0\u01a1i v\u00e0 kh\u00f4ng c\u1ea7u h\u00f2a v\u1edbi c\u00e1c ng\u01b0\u01a1i, th\u00ec Allah kh\u00f4ng cho c\u00e1c ng\u01b0\u01a1i b\u1ea5t k\u1ef3 c\u00e1ch n\u00e0o \u0111\u1ec3 ch\u1ed1ng l\u1ea1i ch\u00fang.\ufd3e<\/h1>\n<h1 style=\"text-align: center;\">[Ph\u1ee5 n\u1eef: 90].<\/h1>\n<h1 style=\"text-align: center;\">Th\u1ee9 hai: C\u00f3 hai lo\u1ea1i chi\u1ebfn tranh trong H\u1ed3i gi\u00e1o:<\/h1>\n<h1 style=\"text-align: center;\">1- Ph\u00f2ng th\u1ee7: b\u1ea3o v\u1ec7 \u0111\u1ea5t \u0111ai c\u1ee7a ng\u01b0\u1eddi H\u1ed3i gi\u00e1o v\u00e0 \u0111\u1ee9c tin c\u1ee7a h\u1ecd. Kinh Qur&#039;an n\u00f3i v\u1ec1 \u0111i\u1ec1u n\u00e0y:<\/h1>\n<h1 style=\"text-align: center;\">- \u201cV\u00ec v\u1eady, b\u1ea5t k\u1ef3 ai vi ph\u1ea1m c\u00e1c ng\u01b0\u01a1i, h\u00e3y vi ph\u1ea1m t\u01b0\u01a1ng \u1ee9ng v\u1edbi m\u1ee9c \u0111\u1ed9 vi ph\u1ea1m c\u1ee7a h\u1ecd \u0111\u1ed1i v\u1edbi c\u00e1c ng\u01b0\u01a1i.\u201d [Al-Baqarah: 194]<\/h1>\n<h1 style=\"text-align: center;\">2- T\u1ea5n c\u00f4ng: M\u1ee5c ti\u00eau c\u1ee7a n\u00f3 kh\u00f4ng ph\u1ea3i l\u00e0 x\u00e2m l\u01b0\u1ee3c, \u0111\u00f4 h\u1ed9, n\u00f4 d\u1ecbch c\u00e1c d\u00e2n t\u1ed9c, hay \u00e9p bu\u1ed9c c\u00e1c qu\u1ed1c gia ph\u1ea3i theo t\u00f4n gi\u00e1o, m\u00e0 l\u00e0 gi\u1ea3i ph\u00f3ng \u00fd ch\u00ed v\u00e0 t\u1ef1 do c\u1ee7a h\u1ecd \u0111\u1ec3 h\u1ecd c\u00f3 th\u1ec3 l\u1ef1a ch\u1ecdn t\u00f4n gi\u00e1o ch\u00e2n ch\u00ednh... m\u00e0 kh\u00f4ng b\u1ecb \u00e9p bu\u1ed9c b\u1edfi nh\u1eefng k\u1ebb th\u1ed1ng tr\u1ecb hay x\u00e2m l\u01b0\u1ee3c. V\u1ec1 v\u1ea5n \u0111\u1ec1 n\u00e0y, Th\u01b0\u1ee3ng \u0110\u1ebf To\u00e0n N\u0103ng ph\u00e1n:<\/h1>\n<h1 style=\"text-align: center;\">- \u201cTrong t\u00f4n gi\u00e1o kh\u00f4ng c\u00f3 s\u1ef1 \u00e9p bu\u1ed9c. Con \u0111\u01b0\u1eddng \u0111\u00fang \u0111\u1eafn \u0111\u00e3 tr\u1edf n\u00ean kh\u00e1c bi\u1ec7t v\u1edbi con \u0111\u01b0\u1eddng sai tr\u00e1i.\u201d [Al-Baqarah: 256]<\/h1>\n<h1 style=\"text-align: center;\">- \u201cV\u00e0 n\u1ebfu Allah kh\u00f4ng ki\u1ec3m so\u00e1t m\u1ed9t s\u1ed1 ng\u01b0\u1eddi th\u00f4ng qua nh\u1eefng ng\u01b0\u1eddi kh\u00e1c th\u00ec tr\u00e1i \u0111\u1ea5t \u0111\u00e3 b\u1ecb h\u01b0 h\u1ecfng r\u1ed3i.\u201d [Al-Baqarah: 251]<\/h1>\n<h1 style=\"text-align: center;\">Th\u1ee9 ba: C\u01b0\u1eddng \u0111\u1ed9 chi\u1ebfn \u0111\u1ea5u kh\u00f4ng c\u00f3 ngh\u0129a l\u00e0 t\u00e0n \u00e1c, hung b\u1ea1o hay b\u1ea5t c\u00f4ng.<\/h1>\n<h1 style=\"text-align: center;\">1- Ng\u01b0\u1eddi H\u1ed3i gi\u00e1o \u0111\u01b0\u1ee3c l\u1ec7nh ph\u1ea3i chi\u1ebfn \u0111\u1ea5u h\u1ebft m\u00ecnh, ngh\u0129a l\u00e0 ph\u1ea3i ki\u00ean quy\u1ebft, v\u1eefng v\u00e0ng v\u00e0 kh\u00f4ng \u0111\u01b0\u1ee3c r\u00fat lui. Th\u01b0\u1ee3ng \u0110\u1ebf To\u00e0n N\u0103ng ph\u00e1n:<\/h1>\n<h1 style=\"text-align: center;\">- \u201cH\u1ee1i nh\u1eefng ng\u01b0\u1eddi c\u00f3 \u0111\u1ee9c tin, khi c\u00e1c ng\u01b0\u01a1i g\u1eb7p nh\u1eefng k\u1ebb kh\u00f4ng c\u00f3 \u0111\u1ee9c tin \u0111ang ti\u1ebfn qu\u00e2n [trong tr\u1eadn chi\u1ebfn], th\u00ec ch\u1edb quay l\u01b0ng l\u1ea1i v\u1edbi ch\u00fang.\u201d [Al-Anfal: 15]<\/h1>\n<h1 style=\"text-align: center;\">- V\u1eady n\u00ean khi g\u1eb7p nh\u1eefng k\u1ebb kh\u00f4ng tin [trong tr\u1eadn chi\u1ebfn], h\u00e3y \u0111\u00e1nh v\u00e0o c\u1ed5 [ch\u00fang] cho \u0111\u1ebfn khi, khi \u0111\u00e3 gi\u1ebft ch\u1ebft ch\u00fang, th\u00ec h\u00e3y tr\u00f3i ch\u1eb7t [ch\u00fang] l\u1ea1i.<\/h1>\n<h1 style=\"text-align: center;\">[Muhammad: 47].<\/h1>\n<h1 style=\"text-align: center;\">- \u201cH\u1ee1i \u0110\u1ea5ng Ti\u00ean Tri, h\u00e3y chi\u1ebfn \u0111\u1ea5u ch\u1ed1ng l\u1ea1i nh\u1eefng k\u1ebb v\u00f4 \u0111\u1ee9c tin v\u00e0 nh\u1eefng k\u1ebb \u0111\u1ea1o \u0111\u1ee9c gi\u1ea3 v\u00e0 h\u00e3y nghi\u00eam kh\u1eafc v\u1edbi ch\u00fang.\u201d [At-Tawbah: 73]<\/h1>\n<h1 style=\"text-align: center;\">2- \u0110\u1ed3ng th\u1eddi, h\u1ecd \u0111\u01b0\u1ee3c l\u1ec7nh ph\u1ea3i nh\u00e2n t\u1eeb, c\u00f4ng b\u1eb1ng v\u00e0 t\u1eed t\u1ebf sau khi chi\u1ebfn th\u1eafng. \u0110\u1ee9c Ch\u00faa Tr\u1eddi To\u00e0n N\u0103ng ph\u00e1n:<\/h1>\n<h1 style=\"text-align: center;\">- \u201cV\u00e0 h\u1ecd v\u1eabn cho th\u1ee9c \u0103n, m\u1eb7c d\u00f9 h\u1ecd y\u00eau th\u00edch n\u00f3, cho ng\u01b0\u1eddi ngh\u00e8o, tr\u1ebb m\u1ed3 c\u00f4i v\u00e0 ng\u01b0\u1eddi b\u1ecb giam c\u1ea7m.\u201d [Al-Insan: 8]<\/h1>\n<h1 style=\"text-align: center;\">- \u201cSau \u0111\u00f3, ho\u1eb7c l\u00e0 m\u1ed9t \u00e2n hu\u1ec7 ho\u1eb7c m\u1ed9t kho\u1ea3n ti\u1ec1n chu\u1ed9c cho \u0111\u1ebfn khi chi\u1ebfn tranh l\u1eafng xu\u1ed1ng.\u201d [Muhammad: 47]<\/h1>\n<h1 style=\"text-align: center;\">\u0110\u00e2y l\u00e0 kh\u00eda c\u1ea1nh t\u01b0 t\u01b0\u1edfng, v\u00e0 ch\u00fang t\u00f4i \u0111\u00e3 n\u00f3i r\u1ea5t ng\u1eafn g\u1ecdn. C\u00f2n m\u1ed9t kh\u00eda c\u1ea1nh kh\u00e1c v\u1eabn c\u00f2n \u0111\u00f3, \u0111\u00f3 l\u00e0 kh\u00eda c\u1ea1nh th\u1ef1c ti\u1ec5n c\u1ee7a ho\u1ea1t \u0111\u1ed9ng qu\u00e2n s\u1ef1 H\u1ed3i gi\u00e1o.<\/h1>\n<h1 style=\"text-align: center;\">Khi m\u1ec7nh l\u1ec7nh th\u00e1nh chi\u1ebfn c\u1ee7a Allah \u0111\u01b0\u1ee3c m\u1eb7c kh\u1ea3i cho ng\u01b0\u1eddi H\u1ed3i gi\u00e1o, Ng\u00e0i kh\u00f4ng \u0111\u1ec3 h\u1ecd t\u1ef1 do v\u1edbi \u0111\u1ee9c tin c\u1ee7a m\u00ecnh, c\u0169ng kh\u00f4ng h\u00e0i l\u00f2ng v\u1edbi tinh th\u1ea7n cao th\u01b0\u1ee3ng c\u1ee7a h\u1ecd. Thay v\u00e0o \u0111\u00f3, Ng\u00e0i ph\u00e1n v\u1edbi h\u1ecd: &quot;H\u00e3y chu\u1ea9n b\u1ecb m\u1ecdi th\u1ee9 s\u1ee9c m\u1ea1nh v\u00e0 chi\u1ebfn m\u00e3 m\u00e0 c\u00e1c ng\u01b0\u01a1i c\u00f3 th\u1ec3 d\u00f9ng \u0111\u1ec3 ch\u1ed1ng l\u1ea1i ch\u00fang, \u0111\u1ec3 c\u00e1c ng\u01b0\u01a1i c\u00f3 th\u1ec3 khi\u1ebfn k\u1ebb th\u00f9 c\u1ee7a Allah v\u00e0 k\u1ebb th\u00f9 c\u1ee7a c\u00e1c ng\u01b0\u01a1i khi\u1ebfp s\u1ee3.&quot; [Al-Anfal: 60] M\u1ec7nh l\u1ec7nh chu\u1ea9n b\u1ecb \u1edf \u0111\u00e2y kh\u00f4ng ch\u1ec9 gi\u1edbi h\u1ea1n \u1edf v\u0169 kh\u00ed. M\u00e0 c\u00f2n bao g\u1ed3m c\u1ea3 vi\u1ec7c t\u1ed5 ch\u1ee9c chi\u1ebfn tranh to\u00e0n di\u1ec7n v\u00e0 li\u00ean t\u1ee5c, c\u1ea3 v\u1ec1 v\u1eadt ch\u1ea5t l\u1eabn tinh th\u1ea7n, b\u1eaft \u0111\u1ea7u t\u1eeb vi\u1ec7c d\u1ea1y k\u1ef7 lu\u1eadt, t\u1ed5 ch\u1ee9c v\u00e0 tr\u1eadt t\u1ef1, \u0111\u1ebfn hu\u1ea5n luy\u1ec7n li\u00ean t\u1ee5c v\u1ec1 t\u1ea5t c\u1ea3 c\u00e1c lo\u1ea1i v\u0169 kh\u00ed, nghi\u00ean c\u1ee9u k\u1ebf ho\u1ea1ch chi\u1ebfn tranh, hi\u1ec3u bi\u1ebft \u0111\u1ecba l\u00fd c\u00e1c khu v\u1ef1c v\u00e0 \u0111\u1ecba \u0111i\u1ec3m. Sau \u0111\u00f3, l\u00e0 s\u1ef1 khao kh\u00e1t s\u1edf h\u1eefu v\u0169 kh\u00ed hi\u1ec7n \u0111\u1ea1i v\u00e0 ti\u00ean ti\u1ebfn v\u00e0 hu\u1ea5n luy\u1ec7n s\u1eed d\u1ee5ng ch\u00fang. Ngay t\u1eeb kho\u1ea3nh kh\u1eafc \u0111\u1ea7u ti\u00ean m\u1ec7nh l\u1ec7nh th\u00e1nh chi\u1ebfn \u0111\u01b0\u1ee3c m\u1eb7c kh\u1ea3i, S\u1ee9 gi\u1ea3, c\u1ea7u xin Allah ban ph\u01b0\u1edbc l\u00e0nh v\u00e0 b\u00ecnh an cho Ng\u00e0i, \u0111\u00e3 b\u1eaft \u0111\u1ea7u d\u1ea1y d\u1ed7 c\u00e1c t\u00edn \u0111\u1ed3 c\u1ee7a m\u00ecnh v\u00e0 chu\u1ea9n b\u1ecb cho h\u1ecd b\u01b0\u1edbc kh\u1edfi \u0111\u1ea7u v\u0129 \u0111\u1ea1i \u0111\u1ec3 truy\u1ec1n b\u00e1 t\u00f4n gi\u00e1o \u0111\u1ebfn nh\u1eefng v\u00f9ng \u0111\u1ea5t xa x\u00f4i nh\u1ea5t tr\u00ean tr\u00e1i \u0111\u1ea5t. Qu\u1ea3 th\u1eadt, nh\u1eefng l\u1eddi d\u1ea1y c\u1ee7a Ng\u00e0i, c\u1ea7u xin Allah ban ph\u01b0\u1edbc l\u00e0nh v\u00e0 b\u00ecnh an cho Ng\u00e0i, gi\u1ed1ng nh\u01b0 m\u1ed9t tr\u01b0\u1eddng h\u1ecdc \u0111\u00e0o t\u1ea1o c\u00e1c nh\u00e0 l\u00e3nh \u0111\u1ea1o t\u1ed1t nghi\u1ec7p. Nh\u1eefng vi\u00ean \u0111\u00e1 qu\u00fd \u0111\u01b0\u1ee3c l\u01b0u gi\u1eef qua c\u00e1c th\u1eddi \u0111\u1ea1i v\u00e0 th\u1ebf h\u1ec7.<\/h1>\n<h1 style=\"text-align: center;\">Trong cu\u1ed1n s\u00e1ch n\u00e0y, ch\u00fang ta s\u1ebd xem x\u00e9t l\u00fd thuy\u1ebft chi\u1ebfn tranh trong H\u1ed3i gi\u00e1o d\u01b0\u1edbi m\u1ecdi kh\u00eda c\u1ea1nh. T\u00f4i hy v\u1ecdng nh\u1eefng g\u00ec t\u00f4i vi\u1ebft s\u1ebd l\u00e0 h\u00ecnh m\u1eabu cho nh\u1eefng g\u00ec t\u00f4i v\u00e0 c\u00e1c h\u1ecdc gi\u1ea3 mong mu\u1ed1n khi nghi\u00ean c\u1ee9u c\u00e1c s\u1ef1 ki\u1ec7n trong l\u1ecbch s\u1eed qu\u00e2n s\u1ef1 c\u1ee7a ch\u00fang ta.<\/h1>\n<h1 style=\"text-align: center;\">T\u00f4i kh\u00f4ng c\u1ea7n b\u1ea5t k\u1ef3 b\u00ecnh lu\u1eadn n\u00e0o \u0111\u1ec3 l\u1ea5p \u0111\u1ea7y kho\u1ea3ng tr\u1ed1ng v\u1ed1n l\u00e0 m\u1ed9t ph\u1ea7n c\u1ee7a b\u1ea3n ch\u1ea5t con ng\u01b0\u1eddi. T\u00f4i xin g\u1eedi l\u1eddi c\u1ea3m \u01a1n tr\u01b0\u1edbc \u0111\u1ebfn t\u1ea5t c\u1ea3 nh\u1eefng ai \u0111\u00e3 \u0111\u00f3ng g\u00f3p \u00fd ki\u1ebfn h\u1eefu \u00edch ho\u1eb7c \u0111\u00e3 kh\u00f4ng b\u1ecf qua l\u1eddi c\u1ea7u nguy\u1ec7n ch\u00e2n th\u00e0nh c\u1ee7a t\u00f4i khi v\u1eafng m\u1eb7t. C\u1ea7u xin Th\u01b0\u1ee3ng \u0110\u1ebf c\u1ea3i thi\u1ec7n \u0111i\u1ec1u ki\u1ec7n s\u1ed1ng c\u1ee7a ng\u01b0\u1eddi H\u1ed3i gi\u00e1o v\u00e0 b\u1ea3o v\u1ec7 h\u1ecd kh\u1ecfi \u0111i\u1ec1u \u00e1c v\u00e0 tai \u01b0\u01a1ng. C\u1ea7u xin Th\u01b0\u1ee3ng \u0110\u1ebf ban cho \u0110\u1ee9c Muhammad, b\u1eadc th\u1ea7y c\u1ee7a ch\u00fang ta, l\u1eddi c\u1ea7u nguy\u1ec7n v\u00e0 s\u1ef1 b\u00ecnh an, c\u1ea7u xin Th\u01b0\u1ee3ng \u0110\u1ebf ban ph\u01b0\u1edbc l\u00e0nh v\u00e0 ban cho Ng\u01b0\u1eddi s\u1ef1 b\u00ecnh an.<\/h1>\n<h1 style=\"text-align: center;\">Cu\u1ed1i c\u00f9ng, t\u00f4i c\u1ea7u xin Ch\u00faa to\u00e0n n\u0103ng l\u00e0m cho c\u00f4ng vi\u1ec7c c\u1ee7a t\u00f4i th\u00e0nh t\u00e2m v\u00ec Ng\u00e0i v\u00e0 ban th\u01b0\u1edfng cho t\u00f4i cho m\u1ed7i l\u1eddi t\u00f4i \u0111\u00e3 vi\u1ebft v\u00e0 c\u00e2n nh\u1eafc nh\u1eefng vi\u1ec7c l\u00e0m t\u1ed1t c\u1ee7a t\u00f4i v\u00e0 ban th\u01b0\u1edfng cho nh\u1eefng ng\u01b0\u1eddi anh em \u0111\u00e3 gi\u00fap \u0111\u1ee1 t\u00f4i m\u1ecdi th\u1ee9 h\u1ecd c\u00f3 \u0111\u1ec3 ho\u00e0n th\u00e0nh cu\u1ed1n s\u00e1ch n\u00e0y.<\/h1>\n<h1 style=\"text-align: center;\">\u201cL\u1ea1y Ch\u00faa, vinh quang v\u00e0 ng\u1ee3i khen Ch\u00faa. Con xin ch\u1ee9ng th\u1ef1c r\u1eb1ng kh\u00f4ng c\u00f3 th\u1ea7n n\u00e0o kh\u00e1c ngo\u00e0i Ch\u00faa. Con c\u1ea7u xin Ch\u00faa tha th\u1ee9 v\u00e0 \u0103n n\u0103n c\u00f9ng Ch\u00faa. V\u00e0 l\u1eddi c\u1ea7u nguy\u1ec7n cu\u1ed1i c\u00f9ng c\u1ee7a ch\u00fang con l\u00e0: M\u1ecdi l\u1eddi ng\u1ee3i khen \u0111\u1ec1u thu\u1ed9c v\u1ec1 Ch\u00faa, Ch\u00faa T\u1ec3 c\u1ee7a v\u0169 tr\u1ee5.\u201d<\/h1>\n<h1 style=\"text-align: center;\">Ng\u01b0\u1eddi ngh\u00e8o c\u1ea7n s\u1ef1 tha th\u1ee9 v\u00e0 tha th\u1ee9 c\u1ee7a Ch\u00faa<\/h1>\n<h1 style=\"text-align: center;\">Tamer Badr<\/h1>\n<h1 style=\"text-align: center;\">8 Ramadan 1440 AH<\/h1>\n<h1 style=\"text-align: center;\">Ng\u00e0y 13 th\u00e1ng 5 n\u0103m 2019<\/h1>","protected":false},"excerpt":{"rendered":"<p>\u0645\u0642\u062f\u0645\u0629 \u0643\u062a\u0627\u0628 \u0627\u0644\u0627\u0633\u0644\u0627\u0645 \u0648\u0627\u0644\u062d\u0631\u0628 \u0625\u0646 \u0627\u0644\u062d\u0631\u0628 \u0633\u0646\u0629 \u0643\u0648\u0646\u064a\u0629 \u0648\u0642\u062f\u0631 \u0625\u0644\u0647\u064a \u0644\u0627 \u064a\u062e\u0644\u0648 \u0645\u0646\u0647 \u0632\u0645\u0627\u0646 \u0623\u0648 \u0645\u0643\u0627\u0646\u060c \u0641\u0627\u0644\u062d\u0642 \u0648\u0627\u0644\u0628\u0627\u0637\u0644 \u0641\u064a \u0635\u0631\u0627\u0639 \u062f\u0627\u0626\u0645 \u0648\u0642\u062f\u064a\u0645 \u0648\u0645\u0633\u062a\u0645\u0631\u060c \u0648\u0639\u0634\u064a\u0629 \u0628\u0632\u0648\u063a \u0641\u062c\u0631 \u0627\u0644\u0625\u0633\u0644\u0627\u0645 \u0643\u0627\u0646\u062a \u0627\u0644\u062d\u0631\u0648\u0628 \u0641\u064a \u0627\u0644\u0645\u062c\u062a\u0645\u0639 \u0627\u0644\u062c\u0627\u0647\u0644\u064a \u0642\u0627\u0626\u0645\u0629 \u0639\u0644\u0649 \u0642\u062f\u0645 \u0648\u0633\u0627\u0642\u060c \u0628\u0644 \u0643\u0627\u0646\u062a \u0627\u0644\u062d\u0631\u0628 \u0645\u0646 \u0645\u0635\u0627\u062f\u0631 \u0627\u0644\u062f\u062e\u0644 \u0627\u0644\u062b\u0627\u0628\u062a\u0629 \u0639\u0646\u062f \u0627\u0644\u0639\u0631\u0628. \u0648\u062d\u0631\u0648\u0628 \u0627\u0644\u062c\u0627\u0647\u0644\u064a\u0629 \u0643\u0627\u0646\u062a \u062a\u0646\u0634\u0628 \u0644\u0645\u062c\u0631\u062f \u0627\u0644\u0631\u063a\u0628\u0629 \u0641\u064a \u0627\u0644\u0633\u0644\u0628 \u0648\u0627\u0644\u0646\u0647\u0628 \u0623\u0648 [&hellip;]<\/p>","protected":false},"featured_media":19687,"comment_status":"open","ping_status":"closed","template":"","meta":{"_seopress_robots_primary_cat":"","_seopress_titles_title":"","_seopress_titles_desc":"","_seopress_robots_index":"","inline_featured_image":false,"_uf_show_specific_survey":0,"_uf_disable_surveys":false},"product_brand":[],"product_cat":[189],"product_tag":[],"class_list":{"0":"post-19583","1":"product","2":"type-product","3":"status-publish","4":"has-post-thumbnail","6":"product_cat-189","8":"first","9":"instock","10":"downloadable","11":"shipping-taxable","12":"purchasable","13":"product-type-simple"},"_links":{"self":[{"href":"https:\/\/tamerbadr.com\/vi\/wp-json\/wp\/v2\/product\/19583","targetHints":{"allow":["GET"]}}],"collection":[{"href":"https:\/\/tamerbadr.com\/vi\/wp-json\/wp\/v2\/product"}],"about":[{"href":"https:\/\/tamerbadr.com\/vi\/wp-json\/wp\/v2\/types\/product"}],"replies":[{"embeddable":true,"href":"https:\/\/tamerbadr.com\/vi\/wp-json\/wp\/v2\/comments?post=19583"}],"wp:featuredmedia":[{"embeddable":true,"href":"https:\/\/tamerbadr.com\/vi\/wp-json\/wp\/v2\/media\/19687"}],"wp:attachment":[{"href":"https:\/\/tamerbadr.com\/vi\/wp-json\/wp\/v2\/media?parent=19583"}],"wp:term":[{"taxonomy":"product_brand","embeddable":true,"href":"https:\/\/tamerbadr.com\/vi\/wp-json\/wp\/v2\/product_brand?post=19583"},{"taxonomy":"product_cat","embeddable":true,"href":"https:\/\/tamerbadr.com\/vi\/wp-json\/wp\/v2\/product_cat?post=19583"},{"taxonomy":"product_tag","embeddable":true,"href":"https:\/\/tamerbadr.com\/vi\/wp-json\/wp\/v2\/product_tag?post=19583"}],"curies":[{"name":"wp","href":"https:\/\/api.w.org\/{rel}","templated":true}]}}