{"id":19581,"date":"2025-03-16T21:53:58","date_gmt":"2025-03-16T21:53:58","guid":{"rendered":"https:\/\/white-ant-267257.hostingersite.com\/?post_type=product&#038;p=19581"},"modified":"2025-07-13T07:21:59","modified_gmt":"2025-07-13T07:21:59","slug":"unforgettable-leaders-book","status":"publish","type":"product","link":"https:\/\/tamerbadr.com\/vi\/san-pham\/unforgettable-leaders-book","title":{"rendered":"S\u00e1ch Nh\u1eefng Nh\u00e0 L\u00e3nh \u0110\u1ea1o Kh\u00f4ng Th\u1ec3 Qu\u00ean"},"content":{"rendered":"<h1 style=\"text-align: center;\"><strong>L\u1eddi gi\u1edbi thi\u1ec7u c\u1ee7a Gi\u00e1o s\u01b0 Ti\u1ebfn s\u0129 Ragheb El-Sergany v\u1ec1 cu\u1ed1n s\u00e1ch Nh\u1eefng nh\u00e0 l\u00e3nh \u0111\u1ea1o kh\u00f4ng th\u1ec3 n\u00e0o qu\u00ean<\/strong><\/h1>\n<h1 style=\"text-align: center;\">Trong l\u1ecbch s\u1eed c\u1ee7a qu\u1ed1c gia H\u1ed3i gi\u00e1o c\u00f3 nh\u1eefng ng\u01b0\u1eddi \u0111\u00e3 soi s\u00e1ng l\u1ecbch s\u1eed cho nh\u1eefng th\u1ebf h\u1ec7 sau, nh\u1eefng ng\u01b0\u1eddi \u0111\u00e3 th\u1ec3 hi\u1ec7n m\u00ecnh trong m\u1ecdi l\u0129nh v\u1ef1c.<\/h1>\n<h1 style=\"text-align: center;\">C\u00f3 l\u1ebd b\u1ea1n s\u1ebd kh\u00f4ng t\u00ecm th\u1ea5y trong l\u1ecbch s\u1eed c\u1ee7a b\u1ea5t k\u1ef3 qu\u1ed1c gia n\u00e0o nhi\u1ec1u nh\u00e2n v\u1eadt l\u1ed7i l\u1ea1c nh\u01b0 v\u1eady. D\u1ef1a tr\u00ean l\u1eddi c\u1ee7a Ibn Umar, c\u1ea7u xin Allah h\u00e0i l\u00f2ng v\u1edbi \u00f4ng, ng\u01b0\u1eddi \u0111\u00e3 n\u00f3i: S\u1ee9 gi\u1ea3 c\u1ee7a Allah, c\u1ea7u xin Allah ban ph\u01b0\u1edbc l\u00e0nh v\u00e0 b\u00ecnh an cho Ng\u01b0\u1eddi, \u0111\u00e3 n\u00f3i: &quot;C\u00e1c ng\u01b0\u01a1i s\u1ebd th\u1ea5y ng\u01b0\u1eddi ta t\u1ee5 t\u1eadp \u1edf h\u00e0ng tr\u0103m n\u01a1i, nh\u01b0ng kh\u00f4ng m\u1ed9t ai t\u00ecm th\u1ea5y m\u1ed9t con ng\u1ef1a gi\u1eefa h\u1ecd.&quot; Al-Bukhari v\u00e0 Muslim thu\u1eadt l\u1ea1i.<\/h1>\n<h1 style=\"text-align: center;\">V\u00ec v\u1eady, nh\u1eefng ng\u01b0\u1eddi \u0111\u00e0n \u00f4ng l\u1ed7i l\u1ea1c trong l\u1ecbch s\u1eed n\u00f3i chung l\u00e0 r\u1ea5t \u00edt, nh\u01b0ng nhi\u1ec1u ng\u01b0\u1eddi trong s\u1ed1 \u00edt n\u00e0y \u0111\u00e3 xu\u1ea5t hi\u1ec7n v\u00e0 th\u00e0nh c\u00f4ng trong l\u1ecbch s\u1eed H\u1ed3i gi\u00e1o v\u00e0 n\u1ec1n v\u0103n minh H\u1ed3i gi\u00e1o.<\/h1>\n<h1 style=\"text-align: center;\">Nh\u00e0 n\u01b0\u1edbc H\u1ed3i gi\u00e1o \u0111\u01b0\u1ee3c sinh ra t\u1eeb nh\u1eefng chi\u1ebfn binh Mujahideen d\u0169ng c\u1ea3m, anh h\u00f9ng. L\u1ecbch s\u1eed H\u1ed3i gi\u00e1o \u0111\u00e3 ch\u1ee9ng ki\u1ebfn bi\u1ebft bao nh\u00e0 l\u00e3nh \u0111\u1ea1o xu\u1ea5t hi\u1ec7n v\u00e0 d\u1eabn d\u1eaft qu\u00e2n \u0111\u1ed9i H\u1ed3i gi\u00e1o \u0111\u1ebfn nh\u1eefng chi\u1ebfn th\u1eafng v\u0129 \u0111\u1ea1i, nh\u1edd v\u00e0o Th\u01b0\u1ee3ng \u0111\u1ebf To\u00e0n n\u0103ng, v\u00e0 sau \u0111\u00f3 l\u00e0 nh\u1edd v\u00e0o thi\u00ean t\u00e0i v\u00e0 l\u00f2ng d\u0169ng c\u1ea3m c\u1ee7a h\u1ecd!<\/h1>\n<h1 style=\"text-align: center;\">Tu\u1ed5i t\u00e1c kh\u00f4ng ph\u1ea3i l\u00e0 y\u1ebfu t\u1ed1 quy\u1ebft \u0111\u1ecbnh c\u00e1c nh\u00e0 l\u00e3nh \u0111\u1ea1o H\u1ed3i gi\u00e1o, m\u00e0 l\u00e0 n\u0103ng l\u1ef1c v\u00e0 kh\u1ea3 n\u0103ng. S\u1ee9 gi\u1ea3 c\u1ee7a Allah, c\u1ea7u xin Allah ban ph\u01b0\u1edbc l\u00e0nh v\u00e0 b\u00ecnh an cho Ng\u01b0\u1eddi, \u0111\u00e3 ch\u1ecdn Usama bin Zaid, l\u00fac \u0111\u00f3 m\u1edbi m\u01b0\u1eddi t\u00e1m tu\u1ed5i, \u0111\u1ec3 l\u00e3nh \u0111\u1ea1o m\u1ed9t \u0111\u1ed9i qu\u00e2n ch\u1ed1ng l\u1ea1i qu\u00e2n La M\u00e3, v\u00e0 d\u01b0\u1edbi quy\u1ec1n ch\u1ec9 huy c\u1ee7a \u00f4ng l\u00e0 Abu Bakr v\u00e0 Umar bin Al-Khattab.<\/h1>\n<h1 style=\"text-align: center;\">Vi\u1ec7c l\u00e0 ng\u01b0\u1eddi \u0111\u1ea7u ti\u00ean theo H\u1ed3i gi\u00e1o c\u0169ng kh\u00f4ng ph\u1ea3i l\u00e0 m\u1ed9t y\u1ebfu t\u1ed1 quan tr\u1ecdng. S\u1ee9 gi\u1ea3 c\u1ee7a Allah, c\u1ea7u xin Allah ban ph\u01b0\u1edbc l\u00e0nh v\u00e0 b\u00ecnh an cho Ng\u01b0\u1eddi, \u0111\u00e3 b\u1ed5 nhi\u1ec7m Amr ibn al-Aas (c\u1ea7u xin Allah h\u00e0i l\u00f2ng v\u1edbi Ng\u01b0\u1eddi) ch\u1ec9 huy c\u00e1c Sahaba cao c\u1ea5p trong Tr\u1eadn Dhat al-Salasil, m\u1eb7c d\u00f9 \u00f4ng ch\u1ec9 m\u1edbi c\u1ea3i \u0111\u1ea1o sang H\u1ed3i gi\u00e1o v\u00e0i ng\u00e0y tr\u01b0\u1edbc \u0111\u00f3. T\u01b0\u01a1ng t\u1ef1, Khalid ibn al-Walid (c\u1ea7u xin Allah h\u00e0i l\u00f2ng v\u1edbi Ng\u01b0\u1eddi) \u0111\u00e3 ch\u1ec9 huy c\u00e1c Sahaba cao c\u1ea5p trong Tr\u1eadn Mu&#039;tah, m\u1eb7c d\u00f9 \u00f4ng m\u1edbi c\u1ea3i \u0111\u1ea1o sang H\u1ed3i gi\u00e1o g\u1ea7n \u0111\u00e2y.<\/h1>\n<h1 style=\"text-align: center;\">Ti\u00eau ch\u00ed l\u1ef1a ch\u1ecdn c\u00e1c nh\u00e0 l\u00e3nh \u0111\u1ea1o trong l\u1ecbch s\u1eed H\u1ed3i gi\u00e1o mang t\u00ednh kh\u00e1ch quan v\u00e0 ch\u1ec9 li\u00ean quan \u0111\u1ebfn n\u0103ng l\u1ef1c. Do \u0111\u00f3, trong su\u1ed1t chi\u1ec1u d\u00e0i l\u1ecbch s\u1eed, n\u1ec1n v\u0103n minh H\u1ed3i gi\u00e1o \u0111\u00e3 s\u1ea3n sinh ra nh\u1eefng nh\u00e0 l\u00e3nh \u0111\u1ea1o xu\u1ea5t ch\u00fang, kh\u00f4ng ai s\u00e1nh b\u1eb1ng.<\/h1>\n<h1 style=\"text-align: center;\">Sau \u0111\u00f3, ng\u01b0\u1eddi H\u1ed3i gi\u00e1o bi\u1ebft r\u1eb1ng h\u1ecd ph\u1ea3i chu\u1ea9n b\u1ecb cho c\u00e1c nh\u00e0 l\u00e3nh \u0111\u1ea1o t\u01b0\u01a1ng lai; do \u0111\u00f3, ch\u00fang ta th\u1ea5y s\u1ef1 lan r\u1ed9ng c\u1ee7a vi\u1ec7c \u0111\u00e0o t\u1ea1o v\u1ec1 c\u01b0\u1ee1i ng\u1ef1a, th\u00e1nh chi\u1ebfn v\u00e0 b\u1eafn cung.<\/h1>\n<h1 style=\"text-align: center;\">L\u1ecbch s\u1eed l\u00e3nh \u0111\u1ea1o trong H\u1ed3i gi\u00e1o r\u1ea5t phong ph\u00fa v\u1ec1 \u00fd ngh\u0129a s\u00e2u s\u1eafc, kh\u00e1i ni\u1ec7m v\u00e0 t\u00ednh c\u00e1ch \u0111\u1ed9c \u0111\u00e1o; do \u0111\u00f3 cu\u1ed1n s\u00e1ch n\u00e0y r\u1ea5t quan tr\u1ecdng.<\/h1>\n<h1 style=\"text-align: center;\">T\u00e1c gi\u1ea3, Anh Tamer Badr - c\u1ea7u xin Ch\u00faa b\u1ea3o v\u1ec7 anh - \u0111\u00e3 quan t\u00e2m \u0111\u1ebfn vi\u1ec7c t\u00ecm hi\u1ec3u ti\u1ec3u s\u1eed c\u1ee7a c\u00e1c nh\u00e0 l\u00e3nh \u0111\u1ea1o H\u1ed3i gi\u00e1o v\u00e0 \u0111\u00e3 tr\u00ecnh b\u00e0y ch\u00fang cho ch\u00fang t\u00f4i trong...<\/h1>\n<h1 style=\"text-align: center;\">M\u1ed9t phong c\u00e1ch d\u1ec5 hi\u1ec3u, tao nh\u00e3 v\u00e0 s\u00fac t\u00edch, trong \u0111\u00f3 \u00f4ng \u0111\u00e3 tr\u00edch xu\u1ea5t nh\u1eefng \u0111i\u1ec3m quan tr\u1ecdng nh\u1ea5t m\u00e0 \u0111\u1ea5t n\u01b0\u1edbc c\u1ea7n \u0111\u1ec3 hi\u1ec3u \u0111\u01b0\u1ee3c t\u00ecnh h\u00ecnh hi\u1ec7n t\u1ea1i.<\/h1>\n<h1 style=\"text-align: center;\">C\u00e1c nh\u00e0 l\u00e3nh \u0111\u1ea1o \u0111\u01b0\u1ee3c chu\u1ea9n b\u1ecb \u0111\u1ec3 b\u1ea1n c\u00f3 th\u1ec3 \u0111\u00e0o t\u1ea1o ra nh\u1eefng th\u1ebf h\u1ec7 m\u1edbi.<\/h1>\n<h1 style=\"text-align: center;\">Nh\u01b0 t\u00e1c gi\u1ea3 \u0111\u00e3 gi\u1edbi thi\u1ec7u trong cu\u1ed1n s\u00e1ch tr\u01b0\u1edbc (Nh\u1eefng Ng\u00e0y Kh\u00f4ng Th\u1ec3 Qu\u00ean), b\u1ea1n s\u1ebd th\u1ea5y cu\u1ed1n s\u00e1ch c\u00f3 v\u0103n phong l\u00f4i cu\u1ed1n. M\u1ed9t khi \u0111\u00e3 b\u1eaft \u0111\u1ea7u \u0111\u1ecdc, b\u1ea1n s\u1ebd th\u1ea5y m\u00ecnh b\u1ecb th\u00f4i th\u00fac ph\u1ea3i \u0111\u1ecdc \u0111\u1ebfn t\u1eadn c\u00f9ng.<\/h1>\n<h1 style=\"text-align: center;\">T\u00f4i c\u1ea7u xin Th\u01b0\u1ee3ng \u0110\u1ebf To\u00e0n N\u0103ng ch\u1ea5p nh\u1eadn nh\u1eefng n\u1ed7 l\u1ef1c c\u1ee7a t\u00e1c gi\u1ea3 trong cu\u1ed1n s\u00e1ch, ban cho cu\u1ed1n s\u00e1ch \u0111\u01b0\u1ee3c ch\u1ea5p nh\u1eadn v\u00e0 ban ph\u01b0\u1edbc l\u00e0nh cho ng\u01b0\u1eddi H\u1ed3i gi\u00e1o th\u00f4ng qua n\u00f3. Ng\u00e0i l\u00e0 \u0110\u1ea5ng B\u1ea3o V\u1ec7 v\u00e0 c\u00f3 th\u1ec3 l\u00e0m \u0111\u01b0\u1ee3c \u0111i\u1ec1u \u0111\u00f3.<\/h1>\n<h1 style=\"text-align: center;\">\u00a0Gi\u00e1o s\u01b0 Ti\u1ebfn s\u0129 Ragheb Al-Sergani<\/h1>\n<h1 style=\"text-align: center;\">Cairo v\u00e0o th\u00e1ng 11 n\u0103m 2011<\/h1>","protected":false},"excerpt":{"rendered":"<p>\u0645\u0642\u062f\u0645\u0629 \u0627\u0644\u0627\u0633\u062a\u0627\u0630 \u0627\u0644\u062f\u0643\u062a\u0648\u0631 \u0631\u0627\u063a\u0628 \u0627\u0644\u0633\u0631\u062c\u0627\u0646\u064a \u0644\u0643\u062a\u0627\u0628 \u0642\u0627\u062f\u0629 \u0644\u0627 \u062a\u0646\u0633\u0649 \u0641\u064a \u062a\u0627\u0631\u064a\u062e \u0623\u064f\u0645\u0629 \u0627\u0644\u0625\u0633\u0644\u0627\u0645 \u0631\u062c\u0627\u0644 \u0623\u0636\u0627\u0621\u0648\u0627 \u0627\u0644\u062a\u0627\u0631\u064a\u062e \u0644\u0645\u0646 \u062c\u0627\u0621 \u0628\u0639\u062f\u0647\u0645\u060c \u0631\u062c\u0627\u0644 \u062a\u0645\u064a\u0632\u0648\u0627 \u0641\u064a \u0643\u0644 \u0645\u062c\u0627\u0644\u060c \u0648\u0631\u0628\u0645\u0627 \u0644\u0627 \u062a\u062c\u062f \u0641\u064a \u062a\u0627\u0631\u064a\u062e \u0623\u064f\u0645\u0629 \u0645\u0646 \u0627\u0644\u0623\u0645\u0645 \u0647\u0630\u0627 \u0627\u0644\u0639\u062f\u062f \u0645\u0646 \u0627\u0644\u0631\u0645\u0648\u0632 \u0627\u0644\u0644\u0627\u0645\u0639\u0629\u061b \u0641\u0639\u0646 \u0627\u0628\u0646 \u0639\u0645\u0631 \u0631\u0636\u064a \u0627\u0644\u0644\u0647 \u0639\u0646\u0647 \u0642\u0627\u0644: \u0642\u0627\u0644 \u0631\u0633\u0648\u0644 \u0627\u0644\u0644\u0647 \ufdfa: \u00ab\u062a\u064e\u062c\u0650\u062f\u064f\u0648\u0646\u064e \u0627\u0644\u0646\u0651\u064e\u0627\u0633\u064e \u0643\u064e\u0627\u0628\u0650\u0644 \u0645\u0650\u0627\u0626\u064e\u0629\u064d \u0644\u064e\u0627 \u064a\u064e\u062c\u0650\u062f\u064f \u0627\u0644\u0631\u0651\u064e\u062c\u064f\u0644\u064f [&hellip;]<\/p>","protected":false},"featured_media":19693,"comment_status":"open","ping_status":"closed","template":"","meta":{"_seopress_robots_primary_cat":"","_seopress_titles_title":"","_seopress_titles_desc":"","_seopress_robots_index":"","inline_featured_image":false,"_uf_show_specific_survey":0,"_uf_disable_surveys":false},"product_brand":[],"product_cat":[189],"product_tag":[],"class_list":{"0":"post-19581","1":"product","2":"type-product","3":"status-publish","4":"has-post-thumbnail","6":"product_cat-189","8":"first","9":"instock","10":"downloadable","11":"shipping-taxable","12":"purchasable","13":"product-type-simple"},"_links":{"self":[{"href":"https:\/\/tamerbadr.com\/vi\/wp-json\/wp\/v2\/product\/19581","targetHints":{"allow":["GET"]}}],"collection":[{"href":"https:\/\/tamerbadr.com\/vi\/wp-json\/wp\/v2\/product"}],"about":[{"href":"https:\/\/tamerbadr.com\/vi\/wp-json\/wp\/v2\/types\/product"}],"replies":[{"embeddable":true,"href":"https:\/\/tamerbadr.com\/vi\/wp-json\/wp\/v2\/comments?post=19581"}],"wp:featuredmedia":[{"embeddable":true,"href":"https:\/\/tamerbadr.com\/vi\/wp-json\/wp\/v2\/media\/19693"}],"wp:attachment":[{"href":"https:\/\/tamerbadr.com\/vi\/wp-json\/wp\/v2\/media?parent=19581"}],"wp:term":[{"taxonomy":"product_brand","embeddable":true,"href":"https:\/\/tamerbadr.com\/vi\/wp-json\/wp\/v2\/product_brand?post=19581"},{"taxonomy":"product_cat","embeddable":true,"href":"https:\/\/tamerbadr.com\/vi\/wp-json\/wp\/v2\/product_cat?post=19581"},{"taxonomy":"product_tag","embeddable":true,"href":"https:\/\/tamerbadr.com\/vi\/wp-json\/wp\/v2\/product_tag?post=19581"}],"curies":[{"name":"wp","href":"https:\/\/api.w.org\/{rel}","templated":true}]}}