{"id":19575,"date":"2025-03-16T21:38:04","date_gmt":"2025-03-16T21:38:04","guid":{"rendered":"https:\/\/white-ant-267257.hostingersite.com\/?post_type=product&#038;p=19575"},"modified":"2025-07-13T07:22:37","modified_gmt":"2025-07-13T07:22:37","slug":"unforgettable-days-book","status":"publish","type":"product","link":"https:\/\/tamerbadr.com\/vi\/san-pham\/unforgettable-days-book","title":{"rendered":"S\u00e1ch Nh\u1eefng Ng\u00e0y Kh\u00f4ng Th\u1ec3 Qu\u00ean"},"content":{"rendered":"<h1 style=\"text-align: center;\"><strong>L\u1eddi gi\u1edbi thi\u1ec7u c\u1ee7a Gi\u00e1o s\u01b0 Ti\u1ebfn s\u0129 Ragheb Al-Sarjani v\u1ec1 cu\u1ed1n s\u00e1ch Nh\u1eefng ng\u00e0y kh\u00f3 qu\u00ean<\/strong><\/h1>\n<h1 style=\"text-align: center;\">L\u1ecbch s\u1eed H\u1ed3i gi\u00e1o \u0111\u00e3 b\u1ecb l\u00e3ng qu\u00ean nghi\u00eam tr\u1ecdng qua nhi\u1ec1u n\u0103m th\u00e1ng v\u00e0 nhi\u1ec1u th\u1ebf k\u1ef7. K\u1ebft qu\u1ea3 l\u00e0 nhi\u1ec1u nh\u00e0 \u0110\u00f4ng ph\u01b0\u01a1ng h\u1ecdc v\u00e0 T\u00e2y ph\u01b0\u01a1ng h\u1ecdc \u0111\u00e3 b\u00f3p m\u00e9o l\u1ecbch s\u1eed n\u00e0y. H\u1eadu qu\u1ea3 l\u00e0 ch\u00fang ta c\u00f3 m\u1ed9t l\u1ecbch s\u1eed r\u1ea5t kh\u00e1c xa v\u1edbi s\u1ef1 th\u1eadt. T\u1ec7 h\u01a1n n\u1eefa, nh\u1eefng b\u00e0i h\u1ecdc v\u00e0 \u0111\u1ea1o \u0111\u1ee9c \u0111\u00e3 b\u1ecb mai m\u1ed9t gi\u1eefa nh\u1eefng s\u1ef1 b\u00f3p m\u00e9o n\u00e0y. V\u00ec v\u1eady, l\u1ecbch s\u1eed \u0111\u00e3 tr\u1edf th\u00e0nh m\u1ed9t m\u00f4n h\u1ecdc h\u00e0n l\u00e2m kh\u00f4ng c\u00f3 \u00fd ngh\u0129a g\u00ec \u0111\u1ed1i v\u1edbi ng\u01b0\u1eddi \u0111\u1ecdc. Do \u0111\u00f3, h\u1ecd \u0111\u00e3 kh\u00f4ng c\u00f2n \u0111\u1ecdc v\u00e0 nghi\u00ean c\u1ee9u n\u00f3 n\u1eefa.<\/h1>\n<h1 style=\"text-align: center;\">Tr\u01b0\u1edbc t\u00ecnh h\u00ecnh bi \u0111\u00e1t n\u00e0y, m\u1ed9t s\u1ed1 ng\u01b0\u1eddi nhi\u1ec7t th\u00e0nh \u0111\u00e3 ph\u1ea3i \u0111\u1ee9ng l\u00ean \u0111\u1ec3 c\u1ee9u v\u00e3n l\u1ecbch s\u1eed l\u00e2u \u0111\u1eddi n\u00e0y; th\u1ef1c ra, \u0111\u1ec3 c\u1ee9u v\u00e3n th\u1ebf h\u1ec7 tr\u1ebb H\u1ed3i gi\u00e1o \u0111\u00e3 kh\u00f4ng t\u00ecm \u0111\u01b0\u1ee3c ngu\u1ed3n t\u00e0i li\u1ec7u ph\u00f9 h\u1ee3p v\u00e0 \u0111\u00e1ng tin c\u1eady \u0111\u1ec3 \u0111\u1ecdc v\u1ec1 l\u1ecbch s\u1eed d\u00e2n t\u1ed9c. Qu\u1ea3 th\u1eadt, t\u00f4i kh\u00f4ng h\u1ec1 ph\u00f3ng \u0111\u1ea1i khi n\u00f3i r\u1eb1ng: C\u1ea3 th\u1ebf gi\u1edbi - H\u1ed3i gi\u00e1o hay kh\u00f4ng H\u1ed3i gi\u00e1o - \u0111\u1ec1u c\u1ea7n \u0111\u1ebfn l\u1ecbch s\u1eed H\u1ed3i gi\u00e1o huy ho\u00e0ng n\u00e0y, b\u1edfi th\u1ebf gi\u1edbi ch\u01b0a t\u1eebng bi\u1ebft \u0111\u1ebfn \u0111i\u1ec1u g\u00ec huy ho\u00e0ng v\u00e0 r\u1ef1c r\u1ee1 nh\u01b0 nh\u1eefng g\u00ec ch\u00fang ta \u0111\u00e3 t\u00ecm th\u1ea5y trong l\u1ecbch s\u1eed v\u0129 \u0111\u1ea1i c\u1ee7a m\u00ecnh.<\/h1>\n<h1 style=\"text-align: center;\">Cu\u1ed1n s\u00e1ch ch\u00fang ta \u0111ang c\u1ea7m tr\u00ean tay ch\u00ednh l\u00e0 m\u1ed9t lo\u1ea1i tr\u1ee3 gi\u00fap nh\u01b0 th\u1ebf!<\/h1>\n<h1 style=\"text-align: center;\">\u0110\u00e2y l\u00e0 m\u1ed9t cu\u1ed1n s\u00e1ch gi\u00e1 tr\u1ecb, kh\u00e9o l\u00e9o t\u1eadp h\u1ee3p m\u1ed9t s\u1ed1 l\u01b0\u1ee3ng l\u1edbn nh\u1eefng ng\u00e0y th\u00e1ng quan tr\u1ecdng trong l\u1ecbch s\u1eed c\u1ee7a qu\u1ed1c gia H\u1ed3i gi\u00e1o. Tuy nhi\u00ean, b\u1ed9 s\u01b0u t\u1eadp \u0111\u1ed3 s\u1ed9 n\u00e0y l\u1ea1i kh\u00f4ng t\u1ea1o ra m\u1ed9t s\u1ed1 l\u01b0\u1ee3ng trang \u0111\u1ed3 s\u1ed9 nh\u01b0 v\u1eady! \u0110i\u1ec1u n\u00e0y cho th\u1ea5y s\u1ef1 th\u00e0nh th\u1ea1o xu\u1ea5t s\u1eafc c\u1ee7a t\u00e1c gi\u1ea3 trong vi\u1ec7c l\u1ef1a ch\u1ecdn nh\u1eefng \u0111i\u1ec1u h\u1eefu \u00edch t\u1eeb m\u1ed7i tr\u1eadn chi\u1ebfn v\u00e0 nh\u1eefng \u0111i\u1ec1u quan tr\u1ecdng t\u1eeb m\u1ed7i cu\u1ed9c ch\u1ea1m tr\u00e1n. C\u00f3 l\u1ebd \u0111\u00e2y l\u00e0 m\u1ed9t trong nh\u1eefng \u0111i\u1ec3m n\u1ed5i b\u1eadt nh\u1ea5t khi\u1ebfn cu\u1ed1n s\u00e1ch n\u00e0y kh\u00e1c bi\u1ec7t so v\u1edbi nh\u1eefng cu\u1ed1n kh\u00e1c, b\u1edfi t\u00e1c gi\u1ea3 n\u1ed5i b\u1eadt v\u1edbi kh\u1ea3 n\u0103ng c\u00f4 \u0111\u1ecdng v\u00e0 t\u1eadp trung tuy\u1ec7t v\u1eddi, khi\u1ebfn b\u1ea1n c\u1ea3m th\u1ea5y r\u1eb1ng sau khi \u0111\u1ecdc b\u1ed1n ho\u1eb7c n\u0103m trang v\u1ec1 m\u1ed9t tr\u1eadn chi\u1ebfn l\u1edbn, b\u1ea1n \u0111\u00e3 n\u1eafm b\u1eaft \u0111\u01b0\u1ee3c t\u1ea5t c\u1ea3 m\u1ecdi th\u1ee9 v\u00e0 kh\u00f4ng c\u1ea7n th\u00eam b\u1ea5t k\u1ef3 th\u00f4ng tin n\u00e0o kh\u00e1c, trong khi c\u00e1c chuy\u00ean gia bi\u1ebft r\u1eb1ng m\u1ed9t s\u1eed gia c\u00f3 th\u1ec3 vi\u1ebft c\u1ea3 m\u1ed9t t\u1eadp s\u00e1ch v\u1ec1 nh\u1eefng tr\u1eadn chi\u1ebfn nh\u01b0 v\u1eady!<\/h1>\n<h1 style=\"text-align: center;\">Cu\u1ed1n s\u00e1ch n\u00e0y c\u0169ng n\u1ed5i b\u1eadt v\u1edbi s\u1ef1 d\u1eabn d\u1eaft nh\u1eb9 nh\u00e0ng gi\u1eefa c\u00e1c giai \u0111o\u1ea1n l\u1ecbch s\u1eed H\u1ed3i gi\u00e1o. N\u00f3 b\u1eaft \u0111\u1ea7u v\u1edbi th\u1eddi k\u1ef3 Ti\u00ean tri, sau \u0111\u00f3 chuy\u1ec3n ti\u1ebfp v\u1edbi t\u1ed1c \u0111\u1ed9 ph\u00f9 h\u1ee3p gi\u1eefa c\u00e1c th\u1eddi k\u1ef3 l\u1ecbch s\u1eed kh\u00e1c nhau, ch\u1eb3ng h\u1ea1n nh\u01b0 th\u1eddi k\u1ef3 Rashidun, Umayyad, Abbasid, Ayyubid, Mamluk v\u00e0 Ottoman. N\u00f3 c\u0169ng kh\u00f4ng b\u1ecf qua vi\u1ec7c \u0111\u1ecbnh h\u01b0\u1edbng \u0111\u1ecba l\u00fd \u1edf c\u00e1c v\u00f9ng kh\u00e1c nhau tr\u00ean th\u1ebf gi\u1edbi. N\u00f3 \u0111i \u0111\u1ebfn ph\u01b0\u01a1ng \u0110\u00f4ng v\u00e0 n\u00f3i v\u1ec1 c\u00e1c tr\u1eadn chi\u1ebfn \u1edf \u1ea4n \u0110\u1ed9, r\u1ed3i r\u1eddi ph\u01b0\u01a1ng \u0110\u00f4ng \u0111\u1ebfn ph\u01b0\u01a1ng T\u00e2y v\u00e0 m\u00f4 t\u1ea3 c\u00e1c tr\u1eadn chi\u1ebfn \u1edf Andalusia!<\/h1>\n<h1 style=\"text-align: center;\">M\u1ed9t \u0111i\u1ec3m \u0111\u1eb7c bi\u1ec7t kh\u00e1c c\u1ee7a cu\u1ed1n s\u00e1ch n\u00e0y l\u00e0 n\u00f3 \u0111\u1ec1 c\u1eadp \u0111\u1ebfn nhi\u1ec1u tr\u1eadn chi\u1ebfn m\u00e0 nhi\u1ec1u ng\u01b0\u1eddi H\u1ed3i gi\u00e1o kh\u00f4ng h\u1ec1 bi\u1ebft chi ti\u1ebft. Th\u1ef1c ra, t\u00f4i kh\u00f4ng h\u1ec1 ph\u00f3ng \u0111\u1ea1i khi n\u00f3i r\u1eb1ng: Ng\u01b0\u1eddi H\u1ed3i gi\u00e1o th\u1eadm ch\u00ed c\u00f2n kh\u00f4ng bi\u1ebft t\u00ean c\u1ee7a ch\u00fang! T\u00f4i ch\u1ec9 c\u1ea7n n\u00eau ra, v\u00ed d\u1ee5, c\u00e1c tr\u1eadn chi\u1ebfn Ain al-Tamr, cu\u1ed9c chinh ph\u1ea1t Dibal, Tr\u1eadn Talas, cu\u1ed9c chinh ph\u1ea1t Somnath, Tr\u1eadn Nicopolis, Tr\u1eadn Mohacs, v\u00e0 nhi\u1ec1u tr\u1eadn chi\u1ebfn kh\u00e1c m\u00e0 ng\u01b0\u1eddi ta \u0111\u00e3 l\u00e3ng qu\u00ean v\u00e0 nh\u1eefng trang s\u00e1ch ph\u1ee7 \u0111\u1ea7y b\u1ee5i, cho \u0111\u1ebfn khi t\u00e1c gi\u1ea3 n\u00e0y, v\u1edbi s\u1ef1 ch\u00e2n th\u00e0nh v\u00e0 t\u1eadn t\u00e2m, kh\u00e1m ph\u00e1 s\u1ef1 th\u1eadt v\u1ec1 nh\u1eefng ng\u00e0y th\u00e1ng quy\u1ebft \u0111\u1ecbnh n\u00e0y.<\/h1>\n<h1 style=\"text-align: center;\">Tr\u00ean h\u1ebft, cu\u1ed1n s\u00e1ch gi\u00e1 tr\u1ecb n\u00e0y \u0111\u01b0\u1ee3c ph\u00e2n bi\u1ec7t b\u1edfi hai \u0111i\u1ec3m khi\u1ebfn n\u00f3 kh\u00e1c bi\u1ec7t so v\u1edbi nhi\u1ec1u t\u00e1c ph\u1ea9m kh\u00e1c trong th\u01b0 vi\u1ec7n H\u1ed3i gi\u00e1o, khi\u1ebfn n\u00f3 tr\u1edf n\u00ean \u0111\u1ed9c \u0111\u00e1o trong l\u0129nh v\u1ef1c c\u1ee7a m\u00ecnh.<\/h1>\n<h1 style=\"text-align: center;\">\u0110i\u1ec3m \u0111\u1ea7u ti\u00ean l\u00e0 n\u00f3 kh\u00f4ng ch\u1ec9 gi\u1edbi h\u1ea1n \u1edf nh\u1eefng chi\u1ebfn th\u1eafng c\u1ee7a ng\u01b0\u1eddi H\u1ed3i gi\u00e1o, m\u00e0 c\u00f2n, v\u1edbi s\u1ef1 kh\u00e1ch quan tuy\u1ec7t \u0111\u1eb9p v\u00e0 \u0111\u1ed9 ch\u00ednh x\u00e1c cao, \u0111\u1ec1 c\u1eadp \u0111\u1ebfn nh\u1eefng tr\u1eadn chi\u1ebfn l\u1edbn m\u00e0 ng\u01b0\u1eddi H\u1ed3i gi\u00e1o \u0111\u00e3 b\u1ecb \u0111\u00e1nh b\u1ea1i! Ch\u1eb3ng h\u1ea1n nh\u01b0 Tr\u1eadn Uhud, Tr\u1eadn Tours, Tr\u1eadn Al-Uqab, v\u00e0 nh\u1eefng th\u1ea5t b\u1ea1i kh\u00e1c. \u0110\u00e2y th\u1ef1c s\u1ef1 l\u00e0 m\u1ed9t v\u00ed d\u1ee5 r\u00f5 r\u00e0ng v\u1ec1 tr\u00ed th\u00f4ng minh c\u1ee7a t\u00e1c gi\u1ea3, khi \u00f4ng ch\u1ee9ng minh cho ng\u01b0\u1eddi \u0111\u1ecdc th\u1ea5y s\u1ef1 trung th\u1ef1c c\u1ee7a m\u00ecnh trong vi\u1ec7c tr\u00ecnh b\u00e0y c\u00e1c s\u1ef1 ki\u1ec7n, v\u00e0 nh\u1ea5n m\u1ea1nh r\u1eb1ng th\u1eddi gian l\u00e0 m\u1ed9t chu k\u1ef3 gi\u1eefa c\u00e1c qu\u1ed1c gia. \u00d4ng c\u0169ng kh\u00f4ng t\u01b0\u1edbc \u0111i c\u01a1 h\u1ed9i c\u1ee7a ng\u01b0\u1eddi \u0111\u1ecdc \u0111\u01b0\u1ee3c h\u01b0\u1edfng l\u1ee3i t\u1eeb nh\u1eefng b\u00e0i h\u1ecdc quan tr\u1ecdng r\u00fat ra t\u1eeb nh\u1eefng tr\u1eadn chi\u1ebfn n\u00e0y.<\/h1>\n<h1 style=\"text-align: center;\">\u0110i\u1ec1u th\u1ee9 hai l\u00e0 t\u00e1c gi\u1ea3 kh\u00f4ng d\u1eebng l\u1ea1i \u1edf vi\u1ec7c k\u1ec3 l\u1ea1i c\u00e1c s\u1ef1 ki\u1ec7n nh\u01b0 nhi\u1ec1u t\u00e1c gi\u1ea3 kh\u00e1c v\u1eabn l\u00e0m, m\u00e0 \u00f4ng \u0111\u00e0o s\u00e2u v\u00e0o v\u1ea5n \u0111\u1ec1 v\u00e0 t\u00ecm ki\u1ebfm c\u00e1c y\u1ebfu t\u1ed1 chi\u1ebfn th\u1eafng v\u00e0 l\u00fd do th\u1ea5t b\u1ea1i, v\u00ec v\u1eady ng\u01b0\u1eddi \u0111\u1ecdc cu\u1ed1n s\u00e1ch s\u1ebd c\u00f3 \u0111\u01b0\u1ee3c m\u1ed9t b\u1ed9 s\u01b0u t\u1eadp phong ph\u00fa v\u1ec1 l\u00fd do cho s\u1ef1 tr\u1ed7i d\u1eady hay s\u1ee5p \u0111\u1ed5 c\u1ee7a c\u00e1c qu\u1ed1c gia, v\u00e0 do \u0111\u00f3, m\u1ee5c \u0111\u00edch k\u1ec3 c\u00e2u chuy\u1ec7n \u0111\u00e3 \u0111\u1ea1t \u0111\u01b0\u1ee3c; nh\u01b0 Ch\u00faa ch\u00fang ta \u0111\u00e3 ch\u1ec9 cho ch\u00fang ta khi Ng\u00e0i ph\u00e1n: {Th\u1eadt v\u1eady, trong nh\u1eefng c\u00e2u chuy\u1ec7n c\u1ee7a h\u1ecd c\u00f3 m\u1ed9t b\u00e0i h\u1ecdc cho nh\u1eefng ng\u01b0\u1eddi hi\u1ec3u bi\u1ebft} [Yusuf: 111]... S\u1ef1 th\u1eadt l\u00e0 t\u00e1c gi\u1ea3 \u0111\u00e3 ch\u1ebf t\u00e1c t\u1ea5t c\u1ea3 nh\u1eefng \u0111i\u1ec1u \u0111\u00f3 b\u1eb1ng m\u1ed9t ngh\u1ec1 th\u1ee7 c\u00f4ng cao qu\u00fd v\u00e0 xu\u1ea5t s\u1eafc.<\/h1>\n<h1 style=\"text-align: center;\">Cu\u1ed1i c\u00f9ng:<\/h1>\n<h1 style=\"text-align: center;\">S\u1ef1 kh\u00e9o l\u00e9o n\u00e0y c\u1ee7a t\u00e1c gi\u1ea3 kh\u00f4ng h\u1ec1 l\u00e0m m\u1ea5t \u0111i n\u00e9t tinh t\u1ebf v\u00e0 \u0111\u1eb9p \u0111\u1ebd trong v\u0103n phong. Ng\u00f4n t\u1eeb trong s\u00e1ch thanh tho\u00e1t, l\u1eddi v\u0103n \u0111\u1eb9p \u0111\u1ebd, c\u00e1ch tr\u00ecnh b\u00e0y m\u01b0\u1ee3t m\u00e0, l\u00f4i cu\u1ed1n, c\u00e0ng l\u00e0m t\u0103ng th\u00eam v\u1ebb l\u1ed9ng l\u1eaby v\u00e0 tao nh\u00e3 cho cu\u1ed1n s\u00e1ch.<\/h1>\n<h1 style=\"text-align: center;\">M\u1eb7c d\u00f9 t\u00f4i bi\u1ebft \u0111\u00e2y l\u00e0 l\u1ea7n \u0111\u1ea7u ti\u00ean t\u00e1c gi\u1ea3 vi\u1ebft v\u1ec1 qu\u00e2n s\u1ef1, nh\u01b0ng t\u00f4i ch\u1eafc ch\u1eafn \u0111\u00e2y s\u1ebd kh\u00f4ng ph\u1ea3i l\u00e0 l\u1ea7n cu\u1ed1i c\u00f9ng. C\u00e1c tr\u1eadn chi\u1ebfn trong l\u1ecbch s\u1eed H\u1ed3i gi\u00e1o v\u00e0 nh\u1eefng chi ti\u1ebft c\u1ee7a ch\u00fang \u0111\u00f2i h\u1ecfi h\u00e0ng tr\u0103m t\u1eadp s\u00e1ch v\u00e0 h\u00e0ng ng\u00e0n l\u1eddi gi\u1ea3i th\u00edch v\u00e0 ph\u00e2n t\u00edch.<\/h1>\n<h1 style=\"text-align: center;\">C\u1ea7u xin Allah ban th\u01b0\u1edfng cho Gi\u00e1o s\u01b0 Tamer Badr v\u00ec nh\u1eefng n\u1ed7 l\u1ef1c to l\u1edbn c\u1ee7a \u00f4ng. L\u1eddi khuy\u00ean c\u1ee7a t\u00f4i d\u00e0nh cho \u00f4ng l\u00e0 h\u00e3y lu\u00f4n \u0111\u1ed5i m\u1edbi \u00fd \u0111\u1ecbnh c\u1ee7a m\u00ecnh v\u1edbi m\u1ed7i cu\u1ed1n s\u00e1ch, \u0111\u1ec3 Allah, \u0110\u1ea5ng To\u00e0n N\u0103ng, ban cho s\u00e1ch c\u1ee7a \u00f4ng \u0111\u01b0\u1ee3c ph\u00e2n ph\u1ed1i r\u1ed9ng r\u00e3i v\u00e0 ban cho \u00f4ng ph\u1ea7n th\u01b0\u1edfng d\u1ed3i d\u00e0o c\u00f9ng ph\u1ea7n th\u01b0\u1edfng to\u00e0n di\u1ec7n.<\/h1>\n<h1 style=\"text-align: center;\">T\u00f4i c\u1ea7u xin Ch\u00faa t\u00f4n vinh H\u1ed3i gi\u00e1o v\u00e0 ng\u01b0\u1eddi H\u1ed3i gi\u00e1o<\/h1>\n<h1 style=\"text-align: center;\">Gi\u00e1o s\u01b0 Ti\u1ebfn s\u0129 Ragheb Al-Sarjani<\/h1>","protected":false},"excerpt":{"rendered":"<p>\u0645\u0642\u062f\u0645\u0629 \u0627\u0644\u0627\u0633\u062a\u0627\u0630 \u0627\u0644\u062f\u0643\u062a\u0648\u0631 \u0631\u0627\u063a\u0628 \u0627\u0644\u0633\u0631\u062c\u0627\u0646\u064a \u0644\u0643\u062a\u0627\u0628 \u0623\u064a\u0627\u0645 \u0644\u0627 \u062a\u0646\u0633\u0649 \u0639\u0627\u0646\u064a \u0627\u0644\u062a\u0627\u0631\u064a\u062e \u0627\u0644\u0625\u0633\u0644\u0627\u0645\u064a \u0643\u062b\u064a\u0631\u064b\u0627 \u0645\u0646 \u0627\u0644\u0625\u0647\u0645\u0627\u0644 \u0639\u0644\u0649 \u0645\u062f\u0627\u0631 \u0627\u0644\u0633\u0646\u0648\u0627\u062a \u0648\u0627\u0644\u0642\u0631\u0648\u0646\u060c \u0648\u0643\u0627\u0646\u062a \u0627\u0644\u0646\u062a\u064a\u062c\u0629 \u0623\u0646 \u0639\u0628\u062b \u0643\u062b\u064a\u0631 \u0645\u0646 \u0627\u0644\u0645\u0633\u062a\u0634\u0631\u0642\u064a\u0646 \u0648\u0627\u0644\u0645\u0633\u062a\u063a\u0631\u0628\u064a\u0646 \u0641\u064a \u0647\u0630\u0627 \u0627\u0644\u062a\u0627\u0631\u064a\u062e\u061b \u0648\u0628\u0627\u0644\u062a\u0627\u0644\u064a \u062e\u0631\u062c \u0644\u0646\u0627 \u0627\u0644\u062a\u0627\u0631\u064a\u062e \u0628\u0635\u0648\u0631\u0629 \u0645\u063a\u0627\u064a\u0631\u0629 \u0643\u062b\u064a\u0631\u064b\u0627 \u0639\u0646 \u0627\u0644\u062d\u0642\u064a\u0642\u0629\u060c \u0648\u0627\u0644\u0623\u0646\u0643\u0649 \u0645\u0646 \u0630\u0644\u0643 \u0623\u0646 \u0627\u0644\u062f\u0631\u0648\u0633 \u0648\u0627\u0644\u0639\u0628\u0631 \u062a\u0627\u0647\u062a \u0648\u0633\u0637 \u0647\u0630\u0647 \u0627\u0644\u062a\u062d\u0631\u064a\u0641\u0627\u062a\u060c \u0641\u0635\u0627\u0631 \u0627\u0644\u062a\u0627\u0631\u064a\u062e \u062f\u0631\u0627\u0633\u0629 \u0623\u0643\u0627\u062f\u064a\u0645\u064a\u0629 \u0644\u0627 \u0645\u0639\u0646\u0649 [&hellip;]<\/p>","protected":false},"featured_media":19689,"comment_status":"open","ping_status":"closed","template":"","meta":{"_seopress_robots_primary_cat":"","_seopress_titles_title":"","_seopress_titles_desc":"","_seopress_robots_index":"","inline_featured_image":false,"_uf_show_specific_survey":0,"_uf_disable_surveys":false},"product_brand":[],"product_cat":[189],"product_tag":[],"class_list":{"0":"post-19575","1":"product","2":"type-product","3":"status-publish","4":"has-post-thumbnail","6":"product_cat-189","8":"first","9":"instock","10":"downloadable","11":"shipping-taxable","12":"purchasable","13":"product-type-simple"},"_links":{"self":[{"href":"https:\/\/tamerbadr.com\/vi\/wp-json\/wp\/v2\/product\/19575","targetHints":{"allow":["GET"]}}],"collection":[{"href":"https:\/\/tamerbadr.com\/vi\/wp-json\/wp\/v2\/product"}],"about":[{"href":"https:\/\/tamerbadr.com\/vi\/wp-json\/wp\/v2\/types\/product"}],"replies":[{"embeddable":true,"href":"https:\/\/tamerbadr.com\/vi\/wp-json\/wp\/v2\/comments?post=19575"}],"wp:featuredmedia":[{"embeddable":true,"href":"https:\/\/tamerbadr.com\/vi\/wp-json\/wp\/v2\/media\/19689"}],"wp:attachment":[{"href":"https:\/\/tamerbadr.com\/vi\/wp-json\/wp\/v2\/media?parent=19575"}],"wp:term":[{"taxonomy":"product_brand","embeddable":true,"href":"https:\/\/tamerbadr.com\/vi\/wp-json\/wp\/v2\/product_brand?post=19575"},{"taxonomy":"product_cat","embeddable":true,"href":"https:\/\/tamerbadr.com\/vi\/wp-json\/wp\/v2\/product_cat?post=19575"},{"taxonomy":"product_tag","embeddable":true,"href":"https:\/\/tamerbadr.com\/vi\/wp-json\/wp\/v2\/product_tag?post=19575"}],"curies":[{"name":"wp","href":"https:\/\/api.w.org\/{rel}","templated":true}]}}