{"id":20313,"date":"2025-03-21T17:43:18","date_gmt":"2025-03-21T17:43:18","guid":{"rendered":"https:\/\/white-ant-267257.hostingersite.com\/?page_id=20313"},"modified":"2025-07-31T13:33:04","modified_gmt":"2025-07-31T13:33:04","slug":"visions-2011-2015","status":"publish","type":"page","link":"https:\/\/tamerbadr.com\/vi\/visions-2011-2015","title":{"rendered":"T\u1ea7m nh\u00ecn 2011-2015"},"content":{"rendered":"<div data-elementor-type=\"wp-page\" data-elementor-id=\"20313\" class=\"elementor elementor-20313\" data-elementor-post-type=\"page\">\n\t\t\t\t\t\t<section class=\"elementor-section elementor-top-section elementor-element elementor-element-325f7dc elementor-section-full_width elementor-section-height-default elementor-section-height-default\" data-id=\"325f7dc\" data-element_type=\"section\" data-settings=\"{&quot;background_background&quot;:&quot;classic&quot;}\">\n\t\t\t\t\t\t<div class=\"elementor-container elementor-column-gap-no\">\n\t\t\t\t\t<div class=\"elementor-column elementor-col-100 elementor-top-column elementor-element elementor-element-a5ff8d0\" data-id=\"a5ff8d0\" data-element_type=\"column\">\n\t\t\t<div class=\"elementor-widget-wrap elementor-element-populated\">\n\t\t\t\t\t\t<section class=\"elementor-section elementor-inner-section elementor-element elementor-element-dce55a7 elementor-section-content-middle elementor-section-boxed elementor-section-height-default elementor-section-height-default\" data-id=\"dce55a7\" data-element_type=\"section\" data-settings=\"{&quot;background_background&quot;:&quot;classic&quot;}\">\n\t\t\t\t\t\t<div class=\"elementor-container elementor-column-gap-no\">\n\t\t\t\t\t<div class=\"elementor-column elementor-col-50 elementor-inner-column elementor-element elementor-element-07e74d4\" data-id=\"07e74d4\" data-element_type=\"column\">\n\t\t\t<div class=\"elementor-widget-wrap elementor-element-populated\">\n\t\t\t\t\t\t<div class=\"elementor-element elementor-element-3f5a13a elementor-invisible elementor-widget elementor-widget-heading\" data-id=\"3f5a13a\" data-element_type=\"widget\" data-settings=\"{&quot;_animation&quot;:&quot;fadeInLeft&quot;}\" data-widget_type=\"heading.default\">\n\t\t\t\t<div class=\"elementor-widget-container\">\n\t\t\t\t\t<h3 class=\"elementor-heading-title elementor-size-default\">T\u1ea7m nh\u00ecn c\u1ee7a Tamer Badr<\/h3>\t\t\t\t<\/div>\n\t\t\t\t<\/div>\n\t\t\t\t<div class=\"elementor-element elementor-element-dbbb606 elementor-invisible elementor-widget elementor-widget-heading\" data-id=\"dbbb606\" data-element_type=\"widget\" data-settings=\"{&quot;_animation&quot;:&quot;fadeInRight&quot;}\" data-widget_type=\"heading.default\">\n\t\t\t\t<div class=\"elementor-widget-container\">\n\t\t\t\t\t<h2 class=\"elementor-heading-title elementor-size-default\">2011-2015\n<\/h2>\t\t\t\t<\/div>\n\t\t\t\t<\/div>\n\t\t\t\t\t<\/div>\n\t\t<\/div>\n\t\t\t\t<div class=\"elementor-column elementor-col-50 elementor-inner-column elementor-element elementor-element-a748cf0\" data-id=\"a748cf0\" data-element_type=\"column\">\n\t\t\t<div class=\"elementor-widget-wrap elementor-element-populated\">\n\t\t\t\t\t\t<div class=\"elementor-element elementor-element-86be1ed elementor-widget__width-auto elementor-widget-laptop__width-initial elementor-widget-tablet__width-auto elementor-invisible elementor-widget elementor-widget-image\" data-id=\"86be1ed\" data-element_type=\"widget\" data-settings=\"{&quot;_animation&quot;:&quot;fadeInLeft&quot;}\" data-widget_type=\"image.default\">\n\t\t\t\t<div class=\"elementor-widget-container\">\n\t\t\t\t\t\t\t\t\t\t\t\t\t\t\t<img alt=\"\" fetchpriority=\"high\" decoding=\"async\" width=\"330\" height=\"250\" src=\"https:\/\/tamerbadr.com\/wp-content\/uploads\/2025\/03\/463441143_8625855717500959_1120569030532963356_n-1.jpg\" class=\"elementor-animation-float attachment-full size-full wp-image-20368\" \/>\t\t\t\t\t\t\t\t\t\t\t\t\t\t\t<\/div>\n\t\t\t\t<\/div>\n\t\t\t\t\t<\/div>\n\t\t<\/div>\n\t\t\t\t\t<\/div>\n\t\t<\/section>\n\t\t\t\t<div class=\"elementor-element elementor-element-f3f2f23 elementor-widget__width-auto elementor-absolute elementor-widget elementor-widget-image\" data-id=\"f3f2f23\" data-element_type=\"widget\" data-settings=\"{&quot;_position&quot;:&quot;absolute&quot;}\" data-widget_type=\"image.default\">\n\t\t\t\t<div class=\"elementor-widget-container\">\n\t\t\t\t\t\t\t\t\t\t\t\t\t\t\t<img alt=\"\" decoding=\"async\" width=\"956\" height=\"825\" src=\"https:\/\/tamerbadr.com\/wp-content\/uploads\/2022\/10\/about-dot-vector.png\" class=\"attachment-full size-full wp-image-883\" \/>\t\t\t\t\t\t\t\t\t\t\t\t\t\t\t<\/div>\n\t\t\t\t<\/div>\n\t\t\t\t\t<\/div>\n\t\t<\/div>\n\t\t\t\t\t<\/div>\n\t\t<\/section>\n\t\t\t\t<section class=\"elementor-section elementor-top-section elementor-element elementor-element-b661bd3 elementor-section-full_width elementor-section-height-default elementor-section-height-default\" data-id=\"b661bd3\" data-element_type=\"section\" data-settings=\"{&quot;background_background&quot;:&quot;classic&quot;}\">\n\t\t\t\t\t\t<div class=\"elementor-container elementor-column-gap-no\">\n\t\t\t\t\t<div class=\"elementor-column elementor-col-100 elementor-top-column elementor-element elementor-element-e5c672a\" data-id=\"e5c672a\" data-element_type=\"column\">\n\t\t\t<div class=\"elementor-widget-wrap elementor-element-populated\">\n\t\t\t\t\t\t<div class=\"elementor-element elementor-element-e1053d6 elementor-widget__width-auto elementor-absolute elementor-invisible elementor-widget elementor-widget-image\" data-id=\"e1053d6\" data-element_type=\"widget\" data-settings=\"{&quot;_position&quot;:&quot;absolute&quot;,&quot;_animation&quot;:&quot;fadeInLeft&quot;,&quot;_animation_delay&quot;:200}\" data-widget_type=\"image.default\">\n\t\t\t\t<div class=\"elementor-widget-container\">\n\t\t\t\t\t\t\t\t\t\t\t\t\t\t\t<img alt=\"\" decoding=\"async\" width=\"305\" height=\"227\" src=\"https:\/\/tamerbadr.com\/wp-content\/uploads\/2022\/10\/opening-quote-icon.png\" class=\"attachment-full size-full wp-image-1947\" \/>\t\t\t\t\t\t\t\t\t\t\t\t\t\t\t<\/div>\n\t\t\t\t<\/div>\n\t\t\t\t\t<\/div>\n\t\t<\/div>\n\t\t\t\t\t<\/div>\n\t\t<\/section>\n\t\t<div class=\"elementor-element elementor-element-1dcdb37 e-flex e-con-boxed elementor-invisible e-con e-parent\" data-id=\"1dcdb37\" data-element_type=\"container\" data-settings=\"{&quot;animation&quot;:&quot;fadeInUp&quot;}\">\n\t\t\t\t\t<div class=\"e-con-inner\">\n\t\t\t\t<div class=\"elementor-element elementor-element-019de4b elementor-grid-3 elementor-grid-tablet-2 elementor-grid-mobile-1 elementor-posts--thumbnail-top elementor-widget elementor-widget-posts\" data-id=\"019de4b\" data-element_type=\"widget\" data-settings=\"{&quot;pagination_type&quot;:&quot;numbers_and_prev_next&quot;,&quot;classic_columns&quot;:&quot;3&quot;,&quot;classic_columns_tablet&quot;:&quot;2&quot;,&quot;classic_columns_mobile&quot;:&quot;1&quot;,&quot;classic_row_gap&quot;:{&quot;unit&quot;:&quot;px&quot;,&quot;size&quot;:35,&quot;sizes&quot;:[]},&quot;classic_row_gap_laptop&quot;:{&quot;unit&quot;:&quot;px&quot;,&quot;size&quot;:&quot;&quot;,&quot;sizes&quot;:[]},&quot;classic_row_gap_tablet&quot;:{&quot;unit&quot;:&quot;px&quot;,&quot;size&quot;:&quot;&quot;,&quot;sizes&quot;:[]},&quot;classic_row_gap_mobile&quot;:{&quot;unit&quot;:&quot;px&quot;,&quot;size&quot;:&quot;&quot;,&quot;sizes&quot;:[]}}\" data-widget_type=\"posts.classic\">\n\t\t\t\t<div class=\"elementor-widget-container\">\n\t\t\t\t\t\t\t<div class=\"elementor-posts-container elementor-posts elementor-posts--skin-classic elementor-grid\">\n\t\t\t\t<article class=\"elementor-post elementor-grid-item post-20414 post type-post status-publish format-standard has-post-thumbnail category--2011-2015\">\n\t\t\t\t<a class=\"elementor-post__thumbnail__link\" href=\"https:\/\/tamerbadr.com\/vi\/archives\/20414\" tabindex=\"-1\" >\n\t\t\t<div class=\"elementor-post__thumbnail\"><img alt=\"\" loading=\"lazy\" decoding=\"async\" width=\"300\" height=\"227\" src=\"https:\/\/tamerbadr.com\/wp-content\/uploads\/2025\/03\/464490956_8683443388408858_5348914672852186503_n.jpg\" class=\"attachment-medium size-medium wp-image-20415\" \/><\/div>\n\t\t<\/a>\n\t\t\t\t<div class=\"elementor-post__text\">\n\t\t\t\t<h3 class=\"elementor-post__title\">\n\t\t\t<a href=\"https:\/\/tamerbadr.com\/vi\/archives\/20414\" >\n\t\t\t\tM\u1ed9t vi\u1ec5n c\u1ea3nh v\u1ec1 th\u1eddi c\u1ee7a Nh\u00e0 ti\u00ean tri, c\u1ea7u xin s\u1ef1 b\u00ecnh an v\u00e0 ph\u01b0\u1edbc l\u00e0nh c\u1ee7a Allah ban cho Ng\u01b0\u1eddi, v\u00e0 ng\u00e0y th\u00e1ng v\u00e0ng son v\u00e0o th\u00e1ng 12 n\u0103m 2014\t\t\t<\/a>\n\t\t<\/h3>\n\t\t\t\t<div class=\"elementor-post__meta-data\">\n\t\t\t\t\t<span class=\"elementor-post-date\">\n\t\t\t23\/03\/2025\t\t<\/span>\n\t\t\t\t<span class=\"elementor-post-avatar\">\n\t\t\tKh\u00f4ng c\u00f3 b\u00ecnh lu\u1eadn\t\t<\/span>\n\t\t\t\t<\/div>\n\t\t\t\t<div class=\"elementor-post__excerpt\">\n\t\t\t<p>T\u00f4i \u0111\u00e3 c\u00f3 m\u1ed9t linh ki\u1ebfn r\u1eb1ng t\u00f4i \u0111ang \u1edf th\u1eddi c\u1ee7a Nh\u00e0 ti\u00ean tri, c\u1ea7u xin Ch\u00faa ban ph\u01b0\u1edbc l\u00e0nh v\u00e0 b\u00ecnh an cho Ng\u01b0\u1eddi, t\u1ea1i Medina, v\u00e0 m\u1ecdi ng\u01b0\u1eddi \u0111ang ch\u0103m s\u00f3c c\u00e2y c\u1ecd, v\u00e0 t\u00f4i \u0111\u00e3 nghe \u0111\u01b0\u1ee3c hadith cao qu\u00fd.<\/p>\n\t\t<\/div>\n\t\t\n\t\t<a class=\"elementor-post__read-more\" href=\"https:\/\/tamerbadr.com\/vi\/archives\/20414\" aria-label=\"Read more about \u0631\u0624\u064a\u0627 \u0632\u0645\u0646 \u0627\u0644\u0646\u0628\u064a \ufdfa \u0648\u0627\u0644\u062a\u0645\u0631 \u0630\u0648 \u0627\u0644\u0642\u0634\u0631\u0629 \u0627\u0644\u0630\u0647\u0628\u064a\u0629 \u0641\u064a \u062f\u064a\u0633\u0645\u0628\u0631 2014\" tabindex=\"-1\" >\n\t\t\t\u0110\u1ecdc th\u00eam \u00bb\t\t<\/a>\n\n\t\t\t\t<\/div>\n\t\t\t\t<\/article>\n\t\t\t\t<article class=\"elementor-post elementor-grid-item post-20411 post type-post status-publish format-standard has-post-thumbnail category--2011-2015\">\n\t\t\t\t<a class=\"elementor-post__thumbnail__link\" href=\"https:\/\/tamerbadr.com\/vi\/archives\/20411\" tabindex=\"-1\" >\n\t\t\t<div class=\"elementor-post__thumbnail\"><img alt=\"\" loading=\"lazy\" decoding=\"async\" width=\"300\" height=\"225\" src=\"https:\/\/tamerbadr.com\/wp-content\/uploads\/2025\/03\/463378929_8622435111176353_2051944066958697765_n-1.jpg\" class=\"attachment-medium size-medium wp-image-20412\" \/><\/div>\n\t\t<\/a>\n\t\t\t\t<div class=\"elementor-post__text\">\n\t\t\t\t<h3 class=\"elementor-post__title\">\n\t\t\t<a href=\"https:\/\/tamerbadr.com\/vi\/archives\/20411\" >\n\t\t\t\tH\u00ecnh \u1ea3nh khu\u00f4n m\u1eb7t c\u1ee7a Nh\u00e0 ti\u00ean tri l\u1ea5p \u0111\u1ea7y v\u00f2ng tr\u00f2n c\u1ee7a m\u1eb7t tr\u0103ng v\u00e0o th\u00e1ng 7 n\u0103m 2014\t\t\t<\/a>\n\t\t<\/h3>\n\t\t\t\t<div class=\"elementor-post__meta-data\">\n\t\t\t\t\t<span class=\"elementor-post-date\">\n\t\t\t23\/03\/2025\t\t<\/span>\n\t\t\t\t<span class=\"elementor-post-avatar\">\n\t\t\tKh\u00f4ng c\u00f3 b\u00ecnh lu\u1eadn\t\t<\/span>\n\t\t\t\t<\/div>\n\t\t\t\t<div class=\"elementor-post__excerpt\">\n\t\t\t<p>T\u00f4i \u0111\u00e3 th\u1ea5y m\u1ed9t h\u00ecnh \u1ea3nh trong \u0111\u00f3 khu\u00f4n m\u1eb7t c\u1ee7a \u0110\u1ea5ng Ti\u00ean tri, c\u1ea7u xin Ch\u00faa ban ph\u01b0\u1edbc l\u00e0nh v\u00e0 b\u00ecnh an cho Ng\u01b0\u1eddi, l\u1ea5p \u0111\u1ea7y v\u00f2ng tr\u00f2n c\u1ee7a m\u1eb7t tr\u0103ng, v\u00e0 Ng\u01b0\u1eddi \u0111ang nh\u00ecn t\u00f4i, m\u1ec9m c\u01b0\u1eddi.<\/p>\n\t\t<\/div>\n\t\t\n\t\t<a class=\"elementor-post__read-more\" href=\"https:\/\/tamerbadr.com\/vi\/archives\/20411\" aria-label=\"Read more about \u0631\u0624\u064a\u0627 \u0648\u062c\u0647 \u0627\u0644\u0646\u0628\u064a \ufdfa \u064a\u0645\u0644\u0623 \u062f\u0627\u0626\u0631\u0629 \u0627\u0644\u0642\u0645\u0631 \u0641\u064a \u064a\u0648\u0644\u064a\u0648 2014\" tabindex=\"-1\" >\n\t\t\t\u0110\u1ecdc th\u00eam \u00bb\t\t<\/a>\n\n\t\t\t\t<\/div>\n\t\t\t\t<\/article>\n\t\t\t\t<article class=\"elementor-post elementor-grid-item post-20408 post type-post status-publish format-standard has-post-thumbnail category--2011-2015\">\n\t\t\t\t<a class=\"elementor-post__thumbnail__link\" href=\"https:\/\/tamerbadr.com\/vi\/archives\/20408\" tabindex=\"-1\" >\n\t\t\t<div class=\"elementor-post__thumbnail\"><img alt=\"\" loading=\"lazy\" decoding=\"async\" width=\"300\" height=\"212\" src=\"https:\/\/tamerbadr.com\/wp-content\/uploads\/2025\/03\/463862253_8625494970870367_7697878096377184312_n-1.jpg\" class=\"attachment-medium size-medium wp-image-20409\" \/><\/div>\n\t\t<\/a>\n\t\t\t\t<div class=\"elementor-post__text\">\n\t\t\t\t<h3 class=\"elementor-post__title\">\n\t\t\t<a href=\"https:\/\/tamerbadr.com\/vi\/archives\/20408\" >\n\t\t\t\tT\u1ea7m nh\u00ecn v\u1ec1 M\u1eb7t tr\u1eddi, B\u1ed1n m\u1eb7t tr\u0103ng v\u00e0 Sao Kim v\u00e0o th\u00e1ng 6 n\u0103m 2014\t\t\t<\/a>\n\t\t<\/h3>\n\t\t\t\t<div class=\"elementor-post__meta-data\">\n\t\t\t\t\t<span class=\"elementor-post-date\">\n\t\t\t23\/03\/2025\t\t<\/span>\n\t\t\t\t<span class=\"elementor-post-avatar\">\n\t\t\tKh\u00f4ng c\u00f3 b\u00ecnh lu\u1eadn\t\t<\/span>\n\t\t\t\t<\/div>\n\t\t\t\t<div class=\"elementor-post__excerpt\">\n\t\t\t<p>T\u00f4i nh\u00ecn th\u1ea5y m\u1eb7t tr\u1eddi v\u00e0 b\u1ed1n m\u1eb7t tr\u0103ng, m\u1ed9t trong s\u1ed1 \u0111\u00f3 c\u00f3 d\u00f2ng ch\u1eef &quot;Kh\u00f4ng c\u00f3 Ch\u00faa n\u00e0o ngo\u00e0i Ch\u00faa&quot; \u0111\u01b0\u1ee3c vi\u1ebft tr\u00ean \u0111\u00f3, v\u00e0 ba m\u1eb7t tr\u0103ng c\u00f2n l\u1ea1i c\u00f3 d\u00f2ng ch\u1eef kh\u00f4ng r\u00f5 r\u00e0ng, v\u00e0 t\u00f4i nh\u00ecn th\u1ea5y m\u1ed9t h\u00e0nh tinh r\u1ea5t s\u00e1ng b\u00ean c\u1ea1nh ch\u00fang.<\/p>\n\t\t<\/div>\n\t\t\n\t\t<a class=\"elementor-post__read-more\" href=\"https:\/\/tamerbadr.com\/vi\/archives\/20408\" aria-label=\"Read more about \u0631\u0624\u064a\u0627 \u0627\u0644\u0634\u0645\u0633 \u0648\u0627\u0644\u0623\u0642\u0645\u0627\u0631 \u0627\u0644\u0623\u0631\u0628\u0639\u0629 \u0648\u0627\u0644\u0632\u0647\u0631\u0629 \u0641\u064a \u064a\u0648\u0646\u064a\u0648 2014\" tabindex=\"-1\" >\n\t\t\t\u0110\u1ecdc th\u00eam \u00bb\t\t<\/a>\n\n\t\t\t\t<\/div>\n\t\t\t\t<\/article>\n\t\t\t\t<article class=\"elementor-post elementor-grid-item post-20405 post type-post status-publish format-standard has-post-thumbnail category--2011-2015\">\n\t\t\t\t<a class=\"elementor-post__thumbnail__link\" href=\"https:\/\/tamerbadr.com\/vi\/archives\/20405\" tabindex=\"-1\" >\n\t\t\t<div class=\"elementor-post__thumbnail\"><img alt=\"\" loading=\"lazy\" decoding=\"async\" width=\"272\" height=\"186\" src=\"https:\/\/tamerbadr.com\/wp-content\/uploads\/2025\/03\/52297862_2168634933223102_76675491334979584_n-1.jpg\" class=\"attachment-medium size-medium wp-image-20406\" \/><\/div>\n\t\t<\/a>\n\t\t\t\t<div class=\"elementor-post__text\">\n\t\t\t\t<h3 class=\"elementor-post__title\">\n\t\t\t<a href=\"https:\/\/tamerbadr.com\/vi\/archives\/20405\" >\n\t\t\t\tC\u1ea3nh t\u01b0\u1ee3ng c\u01b0\u1ee1i voi gi\u1eefa bi\u1ec3n v\u00e0 t\u01b0\u1eddng th\u00e0nh trong th\u1eddi gian b\u1ecb giam c\u1ea7m n\u0103m 2012\t\t\t<\/a>\n\t\t<\/h3>\n\t\t\t\t<div class=\"elementor-post__meta-data\">\n\t\t\t\t\t<span class=\"elementor-post-date\">\n\t\t\t23\/03\/2025\t\t<\/span>\n\t\t\t\t<span class=\"elementor-post-avatar\">\n\t\t\tKh\u00f4ng c\u00f3 b\u00ecnh lu\u1eadn\t\t<\/span>\n\t\t\t\t<\/div>\n\t\t\t\t<div class=\"elementor-post__excerpt\">\n\t\t\t<p>T\u00f4i \u0111\u00e3 c\u00f3 m\u1ed9t \u1ea3o gi\u00e1c khi \u1edf trong t\u00f9. T\u00f4i th\u1ea5y m\u00ecnh \u0111ang c\u01b0\u1ee1i m\u1ed9t con voi v\u00e0 n\u00f3 ch\u1ea1y c\u00f9ng t\u00f4i tr\u00ean b\u00e3i bi\u1ec3n. B\u00ean ph\u1ea3i t\u00f4i l\u00e0 bi\u1ec3n v\u00e0 b\u00ean tr\u00e1i t\u00f4i l\u00e0 t\u01b0\u1eddng th\u00e0nh. Con voi v\u1eabn ch\u1ea1y.<\/p>\n\t\t<\/div>\n\t\t\n\t\t<a class=\"elementor-post__read-more\" href=\"https:\/\/tamerbadr.com\/vi\/archives\/20405\" aria-label=\"Read more about \u0631\u0624\u064a\u0627 \u0631\u0643\u0648\u0628 \u0627\u0644\u0641\u064a\u0644 \u0628\u064a\u0646 \u0627\u0644\u0628\u062d\u0631 \u0648\u0633\u0648\u0631 \u0627\u0644\u0642\u0644\u0639\u0629 \u0623\u062b\u0646\u0627\u0621 \u0627\u0644\u062d\u0628\u0633 \u0641\u064a \u0639\u0627\u0645 2012\" tabindex=\"-1\" >\n\t\t\t\u0110\u1ecdc th\u00eam \u00bb\t\t<\/a>\n\n\t\t\t\t<\/div>\n\t\t\t\t<\/article>\n\t\t\t\t<article class=\"elementor-post elementor-grid-item post-20401 post type-post status-publish format-standard has-post-thumbnail category--2011-2015\">\n\t\t\t\t<a class=\"elementor-post__thumbnail__link\" href=\"https:\/\/tamerbadr.com\/vi\/archives\/20401\" tabindex=\"-1\" >\n\t\t\t<div class=\"elementor-post__thumbnail\"><img alt=\"\" loading=\"lazy\" decoding=\"async\" width=\"300\" height=\"194\" src=\"https:\/\/tamerbadr.com\/wp-content\/uploads\/2025\/03\/464494000_8664621016957762_4145907753442508077_n-1.jpg\" class=\"attachment-medium size-medium wp-image-20402\" \/><\/div>\n\t\t<\/a>\n\t\t\t\t<div class=\"elementor-post__text\">\n\t\t\t\t<h3 class=\"elementor-post__title\">\n\t\t\t<a href=\"https:\/\/tamerbadr.com\/vi\/archives\/20401\" >\n\t\t\t\tM\u1ed9t vi\u1ec5n c\u1ea3nh v\u1ec1 s\u1ef1 th\u1ea5t b\u1ea1i c\u1ee7a C\u00e1ch m\u1ea1ng 25 th\u00e1ng 1 trong th\u1eddi gian b\u1ecb giam c\u1ea7m n\u0103m 2012\t\t\t<\/a>\n\t\t<\/h3>\n\t\t\t\t<div class=\"elementor-post__meta-data\">\n\t\t\t\t\t<span class=\"elementor-post-date\">\n\t\t\t23\/03\/2025\t\t<\/span>\n\t\t\t\t<span class=\"elementor-post-avatar\">\n\t\t\tKh\u00f4ng c\u00f3 b\u00ecnh lu\u1eadn\t\t<\/span>\n\t\t\t\t<\/div>\n\t\t\t\t<div class=\"elementor-post__excerpt\">\n\t\t\t<p>Trong m\u1ed9t \u1ea3o \u1ea3nh t\u00f4i th\u1ea5y khi \u0111ang \u1edf trong t\u00f9 v\u00e0o n\u0103m 2012, t\u00f4i bi\u1ebft r\u1eb1ng m\u1ed9t cu\u1ed9c \u0111\u1ea3o ch\u00ednh s\u1ebd di\u1ec5n ra, v\u00ec v\u1eady t\u00f4i ch\u1eafc ch\u1eafn r\u1eb1ng m\u1ed9t cu\u1ed9c \u0111\u1ea3o ch\u00ednh s\u1ebd di\u1ec5n ra.<\/p>\n\t\t<\/div>\n\t\t\n\t\t<a class=\"elementor-post__read-more\" href=\"https:\/\/tamerbadr.com\/vi\/archives\/20401\" aria-label=\"Read more about \u0631\u0624\u064a\u0627 \u0641\u0634\u0644 \u062b\u0648\u0631\u0629 \u0627\u0644\u062e\u0627\u0645\u0633 \u0648\u0627\u0644\u0639\u0634\u0631\u0648\u0646 \u0645\u0646 \u064a\u0646\u0627\u064a\u0631 \u0623\u062b\u0646\u0627\u0621 \u0627\u0644\u062d\u0628\u0633 \u0641\u064a \u0639\u0627\u0645 2012\" tabindex=\"-1\" >\n\t\t\t\u0110\u1ecdc th\u00eam \u00bb\t\t<\/a>\n\n\t\t\t\t<\/div>\n\t\t\t\t<\/article>\n\t\t\t\t<article class=\"elementor-post elementor-grid-item post-20394 post type-post status-publish format-standard has-post-thumbnail category--2011-2015\">\n\t\t\t\t<a class=\"elementor-post__thumbnail__link\" href=\"https:\/\/tamerbadr.com\/vi\/archives\/20394\" tabindex=\"-1\" >\n\t\t\t<div class=\"elementor-post__thumbnail\"><img alt=\"\" loading=\"lazy\" decoding=\"async\" width=\"300\" height=\"169\" src=\"https:\/\/tamerbadr.com\/wp-content\/uploads\/2025\/03\/ScreenShot001-1.jpg\" class=\"attachment-medium size-medium wp-image-20399\" \/><\/div>\n\t\t<\/a>\n\t\t\t\t<div class=\"elementor-post__text\">\n\t\t\t\t<h3 class=\"elementor-post__title\">\n\t\t\t<a href=\"https:\/\/tamerbadr.com\/vi\/archives\/20394\" >\n\t\t\t\tKh\u1ea3i t\u01b0\u1ee3ng c\u1ee7a Ti\u00ean tri Joseph, c\u1ea7u xin s\u1ef1 b\u00ecnh an cho Ng\u01b0\u1eddi, v\u00e0o th\u00e1ng 12 n\u0103m 2011\t\t\t<\/a>\n\t\t<\/h3>\n\t\t\t\t<div class=\"elementor-post__meta-data\">\n\t\t\t\t\t<span class=\"elementor-post-date\">\n\t\t\t23\/03\/2025\t\t<\/span>\n\t\t\t\t<span class=\"elementor-post-avatar\">\n\t\t\tKh\u00f4ng c\u00f3 b\u00ecnh lu\u1eadn\t\t<\/span>\n\t\t\t\t<\/div>\n\t\t\t\t<div class=\"elementor-post__excerpt\">\n\t\t\t<p>Linh \u1ea3nh n\u00e0y xu\u1ea5t hi\u1ec7n sau khi t\u00f4i b\u1ecb b\u1eaft t\u1ea1i Qu\u1ea3ng tr\u01b0\u1eddng Tahrir v\u00e0 b\u1ecb bi\u1ec7t giam trong nh\u00e0 t\u00f9 T\u00ecnh b\u00e1o Qu\u00e2n \u0111\u1ed9i. Linh \u1ea3nh n\u00e0y xu\u1ea5t hi\u1ec7n b\u00ean trong ph\u00f2ng bi\u1ec7t giam. T\u00f4i \u0111\u00e3 th\u1ea5y th\u1ea7y Joseph c\u1ee7a ch\u00fang t\u00f4i, c\u1ea7u xin s\u1ef1 b\u00ecnh an cho ng\u00e0i.<\/p>\n\t\t<\/div>\n\t\t\n\t\t<a class=\"elementor-post__read-more\" href=\"https:\/\/tamerbadr.com\/vi\/archives\/20394\" aria-label=\"Read more about \u0631\u0624\u064a\u0627 \u0633\u064a\u062f\u0646\u0627 \u064a\u0648\u0633\u0641 \u0639\u0644\u064a\u0647 \u0627\u0644\u0633\u0644\u0627\u0645 \u0641\u064a \u062f\u064a\u0633\u0645\u0628\u0631 2011\" tabindex=\"-1\" >\n\t\t\t\u0110\u1ecdc th\u00eam \u00bb\t\t<\/a>\n\n\t\t\t\t<\/div>\n\t\t\t\t<\/article>\n\t\t\t\t<article class=\"elementor-post elementor-grid-item post-20395 post type-post status-publish format-standard has-post-thumbnail category--2011-2015\">\n\t\t\t\t<a class=\"elementor-post__thumbnail__link\" href=\"https:\/\/tamerbadr.com\/vi\/archives\/20395\" tabindex=\"-1\" >\n\t\t\t<div class=\"elementor-post__thumbnail\"><img alt=\"\" loading=\"lazy\" decoding=\"async\" width=\"300\" height=\"225\" src=\"https:\/\/tamerbadr.com\/wp-content\/uploads\/2025\/03\/464665585_8683443405075523_5056367428049651258_n-1.jpg\" class=\"attachment-medium size-medium wp-image-20392\" \/><\/div>\n\t\t<\/a>\n\t\t\t\t<div class=\"elementor-post__text\">\n\t\t\t\t<h3 class=\"elementor-post__title\">\n\t\t\t<a href=\"https:\/\/tamerbadr.com\/vi\/archives\/20395\" >\n\t\t\t\tM\u1ed9t vi\u1ec5n c\u1ea3nh v\u1ec1 vi\u1ec7c b\u1ebf \u0110\u1ee9c Ti\u00ean tri, c\u1ea7u xin s\u1ef1 b\u00ecnh an v\u00e0 ph\u01b0\u1edbc l\u00e0nh c\u1ee7a Ng\u01b0\u1eddi, khi Ng\u01b0\u1eddi c\u00f2n l\u00e0 m\u1ed9t \u0111\u1ee9a tr\u1ebb v\u00e0o th\u00e1ng 12 n\u0103m 2011\t\t\t<\/a>\n\t\t<\/h3>\n\t\t\t\t<div class=\"elementor-post__meta-data\">\n\t\t\t\t\t<span class=\"elementor-post-date\">\n\t\t\t23\/03\/2025\t\t<\/span>\n\t\t\t\t<span class=\"elementor-post-avatar\">\n\t\t\tKh\u00f4ng c\u00f3 b\u00ecnh lu\u1eadn\t\t<\/span>\n\t\t\t\t<\/div>\n\t\t\t\t<div class=\"elementor-post__excerpt\">\n\t\t\t<p>T\u00f4i \u0111\u00e3 c\u00f3 m\u1ed9t \u1ea3o gi\u00e1c khi \u0111ang bi\u1ec3u t\u00ecnh \u1edf Qu\u1ea3ng tr\u01b0\u1eddng Tahrir trong s\u1ef1 ki\u1ec7n Mohamed Mahmoud n\u0103m 2011. T\u00f4i nh\u00ecn th\u1ea5y m\u1ed9t ph\u1ee5 n\u1eef l\u1edbn tu\u1ed5i kho\u1ea3ng n\u0103m m\u01b0\u01a1i \u0111\u1ebfn s\u00e1u m\u01b0\u01a1i tu\u1ed5i \u0111ang \u0111i v\u1ec1 ph\u00eda...<\/p>\n\t\t<\/div>\n\t\t\n\t\t<a class=\"elementor-post__read-more\" href=\"https:\/\/tamerbadr.com\/vi\/archives\/20395\" aria-label=\"Read more about \u0631\u0624\u064a\u0627 \u062d\u0645\u0644 \u0627\u0644\u0646\u0628\u064a \ufdfa \u0648\u0647\u0648 \u0637\u0641\u0644 \u0641\u064a \u062f\u064a\u0633\u0645\u0628\u0631 2011\" tabindex=\"-1\" >\n\t\t\t\u0110\u1ecdc th\u00eam \u00bb\t\t<\/a>\n\n\t\t\t\t<\/div>\n\t\t\t\t<\/article>\n\t\t\t\t<\/div>\n\t\t\n\t\t\t\t\t\t<\/div>\n\t\t\t\t<\/div>\n\t\t\t\t\t<\/div>\n\t\t\t\t<\/div>\n\t\t\t\t<section class=\"elementor-section elementor-top-section elementor-element elementor-element-8485e6c elementor-section-full_width elementor-section-height-default elementor-section-height-default elementor-invisible\" data-id=\"8485e6c\" data-element_type=\"section\" data-settings=\"{&quot;animation&quot;:&quot;fadeInUp&quot;}\">\n\t\t\t\t\t\t<div class=\"elementor-container elementor-column-gap-no\">\n\t\t\t\t\t<div class=\"elementor-column elementor-col-100 elementor-top-column elementor-element elementor-element-0475cf1\" data-id=\"0475cf1\" data-element_type=\"column\" data-settings=\"{&quot;background_background&quot;:&quot;classic&quot;}\">\n\t\t\t<div class=\"elementor-widget-wrap elementor-element-populated\">\n\t\t\t\t\t\t<div class=\"elementor-element elementor-element-efcca8d elementor-widget__width-auto elementor-absolute elementor-invisible elementor-widget elementor-widget-image\" data-id=\"efcca8d\" data-element_type=\"widget\" data-settings=\"{&quot;_position&quot;:&quot;absolute&quot;,&quot;_animation&quot;:&quot;fadeInLeft&quot;,&quot;_animation_delay&quot;:200}\" data-widget_type=\"image.default\">\n\t\t\t\t<div class=\"elementor-widget-container\">\n\t\t\t\t\t\t\t\t\t\t\t\t\t\t\t<img alt=\"\" decoding=\"async\" width=\"305\" height=\"227\" src=\"https:\/\/tamerbadr.com\/wp-content\/uploads\/2022\/10\/opening-quote-icon.png\" class=\"attachment-full size-full wp-image-1947\" \/>\t\t\t\t\t\t\t\t\t\t\t\t\t\t\t<\/div>\n\t\t\t\t<\/div>\n\t\t\t\t\t<\/div>\n\t\t<\/div>\n\t\t\t\t\t<\/div>\n\t\t<\/section>\n\t\t\t\t<\/div>","protected":false},"excerpt":{"rendered":"<p>T\u1ea7m nh\u00ecn c\u1ee7a Tamer Badr 2011-2015<\/p>","protected":false},"author":1,"featured_media":4468,"parent":0,"menu_order":0,"comment_status":"closed","ping_status":"closed","template":"elementor_header_footer","meta":{"_seopress_robots_primary_cat":"","_seopress_titles_title":"","_seopress_titles_desc":"","_seopress_robots_index":"","inline_featured_image":false,"_uf_show_specific_survey":0,"_uf_disable_surveys":false,"footnotes":""},"class_list":["post-20313","page","type-page","status-publish","has-post-thumbnail"],"_links":{"self":[{"href":"https:\/\/tamerbadr.com\/vi\/wp-json\/wp\/v2\/pages\/20313","targetHints":{"allow":["GET"]}}],"collection":[{"href":"https:\/\/tamerbadr.com\/vi\/wp-json\/wp\/v2\/pages"}],"about":[{"href":"https:\/\/tamerbadr.com\/vi\/wp-json\/wp\/v2\/types\/page"}],"author":[{"embeddable":true,"href":"https:\/\/tamerbadr.com\/vi\/wp-json\/wp\/v2\/users\/1"}],"replies":[{"embeddable":true,"href":"https:\/\/tamerbadr.com\/vi\/wp-json\/wp\/v2\/comments?post=20313"}],"version-history":[{"count":0,"href":"https:\/\/tamerbadr.com\/vi\/wp-json\/wp\/v2\/pages\/20313\/revisions"}],"wp:featuredmedia":[{"embeddable":true,"href":"https:\/\/tamerbadr.com\/vi\/wp-json\/wp\/v2\/media\/4468"}],"wp:attachment":[{"href":"https:\/\/tamerbadr.com\/vi\/wp-json\/wp\/v2\/media?parent=20313"}],"curies":[{"name":"wp","href":"https:\/\/api.w.org\/{rel}","templated":true}]}}