{"id":20137,"date":"2025-03-19T15:40:18","date_gmt":"2025-03-19T15:40:18","guid":{"rendered":"https:\/\/white-ant-267257.hostingersite.com\/?page_id=20137"},"modified":"2025-04-06T08:18:15","modified_gmt":"2025-04-06T08:18:15","slug":"the-book-of-the-virtue-of-patience-in-the-face-of-adversity","status":"publish","type":"page","link":"https:\/\/tamerbadr.com\/vi\/the-book-of-the-virtue-of-patience-in-the-face-of-adversity","title":{"rendered":"Cu\u1ed1n s\u00e1ch v\u1ec1 \u0111\u1ee9c t\u00ednh ki\u00ean nh\u1eabn tr\u01b0\u1edbc ngh\u1ecbch c\u1ea3nh"},"content":{"rendered":"<div data-elementor-type=\"wp-page\" data-elementor-id=\"20137\" class=\"elementor elementor-20137\" data-elementor-post-type=\"page\">\n\t\t\t\t<div class=\"elementor-element elementor-element-c8c7aab e-flex e-con-boxed e-con e-parent\" data-id=\"c8c7aab\" data-element_type=\"container\">\n\t\t\t\t\t<div class=\"e-con-inner\">\n\t\t<div class=\"elementor-element elementor-element-6483b1a e-con-full e-flex e-con e-child\" data-id=\"6483b1a\" data-element_type=\"container\">\n\t\t\t\t<div class=\"elementor-element elementor-element-6058eb2 elementor-widget elementor-widget-wc-elements\" data-id=\"6058eb2\" data-element_type=\"widget\" data-widget_type=\"wc-elements.default\">\n\t\t\t\t<div class=\"elementor-widget-container\">\n\t\t\t\t\t<div class=\"woocommerce\">\t\t\t<div class=\"single-product\" data-product-page-preselected-id=\"0\">\n\t\t\t\t<div class=\"woocommerce-notices-wrapper\"><\/div><div id=\"product-19573\" class=\"product type-product post-19573 status-publish first instock product_cat-191 has-post-thumbnail downloadable shipping-taxable purchasable product-type-simple\">\n\n\t<div class=\"woocommerce-product-gallery woocommerce-product-gallery--with-images woocommerce-product-gallery--columns-4 images\" data-columns=\"4\" style=\"opacity: 0; transition: opacity .25s ease-in-out;\">\n\t<div class=\"woocommerce-product-gallery__wrapper\">\n\t\t<div data-thumb=\"https:\/\/tamerbadr.com\/wp-content\/uploads\/2025\/03\/\u0641\u0636\u0644-\u0627\u0644\u0635\u0628\u0631-\u0639\u0644\u0649-\u0627\u0644\u0628\u0644\u0627\u0621.jpg\" data-thumb-alt=\"\u0643\u062a\u0627\u0628 \u0641\u0636\u0644 \u0627\u0644\u0635\u0628\u0631 \u0639\u0644\u064a \u0627\u0644\u0628\u0644\u0627\u0621\" data-thumb-srcset=\"\"  data-thumb-sizes=\"(max-width: 71px) 100vw, 71px\" class=\"woocommerce-product-gallery__image\"><a href=\"https:\/\/tamerbadr.com\/wp-content\/uploads\/2025\/03\/\u0641\u0636\u0644-\u0627\u0644\u0635\u0628\u0631-\u0639\u0644\u0649-\u0627\u0644\u0628\u0644\u0627\u0621.jpg\"><img fetchpriority=\"high\" decoding=\"async\" width=\"480\" height=\"676\" src=\"https:\/\/tamerbadr.com\/wp-content\/uploads\/2025\/03\/\u0641\u0636\u0644-\u0627\u0644\u0635\u0628\u0631-\u0639\u0644\u0649-\u0627\u0644\u0628\u0644\u0627\u0621.jpg\" class=\"wp-post-image\" alt=\"Cu\u1ed1n s\u00e1ch v\u1ec1 \u0111\u1ee9c t\u00ednh ki\u00ean nh\u1eabn tr\u01b0\u1edbc ngh\u1ecbch c\u1ea3nh\" data-caption=\"\" data-src=\"https:\/\/tamerbadr.com\/wp-content\/uploads\/2025\/03\/\u0641\u0636\u0644-\u0627\u0644\u0635\u0628\u0631-\u0639\u0644\u0649-\u0627\u0644\u0628\u0644\u0627\u0621.jpg\" data-large_image=\"https:\/\/tamerbadr.com\/wp-content\/uploads\/2025\/03\/\u0641\u0636\u0644-\u0627\u0644\u0635\u0628\u0631-\u0639\u0644\u0649-\u0627\u0644\u0628\u0644\u0627\u0621.jpg\" data-large_image_width=\"480\" data-large_image_height=\"676\" \/><\/a><\/div><div data-thumb=\"https:\/\/tamerbadr.com\/wp-content\/uploads\/2025\/03\/\u0645\u0624\u0644\u0641\u0627\u062a-\u062a\u0627\u0645\u0631-\u0628\u062f\u0631-1-6.jpg\" data-thumb-alt=\"\u0643\u062a\u0627\u0628 \u0641\u0636\u0644 \u0627\u0644\u0635\u0628\u0631 \u0639\u0644\u064a \u0627\u0644\u0628\u0644\u0627\u0621 - \u1ea2nh 2\" data-thumb-srcset=\"\"  data-thumb-sizes=\"(max-width: 92px) 100vw, 92px\" class=\"woocommerce-product-gallery__image\" data-no-translation-data-thumb-alt=\"\"><a href=\"https:\/\/tamerbadr.com\/wp-content\/uploads\/2025\/03\/\u0645\u0624\u0644\u0641\u0627\u062a-\u062a\u0627\u0645\u0631-\u0628\u062f\u0631-1-6.jpg\"><img decoding=\"async\" width=\"389\" height=\"422\" src=\"https:\/\/tamerbadr.com\/wp-content\/uploads\/2025\/03\/\u0645\u0624\u0644\u0641\u0627\u062a-\u062a\u0627\u0645\u0631-\u0628\u062f\u0631-1-6.jpg\" class=\"\" alt=\"\u0643\u062a\u0627\u0628 \u0641\u0636\u0644 \u0627\u0644\u0635\u0628\u0631 \u0639\u0644\u064a \u0627\u0644\u0628\u0644\u0627\u0621 - \u1ea2nh 2\" data-caption=\"CREATOR: gd-jpeg v1.0 (using IJG JPEG v62), quality = 90\" data-src=\"https:\/\/tamerbadr.com\/wp-content\/uploads\/2025\/03\/\u0645\u0624\u0644\u0641\u0627\u062a-\u062a\u0627\u0645\u0631-\u0628\u062f\u0631-1-6.jpg\" data-large_image=\"https:\/\/tamerbadr.com\/wp-content\/uploads\/2025\/03\/\u0645\u0624\u0644\u0641\u0627\u062a-\u062a\u0627\u0645\u0631-\u0628\u062f\u0631-1-6.jpg\" data-large_image_width=\"389\" data-large_image_height=\"422\" data-no-translation-alt=\"\" \/><\/a><\/div>\t<\/div>\n<\/div>\n\n\t<div class=\"summary entry-summary\">\n\t\t<h1 class=\"product_title entry-title\">Cu\u1ed1n s\u00e1ch v\u1ec1 \u0111\u1ee9c t\u00ednh ki\u00ean nh\u1eabn tr\u01b0\u1edbc ngh\u1ecbch c\u1ea3nh<\/h1><p class=\"price\"><span class=\"woocommerce-Price-amount amount\"><bdi><span class=\"woocommerce-Price-currencySymbol\">EGP<\/span>40.00<\/bdi><\/span><\/p>\n\n\t\n\t<form class=\"cart\" action=\"\" method=\"post\" enctype='multipart\/form-data' data-trp-original-action=\"\">\n\t\t\n\t\t<div class=\"quantity\">\n\t\t<label class=\"screen-reader-text\" for=\"quantity_69ffc9784d088\" data-no-translation=\"\" data-trp-gettext=\"\">\u0643\u062a\u0627\u0628 \u0641\u0636\u0644 \u0627\u0644\u0635\u0628\u0631 \u0639\u0644\u064a \u0627\u0644\u0628\u0644\u0627\u0621 s\u1ed1 l\u01b0\u1ee3ng<\/label>\n\t<input\n\t\ttype=\"number\"\n\t\t\t\tid=\"quantity_69ffc9784d088\"\n\t\tclass=\"input-text qty text\"\n\t\tname=\"quantity\"\n\t\tvalue=\"1\"\n\t\taria-label=\"S\u1ed1 l\u01b0\u1ee3ng s\u1ea3n ph\u1ea9m\"\n\t\t\t\tmin=\"1\"\n\t\t\t\t\t\t\tstep=\"1\"\n\t\t\tplaceholder=\"\"\n\t\t\tinputmode=\"numeric\"\n\t\t\tautocomplete=\"off\" data-no-translation-aria-label=\"\"\n\t\t\t\/>\n\t<\/div>\n\n\t\t<button type=\"submit\" name=\"add-to-cart\" value=\"19573\" class=\"single_add_to_cart_button button alt\" data-no-translation=\"\" data-trp-gettext=\"\">Th\u00eam v\u00e0o gi\u1ecf h\u00e0ng<\/button>\n\n\t\t\n        <script>\n            document.addEventListener('DOMContentLoaded', function(){\n                document.addEventListener('click', function(event){\n                    if(!event.target.matches('.single_add_to_cart_button')){\n                        return;\n                    }\n\n                    const quantity = document.querySelector('input.qty').value || '1';\n                    const formProductVariation = document.querySelector('form[data-product_variations]')\n                    const variationItem = document.querySelector('.variation_id')\n\n                    let price = 40\n                    if(formProductVariation && variationItem){\n                        try{\n                            const variations = JSON.parse(formProductVariation.dataset.product_variations)\n                            const variationId = variationItem.value\n                            for(const variation of variations){\n                                if(variation.variation_id == Number(variationId)){\n                                    price = variation.display_price\n                                }\n                            }\n                        }\n                        catch{\n                        }\n                    }\n\n                    gtag('event', 'add_to_cart', {\n                        'items': [ {\n                            'item_id':'19573',\n                            'item_name': '\u0643\u062a\u0627\u0628 \u0641\u0636\u0644 \u0627\u0644\u0635\u0628\u0631 \u0639\u0644\u064a \u0627\u0644\u0628\u0644\u0627\u0621',\n                            'list_name': '\u0643\u062a\u0627\u0628 \u0641\u0636\u0644 \u0627\u0644\u0635\u0628\u0631 \u0639\u0644\u064a \u0627\u0644\u0628\u0644\u0627\u0621',\n                            'quantity': quantity,\n                            'price': price,\n                            \"item_category\":\"\u062f\u064a\u0646 \u0625\u0633\u0644\u0627\u0645\u064a\"\n                        }]\n                    });\n                })\n            });\n        <\/script>\n        \t<input type=\"hidden\" name=\"trp-form-language\" value=\"vi\"\/><\/form>\n\n\t\n<div class=\"product_meta\">\n\n\t\n\t\n\t<span class=\"posted_in\">Danh m\u1ee5c: <a href=\"https:\/\/tamerbadr.com\/vi\/danh-muc-san-pham\/%d8%af%d9%8a%d9%86-%d8%a5%d8%b3%d9%84%d8%a7%d9%85%d9%8a\" rel=\"tag\">T\u00f4n gi\u00e1o H\u1ed3i gi\u00e1o<\/a><\/span>\n\t\n\t\n<\/div>\n\t<\/div>\n\n\t\n\t<div class=\"woocommerce-tabs wc-tabs-wrapper\">\n\t\t<ul class=\"tabs wc-tabs\" role=\"tablist\">\n\t\t\t\t\t\t\t<li role=\"presentation\" class=\"description_tab\" id=\"tab-title-description\">\n\t\t\t\t\t<a href=\"#tab-description\" role=\"tab\" aria-controls=\"tab-description\">\n\t\t\t\t\t\tM\u00f4 t\u1ea3\t\t\t\t\t<\/a>\n\t\t\t\t<\/li>\n\t\t\t\t\t\t\t<li role=\"presentation\" class=\"reviews_tab\" id=\"tab-title-reviews\">\n\t\t\t\t\t<a href=\"#tab-reviews\" role=\"tab\" aria-controls=\"tab-reviews\">\n\t\t\t\t\t\t\u0110\u00e1nh gi\u00e1 (0)\t\t\t\t\t<\/a>\n\t\t\t\t<\/li>\n\t\t\t\t\t<\/ul>\n\t\t\t\t\t<div class=\"woocommerce-Tabs-panel woocommerce-Tabs-panel--description panel entry-content wc-tab\" id=\"tab-description\" role=\"tabpanel\" aria-labelledby=\"tab-title-description\">\n\t\t\t\t\n\t<h2 data-no-translation=\"\" data-trp-gettext=\"\">M\u00f4 t\u1ea3<\/h2>\n\n<h1 style=\"text-align: center;\"><strong>L\u1eddi gi\u1edbi thi\u1ec7u c\u1ee7a Sheikh Muhammad Hassan v\u1ec1 cu\u1ed1n s\u00e1ch \u0110\u1ee9c t\u00ednh ki\u00ean nh\u1eabn tr\u01b0\u1edbc ngh\u1ecbch c\u1ea3nh<\/strong><\/h1>\n<h1 style=\"text-align: center;\">Xin ng\u1ee3i khen Ch\u00faa, c\u1ea7u xin Ch\u00faa ban ph\u01b0\u1edbc l\u00e0nh v\u00e0 b\u00ecnh an cho S\u1ee9 gi\u1ea3 c\u1ee7a Ch\u00faa, c\u1ea7u xin Ch\u00faa ban ph\u01b0\u1edbc l\u00e0nh v\u00e0 ban cho Ng\u01b0\u1eddi s\u1ef1 b\u00ecnh an.<\/h1>\n<h1 style=\"text-align: center;\">Allah, \u0110\u1ea5ng To\u00e0n N\u0103ng, \u0111\u00e3 bi\u1ebfn s\u1ef1 ki\u00ean nh\u1eabn th\u00e0nh m\u1ed9t con ng\u1ef1a b\u1ea5t kh\u1ea3 chi\u1ebfn b\u1ea1i, m\u1ed9t \u0111\u1ed9i qu\u00e2n b\u1ea5t kh\u1ea3 chi\u1ebfn b\u1ea1i, v\u00e0 m\u1ed9t ph\u00e1o \u0111\u00e0i b\u1ea5t kh\u1ea3 x\u00e2m ph\u1ea1m. Ng\u00e0i, \u0110\u1ea5ng To\u00e0n N\u0103ng, \u0111\u00e3 ph\u00e1n r\u1eb1ng nh\u1eefng ng\u01b0\u1eddi ki\u00ean nh\u1eabn lu\u00f4n \u1edf b\u00ean c\u1ea1nh Allah v\u00e0 Ng\u00e0i y\u00eau th\u01b0\u01a1ng h\u1ecd. Th\u1eadt l\u00e0 m\u1ed9t vinh d\u1ef1!!<\/h1>\n<h1 style=\"text-align: center;\">\u0110\u1ea5ng To\u00e0n N\u0103ng ph\u00e1n: \u201cQu\u1ea3 th\u1eadt, Allah \u1edf c\u00f9ng nh\u1eefng ng\u01b0\u1eddi ki\u00ean nh\u1eabn.\u201d (Al-Baqarah: 153)<\/h1>\n<h1 style=\"text-align: center;\">\u0110\u1ea5ng To\u00e0n N\u0103ng ph\u00e1n: \u201cV\u00e0 Ch\u00faa y\u00eau th\u01b0\u01a1ng ng\u01b0\u1eddi b\u1ec7nh.\u201d (Al Imran: 146)<\/h1>\n<h1 style=\"text-align: center;\">V\u00e0 Ng\u00e0i \u0111\u00e3 \u0111\u1eb7t s\u1ef1 l\u00e3nh \u0111\u1ea1o t\u00f4n gi\u00e1o ph\u1ee5 thu\u1ed9c v\u00e0o s\u1ef1 ki\u00ean nh\u1eabn v\u00e0 ch\u1eafc ch\u1eafn, v\u00ec v\u1eady Ng\u00e0i, \u0110\u1ea5ng To\u00e0n n\u0103ng, \u0111\u00e3 ph\u00e1n: \u201cV\u00e0 Ch\u00fang ta \u0111\u00e3 t\u1ea1o ra t\u1eeb h\u1ecd nh\u1eefng ng\u01b0\u1eddi l\u00e3nh \u0111\u1ea1o h\u01b0\u1edbng d\u1eabn theo m\u1ec7nh l\u1ec7nh c\u1ee7a Ch\u00fang ta khi h\u1ecd ki\u00ean nh\u1eabn v\u00e0 ch\u1eafc ch\u1eafn v\u1ec1 c\u00e1c D\u1ea5u hi\u1ec7u c\u1ee7a Ch\u00fang ta.\u201d [As-Sajdah: 24]<\/h1>\n<h1 style=\"text-align: center;\">V\u00e0 Ng\u00e0i \u0111\u00e3 thu th\u1eadp cho ng\u01b0\u1eddi ki\u00ean nh\u1eabn nh\u1eefng tin m\u1eebng n\u00e0y m\u00e0 Ng\u00e0i kh\u00f4ng thu th\u1eadp cho ng\u01b0\u1eddi kh\u00e1c, v\u00ec v\u1eady Ng\u00e0i, \u0110\u1ea5ng T\u1ed1i Cao, \u0111\u00e3 ph\u00e1n: \u201cV\u00e0 ch\u1eafc ch\u1eafn TA s\u1ebd th\u1eed th\u00e1ch c\u00e1c ng\u01b0\u01a1i b\u1eb1ng n\u1ed7i s\u1ee3 h\u00e3i v\u00e0 \u0111\u00f3i kh\u00e1t v\u00e0 m\u1ea5t m\u00e1t c\u1ee7a c\u1ea3i, sinh m\u1ea1ng v\u00e0 hoa l\u1ee3i, nh\u01b0ng h\u00e3y ban tin m\u1eebng cho nh\u1eefng ng\u01b0\u1eddi ki\u00ean nh\u1eabn (155) Nh\u1eefng ng\u01b0\u1eddi, khi g\u1eb7p tai h\u1ecda, h\u00e3y n\u00f3i: \u201cQu\u1ea3 th\u1eadt ch\u00fang t\u00f4i thu\u1ed9c v\u1ec1 Allah, v\u00e0 qu\u1ea3 th\u1eadt ch\u00fang t\u00f4i s\u1ebd tr\u1edf v\u1ec1 v\u1edbi Ng\u00e0i.\u201d (156) Nh\u1eefng ng\u01b0\u1eddi \u0111\u00f3 s\u1ebd nh\u1eadn \u0111\u01b0\u1ee3c ph\u00fac l\u00e0nh t\u1eeb Ch\u00faa c\u1ee7a h\u1ecd v\u00e0 l\u00f2ng th\u01b0\u01a1ng x\u00f3t. V\u00e0 \u0111\u00f3 l\u00e0 nh\u1eefng ng\u01b0\u1eddi \u0111\u01b0\u1ee3c [\u0111\u00fang \u0111\u1eafn] h\u01b0\u1edbng d\u1eabn.\u201d (157) [Al-Baqarah]<\/h1>\n<h1 style=\"text-align: center;\">Sau \u0111\u00f3, \u0110\u1ea5ng To\u00e0n N\u0103ng gi\u1ea3i th\u00edch v\u1ec1 vinh d\u1ef1 c\u1ee7a nh\u1eefng ng\u01b0\u1eddi ki\u00ean nh\u1eabn \u1edf Thi\u00ean \u0110\u00e0ng b\u1eb1ng c\u00e1ch c\u00e1c thi\u00ean th\u1ea7n b\u01b0\u1edbc v\u00e0o ch\u00e0o \u0111\u00f3n h\u1ecd v\u00e0 ch\u00e0o \u0111\u00f3n h\u1ecd, nh\u01b0 Ng\u00e0i, \u0110\u1ea5ng To\u00e0n N\u0103ng, \u0111\u00e3 ph\u00e1n: \u201cV\u00e0 c\u00e1c thi\u00ean th\u1ea7n s\u1ebd b\u01b0\u1edbc v\u00e0o g\u1eb7p h\u1ecd t\u1eeb m\u1ecdi c\u00e1nh c\u1ed5ng, [n\u00f3i], \u2018B\u00ecnh an cho c\u00e1c ng\u01b0\u01a1i v\u00ec nh\u1eefng g\u00ec c\u00e1c ng\u01b0\u01a1i \u0111\u00e3 ki\u00ean nh\u1eabn ch\u1ecbu \u0111\u1ef1ng. V\u00e0 ng\u00f4i nh\u00e0 cu\u1ed1i c\u00f9ng th\u1eadt tuy\u1ec7t v\u1eddi!\u2019\u201d (Al-Ra\u2019d).<\/h1>\n<h1 style=\"text-align: center;\">Ng\u00e0i \u0111\u00e3 t\u00f3m t\u1eaft c\u00f4ng \u0111\u1ee9c v\u00e0 ph\u1ea7n th\u01b0\u1edfng v\u00f4 h\u1ea1n c\u1ee7a h\u1ecd, n\u00f3i r\u1eb1ng, \u201cCh\u1ec9 c\u00f3 b\u1ec7nh nh\u00e2n m\u1edbi \u0111\u01b0\u1ee3c ban th\u01b0\u1edfng \u0111\u1ea7y \u0111\u1ee7, kh\u00f4ng c\u1ea7n ph\u1ea3i gi\u1ea3i tr\u00ecnh.\u201d (Az-Zumar: 10)<\/h1>\n<h1 style=\"text-align: center;\">\u0110\u00fang v\u1eady, s\u1ef1 ki\u00ean nh\u1eabn \u0111\u00fang nh\u01b0 t\u00ean g\u1ecdi c\u1ee7a n\u00f3, v\u1ecb c\u1ee7a n\u00f3 th\u00ec \u0111\u1eafng, nh\u01b0ng h\u1eadu qu\u1ea3 c\u1ee7a n\u00f3 l\u1ea1i ng\u1ecdt h\u01a1n m\u1eadt ong.<\/h1>\n<h1 style=\"text-align: center;\">Ki\u00ean nh\u1eabn l\u00e0 g\u00ec?<\/h1>\n<h1 style=\"text-align: center;\">S\u1ef1 ki\u00ean nh\u1eabn trong ng\u00f4n ng\u1eef: l\u00e0 s\u1ef1 ph\u00f2ng ng\u1eeba v\u00e0 h\u1ea1n ch\u1ebf.<\/h1>\n<h1 style=\"text-align: center;\">Theo lu\u1eadt H\u1ed3i gi\u00e1o, ki\u00ean nh\u1eabn c\u00f3 ngh\u0129a l\u00e0 ki\u1ec1m ch\u1ebf b\u1ea3n th\u00e2n kh\u1ecfi lo l\u1eafng, ki\u1ec1m ch\u1ebf l\u1eddi n\u00f3i ph\u00e0n n\u00e0n v\u00e0 ki\u1ec1m ch\u1ebf t\u1ee9 chi kh\u1ecfi ph\u1ea1m t\u1ed9i.<\/h1>\n<h1 style=\"text-align: center;\">* \u0110\u01b0\u1ee3c chia th\u00e0nh ba ph\u1ea7n:<\/h1>\n<h1 style=\"text-align: center;\">Ki\u00ean nh\u1eabn v\u1edbi m\u1ec7nh l\u1ec7nh. T\u1ee9c l\u00e0 ki\u00ean nh\u1eabn v\u1edbi s\u1ef1 v\u00e2ng l\u1eddi.<\/h1>\n<h1 style=\"text-align: center;\">- V\u00e0 ki\u00ean nh\u1eabn trong vi\u1ec7c tr\u00e1nh \u0111i\u1ec1u c\u1ea5m. Ngh\u0129a l\u00e0 ki\u00ean nh\u1eabn trong vi\u1ec7c tr\u00e1nh t\u1ed9i l\u1ed7i.<\/h1>\n<h1 style=\"text-align: center;\">- Nh\u1eabn n\u1ea1i tr\u01b0\u1edbc s\u1ed1 ph\u1eadn. Ngh\u0129a l\u00e0 nh\u1eabn n\u1ea1i tr\u01b0\u1edbc nh\u1eefng tai \u01b0\u01a1ng, th\u1eed th\u00e1ch m\u00e0 Th\u01b0\u1ee3ng \u0110\u1ebf To\u00e0n N\u0103ng \u0111\u00e3 \u0111\u1ecbnh s\u1eb5n cho ng\u01b0\u1eddi t\u00f4i t\u1edb.<\/h1>\n<h1 style=\"text-align: center;\">S\u1ef1 ki\u00ean nh\u1eabn tuy\u1ec7t v\u1eddi l\u00e0 s\u1ef1 ki\u00ean nh\u1eabn m\u00e0 ng\u01b0\u1eddi s\u1edf h\u1eefu n\u00f3 t\u00ecm ki\u1ebfm s\u1ef1 h\u00e0i l\u00f2ng c\u1ee7a Allah, \u0110\u1ea5ng T\u1ed1i Cao, \u0110\u1ea5ng V\u0129 \u0110\u1ea1i, kh\u00f4ng ph\u1ea3i v\u00ec s\u1ee3 ng\u01b0\u1eddi \u0111\u1eddi n\u00f3i r\u1eb1ng m\u00ecnh thi\u1ebfu ki\u00ean nh\u1eabn, c\u0169ng kh\u00f4ng ph\u1ea3i v\u00ec t\u00f4 v\u1ebd cho ng\u01b0\u1eddi \u0111\u1eddi r\u1eb1ng m\u00ecnh thi\u1ebfu ki\u00ean nh\u1eabn. Tr\u00e1i l\u1ea1i, ng\u01b0\u1eddi ki\u00ean nh\u1eabn, tin t\u01b0\u1edfng v\u00e0o s\u1ef1 an b\u00e0i c\u1ee7a Allah, c\u1ea3 t\u1ed1t l\u1eabn x\u1ea5u, v\u01b0\u1ee3t l\u00ean tr\u00ean n\u1ed7i \u0111au v\u00e0 v\u01b0\u1ee3t l\u00ean tr\u00ean l\u1eddi than phi\u1ec1n.<\/h1>\n<h1 style=\"text-align: center;\">Cu\u1ed9c \u0111i\u1ec1u tra cho th\u1ea5y c\u00f3 hai lo\u1ea1i khi\u1ebfu n\u1ea1i:<\/h1>\n<h1 style=\"text-align: center;\">M\u1ed9t l\u1eddi ph\u00e0n n\u00e0n v\u1edbi Ch\u00faa, v\u00e0 m\u1ed9t l\u1eddi ph\u00e0n n\u00e0n t\u1eeb Ch\u00faa!!<\/h1>\n<h1 style=\"text-align: center;\">V\u1ec1 vi\u1ec7c than phi\u1ec1n v\u1edbi Ch\u00faa, \u0111i\u1ec1u \u0111\u00f3 kh\u00f4ng m\u00e2u thu\u1eabn v\u1edbi s\u1ef1 ki\u00ean nh\u1eabn, nh\u01b0 Ch\u00faa \u0111\u00e3 n\u00f3i trong l\u1eddi t\u01b0\u1eddng thu\u1eadt c\u1ee7a Jacob, c\u1ea7u xin s\u1ef1 b\u00ecnh an cho \u00f4ng: \u201cV\u00ec v\u1eady, s\u1ef1 ki\u00ean nh\u1eabn l\u00e0 ph\u00f9 h\u1ee3p nh\u1ea5t, v\u00e0 Ch\u00faa l\u00e0 ng\u01b0\u1eddi \u0111\u01b0\u1ee3c t\u00ecm ki\u1ebfm \u0111\u1ec3 gi\u00fap \u0111\u1ee1 ch\u1ed1ng l\u1ea1i nh\u1eefng g\u00ec b\u1ea1n m\u00f4 t\u1ea3.\u201d (Yusuf: 18)<\/h1>\n<h1 style=\"text-align: center;\">Tuy nhi\u00ean, \u00f4ng \u0111\u00e3 than phi\u1ec1n v\u1edbi Ch\u00faa r\u1eb1ng: \u201cT\u00f4i ch\u1ec9 than phi\u1ec1n v\u1edbi Ch\u00faa v\u1ec1 n\u1ed7i \u0111au kh\u1ed5 v\u00e0 n\u1ed7i bu\u1ed3n c\u1ee7a t\u00f4i\u201d (Yusuf: 86).<\/h1>\n<h1 style=\"text-align: center;\">Th\u01b0\u1ee3ng \u0110\u1ebf To\u00e0n N\u0103ng \u0111\u00e3 khen ng\u1ee3i Job, c\u1ea7u xin s\u1ef1 b\u00ecnh an cho \u00f4ng, nh\u01b0ng \u00f4ng \u0111\u00e3 than phi\u1ec1n v\u1edbi Th\u01b0\u1ee3ng \u0110\u1ebf r\u1eb1ng: \u201cV\u00e0 Job, khi \u00f4ng k\u00eau c\u1ea7u Ch\u00faa c\u1ee7a m\u00ecnh, \u2018Th\u1eadt v\u1eady, ngh\u1ecbch c\u1ea3nh \u0111\u00e3 b\u1eaft l\u1ea5y t\u00f4i, v\u00e0 Ng\u00e0i l\u00e0 \u0110\u1ea5ng Th\u01b0\u01a1ng x\u00f3t nh\u1ea5t trong nh\u1eefng \u0110\u1ea5ng Th\u01b0\u01a1ng x\u00f3t.\u2019\u201d (Al-Anbiya: 83)<\/h1>\n<h1 style=\"text-align: center;\">Ng\u01b0\u1eddi c\u00f3 \u0111\u1ee9c tin s\u00e1ng su\u1ed1t n\u00ean bi\u1ebft r\u1eb1ng th\u1ebf gian n\u00e0y l\u00e0 ch\u1ed1n th\u1eed th\u00e1ch v\u00e0 ki\u1ec3m nghi\u1ec7m, v\u00e0 ni\u1ec1m vui c\u1ee7a n\u00f3 ch\u1ec9 l\u00e0 nh\u1eefng gi\u1ea5c m\u01a1 v\u00e0 b\u00f3ng t\u1ed1i tho\u00e1ng qua. N\u1ebfu n\u00f3 l\u00e0m b\u1ea1n c\u01b0\u1eddi m\u1ed9t ch\u00fat, n\u00f3 s\u1ebd l\u00e0m b\u1ea1n kh\u00f3c r\u1ea5t nhi\u1ec1u. N\u1ebfu n\u00f3 l\u00e0m b\u1ea1n vui m\u1ed9t ng\u00e0y, n\u00f3 s\u1ebd l\u00e0m b\u1ea1n bu\u1ed3n c\u1ea3 \u0111\u1eddi. N\u1ebfu n\u00f3 cho b\u1ea1n m\u1ed9t ch\u00fat kho\u00e1i l\u1ea1c, n\u00f3 s\u1ebd t\u01b0\u1edbc \u0111o\u1ea1t b\u1ea1n m\u1ed9t th\u1eddi gian d\u00e0i. V\u00e0 m\u1ed7i ni\u1ec1m vui \u0111\u1ec1u \u0111i k\u00e8m v\u1edbi m\u1ed9t n\u1ed7i bu\u1ed3n!!<\/h1>\n<h1 style=\"text-align: center;\">Ng\u01b0\u1eddi kh\u00f4n ngoan l\u00e0 ng\u01b0\u1eddi nh\u00ecn b\u1eb1ng con m\u1eaft s\u00e1ng su\u1ed1t v\u00e0 \u00e1nh s\u00e1ng \u0111\u1ee9c tin c\u1ee7a m\u00ecnh, v\u00e0 bi\u1ebft ch\u1eafc ch\u1eafn r\u1eb1ng nh\u1eefng g\u00ec \u0111\u00e3 x\u1ea3y \u0111\u1ebfn v\u1edbi m\u00ecnh kh\u00f4ng th\u1ec3 n\u00e0o vu\u1ed9t kh\u1ecfi t\u1ea7m tay m\u00ecnh, v\u00e0 nh\u1eefng g\u00ec vu\u1ed9t kh\u1ecfi t\u1ea7m tay m\u00ecnh c\u0169ng kh\u00f4ng th\u1ec3 n\u00e0o vu\u1ed9t kh\u1ecfi t\u1ea7m tay m\u00ecnh. V\u00ec v\u1eady, h\u00e3y tra c\u1ee9u S\u00e1ch c\u1ee7a Th\u01b0\u1ee3ng \u0110\u1ebf To\u00e0n N\u0103ng v\u00e0 Sunnah c\u1ee7a S\u1ee9 Gi\u1ea3 Ng\u00e0i, c\u1ea7u xin Th\u01b0\u1ee3ng \u0110\u1ebf ban ph\u01b0\u1edbc l\u00e0nh v\u00e0 b\u00ecnh an cho Ng\u00e0i, \u0111\u1ec3 hi\u1ec3u \u0111\u01b0\u1ee3c ph\u1ea7n th\u01b0\u1edfng c\u1ee7a s\u1ef1 ki\u00ean nh\u1eabn.<\/h1>\n<h1 style=\"text-align: center;\">Sau \u0111\u00f3, h\u00e3y d\u1eadp t\u1eaft ng\u1ecdn l\u1eeda c\u1ee7a tai h\u1ecda v\u00e0 th\u1eed th\u00e1ch b\u1eb1ng s\u1ef1 b\u00ecnh t\u0129nh khi noi theo t\u1ea5m g\u01b0\u01a1ng c\u1ee7a nh\u1eefng ng\u01b0\u1eddi \u0111\u00e3 ch\u1ecbu \u0111au kh\u1ed5, \u0111\u1eb7c bi\u1ec7t l\u00e0 c\u00e1c S\u1ee9 gi\u1ea3 v\u00e0 Ti\u00ean tri.<\/h1>\n<h1 style=\"text-align: center;\">Khi \u0111\u00f3, n\u1ebfu \u00f4ng nh\u00ecn v\u00e0 t\u00ecm ki\u1ebfm gi\u1eefa nh\u1eefng ng\u01b0\u1eddi tr\u00ean tr\u00e1i \u0111\u1ea5t, \u00f4ng s\u1ebd kh\u00f4ng th\u1ea5y ai trong s\u1ed1 h\u1ecd ngo\u00e0i nh\u1eefng ng\u01b0\u1eddi \u0111au kh\u1ed5 v\u00ec m\u1ea5t \u0111i ng\u01b0\u1eddi th\u00e2n y\u00eau ho\u1eb7c g\u1eb7p ph\u1ea3i \u0111i\u1ec1u g\u00ec \u0111\u00f3 kh\u00f4ng vui!!<\/h1>\n<h1 style=\"text-align: center;\">Ch\u00fang ta c\u1ea7n l\u1eddi nh\u1eafc nh\u1edf li\u00ean t\u1ee5c bi\u1ebft bao trong th\u1eddi \u0111i\u1ec3m m\u00e0 th\u1eed th\u00e1ch, \u0111au kh\u1ed5 r\u1ea5t nhi\u1ec1u v\u00e0 r\u1ea5t kh\u1eafc nghi\u1ec7t.<\/h1>\n<h1 style=\"text-align: center;\">Nh\u1edd s\u1ef1 ki\u00ean nh\u1eabn khi \u0111\u1ed1i m\u1eb7t v\u1edbi ngh\u1ecbch c\u1ea3nh, hi\u1ec3u \u0111\u01b0\u1ee3c s\u1ef1 kh\u00f4n ngoan \u0111\u1eb1ng sau ngh\u1ecbch c\u1ea3nh, t\u00ecm hi\u1ec3u v\u1ec1 c\u00e1c lo\u1ea1i ngh\u1ecbch c\u1ea3nh, noi g\u01b0\u01a1ng c\u00e1c s\u1ee9 gi\u1ea3 v\u00e0 nh\u00e0 ti\u00ean tri, c\u00f9ng nh\u1eefng v\u1ea5n \u0111\u1ec1 quan tr\u1ecdng kh\u00e1c li\u00ean quan \u0111\u1ebfn ch\u1ee7 \u0111\u1ec1 cao qu\u00fd n\u00e0y.<\/h1>\n<h1 style=\"text-align: center;\">T\u00f4i \u0111ang c\u1ea7m trong tay m\u1ed9t th\u00f4ng \u0111i\u1ec7p t\u1ed1t \u0111\u1eb9p v\u1ec1 \u0111i\u1ec1u n\u00e0y t\u1eeb ng\u01b0\u1eddi anh em th\u00e2n y\u00eau Tamer Badr. C\u1ea7u xin Th\u01b0\u1ee3ng \u0110\u1ebf ban th\u01b0\u1edfng cho anh \u1ea5y nh\u1eefng \u0111i\u1ec1u t\u1ed1t \u0111\u1eb9p, \u0111\u01b0a ch\u00fang ta v\u00e0 anh \u1ea5y v\u00e0o h\u00e0ng ng\u0169 nh\u1eefng ng\u01b0\u1eddi ki\u00ean nh\u1eabn, v\u00e0 c\u1ea7u xin Ng\u00e0i l\u00e0m cho t\u1ea5t c\u1ea3 ch\u00fang ta vui m\u1eebng v\u1edbi chi\u1ebfn th\u1eafng c\u1ee7a t\u00f4n gi\u00e1o n\u00e0y. C\u1ea7u xin Th\u01b0\u1ee3ng \u0110\u1ebf ban cho ng\u01b0\u1eddi l\u00e3nh \u0111\u1ea1o c\u1ee7a c\u00e1c ti\u00ean tri, c\u00f9ng to\u00e0n th\u1ec3 gia \u0111\u00ecnh v\u00e0 b\u1ea1n h\u1eefu c\u1ee7a anh \u1ea5y l\u1eddi c\u1ea7u nguy\u1ec7n v\u00e0 b\u00ecnh an.<\/h1>\n<h1 style=\"text-align: center;\">\u0110\u01b0\u1ee3c vi\u1ebft b\u1edfi<\/h1>\n\t\t\t<\/div>\n\t\t\t\t\t<div class=\"woocommerce-Tabs-panel woocommerce-Tabs-panel--reviews panel entry-content wc-tab\" id=\"tab-reviews\" role=\"tabpanel\" aria-labelledby=\"tab-title-reviews\">\n\t\t\t\t<div id=\"reviews\" class=\"woocommerce-Reviews\">\n\t<div id=\"comments\">\n\t\t<h2 class=\"woocommerce-Reviews-title\">\n\t\t\t\u0110\u00e1nh gi\u00e1\t\t<\/h2>\n\n\t\t\t\t\t<p class=\"woocommerce-noreviews\" data-no-translation=\"\" data-trp-gettext=\"\">Ch\u01b0a c\u00f3 \u0111\u00e1nh gi\u00e1 n\u00e0o.<\/p>\n\t\t\t<\/div>\n\n\t\t\t<div id=\"review_form_wrapper\">\n\t\t\t<div id=\"review_form\">\n\t\t\t\t\t<div id=\"respond\" class=\"comment-respond\">\n\t\t<span id=\"reply-title\" class=\"comment-reply-title\" role=\"heading\" aria-level=\"3\">H\u00e3y l\u00e0 ng\u01b0\u1eddi \u0111\u1ea7u ti\u00ean nh\u1eadn x\u00e9t &ldquo;\u0643\u062a\u0627\u0628 \u0641\u0636\u0644 \u0627\u0644\u0635\u0628\u0631 \u0639\u0644\u064a \u0627\u0644\u0628\u0644\u0627\u0621&rdquo; <small><a rel=\"nofollow\" id=\"cancel-comment-reply-link\" href=\"\/vi\/wp-json\/wp\/v2\/pages\/20137#respond\" style=\"display:none;\">H\u1ee7y<\/a><\/small><\/span><p class=\"must-log-in\" data-no-translation=\"\" data-trp-gettext=\"\">B\u1ea1n ph\u1ea3i <a href=\"https:\/\/tamerbadr.com\/vi\/\">\u0111\u0103ng nh\u1eadp<\/a> \u0111\u1ec3 g\u1eedi \u0111\u00e1nh gi\u00e1.<\/p>\t<\/div><!-- #respond -->\n\t\t\t\t<\/div>\n\t\t<\/div>\n\t\n\t<div class=\"clear\"><\/div>\n<\/div>\n\t\t\t<\/div>\n\t\t\n\t\t\t<\/div>\n\n<\/div>\n\n\t\t\t<\/div>\n\t\t\t<\/div>\t\t\t\t<\/div>\n\t\t\t\t<\/div>\n\t\t\t\t<\/div>\n\t\t\t\t\t<\/div>\n\t\t\t\t<\/div>\n\t\t\t\t<\/div>","protected":false},"excerpt":{"rendered":"","protected":false},"author":1,"featured_media":0,"parent":0,"menu_order":0,"comment_status":"closed","ping_status":"closed","template":"elementor_header_footer","meta":{"_seopress_robots_primary_cat":"","_seopress_titles_title":"","_seopress_titles_desc":"","_seopress_robots_index":"","inline_featured_image":false,"_uf_show_specific_survey":0,"_uf_disable_surveys":false,"footnotes":""},"class_list":["post-20137","page","type-page","status-publish"],"_links":{"self":[{"href":"https:\/\/tamerbadr.com\/vi\/wp-json\/wp\/v2\/pages\/20137","targetHints":{"allow":["GET"]}}],"collection":[{"href":"https:\/\/tamerbadr.com\/vi\/wp-json\/wp\/v2\/pages"}],"about":[{"href":"https:\/\/tamerbadr.com\/vi\/wp-json\/wp\/v2\/types\/page"}],"author":[{"embeddable":true,"href":"https:\/\/tamerbadr.com\/vi\/wp-json\/wp\/v2\/users\/1"}],"replies":[{"embeddable":true,"href":"https:\/\/tamerbadr.com\/vi\/wp-json\/wp\/v2\/comments?post=20137"}],"version-history":[{"count":0,"href":"https:\/\/tamerbadr.com\/vi\/wp-json\/wp\/v2\/pages\/20137\/revisions"}],"wp:attachment":[{"href":"https:\/\/tamerbadr.com\/vi\/wp-json\/wp\/v2\/media?parent=20137"}],"curies":[{"name":"wp","href":"https:\/\/api.w.org\/{rel}","templated":true}]}}