{"id":20119,"date":"2025-03-19T15:32:12","date_gmt":"2025-03-19T15:32:12","guid":{"rendered":"https:\/\/white-ant-267257.hostingersite.com\/?page_id=20119"},"modified":"2025-04-06T08:15:00","modified_gmt":"2025-04-06T08:15:00","slug":"unforgettable-countries-book","status":"publish","type":"page","link":"https:\/\/tamerbadr.com\/vi\/unforgettable-countries-book","title":{"rendered":"S\u00e1ch Nh\u1eefng \u0110\u1ea5t N\u01b0\u1edbc Kh\u00f4ng Th\u1ec3 Qu\u00ean"},"content":{"rendered":"<div data-elementor-type=\"wp-page\" data-elementor-id=\"20119\" class=\"elementor elementor-20119\" data-elementor-post-type=\"page\">\n\t\t\t\t<div class=\"elementor-element elementor-element-c8c7aab e-flex e-con-boxed e-con e-parent\" data-id=\"c8c7aab\" data-element_type=\"container\">\n\t\t\t\t\t<div class=\"e-con-inner\">\n\t\t<div class=\"elementor-element elementor-element-6483b1a e-con-full e-flex e-con e-child\" data-id=\"6483b1a\" data-element_type=\"container\">\n\t\t\t\t<div class=\"elementor-element elementor-element-6058eb2 elementor-widget elementor-widget-wc-elements\" data-id=\"6058eb2\" data-element_type=\"widget\" data-widget_type=\"wc-elements.default\">\n\t\t\t\t<div class=\"elementor-widget-container\">\n\t\t\t\t\t<div class=\"woocommerce\">\t\t\t<div class=\"single-product\" data-product-page-preselected-id=\"0\">\n\t\t\t\t<div class=\"woocommerce-notices-wrapper\"><\/div><div id=\"product-19582\" class=\"product type-product post-19582 status-publish first instock product_cat-190 has-post-thumbnail downloadable shipping-taxable purchasable product-type-simple\">\n\n\t<div class=\"woocommerce-product-gallery woocommerce-product-gallery--with-images woocommerce-product-gallery--columns-4 images\" data-columns=\"4\" style=\"opacity: 0; transition: opacity .25s ease-in-out;\">\n\t<div class=\"woocommerce-product-gallery__wrapper\">\n\t\t<div data-thumb=\"https:\/\/tamerbadr.com\/wp-content\/uploads\/2025\/03\/\u062f\u0648\u0644-\u0644\u0627-\u062a\u0646\u0633\u0649-scaled-scaled.jpg\" data-thumb-alt=\"\u0643\u062a\u0627\u0628 \u062f\u0648\u0644 \u0644\u0627 \u062a\u0646\u0633\u0649\" data-thumb-srcset=\"\"  data-thumb-sizes=\"(max-width: 100px) 100vw, 100px\" class=\"woocommerce-product-gallery__image\"><a href=\"https:\/\/tamerbadr.com\/wp-content\/uploads\/2025\/03\/\u062f\u0648\u0644-\u0644\u0627-\u062a\u0646\u0633\u0649-scaled-scaled.jpg\"><img fetchpriority=\"high\" decoding=\"async\" width=\"2049\" height=\"1434\" src=\"https:\/\/tamerbadr.com\/wp-content\/uploads\/2025\/03\/\u062f\u0648\u0644-\u0644\u0627-\u062a\u0646\u0633\u0649-scaled-scaled.jpg\" class=\"wp-post-image\" alt=\"S\u00e1ch Nh\u1eefng \u0110\u1ea5t N\u01b0\u1edbc Kh\u00f4ng Th\u1ec3 Qu\u00ean\" data-caption=\"\" data-src=\"https:\/\/tamerbadr.com\/wp-content\/uploads\/2025\/03\/\u062f\u0648\u0644-\u0644\u0627-\u062a\u0646\u0633\u0649-scaled-scaled.jpg\" data-large_image=\"https:\/\/tamerbadr.com\/wp-content\/uploads\/2025\/03\/\u062f\u0648\u0644-\u0644\u0627-\u062a\u0646\u0633\u0649-scaled-scaled.jpg\" data-large_image_width=\"2049\" data-large_image_height=\"1434\" \/><\/a><\/div><div data-thumb=\"https:\/\/tamerbadr.com\/wp-content\/uploads\/2025\/03\/\u062f\u0648\u0644-\u0644\u0627-\u062a\u0646\u0633\u0649.jpeg\" data-thumb-alt=\"\u0643\u062a\u0627\u0628 \u062f\u0648\u0644 \u0644\u0627 \u062a\u0646\u0633\u0649 - \u1ea2nh 2\" data-thumb-srcset=\"\"  data-thumb-sizes=\"(max-width: 70px) 100vw, 70px\" class=\"woocommerce-product-gallery__image\" data-no-translation-data-thumb-alt=\"\"><a href=\"https:\/\/tamerbadr.com\/wp-content\/uploads\/2025\/03\/\u062f\u0648\u0644-\u0644\u0627-\u062a\u0646\u0633\u0649.jpeg\"><img decoding=\"async\" width=\"559\" height=\"799\" src=\"https:\/\/tamerbadr.com\/wp-content\/uploads\/2025\/03\/\u062f\u0648\u0644-\u0644\u0627-\u062a\u0646\u0633\u0649.jpeg\" class=\"\" alt=\"\u0643\u062a\u0627\u0628 \u062f\u0648\u0644 \u0644\u0627 \u062a\u0646\u0633\u0649 - \u1ea2nh 2\" data-caption=\"\" data-src=\"https:\/\/tamerbadr.com\/wp-content\/uploads\/2025\/03\/\u062f\u0648\u0644-\u0644\u0627-\u062a\u0646\u0633\u0649.jpeg\" data-large_image=\"https:\/\/tamerbadr.com\/wp-content\/uploads\/2025\/03\/\u062f\u0648\u0644-\u0644\u0627-\u062a\u0646\u0633\u0649.jpeg\" data-large_image_width=\"559\" data-large_image_height=\"799\" data-no-translation-alt=\"\" \/><\/a><\/div><div data-thumb=\"https:\/\/tamerbadr.com\/wp-content\/uploads\/2025\/03\/\u0645\u0624\u0644\u0641\u0627\u062a-\u062a\u0627\u0645\u0631-\u0628\u062f\u0631-1-5.jpg\" data-thumb-alt=\"\u0643\u062a\u0627\u0628 \u062f\u0648\u0644 \u0644\u0627 \u062a\u0646\u0633\u0649 - \u1ea2nh 3\" data-thumb-srcset=\"\"  data-thumb-sizes=\"(max-width: 92px) 100vw, 92px\" class=\"woocommerce-product-gallery__image\" data-no-translation-data-thumb-alt=\"\"><a href=\"https:\/\/tamerbadr.com\/wp-content\/uploads\/2025\/03\/\u0645\u0624\u0644\u0641\u0627\u062a-\u062a\u0627\u0645\u0631-\u0628\u062f\u0631-1-5.jpg\"><img decoding=\"async\" width=\"389\" height=\"422\" src=\"https:\/\/tamerbadr.com\/wp-content\/uploads\/2025\/03\/\u0645\u0624\u0644\u0641\u0627\u062a-\u062a\u0627\u0645\u0631-\u0628\u062f\u0631-1-5.jpg\" class=\"\" alt=\"\u0643\u062a\u0627\u0628 \u062f\u0648\u0644 \u0644\u0627 \u062a\u0646\u0633\u0649 - \u1ea2nh 3\" data-caption=\"CREATOR: gd-jpeg v1.0 (using IJG JPEG v62), quality = 90\" data-src=\"https:\/\/tamerbadr.com\/wp-content\/uploads\/2025\/03\/\u0645\u0624\u0644\u0641\u0627\u062a-\u062a\u0627\u0645\u0631-\u0628\u062f\u0631-1-5.jpg\" data-large_image=\"https:\/\/tamerbadr.com\/wp-content\/uploads\/2025\/03\/\u0645\u0624\u0644\u0641\u0627\u062a-\u062a\u0627\u0645\u0631-\u0628\u062f\u0631-1-5.jpg\" data-large_image_width=\"389\" data-large_image_height=\"422\" data-no-translation-alt=\"\" \/><\/a><\/div>\t<\/div>\n<\/div>\n\n\t<div class=\"summary entry-summary\">\n\t\t<h1 class=\"product_title entry-title\">S\u00e1ch Nh\u1eefng \u0110\u1ea5t N\u01b0\u1edbc Kh\u00f4ng Th\u1ec3 Qu\u00ean<\/h1><p class=\"price\"><span class=\"woocommerce-Price-amount amount\"><bdi><span class=\"woocommerce-Price-currencySymbol\">EGP<\/span>60.00<\/bdi><\/span><\/p>\n\n\t\n\t<form class=\"cart\" action=\"\" method=\"post\" enctype='multipart\/form-data' data-trp-original-action=\"\">\n\t\t\n\t\t<div class=\"quantity\">\n\t\t<label class=\"screen-reader-text\" for=\"quantity_6a04eb30ea70e\" data-no-translation=\"\" data-trp-gettext=\"\">\u0643\u062a\u0627\u0628 \u062f\u0648\u0644 \u0644\u0627 \u062a\u0646\u0633\u0649 s\u1ed1 l\u01b0\u1ee3ng<\/label>\n\t<input\n\t\ttype=\"number\"\n\t\t\t\tid=\"quantity_6a04eb30ea70e\"\n\t\tclass=\"input-text qty text\"\n\t\tname=\"quantity\"\n\t\tvalue=\"1\"\n\t\taria-label=\"S\u1ed1 l\u01b0\u1ee3ng s\u1ea3n ph\u1ea9m\"\n\t\t\t\tmin=\"1\"\n\t\t\t\t\t\t\tstep=\"1\"\n\t\t\tplaceholder=\"\"\n\t\t\tinputmode=\"numeric\"\n\t\t\tautocomplete=\"off\" data-no-translation-aria-label=\"\"\n\t\t\t\/>\n\t<\/div>\n\n\t\t<button type=\"submit\" name=\"add-to-cart\" value=\"19582\" class=\"single_add_to_cart_button button alt\" data-no-translation=\"\" data-trp-gettext=\"\">Th\u00eam v\u00e0o gi\u1ecf h\u00e0ng<\/button>\n\n\t\t\n        <script>\n            document.addEventListener('DOMContentLoaded', function(){\n                document.addEventListener('click', function(event){\n                    if(!event.target.matches('.single_add_to_cart_button')){\n                        return;\n                    }\n\n                    const quantity = document.querySelector('input.qty').value || '1';\n                    const formProductVariation = document.querySelector('form[data-product_variations]')\n                    const variationItem = document.querySelector('.variation_id')\n\n                    let price = 60\n                    if(formProductVariation && variationItem){\n                        try{\n                            const variations = JSON.parse(formProductVariation.dataset.product_variations)\n                            const variationId = variationItem.value\n                            for(const variation of variations){\n                                if(variation.variation_id == Number(variationId)){\n                                    price = variation.display_price\n                                }\n                            }\n                        }\n                        catch{\n                        }\n                    }\n\n                    gtag('event', 'add_to_cart', {\n                        'items': [ {\n                            'item_id':'19582',\n                            'item_name': '\u0643\u062a\u0627\u0628 \u062f\u0648\u0644 \u0644\u0627 \u062a\u0646\u0633\u0649',\n                            'list_name': '\u0643\u062a\u0627\u0628 \u062f\u0648\u0644 \u0644\u0627 \u062a\u0646\u0633\u0649',\n                            'quantity': quantity,\n                            'price': price,\n                            \"item_category\":\"\u062a\u0627\u0631\u064a\u062e \u0625\u0633\u0644\u0627\u0645\u064a\"\n                        }]\n                    });\n                })\n            });\n        <\/script>\n        \t<input type=\"hidden\" name=\"trp-form-language\" value=\"vi\"\/><\/form>\n\n\t\n<div class=\"product_meta\">\n\n\t\n\t\n\t<span class=\"posted_in\">Danh m\u1ee5c: <a href=\"https:\/\/tamerbadr.com\/vi\/danh-muc-san-pham\/%d8%aa%d8%a7%d8%b1%d9%8a%d8%ae-%d8%a5%d8%b3%d9%84%d8%a7%d9%85%d9%8a\" rel=\"tag\">L\u1ecbch s\u1eed H\u1ed3i gi\u00e1o<\/a><\/span>\n\t\n\t\n<\/div>\n\t<\/div>\n\n\t\n\t<div class=\"woocommerce-tabs wc-tabs-wrapper\">\n\t\t<ul class=\"tabs wc-tabs\" role=\"tablist\">\n\t\t\t\t\t\t\t<li role=\"presentation\" class=\"description_tab\" id=\"tab-title-description\">\n\t\t\t\t\t<a href=\"#tab-description\" role=\"tab\" aria-controls=\"tab-description\">\n\t\t\t\t\t\tM\u00f4 t\u1ea3\t\t\t\t\t<\/a>\n\t\t\t\t<\/li>\n\t\t\t\t\t\t\t<li role=\"presentation\" class=\"reviews_tab\" id=\"tab-title-reviews\">\n\t\t\t\t\t<a href=\"#tab-reviews\" role=\"tab\" aria-controls=\"tab-reviews\">\n\t\t\t\t\t\t\u0110\u00e1nh gi\u00e1 (0)\t\t\t\t\t<\/a>\n\t\t\t\t<\/li>\n\t\t\t\t\t<\/ul>\n\t\t\t\t\t<div class=\"woocommerce-Tabs-panel woocommerce-Tabs-panel--description panel entry-content wc-tab\" id=\"tab-description\" role=\"tabpanel\" aria-labelledby=\"tab-title-description\">\n\t\t\t\t\n\t<h2 data-no-translation=\"\" data-trp-gettext=\"\">M\u00f4 t\u1ea3<\/h2>\n\n<h1 style=\"text-align: center;\"><strong>L\u1eddi gi\u1edbi thi\u1ec7u c\u1ee7a Gi\u00e1o s\u01b0 Ti\u1ebfn s\u0129 Ragheb El-Sergany v\u1ec1 cu\u1ed1n s\u00e1ch &quot;Nh\u1eefng qu\u1ed1c gia kh\u00f4ng th\u1ec3 qu\u00ean&quot;<\/strong><\/h1>\n<h1 style=\"text-align: center;\">Nhi\u1ec1u k\u1ebb xuy\u00ean t\u1ea1c v\u00e0 b\u00f3p m\u00e9o s\u1ef1 th\u1eadt \u0111ang lan truy\u1ec1n \u00fd t\u01b0\u1edfng r\u1eb1ng l\u1ecbch s\u1eed H\u1ed3i gi\u00e1o kh\u00f4ng h\u1ec1 c\u00f3 m\u1ed9t qu\u00e1 kh\u1ee9 huy ho\u00e0ng, ngo\u1ea1i tr\u1eeb th\u1eddi k\u1ef3 c\u1ee7a S\u1ee9 gi\u1ea3, c\u1ea7u xin Allah ban ph\u01b0\u1edbc l\u00e0nh v\u00e0 ban b\u00ecnh an cho Ng\u01b0\u1eddi, Abu Bakr, v\u00e0 Umar, c\u1ea7u xin Allah h\u00e0i l\u00f2ng v\u1edbi h\u1ecd. S\u1ef1 xuy\u00ean t\u1ea1c n\u00e0y ch\u1ec9 nh\u1eb1m gieo r\u1eafc s\u1ef1 th\u1ea5t v\u1ecdng trong l\u00f2ng ng\u01b0\u1eddi H\u1ed3i gi\u00e1o v\u00e0 khi\u1ebfn h\u1ecd c\u1ea3m th\u1ea5y kh\u1ea3 n\u0103ng n\u1ed5i d\u1eady c\u1ee7a h\u1ecd \u0111\u00e3 tr\u1edf n\u00ean r\u1ea5t xa v\u1eddi, v\u00e0 r\u1eb1ng ph\u01b0\u01a1ng ph\u00e1p H\u1ed3i gi\u00e1o kh\u00f4ng c\u00f3 kh\u1ea3 n\u0103ng x\u00e2y d\u1ef1ng m\u1ed9t nh\u00e0 n\u01b0\u1edbc hay ph\u1ee5c h\u01b0ng m\u1ed9t qu\u1ed1c gia. T\u1ea5t c\u1ea3 nh\u1eefng \u0111i\u1ec1u n\u00e0y \u0111\u1ec1u tr\u00e1i ng\u01b0\u1ee3c v\u1edbi s\u1ef1 th\u1eadt v\u00e0 xa r\u1eddi s\u1ef1 th\u1eadt. Do \u0111\u00f3, c\u1ea7n ph\u1ea3i gi\u1ea3i th\u00edch c\u00e1c giai \u0111o\u1ea1n kh\u00e1c nhau trong l\u1ecbch s\u1eed d\u00e2n t\u1ed9c ch\u00fang ta, v\u00e0 r\u1eb1ng d\u00e2n t\u1ed9c, d\u00f9 c\u00f3 y\u1ebfu \u0111u\u1ed1i \u0111\u1ebfn \u0111\u00e2u, c\u0169ng s\u1ebd tr\u1ed7i d\u1eady, v\u00e0 n\u1ebfu l\u00e1 c\u1edd c\u1ee7a n\u00f3 ng\u00e3 xu\u1ed1ng \u1edf m\u1ed9t n\u01a1i, th\u00ec l\u00e1 c\u1edd c\u1ee7a n\u00f3 s\u1ebd \u0111\u01b0\u1ee3c gi\u01b0\u01a1ng l\u00ean \u1edf nh\u1eefng n\u01a1i kh\u00e1c. V\u00e0 lu\u1eadt c\u1ee7a Ch\u00faa l\u00e0 s\u1ebd lu\u00f4n c\u00f3 nh\u1eefng ng\u01b0\u1eddi H\u1ed3i gi\u00e1o ch\u00e2n th\u00e0nh \u1ee7ng h\u1ed9 s\u1ef1 nghi\u1ec7p c\u1ee7a d\u00e2n t\u1ed9c n\u00e0y v\u00e0 b\u1ea3o v\u1ec7 ph\u1ea9m gi\u00e1 c\u1ee7a n\u00f3. \u0110\u00e2y ch\u00ednh l\u00e0 s\u1ef1 th\u1eadt trong hadith c\u1ee7a S\u1ee9 gi\u1ea3 c\u1ee7a Ch\u00faa, c\u1ea7u xin Allah ban ph\u01b0\u1edbc l\u00e0nh v\u00e0 ban b\u00ecnh an cho Ng\u01b0\u1eddi: &quot;M\u1ed9t nh\u00f3m ng\u01b0\u1eddi trong d\u00e2n t\u1ed9c c\u1ee7a t\u00f4i s\u1ebd lu\u00f4n chi\u1ebfn th\u1eafng b\u1ea5t c\u1ee9 ai...&quot;<\/h1>\n<h1 style=\"text-align: center;\">H\u1ecd s\u1ebd t\u1ea5n c\u00f4ng h\u1ecd, chinh ph\u1ee5c h\u1ecd, v\u00e0 nh\u1eefng k\u1ebb ch\u1ed1ng \u0111\u1ed1i h\u1ecd s\u1ebd kh\u00f4ng l\u00e0m h\u1ea1i h\u1ecd cho \u0111\u1ebfn khi l\u1ec7nh c\u1ee7a Allah \u0111\u1ebfn v\u1edbi h\u1ecd, v\u00e0 h\u1ecd s\u1ebd v\u1eabn nh\u01b0 v\u1eady. (\u0110\u01b0\u1ee3c thu\u1eadt l\u1ea1i b\u1edfi Al-Bukhari v\u00e0 Muslim)<\/h1>\n<h1 style=\"text-align: center;\">S\u1ee9 gi\u1ea3 c\u1ee7a Th\u01b0\u1ee3ng \u0110\u1ebf, c\u1ea7u xin Th\u01b0\u1ee3ng \u0110\u1ebf ban ph\u01b0\u1edbc l\u00e0nh v\u00e0 b\u00ecnh an cho Ng\u00e0i, \u0111\u00e3 n\u00eau g\u01b0\u01a1ng s\u00e1ng cho ch\u00fang ta trong vi\u1ec7c thi\u1ebft l\u1eadp m\u1ed9t qu\u1ed1c gia v\u00e0 x\u00e2y d\u1ef1ng m\u1ed9t d\u00e2n t\u1ed9c. Trong qu\u00e1 tr\u00ecnh \u0111\u00f3, Ng\u00e0i \u0111\u00e3 \u0111\u1ed1i \u0111\u1ea7u v\u1edbi c\u00e1c th\u1ebf l\u1ef1c \u00e1p b\u1ee9c t\u1ed3n t\u1ea1i v\u00e0o th\u1eddi \u0111i\u1ec3m \u0111\u00f3, \u0111\u1ea1i di\u1ec7n l\u00e0 nh\u1eefng k\u1ebb ngo\u1ea1i \u0111\u1ea1o \u1edf B\u00e1n \u0111\u1ea3o \u1ea2 R\u1eadp, do nh\u1eefng k\u1ebb ngo\u1ea1i \u0111\u1ea1o \u1edf Mecca c\u1ea7m \u0111\u1ea7u, v\u00e0 ng\u01b0\u1eddi Do Th\u00e1i v\u1edbi c\u00e1c b\u1ed9 t\u1ed9c kh\u00e1c nhau c\u1ee7a h\u1ecd, c\u0169ng nh\u01b0 \u0110\u1ebf ch\u1ebf La M\u00e3 h\u00f9ng m\u1ea1nh. B\u1ea5t ch\u1ea5p cu\u1ed9c xung \u0111\u1ed9t kinh ho\u00e0ng n\u00e0y, Th\u01b0\u1ee3ng \u0110\u1ebf To\u00e0n N\u0103ng \u0111\u00e3 ban cho Ng\u00e0i chi\u1ebfn th\u1eafng v\u00e0 th\u00e0nh c\u00f4ng cho \u0111\u1ebfn khi qu\u1ed1c gia c\u1ee7a Ng\u00e0i \u0111\u01b0\u1ee3c th\u00e0nh l\u1eadp nh\u01b0 m\u1ed9t qu\u1ed1c gia tr\u1ebb trung v\u00e0 t\u1ef1 h\u00e0o.<\/h1>\n<h1 style=\"text-align: center;\">Sau S\u1ee9 gi\u1ea3 c\u1ee7a Allah, c\u1ea7u xin Allah ban b\u00ecnh an v\u00e0 ph\u01b0\u1edbc l\u00e0nh cho Ng\u01b0\u1eddi, c\u00e1c v\u1ecb Caliph \u0111\u01b0\u1ee3c h\u01b0\u1edbng d\u1eabn \u0111\u00fang \u0111\u1eafn \u0111\u00e3 x\u00e2y d\u1ef1ng m\u1ed9t nh\u00e0 n\u01b0\u1edbc h\u00f9ng m\u1ea1nh v\u00e0 v\u0129 \u0111\u1ea1i, \u0111\u1ee7 s\u1ee9c l\u1eadt \u0111\u1ed5 ngai v\u00e0ng c\u1ee7a Khosrau v\u00e0 Caesar, \u0111\u01b0a ng\u01b0\u1eddi H\u1ed3i gi\u00e1o l\u00ean h\u00e0ng \u0111\u1ea7u th\u1ebf gi\u1edbi, v\u01b0\u1ee3t tr\u1ed9i h\u01a1n t\u1ea5t c\u1ea3 v\u1ec1 ch\u00ednh tr\u1ecb, kinh t\u1ebf, khoa h\u1ecdc, v\u0103n h\u00f3a v\u00e0 \u0111\u1ea1o \u0111\u1ee9c. Tr\u01b0\u1edbc v\u00e0 sau t\u1ea5t c\u1ea3 nh\u1eefng \u0111i\u1ec1u \u0111\u00f3, H\u1ed3i gi\u00e1o v\u01b0\u1ee3t tr\u1ed9i h\u01a1n h\u1ecd v\u1ec1 gi\u00e1o l\u00fd, nh\u1edd \u0111\u00f3 c\u00f3 th\u1ec3 c\u1ea3i c\u00e1ch th\u1ebf gi\u1edbi b\u1eb1ng t\u00f4n gi\u00e1o c\u1ee7a m\u00ecnh, n\u00e2ng cao m\u1ee9c s\u1ed1ng trong n\u01b0\u1edbc b\u1eb1ng lu\u1eadt ph\u00e1p c\u1ee7a Ch\u00faa, v\u00e0 \u0111\u1ea1t \u0111\u01b0\u1ee3c ph\u01b0\u01a1ng tr\u00ecnh kh\u00f3 kh\u0103n k\u1ebft h\u1ee3p h\u1ea1nh ph\u00fac \u1edf c\u1ea3 hai th\u1ebf gi\u1edbi: th\u1ebf gi\u1edbi n\u00e0y v\u00e0 th\u1ebf gi\u1edbi b\u00ean kia.<\/h1>\n<h1 style=\"text-align: center;\">H\u00e0nh tr\u00ecnh c\u1ee7a qu\u1ed1c gia H\u1ed3i gi\u00e1o kh\u00f4ng d\u1eebng l\u1ea1i \u1edf th\u1eddi \u0111\u1ea1i c\u1ee7a c\u00e1c Caliph \u0110\u01b0\u1ee3c D\u1eabn D\u1eaft \u0110\u00fang \u0110\u1eafn, m\u00e0 c\u00f2n ti\u1ebfp t\u1ee5c h\u00e0nh tr\u00ecnh v\u0103n minh c\u1ee7a m\u00ecnh v\u1edbi nh\u1eefng qu\u1ed1c gia v\u0129 \u0111\u1ea1i v\u00e0 cao qu\u00fd, nh\u1eefng qu\u1ed1c gia \u0111\u00e3 \u0111\u1ea1t \u0111\u01b0\u1ee3c vinh quang v\u00e0 danh d\u1ef1, v\u00e0 n\u00e2ng cao danh ti\u1ebfng c\u1ee7a ng\u01b0\u1eddi H\u1ed3i gi\u00e1o \u1edf kh\u1eafp m\u1ecdi n\u01a1i. C\u00f3 c\u00e1c Caliphate Umayyad v\u00e0 Abbasid, c\u00e1c nh\u00e0 n\u01b0\u1edbc Ayyubid v\u00e0 Mamluk, c\u00e1c Caliphate Ottoman v\u0129 \u0111\u1ea1i, v\u00e0 nhi\u1ec1u qu\u1ed1c gia h\u00f9ng m\u1ea1nh kh\u00e1c trong l\u1ecbch s\u1eed Andalusia. C\u0169ng c\u00f3 nh\u1eefng qu\u1ed1c gia kh\u00e1c \u1edf \u0111\u00e2y v\u00e0 \u0111\u00f3 \u0111\u00e3 thay \u0111\u1ed5i ti\u1ebfn tr\u00ecnh c\u1ee7a nh\u00e2n lo\u1ea1i v\u1edbi nh\u1eefng thay \u0111\u1ed5i tuy\u1ec7t v\u1eddi, t\u00edch c\u1ef1c, g\u00f3p ph\u1ea7n l\u00e0m t\u0103ng th\u00eam uy t\u00edn c\u1ee7a qu\u1ed1c gia kh\u1ed5ng l\u1ed3 n\u00e0y, qu\u1ed1c gia H\u1ed3i gi\u00e1o.<\/h1>\n<h1 style=\"text-align: center;\">L\u1ecbch s\u1eed huy ho\u00e0ng n\u00e0y l\u00e0 l\u1ecbch s\u1eed v\u0129 \u0111\u1ea1i nh\u1ea5t tr\u00ean to\u00e0n th\u1ebf gi\u1edbi, v\u1eady m\u00e0 ch\u1ec9 m\u1ed9t s\u1ed1 \u00edt ng\u01b0\u1eddi bi\u1ebft \u0111\u1ebfn. \u0110\u00e1ng ti\u1ebfc l\u00e0 ngay c\u1ea3 ng\u01b0\u1eddi H\u1ed3i gi\u00e1o c\u0169ng kh\u00f4ng bi\u1ebft g\u00ec v\u1ec1 l\u1ecbch s\u1eed v\u1ebb vang n\u00e0y. V\u00ec v\u1eady, t\u00f4i r\u1ea5t vui m\u1eebng khi th\u1ea5y m\u1ed9t cu\u1ed1n s\u00e1ch, hay b\u1ea5t k\u1ef3 t\u00e1c ph\u1ea9m v\u0103n h\u1ecdc hay ngh\u1ec7 thu\u1eadt n\u00e0o gi\u00fap ng\u01b0\u1eddi H\u1ed3i gi\u00e1o kh\u00f4i ph\u1ee5c l\u1ea1i h\u00ecnh \u1ea3nh ch\u00e2n th\u1ef1c v\u1ec1 l\u1ecbch s\u1eed v\u1ebb vang c\u1ee7a h\u1ecd, \u0111\u1ed3ng th\u1eddi n\u00e2ng cao ni\u1ec1m t\u1ef1 h\u00e0o v\u00e0 danh d\u1ef1 c\u1ee7a h\u1ecd \u0111\u1ed1i v\u1edbi qu\u1ed1c gia cao qu\u00fd n\u00e0y.<\/h1>\n<h1 style=\"text-align: center;\">Ch\u00fang ta c\u00f3 tr\u01b0\u1edbc m\u1eaft m\u1ed9t trong nh\u1eefng cu\u1ed1n s\u00e1ch gi\u00e1 tr\u1ecb n\u00e0y, t\u00e1c gi\u1ea3 c\u1ee7a n\u00f3, \u00f4ng Tamer Badr, \u0111\u00e3 r\u1ea5t mu\u1ed1n theo d\u00f5i nh\u1eefng giai \u0111o\u1ea1n vinh quang kh\u00e1c nhau trong l\u1ecbch s\u1eed c\u1ee7a ch\u00fang ta t\u1eeb \u0111\u1ea7u \u0111\u1ebfn cu\u1ed1i, gi\u1edbi thi\u1ec7u cho ch\u00fang ta m\u1ed9t s\u1ed1 kho b\u00e1u l\u1edbn c\u1ee7a l\u1ecbch s\u1eed n\u00e0y v\u00e0 k\u1ec3 cho ch\u00fang ta nghe v\u1ec1 l\u1ecbch s\u1eed c\u1ee7a m\u1ed9t s\u1ed1 qu\u1ed1c gia H\u1ed3i gi\u00e1o \u0111\u00e3 \u0111\u01b0a t\u00ean tu\u1ed5i c\u1ee7a ng\u01b0\u1eddi H\u1ed3i gi\u00e1o l\u00ean cao.<\/h1>\n<h1 style=\"text-align: center;\">\u0110\u00e2y l\u00e0 m\u1ed9t cu\u1ed1n s\u00e1ch hay, \u0111\u01b0\u1ee3c vi\u1ebft m\u1ed9t c\u00e1ch tao nh\u00e3 v\u00e0 tr\u00ecnh b\u00e0y \u0111\u1eb9p m\u1eaft, ch\u1ee9a \u0111\u1ef1ng nhi\u1ec1u th\u00f4ng tin ch\u00ednh x\u00e1c v\u00e0 l\u00e0 m\u1ed9t cu\u1ed1n s\u00e1ch tuy\u1ec7t v\u1eddi b\u1ed5 sung v\u00e0o th\u01b0 vi\u1ec7n H\u1ed3i gi\u00e1o c\u1ee7a ch\u00fang ta m\u00e0 m\u1ecdi ng\u01b0\u1eddi H\u1ed3i gi\u00e1o s\u1ebd t\u1ef1 h\u00e0o.<\/h1>\n<h1 style=\"text-align: center;\">L\u1ea1y Ch\u00faa, xin h\u00e3y bi\u1ebfn n\u1ed7 l\u1ef1c n\u00e0y th\u00e0nh m\u1ed9t vi\u1ec7c l\u00e0m t\u1ed1t cho t\u00e1c gi\u1ea3, v\u00e0 bi\u1ebfn nh\u1eefng d\u00f2ng n\u00e0y th\u00e0nh m\u1ed9t vi\u1ec7c l\u00e0m t\u1ed1t cho t\u1ea5t c\u1ea3 nh\u1eefng ai \u0111\u1ecdc ch\u00fang...<\/h1>\n<h1 style=\"text-align: center;\">T\u00f4i c\u1ea7u xin Ch\u00faa t\u00f4n vinh H\u1ed3i gi\u00e1o v\u00e0 ng\u01b0\u1eddi H\u1ed3i gi\u00e1o<\/h1>\n<h1 style=\"text-align: center;\">Gi\u00e1o s\u01b0 Ti\u1ebfn s\u0129 Ragheb Al-Sergani<\/h1>\n<h1 style=\"text-align: center;\">Cairo, th\u00e1ng 5 n\u0103m 2012<\/h1>\n\t\t\t<\/div>\n\t\t\t\t\t<div class=\"woocommerce-Tabs-panel woocommerce-Tabs-panel--reviews panel entry-content wc-tab\" id=\"tab-reviews\" role=\"tabpanel\" aria-labelledby=\"tab-title-reviews\">\n\t\t\t\t<div id=\"reviews\" class=\"woocommerce-Reviews\">\n\t<div id=\"comments\">\n\t\t<h2 class=\"woocommerce-Reviews-title\">\n\t\t\t\u0110\u00e1nh gi\u00e1\t\t<\/h2>\n\n\t\t\t\t\t<p class=\"woocommerce-noreviews\" data-no-translation=\"\" data-trp-gettext=\"\">Ch\u01b0a c\u00f3 \u0111\u00e1nh gi\u00e1 n\u00e0o.<\/p>\n\t\t\t<\/div>\n\n\t\t\t<div id=\"review_form_wrapper\">\n\t\t\t<div id=\"review_form\">\n\t\t\t\t\t<div id=\"respond\" class=\"comment-respond\">\n\t\t<span id=\"reply-title\" class=\"comment-reply-title\" role=\"heading\" aria-level=\"3\">H\u00e3y l\u00e0 ng\u01b0\u1eddi \u0111\u1ea7u ti\u00ean nh\u1eadn x\u00e9t &ldquo;\u0643\u062a\u0627\u0628 \u062f\u0648\u0644 \u0644\u0627 \u062a\u0646\u0633\u0649&rdquo; <small><a rel=\"nofollow\" id=\"cancel-comment-reply-link\" href=\"\/vi\/wp-json\/wp\/v2\/pages\/20119#respond\" style=\"display:none;\">H\u1ee7y<\/a><\/small><\/span><p class=\"must-log-in\" data-no-translation=\"\" data-trp-gettext=\"\">B\u1ea1n ph\u1ea3i <a href=\"https:\/\/tamerbadr.com\/vi\/\">\u0111\u0103ng nh\u1eadp<\/a> \u0111\u1ec3 g\u1eedi \u0111\u00e1nh gi\u00e1.<\/p>\t<\/div><!-- #respond -->\n\t\t\t\t<\/div>\n\t\t<\/div>\n\t\n\t<div class=\"clear\"><\/div>\n<\/div>\n\t\t\t<\/div>\n\t\t\n\t\t\t<\/div>\n\n<\/div>\n\n\t\t\t<\/div>\n\t\t\t<\/div>\t\t\t\t<\/div>\n\t\t\t\t<\/div>\n\t\t\t\t<\/div>\n\t\t\t\t\t<\/div>\n\t\t\t\t<\/div>\n\t\t\t\t<\/div>","protected":false},"excerpt":{"rendered":"","protected":false},"author":1,"featured_media":0,"parent":0,"menu_order":0,"comment_status":"closed","ping_status":"closed","template":"elementor_header_footer","meta":{"_seopress_robots_primary_cat":"","_seopress_titles_title":"","_seopress_titles_desc":"","_seopress_robots_index":"","inline_featured_image":false,"_uf_show_specific_survey":0,"_uf_disable_surveys":false,"footnotes":""},"class_list":["post-20119","page","type-page","status-publish"],"_links":{"self":[{"href":"https:\/\/tamerbadr.com\/vi\/wp-json\/wp\/v2\/pages\/20119","targetHints":{"allow":["GET"]}}],"collection":[{"href":"https:\/\/tamerbadr.com\/vi\/wp-json\/wp\/v2\/pages"}],"about":[{"href":"https:\/\/tamerbadr.com\/vi\/wp-json\/wp\/v2\/types\/page"}],"author":[{"embeddable":true,"href":"https:\/\/tamerbadr.com\/vi\/wp-json\/wp\/v2\/users\/1"}],"replies":[{"embeddable":true,"href":"https:\/\/tamerbadr.com\/vi\/wp-json\/wp\/v2\/comments?post=20119"}],"version-history":[{"count":0,"href":"https:\/\/tamerbadr.com\/vi\/wp-json\/wp\/v2\/pages\/20119\/revisions"}],"wp:attachment":[{"href":"https:\/\/tamerbadr.com\/vi\/wp-json\/wp\/v2\/media?parent=20119"}],"curies":[{"name":"wp","href":"https:\/\/api.w.org\/{rel}","templated":true}]}}