{"id":19581,"date":"2025-03-16T21:53:58","date_gmt":"2025-03-16T21:53:58","guid":{"rendered":"https:\/\/white-ant-267257.hostingersite.com\/?post_type=product&#038;p=19581"},"modified":"2025-07-13T07:21:59","modified_gmt":"2025-07-13T07:21:59","slug":"unforgettable-leaders-book","status":"publish","type":"product","link":"https:\/\/tamerbadr.com\/tr\/urun\/unforgettable-leaders-book","title":{"rendered":"Unutulmaz Liderler Kitab\u0131"},"content":{"rendered":"<h1 style=\"text-align: center;\"><strong>Profes\u00f6r Dr. Ragheb El-Sergany&#039;nin Unutulmaz Liderler kitab\u0131na giri\u015f yaz\u0131s\u0131<\/strong><\/h1>\n<h1 style=\"text-align: center;\">\u0130slam milletinin tarihinde, kendilerinden sonra gelenlere tarihe \u0131\u015f\u0131k tutan, her alanda fark yaratan adamlar vard\u0131r.<\/h1>\n<h1 style=\"text-align: center;\">Belki de hi\u00e7bir milletin tarihinde bu kadar \u00e7ok parlak \u015fahsiyet bulamazs\u0131n\u0131z. \u0130bn \u00d6mer (r.a.)&#039;den rivayet edildi\u011fine g\u00f6re, Allah Resul\u00fc (s.a.v.) \u015f\u00f6yle buyurmu\u015ftur: &quot;\u0130nsanlar\u0131n y\u00fcz yerde topland\u0131\u011f\u0131n\u0131 g\u00f6r\u00fcrs\u00fcn, fakat aralar\u0131nda bir tek ki\u015fi bile binek hayvan\u0131 bulamaz.&quot; Buhari ve M\u00fcslim rivayet etmi\u015ftir.<\/h1>\n<h1 style=\"text-align: center;\">Demek ki, genel tarihte se\u00e7kin adamlar azd\u0131r, ama bu az say\u0131daki adamdan pek \u00e7o\u011fu \u0130slam tarihinde ve \u0130slam medeniyetinde boy g\u00f6stermi\u015f ve sivrilmi\u015ftir.<\/h1>\n<h1 style=\"text-align: center;\">I\u015e\u0130D, cesur ve kahraman m\u00fccahitlerden do\u011fmu\u015ftur. \u0130slam tarihi, Y\u00fcce Allah&#039;\u0131n ve onlar\u0131n dehas\u0131 ve cesaretinin sayesinde \u0130slam ordular\u0131n\u0131 b\u00fcy\u00fck zaferlere ta\u015f\u0131yan nice liderin ortaya \u00e7\u0131kt\u0131\u011f\u0131n\u0131 g\u00f6rm\u00fc\u015ft\u00fcr!<\/h1>\n<h1 style=\"text-align: center;\">\u0130slam&#039;da liderleri belirlemede ya\u015f de\u011fil, liyakat ve yetenek \u00f6nemli bir etkendi. Allah Resul\u00fc (s.a.v.), Romal\u0131lara kar\u015f\u0131 sava\u015facak bir ordunun ba\u015f\u0131na on sekiz ya\u015f\u0131nda olan Usame bin Zeyd&#039;i getirmi\u015fti. Onun komutas\u0131nda Ebu Bekir ve \u00d6mer bin Hattab vard\u0131.<\/h1>\n<h1 style=\"text-align: center;\">\u0130slam&#039;\u0131 ilk kabul eden ki\u015fi olmak da bir etken de\u011fildi. Res\u00fblullah (s.a.v.), Z\u00e2t\u00fc&#039;s-Sel\u00e2sil Sava\u015f\u0131&#039;nda, hen\u00fcz birka\u00e7 g\u00fcn \u00f6nce M\u00fcsl\u00fcman olmu\u015f olmas\u0131na ra\u011fmen, b\u00fcy\u00fck sahabelerin ba\u015f\u0131na Amr bin \u00c2s&#039;\u0131 (r.a.) tayin etmi\u015fti. Ayn\u0131 \u015fekilde, Halid bin Velid (r.a.) de, yak\u0131n zamanda M\u00fcsl\u00fcman olmu\u015f olmas\u0131na ra\u011fmen, Mu&#039;te Sava\u015f\u0131&#039;nda b\u00fcy\u00fck sahabelerin ba\u015f\u0131na ge\u00e7mi\u015fti.<\/h1>\n<h1 style=\"text-align: center;\">\u0130slam tarihinde liderlerin se\u00e7iminde kullan\u0131lan kriterler nesnel ve yaln\u0131zca yetkinlikle ilgiliydi. Bu nedenle, \u0130slam medeniyeti tarihi boyunca rakipsiz, s\u0131ra d\u0131\u015f\u0131 liderler yeti\u015ftirmi\u015ftir.<\/h1>\n<h1 style=\"text-align: center;\">Bundan sonra M\u00fcsl\u00fcmanlar gelece\u011fin liderlerini yeti\u015ftirmeleri gerekti\u011fini \u00f6\u011frendiler; dolay\u0131s\u0131yla binicilik, cihat ve ok\u00e7uluk e\u011fitiminin yayg\u0131nla\u015ft\u0131\u011f\u0131n\u0131 g\u00f6r\u00fcyoruz.<\/h1>\n<h1 style=\"text-align: center;\">\u0130slam&#039;da liderlik tarihi, derin anlamlar, kavramlar ve e\u015fsiz ki\u015filiklerle doludur; bu y\u00fczden bu kitab\u0131n \u00f6nemi b\u00fcy\u00fckt\u00fcr.<\/h1>\n<h1 style=\"text-align: center;\">Yazar Tamer Bedir Karde\u015f -Allah onu korusun- M\u00fcsl\u00fcman liderlerin biyografilerini ara\u015ft\u0131rmakla ilgilenmi\u015f ve bunlar\u0131 bize sunmu\u015ftur...<\/h1>\n<h1 style=\"text-align: center;\">Milletin nas\u0131l oldu\u011funu anlayabilmek i\u00e7in ihtiya\u00e7 duydu\u011fu en \u00f6nemli noktalar\u0131 ortaya \u00e7\u0131karan, sade, zarif ve \u00f6zl\u00fc bir \u00fcslup.<\/h1>\n<h1 style=\"text-align: center;\">Liderler haz\u0131rd\u0131r, b\u00f6ylece yeni nesiller yeti\u015ftirebilirsiniz.<\/h1>\n<h1 style=\"text-align: center;\">Yazar\u0131n \u00f6nceki kitab\u0131nda (Unutulmaz G\u00fcnler) da bize al\u0131\u015ft\u0131rd\u0131\u011f\u0131 gibi, kitab\u0131 \u00fcslubuyla s\u00fcr\u00fckleyici bulacaks\u0131n\u0131z. Okumaya ba\u015flad\u0131\u011f\u0131n\u0131zda, sonuna kadar okumak zorunda hissedeceksiniz.<\/h1>\n<h1 style=\"text-align: center;\">Yazar\u0131n kitab\u0131ndaki emeklerini Y\u00fcce Allah&#039;tan kabul etmesini, kitab\u0131n kabul\u00fcn\u00fc sa\u011flamas\u0131n\u0131 ve bundan M\u00fcsl\u00fcmanlara fayda sa\u011flamas\u0131n\u0131 dilerim. O, bunun koruyucusudur ve bunu yapmaya kadirdir.<\/h1>\n<h1 style=\"text-align: center;\">\u00a0Prof. Dr. Ragheb Al-Sergani<\/h1>\n<h1 style=\"text-align: center;\">Kas\u0131m 2011&#039;de Kahire<\/h1>","protected":false},"excerpt":{"rendered":"<p>Profes\u00f6r Dr. Ragheb El-Serjani&#039;nin &quot;\u0130slam Milleti Tarihinde Unutulmaz Liderler: Kendilerinden sonra gelenlerin tarihini ayd\u0131nlatan, her alanda \u00f6ne \u00e7\u0131kan adamlar&quot; adl\u0131 kitab\u0131na giri\u015f yaz\u0131s\u0131. Belki de hi\u00e7bir milletin tarihinde bu kadar \u00e7ok say\u0131da parlak \u015fahsiyet bulamazs\u0131n\u0131z. \u0130bn \u00d6mer&#039;den (r.a.) rivayet edildi\u011fine g\u00f6re, Res\u00fblullah (s.a.v.) \u015f\u00f6yle buyurmu\u015ftur: &quot;\u0130nsanlar\u0131 y\u00fcz ki\u015filik gruplar halinde bulursunuz ve hi\u00e7bir adam [\u2026]<\/p>","protected":false},"featured_media":19693,"comment_status":"open","ping_status":"closed","template":"","meta":{"_seopress_robots_primary_cat":"","_seopress_titles_title":"","_seopress_titles_desc":"","_seopress_robots_index":"","inline_featured_image":false,"_uf_show_specific_survey":0,"_uf_disable_surveys":false},"product_brand":[],"product_cat":[189],"product_tag":[],"class_list":{"0":"post-19581","1":"product","2":"type-product","3":"status-publish","4":"has-post-thumbnail","6":"product_cat-189","8":"first","9":"instock","10":"downloadable","11":"shipping-taxable","12":"purchasable","13":"product-type-simple"},"_links":{"self":[{"href":"https:\/\/tamerbadr.com\/tr\/wp-json\/wp\/v2\/product\/19581","targetHints":{"allow":["GET"]}}],"collection":[{"href":"https:\/\/tamerbadr.com\/tr\/wp-json\/wp\/v2\/product"}],"about":[{"href":"https:\/\/tamerbadr.com\/tr\/wp-json\/wp\/v2\/types\/product"}],"replies":[{"embeddable":true,"href":"https:\/\/tamerbadr.com\/tr\/wp-json\/wp\/v2\/comments?post=19581"}],"wp:featuredmedia":[{"embeddable":true,"href":"https:\/\/tamerbadr.com\/tr\/wp-json\/wp\/v2\/media\/19693"}],"wp:attachment":[{"href":"https:\/\/tamerbadr.com\/tr\/wp-json\/wp\/v2\/media?parent=19581"}],"wp:term":[{"taxonomy":"product_brand","embeddable":true,"href":"https:\/\/tamerbadr.com\/tr\/wp-json\/wp\/v2\/product_brand?post=19581"},{"taxonomy":"product_cat","embeddable":true,"href":"https:\/\/tamerbadr.com\/tr\/wp-json\/wp\/v2\/product_cat?post=19581"},{"taxonomy":"product_tag","embeddable":true,"href":"https:\/\/tamerbadr.com\/tr\/wp-json\/wp\/v2\/product_tag?post=19581"}],"curies":[{"name":"wp","href":"https:\/\/api.w.org\/{rel}","templated":true}]}}