{"id":19575,"date":"2025-03-16T21:38:04","date_gmt":"2025-03-16T21:38:04","guid":{"rendered":"https:\/\/white-ant-267257.hostingersite.com\/?post_type=product&#038;p=19575"},"modified":"2025-07-13T07:22:37","modified_gmt":"2025-07-13T07:22:37","slug":"unforgettable-days-book","status":"publish","type":"product","link":"https:\/\/tamerbadr.com\/tr\/urun\/unforgettable-days-book","title":{"rendered":"Unutulmaz G\u00fcnler Kitab\u0131"},"content":{"rendered":"<h1 style=\"text-align: center;\"><strong>Profes\u00f6r Dr. Ragheb Al-Sarjani&#039;nin Unutulmaz G\u00fcnler kitab\u0131na giri\u015fi<\/strong><\/h1>\n<h1 style=\"text-align: center;\">\u0130slam tarihi, y\u0131llar ve y\u00fczy\u0131llar boyunca b\u00fcy\u00fck bir ihmale maruz kalm\u0131\u015ft\u0131r. Sonu\u00e7 olarak, bir\u00e7ok Oryantalist ve Bat\u0131c\u0131 bu tarihi \u00e7arp\u0131tm\u0131\u015ft\u0131r. Sonu\u00e7 olarak, ger\u00e7eklerden \u00e7ok farkl\u0131 bir tarihe sahibiz. Daha da k\u00f6t\u00fcs\u00fc, bu \u00e7arp\u0131tmalar aras\u0131nda dersler ve ahlaki de\u011ferler kaybolmu\u015ftur. B\u00f6ylece tarih, okuyucular i\u00e7in hi\u00e7bir anlam ifade etmeyen akademik bir \u00e7al\u0131\u015fma haline gelmi\u015ftir. Sonu\u00e7 olarak, onu okumaktan ve incelemekten ka\u00e7\u0131nm\u0131\u015flard\u0131r.<\/h1>\n<h1 style=\"text-align: center;\">Bu vahim durum kar\u015f\u0131s\u0131nda, bu uzun tarihi kurtarmak i\u00e7in gayretli baz\u0131 insanlar\u0131n aya\u011fa kalkmas\u0131 gerekti; hatta, ulusun tarihi hakk\u0131nda okumak i\u00e7in uygun ve g\u00fcvenilir bir kaynak bulamayan M\u00fcsl\u00fcman gen\u00e7leri kurtarmak i\u00e7in. Ger\u00e7ekten de, abartm\u0131yorum: M\u00fcsl\u00fcman olsun ya da olmas\u0131n, t\u00fcm d\u00fcnya bu \u015fanl\u0131 \u0130slam tarihine ihtiya\u00e7 duyuyor, \u00e7\u00fcnk\u00fc d\u00fcnya, bizim b\u00fcy\u00fck tarihimizde buldu\u011fumuz kadar g\u00f6rkemli ve g\u00f6z kama\u015ft\u0131r\u0131c\u0131 bir \u015fey g\u00f6rmedi.<\/h1>\n<h1 style=\"text-align: center;\">Elimizdeki kitap da bu yard\u0131mlardan bir tanesidir!<\/h1>\n<h1 style=\"text-align: center;\">Bu, \u0130slam ulusunun tarihindeki \u00e7ok say\u0131da \u00f6nemli g\u00fcn\u00fc ustal\u0131kla bir araya getiren de\u011ferli bir kitap. Ancak bu muazzam koleksiyon, benzer say\u0131da sayfaya sahip de\u011fil! Bu, yazar\u0131n her sava\u015ftan faydal\u0131 ve her kar\u015f\u0131la\u015fmadan \u00f6nemli olanlar\u0131 se\u00e7medeki ola\u011fan\u00fcst\u00fc ustal\u0131\u011f\u0131n\u0131 g\u00f6steriyor. Belki de bu, bu kitab\u0131 di\u011ferlerinden ay\u0131ran en dikkat \u00e7ekici \u00f6zelliklerden biri; \u00e7\u00fcnk\u00fc yazar, yo\u011funla\u015ft\u0131rma ve odaklama konusundaki m\u00fckemmel yetene\u011fiyle \u00f6ne \u00e7\u0131k\u0131yor. \u00d6yle ki, devasa bir sava\u015f hakk\u0131nda d\u00f6rt be\u015f sayfa okuduktan sonra her \u015feyi kapsad\u0131\u011f\u0131n\u0131z\u0131 ve ba\u015fka hi\u00e7bir bilgiye ihtiyac\u0131n\u0131z olmad\u0131\u011f\u0131n\u0131 hissediyorsunuz. Oysa uzmanlar, bir tarih\u00e7inin bu t\u00fcr sava\u015flar hakk\u0131nda ciltler dolusu kitap yazabilece\u011fini bilir!<\/h1>\n<h1 style=\"text-align: center;\">Bu kitap, \u0130slam tarihinin farkl\u0131 evreleri aras\u0131nda ak\u0131c\u0131 bir anlat\u0131mla \u00f6ne \u00e7\u0131k\u0131yor. Peygamberlik d\u00f6nemiyle ba\u015flay\u0131p, uygun bir h\u0131zla Ra\u015fidin, Emevi, Abbasi, Eyyubi, Meml\u00fck ve Osmanl\u0131 d\u00f6nemleri gibi farkl\u0131 tarihsel d\u00f6nemler aras\u0131nda ge\u00e7i\u015fler yap\u0131yor. D\u00fcnyan\u0131n farkl\u0131 k\u00f6\u015felerindeki co\u011frafi gezintiyi de ihmal etmiyor. Do\u011fu&#039;ya uzan\u0131p Hindistan sava\u015flar\u0131ndan bahsediyor, Do\u011fu&#039;dan Bat\u0131&#039;ya ge\u00e7ip End\u00fcl\u00fcs sava\u015flar\u0131n\u0131 anlat\u0131yor!<\/h1>\n<h1 style=\"text-align: center;\">Bu kitab\u0131n bir di\u011fer ay\u0131rt edici \u00f6zelli\u011fi de, bir\u00e7ok M\u00fcsl\u00fcman\u0131n hakk\u0131nda hi\u00e7bir ayr\u0131nt\u0131 bilmedi\u011fi bir\u00e7ok sava\u015fa de\u011finmesi. Asl\u0131nda abartm\u0131yorum: M\u00fcsl\u00fcmanlar isimlerini bile bilmiyor! \u00d6rne\u011fin, Ayn el-Temr, Dibal Fethi, Talas, Somnat Fethi, Ni\u011fbolu, Moha\u00e7 ve bu yazar d\u00fcr\u00fcstl\u00fck ve \u00f6zenle bu kritik g\u00fcnlerin ger\u00e7e\u011fini ortaya \u00e7\u0131karana kadar ad\u0131 bile unutulmu\u015f ve sayfalar\u0131 tozla kaplanm\u0131\u015f di\u011fer sava\u015flar\u0131 belirtmem yeterli.<\/h1>\n<h1 style=\"text-align: center;\">Yukar\u0131dakilerin hepsinden \u00f6te, bu de\u011ferli kitap, \u0130slam k\u00fct\u00fcphanesini dolduran bir\u00e7ok eserden onu ay\u0131ran ve kendi alan\u0131nda e\u015fsiz k\u0131lan iki \u00f6zelli\u011fiyle \u00f6ne \u00e7\u0131kmaktad\u0131r.<\/h1>\n<h1 style=\"text-align: center;\">\u0130lk nokta, kendisini M\u00fcsl\u00fcmanlar\u0131n zaferleriyle s\u0131n\u0131rlamamas\u0131, aksine, g\u00fczel bir tarafs\u0131zl\u0131k ve son derece kesin bir dille, M\u00fcsl\u00fcmanlar\u0131n yenildikleri b\u00fcy\u00fck sava\u015flardan bahsetmesidir! Uhud Sava\u015f\u0131, Tours Sava\u015f\u0131, Ukab Sava\u015f\u0131 ve di\u011fer yenilgiler gibi. Bu, asl\u0131nda yazar\u0131n zek\u00e2s\u0131n\u0131n a\u00e7\u0131k bir \u00f6rne\u011fidir; \u00e7\u00fcnk\u00fc okuyucuya olaylar\u0131 sunarken g\u00f6sterdi\u011fi d\u00fcr\u00fcstl\u00fc\u011f\u00fc ve zaman\u0131n milletler aras\u0131nda bir d\u00f6ng\u00fc oldu\u011funu vurgulamaktad\u0131r. Ayr\u0131ca, okuyucular\u0131 bu sava\u015flardan edinilen \u00f6nemli derslerden yararlanma f\u0131rsat\u0131ndan da mahrum b\u0131rakmamaktad\u0131r.<\/h1>\n<h1 style=\"text-align: center;\">\u0130kinci husus, yazar\u0131n bir\u00e7ok yazar\u0131n yapt\u0131\u011f\u0131 gibi sadece olaylar\u0131 anlatmakla kalmam\u0131\u015f, aksine meselelerin derinliklerine inmi\u015f ve zaferin etkenlerini ve yenilginin sebeplerini ara\u015ft\u0131rm\u0131\u015f olmas\u0131d\u0131r; b\u00f6ylece kitab\u0131n okuyucusu milletlerin y\u00fckseli\u015fi veya \u00e7\u00f6k\u00fc\u015f\u00fcn\u00fcn sebeplerine dair zengin bir derlemeyle kar\u015f\u0131la\u015f\u0131r ve b\u00f6ylece hikayenin anlat\u0131lmas\u0131n\u0131n amac\u0131na ula\u015fm\u0131\u015f olur; t\u0131pk\u0131 Rabbimiz&#039;in bize \u015fu s\u00f6zleriyle g\u00f6sterdi\u011fi gibi: {Andolsun, onlar\u0131n k\u0131ssalar\u0131nda ak\u0131l sahipleri i\u00e7in ibretler vard\u0131r.} [Yusuf: 111]... Ger\u00e7ek \u015fu ki yazar t\u00fcm bunlar\u0131 y\u00fcksek ve se\u00e7kin bir i\u015f\u00e7ilikle haz\u0131rlam\u0131\u015ft\u0131r.<\/h1>\n<h1 style=\"text-align: center;\">Nihayet:<\/h1>\n<h1 style=\"text-align: center;\">Yazar\u0131n bu ustal\u0131\u011f\u0131, \u00fcslubunun zarif ve g\u00fczel olmas\u0131n\u0131 engellememi\u015f. Kitab\u0131n ifadeleri zarif, kelimeleri g\u00fczel, sunumu ak\u0131c\u0131 ve keyifli, bu da kitaba ihti\u015fam ve zarafet kat\u0131yor.<\/h1>\n<h1 style=\"text-align: center;\">Yazar\u0131n ilk askeri denemesi oldu\u011funu bilsem de, son denemesi olmayaca\u011f\u0131ndan eminim. \u0130slam tarihinin sava\u015flar\u0131 ve detaylar\u0131 y\u00fczlerce cilt, binlerce a\u00e7\u0131klama ve analiz gerektiriyor.<\/h1>\n<h1 style=\"text-align: center;\">Allah, Profes\u00f6r Tamer Badr&#039;\u0131n b\u00fcy\u00fck \u00e7abalar\u0131n\u0131 m\u00fckafatland\u0131rs\u0131n. Kendisine tavsiyem, her kitapta niyetini yenilemesidir ki, Y\u00fcce Allah kitaplar\u0131n\u0131 yayg\u0131nla\u015ft\u0131rs\u0131n ve ona bol ecir ve kapsaml\u0131 bir m\u00fckafat versin.<\/h1>\n<h1 style=\"text-align: center;\">Allah&#039;tan \u0130slam&#039;\u0131 ve M\u00fcsl\u00fcmanlar\u0131 y\u00fcceltmesini diliyorum<\/h1>\n<h1 style=\"text-align: center;\">Prof. Dr. Ragheb Al-Sarjani<\/h1>","protected":false},"excerpt":{"rendered":"<p>\u0645\u0642\u062f\u0645\u0629 \u0627\u0644\u0627\u0633\u062a\u0627\u0630 \u0627\u0644\u062f\u0643\u062a\u0648\u0631 \u0631\u0627\u063a\u0628 \u0627\u0644\u0633\u0631\u062c\u0627\u0646\u064a \u0644\u0643\u062a\u0627\u0628 \u0623\u064a\u0627\u0645 \u0644\u0627 \u062a\u0646\u0633\u0649 \u0639\u0627\u0646\u064a \u0627\u0644\u062a\u0627\u0631\u064a\u062e \u0627\u0644\u0625\u0633\u0644\u0627\u0645\u064a \u0643\u062b\u064a\u0631\u064b\u0627 \u0645\u0646 \u0627\u0644\u0625\u0647\u0645\u0627\u0644 \u0639\u0644\u0649 \u0645\u062f\u0627\u0631 \u0627\u0644\u0633\u0646\u0648\u0627\u062a \u0648\u0627\u0644\u0642\u0631\u0648\u0646\u060c \u0648\u0643\u0627\u0646\u062a \u0627\u0644\u0646\u062a\u064a\u062c\u0629 \u0623\u0646 \u0639\u0628\u062b \u0643\u062b\u064a\u0631 \u0645\u0646 \u0627\u0644\u0645\u0633\u062a\u0634\u0631\u0642\u064a\u0646 \u0648\u0627\u0644\u0645\u0633\u062a\u063a\u0631\u0628\u064a\u0646 \u0641\u064a \u0647\u0630\u0627 \u0627\u0644\u062a\u0627\u0631\u064a\u062e\u061b \u0648\u0628\u0627\u0644\u062a\u0627\u0644\u064a \u062e\u0631\u062c \u0644\u0646\u0627 \u0627\u0644\u062a\u0627\u0631\u064a\u062e \u0628\u0635\u0648\u0631\u0629 \u0645\u063a\u0627\u064a\u0631\u0629 \u0643\u062b\u064a\u0631\u064b\u0627 \u0639\u0646 \u0627\u0644\u062d\u0642\u064a\u0642\u0629\u060c \u0648\u0627\u0644\u0623\u0646\u0643\u0649 \u0645\u0646 \u0630\u0644\u0643 \u0623\u0646 \u0627\u0644\u062f\u0631\u0648\u0633 \u0648\u0627\u0644\u0639\u0628\u0631 \u062a\u0627\u0647\u062a \u0648\u0633\u0637 \u0647\u0630\u0647 \u0627\u0644\u062a\u062d\u0631\u064a\u0641\u0627\u062a\u060c \u0641\u0635\u0627\u0631 \u0627\u0644\u062a\u0627\u0631\u064a\u062e \u062f\u0631\u0627\u0633\u0629 \u0623\u0643\u0627\u062f\u064a\u0645\u064a\u0629 \u0644\u0627 \u0645\u0639\u0646\u0649 [&hellip;]<\/p>","protected":false},"featured_media":19689,"comment_status":"open","ping_status":"closed","template":"","meta":{"_seopress_robots_primary_cat":"","_seopress_titles_title":"","_seopress_titles_desc":"","_seopress_robots_index":"","inline_featured_image":false,"_uf_show_specific_survey":0,"_uf_disable_surveys":false},"product_brand":[],"product_cat":[189],"product_tag":[],"class_list":{"0":"post-19575","1":"product","2":"type-product","3":"status-publish","4":"has-post-thumbnail","6":"product_cat-189","8":"first","9":"instock","10":"downloadable","11":"shipping-taxable","12":"purchasable","13":"product-type-simple"},"_links":{"self":[{"href":"https:\/\/tamerbadr.com\/tr\/wp-json\/wp\/v2\/product\/19575","targetHints":{"allow":["GET"]}}],"collection":[{"href":"https:\/\/tamerbadr.com\/tr\/wp-json\/wp\/v2\/product"}],"about":[{"href":"https:\/\/tamerbadr.com\/tr\/wp-json\/wp\/v2\/types\/product"}],"replies":[{"embeddable":true,"href":"https:\/\/tamerbadr.com\/tr\/wp-json\/wp\/v2\/comments?post=19575"}],"wp:featuredmedia":[{"embeddable":true,"href":"https:\/\/tamerbadr.com\/tr\/wp-json\/wp\/v2\/media\/19689"}],"wp:attachment":[{"href":"https:\/\/tamerbadr.com\/tr\/wp-json\/wp\/v2\/media?parent=19575"}],"wp:term":[{"taxonomy":"product_brand","embeddable":true,"href":"https:\/\/tamerbadr.com\/tr\/wp-json\/wp\/v2\/product_brand?post=19575"},{"taxonomy":"product_cat","embeddable":true,"href":"https:\/\/tamerbadr.com\/tr\/wp-json\/wp\/v2\/product_cat?post=19575"},{"taxonomy":"product_tag","embeddable":true,"href":"https:\/\/tamerbadr.com\/tr\/wp-json\/wp\/v2\/product_tag?post=19575"}],"curies":[{"name":"wp","href":"https:\/\/api.w.org\/{rel}","templated":true}]}}