{"id":20137,"date":"2025-03-19T15:40:18","date_gmt":"2025-03-19T15:40:18","guid":{"rendered":"https:\/\/white-ant-267257.hostingersite.com\/?page_id=20137"},"modified":"2025-04-06T08:18:15","modified_gmt":"2025-04-06T08:18:15","slug":"the-book-of-the-virtue-of-patience-in-the-face-of-adversity","status":"publish","type":"page","link":"https:\/\/tamerbadr.com\/tr\/the-book-of-the-virtue-of-patience-in-the-face-of-adversity","title":{"rendered":"Zorluklara Kar\u015f\u0131 Sabr\u0131n Erdemi Kitab\u0131"},"content":{"rendered":"<div data-elementor-type=\"wp-page\" data-elementor-id=\"20137\" class=\"elementor elementor-20137\" data-elementor-post-type=\"page\">\n\t\t\t\t<div class=\"elementor-element elementor-element-c8c7aab e-flex e-con-boxed e-con e-parent\" data-id=\"c8c7aab\" data-element_type=\"container\">\n\t\t\t\t\t<div class=\"e-con-inner\">\n\t\t<div class=\"elementor-element elementor-element-6483b1a e-con-full e-flex e-con e-child\" data-id=\"6483b1a\" data-element_type=\"container\">\n\t\t\t\t<div class=\"elementor-element elementor-element-6058eb2 elementor-widget elementor-widget-wc-elements\" data-id=\"6058eb2\" data-element_type=\"widget\" data-widget_type=\"wc-elements.default\">\n\t\t\t\t<div class=\"elementor-widget-container\">\n\t\t\t\t\t<div class=\"woocommerce\">\t\t\t<div class=\"single-product\" data-product-page-preselected-id=\"0\">\n\t\t\t\t<div class=\"woocommerce-notices-wrapper\"><\/div><div id=\"product-19573\" class=\"product type-product post-19573 status-publish first instock product_cat-191 has-post-thumbnail downloadable shipping-taxable purchasable product-type-simple\">\n\n\t<div class=\"woocommerce-product-gallery woocommerce-product-gallery--with-images woocommerce-product-gallery--columns-4 images\" data-columns=\"4\" style=\"opacity: 0; transition: opacity .25s ease-in-out;\">\n\t<div class=\"woocommerce-product-gallery__wrapper\">\n\t\t<div data-thumb=\"https:\/\/tamerbadr.com\/wp-content\/uploads\/2025\/03\/\u0641\u0636\u0644-\u0627\u0644\u0635\u0628\u0631-\u0639\u0644\u0649-\u0627\u0644\u0628\u0644\u0627\u0621.jpg\" data-thumb-alt=\"\u0643\u062a\u0627\u0628 \u0641\u0636\u0644 \u0627\u0644\u0635\u0628\u0631 \u0639\u0644\u064a \u0627\u0644\u0628\u0644\u0627\u0621\" data-thumb-srcset=\"\"  data-thumb-sizes=\"(max-width: 71px) 100vw, 71px\" class=\"woocommerce-product-gallery__image\"><a href=\"https:\/\/tamerbadr.com\/wp-content\/uploads\/2025\/03\/\u0641\u0636\u0644-\u0627\u0644\u0635\u0628\u0631-\u0639\u0644\u0649-\u0627\u0644\u0628\u0644\u0627\u0621.jpg\"><img fetchpriority=\"high\" decoding=\"async\" width=\"480\" height=\"676\" src=\"https:\/\/tamerbadr.com\/wp-content\/uploads\/2025\/03\/\u0641\u0636\u0644-\u0627\u0644\u0635\u0628\u0631-\u0639\u0644\u0649-\u0627\u0644\u0628\u0644\u0627\u0621.jpg\" class=\"wp-post-image\" alt=\"Zorluklara Kar\u015f\u0131 Sabr\u0131n Erdemi Kitab\u0131\" data-caption=\"\" data-src=\"https:\/\/tamerbadr.com\/wp-content\/uploads\/2025\/03\/\u0641\u0636\u0644-\u0627\u0644\u0635\u0628\u0631-\u0639\u0644\u0649-\u0627\u0644\u0628\u0644\u0627\u0621.jpg\" data-large_image=\"https:\/\/tamerbadr.com\/wp-content\/uploads\/2025\/03\/\u0641\u0636\u0644-\u0627\u0644\u0635\u0628\u0631-\u0639\u0644\u0649-\u0627\u0644\u0628\u0644\u0627\u0621.jpg\" data-large_image_width=\"480\" data-large_image_height=\"676\" \/><\/a><\/div><div data-thumb=\"https:\/\/tamerbadr.com\/wp-content\/uploads\/2025\/03\/\u0645\u0624\u0644\u0641\u0627\u062a-\u062a\u0627\u0645\u0631-\u0628\u062f\u0631-1-6.jpg\" data-thumb-alt=\"\u0643\u062a\u0627\u0628 \u0641\u0636\u0644 \u0627\u0644\u0635\u0628\u0631 \u0639\u0644\u064a \u0627\u0644\u0628\u0644\u0627\u0621 - G\u00f6rsel 2\" data-thumb-srcset=\"\"  data-thumb-sizes=\"(max-width: 92px) 100vw, 92px\" class=\"woocommerce-product-gallery__image\" data-no-translation-data-thumb-alt=\"\"><a href=\"https:\/\/tamerbadr.com\/wp-content\/uploads\/2025\/03\/\u0645\u0624\u0644\u0641\u0627\u062a-\u062a\u0627\u0645\u0631-\u0628\u062f\u0631-1-6.jpg\"><img decoding=\"async\" width=\"389\" height=\"422\" src=\"https:\/\/tamerbadr.com\/wp-content\/uploads\/2025\/03\/\u0645\u0624\u0644\u0641\u0627\u062a-\u062a\u0627\u0645\u0631-\u0628\u062f\u0631-1-6.jpg\" class=\"\" alt=\"\u0643\u062a\u0627\u0628 \u0641\u0636\u0644 \u0627\u0644\u0635\u0628\u0631 \u0639\u0644\u064a \u0627\u0644\u0628\u0644\u0627\u0621 - G\u00f6rsel 2\" data-caption=\"CREATOR: gd-jpeg v1.0 (using IJG JPEG v62), quality = 90\" data-src=\"https:\/\/tamerbadr.com\/wp-content\/uploads\/2025\/03\/\u0645\u0624\u0644\u0641\u0627\u062a-\u062a\u0627\u0645\u0631-\u0628\u062f\u0631-1-6.jpg\" data-large_image=\"https:\/\/tamerbadr.com\/wp-content\/uploads\/2025\/03\/\u0645\u0624\u0644\u0641\u0627\u062a-\u062a\u0627\u0645\u0631-\u0628\u062f\u0631-1-6.jpg\" data-large_image_width=\"389\" data-large_image_height=\"422\" data-no-translation-alt=\"\" \/><\/a><\/div>\t<\/div>\n<\/div>\n\n\t<div class=\"summary entry-summary\">\n\t\t<h1 class=\"product_title entry-title\">Zorluklara Kar\u015f\u0131 Sabr\u0131n Erdemi Kitab\u0131<\/h1><p class=\"price\"><span class=\"woocommerce-Price-amount amount\"><bdi><span class=\"woocommerce-Price-currencySymbol\">M\u0131s\u0131r Liras\u0131<\/span>40.00<\/bdi><\/span><\/p>\n\n\t\n\t<form class=\"cart\" action=\"\" method=\"post\" enctype='multipart\/form-data' data-trp-original-action=\"\">\n\t\t\n\t\t<div class=\"quantity\">\n\t\t<label class=\"screen-reader-text\" for=\"quantity_69fee85438d20\" data-no-translation=\"\" data-trp-gettext=\"\">\u0643\u062a\u0627\u0628 \u0641\u0636\u0644 \u0627\u0644\u0635\u0628\u0631 \u0639\u0644\u064a \u0627\u0644\u0628\u0644\u0627\u0621 adet<\/label>\n\t<input\n\t\ttype=\"number\"\n\t\t\t\tid=\"quantity_69fee85438d20\"\n\t\tclass=\"input-text qty text\"\n\t\tname=\"quantity\"\n\t\tvalue=\"1\"\n\t\taria-label=\"\u00dcr\u00fcn miktar\u0131\"\n\t\t\t\tmin=\"1\"\n\t\t\t\t\t\t\tstep=\"1\"\n\t\t\tplaceholder=\"\"\n\t\t\tinputmode=\"numeric\"\n\t\t\tautocomplete=\"off\" data-no-translation-aria-label=\"\"\n\t\t\t\/>\n\t<\/div>\n\n\t\t<button type=\"submit\" name=\"add-to-cart\" value=\"19573\" class=\"single_add_to_cart_button button alt\" data-no-translation=\"\" data-trp-gettext=\"\">Sepete Ekle<\/button>\n\n\t\t\n        <script>\n            document.addEventListener('DOMContentLoaded', function(){\n                document.addEventListener('click', function(event){\n                    if(!event.target.matches('.single_add_to_cart_button')){\n                        return;\n                    }\n\n                    const quantity = document.querySelector('input.qty').value || '1';\n                    const formProductVariation = document.querySelector('form[data-product_variations]')\n                    const variationItem = document.querySelector('.variation_id')\n\n                    let price = 40\n                    if(formProductVariation && variationItem){\n                        try{\n                            const variations = JSON.parse(formProductVariation.dataset.product_variations)\n                            const variationId = variationItem.value\n                            for(const variation of variations){\n                                if(variation.variation_id == Number(variationId)){\n                                    price = variation.display_price\n                                }\n                            }\n                        }\n                        catch{\n                        }\n                    }\n\n                    gtag('event', 'add_to_cart', {\n                        'items': [ {\n                            'item_id':'19573',\n                            'item_name': '\u0643\u062a\u0627\u0628 \u0641\u0636\u0644 \u0627\u0644\u0635\u0628\u0631 \u0639\u0644\u064a \u0627\u0644\u0628\u0644\u0627\u0621',\n                            'list_name': '\u0643\u062a\u0627\u0628 \u0641\u0636\u0644 \u0627\u0644\u0635\u0628\u0631 \u0639\u0644\u064a \u0627\u0644\u0628\u0644\u0627\u0621',\n                            'quantity': quantity,\n                            'price': price,\n                            \"item_category\":\"\u062f\u064a\u0646 \u0625\u0633\u0644\u0627\u0645\u064a\"\n                        }]\n                    });\n                })\n            });\n        <\/script>\n        \t<input type=\"hidden\" name=\"trp-form-language\" value=\"tr\"\/><\/form>\n\n\t\n<div class=\"product_meta\">\n\n\t\n\t\n\t<span class=\"posted_in\">Kategoriler: <a href=\"https:\/\/tamerbadr.com\/tr\/urun-kategori\/%d8%af%d9%8a%d9%86-%d8%a5%d8%b3%d9%84%d8%a7%d9%85%d9%8a\" rel=\"tag\">\u0130slam dini<\/a><\/span>\n\t\n\t\n<\/div>\n\t<\/div>\n\n\t\n\t<div class=\"woocommerce-tabs wc-tabs-wrapper\">\n\t\t<ul class=\"tabs wc-tabs\" role=\"tablist\">\n\t\t\t\t\t\t\t<li role=\"presentation\" class=\"description_tab\" id=\"tab-title-description\">\n\t\t\t\t\t<a href=\"#tab-description\" role=\"tab\" aria-controls=\"tab-description\">\n\t\t\t\t\t\tA\u00e7\u0131klama\t\t\t\t\t<\/a>\n\t\t\t\t<\/li>\n\t\t\t\t\t\t\t<li role=\"presentation\" class=\"reviews_tab\" id=\"tab-title-reviews\">\n\t\t\t\t\t<a href=\"#tab-reviews\" role=\"tab\" aria-controls=\"tab-reviews\">\n\t\t\t\t\t\tDe\u011ferlendirmeler (0)\t\t\t\t\t<\/a>\n\t\t\t\t<\/li>\n\t\t\t\t\t<\/ul>\n\t\t\t\t\t<div class=\"woocommerce-Tabs-panel woocommerce-Tabs-panel--description panel entry-content wc-tab\" id=\"tab-description\" role=\"tabpanel\" aria-labelledby=\"tab-title-description\">\n\t\t\t\t\n\t<h2 data-no-translation=\"\" data-trp-gettext=\"\">A\u00e7\u0131klama<\/h2>\n\n<h1 style=\"text-align: center;\"><strong>\u015eeyh Muhammed Hasan&#039;\u0131n Zorluklara Kar\u015f\u0131 Sabr\u0131n Erdemi kitab\u0131na giri\u015fi<\/strong><\/h1>\n<h1 style=\"text-align: center;\">Allah\u2019a hamd olsun, Allah\u2019\u0131n salat\u0131 ve selam\u0131 Allah\u2019\u0131n Resul\u00fc\u2019n\u00fcn \u00fczerine olsun. Allah ona salat ve selam etsin.<\/h1>\n<h1 style=\"text-align: center;\">Y\u00fcce Allah, sabr\u0131 sars\u0131lmaz bir at, yenilmez bir ordu ve y\u0131k\u0131lmaz bir kale k\u0131lm\u0131\u015ft\u0131r. Y\u00fcce Allah, sabredenlerin Allah&#039;\u0131n yan\u0131nda oldu\u011funu ve Allah&#039;\u0131n onlar\u0131 sevdi\u011fini s\u00f6ylemi\u015ftir. Ne b\u00fcy\u00fck bir \u015feref!<\/h1>\n<h1 style=\"text-align: center;\">Y\u00fcce Allah \u015f\u00f6yle buyurmu\u015ftur: \u201c\u015e\u00fcphesiz Allah sabredenlerle beraberdir.\u201d (Bakara: 153)<\/h1>\n<h1 style=\"text-align: center;\">Y\u00fcce Allah \u015f\u00f6yle buyurmu\u015ftur: \u201cAllah sabredenleri sever.\u201d (\u00c2l-i \u0130mran: 146)<\/h1>\n<h1 style=\"text-align: center;\">Ve dinin \u00f6nderli\u011fini sab\u0131r ve yakine dayand\u0131rm\u0131\u015f, bunun \u00fczerine Y\u00fcce Allah \u015f\u00f6yle buyurmu\u015ftur: \u201cVe i\u00e7lerinden, sabrettikleri ve ayetlerimize kesin olarak inand\u0131klar\u0131 zaman, emrimizle do\u011fru yola ileten \u00f6nderler \u00e7\u0131kard\u0131k.\u201d [Secde: 24]<\/h1>\n<h1 style=\"text-align: center;\">Ve O, ba\u015fkalar\u0131 i\u00e7in toplamad\u0131\u011f\u0131 m\u00fcjdeleri sabredenlere toplad\u0131. Bunun \u00fczerine Y\u00fcce Allah \u015f\u00f6yle buyurdu: &quot;Andolsun, sizi biraz korku, biraz a\u00e7l\u0131k ve biraz da mallardan, canlardan ve \u00fcr\u00fcnlerden eksiltmekle deneriz. Sabredenleri m\u00fcjdele. (155) Onlar, kendilerine bir musibet isabet etti\u011fi zaman, &quot;Biz Allah&#039;a aidiz ve \u015f\u00fcphesiz O&#039;na d\u00f6nece\u011fiz&quot; derler. (156) \u0130\u015fte Rablerinden ma\u011ffiret ve rahmet onlar i\u00e7indir. \u0130\u015fte hidayete erenler onlard\u0131r.&quot; (157) [Bakara]<\/h1>\n<h1 style=\"text-align: center;\">Sonra Y\u00fcce Allah, sabredenlerin cennetteki \u015ferefini, meleklerin gelip onlar\u0131 kar\u015f\u0131lamas\u0131yla \u015f\u00f6yle a\u00e7\u0131klam\u0131\u015ft\u0131r: \u201cVe melekler her kap\u0131dan yanlar\u0131na girerler ve: \u2018Sabretmenize kar\u015f\u0131l\u0131k size selam olsun! Ne g\u00fczel ahiret yurdu!\u2019 derler.\u201d (Ra\u2019d)<\/h1>\n<h1 style=\"text-align: center;\">Onlar\u0131n sevaplar\u0131n\u0131 ve sonsuz m\u00fckafatlar\u0131n\u0131 \u015f\u00f6yle \u00f6zetledi: &quot;Yaln\u0131zca sabredenlere m\u00fckafatlar\u0131 hesaps\u0131z verilecektir.&quot; (Z\u00fcmer: 10)<\/h1>\n<h1 style=\"text-align: center;\">Evet, sab\u0131r ad\u0131ndan da anla\u015f\u0131laca\u011f\u0131 gibi tad\u0131 ac\u0131d\u0131r, ama sonu\u00e7lar\u0131 baldan tatl\u0131d\u0131r.<\/h1>\n<h1 style=\"text-align: center;\">Sab\u0131r nedir?<\/h1>\n<h1 style=\"text-align: center;\">Dilde sab\u0131r: \u00d6nlem ve tecrittir.<\/h1>\n<h1 style=\"text-align: center;\">Sab\u0131r, \u0130slam hukukuna g\u00f6re; ki\u015finin kendisini kayg\u0131dan, dilini \u015fik\u00e2yetten, uzuvlar\u0131n\u0131 da g\u00fcnah i\u015flemekten al\u0131koymas\u0131 demektir.<\/h1>\n<h1 style=\"text-align: center;\">* \u00dc\u00e7 b\u00f6l\u00fcme ayr\u0131lm\u0131\u015ft\u0131r:<\/h1>\n<h1 style=\"text-align: center;\">Emre sab\u0131r. Yani itaate sab\u0131r.<\/h1>\n<h1 style=\"text-align: center;\">- Ve haramlardan ka\u00e7\u0131nmada sab\u0131r. Yani g\u00fcnahlardan ka\u00e7\u0131nmada sab\u0131r.<\/h1>\n<h1 style=\"text-align: center;\">- Kadere kar\u015f\u0131 sab\u0131r. Yani, Y\u00fcce Allah&#039;\u0131n kul i\u00e7in takdir etti\u011fi musibet ve belalara kar\u015f\u0131 sab\u0131r.<\/h1>\n<h1 style=\"text-align: center;\">G\u00fczel sab\u0131r, sahibinin Allah Te\u00e2l\u00e2&#039;n\u0131n r\u0131zas\u0131n\u0131 aramas\u0131d\u0131r. Bu, insanlar\u0131n kendisine sab\u0131rs\u0131z demelerinden korkmas\u0131 veya insanlar\u0131n kendisine sab\u0131rl\u0131 demelerinden \u00e7ekinmesi sebebiyle de\u011fildir. Aksine o, Allah&#039;\u0131n takdirine, hay\u0131r ve \u015ferrine inanarak, her t\u00fcrl\u00fc s\u0131k\u0131nt\u0131 ve \u015fikayetten uzak kalarak sabreder.<\/h1>\n<h1 style=\"text-align: center;\">Yap\u0131lan incelemede iki t\u00fcr \u015fik\u00e2yet oldu\u011fu ortaya \u00e7\u0131kt\u0131:<\/h1>\n<h1 style=\"text-align: center;\">Allah&#039;a \u015fikayet, Allah&#039;tan \u015fikayet!!<\/h1>\n<h1 style=\"text-align: center;\">Allah&#039;a \u015fik\u00e2yette bulunmak ise sabra ayk\u0131r\u0131 de\u011fildir. Zira Allah, Yakub (a.s.)&#039;dan gelen bir rivayette \u015f\u00f6yle buyurmu\u015ftur: &quot;Art\u0131k sabretmek en g\u00fczelidir. Anlatt\u0131klar\u0131n\u0131za kar\u015f\u0131 yard\u0131m istenecek olan da Allah&#039;t\u0131r.&quot; (Yusuf: 18)<\/h1>\n<h1 style=\"text-align: center;\">Ancak o, \u015fik\u00e2yetini Allah&#039;a arz ederek \u015f\u00f6yle demi\u015fti: &quot;Ben, \u00fcz\u00fcnt\u00fcm\u00fc ve kederimi ancak Allah&#039;a \u015fik\u00e2yet ederim.&quot; (Yusuf: 86)<\/h1>\n<h1 style=\"text-align: center;\">Y\u00fcce Allah, Eyy\u00fbb (a.s.)\u2019a \u00f6vg\u00fcler ya\u011fd\u0131rm\u0131\u015f, fakat o, \u015fik\u00e2yetini Allah\u2019a arz ederek \u015f\u00f6yle buyurmu\u015ftur: \u201cEyy\u00fbb! O, Rabbine: \u2018Ger\u00e7ekten bana s\u0131k\u0131nt\u0131 dokundu, sen merhametlilerin en merhametlisisin\u2019 diye yalvarm\u0131\u015ft\u0131.\u201d (Enbiya Suresi, 83)<\/h1>\n<h1 style=\"text-align: center;\">Ak\u0131ll\u0131 m\u00fcmin bilmelidir ki, bu d\u00fcnya bir imtihan yeridir ve sevinci hayaller ve ge\u00e7ici bir g\u00f6lgedir. Seni biraz g\u00fcld\u00fcr\u00fcyorsa, \u00e7ok a\u011flat\u0131r. Seni bir g\u00fcn mutlu ediyorsa, bir \u00f6m\u00fcr boyu \u00fczer. Sana biraz zevk veriyorsa, uzun s\u00fcre mahrum b\u0131rak\u0131r. Ve her sevincin bir h\u00fczn\u00fc vard\u0131r!<\/h1>\n<h1 style=\"text-align: center;\">Ak\u0131ll\u0131 ki\u015fi, basiret g\u00f6z\u00fcyle ve iman nuruyla bakan ve ba\u015f\u0131na gelenin kendisine isabet etmeyece\u011fini, isabet etmeyen \u015feyin de ba\u015f\u0131na gelmeyece\u011fini kesin olarak bilen ki\u015fidir. Bu y\u00fczden sabredenlerin m\u00fckafat\u0131n\u0131 anlamak i\u00e7in Y\u00fcce Allah&#039;\u0131n kitab\u0131na ve Resul\u00fc&#039;n\u00fcn (s.a.v.) s\u00fcnnetine bakar.<\/h1>\n<h1 style=\"text-align: center;\">Sonra da musibet ve belalar\u0131n ate\u015fini, musibetlere u\u011frayanlar\u0131n, \u00f6zellikle de peygamberlerin ve el\u00e7ilerin ibretliklerine t\u00e2bi olman\u0131n serinli\u011fiyle s\u00f6nd\u00fcrs\u00fcn.<\/h1>\n<h1 style=\"text-align: center;\">Sonra yery\u00fcz\u00fcndeki insanlar aras\u0131nda baksa, arasa, aralar\u0131nda sevdi\u011fi bir kimseyi kaybeden veya ba\u015f\u0131na ho\u015f olmayan bir olay gelen kimseden ba\u015fkas\u0131n\u0131 g\u00f6remezdi!!<\/h1>\n<h1 style=\"text-align: center;\">S\u0131k\u0131nt\u0131lar\u0131n, belalar\u0131n \u00e7ok oldu\u011fu, belalar\u0131n, musibetlerin \u00e7ok \u015fiddetli oldu\u011fu bir zamanda, s\u00fcrekli bir hat\u0131rlatmaya ne kadar da ihtiyac\u0131m\u0131z var.<\/h1>\n<h1 style=\"text-align: center;\">S\u0131k\u0131nt\u0131lara kar\u015f\u0131 sab\u0131r, s\u0131k\u0131nt\u0131lar\u0131n hikmetlerini anlamak, s\u0131k\u0131nt\u0131lar\u0131n \u00e7e\u015fitlerini \u00f6\u011frenmek, peygamberlerin ve el\u00e7ilerin \u00f6rnekli\u011fini izlemek ve bu y\u00fcce konuyla ilgili di\u011fer \u00f6nemli hususlar sayesinde.<\/h1>\n<h1 style=\"text-align: center;\">Elimde sevgili karde\u015fimiz Tamer Bedir&#039;den bu konuda g\u00fczel bir mesaj var. Allah onu hay\u0131rla m\u00fckafatland\u0131rs\u0131n, bizi ve onu sabredenlerden eylesin ve bu dinin zaferiyle hepimizin g\u00f6z\u00fcn\u00fc ayd\u0131n etsin. Allah&#039;\u0131n dualar\u0131 ve selam\u0131 peygamberlerin \u00f6nderi ve t\u00fcm ailesi ve sahabelerinin \u00fczerine olsun.<\/h1>\n<h1 style=\"text-align: center;\">Yazan<\/h1>\n\t\t\t<\/div>\n\t\t\t\t\t<div class=\"woocommerce-Tabs-panel woocommerce-Tabs-panel--reviews panel entry-content wc-tab\" id=\"tab-reviews\" role=\"tabpanel\" aria-labelledby=\"tab-title-reviews\">\n\t\t\t\t<div id=\"reviews\" class=\"woocommerce-Reviews\">\n\t<div id=\"comments\">\n\t\t<h2 class=\"woocommerce-Reviews-title\">\n\t\t\tDe\u011ferlendirmeler\t\t<\/h2>\n\n\t\t\t\t\t<p class=\"woocommerce-noreviews\" data-no-translation=\"\" data-trp-gettext=\"\">Hen\u00fcz de\u011ferlendirme yap\u0131lmad\u0131.<\/p>\n\t\t\t<\/div>\n\n\t\t\t<div id=\"review_form_wrapper\">\n\t\t\t<div id=\"review_form\">\n\t\t\t\t\t<div id=\"respond\" class=\"comment-respond\">\n\t\t<span id=\"reply-title\" class=\"comment-reply-title\" role=\"heading\" aria-level=\"3\">&ldquo;\u0643\u062a\u0627\u0628 \u0641\u0636\u0644 \u0627\u0644\u0635\u0628\u0631 \u0639\u0644\u064a \u0627\u0644\u0628\u0644\u0627\u0621&rdquo; i\u00e7in yorum yapan ilk ki\u015fi siz olun <small><a rel=\"nofollow\" id=\"cancel-comment-reply-link\" href=\"\/tr\/wp-json\/wp\/v2\/pages\/20137#respond\" style=\"display:none;\">Cevap iptal<\/a><\/small><\/span><p class=\"must-log-in\" data-no-translation=\"\" data-trp-gettext=\"\">De\u011ferlendirme yazabilmek i\u00e7in <a href=\"https:\/\/tamerbadr.com\/tr\/\">oturum a\u00e7mal\u0131s\u0131n\u0131z<\/a>.<\/p>\t<\/div><!-- #respond -->\n\t\t\t\t<\/div>\n\t\t<\/div>\n\t\n\t<div class=\"clear\"><\/div>\n<\/div>\n\t\t\t<\/div>\n\t\t\n\t\t\t<\/div>\n\n<\/div>\n\n\t\t\t<\/div>\n\t\t\t<\/div>\t\t\t\t<\/div>\n\t\t\t\t<\/div>\n\t\t\t\t<\/div>\n\t\t\t\t\t<\/div>\n\t\t\t\t<\/div>\n\t\t\t\t<\/div>","protected":false},"excerpt":{"rendered":"","protected":false},"author":1,"featured_media":0,"parent":0,"menu_order":0,"comment_status":"closed","ping_status":"closed","template":"elementor_header_footer","meta":{"_seopress_robots_primary_cat":"","_seopress_titles_title":"","_seopress_titles_desc":"","_seopress_robots_index":"","inline_featured_image":false,"_uf_show_specific_survey":0,"_uf_disable_surveys":false,"footnotes":""},"class_list":["post-20137","page","type-page","status-publish"],"_links":{"self":[{"href":"https:\/\/tamerbadr.com\/tr\/wp-json\/wp\/v2\/pages\/20137","targetHints":{"allow":["GET"]}}],"collection":[{"href":"https:\/\/tamerbadr.com\/tr\/wp-json\/wp\/v2\/pages"}],"about":[{"href":"https:\/\/tamerbadr.com\/tr\/wp-json\/wp\/v2\/types\/page"}],"author":[{"embeddable":true,"href":"https:\/\/tamerbadr.com\/tr\/wp-json\/wp\/v2\/users\/1"}],"replies":[{"embeddable":true,"href":"https:\/\/tamerbadr.com\/tr\/wp-json\/wp\/v2\/comments?post=20137"}],"version-history":[{"count":0,"href":"https:\/\/tamerbadr.com\/tr\/wp-json\/wp\/v2\/pages\/20137\/revisions"}],"wp:attachment":[{"href":"https:\/\/tamerbadr.com\/tr\/wp-json\/wp\/v2\/media?parent=20137"}],"curies":[{"name":"wp","href":"https:\/\/api.w.org\/{rel}","templated":true}]}}