{"id":20119,"date":"2025-03-19T15:32:12","date_gmt":"2025-03-19T15:32:12","guid":{"rendered":"https:\/\/white-ant-267257.hostingersite.com\/?page_id=20119"},"modified":"2025-04-06T08:15:00","modified_gmt":"2025-04-06T08:15:00","slug":"unforgettable-countries-book","status":"publish","type":"page","link":"https:\/\/tamerbadr.com\/tr\/unforgettable-countries-book","title":{"rendered":"Unutulmaz \u00dclkeler Kitab\u0131"},"content":{"rendered":"<div data-elementor-type=\"wp-page\" data-elementor-id=\"20119\" class=\"elementor elementor-20119\" data-elementor-post-type=\"page\">\n\t\t\t\t<div class=\"elementor-element elementor-element-c8c7aab e-flex e-con-boxed e-con e-parent\" data-id=\"c8c7aab\" data-element_type=\"container\">\n\t\t\t\t\t<div class=\"e-con-inner\">\n\t\t<div class=\"elementor-element elementor-element-6483b1a e-con-full e-flex e-con e-child\" data-id=\"6483b1a\" data-element_type=\"container\">\n\t\t\t\t<div class=\"elementor-element elementor-element-6058eb2 elementor-widget elementor-widget-wc-elements\" data-id=\"6058eb2\" data-element_type=\"widget\" data-widget_type=\"wc-elements.default\">\n\t\t\t\t<div class=\"elementor-widget-container\">\n\t\t\t\t\t<div class=\"woocommerce\">\t\t\t<div class=\"single-product\" data-product-page-preselected-id=\"0\">\n\t\t\t\t<div class=\"woocommerce-notices-wrapper\"><\/div><div id=\"product-19582\" class=\"product type-product post-19582 status-publish first instock product_cat-190 has-post-thumbnail downloadable shipping-taxable purchasable product-type-simple\">\n\n\t<div class=\"woocommerce-product-gallery woocommerce-product-gallery--with-images woocommerce-product-gallery--columns-4 images\" data-columns=\"4\" style=\"opacity: 0; transition: opacity .25s ease-in-out;\">\n\t<div class=\"woocommerce-product-gallery__wrapper\">\n\t\t<div data-thumb=\"https:\/\/tamerbadr.com\/wp-content\/uploads\/2025\/03\/\u062f\u0648\u0644-\u0644\u0627-\u062a\u0646\u0633\u0649-scaled-scaled.jpg\" data-thumb-alt=\"\u0643\u062a\u0627\u0628 \u062f\u0648\u0644 \u0644\u0627 \u062a\u0646\u0633\u0649\" data-thumb-srcset=\"\"  data-thumb-sizes=\"(max-width: 100px) 100vw, 100px\" class=\"woocommerce-product-gallery__image\"><a href=\"https:\/\/tamerbadr.com\/wp-content\/uploads\/2025\/03\/\u062f\u0648\u0644-\u0644\u0627-\u062a\u0646\u0633\u0649-scaled-scaled.jpg\"><img fetchpriority=\"high\" decoding=\"async\" width=\"2049\" height=\"1434\" src=\"https:\/\/tamerbadr.com\/wp-content\/uploads\/2025\/03\/\u062f\u0648\u0644-\u0644\u0627-\u062a\u0646\u0633\u0649-scaled-scaled.jpg\" class=\"wp-post-image\" alt=\"Unutulmaz \u00dclkeler Kitab\u0131\" data-caption=\"\" data-src=\"https:\/\/tamerbadr.com\/wp-content\/uploads\/2025\/03\/\u062f\u0648\u0644-\u0644\u0627-\u062a\u0646\u0633\u0649-scaled-scaled.jpg\" data-large_image=\"https:\/\/tamerbadr.com\/wp-content\/uploads\/2025\/03\/\u062f\u0648\u0644-\u0644\u0627-\u062a\u0646\u0633\u0649-scaled-scaled.jpg\" data-large_image_width=\"2049\" data-large_image_height=\"1434\" \/><\/a><\/div><div data-thumb=\"https:\/\/tamerbadr.com\/wp-content\/uploads\/2025\/03\/\u062f\u0648\u0644-\u0644\u0627-\u062a\u0646\u0633\u0649.jpeg\" data-thumb-alt=\"\u0643\u062a\u0627\u0628 \u062f\u0648\u0644 \u0644\u0627 \u062a\u0646\u0633\u0649 - G\u00f6rsel 2\" data-thumb-srcset=\"\"  data-thumb-sizes=\"(max-width: 70px) 100vw, 70px\" class=\"woocommerce-product-gallery__image\" data-no-translation-data-thumb-alt=\"\"><a href=\"https:\/\/tamerbadr.com\/wp-content\/uploads\/2025\/03\/\u062f\u0648\u0644-\u0644\u0627-\u062a\u0646\u0633\u0649.jpeg\"><img decoding=\"async\" width=\"559\" height=\"799\" src=\"https:\/\/tamerbadr.com\/wp-content\/uploads\/2025\/03\/\u062f\u0648\u0644-\u0644\u0627-\u062a\u0646\u0633\u0649.jpeg\" class=\"\" alt=\"\u0643\u062a\u0627\u0628 \u062f\u0648\u0644 \u0644\u0627 \u062a\u0646\u0633\u0649 - G\u00f6rsel 2\" data-caption=\"\" data-src=\"https:\/\/tamerbadr.com\/wp-content\/uploads\/2025\/03\/\u062f\u0648\u0644-\u0644\u0627-\u062a\u0646\u0633\u0649.jpeg\" data-large_image=\"https:\/\/tamerbadr.com\/wp-content\/uploads\/2025\/03\/\u062f\u0648\u0644-\u0644\u0627-\u062a\u0646\u0633\u0649.jpeg\" data-large_image_width=\"559\" data-large_image_height=\"799\" data-no-translation-alt=\"\" \/><\/a><\/div><div data-thumb=\"https:\/\/tamerbadr.com\/wp-content\/uploads\/2025\/03\/\u0645\u0624\u0644\u0641\u0627\u062a-\u062a\u0627\u0645\u0631-\u0628\u062f\u0631-1-5.jpg\" data-thumb-alt=\"\u0643\u062a\u0627\u0628 \u062f\u0648\u0644 \u0644\u0627 \u062a\u0646\u0633\u0649 - G\u00f6rsel 3\" data-thumb-srcset=\"\"  data-thumb-sizes=\"(max-width: 92px) 100vw, 92px\" class=\"woocommerce-product-gallery__image\" data-no-translation-data-thumb-alt=\"\"><a href=\"https:\/\/tamerbadr.com\/wp-content\/uploads\/2025\/03\/\u0645\u0624\u0644\u0641\u0627\u062a-\u062a\u0627\u0645\u0631-\u0628\u062f\u0631-1-5.jpg\"><img decoding=\"async\" width=\"389\" height=\"422\" src=\"https:\/\/tamerbadr.com\/wp-content\/uploads\/2025\/03\/\u0645\u0624\u0644\u0641\u0627\u062a-\u062a\u0627\u0645\u0631-\u0628\u062f\u0631-1-5.jpg\" class=\"\" alt=\"\u0643\u062a\u0627\u0628 \u062f\u0648\u0644 \u0644\u0627 \u062a\u0646\u0633\u0649 - G\u00f6rsel 3\" data-caption=\"CREATOR: gd-jpeg v1.0 (using IJG JPEG v62), quality = 90\" data-src=\"https:\/\/tamerbadr.com\/wp-content\/uploads\/2025\/03\/\u0645\u0624\u0644\u0641\u0627\u062a-\u062a\u0627\u0645\u0631-\u0628\u062f\u0631-1-5.jpg\" data-large_image=\"https:\/\/tamerbadr.com\/wp-content\/uploads\/2025\/03\/\u0645\u0624\u0644\u0641\u0627\u062a-\u062a\u0627\u0645\u0631-\u0628\u062f\u0631-1-5.jpg\" data-large_image_width=\"389\" data-large_image_height=\"422\" data-no-translation-alt=\"\" \/><\/a><\/div>\t<\/div>\n<\/div>\n\n\t<div class=\"summary entry-summary\">\n\t\t<h1 class=\"product_title entry-title\">Unutulmaz \u00dclkeler Kitab\u0131<\/h1><p class=\"price\"><span class=\"woocommerce-Price-amount amount\"><bdi><span class=\"woocommerce-Price-currencySymbol\">M\u0131s\u0131r Liras\u0131<\/span>60.00<\/bdi><\/span><\/p>\n\n\t\n\t<form class=\"cart\" action=\"\" method=\"post\" enctype='multipart\/form-data' data-trp-original-action=\"\">\n\t\t\n\t\t<div class=\"quantity\">\n\t\t<label class=\"screen-reader-text\" for=\"quantity_6a05bfda87b37\" data-no-translation=\"\" data-trp-gettext=\"\">\u0643\u062a\u0627\u0628 \u062f\u0648\u0644 \u0644\u0627 \u062a\u0646\u0633\u0649 adet<\/label>\n\t<input\n\t\ttype=\"number\"\n\t\t\t\tid=\"quantity_6a05bfda87b37\"\n\t\tclass=\"input-text qty text\"\n\t\tname=\"quantity\"\n\t\tvalue=\"1\"\n\t\taria-label=\"\u00dcr\u00fcn miktar\u0131\"\n\t\t\t\tmin=\"1\"\n\t\t\t\t\t\t\tstep=\"1\"\n\t\t\tplaceholder=\"\"\n\t\t\tinputmode=\"numeric\"\n\t\t\tautocomplete=\"off\" data-no-translation-aria-label=\"\"\n\t\t\t\/>\n\t<\/div>\n\n\t\t<button type=\"submit\" name=\"add-to-cart\" value=\"19582\" class=\"single_add_to_cart_button button alt\" data-no-translation=\"\" data-trp-gettext=\"\">Sepete Ekle<\/button>\n\n\t\t\n        <script>\n            document.addEventListener('DOMContentLoaded', function(){\n                document.addEventListener('click', function(event){\n                    if(!event.target.matches('.single_add_to_cart_button')){\n                        return;\n                    }\n\n                    const quantity = document.querySelector('input.qty').value || '1';\n                    const formProductVariation = document.querySelector('form[data-product_variations]')\n                    const variationItem = document.querySelector('.variation_id')\n\n                    let price = 60\n                    if(formProductVariation && variationItem){\n                        try{\n                            const variations = JSON.parse(formProductVariation.dataset.product_variations)\n                            const variationId = variationItem.value\n                            for(const variation of variations){\n                                if(variation.variation_id == Number(variationId)){\n                                    price = variation.display_price\n                                }\n                            }\n                        }\n                        catch{\n                        }\n                    }\n\n                    gtag('event', 'add_to_cart', {\n                        'items': [ {\n                            'item_id':'19582',\n                            'item_name': '\u0643\u062a\u0627\u0628 \u062f\u0648\u0644 \u0644\u0627 \u062a\u0646\u0633\u0649',\n                            'list_name': '\u0643\u062a\u0627\u0628 \u062f\u0648\u0644 \u0644\u0627 \u062a\u0646\u0633\u0649',\n                            'quantity': quantity,\n                            'price': price,\n                            \"item_category\":\"\u062a\u0627\u0631\u064a\u062e \u0625\u0633\u0644\u0627\u0645\u064a\"\n                        }]\n                    });\n                })\n            });\n        <\/script>\n        \t<input type=\"hidden\" name=\"trp-form-language\" value=\"tr\"\/><\/form>\n\n\t\n<div class=\"product_meta\">\n\n\t\n\t\n\t<span class=\"posted_in\">Kategoriler: <a href=\"https:\/\/tamerbadr.com\/tr\/urun-kategori\/%d8%aa%d8%a7%d8%b1%d9%8a%d8%ae-%d8%a5%d8%b3%d9%84%d8%a7%d9%85%d9%8a\" rel=\"tag\">\u0130slam tarihi<\/a><\/span>\n\t\n\t\n<\/div>\n\t<\/div>\n\n\t\n\t<div class=\"woocommerce-tabs wc-tabs-wrapper\">\n\t\t<ul class=\"tabs wc-tabs\" role=\"tablist\">\n\t\t\t\t\t\t\t<li role=\"presentation\" class=\"description_tab\" id=\"tab-title-description\">\n\t\t\t\t\t<a href=\"#tab-description\" role=\"tab\" aria-controls=\"tab-description\">\n\t\t\t\t\t\tA\u00e7\u0131klama\t\t\t\t\t<\/a>\n\t\t\t\t<\/li>\n\t\t\t\t\t\t\t<li role=\"presentation\" class=\"reviews_tab\" id=\"tab-title-reviews\">\n\t\t\t\t\t<a href=\"#tab-reviews\" role=\"tab\" aria-controls=\"tab-reviews\">\n\t\t\t\t\t\tDe\u011ferlendirmeler (0)\t\t\t\t\t<\/a>\n\t\t\t\t<\/li>\n\t\t\t\t\t<\/ul>\n\t\t\t\t\t<div class=\"woocommerce-Tabs-panel woocommerce-Tabs-panel--description panel entry-content wc-tab\" id=\"tab-description\" role=\"tabpanel\" aria-labelledby=\"tab-title-description\">\n\t\t\t\t\n\t<h2 data-no-translation=\"\" data-trp-gettext=\"\">A\u00e7\u0131klama<\/h2>\n\n<h1 style=\"text-align: center;\"><strong>Profes\u00f6r Dr. Ragheb El-Sergany&#039;nin &quot;Unutulmaz \u00dclkeler&quot; kitab\u0131na giri\u015f yaz\u0131s\u0131<\/strong><\/h1>\n<h1 style=\"text-align: center;\">Bir\u00e7ok tahrif\u00e7i ve tahrifat\u00e7\u0131, \u0130slam tarihinin, Resulullah (s.a.v.), Ebu Bekir ve \u00d6mer (r.a.) d\u00f6nemi d\u0131\u015f\u0131nda, \u015fanl\u0131 bir ge\u00e7mi\u015fe sahip olmad\u0131\u011f\u0131 fikrini yaymaktad\u0131r. Bu tahrifat, M\u00fcsl\u00fcmanlar\u0131n kalplerinde hayal k\u0131r\u0131kl\u0131\u011f\u0131 yaratmak ve onlara, k\u0131yam etme ihtimalinin \u00e7ok uzak oldu\u011funu, \u0130slami yakla\u015f\u0131m\u0131n bir devlet in\u015fa etmeye veya bir milleti diriltmeye yetmedi\u011fini hissettirmek i\u00e7indir. B\u00fct\u00fcn bunlar ger\u00e7e\u011fe ayk\u0131r\u0131d\u0131r ve hakikatten uzakt\u0131r. Dolay\u0131s\u0131yla, milletimizin tarihinin farkl\u0131 a\u015famalar\u0131n\u0131 acilen a\u00e7\u0131klamaya ve millet ne kadar zay\u0131flarsa zay\u0131flas\u0131n, tekrar aya\u011fa kalkaca\u011f\u0131na, sanca\u011f\u0131 bir yerde d\u00fc\u015fse bile ba\u015fka bir yerde y\u00fckselece\u011fine ve Allah&#039;\u0131n kanununun, bu milletin davas\u0131n\u0131 savunan ve onurunu koruyan samimi M\u00fcsl\u00fcmanlar\u0131n kalmas\u0131 oldu\u011funa acilen ihtiya\u00e7 vard\u0131r. \u0130\u015fte Allah Resul\u00fc&#039;n\u00fcn (s.a.v.) \u015fu hadisinin hakikati: \u201c\u00dcmmetimden bir grup, her zaman kendilerine galip geleceklerdir\u2026\u201d<\/h1>\n<h1 style=\"text-align: center;\">Onlara sald\u0131racaklar, onlar\u0131 fethedecekler ve onlara kar\u015f\u0131 \u00e7\u0131kanlar, Allah&#039;\u0131n emri kendilerine gelinceye kadar onlara zarar veremeyecekler ve onlar \u00f6ylece kalacaklard\u0131r. (Buhari ve M\u00fcslim rivayet etmi\u015ftir.)<\/h1>\n<h1 style=\"text-align: center;\">Allah Res\u00fbl\u00fc (s.a.v.), bir devlet kurma ve bir millet in\u015fa etme konusunda bize b\u00fcy\u00fck bir \u00f6rnek te\u015fkil etmi\u015ftir. Bunu yaparken, o d\u00f6nemde mevcut olan ve Mekke k\u00e2firlerinin \u00f6nderli\u011findeki Arap Yar\u0131madas\u0131 k\u00e2firleri, \u00e7e\u015fitli kabileleriyle Yahudiler ve dev Roma \u0130mparatorlu\u011fu&#039;ndan olu\u015fan zalim g\u00fc\u00e7lerle m\u00fccadele etmi\u015ftir. Bu korkun\u00e7 m\u00fccadeleye ra\u011fmen, Y\u00fcce Allah, gen\u00e7 ve gururlu bir millet olarak devleti kurulana kadar ona zafer ve ba\u015far\u0131 takdir etmi\u015ftir.<\/h1>\n<h1 style=\"text-align: center;\">Res\u00fblullah&#039;tan (s.a.v.) sonra, Ra\u015fid Halifeler, H\u00fcsrev ve Kayser&#039;in tahtlar\u0131n\u0131 y\u0131kabilecek, M\u00fcsl\u00fcmanlar\u0131 d\u00fcnyan\u0131n en \u00f6n saflar\u0131na yerle\u015ftirebilecek, siyasi, ekonomik, ilmi, k\u00fclt\u00fcrel ve ahlaki bak\u0131mdan herkese \u00fcst\u00fcn gelebilecek g\u00fc\u00e7l\u00fc ve b\u00fcy\u00fck bir devlet kurdular. T\u00fcm bunlardan \u00f6nce ve sonra, doktrinde onlardan \u00fcst\u00fcn geldiler, b\u00f6ylece d\u00fcnyas\u0131n\u0131 diniyle \u0131slah etmeyi, devletinin hayat standard\u0131n\u0131 Rabbinin \u015feriat\u0131yla y\u00fckseltmeyi ba\u015fard\u0131lar ve her iki d\u00fcnyada da mutlulu\u011fu birle\u015ftiren o zorlu denklemi ba\u015fard\u0131lar: d\u00fcnya ve ahiret.<\/h1>\n<h1 style=\"text-align: center;\">\u0130slam \u00fcmmetinin yolculu\u011fu, Ra\u015fid Halifeler d\u00f6neminde durmam\u0131\u015f, aksine, \u015fan ve \u015ferefe eri\u015fen, M\u00fcsl\u00fcmanlar\u0131n ad\u0131n\u0131 her yerde y\u00fccelten b\u00fcy\u00fck ve asil milletlerle medeniyet yolculu\u011funa devam etmi\u015ftir. Emevi ve Abbasi Halifelikleri, Eyyubi ve Meml\u00fck devletleri, b\u00fcy\u00fck Osmanl\u0131 Halifeli\u011fi ve End\u00fcl\u00fcs tarihindeki bir\u00e7ok g\u00fc\u00e7l\u00fc millet vard\u0131. Bu dev milletin, \u0130slam milletinin itibar\u0131n\u0131 art\u0131ran, harika ve olumlu bir de\u011fi\u015fimle insanl\u0131\u011f\u0131n seyrini de\u011fi\u015ftiren ba\u015fka milletler de vard\u0131.<\/h1>\n<h1 style=\"text-align: center;\">Bu parlak tarih, t\u00fcm d\u00fcnyadaki en iyi tarihtir, ancak \u00e7ok az ki\u015fi bunu biliyor. Ne yaz\u0131k ki, M\u00fcsl\u00fcmanlar\u0131n kendileri bile bu \u015fanl\u0131 tarihten habersiz. Bu nedenle, M\u00fcsl\u00fcmanlara \u015fanl\u0131 tarihlerinin ger\u00e7ek y\u00fcz\u00fcn\u00fc g\u00f6steren ve bu asil milletle gurur ve onurlar\u0131n\u0131 art\u0131ran bir kitap veya edebi veya sanatsal eser g\u00f6rd\u00fc\u011f\u00fcmde \u00e7ok mutlu oluyorum.<\/h1>\n<h1 style=\"text-align: center;\">\u0130\u015fte kar\u015f\u0131m\u0131zda, tarihimizin ba\u015flang\u0131c\u0131ndan sonuna kadar \u015fanl\u0131 d\u00f6nemlerini ele alan, bu tarihin b\u00fcy\u00fck hazinelerinden baz\u0131lar\u0131n\u0131 bizlere sunan ve M\u00fcsl\u00fcmanlar\u0131n ad\u0131n\u0131 g\u00f6klere \u00e7\u0131karan bir\u00e7ok \u0130slam \u00fclkesinin tarihini anlatan yazar\u0131 Tamer Bedir Bey&#039;in de\u011ferli eserlerinden biri bulunmaktad\u0131r.<\/h1>\n<h1 style=\"text-align: center;\">Zarif bir dille yaz\u0131lm\u0131\u015f, g\u00fczel bir sunumla kaleme al\u0131nm\u0131\u015f, do\u011fru bilgilerle dolu, her M\u00fcsl\u00fcman\u0131n gurur duyaca\u011f\u0131 g\u00fczel bir kitapt\u0131r \u0130slam k\u00fct\u00fcphanemize eklenmi\u015ftir.<\/h1>\n<h1 style=\"text-align: center;\">Allah&#039;\u0131m, bu \u00e7abay\u0131 yazana hay\u0131rl\u0131 bir i\u015f k\u0131l ve bu sat\u0131rlar\u0131 okuyan herkese hay\u0131rl\u0131 bir i\u015f k\u0131l...<\/h1>\n<h1 style=\"text-align: center;\">Allah&#039;tan \u0130slam&#039;\u0131 ve M\u00fcsl\u00fcmanlar\u0131 y\u00fcceltmesini diliyorum<\/h1>\n<h1 style=\"text-align: center;\">Prof. Dr. Ragheb Al-Sergani<\/h1>\n<h1 style=\"text-align: center;\">Kahire, May\u0131s 2012<\/h1>\n\t\t\t<\/div>\n\t\t\t\t\t<div class=\"woocommerce-Tabs-panel woocommerce-Tabs-panel--reviews panel entry-content wc-tab\" id=\"tab-reviews\" role=\"tabpanel\" aria-labelledby=\"tab-title-reviews\">\n\t\t\t\t<div id=\"reviews\" class=\"woocommerce-Reviews\">\n\t<div id=\"comments\">\n\t\t<h2 class=\"woocommerce-Reviews-title\">\n\t\t\tDe\u011ferlendirmeler\t\t<\/h2>\n\n\t\t\t\t\t<p class=\"woocommerce-noreviews\" data-no-translation=\"\" data-trp-gettext=\"\">Hen\u00fcz de\u011ferlendirme yap\u0131lmad\u0131.<\/p>\n\t\t\t<\/div>\n\n\t\t\t<div id=\"review_form_wrapper\">\n\t\t\t<div id=\"review_form\">\n\t\t\t\t\t<div id=\"respond\" class=\"comment-respond\">\n\t\t<span id=\"reply-title\" class=\"comment-reply-title\" role=\"heading\" aria-level=\"3\">&ldquo;\u0643\u062a\u0627\u0628 \u062f\u0648\u0644 \u0644\u0627 \u062a\u0646\u0633\u0649&rdquo; i\u00e7in yorum yapan ilk ki\u015fi siz olun <small><a rel=\"nofollow\" id=\"cancel-comment-reply-link\" href=\"\/tr\/wp-json\/wp\/v2\/pages\/20119#respond\" style=\"display:none;\">Cevap iptal<\/a><\/small><\/span><p class=\"must-log-in\" data-no-translation=\"\" data-trp-gettext=\"\">De\u011ferlendirme yazabilmek i\u00e7in <a href=\"https:\/\/tamerbadr.com\/tr\/\">oturum a\u00e7mal\u0131s\u0131n\u0131z<\/a>.<\/p>\t<\/div><!-- #respond -->\n\t\t\t\t<\/div>\n\t\t<\/div>\n\t\n\t<div class=\"clear\"><\/div>\n<\/div>\n\t\t\t<\/div>\n\t\t\n\t\t\t<\/div>\n\n<\/div>\n\n\t\t\t<\/div>\n\t\t\t<\/div>\t\t\t\t<\/div>\n\t\t\t\t<\/div>\n\t\t\t\t<\/div>\n\t\t\t\t\t<\/div>\n\t\t\t\t<\/div>\n\t\t\t\t<\/div>","protected":false},"excerpt":{"rendered":"","protected":false},"author":1,"featured_media":0,"parent":0,"menu_order":0,"comment_status":"closed","ping_status":"closed","template":"elementor_header_footer","meta":{"_seopress_robots_primary_cat":"","_seopress_titles_title":"","_seopress_titles_desc":"","_seopress_robots_index":"","inline_featured_image":false,"_uf_show_specific_survey":0,"_uf_disable_surveys":false,"footnotes":""},"class_list":["post-20119","page","type-page","status-publish"],"_links":{"self":[{"href":"https:\/\/tamerbadr.com\/tr\/wp-json\/wp\/v2\/pages\/20119","targetHints":{"allow":["GET"]}}],"collection":[{"href":"https:\/\/tamerbadr.com\/tr\/wp-json\/wp\/v2\/pages"}],"about":[{"href":"https:\/\/tamerbadr.com\/tr\/wp-json\/wp\/v2\/types\/page"}],"author":[{"embeddable":true,"href":"https:\/\/tamerbadr.com\/tr\/wp-json\/wp\/v2\/users\/1"}],"replies":[{"embeddable":true,"href":"https:\/\/tamerbadr.com\/tr\/wp-json\/wp\/v2\/comments?post=20119"}],"version-history":[{"count":0,"href":"https:\/\/tamerbadr.com\/tr\/wp-json\/wp\/v2\/pages\/20119\/revisions"}],"wp:attachment":[{"href":"https:\/\/tamerbadr.com\/tr\/wp-json\/wp\/v2\/media?parent=20119"}],"curies":[{"name":"wp","href":"https:\/\/api.w.org\/{rel}","templated":true}]}}