{"id":19922,"date":"2025-03-19T03:46:00","date_gmt":"2025-03-19T03:46:00","guid":{"rendered":"https:\/\/white-ant-267257.hostingersite.com\/?page_id=19922"},"modified":"2025-08-19T11:09:31","modified_gmt":"2025-08-19T11:09:31","slug":"tamer-badr-visions","status":"publish","type":"page","link":"https:\/\/tamerbadr.com\/tr\/tamer-badr-visions","title":{"rendered":"Tamer Badr&#039;\u0131n vizyonlar\u0131"},"content":{"rendered":"<div data-elementor-type=\"wp-page\" data-elementor-id=\"19922\" class=\"elementor elementor-19922\" data-elementor-post-type=\"page\">\n\t\t\t\t\t\t<section class=\"elementor-section elementor-top-section elementor-element elementor-element-f5b8eb6 elementor-section-full_width elementor-section-height-default elementor-section-height-default\" data-id=\"f5b8eb6\" data-element_type=\"section\" data-settings=\"{&quot;background_background&quot;:&quot;classic&quot;}\">\n\t\t\t\t\t\t<div class=\"elementor-container elementor-column-gap-no\">\n\t\t\t\t\t<div class=\"elementor-column elementor-col-100 elementor-top-column elementor-element elementor-element-6b132a9\" data-id=\"6b132a9\" data-element_type=\"column\">\n\t\t\t<div class=\"elementor-widget-wrap elementor-element-populated\">\n\t\t\t\t\t\t<div class=\"elementor-element elementor-element-9406b21 elementor-widget__width-auto elementor-absolute elementor-widget elementor-widget-image\" data-id=\"9406b21\" data-element_type=\"widget\" data-settings=\"{&quot;_position&quot;:&quot;absolute&quot;}\" data-widget_type=\"image.default\">\n\t\t\t\t<div class=\"elementor-widget-container\">\n\t\t\t\t\t\t\t\t\t\t\t\t\t\t\t<img alt=\"\" fetchpriority=\"high\" decoding=\"async\" width=\"956\" height=\"825\" src=\"https:\/\/tamerbadr.com\/wp-content\/uploads\/2022\/10\/about-dot-vector.png\" class=\"attachment-full size-full wp-image-883\" \/>\t\t\t\t\t\t\t\t\t\t\t\t\t\t\t<\/div>\n\t\t\t\t<\/div>\n\t\t\t\t\t<\/div>\n\t\t<\/div>\n\t\t\t\t\t<\/div>\n\t\t<\/section>\n\t\t\t\t<section class=\"elementor-section elementor-top-section elementor-element elementor-element-6dc2e97 elementor-section-boxed elementor-section-height-default elementor-section-height-default\" data-id=\"6dc2e97\" data-element_type=\"section\">\n\t\t\t\t\t\t<div class=\"elementor-container elementor-column-gap-default\">\n\t\t\t\t\t<div class=\"elementor-column elementor-col-50 elementor-top-column elementor-element elementor-element-d61ec23\" data-id=\"d61ec23\" data-element_type=\"column\">\n\t\t\t<div class=\"elementor-widget-wrap elementor-element-populated\">\n\t\t\t\t\t\t<div class=\"elementor-element elementor-element-e0bde52 elementor-invisible elementor-widget elementor-widget-heading\" data-id=\"e0bde52\" data-element_type=\"widget\" data-settings=\"{&quot;_animation&quot;:&quot;fadeInRight&quot;}\" data-widget_type=\"heading.default\">\n\t\t\t\t<div class=\"elementor-widget-container\">\n\t\t\t\t\t<h2 class=\"elementor-heading-title elementor-size-default\">Tamer Badr&#039;\u0131n vizyonlar\u0131<\/h2>\t\t\t\t<\/div>\n\t\t\t\t<\/div>\n\t\t\t\t<div class=\"elementor-element elementor-element-e7198da elementor-invisible elementor-widget elementor-widget-heading\" data-id=\"e7198da\" data-element_type=\"widget\" data-settings=\"{&quot;_animation&quot;:&quot;fadeInLeft&quot;}\" data-widget_type=\"heading.default\">\n\t\t\t\t<div class=\"elementor-widget-container\">\n\t\t\t\t\t<h2 class=\"elementor-heading-title elementor-size-default\">Vizyonlar<\/h2>\t\t\t\t<\/div>\n\t\t\t\t<\/div>\n\t\t\t\t<div class=\"elementor-element elementor-element-90c8dbc elementor-invisible elementor-widget elementor-widget-text-editor\" data-id=\"90c8dbc\" data-element_type=\"widget\" data-settings=\"{&quot;_animation&quot;:&quot;fadeInRight&quot;}\" data-widget_type=\"text-editor.default\">\n\t\t\t\t<div class=\"elementor-widget-container\">\n\t\t\t\t\t\t\t\t\t<h1>1- G\u00f6rd\u00fc\u011f\u00fcm g\u00f6r\u00fcnt\u00fcler uyku \u00f6ncesi veya uyku ile uyan\u0131kl\u0131k aras\u0131nda g\u00f6rd\u00fc\u011f\u00fcm hayaller veya fanteziler de\u011fil, derin uykudayken bana gelen g\u00f6r\u00fcnt\u00fclerdir.<br \/>2- G\u00f6rd\u00fc\u011f\u00fcm g\u00f6r\u00fcnt\u00fcler, g\u00f6r\u00fcnt\u00fc bittikten sonra a\u015famal\u0131 olarak de\u011fil, aniden uyan\u0131yorum ve g\u00f6zlerim sanki g\u00fcn ortas\u0131ndaym\u0131\u015f\u0131m gibi a\u00e7\u0131l\u0131yor ve g\u00f6r\u00fcnt\u00fcy\u00fc t\u00fcm ayr\u0131nt\u0131lar\u0131yla hat\u0131rl\u0131yorum ve bundan sonra genellikle uyumuyorum.<br \/>3- Bu g\u00f6r\u00fcnt\u00fc y\u0131llard\u0131r akl\u0131mdan \u00e7\u0131km\u0131yor. Normal r\u00fcyalarda oldu\u011fu gibi, s\u00fcrekli hat\u0131rl\u0131yorum ve asla unutmuyorum. 1992&#039;den beri hat\u0131rlad\u0131\u011f\u0131m ve ayr\u0131nt\u0131lar\u0131n\u0131 tam olarak hat\u0131rlad\u0131\u011f\u0131m g\u00f6r\u00fcnt\u00fcler var.<br \/>4- M\u00fcmk\u00fcn oldu\u011funca rit\u00fcel safl\u0131k halinde uyumaya \u00e7al\u0131\u015f\u0131yorum. Bu, vizyonlar\u0131n yaln\u0131zca rit\u00fcel safl\u0131k halindeyken geldi\u011fi anlam\u0131na gelmiyor, \u00e7\u00fcnk\u00fc rit\u00fcel safl\u0131k halinde uyumad\u0131\u011f\u0131m zamanlarda birka\u00e7 vizyon g\u00f6rd\u00fcm.<br \/>5- Uyumadan \u00f6nce Fatiha, Ayet-el K\u00fcrsi, Bakara Suresi&#039;nin son iki ayetini, \u0130hlas, Felak ve Nas Sureleri&#039;ni \u00fc\u00e7er defa okurum ve Peygamber Efendimiz (sav)&#039;e salat ve selam ederim.<br \/>6- Uyumadan \u00f6nce yapt\u0131\u011f\u0131m dua \u015fudur: \u201cAllah\u2019\u0131m, uykum esnas\u0131nda ruhumu, ruhumu ve bedenimi sana emanet ediyorum, \u015feytan\u0131n beni sapt\u0131rmas\u0131na izin verme.\u201d<br \/>7- G\u00f6rd\u00fc\u011f\u00fcm r\u00fcyalar\u0131n \u00e7o\u011fu, Y\u00fcce Allah&#039;a belirli bir konu hakk\u0131nda soru sordu\u011fum bir \u0130stihare namaz\u0131ndan \u00f6nce de\u011fildi.<br \/>8- R\u00fcyalar, Y\u00fcce Allah&#039;\u0131n kullar\u0131ndan diledi\u011fine bah\u015fetti\u011fi bir l\u00fctuftur ve ki\u015finin yapt\u0131\u011f\u0131 ibadetlerin say\u0131s\u0131yla hi\u00e7bir ilgisi yoktur. Ben kendimi dindarl\u0131\u011f\u0131n zirvesinde g\u00f6rm\u00fcyorum; \u00e7\u00fcnk\u00fc benden \u00e7ok daha iyileri var ve Firavun gibi r\u00fcya g\u00f6ren k\u00e2firler ve ahlaks\u0131zlar da var.<\/h1>\t\t\t\t\t\t\t\t<\/div>\n\t\t\t\t<\/div>\n\t\t\t\t\t<\/div>\n\t\t<\/div>\n\t\t\t\t<div class=\"elementor-column elementor-col-50 elementor-top-column elementor-element elementor-element-d99589c\" data-id=\"d99589c\" data-element_type=\"column\">\n\t\t\t<div class=\"elementor-widget-wrap elementor-element-populated\">\n\t\t\t\t\t\t<div class=\"elementor-element elementor-element-7bf40b5 elementor-widget__width-auto elementor-widget-laptop__width-initial elementor-widget-tablet__width-auto elementor-invisible elementor-widget elementor-widget-image\" data-id=\"7bf40b5\" data-element_type=\"widget\" data-settings=\"{&quot;_animation&quot;:&quot;fadeInLeft&quot;}\" data-widget_type=\"image.default\">\n\t\t\t\t<div class=\"elementor-widget-container\">\n\t\t\t\t\t\t\t\t\t\t\t\t\t\t\t<img alt=\"\" decoding=\"async\" width=\"1536\" height=\"1024\" src=\"https:\/\/tamerbadr.com\/wp-content\/uploads\/2025\/06\/54354.png\" class=\"elementor-animation-float attachment-full size-full wp-image-36007\" \/>\t\t\t\t\t\t\t\t\t\t\t\t\t\t\t<\/div>\n\t\t\t\t<\/div>\n\t\t\t\t\t<\/div>\n\t\t<\/div>\n\t\t\t\t\t<\/div>\n\t\t<\/section>\n\t\t\t\t<section class=\"elementor-section elementor-top-section elementor-element elementor-element-8ef24cf elementor-section-full_width elementor-section-height-default elementor-section-height-default\" data-id=\"8ef24cf\" data-element_type=\"section\" data-settings=\"{&quot;background_background&quot;:&quot;classic&quot;}\">\n\t\t\t\t\t\t<div class=\"elementor-container elementor-column-gap-no\">\n\t\t\t\t\t<div class=\"elementor-column elementor-col-100 elementor-top-column elementor-element elementor-element-66b0a20\" data-id=\"66b0a20\" data-element_type=\"column\">\n\t\t\t<div class=\"elementor-widget-wrap elementor-element-populated\">\n\t\t\t\t\t\t<div class=\"elementor-element elementor-element-fa5edc2 elementor-widget__width-auto elementor-absolute elementor-widget-laptop__width-initial elementor-invisible elementor-widget elementor-widget-image\" data-id=\"fa5edc2\" data-element_type=\"widget\" data-settings=\"{&quot;_position&quot;:&quot;absolute&quot;,&quot;_animation&quot;:&quot;fadeInLeft&quot;,&quot;_animation_delay&quot;:200}\" data-widget_type=\"image.default\">\n\t\t\t\t<div class=\"elementor-widget-container\">\n\t\t\t\t\t\t\t\t\t\t\t\t\t\t\t<img alt=\"\" decoding=\"async\" width=\"305\" height=\"227\" src=\"https:\/\/tamerbadr.com\/wp-content\/uploads\/2022\/10\/opening-quote-icon.png\" class=\"attachment-full size-full wp-image-1947\" \/>\t\t\t\t\t\t\t\t\t\t\t\t\t\t\t<\/div>\n\t\t\t\t<\/div>\n\t\t\t\t\t<\/div>\n\t\t<\/div>\n\t\t\t\t\t<\/div>\n\t\t<\/section>\n\t\t<div class=\"elementor-element elementor-element-29ae619 e-con-full e-flex e-con e-child\" data-id=\"29ae619\" data-element_type=\"container\">\n\t\t<div class=\"elementor-element elementor-element-b20edab e-con-full e-flex e-con e-child\" data-id=\"b20edab\" data-element_type=\"container\">\n\t\t<div class=\"elementor-element elementor-element-8849002 e-con-full e-flex e-con e-child\" data-id=\"8849002\" data-element_type=\"container\">\n\t\t<div class=\"elementor-element elementor-element-7a5fbc8 e-con-full e-flex e-con e-child\" data-id=\"7a5fbc8\" data-element_type=\"container\" data-settings=\"{&quot;background_background&quot;:&quot;classic&quot;}\">\n\t\t\t\t<div class=\"elementor-element elementor-element-52e9934 elementor-position-inline-start elementor-view-default elementor-mobile-position-block-start elementor-widget elementor-widget-icon-box\" data-id=\"52e9934\" data-element_type=\"widget\" data-widget_type=\"icon-box.default\">\n\t\t\t\t<div class=\"elementor-widget-container\">\n\t\t\t\t\t\t\t<div class=\"elementor-icon-box-wrapper\">\n\n\t\t\t\t\t\t<div class=\"elementor-icon-box-icon\">\n\t\t\t\t<a href=\"https:\/\/tamerbadr.com\/tr\/about-visions\/\" target=\"_blank\" class=\"elementor-icon\" tabindex=\"-1\" aria-label=\"Tamer Badr&#039;\u0131n vizyonlar\u0131\">\n\t\t\t\t<i aria-hidden=\"true\" class=\"far fa-eye\"><\/i>\t\t\t\t<\/a>\n\t\t\t<\/div>\n\t\t\t\n\t\t\t\t\t\t<div class=\"elementor-icon-box-content\">\n\n\t\t\t\t\t\t\t\t\t<h3 class=\"elementor-icon-box-title\">\n\t\t\t\t\t\t<a href=\"https:\/\/tamerbadr.com\/tr\/about-visions\/\" target=\"_blank\" >\n\t\t\t\t\t\t\tTamer Badr&#039;\u0131n vizyonlar\u0131\t\t\t\t\t\t<\/a>\n\t\t\t\t\t<\/h3>\n\t\t\t\t\n\t\t\t\t\t\t\t\t\t<p class=\"elementor-icon-box-description\">\n\t\t\t\t\t\tVizyonlar hakk\u0131nda\t\t\t\t\t<\/p>\n\t\t\t\t\n\t\t\t<\/div>\n\t\t\t\n\t\t<\/div>\n\t\t\t\t\t\t<\/div>\n\t\t\t\t<\/div>\n\t\t\t\t<\/div>\n\t\t\t\t<\/div>\n\t\t\t\t<\/div>\n\t\t\t\t<\/div>\n\t\t<div class=\"elementor-element elementor-element-9f692dd e-flex e-con-boxed e-con e-parent\" data-id=\"9f692dd\" data-element_type=\"container\">\n\t\t\t\t\t<div class=\"e-con-inner\">\n\t\t<div class=\"elementor-element elementor-element-79b5abb e-con-full e-flex e-con e-child\" data-id=\"79b5abb\" data-element_type=\"container\">\n\t\t<div class=\"elementor-element elementor-element-40f43f4 e-con-full e-flex e-con e-child\" data-id=\"40f43f4\" data-element_type=\"container\">\n\t\t<div class=\"elementor-element elementor-element-bcdb5f0 e-con-full e-flex e-con e-child\" data-id=\"bcdb5f0\" data-element_type=\"container\">\n\t\t<div class=\"elementor-element elementor-element-41d3f77 e-con-full e-flex e-con e-child\" data-id=\"41d3f77\" data-element_type=\"container\" data-settings=\"{&quot;background_background&quot;:&quot;classic&quot;}\">\n\t\t\t\t<div class=\"elementor-element elementor-element-41c0af7 elementor-position-inline-start elementor-view-default elementor-mobile-position-block-start elementor-widget elementor-widget-icon-box\" data-id=\"41c0af7\" data-element_type=\"widget\" data-widget_type=\"icon-box.default\">\n\t\t\t\t<div class=\"elementor-widget-container\">\n\t\t\t\t\t\t\t<div class=\"elementor-icon-box-wrapper\">\n\n\t\t\t\t\t\t<div class=\"elementor-icon-box-icon\">\n\t\t\t\t<a href=\"https:\/\/tamerbadr.com\/tr\/visions-1980-2010\/\" target=\"_blank\" class=\"elementor-icon\" tabindex=\"-1\" aria-label=\"Tamer Badr&#039;\u0131n vizyonlar\u0131\">\n\t\t\t\t<i aria-hidden=\"true\" class=\"far fa-eye\"><\/i>\t\t\t\t<\/a>\n\t\t\t<\/div>\n\t\t\t\n\t\t\t\t\t\t<div class=\"elementor-icon-box-content\">\n\n\t\t\t\t\t\t\t\t\t<h3 class=\"elementor-icon-box-title\">\n\t\t\t\t\t\t<a href=\"https:\/\/tamerbadr.com\/tr\/visions-1980-2010\/\" target=\"_blank\" >\n\t\t\t\t\t\t\tTamer Badr&#039;\u0131n vizyonlar\u0131\t\t\t\t\t\t<\/a>\n\t\t\t\t\t<\/h3>\n\t\t\t\t\n\t\t\t\t\t\t\t\t\t<p class=\"elementor-icon-box-description\">\n\t\t\t\t\t\t1980 - 2010\t\t\t\t\t<\/p>\n\t\t\t\t\n\t\t\t<\/div>\n\t\t\t\n\t\t<\/div>\n\t\t\t\t\t\t<\/div>\n\t\t\t\t<\/div>\n\t\t\t\t<\/div>\n\t\t<div class=\"elementor-element elementor-element-c0439b8 e-con-full e-flex e-con e-child\" data-id=\"c0439b8\" data-element_type=\"container\" data-settings=\"{&quot;background_background&quot;:&quot;classic&quot;}\">\n\t\t\t\t<div class=\"elementor-element elementor-element-2d9dbf5 elementor-position-inline-start elementor-view-default elementor-mobile-position-block-start elementor-widget elementor-widget-icon-box\" data-id=\"2d9dbf5\" data-element_type=\"widget\" data-widget_type=\"icon-box.default\">\n\t\t\t\t<div class=\"elementor-widget-container\">\n\t\t\t\t\t\t\t<div class=\"elementor-icon-box-wrapper\">\n\n\t\t\t\t\t\t<div class=\"elementor-icon-box-icon\">\n\t\t\t\t<a href=\"https:\/\/tamerbadr.com\/tr\/visions-2011-2015\/\" target=\"_blank\" class=\"elementor-icon\" tabindex=\"-1\" aria-label=\"Tamer Badr&#039;\u0131n vizyonlar\u0131\">\n\t\t\t\t<i aria-hidden=\"true\" class=\"far fa-eye\"><\/i>\t\t\t\t<\/a>\n\t\t\t<\/div>\n\t\t\t\n\t\t\t\t\t\t<div class=\"elementor-icon-box-content\">\n\n\t\t\t\t\t\t\t\t\t<h3 class=\"elementor-icon-box-title\">\n\t\t\t\t\t\t<a href=\"https:\/\/tamerbadr.com\/tr\/visions-2011-2015\/\" target=\"_blank\" >\n\t\t\t\t\t\t\tTamer Badr&#039;\u0131n vizyonlar\u0131\t\t\t\t\t\t<\/a>\n\t\t\t\t\t<\/h3>\n\t\t\t\t\n\t\t\t\t\t\t\t\t\t<p class=\"elementor-icon-box-description\">\n\t\t\t\t\t\t2011 - 2015\t\t\t\t\t<\/p>\n\t\t\t\t\n\t\t\t<\/div>\n\t\t\t\n\t\t<\/div>\n\t\t\t\t\t\t<\/div>\n\t\t\t\t<\/div>\n\t\t\t\t<\/div>\n\t\t\t\t<\/div>\n\t\t\t\t<\/div>\n\t\t\t\t<\/div>\n\t\t\t\t\t<\/div>\n\t\t\t\t<\/div>\n\t\t<div class=\"elementor-element elementor-element-2f1cfc5 e-flex e-con-boxed e-con e-parent\" data-id=\"2f1cfc5\" data-element_type=\"container\">\n\t\t\t\t\t<div class=\"e-con-inner\">\n\t\t<div class=\"elementor-element elementor-element-980e1e6 e-con-full e-flex e-con e-child\" data-id=\"980e1e6\" data-element_type=\"container\">\n\t\t<div class=\"elementor-element elementor-element-d6e07ec e-con-full e-flex e-con e-child\" data-id=\"d6e07ec\" data-element_type=\"container\">\n\t\t<div class=\"elementor-element elementor-element-a5dd9bd e-con-full e-flex e-con e-child\" data-id=\"a5dd9bd\" data-element_type=\"container\">\n\t\t<div class=\"elementor-element elementor-element-69625c3 e-con-full e-flex e-con e-child\" data-id=\"69625c3\" data-element_type=\"container\" data-settings=\"{&quot;background_background&quot;:&quot;classic&quot;}\">\n\t\t\t\t<div class=\"elementor-element elementor-element-6361df5 elementor-position-inline-start elementor-view-default elementor-mobile-position-block-start elementor-widget elementor-widget-icon-box\" data-id=\"6361df5\" data-element_type=\"widget\" data-widget_type=\"icon-box.default\">\n\t\t\t\t<div class=\"elementor-widget-container\">\n\t\t\t\t\t\t\t<div class=\"elementor-icon-box-wrapper\">\n\n\t\t\t\t\t\t<div class=\"elementor-icon-box-icon\">\n\t\t\t\t<a href=\"https:\/\/tamerbadr.com\/tr\/visions-2016-2020\/\" target=\"_blank\" class=\"elementor-icon\" tabindex=\"-1\" aria-label=\"Tamer Badr&#039;\u0131n vizyonlar\u0131\">\n\t\t\t\t<i aria-hidden=\"true\" class=\"far fa-eye\"><\/i>\t\t\t\t<\/a>\n\t\t\t<\/div>\n\t\t\t\n\t\t\t\t\t\t<div class=\"elementor-icon-box-content\">\n\n\t\t\t\t\t\t\t\t\t<h3 class=\"elementor-icon-box-title\">\n\t\t\t\t\t\t<a href=\"https:\/\/tamerbadr.com\/tr\/visions-2016-2020\/\" target=\"_blank\" >\n\t\t\t\t\t\t\tTamer Badr&#039;\u0131n vizyonlar\u0131\t\t\t\t\t\t<\/a>\n\t\t\t\t\t<\/h3>\n\t\t\t\t\n\t\t\t\t\t\t\t\t\t<p class=\"elementor-icon-box-description\">\n\t\t\t\t\t\t2016 - 2020\t\t\t\t\t<\/p>\n\t\t\t\t\n\t\t\t<\/div>\n\t\t\t\n\t\t<\/div>\n\t\t\t\t\t\t<\/div>\n\t\t\t\t<\/div>\n\t\t\t\t<\/div>\n\t\t<div class=\"elementor-element elementor-element-b2c65f7 e-con-full e-flex e-con e-child\" data-id=\"b2c65f7\" data-element_type=\"container\" data-settings=\"{&quot;background_background&quot;:&quot;classic&quot;}\">\n\t\t\t\t<div class=\"elementor-element elementor-element-9defb09 elementor-position-inline-start elementor-view-default elementor-mobile-position-block-start elementor-widget elementor-widget-icon-box\" data-id=\"9defb09\" data-element_type=\"widget\" data-widget_type=\"icon-box.default\">\n\t\t\t\t<div class=\"elementor-widget-container\">\n\t\t\t\t\t\t\t<div class=\"elementor-icon-box-wrapper\">\n\n\t\t\t\t\t\t<div class=\"elementor-icon-box-icon\">\n\t\t\t\t<a href=\"https:\/\/tamerbadr.com\/tr\/visions-2021-now\/\" target=\"_blank\" class=\"elementor-icon\" tabindex=\"-1\" aria-label=\"Tamer Badr&#039;\u0131n vizyonlar\u0131\">\n\t\t\t\t<i aria-hidden=\"true\" class=\"far fa-eye\"><\/i>\t\t\t\t<\/a>\n\t\t\t<\/div>\n\t\t\t\n\t\t\t\t\t\t<div class=\"elementor-icon-box-content\">\n\n\t\t\t\t\t\t\t\t\t<h3 class=\"elementor-icon-box-title\">\n\t\t\t\t\t\t<a href=\"https:\/\/tamerbadr.com\/tr\/visions-2021-now\/\" target=\"_blank\" >\n\t\t\t\t\t\t\tTamer Badr&#039;\u0131n vizyonlar\u0131\t\t\t\t\t\t<\/a>\n\t\t\t\t\t<\/h3>\n\t\t\t\t\n\t\t\t\t\t\t\t\t\t<p class=\"elementor-icon-box-description\">\n\t\t\t\t\t\t2021 - G\u00fcn\u00fcm\u00fcz\t\t\t\t\t<\/p>\n\t\t\t\t\n\t\t\t<\/div>\n\t\t\t\n\t\t<\/div>\n\t\t\t\t\t\t<\/div>\n\t\t\t\t<\/div>\n\t\t\t\t<\/div>\n\t\t\t\t<\/div>\n\t\t\t\t<\/div>\n\t\t\t\t<\/div>\n\t\t\t\t\t<\/div>\n\t\t\t\t<\/div>\n\t\t\t\t<section class=\"elementor-section elementor-top-section elementor-element elementor-element-7cde67c elementor-section-full_width elementor-section-height-default elementor-section-height-default elementor-invisible\" data-id=\"7cde67c\" data-element_type=\"section\" data-settings=\"{&quot;animation&quot;:&quot;fadeInUp&quot;}\">\n\t\t\t\t\t\t<div class=\"elementor-container elementor-column-gap-no\">\n\t\t\t\t\t<div class=\"elementor-column elementor-col-100 elementor-top-column elementor-element elementor-element-1977c85\" data-id=\"1977c85\" data-element_type=\"column\" data-settings=\"{&quot;background_background&quot;:&quot;classic&quot;}\">\n\t\t\t<div class=\"elementor-widget-wrap elementor-element-populated\">\n\t\t\t\t\t\t<div class=\"elementor-element elementor-element-713abc2 elementor-widget__width-auto elementor-absolute elementor-invisible elementor-widget elementor-widget-image\" data-id=\"713abc2\" data-element_type=\"widget\" data-settings=\"{&quot;_position&quot;:&quot;absolute&quot;,&quot;_animation&quot;:&quot;fadeInLeft&quot;,&quot;_animation_delay&quot;:200}\" data-widget_type=\"image.default\">\n\t\t\t\t<div class=\"elementor-widget-container\">\n\t\t\t\t\t\t\t\t\t\t\t\t\t\t\t<img alt=\"\" decoding=\"async\" width=\"305\" height=\"227\" src=\"https:\/\/tamerbadr.com\/wp-content\/uploads\/2022\/10\/opening-quote-icon.png\" class=\"attachment-full size-full wp-image-1947\" \/>\t\t\t\t\t\t\t\t\t\t\t\t\t\t\t<\/div>\n\t\t\t\t<\/div>\n\t\t\t\t\t<\/div>\n\t\t<\/div>\n\t\t\t\t\t<\/div>\n\t\t<\/section>\n\t\t\t\t<\/div>","protected":false},"excerpt":{"rendered":"<p>\u0631\u0624\u0649 \u062a\u0627\u0645\u0631 \u0628\u062f\u0631 \u0627\u0644\u0631\u0624\u0649 1- \u0627\u0644\u0631\u0624\u0649 \u0627\u0644\u062a\u064a \u0623\u0631\u0627\u0647\u0627 \u0647\u064a \u0644\u064a\u0633\u062a \u0623\u062d\u0644\u0627\u0645 \u064a\u0642\u0638\u0647 \u0623\u0648 \u062a\u062e\u064a\u0644\u0627\u062a \u0645\u0627 \u0642\u0628\u0644 \u0627\u0644\u0646\u0648\u0645 \u0623\u0648 \u0645\u0627 \u0628\u064a\u0646 \u0627\u0644\u0646\u0648\u0645 \u0648\u0627\u0644\u064a\u0642\u0638\u0629 \u0628\u0644 \u0647\u064a \u0631\u0624\u0649 \u062a\u0623\u062a\u064a\u0646\u064a \u0648\u0623\u0646\u0627 \u0645\u0633\u062a\u063a\u0631\u0642 \u0641\u064a \u0627\u0644\u0646\u0648\u0645.2- \u0627\u0644\u0631\u0624\u0649 \u0627\u0644\u062a\u064a \u0623\u0631\u0627\u0647\u0627 \u0623\u0633\u062a\u064a\u0642\u0638 \u0645\u0646\u0647\u0627 \u0641\u062c\u0623\u0629 \u0628\u0639\u062f \u0627\u0646\u062a\u0647\u0627\u0621 \u0627\u0644\u0631\u0624\u064a\u0627 \u0645\u0628\u0627\u0634\u0631\u0629 \u0648\u0644\u064a\u0633 \u0639\u0644\u0649 \u0645\u0631\u0627\u062d\u0644 \u0648\u062a\u0635\u0628\u062d \u0639\u064a\u0646\u064a \u0645\u0641\u062a\u0648\u062d\u0629 \u0648\u0643\u0623\u0646\u0646\u064a \u0641\u064a \u0645\u0646\u062a\u0635\u0641 \u0627\u0644\u064a\u0648\u0645 \u0648\u0623\u0643\u0648\u0646 \u0645\u062a\u0630\u0643\u0631 \u0627\u0644\u0631\u0624\u064a\u0627 \u0628\u0643\u0627\u0645\u0644 \u062a\u0641\u0627\u0635\u064a\u0644\u0647\u0627 [&hellip;]<\/p>","protected":false},"author":1,"featured_media":4468,"parent":0,"menu_order":0,"comment_status":"closed","ping_status":"closed","template":"elementor_header_footer","meta":{"_seopress_robots_primary_cat":"","_seopress_titles_title":"","_seopress_titles_desc":"","_seopress_robots_index":"","inline_featured_image":false,"_uf_show_specific_survey":0,"_uf_disable_surveys":false,"footnotes":""},"class_list":["post-19922","page","type-page","status-publish","has-post-thumbnail"],"_links":{"self":[{"href":"https:\/\/tamerbadr.com\/tr\/wp-json\/wp\/v2\/pages\/19922","targetHints":{"allow":["GET"]}}],"collection":[{"href":"https:\/\/tamerbadr.com\/tr\/wp-json\/wp\/v2\/pages"}],"about":[{"href":"https:\/\/tamerbadr.com\/tr\/wp-json\/wp\/v2\/types\/page"}],"author":[{"embeddable":true,"href":"https:\/\/tamerbadr.com\/tr\/wp-json\/wp\/v2\/users\/1"}],"replies":[{"embeddable":true,"href":"https:\/\/tamerbadr.com\/tr\/wp-json\/wp\/v2\/comments?post=19922"}],"version-history":[{"count":0,"href":"https:\/\/tamerbadr.com\/tr\/wp-json\/wp\/v2\/pages\/19922\/revisions"}],"wp:featuredmedia":[{"embeddable":true,"href":"https:\/\/tamerbadr.com\/tr\/wp-json\/wp\/v2\/media\/4468"}],"wp:attachment":[{"href":"https:\/\/tamerbadr.com\/tr\/wp-json\/wp\/v2\/media?parent=19922"}],"curies":[{"name":"wp","href":"https:\/\/api.w.org\/{rel}","templated":true}]}}