{"id":19585,"date":"2025-03-16T21:59:57","date_gmt":"2025-03-16T21:59:57","guid":{"rendered":"https:\/\/white-ant-267257.hostingersite.com\/?post_type=product&#038;p=19585"},"modified":"2025-07-13T07:17:53","modified_gmt":"2025-07-13T07:17:53","slug":"the-book-of-the-characteristics-of-the-shepherd-and-the-flock","status":"publish","type":"product","link":"https:\/\/tamerbadr.com\/sv\/produkt\/the-book-of-the-characteristics-of-the-shepherd-and-the-flock","title":{"rendered":"Boken om herdens och hjordens k\u00e4nnetecken"},"content":{"rendered":"<h1 style=\"text-align: center;\"><strong>Introduktion till boken Herdens och hjordens k\u00e4nnetecken<\/strong><\/h1>\n<h1 style=\"text-align: center;\">Islam har etablerat en tydlig och omfattande strategi f\u00f6r f\u00f6rh\u00e5llandet mellan h\u00e4rskaren och hans unders\u00e5tar. Forskare har diskuterat detta f\u00f6rh\u00e5llande i b\u00f6cker om islamisk politik, inklusive varje partis skyldigheter och r\u00e4ttigheter, vilket visar att islam har sitt eget system som ett s\u00e4tt att leva. Ur ett politiskt perspektiv, vad g\u00e4ller f\u00f6rh\u00e5llandet mellan h\u00e4rskaren och hans unders\u00e5tar, har islamisk historia inte k\u00e4nt till ett specifikt islamiskt regeringssystem. Islam, den slutgiltiga gudomliga lagen, etablerade inte ett specifikt system som ska p\u00e5tvingas muslimer i alla tider och p\u00e5 alla platser. Snarare etablerade den allm\u00e4nna principer som \u00e4r l\u00e4mpliga f\u00f6r alla tider och p\u00e5 alla platser, utan att f\u00f6rdjupa sig i detaljer, metoder och s\u00e4rskilda f\u00f6rh\u00e5llanden som till sin natur utvecklas och f\u00f6r\u00e4ndras med de f\u00f6r\u00e4ndrade omst\u00e4ndigheterna i tid och rum, s\u00e5 att varje nation kan ta h\u00e4nsyn till vad som passar dess omst\u00e4ndigheter och vad dess intressen kr\u00e4ver.<\/h1>\n<h1 style=\"text-align: center;\">F\u00f6ljaktligen, n\u00e4r det g\u00e4ller teorin om staten, lagstiftade inte islam ett politiskt system som inte \u00e4r f\u00f6rem\u00e5l f\u00f6r f\u00f6r\u00e4ndring eller modifiering, och den f\u00f6rdjupade sig inte heller i detaljer med absoluta, slutgiltiga v\u00e4rden. Snarare etablerade den bara de allm\u00e4nna principer och \u00f6vergripande regler som denna teori b\u00f6r baseras p\u00e5. Den islamiska teorin om staten (med avseende p\u00e5 detaljer och enskildheter), liksom alla andra islamiska politiska teorier, \u00e4r f\u00f6rem\u00e5l f\u00f6r f\u00f6r\u00e4ndring, modifiering och till\u00e4gg. Dess formuleringar \u00e4r varken slutgiltiga eller absoluta, och de \u00e4r inte heller formade i en stel form. Islam till\u00e5ter utveckling och modifiering av politiska teorier, som muslimska l\u00e4rda har str\u00e4vat efter att formulera i enlighet med tidens krav och omst\u00e4ndigheterna i tid och rum.<\/h1>\n<h1 style=\"text-align: center;\">Det finns ingen som helst brytning mellan att tala om islam och den civila staten, eller om islam och medborgarskap, eller om islam och \u00e5sikts- och trosfrihet. De som antar en klyfta mellan islam och alla dessa moderna id\u00e9er sj\u00e4lva f\u00f6rst\u00e5r inte islams sanna natur, och de l\u00e4ser inte heller profetens (frid och v\u00e4lsignelser vare \u00f6ver honom) och hans \u00e4dla f\u00f6ljeslagares (m\u00e5 Allah vara n\u00f6jd med dem) historia korrekt eller r\u00e4ttvist. Det \u00e4r d\u00e4rf\u00f6r staten i islam har sina egna s\u00e4rdrag, precis som regeringssystemet i islam har sina egna grundvalar: underkastelse till Gud, r\u00e4ttvisa, samr\u00e5d och dess skyldighet, j\u00e4mlikhet, lydnad mot de som har makt, skyldigheten att ge r\u00e5d till de som har makt, h\u00e4rskarens eller herdens ansvar och hans underkastelse till r\u00e4ttsv\u00e4sendets och nationens tillsyn, nationens politiska enhet, garantin f\u00f6r r\u00e4ttigheter och skyldigheter samt frihet. Dessa grundvalar representerar k\u00e4rnan i det islamiska systemet och de grundvalar som mest uttrycker dess unikhet. Jag har f\u00f6rs\u00f6kt, s\u00e5 mycket som m\u00f6jligt, att ta upp detta i min bok.<\/h1>\n<h1 style=\"text-align: center;\">Slutligen ber jag Gud den Allsm\u00e4ktige att g\u00f6ra mitt arbete uppriktigt f\u00f6r Hans skull, att bel\u00f6na mig f\u00f6r varje ord jag har skrivit, att s\u00e4tta det i v\u00e5gsk\u00e5len f\u00f6r mina goda g\u00e4rningar och att bel\u00f6na mina br\u00f6der som hj\u00e4lpt mig med allt de hade f\u00f6r att slutf\u00f6ra denna bok.<\/h1>\n<h1 style=\"text-align: center;\">&quot;\u00c4ra vare Dig, o Gud, och lov vare Dig. Jag vittnar om att det inte finns n\u00e5gon gud utom Dig. Jag s\u00f6ker Din f\u00f6rl\u00e5telse och \u00e5ngrar mig till Dig. V\u00e5r sista b\u00f6n \u00e4r: All lovprisning tillkommer Gud, v\u00e4rldarnas Herre.&quot;<\/h1>\n<h1 style=\"text-align: center;\">Den fattige som beh\u00f6ver sin Herres f\u00f6rl\u00e5telse och n\u00e5d<\/h1>\n<h1 style=\"text-align: center;\">Tamer Badr<\/h1>\n<h1 style=\"text-align: center;\">S\u00f6ndag, Rajab 3, 1440 AH<\/h1>\n<h1 style=\"text-align: center;\">10 mars 2019<\/h1>","protected":false},"excerpt":{"rendered":"<p>\u0645\u0642\u062f\u0645\u0629 \u0643\u062a\u0627\u0628 \u0635\u0641\u0629 \u0627\u0644\u0631\u0627\u0639\u064a \u0648\u0627\u0644\u0631\u0639\u064a\u0629 \u0644\u0642\u062f \u0648\u0636\u0639 \u0627\u0644\u0625\u0633\u0644\u0627\u0645 \u0645\u0646\u0647\u062c\u064b\u0627 \u0628\u064a\u0651\u0650\u0646\u064b\u0627 \u0648\u0648\u0627\u0641\u064a\u064b\u0627 \u0641\u064a \u0627\u0644\u0639\u0644\u0627\u0642\u0629 \u0628\u064a\u0646 \u0627\u0644\u0631\u0627\u0639\u064a \u0648\u0627\u0644\u0631\u0639\u064a\u0629\u060c \u0648\u0628\u064e\u062d\u064e\u062b\u064e \u0623\u0647\u0644\u064f \u0627\u0644\u0639\u0644\u0645 \u0641\u064a \u0643\u062a\u0628 \u0627\u0644\u0633\u064a\u0627\u0633\u0629 \u0627\u0644\u0634\u0631\u0639\u064a\u0629 \u0645\u0627 \u064a\u062a\u0639\u0644\u0651\u064e\u0642 \u0628\u0647\u0630\u0647 \u0627\u0644\u0639\u0644\u0627\u0642\u0629\u060c \u0648\u0648\u0627\u062c\u0628\u0627\u062a \u0643\u0644 \u0645\u0646 \u0627\u0644\u0637\u0631\u0641\u064a\u0646 \u0648\u062d\u0642\u0648\u0642\u0647 \u0639\u0644\u0649 \u0648\u062c\u0647 \u064a\u064f\u0628\u064e\u064a\u0651\u0650\u0646 \u0623\u0646 \u0627\u0644\u0625\u0633\u0644\u0627\u0645 \u0644\u0647 \u0646\u0638\u0627\u0645\u0647 \u0627\u0644\u062e\u0627\u0635 \u0645\u0646\u0647\u062c\u064b\u0627 \u0644\u0644\u062d\u064a\u0627\u0629\u061b \u0648\u0645\u0646 \u0627\u0644\u0646\u0627\u062d\u064a\u0629 \u0627\u0644\u0633\u064a\u0627\u0633\u064a\u0629 \u0641\u064a\u0645\u0627 \u064a\u062a\u0639\u0644\u0642 \u0628\u0639\u0644\u0627\u0642\u0629 \u0627\u0644\u0625\u0645\u0627\u0645 \u0648\u0631\u0639\u064a\u062a\u0647 \u0645\u0646 \u0627\u0644\u0645\u0648\u0627\u0637\u0646\u064a\u0646 \u0641\u0644\u0645 \u064a\u0639\u0631\u0641 \u0627\u0644\u062a\u0627\u0631\u064a\u062e [&hellip;]<\/p>","protected":false},"featured_media":19692,"comment_status":"open","ping_status":"closed","template":"","meta":{"_seopress_robots_primary_cat":"","_seopress_titles_title":"","_seopress_titles_desc":"","_seopress_robots_index":"","inline_featured_image":false,"_uf_show_specific_survey":0,"_uf_disable_surveys":false},"product_brand":[],"product_cat":[187],"product_tag":[],"class_list":{"0":"post-19585","1":"product","2":"type-product","3":"status-publish","4":"has-post-thumbnail","6":"product_cat-187","8":"first","9":"instock","10":"downloadable","11":"shipping-taxable","12":"purchasable","13":"product-type-simple"},"_links":{"self":[{"href":"https:\/\/tamerbadr.com\/sv\/wp-json\/wp\/v2\/product\/19585","targetHints":{"allow":["GET"]}}],"collection":[{"href":"https:\/\/tamerbadr.com\/sv\/wp-json\/wp\/v2\/product"}],"about":[{"href":"https:\/\/tamerbadr.com\/sv\/wp-json\/wp\/v2\/types\/product"}],"replies":[{"embeddable":true,"href":"https:\/\/tamerbadr.com\/sv\/wp-json\/wp\/v2\/comments?post=19585"}],"wp:featuredmedia":[{"embeddable":true,"href":"https:\/\/tamerbadr.com\/sv\/wp-json\/wp\/v2\/media\/19692"}],"wp:attachment":[{"href":"https:\/\/tamerbadr.com\/sv\/wp-json\/wp\/v2\/media?parent=19585"}],"wp:term":[{"taxonomy":"product_brand","embeddable":true,"href":"https:\/\/tamerbadr.com\/sv\/wp-json\/wp\/v2\/product_brand?post=19585"},{"taxonomy":"product_cat","embeddable":true,"href":"https:\/\/tamerbadr.com\/sv\/wp-json\/wp\/v2\/product_cat?post=19585"},{"taxonomy":"product_tag","embeddable":true,"href":"https:\/\/tamerbadr.com\/sv\/wp-json\/wp\/v2\/product_tag?post=19585"}],"curies":[{"name":"wp","href":"https:\/\/api.w.org\/{rel}","templated":true}]}}