{"id":19583,"date":"2025-03-16T21:57:43","date_gmt":"2025-03-16T21:57:43","guid":{"rendered":"https:\/\/white-ant-267257.hostingersite.com\/?post_type=product&#038;p=19583"},"modified":"2025-07-13T07:20:37","modified_gmt":"2025-07-13T07:20:37","slug":"the-book-of-islam-and-war","status":"publish","type":"product","link":"https:\/\/tamerbadr.com\/sv\/produkt\/the-book-of-islam-and-war","title":{"rendered":"Boken om islam och krig"},"content":{"rendered":"<h1 style=\"text-align: center;\"><strong>Introduktion till boken Islam och krig<\/strong><\/h1>\n<h1 style=\"text-align: center;\">Krig \u00e4r en universell lag och ett gudomligt p\u00e5bud som ingen tid eller plats saknar. Sanning och l\u00f6gn m\u00f6ts i en st\u00e4ndig, ur\u00e5ldrig och p\u00e5g\u00e5ende kamp. I b\u00f6rjan av islams gryning var krig i det f\u00f6r-islamiska samh\u00e4llet i full g\u00e5ng. Krig var faktiskt en st\u00e4ndig inkomstk\u00e4lla f\u00f6r araberna.<\/h1>\n<h1 style=\"text-align: center;\">F\u00f6rislamiska krig utbr\u00f6t helt enkelt ur en \u00f6nskan att plundra och plundra, eller att f\u00f6r\u00f6dmjuka andra, eller av triviala sk\u00e4l. Basuskriget, som varade i \u00e5rtionden, utbr\u00f6t p\u00e5 grund av en kamel som br\u00f6t ett \u00e4gg, och Dahis- och Ghabrakriget, som h\u00e4rjade allt, orsakades av en kappl\u00f6pning mellan tv\u00e5 h\u00e4star.<\/h1>\n<h1 style=\"text-align: center;\">Av dessa sk\u00e4l och liknande utbr\u00f6t krig under den f\u00f6r-islamiska eran. Islam f\u00f6r\u00e4ndrade samh\u00e4llets kurs, f\u00f6rst\u00e4rkte fr\u00e5gan om blodsutgjutelse i det och gjorde krig till ett hat f\u00f6r det. Islam kom inte f\u00f6r att mots\u00e4ga kosmiska lagar. Or\u00e4ttvisa existerar, r\u00e4ttvisa existerar, l\u00f6gn existerar och sanning existerar. Motsatser kan inte existera utan att bek\u00e4mpa varandra. Allah den Allsm\u00e4ktige sade: {Och om det inte vore f\u00f6r att Allah kontrollerar vissa m\u00e4nniskor med hj\u00e4lp av andra, skulle kloster, kyrkor, synagogor och mosk\u00e9er d\u00e4r Allahs namn n\u00e4mns ofta ha rivits.} [Al-Hajj: 40]<\/h1>\n<h1 style=\"text-align: center;\">Krig, i spr\u00e5k och terminologi, inneb\u00e4r att avvika fr\u00e5n den ursprungliga principen, som \u00e4r fred, lugn, stabilitet, trygghet och s\u00e4kerhet f\u00f6r sj\u00e4len, jaget, anden, kroppen, rikedomen, barnen och allt som existerar i livet f\u00f6r att utf\u00f6ra den funktion f\u00f6r vilken det skapades f\u00f6r sig sj\u00e4lvt eller till nytta f\u00f6r andra bland Guds skapelse. S\u00e5ledes inkluderar krig att angripa det ofelbara jaget utan r\u00e4tt, vare sig genom d\u00f6dande eller p\u00e5 annat s\u00e4tt, p\u00e5 ett s\u00e4tt som negativt p\u00e5verkar den angripnes ofelbarhet och terroriserar dennes materiella trygghet och psykologiska frid, oavsett graden av detta angrepp, om det \u00e4r aggression och or\u00e4ttvisa. Om det ursprungligen kommer fr\u00e5n andra, kan det f\u00f6rest\u00e4llas med jaget och jaget mot jaget, genom att personen beg\u00e5r handlingar och synder som f\u00e5r hen att falla in i korruptionens och f\u00f6rst\u00f6relsens cirkel, oavsett om det \u00e4r totalt eller partiellt och oavsett om det \u00e4r p\u00e5 ett positivt eller negativt s\u00e4tt.<\/h1>\n<h1 style=\"text-align: center;\">Det \u00e4r viktigt h\u00e4r att f\u00f6rklara islams syn p\u00e5 krig, och att sammanfatta detta koncept i ett antal huvudpunkter:<\/h1>\n<h1 style=\"text-align: center;\">F\u00f6r det f\u00f6rsta: Fred \u00e4r m\u00e5let och syftet. Krig \u00e4r ett av medlen f\u00f6r att uppn\u00e5 fred. Den heliga Koranen s\u00e4ger om detta:<\/h1>\n<h1 style=\"text-align: center;\">- &quot;O ni som tror, tr\u00e4d in i islam helt och h\u00e5llet.&quot; [Al-Baqarah: 208]<\/h1>\n<h1 style=\"text-align: center;\">- &quot;Men om de \u00e4r villiga att v\u00e4nda sig till fred, s\u00e5 v\u00e4nda sig till den och f\u00f6rlita er p\u00e5 Allah. Sannerligen, Han \u00e4r den H\u00f6rande, den Vetande.&quot; [Al-Anfal: 61]<\/h1>\n<h1 style=\"text-align: center;\">- &quot;Och strid p\u00e5 Allahs v\u00e4g mot dem som strider mot er, men \u00f6vertr\u00e4d inte. Sannerligen. Allah tycker inte om \u00f6vertr\u00e4dare.&quot;<\/h1>\n<h1 style=\"text-align: center;\">[Al-Baqarah: 190].<\/h1>\n<h1 style=\"text-align: center;\">- (Men om de drar sig tillbaka fr\u00e5n er och inte strider mot er och erbjuder er fred, d\u00e5 har Allah inte gett er n\u00e5gon utv\u00e4g mot dem.)<\/h1>\n<h1 style=\"text-align: center;\">[Kvinnor: 90].<\/h1>\n<h1 style=\"text-align: center;\">F\u00f6r det andra: Det finns tv\u00e5 typer av krig inom islam:<\/h1>\n<h1 style=\"text-align: center;\">1- Defensivt: att skydda muslimernas land och deras tro. Koranen s\u00e4ger om detta:<\/h1>\n<h1 style=\"text-align: center;\">- &quot;Den som \u00f6vertr\u00e4der er, \u00f6vertr\u00e4d honom i proportion till hans \u00f6vertr\u00e4delse mot er.&quot; [Al-Baqarah: 194]<\/h1>\n<h1 style=\"text-align: center;\">2- Offensiv: Dess m\u00e5l \u00e4r inte att invadera, kolonisera, underkuva folk eller tvinga nationer att anamma religion, utan snarare att befria deras vilja och frihet s\u00e5 att de kan v\u00e4lja den sanna religionen... utan tv\u00e5ng fr\u00e5n h\u00e4rskare eller inkr\u00e4ktare. I detta avseende s\u00e4ger Gud den Allsm\u00e4ktige:<\/h1>\n<h1 style=\"text-align: center;\">- &quot;Det finns inget tv\u00e5ng i religionen. Den r\u00e4tta v\u00e4gen har blivit \u00e5tskild fr\u00e5n den felaktiga.&quot; [Al-Baqarah: 256]<\/h1>\n<h1 style=\"text-align: center;\">- &quot;Och om inte Allah kontrollerar vissa m\u00e4nniskor med hj\u00e4lp av andra, skulle jorden ha blivit f\u00f6rd\u00e4rvad.&quot; [Al-Baqarah: 251]<\/h1>\n<h1 style=\"text-align: center;\">F\u00f6r det tredje: Intensitet i strid betyder inte grymhet, brutalitet eller or\u00e4ttvisa.<\/h1>\n<h1 style=\"text-align: center;\">1- Muslimer beordrades att vara intensiva i strid, vilket innebar att vara beslutsamma, fasta och inte retirera. Gud den Allsm\u00e4ktige sade:<\/h1>\n<h1 style=\"text-align: center;\">- &quot;O ni som tror, n\u00e4r ni m\u00f6ter dem som inte tror n\u00e4r de n\u00e4rmar sig [i strid], v\u00e4nd dem inte ryggen.&quot; [Al-Anfal: 15]<\/h1>\n<h1 style=\"text-align: center;\">- N\u00e4r ni m\u00f6ter dem som inte tror [i strid], hugg dem i nacken tills ni, n\u00e4r ni har tillfogat dem ett blodbad, s\u00e4kra d\u00e5 [deras] bojor.<\/h1>\n<h1 style=\"text-align: center;\">[Muhammed: 47].<\/h1>\n<h1 style=\"text-align: center;\">- &quot;O Profet, bek\u00e4mpa de otrogna och hycklarna och var h\u00e5rd mot dem.&quot; [At-Tawbah: 73]<\/h1>\n<h1 style=\"text-align: center;\">2- Samtidigt befalldes de att vara barmh\u00e4rtiga, r\u00e4ttvisa och v\u00e4nliga efter segern. Gud den Allsm\u00e4ktige sade:<\/h1>\n<h1 style=\"text-align: center;\">- &quot;Och de ger mat, trots sin k\u00e4rlek till den, till de fattiga, de f\u00f6r\u00e4ldral\u00f6sa och de f\u00e5ngna.&quot; [Al-Insan: 8]<\/h1>\n<h1 style=\"text-align: center;\">- &quot;D\u00e5 antingen en tj\u00e4nst efter\u00e5t eller en l\u00f6sensumma tills kriget avl\u00e4gger sina b\u00f6rdor.&quot; [Muhammed: 47]<\/h1>\n<h1 style=\"text-align: center;\">Detta var den ideologiska aspekten, och vi talade om den mycket kortfattat. Den andra aspekten \u00e5terst\u00e5r, n\u00e4mligen den praktiska aspekten av islamisk milit\u00e4r aktion.<\/h1>\n<h1 style=\"text-align: center;\">N\u00e4r Allahs befallning att utk\u00e4mpa jihad uppenbarades f\u00f6r muslimerna, l\u00e4mnade Han dem inte ensamma \u00e5t sin tro, inte heller var Han n\u00f6jd med deras h\u00f6ga moral. Snarare sa Han till dem: &quot;Och f\u00f6rbered mot dem vad ni \u00e4n kan av kraft och krigsh\u00e4star, med vilka ni kan skr\u00e4mma Allahs fiende och er fiende.&quot; [Al-Anfal: 60] Befallningen att f\u00f6rbereda h\u00e4r \u00e4r inte begr\u00e4nsad till enbart vapen. Snarare inkluderar den den omfattande, kontinuerliga organisationen av krig, b\u00e5de materiellt och moraliskt, med b\u00f6rjan fr\u00e5n att l\u00e4ra ut disciplin, organisation och ordning, till kontinuerlig tr\u00e4ning p\u00e5 alla vapen, till att studera krigsplaner, till att k\u00e4nna till regionernas och platsernas geografi. Sedan, ivern att f\u00f6rv\u00e4rva moderna och avancerade vapen och tr\u00e4ning p\u00e5 dem. Fr\u00e5n det f\u00f6rsta \u00f6gonblicket d\u00e5 befallningen att utk\u00e4mpa jihad uppenbarades, b\u00f6rjade S\u00e4ndebudet, frid och v\u00e4lsignelser vare \u00f6ver honom, att undervisa sina anh\u00e4ngare och f\u00f6rbereda dem f\u00f6r den stora lanseringen att sprida religionen till jordens yttersta h\u00f6rn. Sannerligen, hans l\u00e4ror, frid och v\u00e4lsignelser vare \u00f6ver honom, var som en skola f\u00f6r utexaminerade ledare. Ben genom tids\u00e5ldrarna och generationerna.<\/h1>\n<h1 style=\"text-align: center;\">I den h\u00e4r boken kommer vi att granska krigsteorin inom islam i alla dess aspekter. Jag hoppas att det jag har skrivit kommer att tj\u00e4na som en modell f\u00f6r vad jag str\u00e4var efter och vad forskare str\u00e4var efter n\u00e4r de studerar h\u00e4ndelserna i v\u00e5r milit\u00e4rhistoria.<\/h1>\n<h1 style=\"text-align: center;\">Jag beh\u00f6ver ingen kommentar som skulle fylla en lucka som \u00e4r en del av den m\u00e4nskliga naturen. Jag tackar p\u00e5 f\u00f6rhand alla som bidragit med en anv\u00e4ndbar kommentar eller som inte sn\u00e5lade med mig med en uppriktig b\u00f6n i min fr\u00e5nvaro. M\u00e5 Gud f\u00f6rb\u00e4ttra muslimernas villkor och skydda dem fr\u00e5n ondska och vederm\u00f6dor. M\u00e5 Guds b\u00f6ner och frid vara \u00f6ver v\u00e5r m\u00e4stare Muhammed, m\u00e5 Gud v\u00e4lsigna honom och ge honom fred.<\/h1>\n<h1 style=\"text-align: center;\">Slutligen ber jag Gud den Allsm\u00e4ktige att g\u00f6ra mitt arbete uppriktigt f\u00f6r Hans skull och att bel\u00f6na mig f\u00f6r varje ord jag har skrivit och att s\u00e4tta det i v\u00e5gsk\u00e5len bland mina goda g\u00e4rningar och att bel\u00f6na mina br\u00f6der som hj\u00e4lpt mig med allt de hade f\u00f6r att slutf\u00f6ra denna bok.<\/h1>\n<h1 style=\"text-align: center;\">&quot;\u00c4ra vare Dig, o Gud, och lov vare Dig. Jag vittnar om att det inte finns n\u00e5gon gud utom Dig. Jag s\u00f6ker Din f\u00f6rl\u00e5telse och \u00e5ngrar mig till Dig. Och v\u00e5r sista b\u00f6n \u00e4r: All lovprisning tillkommer Gud, v\u00e4rldarnas Herre.&quot;<\/h1>\n<h1 style=\"text-align: center;\">Den fattige som beh\u00f6ver sin Herres f\u00f6rl\u00e5telse och n\u00e5d<\/h1>\n<h1 style=\"text-align: center;\">Tamer Badr<\/h1>\n<h1 style=\"text-align: center;\">8 Ramadan 1440 AH<\/h1>\n<h1 style=\"text-align: center;\">13 maj 2019<\/h1>","protected":false},"excerpt":{"rendered":"<p>\u0645\u0642\u062f\u0645\u0629 \u0643\u062a\u0627\u0628 \u0627\u0644\u0627\u0633\u0644\u0627\u0645 \u0648\u0627\u0644\u062d\u0631\u0628 \u0625\u0646 \u0627\u0644\u062d\u0631\u0628 \u0633\u0646\u0629 \u0643\u0648\u0646\u064a\u0629 \u0648\u0642\u062f\u0631 \u0625\u0644\u0647\u064a \u0644\u0627 \u064a\u062e\u0644\u0648 \u0645\u0646\u0647 \u0632\u0645\u0627\u0646 \u0623\u0648 \u0645\u0643\u0627\u0646\u060c \u0641\u0627\u0644\u062d\u0642 \u0648\u0627\u0644\u0628\u0627\u0637\u0644 \u0641\u064a \u0635\u0631\u0627\u0639 \u062f\u0627\u0626\u0645 \u0648\u0642\u062f\u064a\u0645 \u0648\u0645\u0633\u062a\u0645\u0631\u060c \u0648\u0639\u0634\u064a\u0629 \u0628\u0632\u0648\u063a \u0641\u062c\u0631 \u0627\u0644\u0625\u0633\u0644\u0627\u0645 \u0643\u0627\u0646\u062a \u0627\u0644\u062d\u0631\u0648\u0628 \u0641\u064a \u0627\u0644\u0645\u062c\u062a\u0645\u0639 \u0627\u0644\u062c\u0627\u0647\u0644\u064a \u0642\u0627\u0626\u0645\u0629 \u0639\u0644\u0649 \u0642\u062f\u0645 \u0648\u0633\u0627\u0642\u060c \u0628\u0644 \u0643\u0627\u0646\u062a \u0627\u0644\u062d\u0631\u0628 \u0645\u0646 \u0645\u0635\u0627\u062f\u0631 \u0627\u0644\u062f\u062e\u0644 \u0627\u0644\u062b\u0627\u0628\u062a\u0629 \u0639\u0646\u062f \u0627\u0644\u0639\u0631\u0628. \u0648\u062d\u0631\u0648\u0628 \u0627\u0644\u062c\u0627\u0647\u0644\u064a\u0629 \u0643\u0627\u0646\u062a \u062a\u0646\u0634\u0628 \u0644\u0645\u062c\u0631\u062f \u0627\u0644\u0631\u063a\u0628\u0629 \u0641\u064a \u0627\u0644\u0633\u0644\u0628 \u0648\u0627\u0644\u0646\u0647\u0628 \u0623\u0648 [&hellip;]<\/p>","protected":false},"featured_media":19687,"comment_status":"open","ping_status":"closed","template":"","meta":{"_seopress_robots_primary_cat":"","_seopress_titles_title":"","_seopress_titles_desc":"","_seopress_robots_index":"","inline_featured_image":false,"_uf_show_specific_survey":0,"_uf_disable_surveys":false},"product_brand":[],"product_cat":[189],"product_tag":[],"class_list":{"0":"post-19583","1":"product","2":"type-product","3":"status-publish","4":"has-post-thumbnail","6":"product_cat-189","8":"first","9":"instock","10":"downloadable","11":"shipping-taxable","12":"purchasable","13":"product-type-simple"},"_links":{"self":[{"href":"https:\/\/tamerbadr.com\/sv\/wp-json\/wp\/v2\/product\/19583","targetHints":{"allow":["GET"]}}],"collection":[{"href":"https:\/\/tamerbadr.com\/sv\/wp-json\/wp\/v2\/product"}],"about":[{"href":"https:\/\/tamerbadr.com\/sv\/wp-json\/wp\/v2\/types\/product"}],"replies":[{"embeddable":true,"href":"https:\/\/tamerbadr.com\/sv\/wp-json\/wp\/v2\/comments?post=19583"}],"wp:featuredmedia":[{"embeddable":true,"href":"https:\/\/tamerbadr.com\/sv\/wp-json\/wp\/v2\/media\/19687"}],"wp:attachment":[{"href":"https:\/\/tamerbadr.com\/sv\/wp-json\/wp\/v2\/media?parent=19583"}],"wp:term":[{"taxonomy":"product_brand","embeddable":true,"href":"https:\/\/tamerbadr.com\/sv\/wp-json\/wp\/v2\/product_brand?post=19583"},{"taxonomy":"product_cat","embeddable":true,"href":"https:\/\/tamerbadr.com\/sv\/wp-json\/wp\/v2\/product_cat?post=19583"},{"taxonomy":"product_tag","embeddable":true,"href":"https:\/\/tamerbadr.com\/sv\/wp-json\/wp\/v2\/product_tag?post=19583"}],"curies":[{"name":"wp","href":"https:\/\/api.w.org\/{rel}","templated":true}]}}