{"id":19581,"date":"2025-03-16T21:53:58","date_gmt":"2025-03-16T21:53:58","guid":{"rendered":"https:\/\/white-ant-267257.hostingersite.com\/?post_type=product&#038;p=19581"},"modified":"2025-07-13T07:21:59","modified_gmt":"2025-07-13T07:21:59","slug":"unforgettable-leaders-book","status":"publish","type":"product","link":"https:\/\/tamerbadr.com\/sv\/produkt\/unforgettable-leaders-book","title":{"rendered":"Boken Of\u00f6rgl\u00f6mliga Ledare"},"content":{"rendered":"<h1 style=\"text-align: center;\"><strong>Introduktion av professor Dr. Ragheb El-Sergany till boken Of\u00f6rgl\u00f6mliga ledare<\/strong><\/h1>\n<h1 style=\"text-align: center;\">I den islamiska nationens historia finns det m\u00e4n som belyste historien f\u00f6r dem som kom efter dem, m\u00e4n som utm\u00e4rkte sig inom alla omr\u00e5den.<\/h1>\n<h1 style=\"text-align: center;\">Kanske hittar du inte detta antal lysande personer i n\u00e5gon nations historia. P\u00e5 Ibn Umars auktoritet, m\u00e5 Gud vara n\u00f6jd med honom, som sade: Guds budb\u00e4rare, m\u00e5 Gud v\u00e4lsigna honom och ge honom fred, sade: \u201dDu kommer att finna m\u00e4nniskor samlade p\u00e5 hundra platser, och inte en enda man kommer att finna ett riddjur bland dem.\u201d Ber\u00e4ttat av Al-Bukhari och Muslim.<\/h1>\n<h1 style=\"text-align: center;\">S\u00e5, de framst\u00e5ende m\u00e4nnen i den allm\u00e4nna historien \u00e4r f\u00e5, men m\u00e5nga av dessa f\u00e5 har dykt upp och utm\u00e4rkt sig i islamisk historia och islamisk civilisation.<\/h1>\n<h1 style=\"text-align: center;\">Islamiska staten f\u00f6ddes ur modiga, heroiska mujahediner. Islamisk historia har k\u00e4nt hur m\u00e5nga ledare framtr\u00e4dde och ledde islamiska arm\u00e9er till stora segrar, tack vare Gud den Allsm\u00e4ktige, och sedan tack vare deras genialitet och mod!<\/h1>\n<h1 style=\"text-align: center;\">\u00c5lder var inte en faktor f\u00f6r att avg\u00f6ra vem som var ledare inom islam, utan snarare kompetens och f\u00f6rm\u00e5ga. Guds budb\u00e4rare, m\u00e5 Gud v\u00e4lsigna honom och ge honom fred, valde Usama bin Zaid, som var arton \u00e5r gammal, att leda en arm\u00e9 f\u00f6r att bek\u00e4mpa romarna, och under hans bef\u00e4l stod Abu Bakr och Umar bin Al-Khattab.<\/h1>\n<h1 style=\"text-align: center;\">Att vara den f\u00f6rste att anamma islam var inte heller en faktor. Guds s\u00e4ndebud, m\u00e5 Gud v\u00e4lsigna honom och ge honom fred, uts\u00e5g Amr ibn al-Aas (m\u00e5 Gud vara n\u00f6jd med honom) \u00f6ver de \u00e4ldre f\u00f6ljeslagarna i slaget vid Dhat al-Salasil, trots att han bara hade konverterat till islam n\u00e5gra dagar tidigare. Likas\u00e5 ledde Khalid ibn al-Walid (m\u00e5 Gud vara n\u00f6jd med honom) de \u00e4ldre f\u00f6ljeslagarna i slaget vid Mu&#039;tah, trots att han nyligen hade konverterat till islam.<\/h1>\n<h1 style=\"text-align: center;\">Kriterierna f\u00f6r att v\u00e4lja ledare i islamisk historia var objektiva och relaterade enbart till kompetens. D\u00e4rf\u00f6r har den islamiska civilisationen genom hela sin historia producerat exceptionella ledare som var o\u00f6vertr\u00e4ffade.<\/h1>\n<h1 style=\"text-align: center;\">Efter det l\u00e4rde sig muslimer att de var tvungna att f\u00f6rbereda framtida ledare; d\u00e4rf\u00f6r finner vi spridningen av tr\u00e4ning i ridkonst, jihad och b\u00e5gskytte.<\/h1>\n<h1 style=\"text-align: center;\">Ledarskapets historia inom islam \u00e4r rik p\u00e5 djupa betydelser, begrepp och unika personligheter; d\u00e4rav vikten av denna bok.<\/h1>\n<h1 style=\"text-align: center;\">F\u00f6rfattaren, broder Tamer Badr \u2013 m\u00e5 Gud beskydda honom \u2013 var intresserad av att sp\u00e5ra biografierna \u00f6ver muslimska ledare och presenterade dem f\u00f6r oss i...<\/h1>\n<h1 style=\"text-align: center;\">En l\u00e4ttsam, elegant och koncis stil, d\u00e4r han utvann de viktigaste punkterna som nationen beh\u00f6ver f\u00f6r att f\u00f6rst\u00e5 hur den var.<\/h1>\n<h1 style=\"text-align: center;\">Ledare \u00e4r f\u00f6rberedda s\u00e5 att du kan producera nya generationer av dem.<\/h1>\n<h1 style=\"text-align: center;\">Precis som f\u00f6rfattaren har vant oss vid i sin tidigare bok (Of\u00f6rgl\u00f6mliga dagar) kommer du att tycka att boken \u00e4r f\u00e4ngslande i stil. N\u00e4r du v\u00e4l b\u00f6rjar l\u00e4sa den kommer du att k\u00e4nna dig tvungen att forts\u00e4tta till slutet.<\/h1>\n<h1 style=\"text-align: center;\">Jag ber Gud den Allsm\u00e4ktige att acceptera f\u00f6rfattarens anstr\u00e4ngningar i sin bok, att ge boken acceptans och att gynna muslimer genom den. Han \u00e4r Beskyddare av detta och f\u00f6rm\u00e5r g\u00f6ra det.<\/h1>\n<h1 style=\"text-align: center;\">\u00a0Professor Dr. Ragheb Al-Sergani<\/h1>\n<h1 style=\"text-align: center;\">Kairo i november 2011<\/h1>","protected":false},"excerpt":{"rendered":"<p>\u0645\u0642\u062f\u0645\u0629 \u0627\u0644\u0627\u0633\u062a\u0627\u0630 \u0627\u0644\u062f\u0643\u062a\u0648\u0631 \u0631\u0627\u063a\u0628 \u0627\u0644\u0633\u0631\u062c\u0627\u0646\u064a \u0644\u0643\u062a\u0627\u0628 \u0642\u0627\u062f\u0629 \u0644\u0627 \u062a\u0646\u0633\u0649 \u0641\u064a \u062a\u0627\u0631\u064a\u062e \u0623\u064f\u0645\u0629 \u0627\u0644\u0625\u0633\u0644\u0627\u0645 \u0631\u062c\u0627\u0644 \u0623\u0636\u0627\u0621\u0648\u0627 \u0627\u0644\u062a\u0627\u0631\u064a\u062e \u0644\u0645\u0646 \u062c\u0627\u0621 \u0628\u0639\u062f\u0647\u0645\u060c \u0631\u062c\u0627\u0644 \u062a\u0645\u064a\u0632\u0648\u0627 \u0641\u064a \u0643\u0644 \u0645\u062c\u0627\u0644\u060c \u0648\u0631\u0628\u0645\u0627 \u0644\u0627 \u062a\u062c\u062f \u0641\u064a \u062a\u0627\u0631\u064a\u062e \u0623\u064f\u0645\u0629 \u0645\u0646 \u0627\u0644\u0623\u0645\u0645 \u0647\u0630\u0627 \u0627\u0644\u0639\u062f\u062f \u0645\u0646 \u0627\u0644\u0631\u0645\u0648\u0632 \u0627\u0644\u0644\u0627\u0645\u0639\u0629\u061b \u0641\u0639\u0646 \u0627\u0628\u0646 \u0639\u0645\u0631 \u0631\u0636\u064a \u0627\u0644\u0644\u0647 \u0639\u0646\u0647 \u0642\u0627\u0644: \u0642\u0627\u0644 \u0631\u0633\u0648\u0644 \u0627\u0644\u0644\u0647 \ufdfa: \u00ab\u062a\u064e\u062c\u0650\u062f\u064f\u0648\u0646\u064e \u0627\u0644\u0646\u0651\u064e\u0627\u0633\u064e \u0643\u064e\u0627\u0628\u0650\u0644 \u0645\u0650\u0627\u0626\u064e\u0629\u064d \u0644\u064e\u0627 \u064a\u064e\u062c\u0650\u062f\u064f \u0627\u0644\u0631\u0651\u064e\u062c\u064f\u0644\u064f [&hellip;]<\/p>","protected":false},"featured_media":19693,"comment_status":"open","ping_status":"closed","template":"","meta":{"_seopress_robots_primary_cat":"","_seopress_titles_title":"","_seopress_titles_desc":"","_seopress_robots_index":"","inline_featured_image":false,"_uf_show_specific_survey":0,"_uf_disable_surveys":false},"product_brand":[],"product_cat":[189],"product_tag":[],"class_list":{"0":"post-19581","1":"product","2":"type-product","3":"status-publish","4":"has-post-thumbnail","6":"product_cat-189","8":"first","9":"instock","10":"downloadable","11":"shipping-taxable","12":"purchasable","13":"product-type-simple"},"_links":{"self":[{"href":"https:\/\/tamerbadr.com\/sv\/wp-json\/wp\/v2\/product\/19581","targetHints":{"allow":["GET"]}}],"collection":[{"href":"https:\/\/tamerbadr.com\/sv\/wp-json\/wp\/v2\/product"}],"about":[{"href":"https:\/\/tamerbadr.com\/sv\/wp-json\/wp\/v2\/types\/product"}],"replies":[{"embeddable":true,"href":"https:\/\/tamerbadr.com\/sv\/wp-json\/wp\/v2\/comments?post=19581"}],"wp:featuredmedia":[{"embeddable":true,"href":"https:\/\/tamerbadr.com\/sv\/wp-json\/wp\/v2\/media\/19693"}],"wp:attachment":[{"href":"https:\/\/tamerbadr.com\/sv\/wp-json\/wp\/v2\/media?parent=19581"}],"wp:term":[{"taxonomy":"product_brand","embeddable":true,"href":"https:\/\/tamerbadr.com\/sv\/wp-json\/wp\/v2\/product_brand?post=19581"},{"taxonomy":"product_cat","embeddable":true,"href":"https:\/\/tamerbadr.com\/sv\/wp-json\/wp\/v2\/product_cat?post=19581"},{"taxonomy":"product_tag","embeddable":true,"href":"https:\/\/tamerbadr.com\/sv\/wp-json\/wp\/v2\/product_tag?post=19581"}],"curies":[{"name":"wp","href":"https:\/\/api.w.org\/{rel}","templated":true}]}}