{"id":20137,"date":"2025-03-19T15:40:18","date_gmt":"2025-03-19T15:40:18","guid":{"rendered":"https:\/\/white-ant-267257.hostingersite.com\/?page_id=20137"},"modified":"2025-04-06T08:18:15","modified_gmt":"2025-04-06T08:18:15","slug":"the-book-of-the-virtue-of-patience-in-the-face-of-adversity","status":"publish","type":"page","link":"https:\/\/tamerbadr.com\/sv\/the-book-of-the-virtue-of-patience-in-the-face-of-adversity","title":{"rendered":"Boken om t\u00e5lamodets dygd inf\u00f6r motg\u00e5ngar"},"content":{"rendered":"<div data-elementor-type=\"wp-page\" data-elementor-id=\"20137\" class=\"elementor elementor-20137\" data-elementor-post-type=\"page\">\n\t\t\t\t<div class=\"elementor-element elementor-element-c8c7aab e-flex e-con-boxed e-con e-parent\" data-id=\"c8c7aab\" data-element_type=\"container\">\n\t\t\t\t\t<div class=\"e-con-inner\">\n\t\t<div class=\"elementor-element elementor-element-6483b1a e-con-full e-flex e-con e-child\" data-id=\"6483b1a\" data-element_type=\"container\">\n\t\t\t\t<div class=\"elementor-element elementor-element-6058eb2 elementor-widget elementor-widget-wc-elements\" data-id=\"6058eb2\" data-element_type=\"widget\" data-widget_type=\"wc-elements.default\">\n\t\t\t\t<div class=\"elementor-widget-container\">\n\t\t\t\t\t<div class=\"woocommerce\">\t\t\t<div class=\"single-product\" data-product-page-preselected-id=\"0\">\n\t\t\t\t<div class=\"woocommerce-notices-wrapper\"><\/div><div id=\"product-19573\" class=\"product type-product post-19573 status-publish first instock product_cat-191 has-post-thumbnail downloadable shipping-taxable purchasable product-type-simple\">\n\n\t<div class=\"woocommerce-product-gallery woocommerce-product-gallery--with-images woocommerce-product-gallery--columns-4 images\" data-columns=\"4\" style=\"opacity: 0; transition: opacity .25s ease-in-out;\">\n\t<div class=\"woocommerce-product-gallery__wrapper\">\n\t\t<div data-thumb=\"https:\/\/tamerbadr.com\/wp-content\/uploads\/2025\/03\/\u0641\u0636\u0644-\u0627\u0644\u0635\u0628\u0631-\u0639\u0644\u0649-\u0627\u0644\u0628\u0644\u0627\u0621.jpg\" data-thumb-alt=\"\u0643\u062a\u0627\u0628 \u0641\u0636\u0644 \u0627\u0644\u0635\u0628\u0631 \u0639\u0644\u064a \u0627\u0644\u0628\u0644\u0627\u0621\" data-thumb-srcset=\"\"  data-thumb-sizes=\"(max-width: 71px) 100vw, 71px\" class=\"woocommerce-product-gallery__image\"><a href=\"https:\/\/tamerbadr.com\/wp-content\/uploads\/2025\/03\/\u0641\u0636\u0644-\u0627\u0644\u0635\u0628\u0631-\u0639\u0644\u0649-\u0627\u0644\u0628\u0644\u0627\u0621.jpg\"><img fetchpriority=\"high\" decoding=\"async\" width=\"480\" height=\"676\" src=\"https:\/\/tamerbadr.com\/wp-content\/uploads\/2025\/03\/\u0641\u0636\u0644-\u0627\u0644\u0635\u0628\u0631-\u0639\u0644\u0649-\u0627\u0644\u0628\u0644\u0627\u0621.jpg\" class=\"wp-post-image\" alt=\"Boken om t\u00e5lamodets dygd inf\u00f6r motg\u00e5ngar\" data-caption=\"\" data-src=\"https:\/\/tamerbadr.com\/wp-content\/uploads\/2025\/03\/\u0641\u0636\u0644-\u0627\u0644\u0635\u0628\u0631-\u0639\u0644\u0649-\u0627\u0644\u0628\u0644\u0627\u0621.jpg\" data-large_image=\"https:\/\/tamerbadr.com\/wp-content\/uploads\/2025\/03\/\u0641\u0636\u0644-\u0627\u0644\u0635\u0628\u0631-\u0639\u0644\u0649-\u0627\u0644\u0628\u0644\u0627\u0621.jpg\" data-large_image_width=\"480\" data-large_image_height=\"676\" \/><\/a><\/div><div data-thumb=\"https:\/\/tamerbadr.com\/wp-content\/uploads\/2025\/03\/\u0645\u0624\u0644\u0641\u0627\u062a-\u062a\u0627\u0645\u0631-\u0628\u062f\u0631-1-6.jpg\" data-thumb-alt=\"\u0643\u062a\u0627\u0628 \u0641\u0636\u0644 \u0627\u0644\u0635\u0628\u0631 \u0639\u0644\u064a \u0627\u0644\u0628\u0644\u0627\u0621 - Bild 2\" data-thumb-srcset=\"\"  data-thumb-sizes=\"(max-width: 92px) 100vw, 92px\" class=\"woocommerce-product-gallery__image\" data-no-translation-data-thumb-alt=\"\"><a href=\"https:\/\/tamerbadr.com\/wp-content\/uploads\/2025\/03\/\u0645\u0624\u0644\u0641\u0627\u062a-\u062a\u0627\u0645\u0631-\u0628\u062f\u0631-1-6.jpg\"><img decoding=\"async\" width=\"389\" height=\"422\" src=\"https:\/\/tamerbadr.com\/wp-content\/uploads\/2025\/03\/\u0645\u0624\u0644\u0641\u0627\u062a-\u062a\u0627\u0645\u0631-\u0628\u062f\u0631-1-6.jpg\" class=\"\" alt=\"\u0643\u062a\u0627\u0628 \u0641\u0636\u0644 \u0627\u0644\u0635\u0628\u0631 \u0639\u0644\u064a \u0627\u0644\u0628\u0644\u0627\u0621 - Bild 2\" data-caption=\"CREATOR: gd-jpeg v1.0 (using IJG JPEG v62), quality = 90\" data-src=\"https:\/\/tamerbadr.com\/wp-content\/uploads\/2025\/03\/\u0645\u0624\u0644\u0641\u0627\u062a-\u062a\u0627\u0645\u0631-\u0628\u062f\u0631-1-6.jpg\" data-large_image=\"https:\/\/tamerbadr.com\/wp-content\/uploads\/2025\/03\/\u0645\u0624\u0644\u0641\u0627\u062a-\u062a\u0627\u0645\u0631-\u0628\u062f\u0631-1-6.jpg\" data-large_image_width=\"389\" data-large_image_height=\"422\" data-no-translation-alt=\"\" \/><\/a><\/div>\t<\/div>\n<\/div>\n\n\t<div class=\"summary entry-summary\">\n\t\t<h1 class=\"product_title entry-title\">Boken om t\u00e5lamodets dygd inf\u00f6r motg\u00e5ngar<\/h1><p class=\"price\"><span class=\"woocommerce-Price-amount amount\"><bdi><span class=\"woocommerce-Price-currencySymbol\">EGP<\/span>40.00<\/bdi><\/span><\/p>\n\n\t\n\t<form class=\"cart\" action=\"\" method=\"post\" enctype='multipart\/form-data' data-trp-original-action=\"\">\n\t\t\n\t\t<div class=\"quantity\">\n\t\t<label class=\"screen-reader-text\" for=\"quantity_69fee74ea1ad5\" data-no-translation=\"\" data-trp-gettext=\"\">\u0643\u062a\u0627\u0628 \u0641\u0636\u0644 \u0627\u0644\u0635\u0628\u0631 \u0639\u0644\u064a \u0627\u0644\u0628\u0644\u0627\u0621 m\u00e4ngd<\/label>\n\t<input\n\t\ttype=\"number\"\n\t\t\t\tid=\"quantity_69fee74ea1ad5\"\n\t\tclass=\"input-text qty text\"\n\t\tname=\"quantity\"\n\t\tvalue=\"1\"\n\t\taria-label=\"Produktantal\"\n\t\t\t\tmin=\"1\"\n\t\t\t\t\t\t\tstep=\"1\"\n\t\t\tplaceholder=\"\"\n\t\t\tinputmode=\"numeric\"\n\t\t\tautocomplete=\"off\" data-no-translation-aria-label=\"\"\n\t\t\t\/>\n\t<\/div>\n\n\t\t<button type=\"submit\" name=\"add-to-cart\" value=\"19573\" class=\"single_add_to_cart_button button alt\" data-no-translation=\"\" data-trp-gettext=\"\">L\u00e4gg till i varukorg<\/button>\n\n\t\t\n        <script>\n            document.addEventListener('DOMContentLoaded', function(){\n                document.addEventListener('click', function(event){\n                    if(!event.target.matches('.single_add_to_cart_button')){\n                        return;\n                    }\n\n                    const quantity = document.querySelector('input.qty').value || '1';\n                    const formProductVariation = document.querySelector('form[data-product_variations]')\n                    const variationItem = document.querySelector('.variation_id')\n\n                    let price = 40\n                    if(formProductVariation && variationItem){\n                        try{\n                            const variations = JSON.parse(formProductVariation.dataset.product_variations)\n                            const variationId = variationItem.value\n                            for(const variation of variations){\n                                if(variation.variation_id == Number(variationId)){\n                                    price = variation.display_price\n                                }\n                            }\n                        }\n                        catch{\n                        }\n                    }\n\n                    gtag('event', 'add_to_cart', {\n                        'items': [ {\n                            'item_id':'19573',\n                            'item_name': '\u0643\u062a\u0627\u0628 \u0641\u0636\u0644 \u0627\u0644\u0635\u0628\u0631 \u0639\u0644\u064a \u0627\u0644\u0628\u0644\u0627\u0621',\n                            'list_name': '\u0643\u062a\u0627\u0628 \u0641\u0636\u0644 \u0627\u0644\u0635\u0628\u0631 \u0639\u0644\u064a \u0627\u0644\u0628\u0644\u0627\u0621',\n                            'quantity': quantity,\n                            'price': price,\n                            \"item_category\":\"\u062f\u064a\u0646 \u0625\u0633\u0644\u0627\u0645\u064a\"\n                        }]\n                    });\n                })\n            });\n        <\/script>\n        \t<input type=\"hidden\" name=\"trp-form-language\" value=\"sv\"\/><\/form>\n\n\t\n<div class=\"product_meta\">\n\n\t\n\t\n\t<span class=\"posted_in\">Kategori: <a href=\"https:\/\/tamerbadr.com\/sv\/produkt-kategori\/%d8%af%d9%8a%d9%86-%d8%a5%d8%b3%d9%84%d8%a7%d9%85%d9%8a\" rel=\"tag\">islamisk religion<\/a><\/span>\n\t\n\t\n<\/div>\n\t<\/div>\n\n\t\n\t<div class=\"woocommerce-tabs wc-tabs-wrapper\">\n\t\t<ul class=\"tabs wc-tabs\" role=\"tablist\">\n\t\t\t\t\t\t\t<li role=\"presentation\" class=\"description_tab\" id=\"tab-title-description\">\n\t\t\t\t\t<a href=\"#tab-description\" role=\"tab\" aria-controls=\"tab-description\">\n\t\t\t\t\t\tBeskrivning\t\t\t\t\t<\/a>\n\t\t\t\t<\/li>\n\t\t\t\t\t\t\t<li role=\"presentation\" class=\"reviews_tab\" id=\"tab-title-reviews\">\n\t\t\t\t\t<a href=\"#tab-reviews\" role=\"tab\" aria-controls=\"tab-reviews\">\n\t\t\t\t\t\tRecensioner (0)\t\t\t\t\t<\/a>\n\t\t\t\t<\/li>\n\t\t\t\t\t<\/ul>\n\t\t\t\t\t<div class=\"woocommerce-Tabs-panel woocommerce-Tabs-panel--description panel entry-content wc-tab\" id=\"tab-description\" role=\"tabpanel\" aria-labelledby=\"tab-title-description\">\n\t\t\t\t\n\t<h2 data-no-translation=\"\" data-trp-gettext=\"\">Beskrivning<\/h2>\n\n<h1 style=\"text-align: center;\"><strong>Introduktion av Sheikh Muhammad Hassan till boken T\u00e5lamodets dygd inf\u00f6r motg\u00e5ngar<\/strong><\/h1>\n<h1 style=\"text-align: center;\">Gud vare lovad, och m\u00e5 Guds b\u00f6ner och frid vara \u00f6ver Guds budb\u00e4rare, m\u00e5 Gud v\u00e4lsigna honom och ge honom frid.<\/h1>\n<h1 style=\"text-align: center;\">Allah, den Allsm\u00e4ktige, gjorde t\u00e5lamodet till en osviklig h\u00e4st, en o\u00f6vervinnerlig arm\u00e9 och en of\u00f6rst\u00f6rbar f\u00e4stning. Han, den Allsm\u00e4ktige, sade att de t\u00e5lmodiga \u00e4r i Allahs s\u00e4llskap och Han \u00e4lskar dem. Vilken \u00e4ra!!<\/h1>\n<h1 style=\"text-align: center;\">Gud den Allsm\u00e4ktige sade: \u201dSannerligen, Gud \u00e4r med den t\u00e5lmodige.\u201d (Al-Baqarah: 153)<\/h1>\n<h1 style=\"text-align: center;\">Gud den Allsm\u00e4ktige sade: \u201dOch Gud \u00e4lskar de t\u00e5lmodiga.\u201d (Al Imran: 146)<\/h1>\n<h1 style=\"text-align: center;\">Och Han gjorde religionens ledarskap beroende av t\u00e5lamod och s\u00e4kerhet, s\u00e5 Han, den Allsm\u00e4ktige, sade: &quot;Och Vi gjorde bland dem ledare som v\u00e4gledde enligt V\u00e5r befallning n\u00e4r de var t\u00e5lmodiga och s\u00e4kra p\u00e5 V\u00e5ra tecken.&quot; [As-Sajdah: 24]<\/h1>\n<h1 style=\"text-align: center;\">Och Han har samlat in dessa glada budskap f\u00f6r de t\u00e5lmodiga som Han inte har samlat in f\u00f6r andra, s\u00e5 Han, den H\u00f6gste, sade: &quot;Och Vi skall sannerligen pr\u00f6va er med fruktan och hunger och f\u00f6rlust av rikedom och liv och frukt, men ge goda budskap till de t\u00e5lmodiga (155) som, n\u00e4r olycka drabbar dem, s\u00e4ger: &quot;Vi tillh\u00f6r Gud, och till Honom skall vi \u00e5terv\u00e4nda.&quot; (156) De skall f\u00e5 v\u00e4lsignelser fr\u00e5n sin Herre och barmh\u00e4rtighet. Och det \u00e4r de som \u00e4r de [r\u00e4tt] v\u00e4gledda.&quot; (157) [Al-Baqarah]<\/h1>\n<h1 style=\"text-align: center;\">Sedan f\u00f6rklarade den Allsm\u00e4ktige de t\u00e5lmodigas \u00e4ra i Paradiset genom att \u00e4nglarna tr\u00e4dde in f\u00f6r att h\u00e4lsa dem och h\u00e4lsa dem, s\u00e5som Han, den Allsm\u00e4ktige, sade: \u201dOch \u00e4nglarna skall tr\u00e4da in mot dem fr\u00e5n alla portar [och s\u00e4ga]: \u2019Frid vare med er f\u00f6r vad ni t\u00e5lmodigt utstod. Och utm\u00e4rkt \u00e4r det slutliga hemmet!\u2019\u201d (Al-Ra\u2019d).<\/h1>\n<h1 style=\"text-align: center;\">Han sammanfattade deras f\u00f6rtj\u00e4nster och deras obegr\u00e4nsade bel\u00f6ning och sade: &quot;Endast den t\u00e5lmodige kommer att f\u00e5 sin bel\u00f6ning i sin helhet, utan r\u00e4kning.&quot; (Az-Zumar: 10)<\/h1>\n<h1 style=\"text-align: center;\">Ja, t\u00e5lamod \u00e4r som namnet antyder, dess smak \u00e4r bitter, men dess konsekvenser \u00e4r s\u00f6tare \u00e4n honung.<\/h1>\n<h1 style=\"text-align: center;\">Vad \u00e4r t\u00e5lamod?<\/h1>\n<h1 style=\"text-align: center;\">T\u00e5lamod i spr\u00e5ket: \u00e4r f\u00f6rebyggande och inst\u00e4ngdhet.<\/h1>\n<h1 style=\"text-align: center;\">T\u00e5lamod, enligt islamisk lag, inneb\u00e4r att man avh\u00e5ller sig fr\u00e5n att oroa sig, avh\u00e5ller tungan fr\u00e5n att klaga och avh\u00e5ller lemmarna fr\u00e5n att beg\u00e5 synder.<\/h1>\n<h1 style=\"text-align: center;\">* Den \u00e4r indelad i tre avsnitt:<\/h1>\n<h1 style=\"text-align: center;\">T\u00e5lamod med befallningen. Det vill s\u00e4ga t\u00e5lamod med lydnad.<\/h1>\n<h1 style=\"text-align: center;\">- Och t\u00e5lamod i att undvika det som \u00e4r f\u00f6rbjudet. Det vill s\u00e4ga t\u00e5lamod i att undvika synd.<\/h1>\n<h1 style=\"text-align: center;\">- Och t\u00e5lamod inf\u00f6r \u00f6det. Det vill s\u00e4ga t\u00e5lamod inf\u00f6r de olyckor och pr\u00f6vningar som Gud den Allsm\u00e4ktige har best\u00e4mt f\u00f6r tj\u00e4naren.<\/h1>\n<h1 style=\"text-align: center;\">Vackert t\u00e5lamod \u00e4r det som dess \u00e4gare s\u00f6ker Allahs, den H\u00f6gstes, den St\u00f6rstes, v\u00e4lbehag, inte av r\u00e4dsla f\u00f6r m\u00e4nniskor s\u00e5 att de inte kan s\u00e4ga att han \u00e4r ot\u00e5lig, inte heller av prydnad f\u00f6r m\u00e4nniskors skull s\u00e5 att de inte kan s\u00e4ga att han \u00e4r t\u00e5lmodig. Snarare \u00e4r han t\u00e5lmodig, tror p\u00e5 Allahs beslut, b\u00e5de gott och ont, h\u00f6jer sig \u00f6ver sm\u00e4rta och h\u00f6jer sig \u00f6ver klagom\u00e5l.<\/h1>\n<h1 style=\"text-align: center;\">Utredningen visar att det finns tv\u00e5 typer av klagom\u00e5l:<\/h1>\n<h1 style=\"text-align: center;\">Ett klagom\u00e5l till Gud, och ett klagom\u00e5l fr\u00e5n Gud!!<\/h1>\n<h1 style=\"text-align: center;\">N\u00e4r det g\u00e4ller att klaga till Gud, s\u00e5 mots\u00e4ger det inte t\u00e5lamod, som Gud sade i en ber\u00e4ttelse fr\u00e5n Jakob, frid vare med honom: \u201dT\u00e5lamod \u00e4r d\u00e4rf\u00f6r det mest passande, och Gud \u00e4r den som s\u00f6ks f\u00f6r hj\u00e4lp mot det du beskriver.\u201d (Yusuf: 18)<\/h1>\n<h1 style=\"text-align: center;\">Han framf\u00f6rde emellertid sitt klagom\u00e5l till Gud och sade: \u201dJag klagar endast till Gud \u00f6ver mitt lidande och min sorg\u201d (Yusuf: 86).<\/h1>\n<h1 style=\"text-align: center;\">Gud den Allsm\u00e4ktige prisade Job, frid vare med honom, men han framf\u00f6rde sin klagan till Gud och sade: \u201dOch Job, n\u00e4r han ropade till sin Herre, \u2019Sannerligen, motg\u00e5ngen har gripit mig, och Du \u00e4r den Barmh\u00e4rtigaste av de barmh\u00e4rtiga.\u2019\u201d (Al-Anbiya: 83)<\/h1>\n<h1 style=\"text-align: center;\">Den vise troende b\u00f6r veta att denna v\u00e4rld \u00e4r en plats f\u00f6r pr\u00f6vningar och prov, och dess gl\u00e4dje \u00e4r dr\u00f6mmar och en flyktig skugga. Om den f\u00e5r dig att skratta lite, f\u00e5r den dig att gr\u00e5ta mycket. Om den g\u00f6r dig glad f\u00f6r en dag, g\u00f6r den dig ledsen f\u00f6r livet. Om den ger dig lite njutning, ber\u00f6var den dig f\u00f6r l\u00e5ng tid. Och f\u00f6r varje gl\u00e4dje finns det en sorg!!<\/h1>\n<h1 style=\"text-align: center;\">Den vise personen \u00e4r den som ser med sin insikts \u00f6ga och sin tros ljus och vet med s\u00e4kerhet att det som drabbade honom inte kunde ha missat honom och att det som missade honom inte kunde ha drabbat honom. S\u00e5 han tittar i Guds Allsm\u00e4ktiges Bok och Hans S\u00e4ndebuds Sunna, m\u00e5 Gud v\u00e4lsigna honom och ge honom frid, f\u00f6r att f\u00f6rst\u00e5 t\u00e5lmodighetens bel\u00f6ning.<\/h1>\n<h1 style=\"text-align: center;\">L\u00e5t honom sedan sl\u00e4cka olyckornas och pr\u00f6vningarnas eld med den svalkande f\u00f6rm\u00e5gan att f\u00f6lja exemplet fr\u00e5n de som har drabbats, s\u00e4rskilt S\u00e4ndebuden och Profeterna.<\/h1>\n<h1 style=\"text-align: center;\">Om han d\u00e5 tittade och s\u00f6kte bland jordens folk, skulle han inte se bland dem n\u00e5gon annan \u00e4n n\u00e5gon som lidit av f\u00f6rlusten av en \u00e4lskad person eller intr\u00e4ffat n\u00e5got obehagligt!!<\/h1>\n<h1 style=\"text-align: center;\">Hur mycket vi beh\u00f6ver en st\u00e4ndig p\u00e5minnelse i en tid d\u00e5 pr\u00f6vningarna och vederm\u00f6dorna \u00e4r m\u00e5nga och sv\u00e5ra.<\/h1>\n<h1 style=\"text-align: center;\">Tack vare t\u00e5lamod inf\u00f6r motg\u00e5ngar, f\u00f6rst\u00e5else f\u00f6r visdomen bakom motg\u00e5ngar, l\u00e4rande om olika typer av motg\u00e5ngar, att f\u00f6lja budb\u00e4rarnas och profeternas exempel och andra viktiga fr\u00e5gor relaterade till detta \u00e4dla \u00e4mne.<\/h1>\n<h1 style=\"text-align: center;\">Jag har i mina h\u00e4nder ett fint budskap om detta fr\u00e5n v\u00e5r k\u00e4re broder Tamer Badr. M\u00e5 Gud bel\u00f6na honom med gott och g\u00f6ra oss och honom till de t\u00e5lmodiga och m\u00e5 Han gl\u00e4dja v\u00e5ra \u00f6gon alla med denna religions seger. M\u00e5 Guds b\u00f6ner och frid vara \u00f6ver profeternas ledare och \u00f6ver hela hans familj och f\u00f6ljeslagare.<\/h1>\n<h1 style=\"text-align: center;\">Skrivet av<\/h1>\n\t\t\t<\/div>\n\t\t\t\t\t<div class=\"woocommerce-Tabs-panel woocommerce-Tabs-panel--reviews panel entry-content wc-tab\" id=\"tab-reviews\" role=\"tabpanel\" aria-labelledby=\"tab-title-reviews\">\n\t\t\t\t<div id=\"reviews\" class=\"woocommerce-Reviews\">\n\t<div id=\"comments\">\n\t\t<h2 class=\"woocommerce-Reviews-title\">\n\t\t\tRecensioner\t\t<\/h2>\n\n\t\t\t\t\t<p class=\"woocommerce-noreviews\" data-no-translation=\"\" data-trp-gettext=\"\">Det finns inga recensioner \u00e4n.<\/p>\n\t\t\t<\/div>\n\n\t\t\t<div id=\"review_form_wrapper\">\n\t\t\t<div id=\"review_form\">\n\t\t\t\t\t<div id=\"respond\" class=\"comment-respond\">\n\t\t<span id=\"reply-title\" class=\"comment-reply-title\" role=\"heading\" aria-level=\"3\">Bli f\u00f6rst med att recensera \u201d\u0643\u062a\u0627\u0628 \u0641\u0636\u0644 \u0627\u0644\u0635\u0628\u0631 \u0639\u0644\u064a \u0627\u0644\u0628\u0644\u0627\u0621\u201d <small><a rel=\"nofollow\" id=\"cancel-comment-reply-link\" href=\"\/sv\/wp-json\/wp\/v2\/pages\/20137#respond\" style=\"display:none;\">Varje dag \u00e4r en v\u00e4lsignelse<\/a><\/small><\/span><p class=\"must-log-in\" data-no-translation=\"\" data-trp-gettext=\"\">Du m\u00e5ste vara <a href=\"https:\/\/tamerbadr.com\/sv\/\">inloggad<\/a> f\u00f6r att skriva en recension.<\/p>\t<\/div><!-- #respond -->\n\t\t\t\t<\/div>\n\t\t<\/div>\n\t\n\t<div class=\"clear\"><\/div>\n<\/div>\n\t\t\t<\/div>\n\t\t\n\t\t\t<\/div>\n\n<\/div>\n\n\t\t\t<\/div>\n\t\t\t<\/div>\t\t\t\t<\/div>\n\t\t\t\t<\/div>\n\t\t\t\t<\/div>\n\t\t\t\t\t<\/div>\n\t\t\t\t<\/div>\n\t\t\t\t<\/div>","protected":false},"excerpt":{"rendered":"","protected":false},"author":1,"featured_media":0,"parent":0,"menu_order":0,"comment_status":"closed","ping_status":"closed","template":"elementor_header_footer","meta":{"_seopress_robots_primary_cat":"","_seopress_titles_title":"","_seopress_titles_desc":"","_seopress_robots_index":"","inline_featured_image":false,"_uf_show_specific_survey":0,"_uf_disable_surveys":false,"footnotes":""},"class_list":["post-20137","page","type-page","status-publish"],"_links":{"self":[{"href":"https:\/\/tamerbadr.com\/sv\/wp-json\/wp\/v2\/pages\/20137","targetHints":{"allow":["GET"]}}],"collection":[{"href":"https:\/\/tamerbadr.com\/sv\/wp-json\/wp\/v2\/pages"}],"about":[{"href":"https:\/\/tamerbadr.com\/sv\/wp-json\/wp\/v2\/types\/page"}],"author":[{"embeddable":true,"href":"https:\/\/tamerbadr.com\/sv\/wp-json\/wp\/v2\/users\/1"}],"replies":[{"embeddable":true,"href":"https:\/\/tamerbadr.com\/sv\/wp-json\/wp\/v2\/comments?post=20137"}],"version-history":[{"count":0,"href":"https:\/\/tamerbadr.com\/sv\/wp-json\/wp\/v2\/pages\/20137\/revisions"}],"wp:attachment":[{"href":"https:\/\/tamerbadr.com\/sv\/wp-json\/wp\/v2\/media?parent=20137"}],"curies":[{"name":"wp","href":"https:\/\/api.w.org\/{rel}","templated":true}]}}