{"id":20119,"date":"2025-03-19T15:32:12","date_gmt":"2025-03-19T15:32:12","guid":{"rendered":"https:\/\/white-ant-267257.hostingersite.com\/?page_id=20119"},"modified":"2025-04-06T08:15:00","modified_gmt":"2025-04-06T08:15:00","slug":"unforgettable-countries-book","status":"publish","type":"page","link":"https:\/\/tamerbadr.com\/sv\/unforgettable-countries-book","title":{"rendered":"Boken Of\u00f6rgl\u00f6mliga l\u00e4nder"},"content":{"rendered":"<div data-elementor-type=\"wp-page\" data-elementor-id=\"20119\" class=\"elementor elementor-20119\" data-elementor-post-type=\"page\">\n\t\t\t\t<div class=\"elementor-element elementor-element-c8c7aab e-flex e-con-boxed e-con e-parent\" data-id=\"c8c7aab\" data-element_type=\"container\">\n\t\t\t\t\t<div class=\"e-con-inner\">\n\t\t<div class=\"elementor-element elementor-element-6483b1a e-con-full e-flex e-con e-child\" data-id=\"6483b1a\" data-element_type=\"container\">\n\t\t\t\t<div class=\"elementor-element elementor-element-6058eb2 elementor-widget elementor-widget-wc-elements\" data-id=\"6058eb2\" data-element_type=\"widget\" data-widget_type=\"wc-elements.default\">\n\t\t\t\t<div class=\"elementor-widget-container\">\n\t\t\t\t\t<div class=\"woocommerce\">\t\t\t<div class=\"single-product\" data-product-page-preselected-id=\"0\">\n\t\t\t\t<div class=\"woocommerce-notices-wrapper\"><\/div><div id=\"product-19582\" class=\"product type-product post-19582 status-publish first instock product_cat-190 has-post-thumbnail downloadable shipping-taxable purchasable product-type-simple\">\n\n\t<div class=\"woocommerce-product-gallery woocommerce-product-gallery--with-images woocommerce-product-gallery--columns-4 images\" data-columns=\"4\" style=\"opacity: 0; transition: opacity .25s ease-in-out;\">\n\t<div class=\"woocommerce-product-gallery__wrapper\">\n\t\t<div data-thumb=\"https:\/\/tamerbadr.com\/wp-content\/uploads\/2025\/03\/\u062f\u0648\u0644-\u0644\u0627-\u062a\u0646\u0633\u0649-scaled-scaled.jpg\" data-thumb-alt=\"\u0643\u062a\u0627\u0628 \u062f\u0648\u0644 \u0644\u0627 \u062a\u0646\u0633\u0649\" data-thumb-srcset=\"\"  data-thumb-sizes=\"(max-width: 100px) 100vw, 100px\" class=\"woocommerce-product-gallery__image\"><a href=\"https:\/\/tamerbadr.com\/wp-content\/uploads\/2025\/03\/\u062f\u0648\u0644-\u0644\u0627-\u062a\u0646\u0633\u0649-scaled-scaled.jpg\"><img fetchpriority=\"high\" decoding=\"async\" width=\"2049\" height=\"1434\" src=\"https:\/\/tamerbadr.com\/wp-content\/uploads\/2025\/03\/\u062f\u0648\u0644-\u0644\u0627-\u062a\u0646\u0633\u0649-scaled-scaled.jpg\" class=\"wp-post-image\" alt=\"Boken Of\u00f6rgl\u00f6mliga l\u00e4nder\" data-caption=\"\" data-src=\"https:\/\/tamerbadr.com\/wp-content\/uploads\/2025\/03\/\u062f\u0648\u0644-\u0644\u0627-\u062a\u0646\u0633\u0649-scaled-scaled.jpg\" data-large_image=\"https:\/\/tamerbadr.com\/wp-content\/uploads\/2025\/03\/\u062f\u0648\u0644-\u0644\u0627-\u062a\u0646\u0633\u0649-scaled-scaled.jpg\" data-large_image_width=\"2049\" data-large_image_height=\"1434\" \/><\/a><\/div><div data-thumb=\"https:\/\/tamerbadr.com\/wp-content\/uploads\/2025\/03\/\u062f\u0648\u0644-\u0644\u0627-\u062a\u0646\u0633\u0649.jpeg\" data-thumb-alt=\"\u0643\u062a\u0627\u0628 \u062f\u0648\u0644 \u0644\u0627 \u062a\u0646\u0633\u0649 - Bild 2\" data-thumb-srcset=\"\"  data-thumb-sizes=\"(max-width: 70px) 100vw, 70px\" class=\"woocommerce-product-gallery__image\" data-no-translation-data-thumb-alt=\"\"><a href=\"https:\/\/tamerbadr.com\/wp-content\/uploads\/2025\/03\/\u062f\u0648\u0644-\u0644\u0627-\u062a\u0646\u0633\u0649.jpeg\"><img decoding=\"async\" width=\"559\" height=\"799\" src=\"https:\/\/tamerbadr.com\/wp-content\/uploads\/2025\/03\/\u062f\u0648\u0644-\u0644\u0627-\u062a\u0646\u0633\u0649.jpeg\" class=\"\" alt=\"\u0643\u062a\u0627\u0628 \u062f\u0648\u0644 \u0644\u0627 \u062a\u0646\u0633\u0649 - Bild 2\" data-caption=\"\" data-src=\"https:\/\/tamerbadr.com\/wp-content\/uploads\/2025\/03\/\u062f\u0648\u0644-\u0644\u0627-\u062a\u0646\u0633\u0649.jpeg\" data-large_image=\"https:\/\/tamerbadr.com\/wp-content\/uploads\/2025\/03\/\u062f\u0648\u0644-\u0644\u0627-\u062a\u0646\u0633\u0649.jpeg\" data-large_image_width=\"559\" data-large_image_height=\"799\" data-no-translation-alt=\"\" \/><\/a><\/div><div data-thumb=\"https:\/\/tamerbadr.com\/wp-content\/uploads\/2025\/03\/\u0645\u0624\u0644\u0641\u0627\u062a-\u062a\u0627\u0645\u0631-\u0628\u062f\u0631-1-5.jpg\" data-thumb-alt=\"\u0643\u062a\u0627\u0628 \u062f\u0648\u0644 \u0644\u0627 \u062a\u0646\u0633\u0649 - Bild 3\" data-thumb-srcset=\"\"  data-thumb-sizes=\"(max-width: 92px) 100vw, 92px\" class=\"woocommerce-product-gallery__image\" data-no-translation-data-thumb-alt=\"\"><a href=\"https:\/\/tamerbadr.com\/wp-content\/uploads\/2025\/03\/\u0645\u0624\u0644\u0641\u0627\u062a-\u062a\u0627\u0645\u0631-\u0628\u062f\u0631-1-5.jpg\"><img decoding=\"async\" width=\"389\" height=\"422\" src=\"https:\/\/tamerbadr.com\/wp-content\/uploads\/2025\/03\/\u0645\u0624\u0644\u0641\u0627\u062a-\u062a\u0627\u0645\u0631-\u0628\u062f\u0631-1-5.jpg\" class=\"\" alt=\"\u0643\u062a\u0627\u0628 \u062f\u0648\u0644 \u0644\u0627 \u062a\u0646\u0633\u0649 - Bild 3\" data-caption=\"CREATOR: gd-jpeg v1.0 (using IJG JPEG v62), quality = 90\" data-src=\"https:\/\/tamerbadr.com\/wp-content\/uploads\/2025\/03\/\u0645\u0624\u0644\u0641\u0627\u062a-\u062a\u0627\u0645\u0631-\u0628\u062f\u0631-1-5.jpg\" data-large_image=\"https:\/\/tamerbadr.com\/wp-content\/uploads\/2025\/03\/\u0645\u0624\u0644\u0641\u0627\u062a-\u062a\u0627\u0645\u0631-\u0628\u062f\u0631-1-5.jpg\" data-large_image_width=\"389\" data-large_image_height=\"422\" data-no-translation-alt=\"\" \/><\/a><\/div>\t<\/div>\n<\/div>\n\n\t<div class=\"summary entry-summary\">\n\t\t<h1 class=\"product_title entry-title\">Boken Of\u00f6rgl\u00f6mliga l\u00e4nder<\/h1><p class=\"price\"><span class=\"woocommerce-Price-amount amount\"><bdi><span class=\"woocommerce-Price-currencySymbol\">EGP<\/span>60.00<\/bdi><\/span><\/p>\n\n\t\n\t<form class=\"cart\" action=\"\" method=\"post\" enctype='multipart\/form-data' data-trp-original-action=\"\">\n\t\t\n\t\t<div class=\"quantity\">\n\t\t<label class=\"screen-reader-text\" for=\"quantity_69fee713eac09\" data-no-translation=\"\" data-trp-gettext=\"\">\u0643\u062a\u0627\u0628 \u062f\u0648\u0644 \u0644\u0627 \u062a\u0646\u0633\u0649 m\u00e4ngd<\/label>\n\t<input\n\t\ttype=\"number\"\n\t\t\t\tid=\"quantity_69fee713eac09\"\n\t\tclass=\"input-text qty text\"\n\t\tname=\"quantity\"\n\t\tvalue=\"1\"\n\t\taria-label=\"Produktantal\"\n\t\t\t\tmin=\"1\"\n\t\t\t\t\t\t\tstep=\"1\"\n\t\t\tplaceholder=\"\"\n\t\t\tinputmode=\"numeric\"\n\t\t\tautocomplete=\"off\" data-no-translation-aria-label=\"\"\n\t\t\t\/>\n\t<\/div>\n\n\t\t<button type=\"submit\" name=\"add-to-cart\" value=\"19582\" class=\"single_add_to_cart_button button alt\" data-no-translation=\"\" data-trp-gettext=\"\">L\u00e4gg till i varukorg<\/button>\n\n\t\t\n        <script>\n            document.addEventListener('DOMContentLoaded', function(){\n                document.addEventListener('click', function(event){\n                    if(!event.target.matches('.single_add_to_cart_button')){\n                        return;\n                    }\n\n                    const quantity = document.querySelector('input.qty').value || '1';\n                    const formProductVariation = document.querySelector('form[data-product_variations]')\n                    const variationItem = document.querySelector('.variation_id')\n\n                    let price = 60\n                    if(formProductVariation && variationItem){\n                        try{\n                            const variations = JSON.parse(formProductVariation.dataset.product_variations)\n                            const variationId = variationItem.value\n                            for(const variation of variations){\n                                if(variation.variation_id == Number(variationId)){\n                                    price = variation.display_price\n                                }\n                            }\n                        }\n                        catch{\n                        }\n                    }\n\n                    gtag('event', 'add_to_cart', {\n                        'items': [ {\n                            'item_id':'19582',\n                            'item_name': '\u0643\u062a\u0627\u0628 \u062f\u0648\u0644 \u0644\u0627 \u062a\u0646\u0633\u0649',\n                            'list_name': '\u0643\u062a\u0627\u0628 \u062f\u0648\u0644 \u0644\u0627 \u062a\u0646\u0633\u0649',\n                            'quantity': quantity,\n                            'price': price,\n                            \"item_category\":\"\u062a\u0627\u0631\u064a\u062e \u0625\u0633\u0644\u0627\u0645\u064a\"\n                        }]\n                    });\n                })\n            });\n        <\/script>\n        \t<input type=\"hidden\" name=\"trp-form-language\" value=\"sv\"\/><\/form>\n\n\t\n<div class=\"product_meta\">\n\n\t\n\t\n\t<span class=\"posted_in\">Kategori: <a href=\"https:\/\/tamerbadr.com\/sv\/produkt-kategori\/%d8%aa%d8%a7%d8%b1%d9%8a%d8%ae-%d8%a5%d8%b3%d9%84%d8%a7%d9%85%d9%8a\" rel=\"tag\">Islamisk historia<\/a><\/span>\n\t\n\t\n<\/div>\n\t<\/div>\n\n\t\n\t<div class=\"woocommerce-tabs wc-tabs-wrapper\">\n\t\t<ul class=\"tabs wc-tabs\" role=\"tablist\">\n\t\t\t\t\t\t\t<li role=\"presentation\" class=\"description_tab\" id=\"tab-title-description\">\n\t\t\t\t\t<a href=\"#tab-description\" role=\"tab\" aria-controls=\"tab-description\">\n\t\t\t\t\t\tBeskrivning\t\t\t\t\t<\/a>\n\t\t\t\t<\/li>\n\t\t\t\t\t\t\t<li role=\"presentation\" class=\"reviews_tab\" id=\"tab-title-reviews\">\n\t\t\t\t\t<a href=\"#tab-reviews\" role=\"tab\" aria-controls=\"tab-reviews\">\n\t\t\t\t\t\tRecensioner (0)\t\t\t\t\t<\/a>\n\t\t\t\t<\/li>\n\t\t\t\t\t<\/ul>\n\t\t\t\t\t<div class=\"woocommerce-Tabs-panel woocommerce-Tabs-panel--description panel entry-content wc-tab\" id=\"tab-description\" role=\"tabpanel\" aria-labelledby=\"tab-title-description\">\n\t\t\t\t\n\t<h2 data-no-translation=\"\" data-trp-gettext=\"\">Beskrivning<\/h2>\n\n<h1 style=\"text-align: center;\"><strong>Introduktion av professor Dr. Ragheb El-Sergany till boken &quot;Of\u00f6rgl\u00f6mliga l\u00e4nder&quot;<\/strong><\/h1>\n<h1 style=\"text-align: center;\">M\u00e5nga f\u00f6rvr\u00e4ngare och f\u00f6rfalskare sprider id\u00e9n att islamisk historia inte inneh\u00e5ller ett \u00e4rorikt f\u00f6rflutet, f\u00f6rutom under S\u00e4ndebudets, m\u00e5 Gud v\u00e4lsigna honom och ge honom fred, Abu Bakrs och Umars, m\u00e5 Gud vara n\u00f6jd med dem, period. Denna f\u00f6rfalskning \u00e4r bara till f\u00f6r att sprida frustration i muslimernas hj\u00e4rtan och f\u00e5 dem att k\u00e4nna att m\u00f6jligheten till deras uppror har blivit mycket avl\u00e4gsen, och att det islamiska tillv\u00e4gag\u00e5ngss\u00e4ttet \u00e4r of\u00f6rm\u00f6get att bygga en stat eller \u00e5teruppliva en nation. Allt detta strider mot sanningen och l\u00e5ngt ifr\u00e5n sanningen. D\u00e4rf\u00f6r finns det ett br\u00e5dskande behov av att f\u00f6rklara de olika stadierna i v\u00e5r nations historia, och att nationen, oavsett hur svag den blir, kommer att resa sig igen, och om dess baner faller p\u00e5 ett st\u00e4lle, kommer dess baner att hissas p\u00e5 andra platser. Och att Guds lag \u00e4r att det kommer att finnas kvar uppriktiga muslimer som uppr\u00e4tth\u00e5ller denna nations sak och bevarar dess v\u00e4rdighet. Detta \u00e4r sanningen i Guds S\u00e4ndebuds, m\u00e5 Gud v\u00e4lsigna honom och ge honom freds, hadithen: &quot;En grupp av min nation kommer alltid att segra \u00f6ver vem som helst...&quot;<\/h1>\n<h1 style=\"text-align: center;\">De kommer att attackera dem och besegra dem, och de som mots\u00e4tter sig dem kommer inte att skada dem f\u00f6rr\u00e4n Allahs befallning kommer till dem, och de kommer att f\u00f6rbli s\u00e5. (Ber\u00e4ttat av Al-Bukhari och Muslim)<\/h1>\n<h1 style=\"text-align: center;\">Guds budb\u00e4rare, m\u00e5 Gud v\u00e4lsigna honom och ge honom fred, var ett stort exempel f\u00f6r oss i att etablera en stat och bygga en nation. Genom att g\u00f6ra detta drabbade han samman med de f\u00f6rtryckande krafter som existerade vid den tiden, vilka representerades av de otrogna p\u00e5 den arabiska halv\u00f6n, ledda av de otrogna i Mecka, och judarna med deras olika stammar, s\u00e5v\u00e4l som det gigantiska romerska riket. Trots denna fruktansv\u00e4rda sammandrabbning befallde Gud den Allsm\u00e4ktige seger och framg\u00e5ng f\u00f6r honom tills hans stat var etablerad som en ung och stolt nation.<\/h1>\n<h1 style=\"text-align: center;\">Efter Allahs budb\u00e4rare, frid och v\u00e4lsignelser vare \u00f6ver honom, byggde de r\u00e4ttv\u00e4gda kaliferna en stark och stor stat som kunde krossa Khosraus och Caesars troner, och kunde placera muslimerna i v\u00e4rldens fr\u00e4msta led, och \u00f6vertr\u00e4ffade alla politiskt, ekonomiskt, vetenskapligt, kulturellt och moraliskt. F\u00f6re och efter allt detta \u00f6vertr\u00e4ffade den dem i doktrin, s\u00e5 den kunde reformera sin v\u00e4rld med sin religion, och h\u00f6ja levnadsstandarden i sin stat med sin Herres lag, och uppn\u00e5dde den sv\u00e5ra ekvationen som kombinerar lycka i b\u00e5da v\u00e4rldarna: denna v\u00e4rld och livet efter detta.<\/h1>\n<h1 style=\"text-align: center;\">Den islamiska nationens resa slutade inte vid tiden f\u00f6r de r\u00e4ttv\u00e4gda kaliferna, utan den fortsatte snarare sin civilisationsresa med stora och \u00e4dla nationer som uppn\u00e5dde \u00e4ra och \u00e4ra och h\u00f6jde muslimernas namn h\u00f6gt \u00f6verallt. Det fanns de umayyadiska och abbasidiska kalifaten, de ayyubidiska och mamlukiska staterna, det stora osmanska kalifatet och de m\u00e5nga m\u00e4ktiga nationerna i Andalusiens historia. Det fanns andra nationer h\u00e4r och d\u00e4r som f\u00f6r\u00e4ndrade m\u00e4nsklighetens kurs med en underbar, positiv f\u00f6r\u00e4ndring som bidrar till denna gigantiska nations, den islamiska nationens, f\u00f6rtj\u00e4nst.<\/h1>\n<h1 style=\"text-align: center;\">Denna briljanta historia \u00e4r den b\u00e4sta historien i hela v\u00e4rlden, men \u00e4nd\u00e5 k\u00e4nner bara ett f\u00e5tal m\u00e4nniskor till den. Tyv\u00e4rr \u00e4r \u00e4ven muslimer sj\u00e4lva okunniga om denna \u00e4rorika historia. D\u00e4rf\u00f6r blir jag v\u00e4ldigt glad n\u00e4r jag ser en bok eller n\u00e5got litter\u00e4rt eller konstn\u00e4rligt verk som \u00e5terst\u00e4ller den sanna bilden av muslimernas \u00e4rorika historia och st\u00e4rker deras stolthet och heder i denna \u00e4dla nation.<\/h1>\n<h1 style=\"text-align: center;\">Vi har framf\u00f6r oss en av dessa v\u00e4rdefulla b\u00f6cker, vars f\u00f6rfattare, Mr. Tamer Badr, var angel\u00e4gen om att sp\u00e5ra de olika glansstadierna i v\u00e5r historia fr\u00e5n b\u00f6rjan till slut, och presenterade oss n\u00e5gra av de stora skatterna i denna historia och ber\u00e4ttade om historien om flera islamiska l\u00e4nder som har h\u00f6jt muslimernas namn h\u00f6gt i skyn.<\/h1>\n<h1 style=\"text-align: center;\">Det \u00e4r en vacker bok, elegant skriven och vackert presenterad, som inneh\u00e5ller en m\u00e4ngd korrekt information, och den tillf\u00f6r en vacker bok till v\u00e5rt islamiska bibliotek som varje muslim kommer att vara stolt \u00f6ver.<\/h1>\n<h1 style=\"text-align: center;\">O Gud, g\u00f6r denna anstr\u00e4ngning till en god g\u00e4rning f\u00f6r f\u00f6rfattaren, och g\u00f6r dessa rader till en god g\u00e4rning f\u00f6r alla som l\u00e4ser dem...<\/h1>\n<h1 style=\"text-align: center;\">Jag ber Gud att f\u00f6rh\u00e4rliga islam och muslimer<\/h1>\n<h1 style=\"text-align: center;\">Professor Dr. Ragheb Al-Sergani<\/h1>\n<h1 style=\"text-align: center;\">Kairo, maj 2012<\/h1>\n\t\t\t<\/div>\n\t\t\t\t\t<div class=\"woocommerce-Tabs-panel woocommerce-Tabs-panel--reviews panel entry-content wc-tab\" id=\"tab-reviews\" role=\"tabpanel\" aria-labelledby=\"tab-title-reviews\">\n\t\t\t\t<div id=\"reviews\" class=\"woocommerce-Reviews\">\n\t<div id=\"comments\">\n\t\t<h2 class=\"woocommerce-Reviews-title\">\n\t\t\tRecensioner\t\t<\/h2>\n\n\t\t\t\t\t<p class=\"woocommerce-noreviews\" data-no-translation=\"\" data-trp-gettext=\"\">Det finns inga recensioner \u00e4n.<\/p>\n\t\t\t<\/div>\n\n\t\t\t<div id=\"review_form_wrapper\">\n\t\t\t<div id=\"review_form\">\n\t\t\t\t\t<div id=\"respond\" class=\"comment-respond\">\n\t\t<span id=\"reply-title\" class=\"comment-reply-title\" role=\"heading\" aria-level=\"3\">Bli f\u00f6rst med att recensera \u201d\u0643\u062a\u0627\u0628 \u062f\u0648\u0644 \u0644\u0627 \u062a\u0646\u0633\u0649\u201d <small><a rel=\"nofollow\" id=\"cancel-comment-reply-link\" href=\"\/sv\/wp-json\/wp\/v2\/pages\/20119#respond\" style=\"display:none;\">Varje dag \u00e4r en v\u00e4lsignelse<\/a><\/small><\/span><p class=\"must-log-in\" data-no-translation=\"\" data-trp-gettext=\"\">Du m\u00e5ste vara <a href=\"https:\/\/tamerbadr.com\/sv\/\">inloggad<\/a> f\u00f6r att skriva en recension.<\/p>\t<\/div><!-- #respond -->\n\t\t\t\t<\/div>\n\t\t<\/div>\n\t\n\t<div class=\"clear\"><\/div>\n<\/div>\n\t\t\t<\/div>\n\t\t\n\t\t\t<\/div>\n\n<\/div>\n\n\t\t\t<\/div>\n\t\t\t<\/div>\t\t\t\t<\/div>\n\t\t\t\t<\/div>\n\t\t\t\t<\/div>\n\t\t\t\t\t<\/div>\n\t\t\t\t<\/div>\n\t\t\t\t<\/div>","protected":false},"excerpt":{"rendered":"","protected":false},"author":1,"featured_media":0,"parent":0,"menu_order":0,"comment_status":"closed","ping_status":"closed","template":"elementor_header_footer","meta":{"_seopress_robots_primary_cat":"","_seopress_titles_title":"","_seopress_titles_desc":"","_seopress_robots_index":"","inline_featured_image":false,"_uf_show_specific_survey":0,"_uf_disable_surveys":false,"footnotes":""},"class_list":["post-20119","page","type-page","status-publish"],"_links":{"self":[{"href":"https:\/\/tamerbadr.com\/sv\/wp-json\/wp\/v2\/pages\/20119","targetHints":{"allow":["GET"]}}],"collection":[{"href":"https:\/\/tamerbadr.com\/sv\/wp-json\/wp\/v2\/pages"}],"about":[{"href":"https:\/\/tamerbadr.com\/sv\/wp-json\/wp\/v2\/types\/page"}],"author":[{"embeddable":true,"href":"https:\/\/tamerbadr.com\/sv\/wp-json\/wp\/v2\/users\/1"}],"replies":[{"embeddable":true,"href":"https:\/\/tamerbadr.com\/sv\/wp-json\/wp\/v2\/comments?post=20119"}],"version-history":[{"count":0,"href":"https:\/\/tamerbadr.com\/sv\/wp-json\/wp\/v2\/pages\/20119\/revisions"}],"wp:attachment":[{"href":"https:\/\/tamerbadr.com\/sv\/wp-json\/wp\/v2\/media?parent=20119"}],"curies":[{"name":"wp","href":"https:\/\/api.w.org\/{rel}","templated":true}]}}