{"id":19584,"date":"2025-03-16T21:58:48","date_gmt":"2025-03-16T21:58:48","guid":{"rendered":"https:\/\/white-ant-267257.hostingersite.com\/?post_type=product&#038;p=19584"},"modified":"2025-07-13T07:18:47","modified_gmt":"2025-07-13T07:18:47","slug":"riyad-as-sunnah-book-from-the-authentic-six-books","status":"publish","type":"product","link":"https:\/\/tamerbadr.com\/sq\/produkt\/riyad-as-sunnah-book-from-the-authentic-six-books","title":{"rendered":"Libri Rijad es-Sunnah nga gjasht\u00eb librat autentik\u00eb"},"content":{"rendered":"<h1 style=\"text-align: center;\"><strong>Hyrje n\u00eb librin Rijad es-Sunnah nga Sahih el-Kutub el-Sittah<\/strong><\/h1>\n<h1 style=\"text-align: center;\">Biografia e Profetit, paqja dhe bekimet qofshin mbi t\u00eb, \u00ebsht\u00eb biografia m\u00eb e mir\u00eb ndonj\u00ebher\u00eb, dhe fjala e tij, paqja dhe bekimet qofshin mbi t\u00eb, \u00ebsht\u00eb fjala m\u00eb e mir\u00eb, dhe udh\u00ebzimi i tij \u00ebsht\u00eb udh\u00ebzimi m\u00eb i mir\u00eb, dhe fjala e tij \u00ebsht\u00eb fjala m\u00eb e v\u00ebrtet\u00eb, lutjet dhe paqja e Zotit qofshin mbi t\u00eb. Prandaj, Zoti i Plotfuqish\u00ebm urdh\u00ebroi kombin e tij t\u00eb ndjek\u00eb ligjin e tij dhe ua ndaloi atyre mosbindjen ndaj tij, k\u00ebshtu q\u00eb Ai, M\u00eb i Larti, tha: {O ju q\u00eb keni besuar, bindjuni Zotit dhe bindjuni t\u00eb D\u00ebrguarit dhe mos i zhvler\u00ebsoni veprat tuaja (33)} [Sure Muhamed].<\/h1>\n<h1 style=\"text-align: center;\">Dhe i Lart\u00ebsuari tha: {O ju q\u00eb besuat, bindjuni Allahut dhe bindjuni t\u00eb D\u00ebrguarit dhe atyre q\u00eb jan\u00eb n\u00eb krye midis jush. E n\u00ebse nuk pajtoheni p\u00ebr ndonj\u00eb gj\u00eb, drejtohuni Allahut dhe t\u00eb D\u00ebrguarit, n\u00ebse besoni n\u00eb Allahun dhe n\u00eb Dit\u00ebn e Fundit. Ky \u00ebsht\u00eb p\u00ebrfundimi m\u00eb i mir\u00eb dhe m\u00eb i drejt\u00eb.} (59) [Sure En-Nisa].<\/h1>\n<h1 style=\"text-align: center;\">Dhe i Lart\u00ebsuari tha: {Dhe kushdo q\u00eb i bindet Zotit dhe t\u00eb D\u00ebrguarit, t\u00eb till\u00ebt do t\u00eb jen\u00eb me ata q\u00eb Zoti u ka dhuruar mir\u00ebsi: profet\u00ebt, mb\u00ebshtet\u00ebsit e pal\u00ebkundur t\u00eb s\u00eb v\u00ebrtet\u00ebs, d\u00ebshmor\u00ebt dhe t\u00eb mir\u00ebt. Dhe shok\u00eb t\u00eb shk\u00eblqyer jan\u00eb ata. (69)} [Sure En-Nisa].<\/h1>\n<h1 style=\"text-align: center;\">\u00c7far\u00eb tha Profeti, paqja dhe bekimet qofshin mbi t\u00eb: \u201cS\u00eb shpejti do t\u00eb vij\u00eb nj\u00eb burr\u00eb, i mb\u00ebshtetur n\u00eb divanin e tij, duke rr\u00ebfyer nj\u00eb nga hadithet e mia. Ai do t\u00eb thot\u00eb: \u2018Midis nesh dhe jush \u00ebsht\u00eb Libri i Allahut, t\u00eb Plotfuqishmit dhe t\u00eb Madh\u00ebrish\u00ebm. \u00c7far\u00ebdo q\u00eb gjejm\u00eb n\u00eb t\u00eb si t\u00eb lejuar, e konsiderojm\u00eb t\u00eb lejuar, dhe \u00e7far\u00ebdo q\u00eb gjejm\u00eb n\u00eb t\u00eb si t\u00eb ndaluar, e konsiderojm\u00eb t\u00eb ndaluar. V\u00ebrtet, ajo q\u00eb i D\u00ebrguari i Allahut, paqja dhe bekimet qofshin mbi t\u00eb, ka ndaluar \u00ebsht\u00eb e ngjashme me at\u00eb q\u00eb e ka ndaluar Allahu.\u2019\u201d<\/h1>\n<h1 style=\"text-align: center;\">[Sahih]. Transmetuar nga (H). [Sahih al-Jami\u2019: 8186].<\/h1>\n<h1 style=\"text-align: center;\">Prandaj, Hadithi Fisnik Profetik \u00ebsht\u00eb burimi i dyt\u00eb i legjislacionit islam pas Kuranit t\u00eb Shenjt\u00eb. Kurani i Shenjt\u00eb urdh\u00ebroi namazin, zekatin, agj\u00ebrimin dhe haxhin pa detaje apo shpjegime, por Hadithi Profetik erdhi p\u00ebr ta shpjeguar dhe sqaruar k\u00ebt\u00eb n\u00eb detaje.<\/h1>\n<h1 style=\"text-align: center;\">Hadithet fisnike profetike jan\u00eb t\u00eb d\u00ebmtuara nga shum\u00eb hadithe t\u00eb dob\u00ebta dhe t\u00eb sajuara q\u00eb nuk mund t\u00eb v\u00ebrtetohen. Megjithat\u00eb, ekziston nj\u00eb num\u00ebr i madh, i mjaftuesh\u00ebm dhe i provuar hadithesh autentike dhe t\u00eb mira nga i D\u00ebrguari i Zotit, Zoti e bekoft\u00eb dhe i dh\u00ebnt\u00eb paqe, dhe nga Sahab\u00ebt, Zoti qoft\u00eb i k\u00ebnaqur me ta. Hadithi i mir\u00eb \u00ebsht\u00eb i nj\u00eb rangu m\u00eb t\u00eb ul\u00ebt se hadithi autentik, por mund t\u00eb p\u00ebrdoret si prov\u00eb dhe t\u00eb veprohet mbi t\u00eb.<\/h1>\n<h1 style=\"text-align: center;\">Prandaj, n\u00eb k\u00ebt\u00eb lib\u00ebr kam mbledhur hadithet autentike dhe t\u00eb mira nga th\u00ebniet m\u00eb autentike dhe t\u00eb famshme t\u00eb dijetar\u00ebve t\u00eb hadithit, dhe p\u00ebr k\u00ebt\u00eb kam p\u00ebrdorur burimet e m\u00ebposhtme: (Sahih el-Buhari, Sahih el-Buhari, Sunen Ebu Dawud, Sunen el-Tirmidhi, Sunen el-Nesa\u2019i, Sunen Ibn Maxheh).<\/h1>\n<h1 style=\"text-align: center;\">Nga gjasht\u00eb librat kam p\u00ebrzgjedhur hadithet autentike dhe t\u00eb mira, bazuar n\u00eb ato q\u00eb jan\u00eb v\u00ebrtetuar nga dijetari i madh Shejh Muhamed Nasir al-Din al-Albani (Allahu e m\u00ebshiroft\u00eb), nj\u00eb nga dijetar\u00ebt m\u00eb t\u00eb shquar mysliman\u00eb t\u00eb epok\u00ebs moderne. Shejh Albani konsiderohet si nj\u00eb nga dijetar\u00ebt m\u00eb t\u00eb shquar t\u00eb hadithit, i cili \u00ebsht\u00eb unik n\u00eb shkenc\u00ebn e v\u00ebrtetimit dhe dob\u00ebsimit. Shejh Albani \u00ebsht\u00eb nj\u00eb dijetar i madh n\u00eb terminologjin\u00eb e hadithit, dhe dijetar\u00ebt modern\u00eb kan\u00eb th\u00ebn\u00eb p\u00ebr t\u00eb se ai e ringjalli shkenc\u00ebn e hadithit pasi ajo ishte harruar.<\/h1>\n<h1 style=\"text-align: center;\">Nd\u00ebrsa mbledhja hadithet fisnike n\u00eb k\u00ebt\u00eb lib\u00ebr, mbaja n\u00eb mendje hadithin e Profetit, paqja dhe bekimet qofshin mbi t\u00eb: \u201cTransmetoni nga un\u00eb edhe n\u00ebse \u00ebsht\u00eb vet\u00ebm nj\u00eb ajet, dhe transmetoni nga Bijt\u00eb e Izraelit, dhe nuk ka asnj\u00eb faj p\u00ebr ju. E kushdo q\u00eb g\u00ebnjen p\u00ebr mua me q\u00ebllim, le t\u00eb ulet n\u00eb Zjarr.\u201d<\/h1>\n<h1 style=\"text-align: center;\">[Sahih]. Transmetuar nga (Kh. T). [Sahih al-Jami\u2019: 2837].<\/h1>\n<h1 style=\"text-align: center;\">Prandaj, n\u00eb k\u00ebt\u00eb lib\u00ebr kam zgjedhur hadithet autentike dhe t\u00eb mira bazuar n\u00eb sa vijon:<\/h1>\n<h1 style=\"text-align: center;\">A- N\u00ebse zinxhiri i transmetimit t\u00eb hadithit \u00ebsht\u00eb i nj\u00ebjt\u00eb dhe teksti i hadithit \u00ebsht\u00eb i ngjash\u00ebm n\u00eb dy ose m\u00eb shum\u00eb transmetime t\u00eb ngjashme, si p.sh.:<\/h1>\n<h1 style=\"text-align: center;\">Sipas autoritetit t\u00eb Ebu Seid El-Khudriut, Allahu qoft\u00eb i k\u00ebnaqur me t\u00eb, i cili ka th\u00ebn\u00eb: I D\u00ebrguari i Allahut, Allahu e bekoft\u00eb dhe i dh\u00ebnt\u00eb paqe, ka th\u00ebn\u00eb: \u201cM\u00eb i miri nga parfumet tuaja \u00ebsht\u00eb misku.\u201d<\/h1>\n<h1 style=\"text-align: center;\">[Sahih]. Transmetuar nga (N). [Sahih al-Jami\u2019: 5914].<\/h1>\n<h1 style=\"text-align: center;\">Sipas autoritetit t\u00eb Ebu Seid El-Khudriut, Allahu qoft\u00eb i k\u00ebnaqur me t\u00eb, i cili ka th\u00ebn\u00eb: I D\u00ebrguari i Allahut, Allahu e bekoft\u00eb dhe i dh\u00ebnt\u00eb paqe, ka th\u00ebn\u00eb: &quot;Aroma m\u00eb e mir\u00eb \u00ebsht\u00eb misku.&quot;<\/h1>\n<h1 style=\"text-align: center;\">[Sahih]. Transmetuar nga (T, M, N). [Sahih al-Jami\u2019: 1032].<\/h1>\n<h1 style=\"text-align: center;\">K\u00ebshtu q\u00eb zgjodha hadithin e dyt\u00eb p\u00ebr shkak t\u00eb transmetimeve t\u00eb shumta q\u00eb p\u00ebrmban.<\/h1>\n<h1 style=\"text-align: center;\">B- N\u00ebse dy ose m\u00eb shum\u00eb hadithe jan\u00eb t\u00eb ngjashme, si p.sh.:<\/h1>\n<h1 style=\"text-align: center;\">Sipas autoritetit t\u00eb Ebu Hurejr\u00ebs (Allahu qoft\u00eb i k\u00ebnaqur me t\u00eb), i D\u00ebrguari i Allahut (paqja dhe m\u00ebshira qofshin mbi t\u00eb) ka th\u00ebn\u00eb: \u201cKur imami thot\u00eb: \u2018Allahu i d\u00ebgjon ata q\u00eb e lavd\u00ebrojn\u00eb At\u00eb\u2019, at\u00ebher\u00eb thuaj: \u2018O Allah, Zoti yn\u00eb, Ty t\u00eb takon lavd\u00ebrimi\u2019. Sepse fjal\u00ebt e kujtdo q\u00eb p\u00ebrputhen me fjal\u00ebt e engj\u00ebjve, m\u00ebkatet e tij t\u00eb m\u00ebparshme do t\u00eb falen.\u201d<\/h1>\n<h1 style=\"text-align: center;\">[Sahih]. Transmetuar nga (Kh, M, D, T, N). [Sahih el-Xhami\u2019: 705].<\/h1>\n<h1 style=\"text-align: center;\">Nga Ebu Said El-Khudriu (Allahu qoft\u00eb i k\u00ebnaqur me t\u00eb) p\u00ebrcillet se e ka d\u00ebgjuar t\u00eb D\u00ebrguarin e Allahut (paqja dhe bekimet e Allahut qofshin mbi t\u00eb) t\u00eb thot\u00eb: \u201cKur imami thot\u00eb: \u2018Allahu i d\u00ebgjon ata q\u00eb e lavd\u00ebrojn\u00eb At\u00eb\u2019, at\u00ebher\u00eb thuaj: \u2018O Allah, Zoti yn\u00eb, dhe Ty t\u00eb takon lavd\u00ebrimi\u2019.\u201d<\/h1>\n<h1 style=\"text-align: center;\">[Sahih]. Transmetuar nga (H). [Sahih al-Jami\u2019: 706].<\/h1>\n<h1 style=\"text-align: center;\">K\u00ebshtu q\u00eb zgjodha hadithin gjith\u00ebp\u00ebrfshir\u00ebs me kuptim t\u00eb qart\u00eb, si n\u00eb hadithin e par\u00eb.<\/h1>\n<h1 style=\"text-align: center;\">C- Hadithet e p\u00ebrmendura n\u00eb Sahih al-Jami\u2019 al-Saghir dhe al-Silsilah al-Sahihah nga el-Albani [p\u00ebr Musnedin e Imam Ahmed ibn Hanbelit, ose el-Tabaraniut, ose el-Hakimit, ose el-Bejhakiut] Un\u00eb zakonisht vendosja n\u00eb vendin e tyre n\u00eb k\u00ebt\u00eb lib\u00ebr hadithet q\u00eb jan\u00eb t\u00eb ngjashme me to n\u00eb formulim nga librat e gjasht\u00eb imam\u00ebve.<\/h1>\n<h1 style=\"text-align: center;\">P\u00ebr shembull, hadithi i transmetuar nga Burejda el-Eslemi (Allahu qoft\u00eb i k\u00ebnaqur me t\u00eb) nga Profeti (paqja dhe bekimet e Allahut qofshin mbi t\u00eb): &quot;Kushdo q\u00eb i jep afat dikujt n\u00eb v\u00ebshtir\u00ebsi, ai do t\u00eb ket\u00eb dyfishin e sasis\u00eb s\u00eb l\u00ebmosh\u00ebs p\u00ebr \u00e7do dit\u00eb para se t\u00eb b\u00ebhet e detyrueshme. Kur t\u00eb b\u00ebhet e detyrueshme borxhi dhe ai i jep atij afat, ai do t\u00eb ket\u00eb dyfishin e sasis\u00eb s\u00eb l\u00ebmosh\u00ebs p\u00ebr \u00e7do dit\u00eb.&quot; [Sahih]. Transmetuar nga (Ahmed ibn Hanbel, Ibn Maxheh). P\u00ebrmendet n\u00eb Sahih el-Xhami n\u00ebn numrin [6108]. Pra, un\u00eb p\u00ebrfshiva n\u00eb k\u00ebt\u00eb lib\u00ebr formulimin e hadithit q\u00eb gjendet n\u00eb Sunen Ibn Maxheh, si n\u00eb k\u00ebt\u00eb hadith.<\/h1>\n<h1 style=\"text-align: center;\">Sipas autoritetit t\u00eb Burejda el-Eslemiut (Allahu qoft\u00eb i k\u00ebnaqur me t\u00eb), Profeti (paqja dhe bekimet qofshin mbi t\u00eb) ka th\u00ebn\u00eb: \u201cKushdo q\u00eb i jep afat nj\u00eb t\u00eb paafturi, do t\u2019i jepet nj\u00eb l\u00ebmosh\u00eb p\u00ebr \u00e7do dit\u00eb, dhe kushdo q\u00eb i jep atij afat pasi t\u00eb ket\u00eb skaduar afati, do t\u00eb ket\u00eb nj\u00eb l\u00ebmosh\u00eb t\u00eb till\u00eb p\u00ebr \u00e7do dit\u00eb.\u201d [Sahih]. Transmetuar nga (Ibn Maxhe).<\/h1>\n<h1 style=\"text-align: center;\">A- Un\u00eb i plot\u00ebsoja hadithet e paplota t\u00eb p\u00ebrmendura n\u00eb Sahih al-Jami\u2019 al-Saghir dhe al-Silsilah al-Sahihah nga el-Albani nga librat e gjasht\u00eb imam\u00ebve.<\/h1>\n<h1 style=\"text-align: center;\">P\u00ebr shembull, hadithi: \u201cAgj\u00ebrimi i tre dit\u00ebve t\u00eb \u00e7do muaji, nga Ramazani n\u00eb Ramazan, \u00ebsht\u00eb si agj\u00ebrimi p\u00ebr nj\u00eb jet\u00eb t\u00eb t\u00ebr\u00eb.\u201d<\/h1>\n<h1 style=\"text-align: center;\">[Sahih]. Transmetuar nga (H.M.M.) mbi autoritetin e Ebu Katad\u00ebs. [Sahih al-Jami\u2019: 3802].<\/h1>\n<h1 style=\"text-align: center;\">Ky hadith \u00ebsht\u00eb nga Musnedi i Imam Ahmed ibn Hanbelit dhe \u00ebsht\u00eb i paplot\u00eb, k\u00ebshtu q\u00eb e p\u00ebrfundova me fjal\u00ebt q\u00eb gjenden n\u00eb Sahih Muslim dhe e vendosa n\u00eb lib\u00ebr si m\u00eb posht\u00eb.<\/h1>\n<h1 style=\"text-align: center;\">Sipas autoritetit t\u00eb Ebu Katade El-Ensariut (Allahu qoft\u00eb i k\u00ebnaqur me t\u00eb), i D\u00ebrguari i Allahut (paqja dhe m\u00ebshira e Allahut qofshin mbi t\u00eb) u pyet p\u00ebr agj\u00ebrimin e tij. I D\u00ebrguari i Allahut (paqja dhe m\u00ebshira e Allahut qofshin mbi t\u00eb) u zem\u00ebrua. Umeri (Allahu qoft\u00eb i k\u00ebnaqur me t\u00eb) tha: &quot;Ne jemi t\u00eb k\u00ebnaqur me Allahun si Zotin ton\u00eb, Islamin si fen\u00eb ton\u00eb, Muhamedin si t\u00eb D\u00ebrguarin ton\u00eb dhe premtimin ton\u00eb t\u00eb besnik\u00ebris\u00eb si premtimin ton\u00eb.&quot; Pastaj ai u pyet p\u00ebr agj\u00ebrimin gjat\u00eb gjith\u00eb jet\u00ebs s\u00eb tij. Ai tha: &quot;Ai as nuk agj\u00ebroi dhe as nuk e prishi agj\u00ebrimin.&quot; Ose, &quot;Ai as nuk agj\u00ebroi dhe as nuk e prishi agj\u00ebrimin.&quot; Ai tha: Ai u pyet p\u00ebr agj\u00ebrimin dy dit\u00eb dhe prishjen e agj\u00ebrimit t\u00eb dit\u00ebs tjet\u00ebr. Ai tha: &quot;Kush mund ta b\u00ebj\u00eb k\u00ebt\u00eb?&quot; Ai tha: Ai u pyet p\u00ebr agj\u00ebrimin nj\u00eb dit\u00eb dhe prishjen e agj\u00ebrimit dy dit\u00eb. Ai tha: &quot;Sikur Allahu t\u00eb na kishte dh\u00ebn\u00eb forc\u00ebn p\u00ebr ta b\u00ebr\u00eb k\u00ebt\u00eb.&quot; Ai tha: Ai u pyet p\u00ebr agj\u00ebrimin nj\u00eb dit\u00eb dhe prishjen e agj\u00ebrimit t\u00eb dit\u00ebs tjet\u00ebr. Ai tha: &quot;Ky \u00ebsht\u00eb agj\u00ebrimi i v\u00ebllait tim David, paqja qoft\u00eb mbi t\u00eb.&quot; Ai tha: Ai u pyet p\u00ebr agj\u00ebrimin e t\u00eb h\u00ebnave. Ai tha: \u201cAjo \u00ebsht\u00eb dita kur linda dhe dita kur u d\u00ebrgova si profet ose n\u00eb t\u00eb cil\u00ebn m\u00eb zbriti shpallja.\u201d Ai tha: \u201cAgj\u00ebrimi i tre dit\u00ebve t\u00eb \u00e7do muaji dhe agj\u00ebrimi nga nj\u00eb Ramazan n\u00eb tjetrin \u00ebsht\u00eb agj\u00ebrim p\u00ebr gjith\u00eb jet\u00ebn.\u201d Ai u pyet p\u00ebr agj\u00ebrimin n\u00eb Dit\u00ebn e Arafatit. Ai tha: \u201cAi i shlyen m\u00ebkatet e vitit t\u00eb kaluar dhe t\u00eb vitit q\u00eb vjen.\u201d Ai u pyet gjithashtu p\u00ebr agj\u00ebrimin n\u00eb Dit\u00ebn e Ashures. Ai tha: \u201cAi i shlyen m\u00ebkatet e vitit t\u00eb kaluar.\u201d<\/h1>\n<h1 style=\"text-align: center;\">[Sahih]. Transmetuar nga (M). [Sahih al-Jami\u2019: 3802].<\/h1>\n<h1 style=\"text-align: center;\">E- Formulimi i \u00e7do hadithi n\u00eb lib\u00ebr merret nga emri i transmetuesit t\u00eb hadithit. P\u00ebr shembull, n\u00ebse \u00ebsht\u00eb shkruar &quot;Transmetuar nga (M, Kh, D, T, N, H)&quot;, at\u00ebher\u00eb formulimi i hadithit \u00ebsht\u00eb i ngjash\u00ebm n\u00eb gjasht\u00eb librat dhe \u00ebsht\u00eb i pranish\u00ebm n\u00eb librat e dijetarit Shejh El-Albani. Megjithat\u00eb, formulimi i hadithit n\u00eb k\u00ebt\u00eb lib\u00ebr \u00ebsht\u00eb marr\u00eb nga Sahih Muslim, dhe p\u00ebr k\u00ebt\u00eb arsye \u00ebsht\u00eb shkruar i pari me shkurtim.<\/h1>\n<h1 style=\"text-align: center;\">Dhe nuk e p\u00ebrmenda zinxhirin e transmetimit n\u00eb hadithe, p\u00ebrve\u00e7 emrit t\u00eb shokut q\u00eb e transmetoi hadithin m\u00eb spikatur, p\u00ebr ta b\u00ebr\u00eb m\u00eb t\u00eb leht\u00eb p\u00ebr lexuesin ta shqyrtoj\u00eb librin pa e zgjatur shum\u00eb, pasi shum\u00eb lexues duan t\u00eb lexojn\u00eb vet\u00ebm tekstin e hadithit.<\/h1>\n<h1 style=\"text-align: center;\">Z- Un\u00eb nuk i diskutova hadithet e biografis\u00eb s\u00eb Profetit n\u00eb k\u00ebt\u00eb lib\u00ebr, pasi ato u p\u00ebrmend\u00ebn n\u00eb shum\u00eb libra mbi biografin\u00eb e Profetit dhe biografit\u00eb e Sahab\u00ebve, Zoti qoft\u00eb i k\u00ebnaqur me ta.<\/h1>\n<h1 style=\"text-align: center;\">H- Kuptimet e disa fjal\u00ebve t\u00eb v\u00ebshtira n\u00eb hadithe jan\u00eb vendosur n\u00eb fund t\u00eb \u00e7do faqeje n\u00eb m\u00ebnyr\u00eb q\u00eb lexuesi t&#039;i kuptoj\u00eb sa m\u00eb leht\u00eb hadithet.<\/h1>\n<h1 style=\"text-align: center;\">T- T\u00eb gjitha hadithet n\u00eb k\u00ebt\u00eb lib\u00ebr jan\u00eb t\u00eb pajisura me shenja diakritike n\u00eb m\u00ebnyr\u00eb q\u00eb t\u00eb lexohen sakt\u00eb.<\/h1>\n<h1 style=\"text-align: center;\">Ky lib\u00ebr filloi n\u00eb fillim t\u00eb vitit 2009 dhe p\u00ebrfundoi n\u00eb vitin 2019. K\u00ebto jan\u00eb p\u00ebrpjekje me t\u00eb cilat ne k\u00ebrkuam t&#039;i sh\u00ebrbejm\u00eb fes\u00eb son\u00eb t\u00eb madhe dhe t\u00eb mb\u00ebshtesim Profetin ton\u00eb, Vul\u00ebn e t\u00eb D\u00ebrguarve, \ufdfa, p\u00ebrmes asaj q\u00eb tha dhe b\u00ebri p\u00ebr t\u00eb mir\u00ebn e v\u00ebllez\u00ebrve tan\u00eb, n\u00eb p\u00ebrputhje me fjal\u00ebt e Zotit t\u00eb Plotfuqish\u00ebm: {V\u00ebrtet, n\u00eb t\u00eb D\u00ebrguarin e Zotit keni nj\u00eb shembull t\u00eb shk\u00eblqyer p\u00ebr k\u00ebdo q\u00eb shpreson n\u00eb Zotin dhe Dit\u00ebn e Fundit dhe [q\u00eb] e p\u00ebrmend shpesh Zotin.} [El-Ahzab: 22]. Ne i lutemi Zotit t\u00eb Plotfuqish\u00ebm ta b\u00ebj\u00eb at\u00eb t\u00eb dobish\u00ebm dhe ta b\u00ebj\u00eb pun\u00ebn ton\u00eb t\u00eb sinqert\u00eb p\u00ebr hir t\u00eb Tij. {Zoti yn\u00eb, mos na ngarko faj n\u00ebse harrojm\u00eb ose b\u00ebjm\u00eb ndonj\u00eb gabim.} Ai \u00ebsht\u00eb i mjaftuesh\u00ebm p\u00ebr ne dhe Ai \u00ebsht\u00eb Rregulluesi m\u00eb i mir\u00eb i pun\u00ebve.<\/h1>\n<h1 style=\"text-align: center;\">Kajro, 18 Sha&#039;ban 1440 AH<\/h1>\n<h1 style=\"text-align: center;\">Korrespondon me 24 prill 2019<\/h1>\n<h1 style=\"text-align: center;\">\u00a0\u00a0\u00a0\u00a0\u00a0\u00a0 Tamer Badr<\/h1>","protected":false},"excerpt":{"rendered":"<p>\u0645\u0642\u062f\u0645\u0629 \u0643\u062a\u0627\u0628 \u0631\u064a\u0627\u0636 \u0627\u0644\u0633\u0646\u0629 \u0645\u0646 \u0635\u062d\u064a\u062d \u0627\u0644\u0643\u062a\u0628 \u0627\u0644\u0633\u062a\u0629 \u0625\u0646 \u0633\u064a\u0631\u0629 \u0627\u0644\u0646\u0628\u064a \ufdfa \u0647\u064a \u062e\u064a\u0631 \u0627\u0644\u0633\u064a\u0631 \u0639\u0644\u0649 \u0627\u0644\u0625\u0637\u0644\u0627\u0642\u060c \u0648\u0643\u0644\u0627\u0645\u0647 \ufdfa \u0647\u0648 \u0623\u062d\u0633\u0646 \u0627\u0644\u0643\u0644\u0627\u0645\u060c \u0648\u0647\u062f\u064a\u0647 \u0647\u0648 \u062e\u064a\u0631 \u0627\u0644\u0647\u062f\u064a\u060c \u0648\u062d\u062f\u064a\u062b\u0647 \u0623\u0635\u062f\u0642 \u0627\u0644\u062d\u062f\u064a\u062b \u0635\u0644\u0648\u0627\u062a \u0627\u0644\u0644\u0647 \u0648\u0633\u0644\u0627\u0645\u0647 \u0639\u0644\u064a\u0647\u060c \u0648\u0645\u0646 \u062b\u064e\u0645\u0651\u064e \u0623\u0645\u0631 \u0627\u0644\u0644\u0647 \u0633\u0628\u062d\u0627\u0646\u0647 \u0648\u062a\u0639\u0627\u0644\u0649 \u0623\u0645\u062a\u0647 \u0628\u0627\u062a\u0628\u0627\u0639 \u0634\u0631\u0639\u0647\u060c \u0648\u0646\u0647\u0627\u0647\u0645 \u0639\u064e\u0646\u0652 \u0645\u062e\u0627\u0644\u0641\u062a\u0647\u060c \u0641\u0642\u064e\u0627\u0644\u064e \u062a\u064e\u0639\u064e\u0627\u0644\u064e\u0649: {\u064a\u064e\u0627 \u0623\u064e\u064a\u0651\u064f\u0647\u064e\u0627 \u0627\u0644\u0651\u064e\u0630\u0650\u064a\u0646\u064e \u0622\u0645\u064e\u0646\u064f\u0648\u0627 \u0623\u064e\u0637\u0650\u064a\u0639\u064f\u0648\u0627 \u0627\u0644\u0644\u0651\u064e\u0647\u064e \u0648\u064e\u0623\u064e\u0637\u0650\u064a\u0639\u064f\u0648\u0627 \u0627\u0644\u0631\u0651\u064e\u0633\u064f\u0648\u0644\u064e [&hellip;]<\/p>","protected":false},"featured_media":19691,"comment_status":"open","ping_status":"closed","template":"","meta":{"_seopress_robots_primary_cat":"","_seopress_titles_title":"","_seopress_titles_desc":"","_seopress_robots_index":"","inline_featured_image":false,"_uf_show_specific_survey":0,"_uf_disable_surveys":false},"product_brand":[],"product_cat":[188],"product_tag":[],"class_list":{"0":"post-19584","1":"product","2":"type-product","3":"status-publish","4":"has-post-thumbnail","6":"product_cat-188","8":"first","9":"instock","10":"downloadable","11":"shipping-taxable","12":"purchasable","13":"product-type-simple"},"_links":{"self":[{"href":"https:\/\/tamerbadr.com\/sq\/wp-json\/wp\/v2\/product\/19584","targetHints":{"allow":["GET"]}}],"collection":[{"href":"https:\/\/tamerbadr.com\/sq\/wp-json\/wp\/v2\/product"}],"about":[{"href":"https:\/\/tamerbadr.com\/sq\/wp-json\/wp\/v2\/types\/product"}],"replies":[{"embeddable":true,"href":"https:\/\/tamerbadr.com\/sq\/wp-json\/wp\/v2\/comments?post=19584"}],"wp:featuredmedia":[{"embeddable":true,"href":"https:\/\/tamerbadr.com\/sq\/wp-json\/wp\/v2\/media\/19691"}],"wp:attachment":[{"href":"https:\/\/tamerbadr.com\/sq\/wp-json\/wp\/v2\/media?parent=19584"}],"wp:term":[{"taxonomy":"product_brand","embeddable":true,"href":"https:\/\/tamerbadr.com\/sq\/wp-json\/wp\/v2\/product_brand?post=19584"},{"taxonomy":"product_cat","embeddable":true,"href":"https:\/\/tamerbadr.com\/sq\/wp-json\/wp\/v2\/product_cat?post=19584"},{"taxonomy":"product_tag","embeddable":true,"href":"https:\/\/tamerbadr.com\/sq\/wp-json\/wp\/v2\/product_tag?post=19584"}],"curies":[{"name":"wp","href":"https:\/\/api.w.org\/{rel}","templated":true}]}}