{"id":19582,"date":"2025-03-16T21:56:12","date_gmt":"2025-03-16T21:56:12","guid":{"rendered":"https:\/\/white-ant-267257.hostingersite.com\/?post_type=product&#038;p=19582"},"modified":"2025-07-13T07:21:17","modified_gmt":"2025-07-13T07:21:17","slug":"unforgettable-countries-book","status":"publish","type":"product","link":"https:\/\/tamerbadr.com\/sq\/produkt\/unforgettable-countries-book","title":{"rendered":"Libri i Vendeve t\u00eb Paharrueshme"},"content":{"rendered":"<h1 style=\"text-align: center;\"><strong>Hyrje nga Profesor Dr. Ragheb El-Sergany n\u00eb librin &quot;Vende t\u00eb Paharrueshme&quot;<\/strong><\/h1>\n<h1 style=\"text-align: center;\">Shum\u00eb shtremb\u00ebrues dhe falsifikues p\u00ebrhapin iden\u00eb se historia islame nuk p\u00ebrmban nj\u00eb t\u00eb kaluar t\u00eb lavdishme, p\u00ebrve\u00e7 periudh\u00ebs s\u00eb t\u00eb D\u00ebrguarit, Allahu e bekoft\u00eb dhe i dh\u00ebnt\u00eb paqe, Ebu Bekrit dhe Umerit, Allahu qoft\u00eb i k\u00ebnaqur me ta. Ky falsifikim \u00ebsht\u00eb vet\u00ebm p\u00ebr t\u00eb p\u00ebrhapur frustrim n\u00eb zemrat e musliman\u00ebve dhe p\u00ebr t&#039;i b\u00ebr\u00eb ata t\u00eb ndiejn\u00eb se mund\u00ebsia e kryengritjes s\u00eb tyre \u00ebsht\u00eb b\u00ebr\u00eb shum\u00eb e larg\u00ebt dhe se qasja islame \u00ebsht\u00eb e paaft\u00eb p\u00ebr t\u00eb nd\u00ebrtuar nj\u00eb shtet ose p\u00ebr t\u00eb ringjallur nj\u00eb komb. E gjith\u00eb kjo \u00ebsht\u00eb n\u00eb kund\u00ebrshtim me t\u00eb v\u00ebrtet\u00ebn dhe larg s\u00eb v\u00ebrtet\u00ebs. Prandaj, ekziston nj\u00eb nevoj\u00eb urgjente p\u00ebr t\u00eb shpjeguar fazat e ndryshme t\u00eb historis\u00eb s\u00eb kombit ton\u00eb dhe se kombi, pavar\u00ebsisht se sa i dob\u00ebt b\u00ebhet, do t\u00eb ngrihet p\u00ebrs\u00ebri dhe n\u00ebse flamuri i tij bie n\u00eb nj\u00eb vend, flamujt e tij do t\u00eb ngrihen n\u00eb vende t\u00eb tjera. Dhe se ligji i Zotit \u00ebsht\u00eb q\u00eb do t\u00eb mbeten musliman\u00eb t\u00eb sinqert\u00eb q\u00eb mb\u00ebshtesin kauz\u00ebn e k\u00ebtij kombi dhe ruajn\u00eb dinjitetin e tij. Kjo \u00ebsht\u00eb e v\u00ebrteta e hadithit t\u00eb t\u00eb D\u00ebrguarit t\u00eb Zotit, Allahu e bekoft\u00eb dhe i dh\u00ebnt\u00eb paqe: &quot;Nj\u00eb grup i kombit tim do t\u00eb jet\u00eb gjithmon\u00eb fitimtar mbi k\u00ebdo q\u00eb...&quot;<\/h1>\n<h1 style=\"text-align: center;\">Ata do t\u2019i sulmojn\u00eb, duke i pushtuar, dhe ata q\u00eb i kund\u00ebrshtojn\u00eb nuk do t\u2019i d\u00ebmtojn\u00eb derisa t\u2019u vij\u00eb urdhri i Allahut, dhe ata do t\u00eb q\u00ebndrojn\u00eb ashtu. (Transmetuar nga Buhariu dhe Muslimi)<\/h1>\n<h1 style=\"text-align: center;\">I D\u00ebrguari i Zotit, Zoti e bekoft\u00eb dhe i dh\u00ebnt\u00eb paqe, na dha nj\u00eb shembull t\u00eb shk\u00eblqyer n\u00eb themelimin e nj\u00eb shteti dhe nd\u00ebrtimin e nj\u00eb kombi. Duke vepruar k\u00ebshtu, ai u p\u00ebrplas me forcat e shtypjes q\u00eb ekzistonin n\u00eb at\u00eb koh\u00eb, t\u00eb cilat p\u00ebrfaq\u00ebsoheshin nga jobesimtar\u00ebt e Gadishullit Arabik, t\u00eb udh\u00ebhequr nga jobesimtar\u00ebt e Mek\u00ebs, dhe hebrenjt\u00eb me fiset e tyre t\u00eb ndryshme, si dhe Perandoria gjigante Romake. Pavar\u00ebsisht k\u00ebsaj p\u00ebrplasjeje t\u00eb tmerrshme, Zoti i Plotfuqish\u00ebm i caktoi atij fitoren dhe suksesin derisa shteti i tij u themelua si nj\u00eb komb i ri dhe krenar.<\/h1>\n<h1 style=\"text-align: center;\">Pas t\u00eb D\u00ebrguarit t\u00eb Allahut, paqja dhe bekimet qofshin mbi t\u00eb, Kalif\u00ebt e Drejt\u00eb nd\u00ebrtuan nj\u00eb shtet t\u00eb fort\u00eb dhe t\u00eb madh q\u00eb ishte n\u00eb gjendje t\u00eb shkat\u00ebrronte fronet e Hosraut dhe Cezarit, dhe ishte n\u00eb gjendje t&#039;i vendoste musliman\u00ebt n\u00eb ball\u00eb t\u00eb bot\u00ebs, dhe shk\u00eblqeu mbi t\u00eb gjith\u00eb politikisht, ekonomikisht, shkenc\u00ebrisht, kulturorisht dhe moralisht. Para dhe pas t\u00eb gjitha k\u00ebtyre, ai shk\u00eblqeu mbi ta n\u00eb doktrin\u00eb, k\u00ebshtu q\u00eb ishte n\u00eb gjendje t\u00eb reformonte bot\u00ebn e tij me fen\u00eb e tij, dhe t\u00eb ngrinte standardin e jet\u00ebs n\u00eb shtetin e tij me ligjin e Zotit t\u00eb tij, dhe arriti ekuacionin e v\u00ebshtir\u00eb q\u00eb kombinon lumturin\u00eb n\u00eb t\u00eb dy bot\u00ebt: k\u00ebt\u00eb bot\u00eb dhe bot\u00ebn tjet\u00ebr.<\/h1>\n<h1 style=\"text-align: center;\">Udh\u00ebtimi i kombit islam nuk u ndal n\u00eb koh\u00ebn e Kalif\u00ebve t\u00eb Drejt\u00eb, por p\u00ebrkundrazi vazhdoi udh\u00ebtimin e tij qytet\u00ebrues me kombe t\u00eb m\u00ebdha dhe fisnike q\u00eb arrit\u00ebn lavdi dhe nder, dhe e ngrit\u00ebn lart emrin e musliman\u00ebve kudo. Kishte Kalifate Umajade dhe Abaside, shtete Ajubide dhe Memluk, Kalifati i madh Osman dhe shum\u00eb kombe t\u00eb fuqishme n\u00eb historin\u00eb e Andaluzis\u00eb. Kishte kombe t\u00eb tjera k\u00ebtu e atje q\u00eb ndryshuan rrjedh\u00ebn e njer\u00ebzimit me nj\u00eb ndryshim t\u00eb mrekulluesh\u00ebm dhe pozitiv q\u00eb i shton kredibilitet k\u00ebtij kombi gjigant, kombit t\u00eb Islamit.<\/h1>\n<h1 style=\"text-align: center;\">Kjo histori e shk\u00eblqyer \u00ebsht\u00eb historia m\u00eb e mir\u00eb n\u00eb t\u00eb gjith\u00eb bot\u00ebn, megjithat\u00eb vet\u00ebm pak njer\u00ebz e din\u00eb at\u00eb. Fatkeq\u00ebsisht, edhe vet\u00eb mysliman\u00ebt nuk e njohin k\u00ebt\u00eb histori t\u00eb lavdishme. Prandaj, jam shum\u00eb i lumtur kur shoh nj\u00eb lib\u00ebr ose ndonj\u00eb vep\u00ebr letrare ose artistike q\u00eb u rikthen mysliman\u00ebve imazhin e v\u00ebrtet\u00eb t\u00eb historis\u00eb s\u00eb tyre t\u00eb lavdishme dhe rrit krenarin\u00eb dhe nderin e tyre n\u00eb k\u00ebt\u00eb komb fisnik.<\/h1>\n<h1 style=\"text-align: center;\">Para nesh kemi nj\u00eb nga k\u00ebto libra t\u00eb vlefsh\u00ebm, autori i t\u00eb cilit, z. Tamer Badr, ishte i etur t\u00eb gjurmonte fazat e ndryshme t\u00eb lavdis\u00eb n\u00eb historin\u00eb ton\u00eb nga fillimi n\u00eb fund, duke na prezantuar disa nga thesaret e m\u00ebdha t\u00eb k\u00ebsaj historie dhe duke na treguar p\u00ebr historin\u00eb e disa vendeve islame q\u00eb e kan\u00eb ngritur lart emrin e mysliman\u00ebve.<\/h1>\n<h1 style=\"text-align: center;\">\u00cbsht\u00eb nj\u00eb lib\u00ebr i bukur, i shkruar me eleganc\u00eb dhe i paraqitur bukur, q\u00eb p\u00ebrmban nj\u00eb thesar informacioni t\u00eb sakt\u00eb dhe i shton bibliotek\u00ebs son\u00eb islame nj\u00eb lib\u00ebr t\u00eb bukur p\u00ebr t\u00eb cilin \u00e7do musliman do t\u00eb jet\u00eb krenar.<\/h1>\n<h1 style=\"text-align: center;\">O Zot, b\u00ebje k\u00ebt\u00eb p\u00ebrpjekje nj\u00eb vep\u00ebr t\u00eb mir\u00eb p\u00ebr shkrimtarin dhe b\u00ebje k\u00ebto rreshta nj\u00eb vep\u00ebr t\u00eb mir\u00eb p\u00ebr k\u00ebdo q\u00eb i lexon...<\/h1>\n<h1 style=\"text-align: center;\">I lutem Zotit ta lavd\u00ebroj\u00eb Islamin dhe musliman\u00ebt<\/h1>\n<h1 style=\"text-align: center;\">Prof. Dr. Ragheb Al-Sergani<\/h1>\n<h1 style=\"text-align: center;\">Kajro, Maj 2012<\/h1>","protected":false},"excerpt":{"rendered":"<p>\u0645\u0642\u062f\u0645\u0629 \u0627\u0644\u0627\u0633\u062a\u0627\u0630 \u0627\u0644\u062f\u0643\u062a\u0648\u0631 \u0631\u0627\u063a\u0628 \u0627\u0644\u0633\u0631\u062c\u0627\u0646\u064a \u0644\u0643\u062a\u0627\u0628 \u062f\u0648\u0644 \u0644\u0627 \u062a\u0646\u0633\u0649 \u064a\u0634\u064a\u0639 \u0643\u062b\u064a\u0631 \u0645\u0646 \u0627\u0644\u0645\u062d\u0631\u0641\u064a\u0646 \u0648\u0627\u0644\u0645\u0632\u0648\u0631\u064a\u0646 \u0623\u0646 \u0627\u0644\u062a\u0627\u0631\u064a\u062e \u0627\u0644\u0625\u0633\u0644\u0627\u0645\u064a \u0644\u0627 \u064a\u062d\u0648\u064a \u0645\u0627\u0636\u064a\u0627 \u0645\u062c\u064a\u062f\u0627\u061b \u0625\u0644\u0627 \u0641\u064a \u0641\u062a\u0631\u0629 \u0627\u0644\u0631\u0633\u0648\u0644 \ufdfa \u0648\u0623\u0628\u064a \u0628\u0643\u0631 \u0648\u0639\u0645\u0631 \u0631\u0636\u064a \u0627\u0644\u0644\u0647 \u0639\u0646\u0647\u0645\u0627 \u060c \u0648\u0644\u064a\u0633 \u0647\u0630\u0627 \u0627\u0644\u062a\u0632\u0648\u064a\u0631 \u0625\u0644\u0627 \u0644\u0628\u062b \u0627\u0644\u0625\u062d\u0628\u0627\u0637 \u0641\u064a \u0642\u0644\u0648\u0628 \u0627\u0644\u0645\u0633\u0644\u0645\u064a\u0646 \u0648\u0625\u0634\u0639\u0627\u0631\u0647\u0645 \u0623\u0646 \u0627\u062d\u062a\u0645\u0627\u0644\u064a\u0629 \u0642\u064a\u0627\u0645\u0647\u0645 \u0635\u0627\u0631\u062a \u0628\u0639\u064a\u062f\u0629 \u062c\u062f\u0627\u060c \u0648\u0623\u0646 \u0627\u0644\u0645\u0646\u0647\u062c \u0627\u0644\u0625\u0633\u0644\u0627\u0645\u064a \u063a\u064a\u0631 \u0642\u0627\u062f\u0631 \u0639\u0644\u0649 [&hellip;]<\/p>","protected":false},"featured_media":19690,"comment_status":"open","ping_status":"closed","template":"","meta":{"_seopress_robots_primary_cat":"","_seopress_titles_title":"","_seopress_titles_desc":"","_seopress_robots_index":"","inline_featured_image":false,"_uf_show_specific_survey":0,"_uf_disable_surveys":false},"product_brand":[],"product_cat":[190],"product_tag":[],"class_list":{"0":"post-19582","1":"product","2":"type-product","3":"status-publish","4":"has-post-thumbnail","6":"product_cat-190","8":"first","9":"instock","10":"downloadable","11":"shipping-taxable","12":"purchasable","13":"product-type-simple"},"_links":{"self":[{"href":"https:\/\/tamerbadr.com\/sq\/wp-json\/wp\/v2\/product\/19582","targetHints":{"allow":["GET"]}}],"collection":[{"href":"https:\/\/tamerbadr.com\/sq\/wp-json\/wp\/v2\/product"}],"about":[{"href":"https:\/\/tamerbadr.com\/sq\/wp-json\/wp\/v2\/types\/product"}],"replies":[{"embeddable":true,"href":"https:\/\/tamerbadr.com\/sq\/wp-json\/wp\/v2\/comments?post=19582"}],"wp:featuredmedia":[{"embeddable":true,"href":"https:\/\/tamerbadr.com\/sq\/wp-json\/wp\/v2\/media\/19690"}],"wp:attachment":[{"href":"https:\/\/tamerbadr.com\/sq\/wp-json\/wp\/v2\/media?parent=19582"}],"wp:term":[{"taxonomy":"product_brand","embeddable":true,"href":"https:\/\/tamerbadr.com\/sq\/wp-json\/wp\/v2\/product_brand?post=19582"},{"taxonomy":"product_cat","embeddable":true,"href":"https:\/\/tamerbadr.com\/sq\/wp-json\/wp\/v2\/product_cat?post=19582"},{"taxonomy":"product_tag","embeddable":true,"href":"https:\/\/tamerbadr.com\/sq\/wp-json\/wp\/v2\/product_tag?post=19582"}],"curies":[{"name":"wp","href":"https:\/\/api.w.org\/{rel}","templated":true}]}}