{"id":20178,"date":"2025-03-19T18:42:34","date_gmt":"2025-03-19T18:42:34","guid":{"rendered":"https:\/\/white-ant-267257.hostingersite.com\/?page_id=20178"},"modified":"2025-07-30T19:25:45","modified_gmt":"2025-07-30T19:25:45","slug":"privacy-policy","status":"publish","type":"page","link":"https:\/\/tamerbadr.com\/sq\/privacy-policy","title":{"rendered":"politika e privat\u00ebsis\u00eb"},"content":{"rendered":"<div data-elementor-type=\"wp-page\" data-elementor-id=\"20178\" class=\"elementor elementor-20178\" data-elementor-post-type=\"page\">\n\t\t\t\t\t\t<section class=\"elementor-section elementor-top-section elementor-element elementor-element-325f7dc elementor-section-full_width elementor-section-height-default elementor-section-height-default\" data-id=\"325f7dc\" data-element_type=\"section\" data-settings=\"{&quot;background_background&quot;:&quot;classic&quot;}\">\n\t\t\t\t\t\t<div class=\"elementor-container elementor-column-gap-no\">\n\t\t\t\t\t<div class=\"elementor-column elementor-col-100 elementor-top-column elementor-element elementor-element-a5ff8d0\" data-id=\"a5ff8d0\" data-element_type=\"column\">\n\t\t\t<div class=\"elementor-widget-wrap elementor-element-populated\">\n\t\t\t\t\t\t<section class=\"elementor-section elementor-inner-section elementor-element elementor-element-dce55a7 elementor-section-content-middle elementor-section-boxed elementor-section-height-default elementor-section-height-default\" data-id=\"dce55a7\" data-element_type=\"section\" data-settings=\"{&quot;background_background&quot;:&quot;classic&quot;}\">\n\t\t\t\t\t\t<div class=\"elementor-container elementor-column-gap-no\">\n\t\t\t\t\t<div class=\"elementor-column elementor-col-50 elementor-inner-column elementor-element elementor-element-07e74d4\" data-id=\"07e74d4\" data-element_type=\"column\">\n\t\t\t<div class=\"elementor-widget-wrap elementor-element-populated\">\n\t\t\t\t\t\t<div class=\"elementor-element elementor-element-edd75c2 elementor-invisible elementor-widget elementor-widget-heading\" data-id=\"edd75c2\" data-element_type=\"widget\" data-settings=\"{&quot;_animation&quot;:&quot;fadeInLeft&quot;}\" data-widget_type=\"heading.default\">\n\t\t\t\t<div class=\"elementor-widget-container\">\n\t\t\t\t\t<h2 class=\"elementor-heading-title elementor-size-default\">Tamer Badr<\/h2>\t\t\t\t<\/div>\n\t\t\t\t<\/div>\n\t\t\t\t<div class=\"elementor-element elementor-element-3f5a13a elementor-invisible elementor-widget elementor-widget-heading\" data-id=\"3f5a13a\" data-element_type=\"widget\" data-settings=\"{&quot;_animation&quot;:&quot;fadeInRight&quot;}\" data-widget_type=\"heading.default\">\n\t\t\t\t<div class=\"elementor-widget-container\">\n\t\t\t\t\t<h2 class=\"elementor-heading-title elementor-size-default\">politika e privat\u00ebsis\u00eb<\/h2>\t\t\t\t<\/div>\n\t\t\t\t<\/div>\n\t\t\t\t\t<\/div>\n\t\t<\/div>\n\t\t\t\t<div class=\"elementor-column elementor-col-50 elementor-inner-column elementor-element elementor-element-a748cf0\" data-id=\"a748cf0\" data-element_type=\"column\">\n\t\t\t<div class=\"elementor-widget-wrap elementor-element-populated\">\n\t\t\t\t\t\t<div class=\"elementor-element elementor-element-7476b1a elementor-position-left elementor-vertical-align-top elementor-widget elementor-widget-image-box\" data-id=\"7476b1a\" data-element_type=\"widget\" data-widget_type=\"image-box.default\">\n\t\t\t\t<div class=\"elementor-widget-container\">\n\t\t\t\t\t<div class=\"elementor-image-box-wrapper\"><figure class=\"elementor-image-box-img\"><img alt=\"\" decoding=\"async\" width=\"170\" height=\"157\" src=\"https:\/\/tamerbadr.com\/wp-content\/uploads\/2022\/10\/service-1.png\" class=\"elementor-animation-bob attachment-full size-full wp-image-515\" \/><\/figure><\/div>\t\t\t\t<\/div>\n\t\t\t\t<\/div>\n\t\t\t\t\t<\/div>\n\t\t<\/div>\n\t\t\t\t\t<\/div>\n\t\t<\/section>\n\t\t\t\t<div class=\"elementor-element elementor-element-9ae5934 elementor-widget__width-auto elementor-absolute elementor-widget elementor-widget-image\" data-id=\"9ae5934\" data-element_type=\"widget\" data-settings=\"{&quot;_position&quot;:&quot;absolute&quot;}\" data-widget_type=\"image.default\">\n\t\t\t\t<div class=\"elementor-widget-container\">\n\t\t\t\t\t\t\t\t\t\t\t\t\t\t\t<img alt=\"\" fetchpriority=\"high\" decoding=\"async\" width=\"956\" height=\"825\" src=\"https:\/\/tamerbadr.com\/wp-content\/uploads\/2022\/10\/about-dot-vector.png\" class=\"attachment-full size-full wp-image-883\" \/>\t\t\t\t\t\t\t\t\t\t\t\t\t\t\t<\/div>\n\t\t\t\t<\/div>\n\t\t\t\t\t<\/div>\n\t\t<\/div>\n\t\t\t\t\t<\/div>\n\t\t<\/section>\n\t\t\t\t<section class=\"elementor-section elementor-top-section elementor-element elementor-element-b661bd3 elementor-section-full_width elementor-section-height-default elementor-section-height-default\" data-id=\"b661bd3\" data-element_type=\"section\" data-settings=\"{&quot;background_background&quot;:&quot;classic&quot;}\">\n\t\t\t\t\t\t<div class=\"elementor-container elementor-column-gap-no\">\n\t\t\t\t\t<div class=\"elementor-column elementor-col-100 elementor-top-column elementor-element elementor-element-e5c672a\" data-id=\"e5c672a\" data-element_type=\"column\">\n\t\t\t<div class=\"elementor-widget-wrap elementor-element-populated\">\n\t\t\t\t\t\t<div class=\"elementor-element elementor-element-e1053d6 elementor-widget__width-auto elementor-absolute elementor-invisible elementor-widget elementor-widget-image\" data-id=\"e1053d6\" data-element_type=\"widget\" data-settings=\"{&quot;_position&quot;:&quot;absolute&quot;,&quot;_animation&quot;:&quot;fadeInLeft&quot;,&quot;_animation_delay&quot;:200}\" data-widget_type=\"image.default\">\n\t\t\t\t<div class=\"elementor-widget-container\">\n\t\t\t\t\t\t\t\t\t\t\t\t\t\t\t<img alt=\"\" decoding=\"async\" width=\"305\" height=\"227\" src=\"https:\/\/tamerbadr.com\/wp-content\/uploads\/2022\/10\/opening-quote-icon.png\" class=\"attachment-full size-full wp-image-1947\" \/>\t\t\t\t\t\t\t\t\t\t\t\t\t\t\t<\/div>\n\t\t\t\t<\/div>\n\t\t\t\t\t<\/div>\n\t\t<\/div>\n\t\t\t\t\t<\/div>\n\t\t<\/section>\n\t\t<div class=\"elementor-element elementor-element-1a52feb e-flex e-con-boxed e-con e-parent\" data-id=\"1a52feb\" data-element_type=\"container\">\n\t\t\t\t\t<div class=\"e-con-inner\">\n\t\t\t\t<div class=\"elementor-element elementor-element-4b1dd68 elementor-widget elementor-widget-text-editor\" data-id=\"4b1dd68\" data-element_type=\"widget\" data-widget_type=\"text-editor.default\">\n\t\t\t\t<div class=\"elementor-widget-container\">\n\t\t\t\t\t\t\t\t\t<h4>Politika e Privat\u00ebsis\u00eb - Tamer Badr (tamerbadr.com)<\/h4><h2>P\u00ebrdit\u00ebsuar p\u00ebr her\u00eb t\u00eb fundit: (27 Mars 2025)<\/h2><h1>Mir\u00eb se vini n\u00eb faqen e internetit t\u00eb Tamer Badr (tamerbadr.com) (\u201cFaqja\u201d, \u201cne\u201d, \u201cneve\u201d ose \u201ctona\u201d). Ne jemi t\u00eb p\u00ebrkushtuar p\u00ebr t\u00eb mbrojtur privat\u00ebsin\u00eb tuaj dhe p\u00ebr t\u00eb respektuar t\u00eb dh\u00ebnat tuaja personale. Kjo politik\u00eb shpjegon se si mblidhen dhe p\u00ebrdoren informacionet tuaja kur shfletoni faqen ton\u00eb ose blini libra elektronik\u00eb nga dyqani yn\u00eb.<\/h1><p>\u2e3b<\/p><h3 class=\"translation-block\">1. Informacioni q\u00eb mbledhim<\/h3><h2>a) Informacioni q\u00eb na jepni<\/h2><h1 class=\"translation-block\">Kur b\u00ebni blerje ose komunikoni me ne, ne mund t\u00eb mbledhim informacionin e m\u00ebposht\u00ebm:<br> \u2022 emri i plot\u00eb<br> \u2022 Adresa e email-it<br> \u2022 numri i telefonit<br> \u2022 T\u00eb dh\u00ebnat e pages\u00ebs (ne nuk i ruajm\u00eb, ato p\u00ebrpunohen p\u00ebrmes ofruesve t\u00eb sh\u00ebrbimeve t\u00eb sigurta t\u00eb pagesave)<\/h1><h2>b) Informacioni i mbledhur automatikisht<\/h2><h4 class=\"translation-block\">Kur shfletoni faqen, ne mund t\u00eb mbledhim automatikisht disa informacione, t\u00eb tilla si:<\/h4><h1 class=\"translation-block\">\u2022 Adresa IP e pajisjes suaj<br> \u2022 Lloji dhe cil\u00ebsimet e shfletuesit<br> \u2022 Faqet q\u00eb vizitoni n\u00eb faqe<br> \u2022 Ora dhe data e vizit\u00ebs suaj<br> \u2022 Kukit\u00eb dhe teknologji t\u00eb tjera gjurmimi<\/h1><p>\u2e3b<\/p><h3>2. Si ta p\u00ebrdorni informacionin<\/h3><h2 class=\"translation-block\">Ne i p\u00ebrdorim t\u00eb dh\u00ebnat tuaja p\u00ebr t\u00eb:<\/h2><h1 class=\"translation-block\">\u2022 P\u00ebrpunimi i porosive dhe ofrimi i mund\u00ebsis\u00eb p\u00ebr t\u00eb shkarkuar libra elektronik\u00eb.<br> \u2022 P\u00ebrmir\u00ebsoni p\u00ebrvoj\u00ebn e p\u00ebrdoruesit dhe personalizoni p\u00ebrmbajtjen.<br> \u2022 D\u00ebrgimi i njoftimeve t\u00eb marketingut n\u00ebse pranoni ta b\u00ebni k\u00ebt\u00eb.<br> \u2022 Analizoni performanc\u00ebn e faqes p\u00ebrmes mjeteve t\u00eb tilla si Google Analytics.<br> \u2022 T\u00eb zbatojm\u00eb ligjet dhe t\u00eb mbrojm\u00eb t\u00eb drejtat tona.<\/h1><p>\u2e3b<\/p><h3>3. Politika e Dyqanit Online<\/h3><h2>a) Pagesa:<\/h2><h1 class=\"translation-block\">\u2022 Pagesa b\u00ebhet n\u00ebp\u00ebrmjet Instapay, Visa, Vodafone Cash ose \u00e7do metode tjet\u00ebr pagese elektronike.<br> \u2022 Ne nuk i ruajm\u00eb t\u00eb dh\u00ebnat e pagesave, pasi transaksionet kryhen p\u00ebrmes ofruesve t\u00eb autorizuar t\u00eb sh\u00ebrbimeve t\u00eb pagesave.<\/h1><h2 class=\"translation-block\">b) Rimbursimi:<\/h2><h1 class=\"translation-block\">\u2022 Librat elektronik\u00eb nuk rimbursohen pas blerjes dhe shkarkimit.<br> \u2022 N\u00ebse ka nj\u00eb problem teknik q\u00eb ju pengon t\u00eb shkarkoni librin, mund t\u00eb na kontaktoni p\u00ebr ta zgjidhur problemin.<\/h1><h2>c) Shkarkoni libra elektronik\u00eb:<\/h2><h1>\u2022 Pas pages\u00ebs s\u00eb suksesshme, p\u00ebrdoruesi do t\u00eb jet\u00eb n\u00eb gjendje ta shkarkoj\u00eb librin direkt.<\/h1><h1>\u2022 N\u00ebse keni ndonj\u00eb problem me shkarkimin, ju lutemi na kontaktoni n\u00ebp\u00ebrmjet faqes s\u00eb kontaktit.<\/h1><p>\u2e3b<\/p><h3>4. Reklamimi dhe P\u00ebrdorimi i Google AdSense<\/h3><h1>Faqja jon\u00eb p\u00ebrdor Google AdSense p\u00ebr t\u00eb shfaqur reklama dhe Google mund t\u00eb p\u00ebrdor\u00eb cookie-t p\u00ebr t\u00eb mbledhur t\u00eb dh\u00ebna n\u00eb lidhje me nd\u00ebrveprimin tuaj me reklamat. Ju mund t\u00eb \u00e7regjistroheni nga reklamat e personalizuara duke vizituar Cil\u00ebsimet e Reklamave t\u00eb Google. P\u00ebr m\u00eb shum\u00eb informacion, shihni Politik\u00ebn e Privat\u00ebsis\u00eb s\u00eb Google.<\/h1><p>\u2e3b<\/p><h3>5. Ndarja e t\u00eb dh\u00ebnave me pal\u00eb t\u00eb treta<\/h3><h2>Ne nuk i shesim ose ndajm\u00eb t\u00eb dh\u00ebnat tuaja personale, p\u00ebrve\u00e7:<\/h2><h1>\u2022 Ofruesit e sh\u00ebrbimeve t\u00eb pagesave: p\u00ebr t\u00eb p\u00ebrpunuar porosit\u00eb.<\/h1><h1>\u2022 Pajtueshm\u00ebria me ligjet: Kur \u00ebsht\u00eb e nevojshme p\u00ebr t\u00eb mbrojtur t\u00eb drejtat tona ose p\u00ebr t&#039;u pajtuar me ligjin.<\/h1><p>\u2e3b<\/p><h3>6. Kukit\u00eb dhe Teknologjit\u00eb e Gjurmimit<\/h3><h1>Ne p\u00ebrdorim cookies p\u00ebr t\u00eb p\u00ebrmir\u00ebsuar p\u00ebrvoj\u00ebn tuaj si p\u00ebrdorues, t\u00eb cil\u00ebn mund ta kontrolloni p\u00ebrmes cil\u00ebsimeve t\u00eb shfletuesit tuaj.<\/h1><p>\u2e3b<\/p><h3>7. Siguria e informacionit<\/h3><h1>Ne marrim masa sigurie p\u00ebr t\u00eb mbrojtur t\u00eb dh\u00ebnat tuaja, por nuk mund t\u00eb garantojm\u00eb siguri absolute n\u00eb internet.<\/h1><p>\u2e3b<\/p><h3>8. T\u00eb drejtat tuaja<\/h3><h1>Ju mund t\u00eb k\u00ebrkoni t\u00eb p\u00ebrdit\u00ebsoni ose fshini t\u00eb dh\u00ebnat tuaja ose t\u00eb \u00e7regjistroheni nga mesazhet e marketingut n\u00eb \u00e7do koh\u00eb duke na kontaktuar.<\/h1><p>\u2e3b<\/p><h3>9. Ndryshime n\u00eb Politik\u00eb<\/h3><h1>Ne mund t\u00eb p\u00ebrdit\u00ebsojm\u00eb Politik\u00ebn ton\u00eb t\u00eb Privat\u00ebsis\u00eb dhe \u00e7do ndryshim do t\u00eb postohet n\u00eb k\u00ebt\u00eb faqe.<\/h1><p>\u2e3b<\/p><h3>10. Si t\u00eb na kontaktoni<\/h3><h1><img decoding=\"async\" class=\"emoji\" role=\"img\" draggable=\"false\" src=\"https:\/\/s.w.org\/images\/core\/emoji\/15.0.3\/svg\/1f4e7.svg\" alt=\"\ud83d\udce7\" \/> info@tamerbadr.com<\/h1><h5><img decoding=\"async\" class=\"emoji\" role=\"img\" draggable=\"false\" src=\"https:\/\/s.w.org\/images\/core\/emoji\/15.0.3\/svg\/1f310.svg\" alt=\"\ud83c\udf10\" \/> <a href=\"https:\/\/tamerbadr.com\/sq\/contact-us\/\">tamerbadr.com\/kontakt<\/a><\/h5><p>\u2e3b<\/p>\t\t\t\t\t\t\t\t<\/div>\n\t\t\t\t<\/div>\n\t\t\t\t\t<\/div>\n\t\t\t\t<\/div>\n\t\t\t\t<section class=\"elementor-section elementor-top-section elementor-element elementor-element-8cea59d elementor-section-full_width elementor-section-height-default elementor-section-height-default elementor-invisible\" data-id=\"8cea59d\" data-element_type=\"section\" data-settings=\"{&quot;animation&quot;:&quot;fadeInUp&quot;}\">\n\t\t\t\t\t\t<div class=\"elementor-container elementor-column-gap-no\">\n\t\t\t\t\t<div class=\"elementor-column elementor-col-100 elementor-top-column elementor-element elementor-element-1914be3\" data-id=\"1914be3\" data-element_type=\"column\" data-settings=\"{&quot;background_background&quot;:&quot;classic&quot;}\">\n\t\t\t<div class=\"elementor-widget-wrap elementor-element-populated\">\n\t\t\t\t\t\t<div class=\"elementor-element elementor-element-e88d76f elementor-widget__width-auto elementor-absolute elementor-invisible elementor-widget elementor-widget-image\" data-id=\"e88d76f\" data-element_type=\"widget\" data-settings=\"{&quot;_position&quot;:&quot;absolute&quot;,&quot;_animation&quot;:&quot;fadeInLeft&quot;,&quot;_animation_delay&quot;:200}\" data-widget_type=\"image.default\">\n\t\t\t\t<div class=\"elementor-widget-container\">\n\t\t\t\t\t\t\t\t\t\t\t\t\t\t\t<img alt=\"\" decoding=\"async\" width=\"305\" height=\"227\" src=\"https:\/\/tamerbadr.com\/wp-content\/uploads\/2022\/10\/opening-quote-icon.png\" class=\"attachment-full size-full wp-image-1947\" \/>\t\t\t\t\t\t\t\t\t\t\t\t\t\t\t<\/div>\n\t\t\t\t<\/div>\n\t\t\t\t\t<\/div>\n\t\t<\/div>\n\t\t\t\t\t<\/div>\n\t\t<\/section>\n\t\t\t\t<\/div>","protected":false},"excerpt":{"rendered":"<p>\u062a\u0627\u0645\u0631 \u0628\u062f\u0631 \u0633\u064a\u0627\u0633\u0629 \u0627\u0644\u062e\u0635\u0648\u0635\u064a\u0629 \u0633\u064a\u0627\u0633\u0629 \u0627\u0644\u062e\u0635\u0648\u0635\u064a\u0629 \u2013 \u062a\u0627\u0645\u0631 \u0628\u062f\u0631 (tamerbadr.com) \u0622\u062e\u0631 \u062a\u062d\u062f\u064a\u062b: (27 \u0645\u0627\u0631\u0633 2025) \u0645\u0631\u062d\u0628\u064b\u0627 \u0628\u0643 \u0641\u064a \u0645\u0648\u0642\u0639 \u062a\u0627\u0645\u0631 \u0628\u062f\u0631 (tamerbadr.com) (\u201c\u0627\u0644\u0645\u0648\u0642\u0639\u201d\u060c \u201c\u0646\u062d\u0646\u201d\u060c \u201c\u0644\u0646\u0627\u201d \u0623\u0648 \u201c\u062e\u0627\u0635\u062a\u0646\u0627\u201d). \u0646\u062d\u0646 \u0646\u0644\u062a\u0632\u0645 \u0628\u062d\u0645\u0627\u064a\u0629 \u062e\u0635\u0648\u0635\u064a\u062a\u0643 \u0648\u0627\u062d\u062a\u0631\u0627\u0645 \u0628\u064a\u0627\u0646\u0627\u062a\u0643 \u0627\u0644\u0634\u062e\u0635\u064a\u0629. \u062a\u0648\u0636\u062d \u0647\u0630\u0647 \u0627\u0644\u0633\u064a\u0627\u0633\u0629 \u0643\u064a\u0641\u064a\u0629 \u062c\u0645\u0639 \u0645\u0639\u0644\u0648\u0645\u0627\u062a\u0643 \u0648\u0627\u0633\u062a\u062e\u062f\u0627\u0645\u0647\u0627 \u0639\u0646\u062f \u062a\u0635\u0641\u062d \u0645\u0648\u0642\u0639\u0646\u0627 \u0623\u0648 \u0634\u0631\u0627\u0621 \u0627\u0644\u0643\u062a\u0628 \u0627\u0644\u0625\u0644\u0643\u062a\u0631\u0648\u0646\u064a\u0629 \u0645\u0646 \u0645\u062a\u062c\u0631\u0646\u0627. \u2e3b 1. \u0627\u0644\u0645\u0639\u0644\u0648\u0645\u0627\u062a \u0627\u0644\u062a\u064a \u0646\u062c\u0645\u0639\u0647\u0627 [&hellip;]<\/p>","protected":false},"author":1,"featured_media":4468,"parent":0,"menu_order":0,"comment_status":"closed","ping_status":"closed","template":"elementor_header_footer","meta":{"_seopress_robots_primary_cat":"","_seopress_titles_title":"","_seopress_titles_desc":"","_seopress_robots_index":"","inline_featured_image":false,"_uf_show_specific_survey":0,"_uf_disable_surveys":false,"footnotes":""},"class_list":["post-20178","page","type-page","status-publish","has-post-thumbnail"],"_links":{"self":[{"href":"https:\/\/tamerbadr.com\/sq\/wp-json\/wp\/v2\/pages\/20178","targetHints":{"allow":["GET"]}}],"collection":[{"href":"https:\/\/tamerbadr.com\/sq\/wp-json\/wp\/v2\/pages"}],"about":[{"href":"https:\/\/tamerbadr.com\/sq\/wp-json\/wp\/v2\/types\/page"}],"author":[{"embeddable":true,"href":"https:\/\/tamerbadr.com\/sq\/wp-json\/wp\/v2\/users\/1"}],"replies":[{"embeddable":true,"href":"https:\/\/tamerbadr.com\/sq\/wp-json\/wp\/v2\/comments?post=20178"}],"version-history":[{"count":0,"href":"https:\/\/tamerbadr.com\/sq\/wp-json\/wp\/v2\/pages\/20178\/revisions"}],"wp:featuredmedia":[{"embeddable":true,"href":"https:\/\/tamerbadr.com\/sq\/wp-json\/wp\/v2\/media\/4468"}],"wp:attachment":[{"href":"https:\/\/tamerbadr.com\/sq\/wp-json\/wp\/v2\/media?parent=20178"}],"curies":[{"name":"wp","href":"https:\/\/api.w.org\/{rel}","templated":true}]}}