{"id":19581,"date":"2025-03-16T21:53:58","date_gmt":"2025-03-16T21:53:58","guid":{"rendered":"https:\/\/white-ant-267257.hostingersite.com\/?post_type=product&#038;p=19581"},"modified":"2025-07-13T07:21:59","modified_gmt":"2025-07-13T07:21:59","slug":"unforgettable-leaders-book","status":"publish","type":"product","link":"https:\/\/tamerbadr.com\/sk\/produkt\/unforgettable-leaders-book","title":{"rendered":"Kniha Nezabudnute\u013en\u00ed l\u00eddri"},"content":{"rendered":"<h1 style=\"text-align: center;\"><strong>\u00davod profesora Dr. Ragheba El-Serganyho ku knihe Nezabudnute\u013en\u00ed l\u00eddri<\/strong><\/h1>\n<h1 style=\"text-align: center;\">V dejin\u00e1ch islamsk\u00e9ho n\u00e1roda s\u00fa mu\u017ei, ktor\u00ed osvet\u013eovali dejiny pre t\u00fdch, ktor\u00ed pri\u0161li po nich, mu\u017ei, ktor\u00ed sa vyznamenali v ka\u017edej oblasti.<\/h1>\n<h1 style=\"text-align: center;\">Mo\u017eno v dejin\u00e1ch \u017eiadneho n\u00e1roda nen\u00e1jdete tak\u00fdto po\u010det brilantn\u00fdch post\u00e1v. Pod\u013ea Ibn Umara, nech je s n\u00edm Boh spokojn\u00fd, ktor\u00fd povedal: Posol Bo\u017e\u00ed, nech ho Boh po\u017eehn\u00e1 a daruje mu mier, povedal: \u201eN\u00e1jdete \u013eud\u00ed zhroma\u017e\u010fuj\u00facich sa na stovke miest a ani jeden \u010dlovek medzi nimi nen\u00e1jde kopu.\u201c Rozpr\u00e1vali Al-Bukhari a Muslim.<\/h1>\n<h1 style=\"text-align: center;\">V\u00fdznamn\u00fdch mu\u017eov vo v\u0161eobecnej hist\u00f3rii je teda m\u00e1lo, ale mnoh\u00ed z nich sa objavili a vynikli v islamskej hist\u00f3rii a islamskej civiliz\u00e1cii.<\/h1>\n<h1 style=\"text-align: center;\">Islamsk\u00fd \u0161t\u00e1t sa zrodil zo stato\u010dn\u00fdch, hrdinsk\u00fdch mud\u017eahed\u00ednov. Hist\u00f3ria islamu pozn\u00e1, ko\u013eko vodcov sa objavilo a viedli islamsk\u00e9 arm\u00e1dy k ve\u013ek\u00fdm v\u00ed\u0165azstv\u00e1m, v\u010faka v\u0161emoh\u00facemu Bohu a potom v\u010faka ich genialite a odvahe!<\/h1>\n<h1 style=\"text-align: center;\">Vek nebol faktorom pri ur\u010dovan\u00ed vodcov v islame, ale sk\u00f4r kompetencia a schopnosti. Bo\u017e\u00ed posol, nech ho Boh \u017eehn\u00e1 a daruje mu mier, si vybral osemn\u00e1s\u0165ro\u010dn\u00e9ho Us\u00e1mu bin Zaida, aby viedol arm\u00e1du v boji proti Rimanom, a pod jeho velen\u00edm boli Abu Bakr a Umar bin Al-Chattab.<\/h1>\n<h1 style=\"text-align: center;\">To, \u017ee ako prv\u00fd prijal islam, tie\u017e nebolo faktorom. Bo\u017e\u00ed posol, nech ho Boh \u017eehn\u00e1 a daruje mu mier, vymenoval Amra ibn al-\u00c1sa (nech je s n\u00edm Boh spokojn\u00fd) nad najstar\u0161\u00edmi spolo\u010dn\u00edkmi v bitke pri Dhat al-Salasil, hoci s\u00e1m konvertoval na islam len nieko\u013eko dn\u00ed predt\u00fdm. Podobne aj Ch\u00e1lid ibn al-V\u00e1lid (nech je s n\u00edm Boh spokojn\u00fd) viedol najstar\u0161\u00edch spolo\u010dn\u00edkov v bitke pri Mu&#039;tah, hoci ned\u00e1vno konvertoval na islam.<\/h1>\n<h1 style=\"text-align: center;\">Krit\u00e9ri\u00e1 pre v\u00fdber vodcov v islamskej hist\u00f3rii boli objekt\u00edvne a s\u00faviseli v\u00fdlu\u010dne s kompetenciami. Preto islamsk\u00e1 civiliz\u00e1cia po\u010das svojej hist\u00f3rie produkovala v\u00fdnimo\u010dn\u00fdch vodcov, ktor\u00ed nemali konkurenciu.<\/h1>\n<h1 style=\"text-align: center;\">Potom sa moslimovia nau\u010dili, \u017ee musia pripravova\u0165 bud\u00facich vodcov; preto sa roz\u0161\u00edril v\u00fdcvik v jazdectve, d\u017eih\u00e1de a lukostre\u013ebe.<\/h1>\n<h1 style=\"text-align: center;\">Dejiny vedenia v islame s\u00fa bohat\u00e9 na hlbok\u00e9 v\u00fdznamy, koncepty a jedine\u010dn\u00e9 osobnosti; preto je t\u00e1to kniha d\u00f4le\u017eit\u00e1.<\/h1>\n<h1 style=\"text-align: center;\">Autor, brat Tamer Badr - nech ho Boh ochra\u0148uje - sa zauj\u00edmal o sledovanie biografi\u00ed moslimsk\u00fdch vodcov a predstavil n\u00e1m ich v...<\/h1>\n<h1 style=\"text-align: center;\">\u013dahk\u00fd, elegantn\u00fd a v\u00fdsti\u017en\u00fd \u0161t\u00fdl, v ktorom vy\u0165a\u017eil najd\u00f4le\u017eitej\u0161ie body, ktor\u00e9 n\u00e1rod potrebuje, aby pochopil, ako to bolo.<\/h1>\n<h1 style=\"text-align: center;\">L\u00eddri s\u00fa pripraven\u00ed, aby ste z nich mohli vychova\u0165 nov\u00e9 gener\u00e1cie.<\/h1>\n<h1 style=\"text-align: center;\">Ako n\u00e1s autor zvykol u\u017e vo svojej predch\u00e1dzaj\u00facej knihe (Nezabudnute\u013en\u00e9 dni), kniha v\u00e1s zaujme \u0161t\u00fdlom, ktor\u00fd v\u00e1s zaujme. Ke\u010f ju za\u010dnete \u010d\u00edta\u0165, budete ma\u0165 chu\u0165 pokra\u010dova\u0165 a\u017e do konca.<\/h1>\n<h1 style=\"text-align: center;\">Pros\u00edm V\u0161emoh\u00faceho Boha, aby prijal autorovo \u00fasilie v jeho knihe, aby knihu schv\u00e1lil a aby prostredn\u00edctvom nej prospieval moslimom. On je ochrancom tejto knihy a je schopn\u00fd to urobi\u0165.<\/h1>\n<h1 style=\"text-align: center;\">\u00a0Prof. Dr. Ragheb Al-Sergani<\/h1>\n<h1 style=\"text-align: center;\">K\u00e1hira v novembri 2011<\/h1>","protected":false},"excerpt":{"rendered":"<p>\u0645\u0642\u062f\u0645\u0629 \u0627\u0644\u0627\u0633\u062a\u0627\u0630 \u0627\u0644\u062f\u0643\u062a\u0648\u0631 \u0631\u0627\u063a\u0628 \u0627\u0644\u0633\u0631\u062c\u0627\u0646\u064a \u0644\u0643\u062a\u0627\u0628 \u0642\u0627\u062f\u0629 \u0644\u0627 \u062a\u0646\u0633\u0649 \u0641\u064a \u062a\u0627\u0631\u064a\u062e \u0623\u064f\u0645\u0629 \u0627\u0644\u0625\u0633\u0644\u0627\u0645 \u0631\u062c\u0627\u0644 \u0623\u0636\u0627\u0621\u0648\u0627 \u0627\u0644\u062a\u0627\u0631\u064a\u062e \u0644\u0645\u0646 \u062c\u0627\u0621 \u0628\u0639\u062f\u0647\u0645\u060c \u0631\u062c\u0627\u0644 \u062a\u0645\u064a\u0632\u0648\u0627 \u0641\u064a \u0643\u0644 \u0645\u062c\u0627\u0644\u060c \u0648\u0631\u0628\u0645\u0627 \u0644\u0627 \u062a\u062c\u062f \u0641\u064a \u062a\u0627\u0631\u064a\u062e \u0623\u064f\u0645\u0629 \u0645\u0646 \u0627\u0644\u0623\u0645\u0645 \u0647\u0630\u0627 \u0627\u0644\u0639\u062f\u062f \u0645\u0646 \u0627\u0644\u0631\u0645\u0648\u0632 \u0627\u0644\u0644\u0627\u0645\u0639\u0629\u061b \u0641\u0639\u0646 \u0627\u0628\u0646 \u0639\u0645\u0631 \u0631\u0636\u064a \u0627\u0644\u0644\u0647 \u0639\u0646\u0647 \u0642\u0627\u0644: \u0642\u0627\u0644 \u0631\u0633\u0648\u0644 \u0627\u0644\u0644\u0647 \ufdfa: \u00ab\u062a\u064e\u062c\u0650\u062f\u064f\u0648\u0646\u064e \u0627\u0644\u0646\u0651\u064e\u0627\u0633\u064e \u0643\u064e\u0627\u0628\u0650\u0644 \u0645\u0650\u0627\u0626\u064e\u0629\u064d \u0644\u064e\u0627 \u064a\u064e\u062c\u0650\u062f\u064f \u0627\u0644\u0631\u0651\u064e\u062c\u064f\u0644\u064f [&hellip;]<\/p>","protected":false},"featured_media":19693,"comment_status":"open","ping_status":"closed","template":"","meta":{"_seopress_robots_primary_cat":"","_seopress_titles_title":"","_seopress_titles_desc":"","_seopress_robots_index":"","inline_featured_image":false,"_uf_show_specific_survey":0,"_uf_disable_surveys":false},"product_brand":[],"product_cat":[189],"product_tag":[],"class_list":{"0":"post-19581","1":"product","2":"type-product","3":"status-publish","4":"has-post-thumbnail","6":"product_cat-189","8":"first","9":"instock","10":"downloadable","11":"shipping-taxable","12":"purchasable","13":"product-type-simple"},"_links":{"self":[{"href":"https:\/\/tamerbadr.com\/sk\/wp-json\/wp\/v2\/product\/19581","targetHints":{"allow":["GET"]}}],"collection":[{"href":"https:\/\/tamerbadr.com\/sk\/wp-json\/wp\/v2\/product"}],"about":[{"href":"https:\/\/tamerbadr.com\/sk\/wp-json\/wp\/v2\/types\/product"}],"replies":[{"embeddable":true,"href":"https:\/\/tamerbadr.com\/sk\/wp-json\/wp\/v2\/comments?post=19581"}],"wp:featuredmedia":[{"embeddable":true,"href":"https:\/\/tamerbadr.com\/sk\/wp-json\/wp\/v2\/media\/19693"}],"wp:attachment":[{"href":"https:\/\/tamerbadr.com\/sk\/wp-json\/wp\/v2\/media?parent=19581"}],"wp:term":[{"taxonomy":"product_brand","embeddable":true,"href":"https:\/\/tamerbadr.com\/sk\/wp-json\/wp\/v2\/product_brand?post=19581"},{"taxonomy":"product_cat","embeddable":true,"href":"https:\/\/tamerbadr.com\/sk\/wp-json\/wp\/v2\/product_cat?post=19581"},{"taxonomy":"product_tag","embeddable":true,"href":"https:\/\/tamerbadr.com\/sk\/wp-json\/wp\/v2\/product_tag?post=19581"}],"curies":[{"name":"pracovn\u00fd list","href":"https:\/\/api.w.org\/{rel}","templated":true}]}}