{"id":19575,"date":"2025-03-16T21:38:04","date_gmt":"2025-03-16T21:38:04","guid":{"rendered":"https:\/\/white-ant-267257.hostingersite.com\/?post_type=product&#038;p=19575"},"modified":"2025-07-13T07:22:37","modified_gmt":"2025-07-13T07:22:37","slug":"unforgettable-days-book","status":"publish","type":"product","link":"https:\/\/tamerbadr.com\/sk\/produkt\/unforgettable-days-book","title":{"rendered":"Kniha Nezabudnute\u013en\u00e9 dni"},"content":{"rendered":"<h1 style=\"text-align: center;\"><strong>\u00davod profesora Dr. Ragheba Al-Sarjaniho ku knihe Nezabudnute\u013en\u00e9 dni<\/strong><\/h1>\n<h1 style=\"text-align: center;\">Islamsk\u00e9 dejiny boli v priebehu rokov a storo\u010d\u00ed ve\u013emi zanedb\u00e1van\u00e9. V\u00fdsledkom bolo, \u017ee mnoh\u00ed orientalisti a z\u00e1padniari s t\u00fdmito dejinami manipulovali. V d\u00f4sledku toho m\u00e1me dejiny, ktor\u00e9 sa ve\u013emi l\u00ed\u0161ia od pravdy. A \u010do je e\u0161te hor\u0161ie, uprostred t\u00fdchto skreslen\u00ed sa stratili ponau\u010denia a mor\u00e1lka. Dejiny sa tak stali akademickou \u0161t\u00fadiou, ktor\u00e1 pre \u010ditate\u013eov nem\u00e1 \u017eiadny v\u00fdznam. V d\u00f4sledku toho sa zdr\u017eali ich \u010d\u00edtania a \u0161t\u00fadia.<\/h1>\n<h1 style=\"text-align: center;\">Tv\u00e1rou v tv\u00e1r tejto z\u00fafalej situ\u00e1cii sa museli niektor\u00ed horliv\u00ed \u013eudia postavi\u0165, aby zachr\u00e1nili t\u00fato dlh\u00fa hist\u00f3riu; v skuto\u010dnosti, aby zachr\u00e1nili moslimsk\u00fa ml\u00e1de\u017e, ktor\u00e1 nena\u0161la vhodn\u00fd a spo\u013eahliv\u00fd zdroj na \u010d\u00edtanie o hist\u00f3rii n\u00e1roda. V skuto\u010dnosti nepreh\u00e1\u0148am, ke\u010f hovor\u00edm: Cel\u00fd svet \u2013 moslimsk\u00fd aj nemoslimsk\u00fd \u2013 potrebuje t\u00fato sl\u00e1vnu islamsk\u00fa hist\u00f3riu, preto\u017ee svet nikdy nepoznal ni\u010d tak\u00e9 skvel\u00e9 a oslniv\u00e9, ako to, \u010do sme na\u0161li v na\u0161ej ve\u013ekej hist\u00f3rii.<\/h1>\n<h1 style=\"text-align: center;\">Kniha, ktor\u00fa dr\u017e\u00edme v ruk\u00e1ch, je akousi pom\u00f4ckou!<\/h1>\n<h1 style=\"text-align: center;\">Toto je cenn\u00e1 kniha, ktor\u00e1 \u0161ikovne sp\u00e1ja obrovsk\u00e9 mno\u017estvo k\u013e\u00fa\u010dov\u00fdch dn\u00ed v dejin\u00e1ch islamsk\u00e9ho n\u00e1roda. T\u00e1to obrovsk\u00e1 zbierka v\u0161ak neviedla k podobne obrovsk\u00e9mu po\u010dtu str\u00e1n! To sved\u010d\u00ed o autorovom mimoriadnom majstrovstve vo v\u00fdbere u\u017eito\u010dn\u00e9ho z ka\u017edej bitky a d\u00f4le\u017eit\u00e9ho z ka\u017ed\u00e9ho stretnutia. Mo\u017eno pr\u00e1ve toto je jedna z najv\u00fdraznej\u0161\u00edch vlastnost\u00ed, ktor\u00e1 odli\u0161uje t\u00fato knihu od ostatn\u00fdch, preto\u017ee autor sa vyzna\u010duje brilantnou schopnos\u0165ou zhrn\u00fa\u0165 a s\u00fastredi\u0165 sa, tak\u017ee po pre\u010d\u00edtan\u00ed \u0161tyroch alebo piatich str\u00e1n o rozsiahlej bitke m\u00e1te pocit, \u017ee ste pre\u010d\u00edtali v\u0161etko a nepotrebujete \u017eiadne \u010fal\u0161ie inform\u00e1cie, zatia\u013e \u010do odborn\u00edci vedia, \u017ee historik dok\u00e1\u017ee o tak\u00fdchto bitk\u00e1ch nap\u00edsa\u0165 cel\u00e9 zv\u00e4zky!<\/h1>\n<h1 style=\"text-align: center;\">T\u00e1to kniha sa vyzna\u010duje aj \u013eahkou navig\u00e1ciou medzi r\u00f4znymi etapami islamsk\u00fdch dej\u00edn. Za\u010d\u00edna prorockou \u00e9rou a potom primeranou r\u00fdchlos\u0165ou preskakuje medzi r\u00f4znymi historick\u00fdmi obdobiami, ako s\u00fa napr\u00edklad \u00e9ry Ra\u0161\u00eddunov, Umajjovcov, Abb\u00e1sovcov, Ajj\u00fabovcov, Mamelukov a Osmanovcov. Nezanedb\u00e1va ani geografick\u00fa navig\u00e1ciu v r\u00f4znych k\u00fatoch sveta. Dosahuje V\u00fdchod a hovor\u00ed o bitk\u00e1ch v Indii a op\u00fa\u0161\u0165a V\u00fdchod na Z\u00e1pade a opisuje bitky v Andal\u00fazii!<\/h1>\n<h1 style=\"text-align: center;\">\u010eal\u0161\u00edm charakteristick\u00fdm znakom tejto knihy je, \u017ee pojedn\u00e1va o mnoh\u00fdch bitk\u00e1ch, o ktor\u00fdch mnoh\u00ed moslimovia nevedia \u017eiadne podrobnosti. V skuto\u010dnosti nepreh\u00e1\u0148am, ke\u010f hovor\u00edm: moslimovia nepoznaj\u00fa ani ich men\u00e1! Sta\u010d\u00ed mi spomen\u00fa\u0165 napr\u00edklad bitky pri Ain al-Tamr, dobytie Dibalu, bitku pri Talasu, dobytie Somn\u00e1tu, bitku pri Nikopole, bitku pri Moh\u00e1\u010di a \u010fal\u0161ie bitky, ktor\u00fdch zmienka bola zabudnut\u00e1 a ktor\u00fdch str\u00e1nky boli pokryt\u00e9 prachom, a\u017e k\u00fdm tento autor s \u00faprimnos\u0165ou a starostlivos\u0165ou neodhalil pravdu o t\u00fdchto rozhoduj\u00facich d\u0148och.<\/h1>\n<h1 style=\"text-align: center;\">Predov\u0161etk\u00fdm vy\u0161\u0161ie uveden\u00e9 sa t\u00e1to cenn\u00e1 kniha vyzna\u010duje dvoma vecami, ktor\u00e9 ju odli\u0161uj\u00fa od mnoh\u00fdch diel, ktor\u00e9 zap\u013a\u0148aj\u00fa islamsk\u00fa kni\u017enicu, a robia ju vo svojom odbore jedine\u010dnou.<\/h1>\n<h1 style=\"text-align: center;\">Prv\u00fdm bodom je, \u017ee sa neobmedzuje len na v\u00ed\u0165azstv\u00e1 moslimov, ale s kr\u00e1snou nestrannos\u0165ou a extr\u00e9mnou presnos\u0165ou spom\u00edna hlavn\u00e9 bitky, v ktor\u00fdch boli moslimovia porazen\u00ed! Ako napr\u00edklad bitka pri Uhude, bitka pri Tours, bitka pri Al-Uqabe a \u010fal\u0161ie por\u00e1\u017eky. Toto je v skuto\u010dnosti jasn\u00fdm pr\u00edkladom autorovej inteligencie, preto\u017ee \u010ditate\u013eovi demon\u0161truje svoju \u010destnos\u0165 pri prezentovan\u00ed udalost\u00ed a zd\u00f4raz\u0148uje, \u017ee \u010das je cyklus medzi n\u00e1rodmi. Z\u00e1rove\u0148 \u010ditate\u013eov neuber\u00e1 o mo\u017enos\u0165 \u010derpa\u0165 z d\u00f4le\u017eit\u00fdch ponau\u010den\u00ed z t\u00fdchto bitiek.<\/h1>\n<h1 style=\"text-align: center;\">Druhou vecou je, \u017ee autor sa nezastavil len pri rozpr\u00e1van\u00ed udalost\u00ed ako mnoh\u00ed autori, ale sk\u00f4r sa ponoril do problematiky a h\u013eadal faktory v\u00ed\u0165azstva a d\u00f4vody por\u00e1\u017eky, tak\u017ee \u010ditate\u013e knihy si odnesie bohat\u00fa zbierku d\u00f4vodov vzostupu alebo p\u00e1du n\u00e1rodov, a t\u00fdm je cie\u013e rozpr\u00e1vania pr\u00edbehu dosiahnut\u00fd; ako n\u00e1m uk\u00e1zal n\u00e1\u0161 P\u00e1n, ke\u010f povedal: {V ich pr\u00edbehoch je ponau\u010denie pre t\u00fdch, ktor\u00ed maj\u00fa rozum} [Yusuf: 111]... Pravdou je, \u017ee autor to v\u0161etko vytvoril s vysok\u00fdm a vynikaj\u00facim remeseln\u00fdm spracovan\u00edm.<\/h1>\n<h1 style=\"text-align: center;\">Nakoniec:<\/h1>\n<h1 style=\"text-align: center;\">Toto remeseln\u00e9 spracovanie autora nezabr\u00e1nilo jeho \u0161t\u00fdlu by\u0165 jemn\u00fdm a kr\u00e1snym. V\u00fdrazy knihy s\u00fa elegantn\u00e9, slov\u00e1 kr\u00e1sne a jej prezent\u00e1cia je plynul\u00e1 a pr\u00edjemn\u00e1, \u010do knihe dod\u00e1va n\u00e1dheru a eleganciu.<\/h1>\n<h1 style=\"text-align: center;\">Hoci viem, \u017ee toto je autorov prv\u00fd pokus o vojensk\u00e9 p\u00edsanie, som si ist\u00fd, \u017ee to nebude jeho posledn\u00fd pokus. Bitky islamskej hist\u00f3rie a ich detaily si vy\u017eaduj\u00fa stovky zv\u00e4zkov a tis\u00edce vysvetlen\u00ed a anal\u00fdz.<\/h1>\n<h1 style=\"text-align: center;\">Nech Alah odmen\u00ed profesora Tamera Badra za jeho ve\u013ek\u00e9 \u00fasilie. Moja rada mu je, aby si svoj z\u00e1mer v\u017edy obnovoval s ka\u017edou knihou, aby V\u0161emoh\u00faci Alah mohol zabezpe\u010di\u0165 \u0161irok\u00e9 roz\u0161\u00edrenie jeho kn\u00edh a udeli\u0165 mu bohat\u00fa odmenu a komplexn\u00e9 vynahradenie.<\/h1>\n<h1 style=\"text-align: center;\">Pros\u00edm Boha, aby osl\u00e1vil islam a moslimov<\/h1>\n<h1 style=\"text-align: center;\">Prof. Dr. Ragheb Al-Sarjani<\/h1>","protected":false},"excerpt":{"rendered":"<p>\u0645\u0642\u062f\u0645\u0629 \u0627\u0644\u0627\u0633\u062a\u0627\u0630 \u0627\u0644\u062f\u0643\u062a\u0648\u0631 \u0631\u0627\u063a\u0628 \u0627\u0644\u0633\u0631\u062c\u0627\u0646\u064a \u0644\u0643\u062a\u0627\u0628 \u0623\u064a\u0627\u0645 \u0644\u0627 \u062a\u0646\u0633\u0649 \u0639\u0627\u0646\u064a \u0627\u0644\u062a\u0627\u0631\u064a\u062e \u0627\u0644\u0625\u0633\u0644\u0627\u0645\u064a \u0643\u062b\u064a\u0631\u064b\u0627 \u0645\u0646 \u0627\u0644\u0625\u0647\u0645\u0627\u0644 \u0639\u0644\u0649 \u0645\u062f\u0627\u0631 \u0627\u0644\u0633\u0646\u0648\u0627\u062a \u0648\u0627\u0644\u0642\u0631\u0648\u0646\u060c \u0648\u0643\u0627\u0646\u062a \u0627\u0644\u0646\u062a\u064a\u062c\u0629 \u0623\u0646 \u0639\u0628\u062b \u0643\u062b\u064a\u0631 \u0645\u0646 \u0627\u0644\u0645\u0633\u062a\u0634\u0631\u0642\u064a\u0646 \u0648\u0627\u0644\u0645\u0633\u062a\u063a\u0631\u0628\u064a\u0646 \u0641\u064a \u0647\u0630\u0627 \u0627\u0644\u062a\u0627\u0631\u064a\u062e\u061b \u0648\u0628\u0627\u0644\u062a\u0627\u0644\u064a \u062e\u0631\u062c \u0644\u0646\u0627 \u0627\u0644\u062a\u0627\u0631\u064a\u062e \u0628\u0635\u0648\u0631\u0629 \u0645\u063a\u0627\u064a\u0631\u0629 \u0643\u062b\u064a\u0631\u064b\u0627 \u0639\u0646 \u0627\u0644\u062d\u0642\u064a\u0642\u0629\u060c \u0648\u0627\u0644\u0623\u0646\u0643\u0649 \u0645\u0646 \u0630\u0644\u0643 \u0623\u0646 \u0627\u0644\u062f\u0631\u0648\u0633 \u0648\u0627\u0644\u0639\u0628\u0631 \u062a\u0627\u0647\u062a \u0648\u0633\u0637 \u0647\u0630\u0647 \u0627\u0644\u062a\u062d\u0631\u064a\u0641\u0627\u062a\u060c \u0641\u0635\u0627\u0631 \u0627\u0644\u062a\u0627\u0631\u064a\u062e \u062f\u0631\u0627\u0633\u0629 \u0623\u0643\u0627\u062f\u064a\u0645\u064a\u0629 \u0644\u0627 \u0645\u0639\u0646\u0649 [&hellip;]<\/p>","protected":false},"featured_media":19689,"comment_status":"open","ping_status":"closed","template":"","meta":{"_seopress_robots_primary_cat":"","_seopress_titles_title":"","_seopress_titles_desc":"","_seopress_robots_index":"","inline_featured_image":false,"_uf_show_specific_survey":0,"_uf_disable_surveys":false},"product_brand":[],"product_cat":[189],"product_tag":[],"class_list":{"0":"post-19575","1":"product","2":"type-product","3":"status-publish","4":"has-post-thumbnail","6":"product_cat-189","8":"first","9":"instock","10":"downloadable","11":"shipping-taxable","12":"purchasable","13":"product-type-simple"},"_links":{"self":[{"href":"https:\/\/tamerbadr.com\/sk\/wp-json\/wp\/v2\/product\/19575","targetHints":{"allow":["GET"]}}],"collection":[{"href":"https:\/\/tamerbadr.com\/sk\/wp-json\/wp\/v2\/product"}],"about":[{"href":"https:\/\/tamerbadr.com\/sk\/wp-json\/wp\/v2\/types\/product"}],"replies":[{"embeddable":true,"href":"https:\/\/tamerbadr.com\/sk\/wp-json\/wp\/v2\/comments?post=19575"}],"wp:featuredmedia":[{"embeddable":true,"href":"https:\/\/tamerbadr.com\/sk\/wp-json\/wp\/v2\/media\/19689"}],"wp:attachment":[{"href":"https:\/\/tamerbadr.com\/sk\/wp-json\/wp\/v2\/media?parent=19575"}],"wp:term":[{"taxonomy":"product_brand","embeddable":true,"href":"https:\/\/tamerbadr.com\/sk\/wp-json\/wp\/v2\/product_brand?post=19575"},{"taxonomy":"product_cat","embeddable":true,"href":"https:\/\/tamerbadr.com\/sk\/wp-json\/wp\/v2\/product_cat?post=19575"},{"taxonomy":"product_tag","embeddable":true,"href":"https:\/\/tamerbadr.com\/sk\/wp-json\/wp\/v2\/product_tag?post=19575"}],"curies":[{"name":"pracovn\u00fd list","href":"https:\/\/api.w.org\/{rel}","templated":true}]}}