{"id":20313,"date":"2025-03-21T17:43:18","date_gmt":"2025-03-21T17:43:18","guid":{"rendered":"https:\/\/white-ant-267257.hostingersite.com\/?page_id=20313"},"modified":"2025-07-31T13:33:04","modified_gmt":"2025-07-31T13:33:04","slug":"visions-2011-2015","status":"publish","type":"page","link":"https:\/\/tamerbadr.com\/sk\/visions-2011-2015","title":{"rendered":"V\u00edzie 2011 \u2013 2015"},"content":{"rendered":"<div data-elementor-type=\"wp-page\" data-elementor-id=\"20313\" class=\"elementor elementor-20313\" data-elementor-post-type=\"page\">\n\t\t\t\t\t\t<section class=\"elementor-section elementor-top-section elementor-element elementor-element-325f7dc elementor-section-full_width elementor-section-height-default elementor-section-height-default\" data-id=\"325f7dc\" data-element_type=\"section\" data-settings=\"{&quot;background_background&quot;:&quot;classic&quot;}\">\n\t\t\t\t\t\t<div class=\"elementor-container elementor-column-gap-no\">\n\t\t\t\t\t<div class=\"elementor-column elementor-col-100 elementor-top-column elementor-element elementor-element-a5ff8d0\" data-id=\"a5ff8d0\" data-element_type=\"column\">\n\t\t\t<div class=\"elementor-widget-wrap elementor-element-populated\">\n\t\t\t\t\t\t<section class=\"elementor-section elementor-inner-section elementor-element elementor-element-dce55a7 elementor-section-content-middle elementor-section-boxed elementor-section-height-default elementor-section-height-default\" data-id=\"dce55a7\" data-element_type=\"section\" data-settings=\"{&quot;background_background&quot;:&quot;classic&quot;}\">\n\t\t\t\t\t\t<div class=\"elementor-container elementor-column-gap-no\">\n\t\t\t\t\t<div class=\"elementor-column elementor-col-50 elementor-inner-column elementor-element elementor-element-07e74d4\" data-id=\"07e74d4\" data-element_type=\"column\">\n\t\t\t<div class=\"elementor-widget-wrap elementor-element-populated\">\n\t\t\t\t\t\t<div class=\"elementor-element elementor-element-3f5a13a elementor-invisible elementor-widget elementor-widget-heading\" data-id=\"3f5a13a\" data-element_type=\"widget\" data-settings=\"{&quot;_animation&quot;:&quot;fadeInLeft&quot;}\" data-widget_type=\"heading.default\">\n\t\t\t\t<div class=\"elementor-widget-container\">\n\t\t\t\t\t<h3 class=\"elementor-heading-title elementor-size-default\">V\u00edzie Tamera Badra<\/h3>\t\t\t\t<\/div>\n\t\t\t\t<\/div>\n\t\t\t\t<div class=\"elementor-element elementor-element-dbbb606 elementor-invisible elementor-widget elementor-widget-heading\" data-id=\"dbbb606\" data-element_type=\"widget\" data-settings=\"{&quot;_animation&quot;:&quot;fadeInRight&quot;}\" data-widget_type=\"heading.default\">\n\t\t\t\t<div class=\"elementor-widget-container\">\n\t\t\t\t\t<h2 class=\"elementor-heading-title elementor-size-default\">2011-2015\n<\/h2>\t\t\t\t<\/div>\n\t\t\t\t<\/div>\n\t\t\t\t\t<\/div>\n\t\t<\/div>\n\t\t\t\t<div class=\"elementor-column elementor-col-50 elementor-inner-column elementor-element elementor-element-a748cf0\" data-id=\"a748cf0\" data-element_type=\"column\">\n\t\t\t<div class=\"elementor-widget-wrap elementor-element-populated\">\n\t\t\t\t\t\t<div class=\"elementor-element elementor-element-86be1ed elementor-widget__width-auto elementor-widget-laptop__width-initial elementor-widget-tablet__width-auto elementor-invisible elementor-widget elementor-widget-image\" data-id=\"86be1ed\" data-element_type=\"widget\" data-settings=\"{&quot;_animation&quot;:&quot;fadeInLeft&quot;}\" data-widget_type=\"image.default\">\n\t\t\t\t<div class=\"elementor-widget-container\">\n\t\t\t\t\t\t\t\t\t\t\t\t\t\t\t<img alt=\"\" fetchpriority=\"high\" decoding=\"async\" width=\"330\" height=\"250\" src=\"https:\/\/tamerbadr.com\/wp-content\/uploads\/2025\/03\/463441143_8625855717500959_1120569030532963356_n-1.jpg\" class=\"elementor-animation-float attachment-full size-full wp-image-20368\" \/>\t\t\t\t\t\t\t\t\t\t\t\t\t\t\t<\/div>\n\t\t\t\t<\/div>\n\t\t\t\t\t<\/div>\n\t\t<\/div>\n\t\t\t\t\t<\/div>\n\t\t<\/section>\n\t\t\t\t<div class=\"elementor-element elementor-element-f3f2f23 elementor-widget__width-auto elementor-absolute elementor-widget elementor-widget-image\" data-id=\"f3f2f23\" data-element_type=\"widget\" data-settings=\"{&quot;_position&quot;:&quot;absolute&quot;}\" data-widget_type=\"image.default\">\n\t\t\t\t<div class=\"elementor-widget-container\">\n\t\t\t\t\t\t\t\t\t\t\t\t\t\t\t<img alt=\"\" decoding=\"async\" width=\"956\" height=\"825\" src=\"https:\/\/tamerbadr.com\/wp-content\/uploads\/2022\/10\/about-dot-vector.png\" class=\"attachment-full size-full wp-image-883\" \/>\t\t\t\t\t\t\t\t\t\t\t\t\t\t\t<\/div>\n\t\t\t\t<\/div>\n\t\t\t\t\t<\/div>\n\t\t<\/div>\n\t\t\t\t\t<\/div>\n\t\t<\/section>\n\t\t\t\t<section class=\"elementor-section elementor-top-section elementor-element elementor-element-b661bd3 elementor-section-full_width elementor-section-height-default elementor-section-height-default\" data-id=\"b661bd3\" data-element_type=\"section\" data-settings=\"{&quot;background_background&quot;:&quot;classic&quot;}\">\n\t\t\t\t\t\t<div class=\"elementor-container elementor-column-gap-no\">\n\t\t\t\t\t<div class=\"elementor-column elementor-col-100 elementor-top-column elementor-element elementor-element-e5c672a\" data-id=\"e5c672a\" data-element_type=\"column\">\n\t\t\t<div class=\"elementor-widget-wrap elementor-element-populated\">\n\t\t\t\t\t\t<div class=\"elementor-element elementor-element-e1053d6 elementor-widget__width-auto elementor-absolute elementor-invisible elementor-widget elementor-widget-image\" data-id=\"e1053d6\" data-element_type=\"widget\" data-settings=\"{&quot;_position&quot;:&quot;absolute&quot;,&quot;_animation&quot;:&quot;fadeInLeft&quot;,&quot;_animation_delay&quot;:200}\" data-widget_type=\"image.default\">\n\t\t\t\t<div class=\"elementor-widget-container\">\n\t\t\t\t\t\t\t\t\t\t\t\t\t\t\t<img alt=\"\" decoding=\"async\" width=\"305\" height=\"227\" src=\"https:\/\/tamerbadr.com\/wp-content\/uploads\/2022\/10\/opening-quote-icon.png\" class=\"attachment-full size-full wp-image-1947\" \/>\t\t\t\t\t\t\t\t\t\t\t\t\t\t\t<\/div>\n\t\t\t\t<\/div>\n\t\t\t\t\t<\/div>\n\t\t<\/div>\n\t\t\t\t\t<\/div>\n\t\t<\/section>\n\t\t<div class=\"elementor-element elementor-element-1dcdb37 e-flex e-con-boxed elementor-invisible e-con e-parent\" data-id=\"1dcdb37\" data-element_type=\"container\" data-settings=\"{&quot;animation&quot;:&quot;fadeInUp&quot;}\">\n\t\t\t\t\t<div class=\"e-con-inner\">\n\t\t\t\t<div class=\"elementor-element elementor-element-019de4b elementor-grid-3 elementor-grid-tablet-2 elementor-grid-mobile-1 elementor-posts--thumbnail-top elementor-widget elementor-widget-posts\" data-id=\"019de4b\" data-element_type=\"widget\" data-settings=\"{&quot;pagination_type&quot;:&quot;numbers_and_prev_next&quot;,&quot;classic_columns&quot;:&quot;3&quot;,&quot;classic_columns_tablet&quot;:&quot;2&quot;,&quot;classic_columns_mobile&quot;:&quot;1&quot;,&quot;classic_row_gap&quot;:{&quot;unit&quot;:&quot;px&quot;,&quot;size&quot;:35,&quot;sizes&quot;:[]},&quot;classic_row_gap_laptop&quot;:{&quot;unit&quot;:&quot;px&quot;,&quot;size&quot;:&quot;&quot;,&quot;sizes&quot;:[]},&quot;classic_row_gap_tablet&quot;:{&quot;unit&quot;:&quot;px&quot;,&quot;size&quot;:&quot;&quot;,&quot;sizes&quot;:[]},&quot;classic_row_gap_mobile&quot;:{&quot;unit&quot;:&quot;px&quot;,&quot;size&quot;:&quot;&quot;,&quot;sizes&quot;:[]}}\" data-widget_type=\"posts.classic\">\n\t\t\t\t<div class=\"elementor-widget-container\">\n\t\t\t\t\t\t\t<div class=\"elementor-posts-container elementor-posts elementor-posts--skin-classic elementor-grid\">\n\t\t\t\t<article class=\"elementor-post elementor-grid-item post-20414 post type-post status-publish format-standard has-post-thumbnail category--2011-2015\">\n\t\t\t\t<a class=\"elementor-post__thumbnail__link\" href=\"https:\/\/tamerbadr.com\/sk\/archives\/20414\" tabindex=\"-1\" >\n\t\t\t<div class=\"elementor-post__thumbnail\"><img alt=\"\" loading=\"lazy\" decoding=\"async\" width=\"300\" height=\"227\" src=\"https:\/\/tamerbadr.com\/wp-content\/uploads\/2025\/03\/464490956_8683443388408858_5348914672852186503_n.jpg\" class=\"attachment-medium size-medium wp-image-20415\" \/><\/div>\n\t\t<\/a>\n\t\t\t\t<div class=\"elementor-post__text\">\n\t\t\t\t<h3 class=\"elementor-post__title\">\n\t\t\t<a href=\"https:\/\/tamerbadr.com\/sk\/archives\/20414\" >\n\t\t\t\tV\u00edzia z \u010dias Proroka, mier a po\u017eehnanie s n\u00edm, a zlatoko\u017en\u00e9ho d\u00e1tumu v decembri 2014\t\t\t<\/a>\n\t\t<\/h3>\n\t\t\t\t<div class=\"elementor-post__meta-data\">\n\t\t\t\t\t<span class=\"elementor-post-date\">\n\t\t\t23\/03\/2025\t\t<\/span>\n\t\t\t\t<span class=\"elementor-post-avatar\">\n\t\t\tNekomentovan\u00e9\t\t<\/span>\n\t\t\t\t<\/div>\n\t\t\t\t<div class=\"elementor-post__excerpt\">\n\t\t\t<p>Mal som v\u00edziu, v ktorej som bol v \u010dase Proroka, nech ho Boh \u017eehn\u00e1 a daruje mu mier, v Medine, a \u013eudia sa starali o palmy, a po\u010dul som vzne\u0161en\u00fd had\u00eds.<\/p>\n\t\t<\/div>\n\t\t\n\t\t<a class=\"elementor-post__read-more\" href=\"https:\/\/tamerbadr.com\/sk\/archives\/20414\" aria-label=\"Read more about \u0631\u0624\u064a\u0627 \u0632\u0645\u0646 \u0627\u0644\u0646\u0628\u064a \ufdfa \u0648\u0627\u0644\u062a\u0645\u0631 \u0630\u0648 \u0627\u0644\u0642\u0634\u0631\u0629 \u0627\u0644\u0630\u0647\u0628\u064a\u0629 \u0641\u064a \u062f\u064a\u0633\u0645\u0628\u0631 2014\" tabindex=\"-1\" >\n\t\t\t\u010c\u00edta\u0165 \u010falej \u00bb\t\t<\/a>\n\n\t\t\t\t<\/div>\n\t\t\t\t<\/article>\n\t\t\t\t<article class=\"elementor-post elementor-grid-item post-20411 post type-post status-publish format-standard has-post-thumbnail category--2011-2015\">\n\t\t\t\t<a class=\"elementor-post__thumbnail__link\" href=\"https:\/\/tamerbadr.com\/sk\/archives\/20411\" tabindex=\"-1\" >\n\t\t\t<div class=\"elementor-post__thumbnail\"><img alt=\"\" loading=\"lazy\" decoding=\"async\" width=\"300\" height=\"225\" src=\"https:\/\/tamerbadr.com\/wp-content\/uploads\/2025\/03\/463378929_8622435111176353_2051944066958697765_n-1.jpg\" class=\"attachment-medium size-medium wp-image-20412\" \/><\/div>\n\t\t<\/a>\n\t\t\t\t<div class=\"elementor-post__text\">\n\t\t\t\t<h3 class=\"elementor-post__title\">\n\t\t\t<a href=\"https:\/\/tamerbadr.com\/sk\/archives\/20411\" >\n\t\t\t\tV\u00edzia Prorokovej tv\u00e1re, ktor\u00e1 vyp\u013a\u0148ala mesa\u010dn\u00fd kruh v j\u00fali 2014\t\t\t<\/a>\n\t\t<\/h3>\n\t\t\t\t<div class=\"elementor-post__meta-data\">\n\t\t\t\t\t<span class=\"elementor-post-date\">\n\t\t\t23\/03\/2025\t\t<\/span>\n\t\t\t\t<span class=\"elementor-post-avatar\">\n\t\t\tNekomentovan\u00e9\t\t<\/span>\n\t\t\t\t<\/div>\n\t\t\t\t<div class=\"elementor-post__excerpt\">\n\t\t\t<p>Mal som videnie, v ktorom tv\u00e1r Proroka, nech ho Boh \u017eehn\u00e1 a daruje mu pokoj, vyp\u013a\u0148ala mesa\u010dn\u00fd kruh a on sa na m\u0148a s \u00fasmevom pozeral.<\/p>\n\t\t<\/div>\n\t\t\n\t\t<a class=\"elementor-post__read-more\" href=\"https:\/\/tamerbadr.com\/sk\/archives\/20411\" aria-label=\"Read more about \u0631\u0624\u064a\u0627 \u0648\u062c\u0647 \u0627\u0644\u0646\u0628\u064a \ufdfa \u064a\u0645\u0644\u0623 \u062f\u0627\u0626\u0631\u0629 \u0627\u0644\u0642\u0645\u0631 \u0641\u064a \u064a\u0648\u0644\u064a\u0648 2014\" tabindex=\"-1\" >\n\t\t\t\u010c\u00edta\u0165 \u010falej \u00bb\t\t<\/a>\n\n\t\t\t\t<\/div>\n\t\t\t\t<\/article>\n\t\t\t\t<article class=\"elementor-post elementor-grid-item post-20408 post type-post status-publish format-standard has-post-thumbnail category--2011-2015\">\n\t\t\t\t<a class=\"elementor-post__thumbnail__link\" href=\"https:\/\/tamerbadr.com\/sk\/archives\/20408\" tabindex=\"-1\" >\n\t\t\t<div class=\"elementor-post__thumbnail\"><img alt=\"\" loading=\"lazy\" decoding=\"async\" width=\"300\" height=\"212\" src=\"https:\/\/tamerbadr.com\/wp-content\/uploads\/2025\/03\/463862253_8625494970870367_7697878096377184312_n-1.jpg\" class=\"attachment-medium size-medium wp-image-20409\" \/><\/div>\n\t\t<\/a>\n\t\t\t\t<div class=\"elementor-post__text\">\n\t\t\t\t<h3 class=\"elementor-post__title\">\n\t\t\t<a href=\"https:\/\/tamerbadr.com\/sk\/archives\/20408\" >\n\t\t\t\tV\u00edzia Slnka, \u0161tyroch mesiacov a Venu\u0161e v j\u00fani 2014\t\t\t<\/a>\n\t\t<\/h3>\n\t\t\t\t<div class=\"elementor-post__meta-data\">\n\t\t\t\t\t<span class=\"elementor-post-date\">\n\t\t\t23\/03\/2025\t\t<\/span>\n\t\t\t\t<span class=\"elementor-post-avatar\">\n\t\t\tNekomentovan\u00e9\t\t<\/span>\n\t\t\t\t<\/div>\n\t\t\t\t<div class=\"elementor-post__excerpt\">\n\t\t\t<p>Videl som slnko a \u0161tyri mesiace, z ktor\u00fdch jeden mal nap\u00edsan\u00e9 \u201eNiet boha okrem Boha\u201c a \u010fal\u0161ie tri mesiace mali nejasn\u00e9 p\u00edsmo a ved\u013ea nich som videl ve\u013emi jasn\u00fa plan\u00e9tu.<\/p>\n\t\t<\/div>\n\t\t\n\t\t<a class=\"elementor-post__read-more\" href=\"https:\/\/tamerbadr.com\/sk\/archives\/20408\" aria-label=\"Read more about \u0631\u0624\u064a\u0627 \u0627\u0644\u0634\u0645\u0633 \u0648\u0627\u0644\u0623\u0642\u0645\u0627\u0631 \u0627\u0644\u0623\u0631\u0628\u0639\u0629 \u0648\u0627\u0644\u0632\u0647\u0631\u0629 \u0641\u064a \u064a\u0648\u0646\u064a\u0648 2014\" tabindex=\"-1\" >\n\t\t\t\u010c\u00edta\u0165 \u010falej \u00bb\t\t<\/a>\n\n\t\t\t\t<\/div>\n\t\t\t\t<\/article>\n\t\t\t\t<article class=\"elementor-post elementor-grid-item post-20405 post type-post status-publish format-standard has-post-thumbnail category--2011-2015\">\n\t\t\t\t<a class=\"elementor-post__thumbnail__link\" href=\"https:\/\/tamerbadr.com\/sk\/archives\/20405\" tabindex=\"-1\" >\n\t\t\t<div class=\"elementor-post__thumbnail\"><img alt=\"\" loading=\"lazy\" decoding=\"async\" width=\"272\" height=\"186\" src=\"https:\/\/tamerbadr.com\/wp-content\/uploads\/2025\/03\/52297862_2168634933223102_76675491334979584_n-1.jpg\" class=\"attachment-medium size-medium wp-image-20406\" \/><\/div>\n\t\t<\/a>\n\t\t\t\t<div class=\"elementor-post__text\">\n\t\t\t\t<h3 class=\"elementor-post__title\">\n\t\t\t<a href=\"https:\/\/tamerbadr.com\/sk\/archives\/20405\" >\n\t\t\t\tV\u00edzia jazdy na slonovi medzi morom a hradn\u00fdm m\u00farom po\u010das v\u00e4zenia v roku 2012\t\t\t<\/a>\n\t\t<\/h3>\n\t\t\t\t<div class=\"elementor-post__meta-data\">\n\t\t\t\t\t<span class=\"elementor-post-date\">\n\t\t\t23\/03\/2025\t\t<\/span>\n\t\t\t\t<span class=\"elementor-post-avatar\">\n\t\t\tNekomentovan\u00e9\t\t<\/span>\n\t\t\t\t<\/div>\n\t\t\t\t<div class=\"elementor-post__excerpt\">\n\t\t\t<p>Ke\u010f som bol vo v\u00e4zen\u00ed, mal som videnie. Videl som sa, ako jazd\u00edm na slonovi a ten be\u017e\u00ed so mnou po pl\u00e1\u017ei. Napravo bolo more a na\u013eavo hradn\u00e9 m\u00fary. Slon st\u00e1le be\u017eal.<\/p>\n\t\t<\/div>\n\t\t\n\t\t<a class=\"elementor-post__read-more\" href=\"https:\/\/tamerbadr.com\/sk\/archives\/20405\" aria-label=\"Read more about \u0631\u0624\u064a\u0627 \u0631\u0643\u0648\u0628 \u0627\u0644\u0641\u064a\u0644 \u0628\u064a\u0646 \u0627\u0644\u0628\u062d\u0631 \u0648\u0633\u0648\u0631 \u0627\u0644\u0642\u0644\u0639\u0629 \u0623\u062b\u0646\u0627\u0621 \u0627\u0644\u062d\u0628\u0633 \u0641\u064a \u0639\u0627\u0645 2012\" tabindex=\"-1\" >\n\t\t\t\u010c\u00edta\u0165 \u010falej \u00bb\t\t<\/a>\n\n\t\t\t\t<\/div>\n\t\t\t\t<\/article>\n\t\t\t\t<article class=\"elementor-post elementor-grid-item post-20401 post type-post status-publish format-standard has-post-thumbnail category--2011-2015\">\n\t\t\t\t<a class=\"elementor-post__thumbnail__link\" href=\"https:\/\/tamerbadr.com\/sk\/archives\/20401\" tabindex=\"-1\" >\n\t\t\t<div class=\"elementor-post__thumbnail\"><img alt=\"\" loading=\"lazy\" decoding=\"async\" width=\"300\" height=\"194\" src=\"https:\/\/tamerbadr.com\/wp-content\/uploads\/2025\/03\/464494000_8664621016957762_4145907753442508077_n-1.jpg\" class=\"attachment-medium size-medium wp-image-20402\" \/><\/div>\n\t\t<\/a>\n\t\t\t\t<div class=\"elementor-post__text\">\n\t\t\t\t<h3 class=\"elementor-post__title\">\n\t\t\t<a href=\"https:\/\/tamerbadr.com\/sk\/archives\/20401\" >\n\t\t\t\tV\u00edzia ne\u00faspechu revol\u00facie z 25. janu\u00e1ra po\u010das v\u00e4znenia v roku 2012\t\t\t<\/a>\n\t\t<\/h3>\n\t\t\t\t<div class=\"elementor-post__meta-data\">\n\t\t\t\t\t<span class=\"elementor-post-date\">\n\t\t\t23\/03\/2025\t\t<\/span>\n\t\t\t\t<span class=\"elementor-post-avatar\">\n\t\t\tNekomentovan\u00e9\t\t<\/span>\n\t\t\t\t<\/div>\n\t\t\t\t<div class=\"elementor-post__excerpt\">\n\t\t\t<p>Vo v\u00edzii, ktor\u00fa som mal po\u010das pobytu vo v\u00e4zen\u00ed v roku 2012, som v\u010faka nej vedel, \u017ee d\u00f4jde k prevratu, tak\u017ee som si bol ist\u00fd, \u017ee k prevratu d\u00f4jde.<\/p>\n\t\t<\/div>\n\t\t\n\t\t<a class=\"elementor-post__read-more\" href=\"https:\/\/tamerbadr.com\/sk\/archives\/20401\" aria-label=\"Read more about \u0631\u0624\u064a\u0627 \u0641\u0634\u0644 \u062b\u0648\u0631\u0629 \u0627\u0644\u062e\u0627\u0645\u0633 \u0648\u0627\u0644\u0639\u0634\u0631\u0648\u0646 \u0645\u0646 \u064a\u0646\u0627\u064a\u0631 \u0623\u062b\u0646\u0627\u0621 \u0627\u0644\u062d\u0628\u0633 \u0641\u064a \u0639\u0627\u0645 2012\" tabindex=\"-1\" >\n\t\t\t\u010c\u00edta\u0165 \u010falej \u00bb\t\t<\/a>\n\n\t\t\t\t<\/div>\n\t\t\t\t<\/article>\n\t\t\t\t<article class=\"elementor-post elementor-grid-item post-20394 post type-post status-publish format-standard has-post-thumbnail category--2011-2015\">\n\t\t\t\t<a class=\"elementor-post__thumbnail__link\" href=\"https:\/\/tamerbadr.com\/sk\/archives\/20394\" tabindex=\"-1\" >\n\t\t\t<div class=\"elementor-post__thumbnail\"><img alt=\"\" loading=\"lazy\" decoding=\"async\" width=\"300\" height=\"169\" src=\"https:\/\/tamerbadr.com\/wp-content\/uploads\/2025\/03\/ScreenShot001-1.jpg\" class=\"attachment-medium size-medium wp-image-20399\" \/><\/div>\n\t\t<\/a>\n\t\t\t\t<div class=\"elementor-post__text\">\n\t\t\t\t<h3 class=\"elementor-post__title\">\n\t\t\t<a href=\"https:\/\/tamerbadr.com\/sk\/archives\/20394\" >\n\t\t\t\tV\u00edzia proroka Jozefa, pokoj s n\u00edm, v decembri 2011\t\t\t<\/a>\n\t\t<\/h3>\n\t\t\t\t<div class=\"elementor-post__meta-data\">\n\t\t\t\t\t<span class=\"elementor-post-date\">\n\t\t\t23\/03\/2025\t\t<\/span>\n\t\t\t\t<span class=\"elementor-post-avatar\">\n\t\t\tNekomentovan\u00e9\t\t<\/span>\n\t\t\t\t<\/div>\n\t\t\t\t<div class=\"elementor-post__excerpt\">\n\t\t\t<p>Videnie sa stalo po tom, \u010do ma zatkli na n\u00e1mest\u00ed Tahrir a umiestnili do samov\u00e4zby vo v\u00e4znici vojenskej spravodajskej slu\u017eby. Toto videnie sa odohralo v samov\u00e4zbe. Videl som n\u00e1\u0161ho p\u00e1na Jozefa, pokoj s n\u00edm.<\/p>\n\t\t<\/div>\n\t\t\n\t\t<a class=\"elementor-post__read-more\" href=\"https:\/\/tamerbadr.com\/sk\/archives\/20394\" aria-label=\"Read more about \u0631\u0624\u064a\u0627 \u0633\u064a\u062f\u0646\u0627 \u064a\u0648\u0633\u0641 \u0639\u0644\u064a\u0647 \u0627\u0644\u0633\u0644\u0627\u0645 \u0641\u064a \u062f\u064a\u0633\u0645\u0628\u0631 2011\" tabindex=\"-1\" >\n\t\t\t\u010c\u00edta\u0165 \u010falej \u00bb\t\t<\/a>\n\n\t\t\t\t<\/div>\n\t\t\t\t<\/article>\n\t\t\t\t<article class=\"elementor-post elementor-grid-item post-20395 post type-post status-publish format-standard has-post-thumbnail category--2011-2015\">\n\t\t\t\t<a class=\"elementor-post__thumbnail__link\" href=\"https:\/\/tamerbadr.com\/sk\/archives\/20395\" tabindex=\"-1\" >\n\t\t\t<div class=\"elementor-post__thumbnail\"><img alt=\"\" loading=\"lazy\" decoding=\"async\" width=\"300\" height=\"225\" src=\"https:\/\/tamerbadr.com\/wp-content\/uploads\/2025\/03\/464665585_8683443405075523_5056367428049651258_n-1.jpg\" class=\"attachment-medium size-medium wp-image-20392\" \/><\/div>\n\t\t<\/a>\n\t\t\t\t<div class=\"elementor-post__text\">\n\t\t\t\t<h3 class=\"elementor-post__title\">\n\t\t\t<a href=\"https:\/\/tamerbadr.com\/sk\/archives\/20395\" >\n\t\t\t\tV\u00edzia, ako ako die\u0165a nos\u00ed Proroka, mier a po\u017eehnanie s n\u00edm, v decembri 2011\t\t\t<\/a>\n\t\t<\/h3>\n\t\t\t\t<div class=\"elementor-post__meta-data\">\n\t\t\t\t\t<span class=\"elementor-post-date\">\n\t\t\t23\/03\/2025\t\t<\/span>\n\t\t\t\t<span class=\"elementor-post-avatar\">\n\t\t\tNekomentovan\u00e9\t\t<\/span>\n\t\t\t\t<\/div>\n\t\t\t\t<div class=\"elementor-post__excerpt\">\n\t\t\t<p>Ke\u010f som v roku 2011 protestoval na n\u00e1mest\u00ed Tahrir po\u010das udalost\u00ed Mohameda Mahm\u00fada, mal som v\u00edziu. Videl som star\u0161iu \u017eenu vo veku p\u00e4\u0165desiat a\u017e \u0161es\u0165desiat rokov, ako ide...<\/p>\n\t\t<\/div>\n\t\t\n\t\t<a class=\"elementor-post__read-more\" href=\"https:\/\/tamerbadr.com\/sk\/archives\/20395\" aria-label=\"Read more about \u0631\u0624\u064a\u0627 \u062d\u0645\u0644 \u0627\u0644\u0646\u0628\u064a \ufdfa \u0648\u0647\u0648 \u0637\u0641\u0644 \u0641\u064a \u062f\u064a\u0633\u0645\u0628\u0631 2011\" tabindex=\"-1\" >\n\t\t\t\u010c\u00edta\u0165 \u010falej \u00bb\t\t<\/a>\n\n\t\t\t\t<\/div>\n\t\t\t\t<\/article>\n\t\t\t\t<\/div>\n\t\t\n\t\t\t\t\t\t<\/div>\n\t\t\t\t<\/div>\n\t\t\t\t\t<\/div>\n\t\t\t\t<\/div>\n\t\t\t\t<section class=\"elementor-section elementor-top-section elementor-element elementor-element-8485e6c elementor-section-full_width elementor-section-height-default elementor-section-height-default elementor-invisible\" data-id=\"8485e6c\" data-element_type=\"section\" data-settings=\"{&quot;animation&quot;:&quot;fadeInUp&quot;}\">\n\t\t\t\t\t\t<div class=\"elementor-container elementor-column-gap-no\">\n\t\t\t\t\t<div class=\"elementor-column elementor-col-100 elementor-top-column elementor-element elementor-element-0475cf1\" data-id=\"0475cf1\" data-element_type=\"column\" data-settings=\"{&quot;background_background&quot;:&quot;classic&quot;}\">\n\t\t\t<div class=\"elementor-widget-wrap elementor-element-populated\">\n\t\t\t\t\t\t<div class=\"elementor-element elementor-element-efcca8d elementor-widget__width-auto elementor-absolute elementor-invisible elementor-widget elementor-widget-image\" data-id=\"efcca8d\" data-element_type=\"widget\" data-settings=\"{&quot;_position&quot;:&quot;absolute&quot;,&quot;_animation&quot;:&quot;fadeInLeft&quot;,&quot;_animation_delay&quot;:200}\" data-widget_type=\"image.default\">\n\t\t\t\t<div class=\"elementor-widget-container\">\n\t\t\t\t\t\t\t\t\t\t\t\t\t\t\t<img alt=\"\" decoding=\"async\" width=\"305\" height=\"227\" src=\"https:\/\/tamerbadr.com\/wp-content\/uploads\/2022\/10\/opening-quote-icon.png\" class=\"attachment-full size-full wp-image-1947\" \/>\t\t\t\t\t\t\t\t\t\t\t\t\t\t\t<\/div>\n\t\t\t\t<\/div>\n\t\t\t\t\t<\/div>\n\t\t<\/div>\n\t\t\t\t\t<\/div>\n\t\t<\/section>\n\t\t\t\t<\/div>","protected":false},"excerpt":{"rendered":"<p>V\u00edzie Tamera Badra 2011 \u2013 2015<\/p>","protected":false},"author":1,"featured_media":4468,"parent":0,"menu_order":0,"comment_status":"closed","ping_status":"closed","template":"elementor_header_footer","meta":{"_seopress_robots_primary_cat":"","_seopress_titles_title":"","_seopress_titles_desc":"","_seopress_robots_index":"","inline_featured_image":false,"_uf_show_specific_survey":0,"_uf_disable_surveys":false,"footnotes":""},"class_list":["post-20313","page","type-page","status-publish","has-post-thumbnail"],"_links":{"self":[{"href":"https:\/\/tamerbadr.com\/sk\/wp-json\/wp\/v2\/pages\/20313","targetHints":{"allow":["GET"]}}],"collection":[{"href":"https:\/\/tamerbadr.com\/sk\/wp-json\/wp\/v2\/pages"}],"about":[{"href":"https:\/\/tamerbadr.com\/sk\/wp-json\/wp\/v2\/types\/page"}],"author":[{"embeddable":true,"href":"https:\/\/tamerbadr.com\/sk\/wp-json\/wp\/v2\/users\/1"}],"replies":[{"embeddable":true,"href":"https:\/\/tamerbadr.com\/sk\/wp-json\/wp\/v2\/comments?post=20313"}],"version-history":[{"count":0,"href":"https:\/\/tamerbadr.com\/sk\/wp-json\/wp\/v2\/pages\/20313\/revisions"}],"wp:featuredmedia":[{"embeddable":true,"href":"https:\/\/tamerbadr.com\/sk\/wp-json\/wp\/v2\/media\/4468"}],"wp:attachment":[{"href":"https:\/\/tamerbadr.com\/sk\/wp-json\/wp\/v2\/media?parent=20313"}],"curies":[{"name":"pracovn\u00fd list","href":"https:\/\/api.w.org\/{rel}","templated":true}]}}