{"id":20178,"date":"2025-03-19T18:42:34","date_gmt":"2025-03-19T18:42:34","guid":{"rendered":"https:\/\/white-ant-267257.hostingersite.com\/?page_id=20178"},"modified":"2025-07-30T19:25:45","modified_gmt":"2025-07-30T19:25:45","slug":"privacy-policy","status":"publish","type":"page","link":"https:\/\/tamerbadr.com\/sk\/privacy-policy","title":{"rendered":"z\u00e1sady ochrany osobn\u00fdch \u00fadajov"},"content":{"rendered":"<div data-elementor-type=\"wp-page\" data-elementor-id=\"20178\" class=\"elementor elementor-20178\" data-elementor-post-type=\"page\">\n\t\t\t\t\t\t<section class=\"elementor-section elementor-top-section elementor-element elementor-element-325f7dc elementor-section-full_width elementor-section-height-default elementor-section-height-default\" data-id=\"325f7dc\" data-element_type=\"section\" data-settings=\"{&quot;background_background&quot;:&quot;classic&quot;}\">\n\t\t\t\t\t\t<div class=\"elementor-container elementor-column-gap-no\">\n\t\t\t\t\t<div class=\"elementor-column elementor-col-100 elementor-top-column elementor-element elementor-element-a5ff8d0\" data-id=\"a5ff8d0\" data-element_type=\"column\">\n\t\t\t<div class=\"elementor-widget-wrap elementor-element-populated\">\n\t\t\t\t\t\t<section class=\"elementor-section elementor-inner-section elementor-element elementor-element-dce55a7 elementor-section-content-middle elementor-section-boxed elementor-section-height-default elementor-section-height-default\" data-id=\"dce55a7\" data-element_type=\"section\" data-settings=\"{&quot;background_background&quot;:&quot;classic&quot;}\">\n\t\t\t\t\t\t<div class=\"elementor-container elementor-column-gap-no\">\n\t\t\t\t\t<div class=\"elementor-column elementor-col-50 elementor-inner-column elementor-element elementor-element-07e74d4\" data-id=\"07e74d4\" data-element_type=\"column\">\n\t\t\t<div class=\"elementor-widget-wrap elementor-element-populated\">\n\t\t\t\t\t\t<div class=\"elementor-element elementor-element-edd75c2 elementor-invisible elementor-widget elementor-widget-heading\" data-id=\"edd75c2\" data-element_type=\"widget\" data-settings=\"{&quot;_animation&quot;:&quot;fadeInLeft&quot;}\" data-widget_type=\"heading.default\">\n\t\t\t\t<div class=\"elementor-widget-container\">\n\t\t\t\t\t<h2 class=\"elementor-heading-title elementor-size-default\">Tamer Badr<\/h2>\t\t\t\t<\/div>\n\t\t\t\t<\/div>\n\t\t\t\t<div class=\"elementor-element elementor-element-3f5a13a elementor-invisible elementor-widget elementor-widget-heading\" data-id=\"3f5a13a\" data-element_type=\"widget\" data-settings=\"{&quot;_animation&quot;:&quot;fadeInRight&quot;}\" data-widget_type=\"heading.default\">\n\t\t\t\t<div class=\"elementor-widget-container\">\n\t\t\t\t\t<h2 class=\"elementor-heading-title elementor-size-default\">z\u00e1sady ochrany osobn\u00fdch \u00fadajov<\/h2>\t\t\t\t<\/div>\n\t\t\t\t<\/div>\n\t\t\t\t\t<\/div>\n\t\t<\/div>\n\t\t\t\t<div class=\"elementor-column elementor-col-50 elementor-inner-column elementor-element elementor-element-a748cf0\" data-id=\"a748cf0\" data-element_type=\"column\">\n\t\t\t<div class=\"elementor-widget-wrap elementor-element-populated\">\n\t\t\t\t\t\t<div class=\"elementor-element elementor-element-7476b1a elementor-position-left elementor-vertical-align-top elementor-widget elementor-widget-image-box\" data-id=\"7476b1a\" data-element_type=\"widget\" data-widget_type=\"image-box.default\">\n\t\t\t\t<div class=\"elementor-widget-container\">\n\t\t\t\t\t<div class=\"elementor-image-box-wrapper\"><figure class=\"elementor-image-box-img\"><img alt=\"\" decoding=\"async\" width=\"170\" height=\"157\" src=\"https:\/\/tamerbadr.com\/wp-content\/uploads\/2022\/10\/service-1.png\" class=\"elementor-animation-bob attachment-full size-full wp-image-515\" \/><\/figure><\/div>\t\t\t\t<\/div>\n\t\t\t\t<\/div>\n\t\t\t\t\t<\/div>\n\t\t<\/div>\n\t\t\t\t\t<\/div>\n\t\t<\/section>\n\t\t\t\t<div class=\"elementor-element elementor-element-9ae5934 elementor-widget__width-auto elementor-absolute elementor-widget elementor-widget-image\" data-id=\"9ae5934\" data-element_type=\"widget\" data-settings=\"{&quot;_position&quot;:&quot;absolute&quot;}\" data-widget_type=\"image.default\">\n\t\t\t\t<div class=\"elementor-widget-container\">\n\t\t\t\t\t\t\t\t\t\t\t\t\t\t\t<img alt=\"\" fetchpriority=\"high\" decoding=\"async\" width=\"956\" height=\"825\" src=\"https:\/\/tamerbadr.com\/wp-content\/uploads\/2022\/10\/about-dot-vector.png\" class=\"attachment-full size-full wp-image-883\" \/>\t\t\t\t\t\t\t\t\t\t\t\t\t\t\t<\/div>\n\t\t\t\t<\/div>\n\t\t\t\t\t<\/div>\n\t\t<\/div>\n\t\t\t\t\t<\/div>\n\t\t<\/section>\n\t\t\t\t<section class=\"elementor-section elementor-top-section elementor-element elementor-element-b661bd3 elementor-section-full_width elementor-section-height-default elementor-section-height-default\" data-id=\"b661bd3\" data-element_type=\"section\" data-settings=\"{&quot;background_background&quot;:&quot;classic&quot;}\">\n\t\t\t\t\t\t<div class=\"elementor-container elementor-column-gap-no\">\n\t\t\t\t\t<div class=\"elementor-column elementor-col-100 elementor-top-column elementor-element elementor-element-e5c672a\" data-id=\"e5c672a\" data-element_type=\"column\">\n\t\t\t<div class=\"elementor-widget-wrap elementor-element-populated\">\n\t\t\t\t\t\t<div class=\"elementor-element elementor-element-e1053d6 elementor-widget__width-auto elementor-absolute elementor-invisible elementor-widget elementor-widget-image\" data-id=\"e1053d6\" data-element_type=\"widget\" data-settings=\"{&quot;_position&quot;:&quot;absolute&quot;,&quot;_animation&quot;:&quot;fadeInLeft&quot;,&quot;_animation_delay&quot;:200}\" data-widget_type=\"image.default\">\n\t\t\t\t<div class=\"elementor-widget-container\">\n\t\t\t\t\t\t\t\t\t\t\t\t\t\t\t<img alt=\"\" decoding=\"async\" width=\"305\" height=\"227\" src=\"https:\/\/tamerbadr.com\/wp-content\/uploads\/2022\/10\/opening-quote-icon.png\" class=\"attachment-full size-full wp-image-1947\" \/>\t\t\t\t\t\t\t\t\t\t\t\t\t\t\t<\/div>\n\t\t\t\t<\/div>\n\t\t\t\t\t<\/div>\n\t\t<\/div>\n\t\t\t\t\t<\/div>\n\t\t<\/section>\n\t\t<div class=\"elementor-element elementor-element-1a52feb e-flex e-con-boxed e-con e-parent\" data-id=\"1a52feb\" data-element_type=\"container\">\n\t\t\t\t\t<div class=\"e-con-inner\">\n\t\t\t\t<div class=\"elementor-element elementor-element-4b1dd68 elementor-widget elementor-widget-text-editor\" data-id=\"4b1dd68\" data-element_type=\"widget\" data-widget_type=\"text-editor.default\">\n\t\t\t\t<div class=\"elementor-widget-container\">\n\t\t\t\t\t\t\t\t\t<h4>Z\u00e1sady ochrany osobn\u00fdch \u00fadajov \u2013 Tamer Badr (tamerbadr.com)<\/h4><h2>Posledn\u00e1 aktualiz\u00e1cia: (27. marca 2025)<\/h2><h1>Vitajte na webovej str\u00e1nke Tamer Badr (tamerbadr.com) (\u201eStr\u00e1nka\u201c, \u201emy\u201c, \u201en\u00e1s\u201c alebo \u201ena\u0161e\u201c). Zav\u00e4zujeme sa chr\u00e1ni\u0165 va\u0161e s\u00fakromie a re\u0161pektova\u0165 va\u0161e osobn\u00e9 \u00fadaje. Tieto z\u00e1sady vysvet\u013euj\u00fa, ako sa va\u0161e inform\u00e1cie zhroma\u017e\u010fuj\u00fa a pou\u017e\u00edvaj\u00fa, ke\u010f prehliadate na\u0161u str\u00e1nku alebo si kupujete elektronick\u00e9 knihy z n\u00e1\u0161ho obchodu.<\/h1><p>\u2e3b<\/p><h3 class=\"translation-block\">1. Inform\u00e1cie, ktor\u00e9 zhroma\u017e\u010fujeme<\/h3><h2>a) Inform\u00e1cie, ktor\u00e9 n\u00e1m poskytnete<\/h2><h1 class=\"translation-block\">Ke\u010f uskuto\u010d\u0148ujete n\u00e1kupy alebo s nami komunikujete, m\u00f4\u017eeme zhroma\u017e\u010fova\u0165 nasleduj\u00face inform\u00e1cie:<br> \u2022 cel\u00e9 meno<br> \u2022 E-mailov\u00e1 adresa<br> \u2022 telef\u00f3nne \u010d\u00edslo<br> \u2022 Platobn\u00e9 \u00fadaje (neuklad\u00e1me ich, spracov\u00e1vaj\u00fa ich zabezpe\u010den\u00ed poskytovatelia platobn\u00fdch slu\u017eieb)<\/h1><h2>b) Inform\u00e1cie zhroma\u017e\u010fovan\u00e9 automaticky<\/h2><h4 class=\"translation-block\">Ke\u010f prehliadate str\u00e1nku, m\u00f4\u017eeme automaticky zhroma\u017e\u010fova\u0165 niektor\u00e9 inform\u00e1cie, ako napr\u00edklad:<\/h4><h1 class=\"translation-block\">\u2022 IP adresa v\u00e1\u0161ho zariadenia<br> \u2022 Typ a nastavenia prehliada\u010da<br> \u2022 Str\u00e1nky, ktor\u00e9 nav\u0161tevujete na webe<br> \u2022 \u010cas a d\u00e1tum va\u0161ej n\u00e1v\u0161tevy<br> \u2022 S\u00fabory cookie a \u010fal\u0161ie technol\u00f3gie sledovania<\/h1><p>\u2e3b<\/p><h3>2. Ako pou\u017e\u00edva\u0165 inform\u00e1cie<\/h3><h2 class=\"translation-block\">Va\u0161e \u00fadaje pou\u017e\u00edvame na:<\/h2><h1 class=\"translation-block\">\u2022 Spracovanie objedn\u00e1vok a poskytovanie mo\u017enosti s\u0165ahovania elektronick\u00fdch kn\u00edh.<br> \u2022 Zlep\u0161i\u0165 pou\u017e\u00edvate\u013esk\u00fa sk\u00fasenos\u0165 a prisp\u00f4sobi\u0165 obsah.<br> \u2022 Zasielanie marketingov\u00fdch ozn\u00e1men\u00ed, ak s t\u00fdm s\u00fahlas\u00edte.<br> \u2022 Analyzujte v\u00fdkonnos\u0165 str\u00e1nok pomocou n\u00e1strojov, ako je Google Analytics.<br> \u2022 Dodr\u017eiava\u0165 z\u00e1kony a chr\u00e1ni\u0165 na\u0161e pr\u00e1va.<\/h1><p>\u2e3b<\/p><h3>3. Pravidl\u00e1 internetov\u00e9ho obchodu<\/h3><h2>a) Platba:<\/h2><h1 class=\"translation-block\">\u2022 Platba sa vykon\u00e1va prostredn\u00edctvom kariet Instapay, Visa, Vodafone Cash alebo inej elektronickej platobnej met\u00f3dy.<br> \u2022 Neuklad\u00e1me platobn\u00e9 \u00fadaje, preto\u017ee transakcie sa uskuto\u010d\u0148uj\u00fa prostredn\u00edctvom autorizovan\u00fdch poskytovate\u013eov platobn\u00fdch slu\u017eieb.<\/h1><h2 class=\"translation-block\">b) Vr\u00e1tenie pe\u0148az\u00ed:<\/h2><h1 class=\"translation-block\">\u2022 Po zak\u00fapen\u00ed a stiahnut\u00ed e-knihy nie je mo\u017en\u00e9 vr\u00e1ti\u0165 peniaze.<br> \u2022 Ak sa vyskytne technick\u00fd probl\u00e9m, ktor\u00fd v\u00e1m br\u00e1ni v stiahnut\u00ed knihy, m\u00f4\u017eete n\u00e1s kontaktova\u0165, aby sme probl\u00e9m vyrie\u0161ili.<\/h1><h2>c) Stiahnutie elektronick\u00fdch kn\u00edh:<\/h2><h1>\u2022 Po \u00faspe\u0161nej platbe si pou\u017e\u00edvate\u013e bude m\u00f4c\u0165 knihu priamo stiahnu\u0165.<\/h1><h1>\u2022 Ak m\u00e1te ak\u00e9ko\u013evek probl\u00e9my so s\u0165ahovan\u00edm, kontaktujte n\u00e1s prostredn\u00edctvom kontaktnej str\u00e1nky.<\/h1><p>\u2e3b<\/p><h3>4. Reklama a pou\u017e\u00edvanie slu\u017eby Google AdSense<\/h3><h1>Na\u0161a str\u00e1nka pou\u017e\u00edva na zobrazovanie rekl\u00e1m slu\u017ebu Google AdSense a spolo\u010dnos\u0165 Google m\u00f4\u017ee pou\u017e\u00edva\u0165 s\u00fabory cookie na zhroma\u017e\u010fovanie \u00fadajov o va\u0161ej interakcii s reklamami. Z personalizovan\u00fdch rekl\u00e1m sa m\u00f4\u017eete odhl\u00e1si\u0165 v nastaveniach rekl\u00e1m Google. \u010eal\u0161ie inform\u00e1cie n\u00e1jdete v Z\u00e1sad\u00e1ch ochrany osobn\u00fdch \u00fadajov spolo\u010dnosti Google.<\/h1><p>\u2e3b<\/p><h3>5. Zdie\u013eanie \u00fadajov s tret\u00edmi stranami<\/h3><h2>Va\u0161e osobn\u00e9 \u00fadaje nepred\u00e1vame ani nezdie\u013eame, s v\u00fdnimkou:<\/h2><h1>\u2022 Poskytovatelia platobn\u00fdch slu\u017eieb: na spracovanie objedn\u00e1vok.<\/h1><h1>\u2022 Dodr\u017eiavanie z\u00e1konov: Ak je to potrebn\u00e9 na ochranu na\u0161ich pr\u00e1v alebo dodr\u017eiavanie z\u00e1kona.<\/h1><p>\u2e3b<\/p><h3>6. S\u00fabory cookie a technol\u00f3gie sledovania<\/h3><h1>Na zlep\u0161enie v\u00e1\u0161ho pou\u017e\u00edvate\u013esk\u00e9ho z\u00e1\u017eitku pou\u017e\u00edvame s\u00fabory cookie, ktor\u00e9 m\u00f4\u017eete ovl\u00e1da\u0165 prostredn\u00edctvom nastaven\u00ed prehliada\u010da.<\/h1><p>\u2e3b<\/p><h3>7. Informa\u010dn\u00e1 bezpe\u010dnos\u0165<\/h3><h1>Prij\u00edmame bezpe\u010dnostn\u00e9 opatrenia na ochranu va\u0161ich \u00fadajov, ale nem\u00f4\u017eeme zaru\u010di\u0165 absol\u00fatnu bezpe\u010dnos\u0165 online.<\/h1><p>\u2e3b<\/p><h3>8. Va\u0161e pr\u00e1va<\/h3><h1>Kedyko\u013evek m\u00f4\u017eete po\u017eiada\u0165 o aktualiz\u00e1ciu alebo vymazanie svojich \u00fadajov alebo sa odhl\u00e1si\u0165 z odberu marketingov\u00fdch spr\u00e1v tak, \u017ee n\u00e1s kontaktujete.<\/h1><p>\u2e3b<\/p><h3>9. Zmeny a doplnenia Z\u00e1sad<\/h3><h1>Na\u0161e Z\u00e1sady ochrany osobn\u00fdch \u00fadajov m\u00f4\u017eeme aktualizova\u0165 a v\u0161etky zmeny bud\u00fa zverejnen\u00e9 na tejto str\u00e1nke.<\/h1><p>\u2e3b<\/p><h3>10. Ako n\u00e1s kontaktova\u0165<\/h3><h1><img decoding=\"async\" class=\"emoji\" role=\"img\" draggable=\"false\" src=\"https:\/\/s.w.org\/images\/core\/emoji\/15.0.3\/svg\/1f4e7.svg\" alt=\"\ud83d\udce7\" \/> info@tamerbadr.com<\/h1><h5><img decoding=\"async\" class=\"emoji\" role=\"img\" draggable=\"false\" src=\"https:\/\/s.w.org\/images\/core\/emoji\/15.0.3\/svg\/1f310.svg\" alt=\"\ud83c\udf10\" \/> <a href=\"https:\/\/tamerbadr.com\/sk\/contact-us\/\">tamerbadr.com\/kontakt<\/a><\/h5><p>\u2e3b<\/p>\t\t\t\t\t\t\t\t<\/div>\n\t\t\t\t<\/div>\n\t\t\t\t\t<\/div>\n\t\t\t\t<\/div>\n\t\t\t\t<section class=\"elementor-section elementor-top-section elementor-element elementor-element-8cea59d elementor-section-full_width elementor-section-height-default elementor-section-height-default elementor-invisible\" data-id=\"8cea59d\" data-element_type=\"section\" data-settings=\"{&quot;animation&quot;:&quot;fadeInUp&quot;}\">\n\t\t\t\t\t\t<div class=\"elementor-container elementor-column-gap-no\">\n\t\t\t\t\t<div class=\"elementor-column elementor-col-100 elementor-top-column elementor-element elementor-element-1914be3\" data-id=\"1914be3\" data-element_type=\"column\" data-settings=\"{&quot;background_background&quot;:&quot;classic&quot;}\">\n\t\t\t<div class=\"elementor-widget-wrap elementor-element-populated\">\n\t\t\t\t\t\t<div class=\"elementor-element elementor-element-e88d76f elementor-widget__width-auto elementor-absolute elementor-invisible elementor-widget elementor-widget-image\" data-id=\"e88d76f\" data-element_type=\"widget\" data-settings=\"{&quot;_position&quot;:&quot;absolute&quot;,&quot;_animation&quot;:&quot;fadeInLeft&quot;,&quot;_animation_delay&quot;:200}\" data-widget_type=\"image.default\">\n\t\t\t\t<div class=\"elementor-widget-container\">\n\t\t\t\t\t\t\t\t\t\t\t\t\t\t\t<img alt=\"\" decoding=\"async\" width=\"305\" height=\"227\" src=\"https:\/\/tamerbadr.com\/wp-content\/uploads\/2022\/10\/opening-quote-icon.png\" class=\"attachment-full size-full wp-image-1947\" \/>\t\t\t\t\t\t\t\t\t\t\t\t\t\t\t<\/div>\n\t\t\t\t<\/div>\n\t\t\t\t\t<\/div>\n\t\t<\/div>\n\t\t\t\t\t<\/div>\n\t\t<\/section>\n\t\t\t\t<\/div>","protected":false},"excerpt":{"rendered":"<p>\u062a\u0627\u0645\u0631 \u0628\u062f\u0631 \u0633\u064a\u0627\u0633\u0629 \u0627\u0644\u062e\u0635\u0648\u0635\u064a\u0629 \u0633\u064a\u0627\u0633\u0629 \u0627\u0644\u062e\u0635\u0648\u0635\u064a\u0629 \u2013 \u062a\u0627\u0645\u0631 \u0628\u062f\u0631 (tamerbadr.com) \u0622\u062e\u0631 \u062a\u062d\u062f\u064a\u062b: (27 \u0645\u0627\u0631\u0633 2025) \u0645\u0631\u062d\u0628\u064b\u0627 \u0628\u0643 \u0641\u064a \u0645\u0648\u0642\u0639 \u062a\u0627\u0645\u0631 \u0628\u062f\u0631 (tamerbadr.com) (\u201c\u0627\u0644\u0645\u0648\u0642\u0639\u201d\u060c \u201c\u0646\u062d\u0646\u201d\u060c \u201c\u0644\u0646\u0627\u201d \u0623\u0648 \u201c\u062e\u0627\u0635\u062a\u0646\u0627\u201d). \u0646\u062d\u0646 \u0646\u0644\u062a\u0632\u0645 \u0628\u062d\u0645\u0627\u064a\u0629 \u062e\u0635\u0648\u0635\u064a\u062a\u0643 \u0648\u0627\u062d\u062a\u0631\u0627\u0645 \u0628\u064a\u0627\u0646\u0627\u062a\u0643 \u0627\u0644\u0634\u062e\u0635\u064a\u0629. \u062a\u0648\u0636\u062d \u0647\u0630\u0647 \u0627\u0644\u0633\u064a\u0627\u0633\u0629 \u0643\u064a\u0641\u064a\u0629 \u062c\u0645\u0639 \u0645\u0639\u0644\u0648\u0645\u0627\u062a\u0643 \u0648\u0627\u0633\u062a\u062e\u062f\u0627\u0645\u0647\u0627 \u0639\u0646\u062f \u062a\u0635\u0641\u062d \u0645\u0648\u0642\u0639\u0646\u0627 \u0623\u0648 \u0634\u0631\u0627\u0621 \u0627\u0644\u0643\u062a\u0628 \u0627\u0644\u0625\u0644\u0643\u062a\u0631\u0648\u0646\u064a\u0629 \u0645\u0646 \u0645\u062a\u062c\u0631\u0646\u0627. \u2e3b 1. \u0627\u0644\u0645\u0639\u0644\u0648\u0645\u0627\u062a \u0627\u0644\u062a\u064a \u0646\u062c\u0645\u0639\u0647\u0627 [&hellip;]<\/p>","protected":false},"author":1,"featured_media":4468,"parent":0,"menu_order":0,"comment_status":"closed","ping_status":"closed","template":"elementor_header_footer","meta":{"_seopress_robots_primary_cat":"","_seopress_titles_title":"","_seopress_titles_desc":"","_seopress_robots_index":"","inline_featured_image":false,"_uf_show_specific_survey":0,"_uf_disable_surveys":false,"footnotes":""},"class_list":["post-20178","page","type-page","status-publish","has-post-thumbnail"],"_links":{"self":[{"href":"https:\/\/tamerbadr.com\/sk\/wp-json\/wp\/v2\/pages\/20178","targetHints":{"allow":["GET"]}}],"collection":[{"href":"https:\/\/tamerbadr.com\/sk\/wp-json\/wp\/v2\/pages"}],"about":[{"href":"https:\/\/tamerbadr.com\/sk\/wp-json\/wp\/v2\/types\/page"}],"author":[{"embeddable":true,"href":"https:\/\/tamerbadr.com\/sk\/wp-json\/wp\/v2\/users\/1"}],"replies":[{"embeddable":true,"href":"https:\/\/tamerbadr.com\/sk\/wp-json\/wp\/v2\/comments?post=20178"}],"version-history":[{"count":0,"href":"https:\/\/tamerbadr.com\/sk\/wp-json\/wp\/v2\/pages\/20178\/revisions"}],"wp:featuredmedia":[{"embeddable":true,"href":"https:\/\/tamerbadr.com\/sk\/wp-json\/wp\/v2\/media\/4468"}],"wp:attachment":[{"href":"https:\/\/tamerbadr.com\/sk\/wp-json\/wp\/v2\/media?parent=20178"}],"curies":[{"name":"pracovn\u00fd list","href":"https:\/\/api.w.org\/{rel}","templated":true}]}}