{"id":20137,"date":"2025-03-19T15:40:18","date_gmt":"2025-03-19T15:40:18","guid":{"rendered":"https:\/\/white-ant-267257.hostingersite.com\/?page_id=20137"},"modified":"2025-04-06T08:18:15","modified_gmt":"2025-04-06T08:18:15","slug":"the-book-of-the-virtue-of-patience-in-the-face-of-adversity","status":"publish","type":"page","link":"https:\/\/tamerbadr.com\/sk\/the-book-of-the-virtue-of-patience-in-the-face-of-adversity","title":{"rendered":"Kniha o cnosti trpezlivosti tv\u00e1rou v tv\u00e1r nepriazni osudu"},"content":{"rendered":"<div data-elementor-type=\"wp-page\" data-elementor-id=\"20137\" class=\"elementor elementor-20137\" data-elementor-post-type=\"page\">\n\t\t\t\t<div class=\"elementor-element elementor-element-c8c7aab e-flex e-con-boxed e-con e-parent\" data-id=\"c8c7aab\" data-element_type=\"container\">\n\t\t\t\t\t<div class=\"e-con-inner\">\n\t\t<div class=\"elementor-element elementor-element-6483b1a e-con-full e-flex e-con e-child\" data-id=\"6483b1a\" data-element_type=\"container\">\n\t\t\t\t<div class=\"elementor-element elementor-element-6058eb2 elementor-widget elementor-widget-wc-elements\" data-id=\"6058eb2\" data-element_type=\"widget\" data-widget_type=\"wc-elements.default\">\n\t\t\t\t<div class=\"elementor-widget-container\">\n\t\t\t\t\t<div class=\"woocommerce\">\t\t\t<div class=\"single-product\" data-product-page-preselected-id=\"0\">\n\t\t\t\t<div class=\"woocommerce-notices-wrapper\"><\/div><div id=\"product-19573\" class=\"product type-product post-19573 status-publish first instock product_cat-191 has-post-thumbnail downloadable shipping-taxable purchasable product-type-simple\">\n\n\t<div class=\"woocommerce-product-gallery woocommerce-product-gallery--with-images woocommerce-product-gallery--columns-4 images\" data-columns=\"4\" style=\"opacity: 0; transition: opacity .25s ease-in-out;\">\n\t<div class=\"woocommerce-product-gallery__wrapper\">\n\t\t<div data-thumb=\"https:\/\/tamerbadr.com\/wp-content\/uploads\/2025\/03\/\u0641\u0636\u0644-\u0627\u0644\u0635\u0628\u0631-\u0639\u0644\u0649-\u0627\u0644\u0628\u0644\u0627\u0621.jpg\" data-thumb-alt=\"\u0643\u062a\u0627\u0628 \u0641\u0636\u0644 \u0627\u0644\u0635\u0628\u0631 \u0639\u0644\u064a \u0627\u0644\u0628\u0644\u0627\u0621\" data-thumb-srcset=\"\"  data-thumb-sizes=\"(max-width: 71px) 100vw, 71px\" class=\"woocommerce-product-gallery__image\"><a href=\"https:\/\/tamerbadr.com\/wp-content\/uploads\/2025\/03\/\u0641\u0636\u0644-\u0627\u0644\u0635\u0628\u0631-\u0639\u0644\u0649-\u0627\u0644\u0628\u0644\u0627\u0621.jpg\"><img fetchpriority=\"high\" decoding=\"async\" width=\"480\" height=\"676\" src=\"https:\/\/tamerbadr.com\/wp-content\/uploads\/2025\/03\/\u0641\u0636\u0644-\u0627\u0644\u0635\u0628\u0631-\u0639\u0644\u0649-\u0627\u0644\u0628\u0644\u0627\u0621.jpg\" class=\"wp-post-image\" alt=\"Kniha o cnosti trpezlivosti tv\u00e1rou v tv\u00e1r nepriazni osudu\" data-caption=\"\" data-src=\"https:\/\/tamerbadr.com\/wp-content\/uploads\/2025\/03\/\u0641\u0636\u0644-\u0627\u0644\u0635\u0628\u0631-\u0639\u0644\u0649-\u0627\u0644\u0628\u0644\u0627\u0621.jpg\" data-large_image=\"https:\/\/tamerbadr.com\/wp-content\/uploads\/2025\/03\/\u0641\u0636\u0644-\u0627\u0644\u0635\u0628\u0631-\u0639\u0644\u0649-\u0627\u0644\u0628\u0644\u0627\u0621.jpg\" data-large_image_width=\"480\" data-large_image_height=\"676\" \/><\/a><\/div><div data-thumb=\"https:\/\/tamerbadr.com\/wp-content\/uploads\/2025\/03\/\u0645\u0624\u0644\u0641\u0627\u062a-\u062a\u0627\u0645\u0631-\u0628\u062f\u0631-1-6.jpg\" data-thumb-alt=\"\u0643\u062a\u0627\u0628 \u0641\u0636\u0644 \u0627\u0644\u0635\u0628\u0631 \u0639\u0644\u064a \u0627\u0644\u0628\u0644\u0627\u0621 - Obr\u00e1zok 2\" data-thumb-srcset=\"\"  data-thumb-sizes=\"(max-width: 92px) 100vw, 92px\" class=\"woocommerce-product-gallery__image\" data-no-translation-data-thumb-alt=\"\"><a href=\"https:\/\/tamerbadr.com\/wp-content\/uploads\/2025\/03\/\u0645\u0624\u0644\u0641\u0627\u062a-\u062a\u0627\u0645\u0631-\u0628\u062f\u0631-1-6.jpg\"><img decoding=\"async\" width=\"389\" height=\"422\" src=\"https:\/\/tamerbadr.com\/wp-content\/uploads\/2025\/03\/\u0645\u0624\u0644\u0641\u0627\u062a-\u062a\u0627\u0645\u0631-\u0628\u062f\u0631-1-6.jpg\" class=\"\" alt=\"\u0643\u062a\u0627\u0628 \u0641\u0636\u0644 \u0627\u0644\u0635\u0628\u0631 \u0639\u0644\u064a \u0627\u0644\u0628\u0644\u0627\u0621 - Obr\u00e1zok 2\" data-caption=\"CREATOR: gd-jpeg v1.0 (using IJG JPEG v62), quality = 90\" data-src=\"https:\/\/tamerbadr.com\/wp-content\/uploads\/2025\/03\/\u0645\u0624\u0644\u0641\u0627\u062a-\u062a\u0627\u0645\u0631-\u0628\u062f\u0631-1-6.jpg\" data-large_image=\"https:\/\/tamerbadr.com\/wp-content\/uploads\/2025\/03\/\u0645\u0624\u0644\u0641\u0627\u062a-\u062a\u0627\u0645\u0631-\u0628\u062f\u0631-1-6.jpg\" data-large_image_width=\"389\" data-large_image_height=\"422\" data-no-translation-alt=\"\" \/><\/a><\/div>\t<\/div>\n<\/div>\n\n\t<div class=\"summary entry-summary\">\n\t\t<h1 class=\"product_title entry-title\">Kniha o cnosti trpezlivosti tv\u00e1rou v tv\u00e1r nepriazni osudu<\/h1><p class=\"price\"><span class=\"woocommerce-Price-amount amount\"><bdi><span class=\"woocommerce-Price-currencySymbol\">EGP<\/span>40.00<\/bdi><\/span><\/p>\n\n\t\n\t<form class=\"cart\" action=\"\" method=\"post\" enctype='multipart\/form-data' data-trp-original-action=\"\">\n\t\t\n\t\t<div class=\"quantity\">\n\t\t<label class=\"screen-reader-text\" for=\"quantity_69fee7170e2e0\" data-no-translation=\"\" data-trp-gettext=\"\">mno\u017estvo \u0643\u062a\u0627\u0628 \u0641\u0636\u0644 \u0627\u0644\u0635\u0628\u0631 \u0639\u0644\u064a \u0627\u0644\u0628\u0644\u0627\u0621<\/label>\n\t<input\n\t\ttype=\"number\"\n\t\t\t\tid=\"quantity_69fee7170e2e0\"\n\t\tclass=\"input-text qty text\"\n\t\tname=\"quantity\"\n\t\tvalue=\"1\"\n\t\taria-label=\"Mno\u017estvo produktu\"\n\t\t\t\tmin=\"1\"\n\t\t\t\t\t\t\tstep=\"1\"\n\t\t\tplaceholder=\"\"\n\t\t\tinputmode=\"numeric\"\n\t\t\tautocomplete=\"off\" data-no-translation-aria-label=\"\"\n\t\t\t\/>\n\t<\/div>\n\n\t\t<button type=\"submit\" name=\"add-to-cart\" value=\"19573\" class=\"single_add_to_cart_button button alt\" data-no-translation=\"\" data-trp-gettext=\"\">Prida\u0165 do ko\u0161\u00edka<\/button>\n\n\t\t\n        <script>\n            document.addEventListener('DOMContentLoaded', function(){\n                document.addEventListener('click', function(event){\n                    if(!event.target.matches('.single_add_to_cart_button')){\n                        return;\n                    }\n\n                    const quantity = document.querySelector('input.qty').value || '1';\n                    const formProductVariation = document.querySelector('form[data-product_variations]')\n                    const variationItem = document.querySelector('.variation_id')\n\n                    let price = 40\n                    if(formProductVariation && variationItem){\n                        try{\n                            const variations = JSON.parse(formProductVariation.dataset.product_variations)\n                            const variationId = variationItem.value\n                            for(const variation of variations){\n                                if(variation.variation_id == Number(variationId)){\n                                    price = variation.display_price\n                                }\n                            }\n                        }\n                        catch{\n                        }\n                    }\n\n                    gtag('event', 'add_to_cart', {\n                        'items': [ {\n                            'item_id':'19573',\n                            'item_name': '\u0643\u062a\u0627\u0628 \u0641\u0636\u0644 \u0627\u0644\u0635\u0628\u0631 \u0639\u0644\u064a \u0627\u0644\u0628\u0644\u0627\u0621',\n                            'list_name': '\u0643\u062a\u0627\u0628 \u0641\u0636\u0644 \u0627\u0644\u0635\u0628\u0631 \u0639\u0644\u064a \u0627\u0644\u0628\u0644\u0627\u0621',\n                            'quantity': quantity,\n                            'price': price,\n                            \"item_category\":\"\u062f\u064a\u0646 \u0625\u0633\u0644\u0627\u0645\u064a\"\n                        }]\n                    });\n                })\n            });\n        <\/script>\n        \t<input type=\"hidden\" name=\"trp-form-language\" value=\"sk\"\/><\/form>\n\n\t\n<div class=\"product_meta\">\n\n\t\n\t\n\t<span class=\"posted_in\">Kateg\u00f3ria: <a href=\"https:\/\/tamerbadr.com\/sk\/kategoria-produktu\/%d8%af%d9%8a%d9%86-%d8%a5%d8%b3%d9%84%d8%a7%d9%85%d9%8a\" rel=\"tag\">Islamsk\u00e9 n\u00e1bo\u017eenstvo<\/a><\/span>\n\t\n\t\n<\/div>\n\t<\/div>\n\n\t\n\t<div class=\"woocommerce-tabs wc-tabs-wrapper\">\n\t\t<ul class=\"tabs wc-tabs\" role=\"tablist\">\n\t\t\t\t\t\t\t<li role=\"presentation\" class=\"description_tab\" id=\"tab-title-description\">\n\t\t\t\t\t<a href=\"#tab-description\" role=\"tab\" aria-controls=\"tab-description\">\n\t\t\t\t\t\tPopis\t\t\t\t\t<\/a>\n\t\t\t\t<\/li>\n\t\t\t\t\t\t\t<li role=\"presentation\" class=\"reviews_tab\" id=\"tab-title-reviews\">\n\t\t\t\t\t<a href=\"#tab-reviews\" role=\"tab\" aria-controls=\"tab-reviews\">\n\t\t\t\t\t\tRecenzie (0)\t\t\t\t\t<\/a>\n\t\t\t\t<\/li>\n\t\t\t\t\t<\/ul>\n\t\t\t\t\t<div class=\"woocommerce-Tabs-panel woocommerce-Tabs-panel--description panel entry-content wc-tab\" id=\"tab-description\" role=\"tabpanel\" aria-labelledby=\"tab-title-description\">\n\t\t\t\t\n\t<h2 data-no-translation=\"\" data-trp-gettext=\"\">Popis<\/h2>\n\n<h1 style=\"text-align: center;\"><strong>\u00davod \u0161ejka Muhammada Hassana ku knihe Trpezlivos\u0165 tv\u00e1rou v tv\u00e1r nepriazni osudu<\/strong><\/h1>\n<h1 style=\"text-align: center;\">Chv\u00e1la Bohu a nech s\u00fa Bo\u017eie modlitby a pokoj s Poslom Bo\u017e\u00edm, nech ho Boh po\u017eehn\u00e1 a d\u00e1 mu pokoj.<\/h1>\n<h1 style=\"text-align: center;\">All\u00e1h, V\u0161emoh\u00faci, urobil z trpezlivosti neochvejn\u00e9ho ko\u0148a, neporazite\u013en\u00fa arm\u00e1du a nezni\u010dite\u013en\u00fa pevnos\u0165. On, V\u0161emoh\u00faci, povedal, \u017ee trpezliv\u00ed s\u00fa v spolo\u010dnosti All\u00e1ha a On ich miluje. Ak\u00e1 \u010des\u0165!!<\/h1>\n<h1 style=\"text-align: center;\">V\u0161emoh\u00faci Boh povedal: \u201eVskutku, Boh je s trpezliv\u00fdmi.\u201c (Al-Baqarah: 153)<\/h1>\n<h1 style=\"text-align: center;\">V\u0161emoh\u00faci Boh povedal: \u201eA Boh miluje trpezliv\u00fdch.\u201c (Al Imran: 146)<\/h1>\n<h1 style=\"text-align: center;\">A On podmienil vedenie n\u00e1bo\u017eenstva trpezlivos\u0165ou a istotou, a tak On, V\u0161emoh\u00faci, povedal: \u201eA urobili sme z nich vodcov, ktor\u00ed viedli pod\u013ea Na\u0161eho pr\u00edkazu, ke\u010f boli trpezliv\u00ed a boli si ist\u00ed Na\u0161imi znameniami.\u201c [As-Sad\u017eda: 24]<\/h1>\n<h1 style=\"text-align: center;\">A pre trpezliv\u00fdch zhroma\u017edil tieto radostn\u00e9 zvesti, ktor\u00e9 nezhroma\u017edil pre in\u00fdch, a tak On, Najvy\u0161\u0161\u00ed, povedal: \u201eA ur\u010dite v\u00e1s pok\u00fa\u0161ame strachom, hladom a stratou majetku, \u017eivotov a plodov, ale trpezliv\u00fdm povedz radostn\u00fa zves\u0165 (155) ktor\u00ed, ke\u010f ich postihne ne\u0161\u0165astie, povedia: \u201eVe\u010f my patr\u00edme Bohu a k Nemu sa vr\u00e1time.\u201c (156) T\u00ed bud\u00fa ma\u0165 po\u017eehnanie od svojho P\u00e1na a milosrdenstvo. A to s\u00fa t\u00ed, ktor\u00ed s\u00fa spr\u00e1vne veden\u00ed.\u201c (157) [Al-Baqarah]<\/h1>\n<h1 style=\"text-align: center;\">Potom V\u0161emoh\u00faci vysvetlil \u010des\u0165 trpezliv\u00fdch v Raji t\u00fdm, \u017ee anjeli vch\u00e1dzaj\u00fa, aby ich pozdravili a pozdravili, ako On, V\u0161emoh\u00faci, povedal: \u201eA anjeli k nim vst\u00fapia z ka\u017edej br\u00e1ny [a povedia]: \u201aPokoj s vami za to, \u010do ste trpezlivo vydr\u017eali. A kr\u00e1sny je kone\u010dn\u00fd domov!\u2018\u201c (Al-Ra\u2019d).<\/h1>\n<h1 style=\"text-align: center;\">Zhrnul ich z\u00e1sluhy a ich nekone\u010dn\u00fa odmenu slovami: \u201eLen trpezliv\u00ed dostan\u00fa svoju odmenu v plnej v\u00fd\u0161ke a bez vy\u010d\u00edslenia.\u201c (Az-Zumar: 10)<\/h1>\n<h1 style=\"text-align: center;\">\u00c1no, trpezlivos\u0165 je, ako nazna\u010duje jej n\u00e1zov, jej chu\u0165 je hork\u00e1, ale jej n\u00e1sledky s\u00fa slad\u0161ie ako med.<\/h1>\n<h1 style=\"text-align: center;\">\u010co je trpezlivos\u0165?<\/h1>\n<h1 style=\"text-align: center;\">Trpezlivos\u0165 v jazyku: je prevencia a obmedzenie.<\/h1>\n<h1 style=\"text-align: center;\">Trpezlivos\u0165 pod\u013ea islamsk\u00e9ho pr\u00e1va znamen\u00e1 zdr\u017eiava\u0165 sa od starost\u00ed, obmedzova\u0165 jazyk od s\u0165a\u017eovania sa a obmedzova\u0165 kon\u010datiny od p\u00e1chania hriechov.<\/h1>\n<h1 style=\"text-align: center;\">* Je rozdelen\u00e1 do troch \u010dast\u00ed:<\/h1>\n<h1 style=\"text-align: center;\">Trpezlivos\u0165 s pr\u00edkazom. To znamen\u00e1 trpezlivos\u0165 s poslu\u0161nos\u0165ou.<\/h1>\n<h1 style=\"text-align: center;\">- A trpezlivos\u0165 vo vyh\u00fdban\u00ed sa tomu, \u010do je zak\u00e1zan\u00e9. To znamen\u00e1 trpezlivos\u0165 vo vyh\u00fdban\u00ed sa hriechu.<\/h1>\n<h1 style=\"text-align: center;\">- A trpezlivos\u0165 tv\u00e1rou v tv\u00e1r osudu. To znamen\u00e1 trpezlivos\u0165 tv\u00e1rou v tv\u00e1r ne\u0161\u0165astiam a sk\u00fa\u0161kam, ktor\u00e9 V\u0161emoh\u00faci Boh ur\u010dil pre slu\u017eobn\u00edka.<\/h1>\n<h1 style=\"text-align: center;\">Kr\u00e1sna trpezlivos\u0165 je t\u00e1, ktorou jej majite\u013e h\u013ead\u00e1 priaze\u0148 Alaha, Najvy\u0161\u0161ieho, Najv\u00e4\u010d\u0161ieho, nie zo strachu pred \u013eu\u010fmi, aby o \u0148om nepovedali, \u017ee je netrpezliv\u00fd, ani z prikr\u00e1\u0161\u013eovania sa kv\u00f4li \u013eu\u010fom, aby o \u0148om nepovedali, \u017ee je trpezliv\u00fd. Sk\u00f4r je trpezliv\u00fd, ver\u00ed v Alahovo ustanovenie, dobr\u00e9 aj zl\u00e9, povzn\u00e1\u0161a sa nad boles\u0165 a povzn\u00e1\u0161a sa nad s\u0165a\u017enosti.<\/h1>\n<h1 style=\"text-align: center;\">Vy\u0161etrovanie ukazuje, \u017ee existuj\u00fa dva typy s\u0165a\u017enost\u00ed:<\/h1>\n<h1 style=\"text-align: center;\">S\u0165a\u017enos\u0165 Bohu a s\u0165a\u017enos\u0165 od Boha!!<\/h1>\n<h1 style=\"text-align: center;\">\u010co sa t\u00fdka s\u0165a\u017eovania sa Bohu, to neprotire\u010d\u00ed trpezlivosti, ako Boh povedal v rozpr\u00e1van\u00ed od Jakuba, mier s n\u00edm: \u201eTrpezlivos\u0165 je najvhodnej\u0161ia a Boh je ten, u ktor\u00e9ho sa \u017eiada pomoc proti tomu, \u010do opisuje\u0161.\u201c (J\u00fasuf: 18)<\/h1>\n<h1 style=\"text-align: center;\">Svoju s\u0165a\u017enos\u0165 v\u0161ak vzniesol k Bohu a povedal: \u201eBohu sa s\u0165a\u017eujem len na svoje utrpenie a svoj z\u00e1rmutok\u201c (J\u00fasuf: 86).<\/h1>\n<h1 style=\"text-align: center;\">V\u0161emoh\u00faci Boh chv\u00e1lil J\u00f3ba, mier s n\u00edm, no on sa s\u0165a\u017eoval Bohu a povedal: \u201eA J\u00f3b, ke\u010f volal k svojmu P\u00e1novi: \u201aPostihlo ma ne\u0161\u0165astie a Ty si Najmilosrdnej\u0161\u00ed z milosrdn\u00fdch.\u2018\u201c (Al-Anbiya: 83)<\/h1>\n<h1 style=\"text-align: center;\">M\u00fadry veriaci by mal vedie\u0165, \u017ee tento svet je miestom sk\u00fa\u0161ok a testovania a jeho rados\u0165ou s\u00fa sny a prchav\u00fd tie\u0148. Ak \u0165a to trochu rozosmeje, ve\u013ea \u0165a to rozpla\u010de. Ak \u0165a to pote\u0161\u00ed na jeden de\u0148, zarm\u00fati \u0165a to na cel\u00fd \u017eivot. Ak ti to prinesie trochu pote\u0161enia, na dlho \u0165a to priprav\u00ed. A na ka\u017ed\u00fa rados\u0165 prich\u00e1dza sm\u00fatok!!<\/h1>\n<h1 style=\"text-align: center;\">M\u00fadry \u010dlovek je ten, kto sa pozer\u00e1 okom svojho vh\u013eadu a svetlom svojej viery a s istotou vie, \u017ee to, \u010do ho postihlo, ho nemohlo min\u00fa\u0165 a \u017ee to, \u010do ho minulo, ho nemohlo postihn\u00fa\u0165. Preto sa pozer\u00e1 do Knihy V\u0161emoh\u00faceho Boha a Sunny Jeho Posla, nech ho Boh po\u017eehn\u00e1 a d\u00e1 mu pokoj, aby pochopil odmenu trpezlivosti.<\/h1>\n<h1 style=\"text-align: center;\">Nech potom uhas\u00ed ohe\u0148 ne\u0161\u0165ast\u00ed a sk\u00fa\u0161ok s chladnokrvnos\u0165ou nasledovania pr\u00edkladu t\u00fdch, ktor\u00ed boli postihnut\u00ed, najm\u00e4 poslov a prorokov.<\/h1>\n<h1 style=\"text-align: center;\">Keby sa potom pozrel a preh\u013eadal \u013eud\u00ed na zemi, nena\u0161iel by medzi nimi nikoho okrem niekoho, koho tr\u00e1pila strata milovanej osoby alebo nie\u010do nepr\u00edjemn\u00e9!!<\/h1>\n<h1 style=\"text-align: center;\">Ako ve\u013emi potrebujeme neust\u00e1lu pripomienku v \u010dase, ke\u010f je sk\u00fa\u0161ok a s\u00fa\u017een\u00ed ve\u013ea a s\u00fa\u017eenia s\u00fa \u0165a\u017ek\u00e9.<\/h1>\n<h1 style=\"text-align: center;\">V\u010faka trpezlivosti tv\u00e1rou v tv\u00e1r nepriazni osudu, pochopeniu m\u00fadrosti, ktor\u00e1 sa za nepriaz\u0148ou osudu skr\u00fdva, spozn\u00e1vaniu druhov nepriazne osudu, nasledovaniu pr\u00edkladu poslov a prorokov a \u010fal\u0161\u00edm d\u00f4le\u017eit\u00fdm ot\u00e1zkam s\u00favisiacim s touto u\u0161\u013eachtilou t\u00e9mou.<\/h1>\n<h1 style=\"text-align: center;\">M\u00e1m v ruk\u00e1ch pekn\u00fd odkaz od n\u00e1\u0161ho drah\u00e9ho brata Tamera Badra. Nech ho Boh odmen\u00ed dobrom a nech n\u00e1s aj jeho zarad\u00ed medzi trpezliv\u00fdch a nech pote\u0161\u00ed na\u0161e o\u010di v\u00ed\u0165azstvom tohto n\u00e1bo\u017eenstva. Nech Bo\u017eie modlitby a pokoj patria vodcovi prorokov a celej jeho rodine a spolo\u010dn\u00edkom.<\/h1>\n<h1 style=\"text-align: center;\">Nap\u00edsal\/a<\/h1>\n\t\t\t<\/div>\n\t\t\t\t\t<div class=\"woocommerce-Tabs-panel woocommerce-Tabs-panel--reviews panel entry-content wc-tab\" id=\"tab-reviews\" role=\"tabpanel\" aria-labelledby=\"tab-title-reviews\">\n\t\t\t\t<div id=\"reviews\" class=\"woocommerce-Reviews\">\n\t<div id=\"comments\">\n\t\t<h2 class=\"woocommerce-Reviews-title\">\n\t\t\tRecenzie\t\t<\/h2>\n\n\t\t\t\t\t<p class=\"woocommerce-noreviews\" data-no-translation=\"\" data-trp-gettext=\"\">Nikto zatia\u013e nepridal hodnotenie.<\/p>\n\t\t\t<\/div>\n\n\t\t\t<div id=\"review_form_wrapper\">\n\t\t\t<div id=\"review_form\">\n\t\t\t\t\t<div id=\"respond\" class=\"comment-respond\">\n\t\t<span id=\"reply-title\" class=\"comment-reply-title\" role=\"heading\" aria-level=\"3\">Pridajte prv\u00fa recenziu pre &ldquo;\u0643\u062a\u0627\u0628 \u0641\u0636\u0644 \u0627\u0644\u0635\u0628\u0631 \u0639\u0644\u064a \u0627\u0644\u0628\u0644\u0627\u0621&rdquo; <small><a rel=\"nofollow\" id=\"cancel-comment-reply-link\" href=\"\/sk\/wp-json\/wp\/v2\/pages\/20137#respond\" style=\"display:none;\">Zru\u0161i\u0165 odpove\u010f<\/a><\/small><\/span><p class=\"must-log-in\" data-no-translation=\"\" data-trp-gettext=\"\">Mus\u00edte by\u0165 <a href=\"https:\/\/tamerbadr.com\/sk\/\">prihl\u00e1sen\u00fd<\/a> pre pridanie hodnotenia.<\/p>\t<\/div><!-- #respond -->\n\t\t\t\t<\/div>\n\t\t<\/div>\n\t\n\t<div class=\"clear\"><\/div>\n<\/div>\n\t\t\t<\/div>\n\t\t\n\t\t\t<\/div>\n\n<\/div>\n\n\t\t\t<\/div>\n\t\t\t<\/div>\t\t\t\t<\/div>\n\t\t\t\t<\/div>\n\t\t\t\t<\/div>\n\t\t\t\t\t<\/div>\n\t\t\t\t<\/div>\n\t\t\t\t<\/div>","protected":false},"excerpt":{"rendered":"","protected":false},"author":1,"featured_media":0,"parent":0,"menu_order":0,"comment_status":"closed","ping_status":"closed","template":"elementor_header_footer","meta":{"_seopress_robots_primary_cat":"","_seopress_titles_title":"","_seopress_titles_desc":"","_seopress_robots_index":"","inline_featured_image":false,"_uf_show_specific_survey":0,"_uf_disable_surveys":false,"footnotes":""},"class_list":["post-20137","page","type-page","status-publish"],"_links":{"self":[{"href":"https:\/\/tamerbadr.com\/sk\/wp-json\/wp\/v2\/pages\/20137","targetHints":{"allow":["GET"]}}],"collection":[{"href":"https:\/\/tamerbadr.com\/sk\/wp-json\/wp\/v2\/pages"}],"about":[{"href":"https:\/\/tamerbadr.com\/sk\/wp-json\/wp\/v2\/types\/page"}],"author":[{"embeddable":true,"href":"https:\/\/tamerbadr.com\/sk\/wp-json\/wp\/v2\/users\/1"}],"replies":[{"embeddable":true,"href":"https:\/\/tamerbadr.com\/sk\/wp-json\/wp\/v2\/comments?post=20137"}],"version-history":[{"count":0,"href":"https:\/\/tamerbadr.com\/sk\/wp-json\/wp\/v2\/pages\/20137\/revisions"}],"wp:attachment":[{"href":"https:\/\/tamerbadr.com\/sk\/wp-json\/wp\/v2\/media?parent=20137"}],"curies":[{"name":"pracovn\u00fd list","href":"https:\/\/api.w.org\/{rel}","templated":true}]}}