{"id":20119,"date":"2025-03-19T15:32:12","date_gmt":"2025-03-19T15:32:12","guid":{"rendered":"https:\/\/white-ant-267257.hostingersite.com\/?page_id=20119"},"modified":"2025-04-06T08:15:00","modified_gmt":"2025-04-06T08:15:00","slug":"unforgettable-countries-book","status":"publish","type":"page","link":"https:\/\/tamerbadr.com\/sk\/unforgettable-countries-book","title":{"rendered":"Kniha Nezabudnute\u013en\u00e9 krajiny"},"content":{"rendered":"<div data-elementor-type=\"wp-page\" data-elementor-id=\"20119\" class=\"elementor elementor-20119\" data-elementor-post-type=\"page\">\n\t\t\t\t<div class=\"elementor-element elementor-element-c8c7aab e-flex e-con-boxed e-con e-parent\" data-id=\"c8c7aab\" data-element_type=\"container\">\n\t\t\t\t\t<div class=\"e-con-inner\">\n\t\t<div class=\"elementor-element elementor-element-6483b1a e-con-full e-flex e-con e-child\" data-id=\"6483b1a\" data-element_type=\"container\">\n\t\t\t\t<div class=\"elementor-element elementor-element-6058eb2 elementor-widget elementor-widget-wc-elements\" data-id=\"6058eb2\" data-element_type=\"widget\" data-widget_type=\"wc-elements.default\">\n\t\t\t\t<div class=\"elementor-widget-container\">\n\t\t\t\t\t<div class=\"woocommerce\">\t\t\t<div class=\"single-product\" data-product-page-preselected-id=\"0\">\n\t\t\t\t<div class=\"woocommerce-notices-wrapper\"><\/div><div id=\"product-19582\" class=\"product type-product post-19582 status-publish first instock product_cat-190 has-post-thumbnail downloadable shipping-taxable purchasable product-type-simple\">\n\n\t<div class=\"woocommerce-product-gallery woocommerce-product-gallery--with-images woocommerce-product-gallery--columns-4 images\" data-columns=\"4\" style=\"opacity: 0; transition: opacity .25s ease-in-out;\">\n\t<div class=\"woocommerce-product-gallery__wrapper\">\n\t\t<div data-thumb=\"https:\/\/tamerbadr.com\/wp-content\/uploads\/2025\/03\/\u062f\u0648\u0644-\u0644\u0627-\u062a\u0646\u0633\u0649-scaled-scaled.jpg\" data-thumb-alt=\"\u0643\u062a\u0627\u0628 \u062f\u0648\u0644 \u0644\u0627 \u062a\u0646\u0633\u0649\" data-thumb-srcset=\"\"  data-thumb-sizes=\"(max-width: 100px) 100vw, 100px\" class=\"woocommerce-product-gallery__image\"><a href=\"https:\/\/tamerbadr.com\/wp-content\/uploads\/2025\/03\/\u062f\u0648\u0644-\u0644\u0627-\u062a\u0646\u0633\u0649-scaled-scaled.jpg\"><img fetchpriority=\"high\" decoding=\"async\" width=\"2049\" height=\"1434\" src=\"https:\/\/tamerbadr.com\/wp-content\/uploads\/2025\/03\/\u062f\u0648\u0644-\u0644\u0627-\u062a\u0646\u0633\u0649-scaled-scaled.jpg\" class=\"wp-post-image\" alt=\"Kniha Nezabudnute\u013en\u00e9 krajiny\" data-caption=\"\" data-src=\"https:\/\/tamerbadr.com\/wp-content\/uploads\/2025\/03\/\u062f\u0648\u0644-\u0644\u0627-\u062a\u0646\u0633\u0649-scaled-scaled.jpg\" data-large_image=\"https:\/\/tamerbadr.com\/wp-content\/uploads\/2025\/03\/\u062f\u0648\u0644-\u0644\u0627-\u062a\u0646\u0633\u0649-scaled-scaled.jpg\" data-large_image_width=\"2049\" data-large_image_height=\"1434\" \/><\/a><\/div><div data-thumb=\"https:\/\/tamerbadr.com\/wp-content\/uploads\/2025\/03\/\u062f\u0648\u0644-\u0644\u0627-\u062a\u0646\u0633\u0649.jpeg\" data-thumb-alt=\"\u0643\u062a\u0627\u0628 \u062f\u0648\u0644 \u0644\u0627 \u062a\u0646\u0633\u0649 - Obr\u00e1zok 2\" data-thumb-srcset=\"\"  data-thumb-sizes=\"(max-width: 70px) 100vw, 70px\" class=\"woocommerce-product-gallery__image\" data-no-translation-data-thumb-alt=\"\"><a href=\"https:\/\/tamerbadr.com\/wp-content\/uploads\/2025\/03\/\u062f\u0648\u0644-\u0644\u0627-\u062a\u0646\u0633\u0649.jpeg\"><img decoding=\"async\" width=\"559\" height=\"799\" src=\"https:\/\/tamerbadr.com\/wp-content\/uploads\/2025\/03\/\u062f\u0648\u0644-\u0644\u0627-\u062a\u0646\u0633\u0649.jpeg\" class=\"\" alt=\"\u0643\u062a\u0627\u0628 \u062f\u0648\u0644 \u0644\u0627 \u062a\u0646\u0633\u0649 - Obr\u00e1zok 2\" data-caption=\"\" data-src=\"https:\/\/tamerbadr.com\/wp-content\/uploads\/2025\/03\/\u062f\u0648\u0644-\u0644\u0627-\u062a\u0646\u0633\u0649.jpeg\" data-large_image=\"https:\/\/tamerbadr.com\/wp-content\/uploads\/2025\/03\/\u062f\u0648\u0644-\u0644\u0627-\u062a\u0646\u0633\u0649.jpeg\" data-large_image_width=\"559\" data-large_image_height=\"799\" data-no-translation-alt=\"\" \/><\/a><\/div><div data-thumb=\"https:\/\/tamerbadr.com\/wp-content\/uploads\/2025\/03\/\u0645\u0624\u0644\u0641\u0627\u062a-\u062a\u0627\u0645\u0631-\u0628\u062f\u0631-1-5.jpg\" data-thumb-alt=\"\u0643\u062a\u0627\u0628 \u062f\u0648\u0644 \u0644\u0627 \u062a\u0646\u0633\u0649 - Obr\u00e1zok 3\" data-thumb-srcset=\"\"  data-thumb-sizes=\"(max-width: 92px) 100vw, 92px\" class=\"woocommerce-product-gallery__image\" data-no-translation-data-thumb-alt=\"\"><a href=\"https:\/\/tamerbadr.com\/wp-content\/uploads\/2025\/03\/\u0645\u0624\u0644\u0641\u0627\u062a-\u062a\u0627\u0645\u0631-\u0628\u062f\u0631-1-5.jpg\"><img decoding=\"async\" width=\"389\" height=\"422\" src=\"https:\/\/tamerbadr.com\/wp-content\/uploads\/2025\/03\/\u0645\u0624\u0644\u0641\u0627\u062a-\u062a\u0627\u0645\u0631-\u0628\u062f\u0631-1-5.jpg\" class=\"\" alt=\"\u0643\u062a\u0627\u0628 \u062f\u0648\u0644 \u0644\u0627 \u062a\u0646\u0633\u0649 - Obr\u00e1zok 3\" data-caption=\"CREATOR: gd-jpeg v1.0 (using IJG JPEG v62), quality = 90\" data-src=\"https:\/\/tamerbadr.com\/wp-content\/uploads\/2025\/03\/\u0645\u0624\u0644\u0641\u0627\u062a-\u062a\u0627\u0645\u0631-\u0628\u062f\u0631-1-5.jpg\" data-large_image=\"https:\/\/tamerbadr.com\/wp-content\/uploads\/2025\/03\/\u0645\u0624\u0644\u0641\u0627\u062a-\u062a\u0627\u0645\u0631-\u0628\u062f\u0631-1-5.jpg\" data-large_image_width=\"389\" data-large_image_height=\"422\" data-no-translation-alt=\"\" \/><\/a><\/div>\t<\/div>\n<\/div>\n\n\t<div class=\"summary entry-summary\">\n\t\t<h1 class=\"product_title entry-title\">Kniha Nezabudnute\u013en\u00e9 krajiny<\/h1><p class=\"price\"><span class=\"woocommerce-Price-amount amount\"><bdi><span class=\"woocommerce-Price-currencySymbol\">EGP<\/span>60.00<\/bdi><\/span><\/p>\n\n\t\n\t<form class=\"cart\" action=\"\" method=\"post\" enctype='multipart\/form-data' data-trp-original-action=\"\">\n\t\t\n\t\t<div class=\"quantity\">\n\t\t<label class=\"screen-reader-text\" for=\"quantity_69fee70cbc72c\" data-no-translation=\"\" data-trp-gettext=\"\">mno\u017estvo \u0643\u062a\u0627\u0628 \u062f\u0648\u0644 \u0644\u0627 \u062a\u0646\u0633\u0649<\/label>\n\t<input\n\t\ttype=\"number\"\n\t\t\t\tid=\"quantity_69fee70cbc72c\"\n\t\tclass=\"input-text qty text\"\n\t\tname=\"quantity\"\n\t\tvalue=\"1\"\n\t\taria-label=\"Mno\u017estvo produktu\"\n\t\t\t\tmin=\"1\"\n\t\t\t\t\t\t\tstep=\"1\"\n\t\t\tplaceholder=\"\"\n\t\t\tinputmode=\"numeric\"\n\t\t\tautocomplete=\"off\" data-no-translation-aria-label=\"\"\n\t\t\t\/>\n\t<\/div>\n\n\t\t<button type=\"submit\" name=\"add-to-cart\" value=\"19582\" class=\"single_add_to_cart_button button alt\" data-no-translation=\"\" data-trp-gettext=\"\">Prida\u0165 do ko\u0161\u00edka<\/button>\n\n\t\t\n        <script>\n            document.addEventListener('DOMContentLoaded', function(){\n                document.addEventListener('click', function(event){\n                    if(!event.target.matches('.single_add_to_cart_button')){\n                        return;\n                    }\n\n                    const quantity = document.querySelector('input.qty').value || '1';\n                    const formProductVariation = document.querySelector('form[data-product_variations]')\n                    const variationItem = document.querySelector('.variation_id')\n\n                    let price = 60\n                    if(formProductVariation && variationItem){\n                        try{\n                            const variations = JSON.parse(formProductVariation.dataset.product_variations)\n                            const variationId = variationItem.value\n                            for(const variation of variations){\n                                if(variation.variation_id == Number(variationId)){\n                                    price = variation.display_price\n                                }\n                            }\n                        }\n                        catch{\n                        }\n                    }\n\n                    gtag('event', 'add_to_cart', {\n                        'items': [ {\n                            'item_id':'19582',\n                            'item_name': '\u0643\u062a\u0627\u0628 \u062f\u0648\u0644 \u0644\u0627 \u062a\u0646\u0633\u0649',\n                            'list_name': '\u0643\u062a\u0627\u0628 \u062f\u0648\u0644 \u0644\u0627 \u062a\u0646\u0633\u0649',\n                            'quantity': quantity,\n                            'price': price,\n                            \"item_category\":\"\u062a\u0627\u0631\u064a\u062e \u0625\u0633\u0644\u0627\u0645\u064a\"\n                        }]\n                    });\n                })\n            });\n        <\/script>\n        \t<input type=\"hidden\" name=\"trp-form-language\" value=\"sk\"\/><\/form>\n\n\t\n<div class=\"product_meta\">\n\n\t\n\t\n\t<span class=\"posted_in\">Kateg\u00f3ria: <a href=\"https:\/\/tamerbadr.com\/sk\/kategoria-produktu\/%d8%aa%d8%a7%d8%b1%d9%8a%d8%ae-%d8%a5%d8%b3%d9%84%d8%a7%d9%85%d9%8a\" rel=\"tag\">Islamsk\u00e1 hist\u00f3ria<\/a><\/span>\n\t\n\t\n<\/div>\n\t<\/div>\n\n\t\n\t<div class=\"woocommerce-tabs wc-tabs-wrapper\">\n\t\t<ul class=\"tabs wc-tabs\" role=\"tablist\">\n\t\t\t\t\t\t\t<li role=\"presentation\" class=\"description_tab\" id=\"tab-title-description\">\n\t\t\t\t\t<a href=\"#tab-description\" role=\"tab\" aria-controls=\"tab-description\">\n\t\t\t\t\t\tPopis\t\t\t\t\t<\/a>\n\t\t\t\t<\/li>\n\t\t\t\t\t\t\t<li role=\"presentation\" class=\"reviews_tab\" id=\"tab-title-reviews\">\n\t\t\t\t\t<a href=\"#tab-reviews\" role=\"tab\" aria-controls=\"tab-reviews\">\n\t\t\t\t\t\tRecenzie (0)\t\t\t\t\t<\/a>\n\t\t\t\t<\/li>\n\t\t\t\t\t<\/ul>\n\t\t\t\t\t<div class=\"woocommerce-Tabs-panel woocommerce-Tabs-panel--description panel entry-content wc-tab\" id=\"tab-description\" role=\"tabpanel\" aria-labelledby=\"tab-title-description\">\n\t\t\t\t\n\t<h2 data-no-translation=\"\" data-trp-gettext=\"\">Popis<\/h2>\n\n<h1 style=\"text-align: center;\"><strong>\u00davod profesora Dr. Ragheba El-Serganyho ku knihe \u201eNezabudnute\u013en\u00e9 krajiny\u201c<\/strong><\/h1>\n<h1 style=\"text-align: center;\">Mnoh\u00ed prekr\u00faca\u010di a fal\u0161ovatelia \u0161\u00edria my\u0161lienku, \u017ee islamsk\u00e1 hist\u00f3ria neobsahuje sl\u00e1vnu minulos\u0165, s v\u00fdnimkou obdobia Posla, nech ho Boh po\u017eehn\u00e1 a daruje mu mier, Ab\u00fa Bakra a Umara, nech je s nimi Boh spokojn\u00fd. Toto fal\u0161ovanie sl\u00fa\u017ei len na \u0161\u00edrenie frustr\u00e1cie v srdciach moslimov a na ich podnecovanie pocitu, \u017ee mo\u017enos\u0165 ich povstania sa stala ve\u013emi vzdialenou a \u017ee islamsk\u00fd pr\u00edstup nie je schopn\u00fd vybudova\u0165 \u0161t\u00e1t ani o\u017eivi\u0165 n\u00e1rod. Toto v\u0161etko je v rozpore s pravdou a \u010faleko od pravdy. Preto je naliehavo potrebn\u00e9 vysvetli\u0165 r\u00f4zne etapy hist\u00f3rie n\u00e1\u0161ho n\u00e1roda a to, \u017ee n\u00e1rod, bez oh\u013eadu na to, ak\u00fd slab\u00fd sa stane, op\u00e4\u0165 povstane, a ak jeho z\u00e1stava padne na jednom mieste, jeho z\u00e1stavy sa vzt\u00fd\u010dia na in\u00fdch miestach. A \u017ee Bo\u017e\u00ed z\u00e1kon je, \u017ee zostan\u00fa \u00faprimn\u00ed moslimovia, ktor\u00ed sa zast\u00e1vaj\u00fa veci tohto n\u00e1roda a zachov\u00e1vaj\u00fa jeho d\u00f4stojnos\u0165. Toto je pravda had\u00edsu Posla Bo\u017eieho, nech ho Boh po\u017eehn\u00e1 a daruje mu mier: \u201eSkupina m\u00f4jho n\u00e1roda v\u017edy zv\u00ed\u0165az\u00ed nad k\u00fdmko\u013evek\u2026\u201c<\/h1>\n<h1 style=\"text-align: center;\">Za\u00fato\u010dia na nich, dobyj\u00fa ich a t\u00ed, ktor\u00ed sa im postavia, im neubl\u00ed\u017eia, k\u00fdm k nim nepr\u00edde rozkaz Alaha, a tak\u00ed aj zostan\u00fa. (Rozpr\u00e1vali Al-Bukhar\u00ed a Muslim)<\/h1>\n<h1 style=\"text-align: center;\">Posol Bo\u017e\u00ed, nech ho Boh po\u017eehn\u00e1 a daruje mu pokoj, n\u00e1m dal ve\u013ek\u00fd pr\u00edklad pri budovan\u00ed \u0161t\u00e1tu a n\u00e1roda. Pritom sa stretol s \u00fatlakov\u00fdmi silami, ktor\u00e9 v tom \u010dase existovali a ktor\u00e9 predstavovali neveriaci z Arabsk\u00e9ho polostrova, veden\u00ed neveriacimi z Mekky, a \u017didia s ich r\u00f4znymi kme\u0148mi, ako aj obrovsk\u00e1 R\u00edmska r\u00ed\u0161a. Napriek tomuto hrozn\u00e9mu stretu mu V\u0161emoh\u00faci Boh predur\u010dil v\u00ed\u0165azstvo a \u00faspech, a\u017e k\u00fdm sa jeho \u0161t\u00e1t nestal mlad\u00fdm a hrd\u00fdm n\u00e1rodom.<\/h1>\n<h1 style=\"text-align: center;\">Po Alahovom Poslovi, mier a po\u017eehnanie s n\u00edm, Spravodliv\u00ed kalifi vybudovali siln\u00fd a ve\u013ek\u00fd \u0161t\u00e1t, ktor\u00fd dok\u00e1zal zni\u010di\u0165 tr\u00f3ny Chosraua a C\u00e9zara a dok\u00e1zal postavi\u0165 moslimov do popredia sveta a vynikal nad v\u0161etk\u00fdmi politicky, ekonomicky, vedecky, kult\u00farne a mor\u00e1lne. Predt\u00fdm aj po tom v\u0161etkom ich vynikal v doktr\u00edne, tak\u017ee dok\u00e1zal reformova\u0165 svoj svet svoj\u00edm n\u00e1bo\u017eenstvom a zv\u00fd\u0161i\u0165 \u017eivotn\u00fa \u00farove\u0148 vo svojom \u0161t\u00e1te z\u00e1konom svojho P\u00e1na a dosiahol zlo\u017eit\u00fa rovnicu, ktor\u00e1 sp\u00e1ja \u0161\u0165astie v oboch svetoch: v tomto svete aj v posmrtnom \u017eivote.<\/h1>\n<h1 style=\"text-align: center;\">Cesta islamsk\u00e9ho n\u00e1roda sa nezastavila v \u010dase Spravodliv\u00fdch kalifov, ale pokra\u010dovala vo svojej civiliza\u010dnej ceste s ve\u013ek\u00fdmi a u\u0161\u013eachtil\u00fdmi n\u00e1rodmi, ktor\u00e9 dosiahli sl\u00e1vu a \u010des\u0165 a v\u0161ade vysoko pozdvihli meno moslimov. Boli tu Umajjovsk\u00fd a Abb\u00e1sovsk\u00fd kalif\u00e1t, \u0161t\u00e1ty Ajj\u00fabovcov a Mamelukov, ve\u013ek\u00fd Osmansk\u00fd kalif\u00e1t a mnoho mocn\u00fdch n\u00e1rodov v dejin\u00e1ch Andal\u00fazie. Boli tu aj \u010fal\u0161ie n\u00e1rody, ktor\u00e9 zmenili smerovanie \u013eudstva \u00fa\u017easnou, pozit\u00edvnou zmenou, ktor\u00e1 prid\u00e1va na cti tomuto obrovsk\u00e9mu n\u00e1rodu, n\u00e1rodu islamu.<\/h1>\n<h1 style=\"text-align: center;\">T\u00e1to skvel\u00e1 hist\u00f3ria je najlep\u0161ou hist\u00f3riou na celom svete, no len m\u00e1lo \u013eud\u00ed o nej vie. Bohu\u017eia\u013e, ani samotn\u00ed moslimovia t\u00fato sl\u00e1vnu hist\u00f3riu nepoznaj\u00fa. Preto ma ve\u013emi te\u0161\u00ed, ke\u010f vid\u00edm knihu alebo ak\u00e9ko\u013evek liter\u00e1rne \u010di umeleck\u00e9 dielo, ktor\u00e9 moslimom obnovuje skuto\u010dn\u00fd obraz ich sl\u00e1vnej hist\u00f3rie a posil\u0148uje ich hrdos\u0165 a \u010des\u0165 v tomto vzne\u0161enom n\u00e1rode.<\/h1>\n<h1 style=\"text-align: center;\">M\u00e1me pred sebou jednu z t\u00fdchto cenn\u00fdch kn\u00edh, ktorej autor, p\u00e1n Tamer Badr, sa sna\u017eil vysledova\u0165 r\u00f4zne etapy sl\u00e1vy v na\u0161ich dejin\u00e1ch od za\u010diatku do konca, predstavi\u0165 n\u00e1m niektor\u00e9 z ve\u013ek\u00fdch pokladov t\u00fdchto dej\u00edn a rozpr\u00e1va\u0165 n\u00e1m o hist\u00f3rii nieko\u013ek\u00fdch islamsk\u00fdch kraj\u00edn, ktor\u00e9 vysoko povzniesli meno moslimov.<\/h1>\n<h1 style=\"text-align: center;\">Je to kr\u00e1sna kniha, elegantne nap\u00edsan\u00e1 a kr\u00e1sne prezentovan\u00e1, ktor\u00e1 obsahuje mno\u017estvo presn\u00fdch inform\u00e1ci\u00ed a je pr\u00edrastkom do na\u0161ej islamskej kni\u017enice, na ktor\u00fa bude ka\u017ed\u00fd moslim hrd\u00fd.<\/h1>\n<h1 style=\"text-align: center;\">Bo\u017ee, urob z tohto \u00fasilia dobr\u00fd skutok pre pisate\u013ea a urob z t\u00fdchto riadkov dobr\u00fd skutok pre ka\u017ed\u00e9ho, kto ich \u010d\u00edta...<\/h1>\n<h1 style=\"text-align: center;\">Pros\u00edm Boha, aby osl\u00e1vil islam a moslimov<\/h1>\n<h1 style=\"text-align: center;\">Prof. Dr. Ragheb Al-Sergani<\/h1>\n<h1 style=\"text-align: center;\">K\u00e1hira, m\u00e1j 2012<\/h1>\n\t\t\t<\/div>\n\t\t\t\t\t<div class=\"woocommerce-Tabs-panel woocommerce-Tabs-panel--reviews panel entry-content wc-tab\" id=\"tab-reviews\" role=\"tabpanel\" aria-labelledby=\"tab-title-reviews\">\n\t\t\t\t<div id=\"reviews\" class=\"woocommerce-Reviews\">\n\t<div id=\"comments\">\n\t\t<h2 class=\"woocommerce-Reviews-title\">\n\t\t\tRecenzie\t\t<\/h2>\n\n\t\t\t\t\t<p class=\"woocommerce-noreviews\" data-no-translation=\"\" data-trp-gettext=\"\">Nikto zatia\u013e nepridal hodnotenie.<\/p>\n\t\t\t<\/div>\n\n\t\t\t<div id=\"review_form_wrapper\">\n\t\t\t<div id=\"review_form\">\n\t\t\t\t\t<div id=\"respond\" class=\"comment-respond\">\n\t\t<span id=\"reply-title\" class=\"comment-reply-title\" role=\"heading\" aria-level=\"3\">Pridajte prv\u00fa recenziu pre &ldquo;\u0643\u062a\u0627\u0628 \u062f\u0648\u0644 \u0644\u0627 \u062a\u0646\u0633\u0649&rdquo; <small><a rel=\"nofollow\" id=\"cancel-comment-reply-link\" href=\"\/sk\/wp-json\/wp\/v2\/pages\/20119#respond\" style=\"display:none;\">Zru\u0161i\u0165 odpove\u010f<\/a><\/small><\/span><p class=\"must-log-in\" data-no-translation=\"\" data-trp-gettext=\"\">Mus\u00edte by\u0165 <a href=\"https:\/\/tamerbadr.com\/sk\/\">prihl\u00e1sen\u00fd<\/a> pre pridanie hodnotenia.<\/p>\t<\/div><!-- #respond -->\n\t\t\t\t<\/div>\n\t\t<\/div>\n\t\n\t<div class=\"clear\"><\/div>\n<\/div>\n\t\t\t<\/div>\n\t\t\n\t\t\t<\/div>\n\n<\/div>\n\n\t\t\t<\/div>\n\t\t\t<\/div>\t\t\t\t<\/div>\n\t\t\t\t<\/div>\n\t\t\t\t<\/div>\n\t\t\t\t\t<\/div>\n\t\t\t\t<\/div>\n\t\t\t\t<\/div>","protected":false},"excerpt":{"rendered":"","protected":false},"author":1,"featured_media":0,"parent":0,"menu_order":0,"comment_status":"closed","ping_status":"closed","template":"elementor_header_footer","meta":{"_seopress_robots_primary_cat":"","_seopress_titles_title":"","_seopress_titles_desc":"","_seopress_robots_index":"","inline_featured_image":false,"_uf_show_specific_survey":0,"_uf_disable_surveys":false,"footnotes":""},"class_list":["post-20119","page","type-page","status-publish"],"_links":{"self":[{"href":"https:\/\/tamerbadr.com\/sk\/wp-json\/wp\/v2\/pages\/20119","targetHints":{"allow":["GET"]}}],"collection":[{"href":"https:\/\/tamerbadr.com\/sk\/wp-json\/wp\/v2\/pages"}],"about":[{"href":"https:\/\/tamerbadr.com\/sk\/wp-json\/wp\/v2\/types\/page"}],"author":[{"embeddable":true,"href":"https:\/\/tamerbadr.com\/sk\/wp-json\/wp\/v2\/users\/1"}],"replies":[{"embeddable":true,"href":"https:\/\/tamerbadr.com\/sk\/wp-json\/wp\/v2\/comments?post=20119"}],"version-history":[{"count":0,"href":"https:\/\/tamerbadr.com\/sk\/wp-json\/wp\/v2\/pages\/20119\/revisions"}],"wp:attachment":[{"href":"https:\/\/tamerbadr.com\/sk\/wp-json\/wp\/v2\/media?parent=20119"}],"curies":[{"name":"pracovn\u00fd list","href":"https:\/\/api.w.org\/{rel}","templated":true}]}}