{"id":19582,"date":"2025-03-16T21:56:12","date_gmt":"2025-03-16T21:56:12","guid":{"rendered":"https:\/\/white-ant-267257.hostingersite.com\/?post_type=product&#038;p=19582"},"modified":"2025-07-13T07:21:17","modified_gmt":"2025-07-13T07:21:17","slug":"unforgettable-countries-book","status":"publish","type":"product","link":"https:\/\/tamerbadr.com\/ro\/produs\/unforgettable-countries-book","title":{"rendered":"Cartea \u201e\u021a\u0103ri de neuitat\u201d"},"content":{"rendered":"<h1 style=\"text-align: center;\"><strong>Introducere de c\u0103tre profesorul Dr. Ragheb El-Sergany la cartea \u201e\u021a\u0103ri de neuitat\u201d<\/strong><\/h1>\n<h1 style=\"text-align: center;\">Mul\u021bi distorsionatori \u0219i falsificatori r\u0103sp\u00e2ndesc ideea c\u0103 istoria islamic\u0103 nu con\u021bine un trecut glorios, cu excep\u021bia perioadei Mesagerului lui Dumnezeu, fie ca Dumnezeu s\u0103-l binecuv\u00e2nteze \u0219i s\u0103-i d\u0103ruiasc\u0103 pace, a lui Abu Bakr \u0219i a lui Umar, fie ca Dumnezeu s\u0103 fie mul\u021bumit de ei. Aceast\u0103 falsificare are doar scopul de a r\u0103sp\u00e2ndi frustrare \u00een inimile musulmanilor \u0219i de a-i face s\u0103 simt\u0103 c\u0103 posibilitatea unei revolte a devenit foarte \u00eendep\u0103rtat\u0103 \u0219i c\u0103 abordarea islamic\u0103 este incapabil\u0103 s\u0103 construiasc\u0103 un stat sau s\u0103 re\u00eenvie o na\u021biune. Toate acestea sunt contrare adev\u0103rului \u0219i departe de adev\u0103r. Prin urmare, exist\u0103 o nevoie urgent\u0103 de a explica diferitele etape ale istoriei na\u021biunii noastre \u0219i c\u0103 na\u021biunea, oric\u00e2t de sl\u0103bit\u0103 devine, se va ridica din nou, iar dac\u0103 steagul s\u0103u cade \u00eentr-un loc, steagurile sale vor fi ridicate \u00een alte locuri. \u0218i c\u0103 legea lui Dumnezeu este ca vor r\u0103m\u00e2ne musulmani sinceri care sus\u021bin cauza acestei na\u021biuni \u0219i \u00eei p\u0103streaz\u0103 demnitatea. Acesta este adev\u0103rul hadithului Mesagerului lui Dumnezeu, fie ca Dumnezeu s\u0103-l binecuv\u00e2nteze \u0219i s\u0103-i d\u0103ruiasc\u0103 pace: \u201eUn grup din na\u021biunea mea va fi \u00eentotdeauna victorios asupra oricui...\u201d<\/h1>\n<h1 style=\"text-align: center;\">\u00cei vor ataca \u0219i \u00eei vor cuceri, iar cei care li se opun nu le vor face r\u0103u p\u00e2n\u0103 c\u00e2nd porunca lui Allah nu va veni la ei \u0219i a\u0219a vor r\u0103m\u00e2ne. (Relatat de Al-Bukhari \u0219i Muslim)<\/h1>\n<h1 style=\"text-align: center;\">Mesagerul lui Dumnezeu, fie ca Dumnezeu s\u0103-l binecuv\u00e2nteze \u0219i s\u0103-i d\u0103ruiasc\u0103 pace, ne-a dat un exemplu m\u0103re\u021b \u00een \u00eentemeierea unui stat \u0219i construirea unei na\u021biuni. Proced\u00e2nd astfel, el s-a ciocnit cu for\u021bele de opresiune existente la acea vreme, reprezentate de necredincio\u0219ii din Peninsula Arabic\u0103, condu\u0219i de necredincio\u0219ii din Mecca, \u0219i de evrei cu diversele lor triburi, precum \u0219i de giganticul Imperiu Roman. \u00cen ciuda acestei ciocniri oribile, Dumnezeu Atotputernicul i-a decretat victoria \u0219i succesul p\u00e2n\u0103 c\u00e2nd statul s\u0103u a fost stabilit ca o na\u021biune t\u00e2n\u0103r\u0103 \u0219i m\u00e2ndr\u0103.<\/h1>\n<h1 style=\"text-align: center;\">Dup\u0103 Mesagerul lui Allah, pacea \u0219i binecuv\u00e2nt\u0103rile fie asupra lui, Califii Cei Drep\u021bi C\u0103l\u0103uzi\u021bi au construit un stat puternic \u0219i m\u0103re\u021b, care a reu\u0219it s\u0103 distrug\u0103 tronurile lui Khosro \u0219i Caesar \u0219i a reu\u0219it s\u0103-i plaseze pe musulmani \u00een fruntea lumii \u0219i a excelat fa\u021b\u0103 de to\u021bi din punct de vedere politic, economic, \u0219tiin\u021bific, cultural \u0219i moral. \u00cenainte \u0219i dup\u0103 toate acestea, a excelat fa\u021b\u0103 de ei \u00een doctrin\u0103, astfel \u00eenc\u00e2t a reu\u0219it s\u0103-\u0219i reformeze lumea cu religia sa \u0219i s\u0103 ridice standardul de via\u021b\u0103 \u00een statul s\u0103u cu legea Domnului s\u0103u \u0219i a realizat dificila ecua\u021bie care combin\u0103 fericirea \u00een ambele lumi: aceast\u0103 lume \u0219i cea de apoi.<\/h1>\n<h1 style=\"text-align: center;\">C\u0103l\u0103toria na\u021biunii islamice nu s-a oprit \u00een vremea Califilor Drep\u021bi C\u0103l\u0103uzi\u021bi, ci \u0219i-a continuat c\u0103l\u0103toria civiliza\u021bional\u0103 cu na\u021biuni mari \u0219i nobile care au dob\u00e2ndit glorie \u0219i onoare \u0219i au ridicat numele musulmanilor pretutindeni. Au existat califatele omeiazi \u0219i abaside, statele ayyubide \u0219i mameluce, marele califat otoman \u0219i numeroasele na\u021biuni puternice din istoria Andaluziei. Au existat \u0219i alte na\u021biuni, ici \u0219i colo, care au schimbat cursul umanit\u0103\u021bii cu o schimbare minunat\u0103, pozitiv\u0103, care adaug\u0103 la meritul acestei na\u021biuni gigantice, na\u021biunea islamic\u0103.<\/h1>\n<h1 style=\"text-align: center;\">Aceast\u0103 istorie str\u0103lucit\u0103 este cea mai bun\u0103 istorie din \u00eentreaga lume, \u00eens\u0103 doar c\u00e2\u021biva oameni o cunosc. Din p\u0103cate, chiar \u0219i musulmanii \u00een\u0219i\u0219i ignor\u0103 aceast\u0103 istorie glorioas\u0103. Prin urmare, m\u0103 bucur foarte mult c\u00e2nd v\u0103d o carte sau orice oper\u0103 literar\u0103 sau artistic\u0103 care le red\u0103 musulmanilor imaginea adev\u0103rat\u0103 a istoriei lor glorioase \u0219i le spore\u0219te m\u00e2ndria \u0219i onoarea fa\u021b\u0103 de aceast\u0103 na\u021biune nobil\u0103.<\/h1>\n<h1 style=\"text-align: center;\">Avem \u00een fa\u021ba noastr\u0103 una dintre aceste c\u0103r\u021bi valoroase, al c\u0103rei autor, domnul Tamer Badr, a dornic s\u0103 urm\u0103reasc\u0103 diferitele etape de glorie din istoria noastr\u0103 de la \u00eenceput p\u00e2n\u0103 la sf\u00e2r\u0219it, prezent\u00e2ndu-ne unele dintre marile comori ale acestei istorii \u0219i povestindu-ne despre istoria mai multor \u021b\u0103ri islamice care au ridicat numele musulmanilor sus pe cer.<\/h1>\n<h1 style=\"text-align: center;\">Este o carte frumoas\u0103, scris\u0103 elegant \u0219i prezentat\u0103 frumos, care con\u021bine o bog\u0103\u021bie de informa\u021bii precise \u0219i adaug\u0103 o carte frumoas\u0103 bibliotecii noastre islamice de care fiecare musulman va fi m\u00e2ndru.<\/h1>\n<h1 style=\"text-align: center;\">O, Doamne, f\u0103 din acest efort o fapt\u0103 bun\u0103 pentru scriitor \u0219i f\u0103 din aceste r\u00e2nduri o fapt\u0103 bun\u0103 pentru to\u021bi cei care le citesc...<\/h1>\n<h1 style=\"text-align: center;\">\u00cel rog pe Dumnezeu s\u0103 glorifice Islamul \u0219i musulmanii<\/h1>\n<h1 style=\"text-align: center;\">Prof. Dr. Ragheb Al-Sergani<\/h1>\n<h1 style=\"text-align: center;\">Cairo, mai 2012<\/h1>","protected":false},"excerpt":{"rendered":"<p>\u0645\u0642\u062f\u0645\u0629 \u0627\u0644\u0627\u0633\u062a\u0627\u0630 \u0627\u0644\u062f\u0643\u062a\u0648\u0631 \u0631\u0627\u063a\u0628 \u0627\u0644\u0633\u0631\u062c\u0627\u0646\u064a \u0644\u0643\u062a\u0627\u0628 \u062f\u0648\u0644 \u0644\u0627 \u062a\u0646\u0633\u0649 \u064a\u0634\u064a\u0639 \u0643\u062b\u064a\u0631 \u0645\u0646 \u0627\u0644\u0645\u062d\u0631\u0641\u064a\u0646 \u0648\u0627\u0644\u0645\u0632\u0648\u0631\u064a\u0646 \u0623\u0646 \u0627\u0644\u062a\u0627\u0631\u064a\u062e \u0627\u0644\u0625\u0633\u0644\u0627\u0645\u064a \u0644\u0627 \u064a\u062d\u0648\u064a \u0645\u0627\u0636\u064a\u0627 \u0645\u062c\u064a\u062f\u0627\u061b \u0625\u0644\u0627 \u0641\u064a \u0641\u062a\u0631\u0629 \u0627\u0644\u0631\u0633\u0648\u0644 \ufdfa \u0648\u0623\u0628\u064a \u0628\u0643\u0631 \u0648\u0639\u0645\u0631 \u0631\u0636\u064a \u0627\u0644\u0644\u0647 \u0639\u0646\u0647\u0645\u0627 \u060c \u0648\u0644\u064a\u0633 \u0647\u0630\u0627 \u0627\u0644\u062a\u0632\u0648\u064a\u0631 \u0625\u0644\u0627 \u0644\u0628\u062b \u0627\u0644\u0625\u062d\u0628\u0627\u0637 \u0641\u064a \u0642\u0644\u0648\u0628 \u0627\u0644\u0645\u0633\u0644\u0645\u064a\u0646 \u0648\u0625\u0634\u0639\u0627\u0631\u0647\u0645 \u0623\u0646 \u0627\u062d\u062a\u0645\u0627\u0644\u064a\u0629 \u0642\u064a\u0627\u0645\u0647\u0645 \u0635\u0627\u0631\u062a \u0628\u0639\u064a\u062f\u0629 \u062c\u062f\u0627\u060c \u0648\u0623\u0646 \u0627\u0644\u0645\u0646\u0647\u062c \u0627\u0644\u0625\u0633\u0644\u0627\u0645\u064a \u063a\u064a\u0631 \u0642\u0627\u062f\u0631 \u0639\u0644\u0649 [&hellip;]<\/p>","protected":false},"featured_media":19690,"comment_status":"open","ping_status":"closed","template":"","meta":{"_seopress_robots_primary_cat":"","_seopress_titles_title":"","_seopress_titles_desc":"","_seopress_robots_index":"","inline_featured_image":false,"_uf_show_specific_survey":0,"_uf_disable_surveys":false},"product_brand":[],"product_cat":[190],"product_tag":[],"class_list":{"0":"post-19582","1":"product","2":"type-product","3":"status-publish","4":"has-post-thumbnail","6":"product_cat-190","8":"first","9":"instock","10":"downloadable","11":"shipping-taxable","12":"purchasable","13":"product-type-simple"},"_links":{"self":[{"href":"https:\/\/tamerbadr.com\/ro\/wp-json\/wp\/v2\/product\/19582","targetHints":{"allow":["GET"]}}],"collection":[{"href":"https:\/\/tamerbadr.com\/ro\/wp-json\/wp\/v2\/product"}],"about":[{"href":"https:\/\/tamerbadr.com\/ro\/wp-json\/wp\/v2\/types\/product"}],"replies":[{"embeddable":true,"href":"https:\/\/tamerbadr.com\/ro\/wp-json\/wp\/v2\/comments?post=19582"}],"wp:featuredmedia":[{"embeddable":true,"href":"https:\/\/tamerbadr.com\/ro\/wp-json\/wp\/v2\/media\/19690"}],"wp:attachment":[{"href":"https:\/\/tamerbadr.com\/ro\/wp-json\/wp\/v2\/media?parent=19582"}],"wp:term":[{"taxonomy":"product_brand","embeddable":true,"href":"https:\/\/tamerbadr.com\/ro\/wp-json\/wp\/v2\/product_brand?post=19582"},{"taxonomy":"product_cat","embeddable":true,"href":"https:\/\/tamerbadr.com\/ro\/wp-json\/wp\/v2\/product_cat?post=19582"},{"taxonomy":"product_tag","embeddable":true,"href":"https:\/\/tamerbadr.com\/ro\/wp-json\/wp\/v2\/product_tag?post=19582"}],"curies":[{"name":"wp","href":"https:\/\/api.w.org\/{rel}","templated":true}]}}