{"id":19581,"date":"2025-03-16T21:53:58","date_gmt":"2025-03-16T21:53:58","guid":{"rendered":"https:\/\/white-ant-267257.hostingersite.com\/?post_type=product&#038;p=19581"},"modified":"2025-07-13T07:21:59","modified_gmt":"2025-07-13T07:21:59","slug":"unforgettable-leaders-book","status":"publish","type":"product","link":"https:\/\/tamerbadr.com\/ro\/produs\/unforgettable-leaders-book","title":{"rendered":"Cartea Lideri de neuitat"},"content":{"rendered":"<h1 style=\"text-align: center;\"><strong>Introducere de c\u0103tre profesorul Dr. Ragheb El-Sergany la cartea Lideri de neuitat<\/strong><\/h1>\n<h1 style=\"text-align: center;\">\u00cen istoria na\u021biunii islamice exist\u0103 b\u0103rba\u021bi care au luminat istoria pentru cei care au venit dup\u0103 ei, b\u0103rba\u021bi care s-au distins \u00een fiecare domeniu.<\/h1>\n<h1 style=\"text-align: center;\">Poate c\u0103 nu ve\u021bi g\u0103si \u00een istoria niciunei na\u021biuni acest num\u0103r de figuri str\u0103lucite. Conform autorit\u0103\u021bii lui Ibn Umar, fie ca Dumnezeu s\u0103 fie mul\u021bumit de el, care a spus: Mesagerul lui Dumnezeu, fie ca Dumnezeu s\u0103-l binecuv\u00e2nteze \u0219i s\u0103-i d\u0103ruiasc\u0103 pace, a spus: \u201eVe\u021bi g\u0103si oameni aduna\u021bi \u00een o sut\u0103 de locuri \u0219i niciun om nu va g\u0103si un munte printre ei.\u201d Relatat de Al-Bukhari \u0219i Muslim.<\/h1>\n<h1 style=\"text-align: center;\">A\u0219adar, oamenii distin\u0219i din istoria general\u0103 sunt pu\u021bini, dar mul\u021bi dintre ace\u0219ti pu\u021bini au ap\u0103rut \u0219i au excelat \u00een istoria islamic\u0103 \u0219i \u00een civiliza\u021bia islamic\u0103.<\/h1>\n<h1 style=\"text-align: center;\">Statul Islamic s-a n\u0103scut din mujahedini curajo\u0219i \u0219i eroici. Istoria islamic\u0103 a cunoscut c\u00e2\u021bi lideri au ap\u0103rut \u0219i au condus armatele islamice spre mari victorii, datorit\u0103 lui Dumnezeu Atotputernic, \u0219i apoi datorit\u0103 geniului \u0219i curajului lor!<\/h1>\n<h1 style=\"text-align: center;\">V\u00e2rsta nu a fost un factor \u00een determinarea liderilor \u00een Islam, ci mai degrab\u0103 competen\u021ba \u0219i abilitatea. Mesagerul lui Dumnezeu, fie ca Dumnezeu s\u0103-l binecuv\u00e2nteze \u0219i s\u0103-i d\u0103ruiasc\u0103 pace, l-a ales pe Usama bin Zaid, \u00een v\u00e2rst\u0103 de optsprezece ani, s\u0103 conduc\u0103 o armat\u0103 care s\u0103 lupte \u00eempotriva romanilor, iar sub comanda sa se aflau Abu Bakr \u0219i Umar bin Al-Khattab.<\/h1>\n<h1 style=\"text-align: center;\">Nici faptul c\u0103 a fost primul care a \u00eembr\u0103\u021bi\u0219at Islamul nu a fost un factor. Mesagerul lui Dumnezeu, fie ca Dumnezeu s\u0103-l binecuv\u00e2nteze \u0219i s\u0103-i d\u0103ruiasc\u0103 pace, l-a numit pe Amr ibn al-Aas (fie ca Dumnezeu s\u0103 fie mul\u021bumit de el) peste tovar\u0103\u0219ii seniori din B\u0103t\u0103lia de la Dhat al-Salasil, chiar dac\u0103 acesta se convertise la Islam cu doar c\u00e2teva zile \u00eenainte. \u00cen mod similar, Khalid ibn al-Walid (fie ca Dumnezeu s\u0103 fie mul\u021bumit de el) i-a condus pe tovar\u0103\u0219ii seniori din B\u0103t\u0103lia de la Mu&#039;tah, chiar dac\u0103 se convertise recent la Islam.<\/h1>\n<h1 style=\"text-align: center;\">Criteriile de selec\u021bie a liderilor \u00een istoria islamic\u0103 au fost obiective \u0219i legate exclusiv de competen\u021b\u0103. Prin urmare, de-a lungul istoriei sale, civiliza\u021bia islamic\u0103 a produs lideri excep\u021bionali, care nu au fost egala\u021bi.<\/h1>\n<h1 style=\"text-align: center;\">Dup\u0103 aceea, musulmanii au \u00eenv\u0103\u021bat c\u0103 trebuie s\u0103 preg\u0103teasc\u0103 viitorii lideri; prin urmare, g\u0103sim r\u0103sp\u00e2ndirea antrenamentului \u00een echita\u021bie, jihad \u0219i tir cu arcul.<\/h1>\n<h1 style=\"text-align: center;\">Istoria conducerii \u00een Islam este bogat\u0103 \u00een semnifica\u021bii profunde, concepte \u0219i personalit\u0103\u021bi unice; de unde \u0219i importan\u021ba acestei c\u0103r\u021bi.<\/h1>\n<h1 style=\"text-align: center;\">Autorul, fratele Tamer Badr - Dumnezeu s\u0103-l ocroteasc\u0103 - a fost interesat s\u0103 urm\u0103reasc\u0103 biografiile liderilor musulmani \u0219i ni le-a prezentat \u00een...<\/h1>\n<h1 style=\"text-align: center;\">Un stil u\u0219or, elegant \u0219i concis, \u00een care a extras cele mai importante puncte de care na\u021biunea are nevoie pentru a \u00een\u021belege cum a fost.<\/h1>\n<h1 style=\"text-align: center;\">Liderii sunt preg\u0103ti\u021bi, astfel \u00eenc\u00e2t s\u0103 pute\u021bi produce noi genera\u021bii ale lor.<\/h1>\n<h1 style=\"text-align: center;\">A\u0219a cum ne-a obi\u0219nuit autorul \u00een cartea sa anterioar\u0103 (Zile de neuitat), ve\u021bi g\u0103si cartea captivant\u0103 prin stil. Odat\u0103 ce \u00eencepe\u021bi s\u0103 o citi\u021bi, ve\u021bi sim\u021bi nevoia s\u0103 continua\u021bi p\u00e2n\u0103 la sf\u00e2r\u0219it.<\/h1>\n<h1 style=\"text-align: center;\">\u00cel rog pe Dumnezeu Atotputernicul s\u0103 accepte eforturile autorului \u00een cartea sa, s\u0103 acorde acceptare c\u0103r\u021bii \u0219i s\u0103 ajute musulmanii prin intermediul ei. El este P\u0103zitorul acestui lucru \u0219i este capabil s\u0103 fac\u0103 acest lucru.<\/h1>\n<h1 style=\"text-align: center;\">\u00a0Prof. Dr. Ragheb Al-Sergani<\/h1>\n<h1 style=\"text-align: center;\">Cairo \u00een noiembrie 2011<\/h1>","protected":false},"excerpt":{"rendered":"<p>\u0645\u0642\u062f\u0645\u0629 \u0627\u0644\u0627\u0633\u062a\u0627\u0630 \u0627\u0644\u062f\u0643\u062a\u0648\u0631 \u0631\u0627\u063a\u0628 \u0627\u0644\u0633\u0631\u062c\u0627\u0646\u064a \u0644\u0643\u062a\u0627\u0628 \u0642\u0627\u062f\u0629 \u0644\u0627 \u062a\u0646\u0633\u0649 \u0641\u064a \u062a\u0627\u0631\u064a\u062e \u0623\u064f\u0645\u0629 \u0627\u0644\u0625\u0633\u0644\u0627\u0645 \u0631\u062c\u0627\u0644 \u0623\u0636\u0627\u0621\u0648\u0627 \u0627\u0644\u062a\u0627\u0631\u064a\u062e \u0644\u0645\u0646 \u062c\u0627\u0621 \u0628\u0639\u062f\u0647\u0645\u060c \u0631\u062c\u0627\u0644 \u062a\u0645\u064a\u0632\u0648\u0627 \u0641\u064a \u0643\u0644 \u0645\u062c\u0627\u0644\u060c \u0648\u0631\u0628\u0645\u0627 \u0644\u0627 \u062a\u062c\u062f \u0641\u064a \u062a\u0627\u0631\u064a\u062e \u0623\u064f\u0645\u0629 \u0645\u0646 \u0627\u0644\u0623\u0645\u0645 \u0647\u0630\u0627 \u0627\u0644\u0639\u062f\u062f \u0645\u0646 \u0627\u0644\u0631\u0645\u0648\u0632 \u0627\u0644\u0644\u0627\u0645\u0639\u0629\u061b \u0641\u0639\u0646 \u0627\u0628\u0646 \u0639\u0645\u0631 \u0631\u0636\u064a \u0627\u0644\u0644\u0647 \u0639\u0646\u0647 \u0642\u0627\u0644: \u0642\u0627\u0644 \u0631\u0633\u0648\u0644 \u0627\u0644\u0644\u0647 \ufdfa: \u00ab\u062a\u064e\u062c\u0650\u062f\u064f\u0648\u0646\u064e \u0627\u0644\u0646\u0651\u064e\u0627\u0633\u064e \u0643\u064e\u0627\u0628\u0650\u0644 \u0645\u0650\u0627\u0626\u064e\u0629\u064d \u0644\u064e\u0627 \u064a\u064e\u062c\u0650\u062f\u064f \u0627\u0644\u0631\u0651\u064e\u062c\u064f\u0644\u064f [&hellip;]<\/p>","protected":false},"featured_media":19693,"comment_status":"open","ping_status":"closed","template":"","meta":{"_seopress_robots_primary_cat":"","_seopress_titles_title":"","_seopress_titles_desc":"","_seopress_robots_index":"","inline_featured_image":false,"_uf_show_specific_survey":0,"_uf_disable_surveys":false},"product_brand":[],"product_cat":[189],"product_tag":[],"class_list":{"0":"post-19581","1":"product","2":"type-product","3":"status-publish","4":"has-post-thumbnail","6":"product_cat-189","8":"first","9":"instock","10":"downloadable","11":"shipping-taxable","12":"purchasable","13":"product-type-simple"},"_links":{"self":[{"href":"https:\/\/tamerbadr.com\/ro\/wp-json\/wp\/v2\/product\/19581","targetHints":{"allow":["GET"]}}],"collection":[{"href":"https:\/\/tamerbadr.com\/ro\/wp-json\/wp\/v2\/product"}],"about":[{"href":"https:\/\/tamerbadr.com\/ro\/wp-json\/wp\/v2\/types\/product"}],"replies":[{"embeddable":true,"href":"https:\/\/tamerbadr.com\/ro\/wp-json\/wp\/v2\/comments?post=19581"}],"wp:featuredmedia":[{"embeddable":true,"href":"https:\/\/tamerbadr.com\/ro\/wp-json\/wp\/v2\/media\/19693"}],"wp:attachment":[{"href":"https:\/\/tamerbadr.com\/ro\/wp-json\/wp\/v2\/media?parent=19581"}],"wp:term":[{"taxonomy":"product_brand","embeddable":true,"href":"https:\/\/tamerbadr.com\/ro\/wp-json\/wp\/v2\/product_brand?post=19581"},{"taxonomy":"product_cat","embeddable":true,"href":"https:\/\/tamerbadr.com\/ro\/wp-json\/wp\/v2\/product_cat?post=19581"},{"taxonomy":"product_tag","embeddable":true,"href":"https:\/\/tamerbadr.com\/ro\/wp-json\/wp\/v2\/product_tag?post=19581"}],"curies":[{"name":"wp","href":"https:\/\/api.w.org\/{rel}","templated":true}]}}