{"id":19575,"date":"2025-03-16T21:38:04","date_gmt":"2025-03-16T21:38:04","guid":{"rendered":"https:\/\/white-ant-267257.hostingersite.com\/?post_type=product&#038;p=19575"},"modified":"2025-07-13T07:22:37","modified_gmt":"2025-07-13T07:22:37","slug":"unforgettable-days-book","status":"publish","type":"product","link":"https:\/\/tamerbadr.com\/ro\/produs\/unforgettable-days-book","title":{"rendered":"Cartea Zile de Neuitat"},"content":{"rendered":"<h1 style=\"text-align: center;\"><strong>Introducere de c\u0103tre profesorul dr. Ragheb Al-Sarjani la cartea Zile de neuitat<\/strong><\/h1>\n<h1 style=\"text-align: center;\">Istoria islamic\u0103 a suferit o mare neglijen\u021b\u0103 de-a lungul anilor \u0219i secolelor. Rezultatul a fost c\u0103 mul\u021bi orientali\u0219ti \u0219i occidentali\u0219ti au manipulat aceast\u0103 istorie. Prin urmare, avem o istorie foarte diferit\u0103 de adev\u0103r. Mai r\u0103u, lec\u021biile \u0219i morala s-au pierdut \u00een mijlocul acestor distorsiuni. Astfel, istoria a devenit un studiu academic f\u0103r\u0103 sens pentru cititori. Prin urmare, ace\u0219tia s-au ab\u021binut de la a o citi \u0219i a o studia.<\/h1>\n<h1 style=\"text-align: center;\">Confrunta\u021bi cu aceast\u0103 situa\u021bie grav\u0103, unii oameni zelo\u0219i au fost nevoi\u021bi s\u0103 se ridice pentru a salva aceast\u0103 lung\u0103 istorie; ba chiar, pentru a salva tinerii musulmani care nu reu\u0219iser\u0103 s\u0103 g\u0103seasc\u0103 o surs\u0103 potrivit\u0103 \u0219i de \u00eencredere pentru a citi despre istoria na\u021biunii. \u00centr-adev\u0103r, nu exagerez c\u00e2nd spun: \u00centreaga lume - musulman\u0103 sau nemusulman\u0103 - are nevoie de aceast\u0103 glorioas\u0103 istorie islamic\u0103, c\u0103ci lumea nu a cunoscut niciodat\u0103 ceva at\u00e2t de splendid sau orbitor precum ceea ce am g\u0103sit \u00een marea noastr\u0103 istorie.<\/h1>\n<h1 style=\"text-align: center;\">Cartea din m\u00e2inile noastre este un fel de ajutor!<\/h1>\n<h1 style=\"text-align: center;\">Aceasta este o carte valoroas\u0103 care reune\u0219te cu m\u0103iestrie un num\u0103r imens de zile cruciale din istoria na\u021biunii islamice. Cu toate acestea, aceast\u0103 colec\u021bie enorm\u0103 nu a dus la un num\u0103r la fel de enorm de pagini! Acest lucru indic\u0103 m\u0103iestria remarcabil\u0103 a autorului \u00een selectarea utilului din fiecare b\u0103t\u0103lie \u0219i a importantului din fiecare \u00eent\u00e2lnire. Poate c\u0103 aceasta este una dintre cele mai notabile caracteristici care disting aceast\u0103 carte de altele, deoarece autorul se distinge prin capacitatea sa str\u0103lucit\u0103 de a condensa \u0219i concentra, astfel \u00eenc\u00e2t sim\u021bi c\u0103 dup\u0103 ce cite\u0219ti patru sau cinci pagini despre o b\u0103t\u0103lie masiv\u0103, ai acoperit totul \u0219i nu ai nevoie de alte informa\u021bii, \u00een timp ce speciali\u0219tii \u0219tiu c\u0103 un istoric poate scrie volume \u00eentregi despre astfel de b\u0103t\u0103lii!<\/h1>\n<h1 style=\"text-align: center;\">Aceast\u0103 carte se distinge \u0219i prin navigarea u\u0219oar\u0103 \u00eentre diferitele etape ale istoriei islamice. \u00cencepe cu era profetic\u0103, apoi sare cu o vitez\u0103 potrivit\u0103 \u00eentre diferite epoci istorice, cum ar fi epocile Rashidun, Umayyad, Abbasid, Ayyubid, Mamluk \u0219i Otoman\u0103. De asemenea, nu neglijeaz\u0103 navigarea geografic\u0103 \u00een diferite col\u021buri ale lumii. Ajunge \u00een Orient \u0219i vorbe\u0219te despre b\u0103t\u0103liile din India, apoi p\u0103r\u0103se\u0219te Orientul pentru Occident \u0219i descrie b\u0103t\u0103liile din Andaluzia!<\/h1>\n<h1 style=\"text-align: center;\">O alt\u0103 caracteristic\u0103 distinctiv\u0103 a acestei c\u0103r\u021bi este faptul c\u0103 discut\u0103 multe b\u0103t\u0103lii despre care mul\u021bi musulmani nu cunosc detalii. De fapt, nu exagerez c\u00e2nd spun: musulmanii nici m\u0103car nu le cunosc numele! \u00cemi este suficient s\u0103 subliniez, de exemplu, b\u0103t\u0103liile de la Ain al-Tamr, cucerirea ora\u0219ului Dibal, b\u0103t\u0103lia de la Talas, cucerirea ora\u0219ului Somnath, b\u0103t\u0103lia de la Nicopole, b\u0103t\u0103lia de la Mohacs \u0219i alte b\u0103t\u0103lii a c\u0103ror men\u021bionare a fost uitat\u0103 \u0219i ale c\u0103ror pagini au fost acoperite de praf, p\u00e2n\u0103 c\u00e2nd acest autor a venit cu onestitate \u0219i grij\u0103 s\u0103 descopere adev\u0103rul despre aceste zile decisive.<\/h1>\n<h1 style=\"text-align: center;\">Mai presus de toate cele de mai sus, aceast\u0103 carte valoroas\u0103 se distinge prin dou\u0103 lucruri care o diferen\u021biaz\u0103 de multe dintre lucr\u0103rile care umplu biblioteca islamic\u0103, f\u0103c\u00e2nd-o unic\u0103 \u00een domeniul s\u0103u.<\/h1>\n<h1 style=\"text-align: center;\">Primul aspect este c\u0103 nu se limiteaz\u0103 la victoriile musulmanilor, ci mai degrab\u0103, cu o impar\u021bialitate frumoas\u0103 \u0219i o precizie extrem\u0103, men\u021bioneaz\u0103 b\u0103t\u0103liile majore \u00een care musulmanii au fost \u00eenvin\u0219i! Cum ar fi B\u0103t\u0103lia de la Uhud, B\u0103t\u0103lia de la Tours, B\u0103t\u0103lia de la Al-Uqab \u0219i alte \u00eenfr\u00e2ngeri. Acesta este, de fapt, un exemplu clar al inteligen\u021bei autorului, deoarece demonstreaz\u0103 cititorului onestitatea sa \u00een prezentarea evenimentelor \u0219i subliniaz\u0103 faptul c\u0103 timpul este un ciclu \u00eentre na\u021biuni. De asemenea, nu priveaz\u0103 cititorii de oportunitatea de a beneficia de lec\u021biile importante \u00eenv\u0103\u021bate \u00een aceste b\u0103t\u0103lii.<\/h1>\n<h1 style=\"text-align: center;\">\u00cen al doilea r\u00e2nd, autorul nu s-a oprit la relatarea evenimentelor, a\u0219a cum fac mul\u021bi autori, ci a aprofundat subiectul \u0219i a c\u0103utat factorii victoriei \u0219i motivele \u00eenfr\u00e2ngerii, astfel \u00eenc\u00e2t cititorul c\u0103r\u021bii ajunge cu o colec\u021bie bogat\u0103 de motive pentru ascensiunea sau dec\u0103derea na\u021biunilor \u0219i, astfel, scopul relat\u0103rii este atins; a\u0219a cum ne-a ar\u0103tat Domnul nostru c\u00e2nd a spus: {\u00centr-adev\u0103r, \u00een pove\u0219tile lor se afl\u0103 o lec\u021bie pentru cei pricepu\u021bi} [Yusuf: 111]... Adev\u0103rul este c\u0103 autorul a creat toate acestea cu o m\u0103iestrie \u00eenalt\u0103 \u0219i distins\u0103.<\/h1>\n<h1 style=\"text-align: center;\">\u00cen final:<\/h1>\n<h1 style=\"text-align: center;\">Aceast\u0103 m\u0103iestrie a autorului nu a \u00eempiedicat stilul s\u0103u s\u0103 fie delicat \u0219i frumos. Expresiile c\u0103r\u021bii sunt elegante, cuvintele sunt frumoase, iar prezentarea este fluid\u0103 \u0219i pl\u0103cut\u0103, ceea ce adaug\u0103 splendoare \u0219i elegan\u021b\u0103 c\u0103r\u021bii.<\/h1>\n<h1 style=\"text-align: center;\">De\u0219i \u0219tiu c\u0103 aceasta este prima \u00eencercare a autorului de a scrie despre probleme militare, sunt sigur c\u0103 nu va fi ultima sa \u00eencercare. B\u0103t\u0103liile din istoria islamic\u0103 \u0219i detaliile lor necesit\u0103 sute de volume \u0219i mii de explica\u021bii \u0219i analize.<\/h1>\n<h1 style=\"text-align: center;\">Fie ca Allah s\u0103-l r\u0103spl\u0103teasc\u0103 pe profesorul Tamer Badr pentru eforturile sale m\u0103re\u021be. Sfatul meu pentru el este s\u0103-\u0219i re\u00eennoiasc\u0103 \u00eentotdeauna inten\u021bia cu fiecare carte, astfel \u00eenc\u00e2t Allah, Cel Atotputernic, s\u0103-i ofere c\u0103r\u021bilor sale o r\u0103sp\u00e2ndire larg\u0103 \u0219i s\u0103-i ofere o r\u0103splat\u0103 abundent\u0103 \u0219i cuprinz\u0103toare.<\/h1>\n<h1 style=\"text-align: center;\">\u00cel rog pe Dumnezeu s\u0103 glorifice Islamul \u0219i musulmanii<\/h1>\n<h1 style=\"text-align: center;\">Prof. Dr. Ragheb Al-Sarjani<\/h1>","protected":false},"excerpt":{"rendered":"<p>\u0645\u0642\u062f\u0645\u0629 \u0627\u0644\u0627\u0633\u062a\u0627\u0630 \u0627\u0644\u062f\u0643\u062a\u0648\u0631 \u0631\u0627\u063a\u0628 \u0627\u0644\u0633\u0631\u062c\u0627\u0646\u064a \u0644\u0643\u062a\u0627\u0628 \u0623\u064a\u0627\u0645 \u0644\u0627 \u062a\u0646\u0633\u0649 \u0639\u0627\u0646\u064a \u0627\u0644\u062a\u0627\u0631\u064a\u062e \u0627\u0644\u0625\u0633\u0644\u0627\u0645\u064a \u0643\u062b\u064a\u0631\u064b\u0627 \u0645\u0646 \u0627\u0644\u0625\u0647\u0645\u0627\u0644 \u0639\u0644\u0649 \u0645\u062f\u0627\u0631 \u0627\u0644\u0633\u0646\u0648\u0627\u062a \u0648\u0627\u0644\u0642\u0631\u0648\u0646\u060c \u0648\u0643\u0627\u0646\u062a \u0627\u0644\u0646\u062a\u064a\u062c\u0629 \u0623\u0646 \u0639\u0628\u062b \u0643\u062b\u064a\u0631 \u0645\u0646 \u0627\u0644\u0645\u0633\u062a\u0634\u0631\u0642\u064a\u0646 \u0648\u0627\u0644\u0645\u0633\u062a\u063a\u0631\u0628\u064a\u0646 \u0641\u064a \u0647\u0630\u0627 \u0627\u0644\u062a\u0627\u0631\u064a\u062e\u061b \u0648\u0628\u0627\u0644\u062a\u0627\u0644\u064a \u062e\u0631\u062c \u0644\u0646\u0627 \u0627\u0644\u062a\u0627\u0631\u064a\u062e \u0628\u0635\u0648\u0631\u0629 \u0645\u063a\u0627\u064a\u0631\u0629 \u0643\u062b\u064a\u0631\u064b\u0627 \u0639\u0646 \u0627\u0644\u062d\u0642\u064a\u0642\u0629\u060c \u0648\u0627\u0644\u0623\u0646\u0643\u0649 \u0645\u0646 \u0630\u0644\u0643 \u0623\u0646 \u0627\u0644\u062f\u0631\u0648\u0633 \u0648\u0627\u0644\u0639\u0628\u0631 \u062a\u0627\u0647\u062a \u0648\u0633\u0637 \u0647\u0630\u0647 \u0627\u0644\u062a\u062d\u0631\u064a\u0641\u0627\u062a\u060c \u0641\u0635\u0627\u0631 \u0627\u0644\u062a\u0627\u0631\u064a\u062e \u062f\u0631\u0627\u0633\u0629 \u0623\u0643\u0627\u062f\u064a\u0645\u064a\u0629 \u0644\u0627 \u0645\u0639\u0646\u0649 [&hellip;]<\/p>","protected":false},"featured_media":19689,"comment_status":"open","ping_status":"closed","template":"","meta":{"_seopress_robots_primary_cat":"","_seopress_titles_title":"","_seopress_titles_desc":"","_seopress_robots_index":"","inline_featured_image":false,"_uf_show_specific_survey":0,"_uf_disable_surveys":false},"product_brand":[],"product_cat":[189],"product_tag":[],"class_list":{"0":"post-19575","1":"product","2":"type-product","3":"status-publish","4":"has-post-thumbnail","6":"product_cat-189","8":"first","9":"instock","10":"downloadable","11":"shipping-taxable","12":"purchasable","13":"product-type-simple"},"_links":{"self":[{"href":"https:\/\/tamerbadr.com\/ro\/wp-json\/wp\/v2\/product\/19575","targetHints":{"allow":["GET"]}}],"collection":[{"href":"https:\/\/tamerbadr.com\/ro\/wp-json\/wp\/v2\/product"}],"about":[{"href":"https:\/\/tamerbadr.com\/ro\/wp-json\/wp\/v2\/types\/product"}],"replies":[{"embeddable":true,"href":"https:\/\/tamerbadr.com\/ro\/wp-json\/wp\/v2\/comments?post=19575"}],"wp:featuredmedia":[{"embeddable":true,"href":"https:\/\/tamerbadr.com\/ro\/wp-json\/wp\/v2\/media\/19689"}],"wp:attachment":[{"href":"https:\/\/tamerbadr.com\/ro\/wp-json\/wp\/v2\/media?parent=19575"}],"wp:term":[{"taxonomy":"product_brand","embeddable":true,"href":"https:\/\/tamerbadr.com\/ro\/wp-json\/wp\/v2\/product_brand?post=19575"},{"taxonomy":"product_cat","embeddable":true,"href":"https:\/\/tamerbadr.com\/ro\/wp-json\/wp\/v2\/product_cat?post=19575"},{"taxonomy":"product_tag","embeddable":true,"href":"https:\/\/tamerbadr.com\/ro\/wp-json\/wp\/v2\/product_tag?post=19575"}],"curies":[{"name":"wp","href":"https:\/\/api.w.org\/{rel}","templated":true}]}}