{"id":20178,"date":"2025-03-19T18:42:34","date_gmt":"2025-03-19T18:42:34","guid":{"rendered":"https:\/\/white-ant-267257.hostingersite.com\/?page_id=20178"},"modified":"2025-07-30T19:25:45","modified_gmt":"2025-07-30T19:25:45","slug":"privacy-policy","status":"publish","type":"page","link":"https:\/\/tamerbadr.com\/ro\/privacy-policy","title":{"rendered":"Politica de confiden\u021bialitate"},"content":{"rendered":"<div data-elementor-type=\"wp-page\" data-elementor-id=\"20178\" class=\"elementor elementor-20178\" data-elementor-post-type=\"page\">\n\t\t\t\t\t\t<section class=\"elementor-section elementor-top-section elementor-element elementor-element-325f7dc elementor-section-full_width elementor-section-height-default elementor-section-height-default\" data-id=\"325f7dc\" data-element_type=\"section\" data-settings=\"{&quot;background_background&quot;:&quot;classic&quot;}\">\n\t\t\t\t\t\t<div class=\"elementor-container elementor-column-gap-no\">\n\t\t\t\t\t<div class=\"elementor-column elementor-col-100 elementor-top-column elementor-element elementor-element-a5ff8d0\" data-id=\"a5ff8d0\" data-element_type=\"column\">\n\t\t\t<div class=\"elementor-widget-wrap elementor-element-populated\">\n\t\t\t\t\t\t<section class=\"elementor-section elementor-inner-section elementor-element elementor-element-dce55a7 elementor-section-content-middle elementor-section-boxed elementor-section-height-default elementor-section-height-default\" data-id=\"dce55a7\" data-element_type=\"section\" data-settings=\"{&quot;background_background&quot;:&quot;classic&quot;}\">\n\t\t\t\t\t\t<div class=\"elementor-container elementor-column-gap-no\">\n\t\t\t\t\t<div class=\"elementor-column elementor-col-50 elementor-inner-column elementor-element elementor-element-07e74d4\" data-id=\"07e74d4\" data-element_type=\"column\">\n\t\t\t<div class=\"elementor-widget-wrap elementor-element-populated\">\n\t\t\t\t\t\t<div class=\"elementor-element elementor-element-edd75c2 elementor-invisible elementor-widget elementor-widget-heading\" data-id=\"edd75c2\" data-element_type=\"widget\" data-settings=\"{&quot;_animation&quot;:&quot;fadeInLeft&quot;}\" data-widget_type=\"heading.default\">\n\t\t\t\t<div class=\"elementor-widget-container\">\n\t\t\t\t\t<h2 class=\"elementor-heading-title elementor-size-default\">Tamer Badr<\/h2>\t\t\t\t<\/div>\n\t\t\t\t<\/div>\n\t\t\t\t<div class=\"elementor-element elementor-element-3f5a13a elementor-invisible elementor-widget elementor-widget-heading\" data-id=\"3f5a13a\" data-element_type=\"widget\" data-settings=\"{&quot;_animation&quot;:&quot;fadeInRight&quot;}\" data-widget_type=\"heading.default\">\n\t\t\t\t<div class=\"elementor-widget-container\">\n\t\t\t\t\t<h2 class=\"elementor-heading-title elementor-size-default\">Politica de confiden\u021bialitate<\/h2>\t\t\t\t<\/div>\n\t\t\t\t<\/div>\n\t\t\t\t\t<\/div>\n\t\t<\/div>\n\t\t\t\t<div class=\"elementor-column elementor-col-50 elementor-inner-column elementor-element elementor-element-a748cf0\" data-id=\"a748cf0\" data-element_type=\"column\">\n\t\t\t<div class=\"elementor-widget-wrap elementor-element-populated\">\n\t\t\t\t\t\t<div class=\"elementor-element elementor-element-7476b1a elementor-position-left elementor-vertical-align-top elementor-widget elementor-widget-image-box\" data-id=\"7476b1a\" data-element_type=\"widget\" data-widget_type=\"image-box.default\">\n\t\t\t\t<div class=\"elementor-widget-container\">\n\t\t\t\t\t<div class=\"elementor-image-box-wrapper\"><figure class=\"elementor-image-box-img\"><img alt=\"\" decoding=\"async\" width=\"170\" height=\"157\" src=\"https:\/\/tamerbadr.com\/wp-content\/uploads\/2022\/10\/service-1.png\" class=\"elementor-animation-bob attachment-full size-full wp-image-515\" \/><\/figure><\/div>\t\t\t\t<\/div>\n\t\t\t\t<\/div>\n\t\t\t\t\t<\/div>\n\t\t<\/div>\n\t\t\t\t\t<\/div>\n\t\t<\/section>\n\t\t\t\t<div class=\"elementor-element elementor-element-9ae5934 elementor-widget__width-auto elementor-absolute elementor-widget elementor-widget-image\" data-id=\"9ae5934\" data-element_type=\"widget\" data-settings=\"{&quot;_position&quot;:&quot;absolute&quot;}\" data-widget_type=\"image.default\">\n\t\t\t\t<div class=\"elementor-widget-container\">\n\t\t\t\t\t\t\t\t\t\t\t\t\t\t\t<img alt=\"\" fetchpriority=\"high\" decoding=\"async\" width=\"956\" height=\"825\" src=\"https:\/\/tamerbadr.com\/wp-content\/uploads\/2022\/10\/about-dot-vector.png\" class=\"attachment-full size-full wp-image-883\" \/>\t\t\t\t\t\t\t\t\t\t\t\t\t\t\t<\/div>\n\t\t\t\t<\/div>\n\t\t\t\t\t<\/div>\n\t\t<\/div>\n\t\t\t\t\t<\/div>\n\t\t<\/section>\n\t\t\t\t<section class=\"elementor-section elementor-top-section elementor-element elementor-element-b661bd3 elementor-section-full_width elementor-section-height-default elementor-section-height-default\" data-id=\"b661bd3\" data-element_type=\"section\" data-settings=\"{&quot;background_background&quot;:&quot;classic&quot;}\">\n\t\t\t\t\t\t<div class=\"elementor-container elementor-column-gap-no\">\n\t\t\t\t\t<div class=\"elementor-column elementor-col-100 elementor-top-column elementor-element elementor-element-e5c672a\" data-id=\"e5c672a\" data-element_type=\"column\">\n\t\t\t<div class=\"elementor-widget-wrap elementor-element-populated\">\n\t\t\t\t\t\t<div class=\"elementor-element elementor-element-e1053d6 elementor-widget__width-auto elementor-absolute elementor-invisible elementor-widget elementor-widget-image\" data-id=\"e1053d6\" data-element_type=\"widget\" data-settings=\"{&quot;_position&quot;:&quot;absolute&quot;,&quot;_animation&quot;:&quot;fadeInLeft&quot;,&quot;_animation_delay&quot;:200}\" data-widget_type=\"image.default\">\n\t\t\t\t<div class=\"elementor-widget-container\">\n\t\t\t\t\t\t\t\t\t\t\t\t\t\t\t<img alt=\"\" decoding=\"async\" width=\"305\" height=\"227\" src=\"https:\/\/tamerbadr.com\/wp-content\/uploads\/2022\/10\/opening-quote-icon.png\" class=\"attachment-full size-full wp-image-1947\" \/>\t\t\t\t\t\t\t\t\t\t\t\t\t\t\t<\/div>\n\t\t\t\t<\/div>\n\t\t\t\t\t<\/div>\n\t\t<\/div>\n\t\t\t\t\t<\/div>\n\t\t<\/section>\n\t\t<div class=\"elementor-element elementor-element-1a52feb e-flex e-con-boxed e-con e-parent\" data-id=\"1a52feb\" data-element_type=\"container\">\n\t\t\t\t\t<div class=\"e-con-inner\">\n\t\t\t\t<div class=\"elementor-element elementor-element-4b1dd68 elementor-widget elementor-widget-text-editor\" data-id=\"4b1dd68\" data-element_type=\"widget\" data-widget_type=\"text-editor.default\">\n\t\t\t\t<div class=\"elementor-widget-container\">\n\t\t\t\t\t\t\t\t\t<h4>Politica de confiden\u021bialitate - Tamer Badr (tamerbad.com)<\/h4><h2>Ultima actualizare: (27 martie 2025)<\/h2><h1>Bun venit pe site-ul web Tamer Badr (tamerbad.com) (\u201eSite\u201d, \u201enoi\u201d, \u201enou\u0103\u201d sau \u201eal nostru\/a noastr\u0103\/ai no\u0219tri\/ale noastre\u201d). Ne angaj\u0103m s\u0103 v\u0103 protej\u0103m confiden\u021bialitatea \u0219i s\u0103 v\u0103 respect\u0103m datele cu caracter personal. Aceast\u0103 politic\u0103 explic\u0103 modul \u00een care informa\u021biile dvs. sunt colectate \u0219i utilizate atunci c\u00e2nd naviga\u021bi pe site-ul nostru sau achizi\u021biona\u021bi c\u0103r\u021bi electronice din magazinul nostru.<\/h1><p>\u2e3b<\/p><h3 class=\"translation-block\">1. Informa\u021biile pe care le colect\u0103m<\/h3><h2>a) Informa\u021biile pe care ni le furniza\u021bi<\/h2><h1 class=\"translation-block\">C\u00e2nd face\u021bi achizi\u021bii sau comunica\u021bi cu noi, este posibil s\u0103 colect\u0103m urm\u0103toarele informa\u021bii:<br> \u2022 Numele complet<br> \u2022 Adresa de e-mail<br> \u2022 num\u0103r de telefon<br> \u2022 Date de plat\u0103 (nu le stoc\u0103m, sunt procesate prin intermediul furnizorilor de servicii de plat\u0103 securizate)<\/h1><h2>b) Informa\u021bii colectate automat<\/h2><h4 class=\"translation-block\">C\u00e2nd naviga\u021bi pe site, este posibil s\u0103 colect\u0103m automat anumite informa\u021bii, cum ar fi:<\/h4><h1 class=\"translation-block\">\u2022 Adresa IP a dispozitivului dvs.<br> \u2022 Tipul \u0219i set\u0103rile browserului<br> \u2022 Paginile pe care le vizita\u021bi pe site<br> \u2022 Ora \u0219i data vizitei dumneavoastr\u0103<br> \u2022 Cookie-uri \u0219i alte tehnologii de urm\u0103rire<\/h1><p>\u2e3b<\/p><h3>2. Cum se utilizeaz\u0103 informa\u021biile<\/h3><h2 class=\"translation-block\">Folosim datele dumneavoastr\u0103 pentru:<\/h2><h1 class=\"translation-block\">\u2022 Procesarea comenzilor \u0219i oferirea posibilit\u0103\u021bii de desc\u0103rcare a c\u0103r\u021bilor electronice.<br> \u2022 \u00cembun\u0103t\u0103\u021bi\u021bi experien\u021ba utilizatorului \u0219i personaliza\u021bi con\u021binutul.<br> \u2022 Trimiterea de notific\u0103ri de marketing dac\u0103 sunte\u021bi de acord s\u0103 face\u021bi acest lucru.<br> \u2022 Analiza\u021bi performan\u021ba site-ului prin intermediul unor instrumente precum Google Analytics.<br> \u2022 Respecta\u021bi legile \u0219i proteja\u021bi-v\u0103 drepturile.<\/h1><p>\u2e3b<\/p><h3>3. Politica Magazinului Online<\/h3><h2>a) Plat\u0103:<\/h2><h1 class=\"translation-block\">\u2022 Plata se efectueaz\u0103 prin Instapay, Visa, Vodafone Cash sau orice alt\u0103 metod\u0103 de plat\u0103 electronic\u0103.<br> \u2022 Nu stoc\u0103m datele de plat\u0103, deoarece tranzac\u021biile sunt efectuate prin intermediul furnizorilor de servicii de plat\u0103 autoriza\u021bi.<\/h1><h2 class=\"translation-block\">b) Rambursare:<\/h2><h1 class=\"translation-block\">\u2022 C\u0103r\u021bile electronice nu sunt rambursabile dup\u0103 cump\u0103rare \u0219i desc\u0103rcare.<br> \u2022 Dac\u0103 exist\u0103 o problem\u0103 tehnic\u0103 care v\u0103 \u00eempiedic\u0103 s\u0103 desc\u0103rca\u021bi cartea, ne pute\u021bi contacta pentru a o rezolva.<\/h1><h2>c) Desc\u0103rca\u021bi c\u0103r\u021bi electronice:<\/h2><h1>\u2022 Dup\u0103 efectuarea cu succes a pl\u0103\u021bii, utilizatorul va putea desc\u0103rca cartea direct.<\/h1><h1>\u2022 Dac\u0103 \u00eent\u00e2mpina\u021bi probleme la desc\u0103rcare, v\u0103 rug\u0103m s\u0103 ne contacta\u021bi prin intermediul paginii de contact.<\/h1><p>\u2e3b<\/p><h3>4. Publicitate \u0219i utilizarea Google AdSense<\/h3><h1>Site-ul nostru utilizeaz\u0103 Google AdSense pentru a afi\u0219a reclame, iar Google poate utiliza cookie-uri pentru a colecta date despre interac\u021biunea dvs. cu reclamele. Pute\u021bi renun\u021ba la reclamele personalizate acces\u00e2nd Set\u0103rile pentru reclame Google. Pentru mai multe informa\u021bii, consulta\u021bi Politica de confiden\u021bialitate Google.<\/h1><p>\u2e3b<\/p><h3>5. Partajarea datelor cu ter\u021be p\u0103r\u021bi<\/h3><h2>Nu vindem \u0219i nu partaj\u0103m datele dumneavoastr\u0103 cu caracter personal, cu excep\u021bia:<\/h2><h1>\u2022 Furnizori de servicii de plat\u0103: pentru procesarea comenzilor.<\/h1><h1>\u2022 Respectarea legilor: Atunci c\u00e2nd este necesar pentru a ne proteja drepturile sau pentru a respecta legea.<\/h1><p>\u2e3b<\/p><h3>6. Cookie-uri \u0219i tehnologii de urm\u0103rire<\/h3><h1>Folosim cookie-uri pentru a \u00eembun\u0103t\u0103\u021bi experien\u021ba utilizatorului, pe care o pute\u021bi controla prin set\u0103rile browserului dvs.<\/h1><p>\u2e3b<\/p><h3>7. Securitatea informa\u021biilor<\/h3><h1>Lu\u0103m m\u0103suri de securitate pentru a v\u0103 proteja datele, dar nu putem garanta securitatea absolut\u0103 online.<\/h1><p>\u2e3b<\/p><h3>8. Drepturile dumneavoastr\u0103<\/h3><h1>Pute\u021bi solicita actualizarea sau \u0219tergerea datelor dvs. sau v\u0103 pute\u021bi dezabona de la mesajele de marketing \u00een orice moment, contact\u00e2ndu-ne.<\/h1><p>\u2e3b<\/p><h3>9. Amendamente la Politic\u0103<\/h3><h1>Este posibil s\u0103 actualiz\u0103m Politica noastr\u0103 de confiden\u021bialitate, iar orice modific\u0103ri vor fi publicate pe aceast\u0103 pagin\u0103.<\/h1><p>\u2e3b<\/p><h3>10. Cum ne pute\u021bi contacta<\/h3><h1><img decoding=\"async\" class=\"emoji\" role=\"img\" draggable=\"false\" src=\"https:\/\/s.w.org\/images\/core\/emoji\/15.0.3\/svg\/1f4e7.svg\" alt=\"\ud83d\udce7\" \/> info@tamerbadr.com<\/h1><h5><img decoding=\"async\" class=\"emoji\" role=\"img\" draggable=\"false\" src=\"https:\/\/s.w.org\/images\/core\/emoji\/15.0.3\/svg\/1f310.svg\" alt=\"\ud83c\udf10\" \/> <a href=\"https:\/\/tamerbadr.com\/ro\/contact-us\/\">tamerbadr.com\/contact<\/a><\/h5><p>\u2e3b<\/p>\t\t\t\t\t\t\t\t<\/div>\n\t\t\t\t<\/div>\n\t\t\t\t\t<\/div>\n\t\t\t\t<\/div>\n\t\t\t\t<section class=\"elementor-section elementor-top-section elementor-element elementor-element-8cea59d elementor-section-full_width elementor-section-height-default elementor-section-height-default elementor-invisible\" data-id=\"8cea59d\" data-element_type=\"section\" data-settings=\"{&quot;animation&quot;:&quot;fadeInUp&quot;}\">\n\t\t\t\t\t\t<div class=\"elementor-container elementor-column-gap-no\">\n\t\t\t\t\t<div class=\"elementor-column elementor-col-100 elementor-top-column elementor-element elementor-element-1914be3\" data-id=\"1914be3\" data-element_type=\"column\" data-settings=\"{&quot;background_background&quot;:&quot;classic&quot;}\">\n\t\t\t<div class=\"elementor-widget-wrap elementor-element-populated\">\n\t\t\t\t\t\t<div class=\"elementor-element elementor-element-e88d76f elementor-widget__width-auto elementor-absolute elementor-invisible elementor-widget elementor-widget-image\" data-id=\"e88d76f\" data-element_type=\"widget\" data-settings=\"{&quot;_position&quot;:&quot;absolute&quot;,&quot;_animation&quot;:&quot;fadeInLeft&quot;,&quot;_animation_delay&quot;:200}\" data-widget_type=\"image.default\">\n\t\t\t\t<div class=\"elementor-widget-container\">\n\t\t\t\t\t\t\t\t\t\t\t\t\t\t\t<img alt=\"\" decoding=\"async\" width=\"305\" height=\"227\" src=\"https:\/\/tamerbadr.com\/wp-content\/uploads\/2022\/10\/opening-quote-icon.png\" class=\"attachment-full size-full wp-image-1947\" \/>\t\t\t\t\t\t\t\t\t\t\t\t\t\t\t<\/div>\n\t\t\t\t<\/div>\n\t\t\t\t\t<\/div>\n\t\t<\/div>\n\t\t\t\t\t<\/div>\n\t\t<\/section>\n\t\t\t\t<\/div>","protected":false},"excerpt":{"rendered":"<p>\u062a\u0627\u0645\u0631 \u0628\u062f\u0631 \u0633\u064a\u0627\u0633\u0629 \u0627\u0644\u062e\u0635\u0648\u0635\u064a\u0629 \u0633\u064a\u0627\u0633\u0629 \u0627\u0644\u062e\u0635\u0648\u0635\u064a\u0629 \u2013 \u062a\u0627\u0645\u0631 \u0628\u062f\u0631 (tamerbadr.com) \u0622\u062e\u0631 \u062a\u062d\u062f\u064a\u062b: (27 \u0645\u0627\u0631\u0633 2025) \u0645\u0631\u062d\u0628\u064b\u0627 \u0628\u0643 \u0641\u064a \u0645\u0648\u0642\u0639 \u062a\u0627\u0645\u0631 \u0628\u062f\u0631 (tamerbadr.com) (\u201c\u0627\u0644\u0645\u0648\u0642\u0639\u201d\u060c \u201c\u0646\u062d\u0646\u201d\u060c \u201c\u0644\u0646\u0627\u201d \u0623\u0648 \u201c\u062e\u0627\u0635\u062a\u0646\u0627\u201d). \u0646\u062d\u0646 \u0646\u0644\u062a\u0632\u0645 \u0628\u062d\u0645\u0627\u064a\u0629 \u062e\u0635\u0648\u0635\u064a\u062a\u0643 \u0648\u0627\u062d\u062a\u0631\u0627\u0645 \u0628\u064a\u0627\u0646\u0627\u062a\u0643 \u0627\u0644\u0634\u062e\u0635\u064a\u0629. \u062a\u0648\u0636\u062d \u0647\u0630\u0647 \u0627\u0644\u0633\u064a\u0627\u0633\u0629 \u0643\u064a\u0641\u064a\u0629 \u062c\u0645\u0639 \u0645\u0639\u0644\u0648\u0645\u0627\u062a\u0643 \u0648\u0627\u0633\u062a\u062e\u062f\u0627\u0645\u0647\u0627 \u0639\u0646\u062f \u062a\u0635\u0641\u062d \u0645\u0648\u0642\u0639\u0646\u0627 \u0623\u0648 \u0634\u0631\u0627\u0621 \u0627\u0644\u0643\u062a\u0628 \u0627\u0644\u0625\u0644\u0643\u062a\u0631\u0648\u0646\u064a\u0629 \u0645\u0646 \u0645\u062a\u062c\u0631\u0646\u0627. \u2e3b 1. \u0627\u0644\u0645\u0639\u0644\u0648\u0645\u0627\u062a \u0627\u0644\u062a\u064a \u0646\u062c\u0645\u0639\u0647\u0627 [&hellip;]<\/p>","protected":false},"author":1,"featured_media":4468,"parent":0,"menu_order":0,"comment_status":"closed","ping_status":"closed","template":"elementor_header_footer","meta":{"_seopress_robots_primary_cat":"","_seopress_titles_title":"","_seopress_titles_desc":"","_seopress_robots_index":"","inline_featured_image":false,"_uf_show_specific_survey":0,"_uf_disable_surveys":false,"footnotes":""},"class_list":["post-20178","page","type-page","status-publish","has-post-thumbnail"],"_links":{"self":[{"href":"https:\/\/tamerbadr.com\/ro\/wp-json\/wp\/v2\/pages\/20178","targetHints":{"allow":["GET"]}}],"collection":[{"href":"https:\/\/tamerbadr.com\/ro\/wp-json\/wp\/v2\/pages"}],"about":[{"href":"https:\/\/tamerbadr.com\/ro\/wp-json\/wp\/v2\/types\/page"}],"author":[{"embeddable":true,"href":"https:\/\/tamerbadr.com\/ro\/wp-json\/wp\/v2\/users\/1"}],"replies":[{"embeddable":true,"href":"https:\/\/tamerbadr.com\/ro\/wp-json\/wp\/v2\/comments?post=20178"}],"version-history":[{"count":0,"href":"https:\/\/tamerbadr.com\/ro\/wp-json\/wp\/v2\/pages\/20178\/revisions"}],"wp:featuredmedia":[{"embeddable":true,"href":"https:\/\/tamerbadr.com\/ro\/wp-json\/wp\/v2\/media\/4468"}],"wp:attachment":[{"href":"https:\/\/tamerbadr.com\/ro\/wp-json\/wp\/v2\/media?parent=20178"}],"curies":[{"name":"wp","href":"https:\/\/api.w.org\/{rel}","templated":true}]}}