{"id":20137,"date":"2025-03-19T15:40:18","date_gmt":"2025-03-19T15:40:18","guid":{"rendered":"https:\/\/white-ant-267257.hostingersite.com\/?page_id=20137"},"modified":"2025-04-06T08:18:15","modified_gmt":"2025-04-06T08:18:15","slug":"the-book-of-the-virtue-of-patience-in-the-face-of-adversity","status":"publish","type":"page","link":"https:\/\/tamerbadr.com\/ro\/the-book-of-the-virtue-of-patience-in-the-face-of-adversity","title":{"rendered":"Cartea despre virtutea r\u0103bd\u0103rii \u00een fa\u021ba adversit\u0103\u021bii"},"content":{"rendered":"<div data-elementor-type=\"wp-page\" data-elementor-id=\"20137\" class=\"elementor elementor-20137\" data-elementor-post-type=\"page\">\n\t\t\t\t<div class=\"elementor-element elementor-element-c8c7aab e-flex e-con-boxed e-con e-parent\" data-id=\"c8c7aab\" data-element_type=\"container\">\n\t\t\t\t\t<div class=\"e-con-inner\">\n\t\t<div class=\"elementor-element elementor-element-6483b1a e-con-full e-flex e-con e-child\" data-id=\"6483b1a\" data-element_type=\"container\">\n\t\t\t\t<div class=\"elementor-element elementor-element-6058eb2 elementor-widget elementor-widget-wc-elements\" data-id=\"6058eb2\" data-element_type=\"widget\" data-widget_type=\"wc-elements.default\">\n\t\t\t\t<div class=\"elementor-widget-container\">\n\t\t\t\t\t<div class=\"woocommerce\">\t\t\t<div class=\"single-product\" data-product-page-preselected-id=\"0\">\n\t\t\t\t<div class=\"woocommerce-notices-wrapper\"><\/div><div id=\"product-19573\" class=\"product type-product post-19573 status-publish first instock product_cat-191 has-post-thumbnail downloadable shipping-taxable purchasable product-type-simple\">\n\n\t<div class=\"woocommerce-product-gallery woocommerce-product-gallery--with-images woocommerce-product-gallery--columns-4 images\" data-columns=\"4\" style=\"opacity: 0; transition: opacity .25s ease-in-out;\">\n\t<div class=\"woocommerce-product-gallery__wrapper\">\n\t\t<div data-thumb=\"https:\/\/tamerbadr.com\/wp-content\/uploads\/2025\/03\/\u0641\u0636\u0644-\u0627\u0644\u0635\u0628\u0631-\u0639\u0644\u0649-\u0627\u0644\u0628\u0644\u0627\u0621.jpg\" data-thumb-alt=\"\u0643\u062a\u0627\u0628 \u0641\u0636\u0644 \u0627\u0644\u0635\u0628\u0631 \u0639\u0644\u064a \u0627\u0644\u0628\u0644\u0627\u0621\" data-thumb-srcset=\"\"  data-thumb-sizes=\"(max-width: 71px) 100vw, 71px\" class=\"woocommerce-product-gallery__image\"><a href=\"https:\/\/tamerbadr.com\/wp-content\/uploads\/2025\/03\/\u0641\u0636\u0644-\u0627\u0644\u0635\u0628\u0631-\u0639\u0644\u0649-\u0627\u0644\u0628\u0644\u0627\u0621.jpg\"><img fetchpriority=\"high\" decoding=\"async\" width=\"480\" height=\"676\" src=\"https:\/\/tamerbadr.com\/wp-content\/uploads\/2025\/03\/\u0641\u0636\u0644-\u0627\u0644\u0635\u0628\u0631-\u0639\u0644\u0649-\u0627\u0644\u0628\u0644\u0627\u0621.jpg\" class=\"wp-post-image\" alt=\"Cartea despre virtutea r\u0103bd\u0103rii \u00een fa\u021ba adversit\u0103\u021bii\" data-caption=\"\" data-src=\"https:\/\/tamerbadr.com\/wp-content\/uploads\/2025\/03\/\u0641\u0636\u0644-\u0627\u0644\u0635\u0628\u0631-\u0639\u0644\u0649-\u0627\u0644\u0628\u0644\u0627\u0621.jpg\" data-large_image=\"https:\/\/tamerbadr.com\/wp-content\/uploads\/2025\/03\/\u0641\u0636\u0644-\u0627\u0644\u0635\u0628\u0631-\u0639\u0644\u0649-\u0627\u0644\u0628\u0644\u0627\u0621.jpg\" data-large_image_width=\"480\" data-large_image_height=\"676\" \/><\/a><\/div><div data-thumb=\"https:\/\/tamerbadr.com\/wp-content\/uploads\/2025\/03\/\u0645\u0624\u0644\u0641\u0627\u062a-\u062a\u0627\u0645\u0631-\u0628\u062f\u0631-1-6.jpg\" data-thumb-alt=\"\u0643\u062a\u0627\u0628 \u0641\u0636\u0644 \u0627\u0644\u0635\u0628\u0631 \u0639\u0644\u064a \u0627\u0644\u0628\u0644\u0627\u0621 - imagine 2\" data-thumb-srcset=\"\"  data-thumb-sizes=\"(max-width: 92px) 100vw, 92px\" class=\"woocommerce-product-gallery__image\" data-no-translation-data-thumb-alt=\"\"><a href=\"https:\/\/tamerbadr.com\/wp-content\/uploads\/2025\/03\/\u0645\u0624\u0644\u0641\u0627\u062a-\u062a\u0627\u0645\u0631-\u0628\u062f\u0631-1-6.jpg\"><img decoding=\"async\" width=\"389\" height=\"422\" src=\"https:\/\/tamerbadr.com\/wp-content\/uploads\/2025\/03\/\u0645\u0624\u0644\u0641\u0627\u062a-\u062a\u0627\u0645\u0631-\u0628\u062f\u0631-1-6.jpg\" class=\"\" alt=\"\u0643\u062a\u0627\u0628 \u0641\u0636\u0644 \u0627\u0644\u0635\u0628\u0631 \u0639\u0644\u064a \u0627\u0644\u0628\u0644\u0627\u0621 - imagine 2\" data-caption=\"CREATOR: gd-jpeg v1.0 (using IJG JPEG v62), quality = 90\" data-src=\"https:\/\/tamerbadr.com\/wp-content\/uploads\/2025\/03\/\u0645\u0624\u0644\u0641\u0627\u062a-\u062a\u0627\u0645\u0631-\u0628\u062f\u0631-1-6.jpg\" data-large_image=\"https:\/\/tamerbadr.com\/wp-content\/uploads\/2025\/03\/\u0645\u0624\u0644\u0641\u0627\u062a-\u062a\u0627\u0645\u0631-\u0628\u062f\u0631-1-6.jpg\" data-large_image_width=\"389\" data-large_image_height=\"422\" data-no-translation-alt=\"\" \/><\/a><\/div>\t<\/div>\n<\/div>\n\n\t<div class=\"summary entry-summary\">\n\t\t<h1 class=\"product_title entry-title\">Cartea despre virtutea r\u0103bd\u0103rii \u00een fa\u021ba adversit\u0103\u021bii<\/h1><p class=\"price\"><span class=\"woocommerce-Price-amount amount\"><bdi><span class=\"woocommerce-Price-currencySymbol\">Egipt<\/span>40.00<\/bdi><\/span><\/p>\n\n\t\n\t<form class=\"cart\" action=\"\" method=\"post\" enctype='multipart\/form-data' data-trp-original-action=\"\">\n\t\t\n\t\t<div class=\"quantity\">\n\t\t<label class=\"screen-reader-text\" for=\"quantity_69fee6bb39044\" data-no-translation=\"\" data-trp-gettext=\"\">Cantitate \u0643\u062a\u0627\u0628 \u0641\u0636\u0644 \u0627\u0644\u0635\u0628\u0631 \u0639\u0644\u064a \u0627\u0644\u0628\u0644\u0627\u0621<\/label>\n\t<input\n\t\ttype=\"number\"\n\t\t\t\tid=\"quantity_69fee6bb39044\"\n\t\tclass=\"input-text qty text\"\n\t\tname=\"quantity\"\n\t\tvalue=\"1\"\n\t\taria-label=\"Cantitate de produse\"\n\t\t\t\tmin=\"1\"\n\t\t\t\t\t\t\tstep=\"1\"\n\t\t\tplaceholder=\"\"\n\t\t\tinputmode=\"numeric\"\n\t\t\tautocomplete=\"off\" data-no-translation-aria-label=\"\"\n\t\t\t\/>\n\t<\/div>\n\n\t\t<button type=\"submit\" name=\"add-to-cart\" value=\"19573\" class=\"single_add_to_cart_button button alt\" data-no-translation=\"\" data-trp-gettext=\"\">Adaug\u0103 \u00een co\u0219<\/button>\n\n\t\t\n        <script>\n            document.addEventListener('DOMContentLoaded', function(){\n                document.addEventListener('click', function(event){\n                    if(!event.target.matches('.single_add_to_cart_button')){\n                        return;\n                    }\n\n                    const quantity = document.querySelector('input.qty').value || '1';\n                    const formProductVariation = document.querySelector('form[data-product_variations]')\n                    const variationItem = document.querySelector('.variation_id')\n\n                    let price = 40\n                    if(formProductVariation && variationItem){\n                        try{\n                            const variations = JSON.parse(formProductVariation.dataset.product_variations)\n                            const variationId = variationItem.value\n                            for(const variation of variations){\n                                if(variation.variation_id == Number(variationId)){\n                                    price = variation.display_price\n                                }\n                            }\n                        }\n                        catch{\n                        }\n                    }\n\n                    gtag('event', 'add_to_cart', {\n                        'items': [ {\n                            'item_id':'19573',\n                            'item_name': '\u0643\u062a\u0627\u0628 \u0641\u0636\u0644 \u0627\u0644\u0635\u0628\u0631 \u0639\u0644\u064a \u0627\u0644\u0628\u0644\u0627\u0621',\n                            'list_name': '\u0643\u062a\u0627\u0628 \u0641\u0636\u0644 \u0627\u0644\u0635\u0628\u0631 \u0639\u0644\u064a \u0627\u0644\u0628\u0644\u0627\u0621',\n                            'quantity': quantity,\n                            'price': price,\n                            \"item_category\":\"\u062f\u064a\u0646 \u0625\u0633\u0644\u0627\u0645\u064a\"\n                        }]\n                    });\n                })\n            });\n        <\/script>\n        \t<input type=\"hidden\" name=\"trp-form-language\" value=\"ro\"\/><\/form>\n\n\t\n<div class=\"product_meta\">\n\n\t\n\t\n\t<span class=\"posted_in\">Categorie: <a href=\"https:\/\/tamerbadr.com\/ro\/categorie-produs\/%d8%af%d9%8a%d9%86-%d8%a5%d8%b3%d9%84%d8%a7%d9%85%d9%8a\" rel=\"tag\">religie islamic\u0103<\/a><\/span>\n\t\n\t\n<\/div>\n\t<\/div>\n\n\t\n\t<div class=\"woocommerce-tabs wc-tabs-wrapper\">\n\t\t<ul class=\"tabs wc-tabs\" role=\"tablist\">\n\t\t\t\t\t\t\t<li role=\"presentation\" class=\"description_tab\" id=\"tab-title-description\">\n\t\t\t\t\t<a href=\"#tab-description\" role=\"tab\" aria-controls=\"tab-description\">\n\t\t\t\t\t\tDescriere\t\t\t\t\t<\/a>\n\t\t\t\t<\/li>\n\t\t\t\t\t\t\t<li role=\"presentation\" class=\"reviews_tab\" id=\"tab-title-reviews\">\n\t\t\t\t\t<a href=\"#tab-reviews\" role=\"tab\" aria-controls=\"tab-reviews\">\n\t\t\t\t\t\tRecenzii (0)\t\t\t\t\t<\/a>\n\t\t\t\t<\/li>\n\t\t\t\t\t<\/ul>\n\t\t\t\t\t<div class=\"woocommerce-Tabs-panel woocommerce-Tabs-panel--description panel entry-content wc-tab\" id=\"tab-description\" role=\"tabpanel\" aria-labelledby=\"tab-title-description\">\n\t\t\t\t\n\t<h2 data-no-translation=\"\" data-trp-gettext=\"\">Descriere<\/h2>\n\n<h1 style=\"text-align: center;\"><strong>Introducere de \u0219eicul Muhammad Hassan la cartea Virtutea r\u0103bd\u0103rii \u00een fa\u021ba adversit\u0103\u021bii<\/strong><\/h1>\n<h1 style=\"text-align: center;\">Slav\u0103 lui Dumnezeu \u0219i fie ca rug\u0103ciunile \u0219i pacea lui Dumnezeu s\u0103 fie peste Mesagerul lui Dumnezeu, fie ca Dumnezeu s\u0103-l binecuv\u00e2nteze \u0219i s\u0103-i d\u0103ruiasc\u0103 pace.<\/h1>\n<h1 style=\"text-align: center;\">Allah, Cel Atotputernic, a f\u0103cut din r\u0103bdare un cal neclintit, o armat\u0103 invincibil\u0103 \u0219i o fort\u0103rea\u021b\u0103 indestructibil\u0103. El, Cel Atotputernic, a spus c\u0103 r\u0103bd\u0103tori sunt \u00een compania lui Allah \u0219i c\u0103 El \u00eei iube\u0219te. Ce onoare!!<\/h1>\n<h1 style=\"text-align: center;\">Dumnezeu Atotputernicul a spus: \u201eAllah este cu cel r\u0103bd\u0103tor.\u201d (Al-Baqara: 153)<\/h1>\n<h1 style=\"text-align: center;\">Dumnezeu Atotputernicul a spus: \u201e\u0218i Dumnezeu iube\u0219te pe cel r\u0103bd\u0103tor.\u201d (Al-Imran: 146)<\/h1>\n<h1 style=\"text-align: center;\">\u0218i El a f\u0103cut ca conducerea religiei s\u0103 se bazeze pe r\u0103bdare \u0219i certitudine, a\u0219a c\u0103 El, Cel Atotputernic, a spus: \u201e\u0218i Noi am f\u0103cut dintre ei c\u0103l\u0103uzitori dup\u0103 porunca Noastr\u0103, atunci c\u00e2nd au fost r\u0103bd\u0103tori \u0219i au fost siguri de semnele Noastre.\u201d [As-Sajdah: 24]<\/h1>\n<h1 style=\"text-align: center;\">\u0218i El a adunat pentru cei r\u0103bd\u0103tori aceste ve\u0219ti bune pe care nu le-a adunat pentru al\u021bii. A\u0219a c\u0103 El, Cel Prea\u00eenalt, a spus: \u201e\u0218i v\u0103 vom \u00eencerca cu fric\u0103, foame, pierdere de averi, vie\u021bi \u0219i roade, dar aduce\u021bi ve\u0219ti bune celor r\u0103bd\u0103tori (155) care, atunci c\u00e2nd \u00eei love\u0219te nenorocirea, spun: \u00abSuntem ai lui Dumnezeu \u0219i la El ne vom \u00eentoarce!\u00bb (156) Ace\u0219tia vor avea binecuv\u00e2nt\u0103ri de la Domnul lor \u0219i mil\u0103. \u0218i aceia sunt cei c\u0103l\u0103uzi\u021bi [drept].\u201d (157) [Al-Baqarah]<\/h1>\n<h1 style=\"text-align: center;\">Apoi, Cel Atotputernic a explicat onoarea celor r\u0103bd\u0103tori \u00een Paradis prin faptul c\u0103 \u00eengerii au intrat s\u0103-i \u00eent\u00e2mpine \u0219i s\u0103-i salute, a\u0219a cum El, Cel Atotputernic, a spus: \u201e\u0218i \u00eengerii vor intra la ei pe fiecare poart\u0103, [spun\u00e2nd]: \u00abPace vou\u0103 pentru ceea ce a\u021bi \u00eendurat cu r\u0103bdare. \u0218i minunat\u0103 este casa de apoi!\u00bb\u201d (Al-Ra\u2019d).<\/h1>\n<h1 style=\"text-align: center;\">El a rezumat meritul \u0219i r\u0103splata lor nelimitat\u0103, spun\u00e2nd: \u201eNumai r\u0103bd\u0103torul \u00ee\u0219i va primi r\u0103splata integral\u0103, f\u0103r\u0103 socoteal\u0103.\u201d (Az-Zumar: 10)<\/h1>\n<h1 style=\"text-align: center;\">Da, r\u0103bdarea este, a\u0219a cum sugereaz\u0103 \u0219i numele, are un gust amar, dar consecin\u021bele sunt mai dulci dec\u00e2t mierea.<\/h1>\n<h1 style=\"text-align: center;\">Ce este r\u0103bdarea?<\/h1>\n<h1 style=\"text-align: center;\">R\u0103bdarea \u00een limbaj: \u00eenseamn\u0103 preven\u021bie \u0219i izolare.<\/h1>\n<h1 style=\"text-align: center;\">R\u0103bdarea, conform legii islamice, \u00eenseamn\u0103 a te ab\u021bine de la \u00eengrijorare, a-\u021bi re\u021bine limba de la pl\u00e2ngeri \u0219i a-\u021bi re\u021bine membrele de la comiterea p\u0103catelor.<\/h1>\n<h1 style=\"text-align: center;\">* Este \u00eemp\u0103r\u021bit \u00een trei sec\u021biuni:<\/h1>\n<h1 style=\"text-align: center;\">R\u0103bdare cu porunca. Adic\u0103 r\u0103bdare cu ascultarea.<\/h1>\n<h1 style=\"text-align: center;\">- \u0218i r\u0103bdare \u00een a evita ceea ce este interzis. Adic\u0103, r\u0103bdare \u00een a evita p\u0103catul.<\/h1>\n<h1 style=\"text-align: center;\">- \u0218i r\u0103bdare \u00een fa\u021ba sor\u021bii. Adic\u0103, r\u0103bdare \u00een fa\u021ba calamit\u0103\u021bilor \u0219i \u00eencerc\u0103rilor pe care Dumnezeu Atotputernicul le-a hot\u0103r\u00e2t pentru slujitor.<\/h1>\n<h1 style=\"text-align: center;\">R\u0103bdarea frumoas\u0103 este cea \u00een care posesorul ei caut\u0103 mul\u021bumirea lui Allah, Cel Prea\u00eenalt, Cel Pream\u0103rit, nu de team\u0103 ca oamenii s\u0103 nu spun\u0103 c\u0103 este ner\u0103bd\u0103tor, nici din \u00eenfrumuse\u021bare de dragul oamenilor, ca nu cumva s\u0103 spun\u0103 c\u0103 este r\u0103bd\u0103tor. Dimpotriv\u0103, el este r\u0103bd\u0103tor, crez\u00e2nd \u00een porunca lui Allah, at\u00e2t bun\u0103, c\u00e2t \u0219i rea, ridic\u00e2ndu-se deasupra durerii \u0219i ridic\u00e2ndu-se deasupra pl\u00e2ngerii.<\/h1>\n<h1 style=\"text-align: center;\">Ancheta arat\u0103 c\u0103 exist\u0103 dou\u0103 tipuri de pl\u00e2ngeri:<\/h1>\n<h1 style=\"text-align: center;\">O pl\u00e2ngere c\u0103tre Dumnezeu \u0219i o pl\u00e2ngere de la Dumnezeu!!<\/h1>\n<h1 style=\"text-align: center;\">C\u00e2t despre a te pl\u00e2nge lui Dumnezeu, aceasta nu contrazice r\u0103bdarea, a\u0219a cum a spus Dumnezeu \u00eentr-o nara\u021biune a lui Iacov, pacea fie asupra lui: \u201eR\u0103bdarea este cea mai potrivit\u0103, iar Dumnezeu este Cel c\u0103ruia i se cere ajutor \u00eempotriva a ceea ce descrii.\u201d (Yusuf: 18)<\/h1>\n<h1 style=\"text-align: center;\">Totu\u0219i, el \u0219i-a \u00eendreptat pl\u00e2ngerea c\u0103tre Dumnezeu, spun\u00e2nd: \u201eM\u0103 pl\u00e2ng lui Dumnezeu doar de suferin\u021ba \u0219i durerea mea\u201d (Yusuf: 86).<\/h1>\n<h1 style=\"text-align: center;\">Dumnezeu Atotputernicul l-a l\u0103udat pe Iov, pacea fie asupra lui, totu\u0219i el \u0219i-a \u00eendreptat pl\u00e2ngerea c\u0103tre Dumnezeu, spun\u00e2nd: \u201e\u0218i Iov, c\u00e2nd a strigat c\u0103tre Domnul s\u0103u, \u00abCu adev\u0103rat, m-a cuprins necazul \u0219i Tu e\u0219ti Cel Mai Milostiv dintre cei milostivi.\u00bb\u201d (Al-Anbiya: 83)<\/h1>\n<h1 style=\"text-align: center;\">Credinciosul \u00een\u021belept ar trebui s\u0103 \u0219tie c\u0103 aceast\u0103 lume este un loc al \u00eencerc\u0103rilor \u0219i al test\u0103rii, iar bucuria ei const\u0103 \u00een vise \u0219i o umbr\u0103 trec\u0103toare. Dac\u0103 te face s\u0103 r\u00e2zi pu\u021bin, te face s\u0103 pl\u00e2ngi mult. Dac\u0103 te face fericit pentru o zi, te \u00eentristeaz\u0103 pentru o via\u021b\u0103 \u00eentreag\u0103. Dac\u0103 \u00ee\u021bi ofer\u0103 pu\u021bin\u0103 pl\u0103cere, te priveaz\u0103 pentru mult timp. \u0218i pentru fiecare bucurie exist\u0103 o triste\u021be!!<\/h1>\n<h1 style=\"text-align: center;\">\u00cen\u021beleptul este cel care prive\u0219te cu ochii perspicacit\u0103\u021bii sale \u0219i cu lumina credin\u021bei sale \u0219i \u0219tie cu certitudine c\u0103 ceea ce i s-a \u00eent\u00e2mplat nu i-ar fi putut lipsi \u0219i c\u0103 ceea ce i-a lipsit nu i-ar fi putut lipsi. A\u0219adar, el caut\u0103 \u00een Cartea lui Dumnezeu Atotputernicul \u0219i \u00een Sunna Mesagerului S\u0103u, fie ca Dumnezeu s\u0103-l binecuv\u00e2nteze \u0219i s\u0103-i d\u0103ruiasc\u0103 pace, pentru a \u00een\u021belege r\u0103splata celui r\u0103bd\u0103tor.<\/h1>\n<h1 style=\"text-align: center;\">Apoi s\u0103 sting\u0103 focul calamit\u0103\u021bilor \u0219i al \u00eencerc\u0103rilor cu calmul de a urma exemplul celor care au fost afecta\u021bi, \u00een special al Mesagerilor \u0219i Profe\u021bilor.<\/h1>\n<h1 style=\"text-align: center;\">Atunci, dac\u0103 ar c\u0103uta printre oamenii p\u0103m\u00e2ntului, n-ar vedea printre ei pe nimeni altcineva dec\u00e2t pe cineva afectat de pierderea unei persoane dragi sau de \u00eent\u00e2mplarea a ceva nepl\u0103cut!!<\/h1>\n<h1 style=\"text-align: center;\">C\u00e2t de mult avem nevoie de o reamintire constant\u0103 \u00eentr-o perioad\u0103 \u00een care \u00eencerc\u0103rile \u0219i necazurile sunt multe, iar \u00eencerc\u0103rile \u0219i necazurile sunt aspre.<\/h1>\n<h1 style=\"text-align: center;\">Datorit\u0103 r\u0103bd\u0103rii \u00een fa\u021ba adversit\u0103\u021bii, \u00een\u021belegerii \u00een\u021belepciunii din spatele adversit\u0103\u021bii, \u00eenv\u0103\u021b\u0103rii despre tipurile de adversitate, urm\u0103rii exemplului mesagerilor \u0219i profe\u021bilor \u0219i altor probleme importante legate de acest subiect nobil.<\/h1>\n<h1 style=\"text-align: center;\">Am \u00een m\u00e2ini un mesaj frumos pe aceast\u0103 tem\u0103 de la dragul nostru frate Tamer Badr. Fie ca Dumnezeu s\u0103-l r\u0103spl\u0103teasc\u0103 cu bine \u0219i s\u0103 ne fac\u0103 pe noi \u0219i pe el printre cei r\u0103bd\u0103tori \u0219i s\u0103 ne bucure ochii cu victoria acestei religii. Rug\u0103ciunile \u0219i pacea lui Dumnezeu s\u0103 fie peste conduc\u0103torul profe\u021bilor \u0219i peste \u00eentreaga familie \u0219i tovar\u0103\u0219i ai s\u0103i.<\/h1>\n<h1 style=\"text-align: center;\">Scris de<\/h1>\n\t\t\t<\/div>\n\t\t\t\t\t<div class=\"woocommerce-Tabs-panel woocommerce-Tabs-panel--reviews panel entry-content wc-tab\" id=\"tab-reviews\" role=\"tabpanel\" aria-labelledby=\"tab-title-reviews\">\n\t\t\t\t<div id=\"reviews\" class=\"woocommerce-Reviews\">\n\t<div id=\"comments\">\n\t\t<h2 class=\"woocommerce-Reviews-title\">\n\t\t\tRecenzii\t\t<\/h2>\n\n\t\t\t\t\t<p class=\"woocommerce-noreviews\" data-no-translation=\"\" data-trp-gettext=\"\">Nu exist\u0103 recenzii p\u00e2n\u0103 acum.<\/p>\n\t\t\t<\/div>\n\n\t\t\t<div id=\"review_form_wrapper\">\n\t\t\t<div id=\"review_form\">\n\t\t\t\t\t<div id=\"respond\" class=\"comment-respond\">\n\t\t<span id=\"reply-title\" class=\"comment-reply-title\" role=\"heading\" aria-level=\"3\">Fii primul care scrii o recenzie pentru &bdquo;\u0643\u062a\u0627\u0628 \u0641\u0636\u0644 \u0627\u0644\u0635\u0628\u0631 \u0639\u0644\u064a \u0627\u0644\u0628\u0644\u0627\u0621&rdquo; <small><a rel=\"nofollow\" id=\"cancel-comment-reply-link\" href=\"\/ro\/wp-json\/wp\/v2\/pages\/20137#respond\" style=\"display:none;\">Anuleaz\u0103 r\u0103spunsul<\/a><\/small><\/span><p class=\"must-log-in\" data-no-translation=\"\" data-trp-gettext=\"\">Trebuie s\u0103 fii <a href=\"https:\/\/tamerbadr.com\/ro\/\">autentificat<\/a> pentru a publica o recenzie.<\/p>\t<\/div><!-- #respond -->\n\t\t\t\t<\/div>\n\t\t<\/div>\n\t\n\t<div class=\"clear\"><\/div>\n<\/div>\n\t\t\t<\/div>\n\t\t\n\t\t\t<\/div>\n\n<\/div>\n\n\t\t\t<\/div>\n\t\t\t<\/div>\t\t\t\t<\/div>\n\t\t\t\t<\/div>\n\t\t\t\t<\/div>\n\t\t\t\t\t<\/div>\n\t\t\t\t<\/div>\n\t\t\t\t<\/div>","protected":false},"excerpt":{"rendered":"","protected":false},"author":1,"featured_media":0,"parent":0,"menu_order":0,"comment_status":"closed","ping_status":"closed","template":"elementor_header_footer","meta":{"_seopress_robots_primary_cat":"","_seopress_titles_title":"","_seopress_titles_desc":"","_seopress_robots_index":"","inline_featured_image":false,"_uf_show_specific_survey":0,"_uf_disable_surveys":false,"footnotes":""},"class_list":["post-20137","page","type-page","status-publish"],"_links":{"self":[{"href":"https:\/\/tamerbadr.com\/ro\/wp-json\/wp\/v2\/pages\/20137","targetHints":{"allow":["GET"]}}],"collection":[{"href":"https:\/\/tamerbadr.com\/ro\/wp-json\/wp\/v2\/pages"}],"about":[{"href":"https:\/\/tamerbadr.com\/ro\/wp-json\/wp\/v2\/types\/page"}],"author":[{"embeddable":true,"href":"https:\/\/tamerbadr.com\/ro\/wp-json\/wp\/v2\/users\/1"}],"replies":[{"embeddable":true,"href":"https:\/\/tamerbadr.com\/ro\/wp-json\/wp\/v2\/comments?post=20137"}],"version-history":[{"count":0,"href":"https:\/\/tamerbadr.com\/ro\/wp-json\/wp\/v2\/pages\/20137\/revisions"}],"wp:attachment":[{"href":"https:\/\/tamerbadr.com\/ro\/wp-json\/wp\/v2\/media?parent=20137"}],"curies":[{"name":"wp","href":"https:\/\/api.w.org\/{rel}","templated":true}]}}