{"id":20107,"date":"2025-03-19T15:25:05","date_gmt":"2025-03-19T15:25:05","guid":{"rendered":"https:\/\/white-ant-267257.hostingersite.com\/?page_id=20107"},"modified":"2025-04-06T08:17:19","modified_gmt":"2025-04-06T08:17:19","slug":"the-book-of-the-characteristics-of-the-shepherd-and-the-flock","status":"publish","type":"page","link":"https:\/\/tamerbadr.com\/ro\/the-book-of-the-characteristics-of-the-shepherd-and-the-flock","title":{"rendered":"Cartea despre caracteristicile p\u0103storului \u0219i ale turmei"},"content":{"rendered":"<div data-elementor-type=\"wp-page\" data-elementor-id=\"20107\" class=\"elementor elementor-20107\" data-elementor-post-type=\"page\">\n\t\t\t\t<div class=\"elementor-element elementor-element-c8c7aab e-flex e-con-boxed e-con e-parent\" data-id=\"c8c7aab\" data-element_type=\"container\">\n\t\t\t\t\t<div class=\"e-con-inner\">\n\t\t<div class=\"elementor-element elementor-element-6483b1a e-con-full e-flex e-con e-child\" data-id=\"6483b1a\" data-element_type=\"container\">\n\t\t\t\t<div class=\"elementor-element elementor-element-6058eb2 elementor-widget elementor-widget-wc-elements\" data-id=\"6058eb2\" data-element_type=\"widget\" data-widget_type=\"wc-elements.default\">\n\t\t\t\t<div class=\"elementor-widget-container\">\n\t\t\t\t\t<div class=\"woocommerce\">\t\t\t<div class=\"single-product\" data-product-page-preselected-id=\"0\">\n\t\t\t\t<div class=\"woocommerce-notices-wrapper\"><\/div><div id=\"product-19585\" class=\"product type-product post-19585 status-publish first instock product_cat-187 has-post-thumbnail downloadable shipping-taxable purchasable product-type-simple\">\n\n\t<div class=\"woocommerce-product-gallery woocommerce-product-gallery--with-images woocommerce-product-gallery--columns-4 images\" data-columns=\"4\" style=\"opacity: 0; transition: opacity .25s ease-in-out;\">\n\t<div class=\"woocommerce-product-gallery__wrapper\">\n\t\t<div data-thumb=\"https:\/\/tamerbadr.com\/wp-content\/uploads\/2025\/03\/\u0635\u0641\u0629-\u0627\u0644\u0631\u0627\u0639\u0649-\u0648\u0627\u0644\u0631\u0627\u0639\u064a\u0629-scaled-scaled.jpg\" data-thumb-alt=\"\u0643\u062a\u0627\u0628 \u0635\u0641\u0629 \u0627\u0644\u0631\u0627\u0639\u064a \u0648\u0627\u0644\u0631\u0639\u064a\u0629\" data-thumb-srcset=\"\"  data-thumb-sizes=\"(max-width: 100px) 100vw, 100px\" class=\"woocommerce-product-gallery__image\"><a href=\"https:\/\/tamerbadr.com\/wp-content\/uploads\/2025\/03\/\u0635\u0641\u0629-\u0627\u0644\u0631\u0627\u0639\u0649-\u0648\u0627\u0644\u0631\u0627\u0639\u064a\u0629-scaled-scaled.jpg\"><img fetchpriority=\"high\" decoding=\"async\" width=\"2049\" height=\"1405\" src=\"https:\/\/tamerbadr.com\/wp-content\/uploads\/2025\/03\/\u0635\u0641\u0629-\u0627\u0644\u0631\u0627\u0639\u0649-\u0648\u0627\u0644\u0631\u0627\u0639\u064a\u0629-scaled-scaled.jpg\" class=\"wp-post-image\" alt=\"Cartea despre caracteristicile p\u0103storului \u0219i ale turmei\" data-caption=\"\" data-src=\"https:\/\/tamerbadr.com\/wp-content\/uploads\/2025\/03\/\u0635\u0641\u0629-\u0627\u0644\u0631\u0627\u0639\u0649-\u0648\u0627\u0644\u0631\u0627\u0639\u064a\u0629-scaled-scaled.jpg\" data-large_image=\"https:\/\/tamerbadr.com\/wp-content\/uploads\/2025\/03\/\u0635\u0641\u0629-\u0627\u0644\u0631\u0627\u0639\u0649-\u0648\u0627\u0644\u0631\u0627\u0639\u064a\u0629-scaled-scaled.jpg\" data-large_image_width=\"2049\" data-large_image_height=\"1405\" \/><\/a><\/div><div data-thumb=\"https:\/\/tamerbadr.com\/wp-content\/uploads\/2025\/03\/\u0635\u0641\u0629-\u0627\u0644\u0631\u0627\u0639\u0649-\u0648\u0627\u0644\u0631\u0627\u0639\u064a\u0629-Copy-scaled.jpg\" data-thumb-alt=\"\u0643\u062a\u0627\u0628 \u0635\u0641\u0629 \u0627\u0644\u0631\u0627\u0639\u064a \u0648\u0627\u0644\u0631\u0639\u064a\u0629 - imagine 2\" data-thumb-srcset=\"\"  data-thumb-sizes=\"(max-width: 71px) 100vw, 71px\" class=\"woocommerce-product-gallery__image\" data-no-translation-data-thumb-alt=\"\"><a href=\"https:\/\/tamerbadr.com\/wp-content\/uploads\/2025\/03\/\u0635\u0641\u0629-\u0627\u0644\u0631\u0627\u0639\u0649-\u0648\u0627\u0644\u0631\u0627\u0639\u064a\u0629-Copy-scaled.jpg\"><img decoding=\"async\" width=\"1808\" height=\"2560\" src=\"https:\/\/tamerbadr.com\/wp-content\/uploads\/2025\/03\/\u0635\u0641\u0629-\u0627\u0644\u0631\u0627\u0639\u0649-\u0648\u0627\u0644\u0631\u0627\u0639\u064a\u0629-Copy-scaled.jpg\" class=\"\" alt=\"\u0643\u062a\u0627\u0628 \u0635\u0641\u0629 \u0627\u0644\u0631\u0627\u0639\u064a \u0648\u0627\u0644\u0631\u0639\u064a\u0629 - imagine 2\" data-caption=\"\" data-src=\"https:\/\/tamerbadr.com\/wp-content\/uploads\/2025\/03\/\u0635\u0641\u0629-\u0627\u0644\u0631\u0627\u0639\u0649-\u0648\u0627\u0644\u0631\u0627\u0639\u064a\u0629-Copy-scaled.jpg\" data-large_image=\"https:\/\/tamerbadr.com\/wp-content\/uploads\/2025\/03\/\u0635\u0641\u0629-\u0627\u0644\u0631\u0627\u0639\u0649-\u0648\u0627\u0644\u0631\u0627\u0639\u064a\u0629-Copy-scaled.jpg\" data-large_image_width=\"1808\" data-large_image_height=\"2560\" data-no-translation-alt=\"\" \/><\/a><\/div><div data-thumb=\"https:\/\/tamerbadr.com\/wp-content\/uploads\/2025\/03\/\u0645\u0624\u0644\u0641\u0627\u062a-\u062a\u0627\u0645\u0631-\u0628\u062f\u0631-1-2.jpg\" data-thumb-alt=\"\u0643\u062a\u0627\u0628 \u0635\u0641\u0629 \u0627\u0644\u0631\u0627\u0639\u064a \u0648\u0627\u0644\u0631\u0639\u064a\u0629 - imagine 3\" data-thumb-srcset=\"\"  data-thumb-sizes=\"(max-width: 92px) 100vw, 92px\" class=\"woocommerce-product-gallery__image\" data-no-translation-data-thumb-alt=\"\"><a href=\"https:\/\/tamerbadr.com\/wp-content\/uploads\/2025\/03\/\u0645\u0624\u0644\u0641\u0627\u062a-\u062a\u0627\u0645\u0631-\u0628\u062f\u0631-1-2.jpg\"><img decoding=\"async\" width=\"389\" height=\"422\" src=\"https:\/\/tamerbadr.com\/wp-content\/uploads\/2025\/03\/\u0645\u0624\u0644\u0641\u0627\u062a-\u062a\u0627\u0645\u0631-\u0628\u062f\u0631-1-2.jpg\" class=\"\" alt=\"\u0643\u062a\u0627\u0628 \u0635\u0641\u0629 \u0627\u0644\u0631\u0627\u0639\u064a \u0648\u0627\u0644\u0631\u0639\u064a\u0629 - imagine 3\" data-caption=\"CREATOR: gd-jpeg v1.0 (using IJG JPEG v62), quality = 90\" data-src=\"https:\/\/tamerbadr.com\/wp-content\/uploads\/2025\/03\/\u0645\u0624\u0644\u0641\u0627\u062a-\u062a\u0627\u0645\u0631-\u0628\u062f\u0631-1-2.jpg\" data-large_image=\"https:\/\/tamerbadr.com\/wp-content\/uploads\/2025\/03\/\u0645\u0624\u0644\u0641\u0627\u062a-\u062a\u0627\u0645\u0631-\u0628\u062f\u0631-1-2.jpg\" data-large_image_width=\"389\" data-large_image_height=\"422\" data-no-translation-alt=\"\" \/><\/a><\/div><div data-thumb=\"https:\/\/tamerbadr.com\/wp-content\/uploads\/2025\/03\/\u0641\u0647\u0631\u0633-\u0635\u0641\u0629-\u0627\u0644\u0631\u0627\u0639\u0649-\u0648\u0627\u0644\u0631\u0639\u064a\u0629-\u0643\u0627\u0645\u0644.jpg\" data-thumb-alt=\"\u0643\u062a\u0627\u0628 \u0635\u0641\u0629 \u0627\u0644\u0631\u0627\u0639\u064a \u0648\u0627\u0644\u0631\u0639\u064a\u0629 - imagine 4\" data-thumb-srcset=\"\"  data-thumb-sizes=\"(max-width: 100px) 100vw, 100px\" class=\"woocommerce-product-gallery__image\" data-no-translation-data-thumb-alt=\"\"><a href=\"https:\/\/tamerbadr.com\/wp-content\/uploads\/2025\/03\/\u0641\u0647\u0631\u0633-\u0635\u0641\u0629-\u0627\u0644\u0631\u0627\u0639\u0649-\u0648\u0627\u0644\u0631\u0639\u064a\u0629-\u0643\u0627\u0645\u0644.jpg\"><img loading=\"lazy\" decoding=\"async\" width=\"1921\" height=\"1650\" src=\"https:\/\/tamerbadr.com\/wp-content\/uploads\/2025\/03\/\u0641\u0647\u0631\u0633-\u0635\u0641\u0629-\u0627\u0644\u0631\u0627\u0639\u0649-\u0648\u0627\u0644\u0631\u0639\u064a\u0629-\u0643\u0627\u0645\u0644.jpg\" class=\"\" alt=\"\u0643\u062a\u0627\u0628 \u0635\u0641\u0629 \u0627\u0644\u0631\u0627\u0639\u064a \u0648\u0627\u0644\u0631\u0639\u064a\u0629 - imagine 4\" data-caption=\"\" data-src=\"https:\/\/tamerbadr.com\/wp-content\/uploads\/2025\/03\/\u0641\u0647\u0631\u0633-\u0635\u0641\u0629-\u0627\u0644\u0631\u0627\u0639\u0649-\u0648\u0627\u0644\u0631\u0639\u064a\u0629-\u0643\u0627\u0645\u0644.jpg\" data-large_image=\"https:\/\/tamerbadr.com\/wp-content\/uploads\/2025\/03\/\u0641\u0647\u0631\u0633-\u0635\u0641\u0629-\u0627\u0644\u0631\u0627\u0639\u0649-\u0648\u0627\u0644\u0631\u0639\u064a\u0629-\u0643\u0627\u0645\u0644.jpg\" data-large_image_width=\"1921\" data-large_image_height=\"1650\" data-no-translation-alt=\"\" \/><\/a><\/div>\t<\/div>\n<\/div>\n\n\t<div class=\"summary entry-summary\">\n\t\t<h1 class=\"product_title entry-title\">Cartea despre caracteristicile p\u0103storului \u0219i ale turmei<\/h1><p class=\"price\"><span class=\"woocommerce-Price-amount amount\"><bdi><span class=\"woocommerce-Price-currencySymbol\">Egipt<\/span>60.00<\/bdi><\/span><\/p>\n\n\t\n\t<form class=\"cart\" action=\"\" method=\"post\" enctype='multipart\/form-data' data-trp-original-action=\"\">\n\t\t\n\t\t<div class=\"quantity\">\n\t\t<label class=\"screen-reader-text\" for=\"quantity_69fee6354aaa3\" data-no-translation=\"\" data-trp-gettext=\"\">Cantitate \u0643\u062a\u0627\u0628 \u0635\u0641\u0629 \u0627\u0644\u0631\u0627\u0639\u064a \u0648\u0627\u0644\u0631\u0639\u064a\u0629<\/label>\n\t<input\n\t\ttype=\"number\"\n\t\t\t\tid=\"quantity_69fee6354aaa3\"\n\t\tclass=\"input-text qty text\"\n\t\tname=\"quantity\"\n\t\tvalue=\"1\"\n\t\taria-label=\"Cantitate de produse\"\n\t\t\t\tmin=\"1\"\n\t\t\t\t\t\t\tstep=\"1\"\n\t\t\tplaceholder=\"\"\n\t\t\tinputmode=\"numeric\"\n\t\t\tautocomplete=\"off\" data-no-translation-aria-label=\"\"\n\t\t\t\/>\n\t<\/div>\n\n\t\t<button type=\"submit\" name=\"add-to-cart\" value=\"19585\" class=\"single_add_to_cart_button button alt\" data-no-translation=\"\" data-trp-gettext=\"\">Adaug\u0103 \u00een co\u0219<\/button>\n\n\t\t\n        <script>\n            document.addEventListener('DOMContentLoaded', function(){\n                document.addEventListener('click', function(event){\n                    if(!event.target.matches('.single_add_to_cart_button')){\n                        return;\n                    }\n\n                    const quantity = document.querySelector('input.qty').value || '1';\n                    const formProductVariation = document.querySelector('form[data-product_variations]')\n                    const variationItem = document.querySelector('.variation_id')\n\n                    let price = 60\n                    if(formProductVariation && variationItem){\n                        try{\n                            const variations = JSON.parse(formProductVariation.dataset.product_variations)\n                            const variationId = variationItem.value\n                            for(const variation of variations){\n                                if(variation.variation_id == Number(variationId)){\n                                    price = variation.display_price\n                                }\n                            }\n                        }\n                        catch{\n                        }\n                    }\n\n                    gtag('event', 'add_to_cart', {\n                        'items': [ {\n                            'item_id':'19585',\n                            'item_name': '\u0643\u062a\u0627\u0628 \u0635\u0641\u0629 \u0627\u0644\u0631\u0627\u0639\u064a \u0648\u0627\u0644\u0631\u0639\u064a\u0629',\n                            'list_name': '\u0643\u062a\u0627\u0628 \u0635\u0641\u0629 \u0627\u0644\u0631\u0627\u0639\u064a \u0648\u0627\u0644\u0631\u0639\u064a\u0629',\n                            'quantity': quantity,\n                            'price': price,\n                            \"item_category\":\"\u0633\u064a\u0627\u0633\u0629 \u0625\u0633\u0644\u0627\u0645\u064a\u0629\"\n                        }]\n                    });\n                })\n            });\n        <\/script>\n        \t<input type=\"hidden\" name=\"trp-form-language\" value=\"ro\"\/><\/form>\n\n\t\n<div class=\"product_meta\">\n\n\t\n\t\n\t<span class=\"posted_in\">Categorie: <a href=\"https:\/\/tamerbadr.com\/ro\/categorie-produs\/%d8%b3%d9%8a%d8%a7%d8%b3%d8%a9-%d8%a5%d8%b3%d9%84%d8%a7%d9%85%d9%8a%d8%a9\" rel=\"tag\">Politica islamic\u0103<\/a><\/span>\n\t\n\t\n<\/div>\n\t<\/div>\n\n\t\n\t<div class=\"woocommerce-tabs wc-tabs-wrapper\">\n\t\t<ul class=\"tabs wc-tabs\" role=\"tablist\">\n\t\t\t\t\t\t\t<li role=\"presentation\" class=\"description_tab\" id=\"tab-title-description\">\n\t\t\t\t\t<a href=\"#tab-description\" role=\"tab\" aria-controls=\"tab-description\">\n\t\t\t\t\t\tDescriere\t\t\t\t\t<\/a>\n\t\t\t\t<\/li>\n\t\t\t\t\t\t\t<li role=\"presentation\" class=\"reviews_tab\" id=\"tab-title-reviews\">\n\t\t\t\t\t<a href=\"#tab-reviews\" role=\"tab\" aria-controls=\"tab-reviews\">\n\t\t\t\t\t\tRecenzii (0)\t\t\t\t\t<\/a>\n\t\t\t\t<\/li>\n\t\t\t\t\t<\/ul>\n\t\t\t\t\t<div class=\"woocommerce-Tabs-panel woocommerce-Tabs-panel--description panel entry-content wc-tab\" id=\"tab-description\" role=\"tabpanel\" aria-labelledby=\"tab-title-description\">\n\t\t\t\t\n\t<h2 data-no-translation=\"\" data-trp-gettext=\"\">Descriere<\/h2>\n\n<h1 style=\"text-align: center;\"><strong>Introducere la cartea Caracteristicile p\u0103storului \u0219i ale turmei<\/strong><\/h1>\n<h1 style=\"text-align: center;\">Islamul a stabilit o abordare clar\u0103 \u0219i cuprinz\u0103toare a rela\u021biei dintre conduc\u0103tor \u0219i supu\u0219ii s\u0103i. Academicienii au discutat aceast\u0103 rela\u021bie \u00een c\u0103r\u021bi despre politica islamic\u0103, inclusiv \u00eendatoririle \u0219i drepturile fiec\u0103rei p\u0103r\u021bi, demonstr\u00e2nd c\u0103 Islamul are propriul sistem ca mod de via\u021b\u0103. Dintr-o perspectiv\u0103 politic\u0103, \u00een ceea ce prive\u0219te rela\u021bia dintre conduc\u0103tor \u0219i supu\u0219ii s\u0103i, istoria islamic\u0103 nu a cunoscut un sistem islamic specific de guvernare. Islamul, legea divin\u0103 final\u0103, nu a stabilit un sistem specific care s\u0103 fie impus musulmanilor \u00een toate timpurile \u0219i locurile. Mai degrab\u0103, a stabilit principii generale potrivite pentru toate timpurile \u0219i locurile, f\u0103r\u0103 a aprofunda detaliile, metodele \u0219i particularit\u0103\u021bile care, prin natura lor, evolueaz\u0103 \u0219i se schimb\u0103 odat\u0103 cu circumstan\u021bele schimb\u0103toare ale timpului \u0219i locului, astfel \u00eenc\u00e2t fiecare na\u021biune s\u0103 poat\u0103 lua \u00een considerare ceea ce se potrive\u0219te circumstan\u021belor sale \u0219i ceea ce necesit\u0103 interesele sale.<\/h1>\n<h1 style=\"text-align: center;\">Prin urmare, \u00een ceea ce prive\u0219te teoria statului, Islamul nu a legiferat un sistem politic care s\u0103 nu fie supus schimb\u0103rii sau modific\u0103rii \u0219i nici nu a aprofundat detalii cu valori absolute, finale. Mai degrab\u0103, a stabilit doar principiile generale \u0219i regulile cuprinz\u0103toare pe care ar trebui s\u0103 se bazeze aceast\u0103 teorie. Teoria islamic\u0103 a statului (\u00een ceea ce prive\u0219te detaliile \u0219i particularit\u0103\u021bile), la fel ca toate celelalte teorii politice islamice, este supus\u0103 schimb\u0103rii, modific\u0103rii \u0219i ad\u0103ug\u0103rii. Formul\u0103rile sale nu sunt nici finale, nici absolute \u0219i nici nu sunt stabilite \u00eentr-un tipar rigid. Islamul permite dezvoltarea \u0219i modificarea teoriilor politice, pe care erudi\u021bii musulmani s-au str\u0103duit s\u0103 le formuleze \u00een conformitate cu cerin\u021bele epocii \u0219i cu circumstan\u021bele de timp \u0219i loc.<\/h1>\n<h1 style=\"text-align: center;\">Nu exist\u0103 nicio ruptur\u0103 \u00eentre a vorbi despre Islam \u0219i statul civil, sau despre Islam \u0219i cet\u0103\u021benie, sau despre Islam \u0219i libertatea de opinie \u0219i credin\u021b\u0103. Cei care presupun o ruptur\u0103 \u00eentre Islam \u0219i toate aceste idei moderne nu \u00een\u021beleg adev\u0103rata natur\u0103 a Islamului \u0219i nici nu citesc istoria Profetului (pace \u0219i binecuv\u00e2nt\u0103ri asupra lui) \u0219i a nobililor s\u0103i companioni (fie ca Allah s\u0103 fie mul\u021bumit de ei) corect sau echitabil. Acesta este motivul pentru care statul \u00een Islam are propriile sale caracteristici distinctive, la fel cum sistemul de guvernare \u00een Islam are propriile sale fundamente: robia fa\u021b\u0103 de Dumnezeu, dreptatea, consultarea \u0219i obliga\u021bia acesteia, egalitatea, ascultarea fa\u021b\u0103 de cei afla\u021bi \u00een pozi\u021bii de autoritate, obliga\u021bia de a-i consilia pe cei afla\u021bi \u00een pozi\u021bii de autoritate, responsabilitatea conduc\u0103torului sau a p\u0103storului \u0219i supunerea sa fa\u021b\u0103 de supravegherea sistemului judiciar \u0219i a na\u021biunii, unitatea politic\u0103 a na\u021biunii, garantarea drepturilor \u0219i \u00eendatoririlor \u0219i libertatea. Aceste fundamente reprezint\u0103 nucleul sistemului islamic \u0219i fundamentele care exprim\u0103 cel mai bine unicitatea sa. Am \u00eencercat, pe c\u00e2t posibil, s\u0103 abordez acest lucru \u00een cartea mea.<\/h1>\n<h1 style=\"text-align: center;\">\u00cen final, \u00cel rog pe Dumnezeu Atotputernicul s\u0103-mi fac\u0103 lucrarea sincer\u0103 de dragul Lui, s\u0103 m\u0103 r\u0103spl\u0103teasc\u0103 pentru fiecare cuv\u00e2nt pe care l-am scris, s\u0103-l pun\u0103 \u00een balan\u021ba faptelor mele bune \u0219i s\u0103-i r\u0103spl\u0103teasc\u0103 pe fra\u021bii mei care m-au ajutat cu tot ce au avut pentru a finaliza aceast\u0103 carte.<\/h1>\n<h1 style=\"text-align: center;\">\u201eSlav\u0103 \u021aie, Doamne, \u0219i laud\u0103 \u021aie. M\u0103rturisesc c\u0103 nu exist\u0103 alt dumnezeu \u00een afar\u0103 de Tine. \u00ce\u021bi cer iertarea \u0219i m\u0103 poc\u0103iesc \u021aie. Ultima noastr\u0103 rug\u0103minte este: Toat\u0103 lauda se cuvine lui Dumnezeu, Domnul lumilor.\u201d<\/h1>\n<h1 style=\"text-align: center;\">S\u0103racul care are nevoie de iertarea \u0219i iertarea Domnului s\u0103u<\/h1>\n<h1 style=\"text-align: center;\">Tamer Badr<\/h1>\n<h1 style=\"text-align: center;\">Duminic\u0103, 3 Rajab, 1440 AH<\/h1>\n<h1 style=\"text-align: center;\">10 martie 2019<\/h1>\n\t\t\t<\/div>\n\t\t\t\t\t<div class=\"woocommerce-Tabs-panel woocommerce-Tabs-panel--reviews panel entry-content wc-tab\" id=\"tab-reviews\" role=\"tabpanel\" aria-labelledby=\"tab-title-reviews\">\n\t\t\t\t<div id=\"reviews\" class=\"woocommerce-Reviews\">\n\t<div id=\"comments\">\n\t\t<h2 class=\"woocommerce-Reviews-title\">\n\t\t\tRecenzii\t\t<\/h2>\n\n\t\t\t\t\t<p class=\"woocommerce-noreviews\" data-no-translation=\"\" data-trp-gettext=\"\">Nu exist\u0103 recenzii p\u00e2n\u0103 acum.<\/p>\n\t\t\t<\/div>\n\n\t\t\t<div id=\"review_form_wrapper\">\n\t\t\t<div id=\"review_form\">\n\t\t\t\t\t<div id=\"respond\" class=\"comment-respond\">\n\t\t<span id=\"reply-title\" class=\"comment-reply-title\" role=\"heading\" aria-level=\"3\">Fii primul care scrii o recenzie pentru &bdquo;\u0643\u062a\u0627\u0628 \u0635\u0641\u0629 \u0627\u0644\u0631\u0627\u0639\u064a \u0648\u0627\u0644\u0631\u0639\u064a\u0629&rdquo; <small><a rel=\"nofollow\" id=\"cancel-comment-reply-link\" href=\"\/ro\/wp-json\/wp\/v2\/pages\/20107#respond\" style=\"display:none;\">Anuleaz\u0103 r\u0103spunsul<\/a><\/small><\/span><p class=\"must-log-in\" data-no-translation=\"\" data-trp-gettext=\"\">Trebuie s\u0103 fii <a href=\"https:\/\/tamerbadr.com\/ro\/\">autentificat<\/a> pentru a publica o recenzie.<\/p>\t<\/div><!-- #respond -->\n\t\t\t\t<\/div>\n\t\t<\/div>\n\t\n\t<div class=\"clear\"><\/div>\n<\/div>\n\t\t\t<\/div>\n\t\t\n\t\t\t<\/div>\n\n<\/div>\n\n\t\t\t<\/div>\n\t\t\t<\/div>\t\t\t\t<\/div>\n\t\t\t\t<\/div>\n\t\t\t\t<\/div>\n\t\t\t\t\t<\/div>\n\t\t\t\t<\/div>\n\t\t\t\t<\/div>","protected":false},"excerpt":{"rendered":"","protected":false},"author":1,"featured_media":0,"parent":0,"menu_order":0,"comment_status":"closed","ping_status":"closed","template":"elementor_header_footer","meta":{"_seopress_robots_primary_cat":"","_seopress_titles_title":"","_seopress_titles_desc":"","_seopress_robots_index":"","inline_featured_image":false,"_uf_show_specific_survey":0,"_uf_disable_surveys":false,"footnotes":""},"class_list":["post-20107","page","type-page","status-publish"],"_links":{"self":[{"href":"https:\/\/tamerbadr.com\/ro\/wp-json\/wp\/v2\/pages\/20107","targetHints":{"allow":["GET"]}}],"collection":[{"href":"https:\/\/tamerbadr.com\/ro\/wp-json\/wp\/v2\/pages"}],"about":[{"href":"https:\/\/tamerbadr.com\/ro\/wp-json\/wp\/v2\/types\/page"}],"author":[{"embeddable":true,"href":"https:\/\/tamerbadr.com\/ro\/wp-json\/wp\/v2\/users\/1"}],"replies":[{"embeddable":true,"href":"https:\/\/tamerbadr.com\/ro\/wp-json\/wp\/v2\/comments?post=20107"}],"version-history":[{"count":0,"href":"https:\/\/tamerbadr.com\/ro\/wp-json\/wp\/v2\/pages\/20107\/revisions"}],"wp:attachment":[{"href":"https:\/\/tamerbadr.com\/ro\/wp-json\/wp\/v2\/media?parent=20107"}],"curies":[{"name":"wp","href":"https:\/\/api.w.org\/{rel}","templated":true}]}}