{"id":19585,"date":"2025-03-16T21:59:57","date_gmt":"2025-03-16T21:59:57","guid":{"rendered":"https:\/\/white-ant-267257.hostingersite.com\/?post_type=product&#038;p=19585"},"modified":"2025-07-13T07:17:53","modified_gmt":"2025-07-13T07:17:53","slug":"the-book-of-the-characteristics-of-the-shepherd-and-the-flock","status":"publish","type":"product","link":"https:\/\/tamerbadr.com\/pt\/produto\/the-book-of-the-characteristics-of-the-shepherd-and-the-flock","title":{"rendered":"O livro do pastor e da pastora"},"content":{"rendered":"<h1 style=\"text-align: center;\"><strong>Introdu\u00e7\u00e3o ao car\u00e1cter do pastor e da pastora<\/strong><\/h1>\n<h1 style=\"text-align: center;\">O Isl\u00e3o estabeleceu uma abordagem clara e abrangente da rela\u00e7\u00e3o entre o pastor e o rebanho, e os estudiosos discutiram em livros sobre pol\u00edtica isl\u00e2mica o que se relaciona com esta rela\u00e7\u00e3o e os deveres e direitos de ambas as partes, de uma forma que mostra que o Isl\u00e3o tem o seu pr\u00f3prio sistema como modo de vida; politicamente, no que diz respeito \u00e0 rela\u00e7\u00e3o entre o im\u00e3 e o seu rebanho de cidad\u00e3os, a hist\u00f3ria isl\u00e2mica n\u00e3o conheceu um sistema isl\u00e2mico espec\u00edfico de governo. O Isl\u00e3o, a lei divina final, n\u00e3o veio com um sistema espec\u00edfico para ser imposto aos mu\u00e7ulmanos em todos os tempos e lugares, mas sim com princ\u00edpios gerais que s\u00e3o adequados a todos os tempos e lugares, sem tratar de pormenores, m\u00e9todos e detalhes que, pela sua natureza, se desenvolvem e mudam de acordo com as circunst\u00e2ncias mut\u00e1veis do tempo e do lugar, de modo a que cada na\u00e7\u00e3o tenha em conta o que se adequa \u00e0 sua situa\u00e7\u00e3o e aos seus interesses.<\/h1>\n<h1 style=\"text-align: center;\">Assim, no que diz respeito \u00e0 teoria do Estado, o Isl\u00e3o n\u00e3o legislou um sistema pol\u00edtico que n\u00e3o aceita mudan\u00e7as ou altera\u00e7\u00f5es, nem entrou em pormenores com valores finais absolutos, mas apenas estabeleceu os princ\u00edpios gerais e as regras globais em que esta teoria se deve basear, pelo que a teoria isl\u00e2mica do Estado (no que diz respeito a partes e pormenores), tal como todas as outras teorias pol\u00edticas isl\u00e2micas, est\u00e1 sujeita a mudan\u00e7as, altera\u00e7\u00f5es e adi\u00e7\u00f5es, e as suas f\u00f3rmulas n\u00e3o s\u00e3o finais nem definitivas, nem est\u00e3o fixadas num molde r\u00edgido Tal como todas as outras teorias pol\u00edticas isl\u00e2micas, est\u00e1 sujeita a mudan\u00e7as, altera\u00e7\u00f5es e adi\u00e7\u00f5es, e as suas f\u00f3rmulas n\u00e3o s\u00e3o nem finais nem definitivas, nem est\u00e3o fixadas num molde r\u00edgido; o Isl\u00e3o permite o desenvolvimento e a modifica\u00e7\u00e3o das teorias pol\u00edticas, que os estudiosos mu\u00e7ulmanos se esfor\u00e7aram por formular de acordo com as exig\u00eancias da \u00e9poca e as circunst\u00e2ncias do tempo e do lugar.<\/h1>\n<h1 style=\"text-align: center;\">Aqueles que assumem uma clivagem entre o Isl\u00e3o e todas estas ideias modernas n\u00e3o compreendem a verdade do Isl\u00e3o, nem l\u00eaem a hist\u00f3ria do Profeta (que a paz esteja com ele) e dos seus honor\u00e1veis companheiros (que Al\u00e1 esteja satisfeito com eles) de uma forma correta ou justa. \u00c9 por isso que o Estado no Isl\u00e3o tem as suas pr\u00f3prias carater\u00edsticas distintivas e o sistema de governo no Isl\u00e3o tem os seus pr\u00f3prios fundamentos, tais como a servid\u00e3o a Deus, a justi\u00e7a, a shura e a sua obriga\u00e7\u00e3o, a igualdade, a obedi\u00eancia ao governante, a obriga\u00e7\u00e3o de aconselhar o governante, a responsabilidade do governante ou patrono e a sua sujei\u00e7\u00e3o ao controlo do poder judicial e da na\u00e7\u00e3o, a unidade pol\u00edtica da na\u00e7\u00e3o, a garantia de direitos e deveres e a liberdade; estes fundamentos s\u00e3o o n\u00facleo do sistema isl\u00e2mico e o mais expressivo da sua especificidade; tentei, tanto quanto poss\u00edvel, abordar isto no meu livro.<\/h1>\n<h1 style=\"text-align: center;\">Por fim: Espero que o meu trabalho seja apenas por amor de Deus, e que Ele me recompense por cada carta que escrevi e a coloque na balan\u00e7a das minhas boas ac\u00e7\u00f5es, e que recompense os meus irm\u00e3os que me ajudaram com tudo o que tinham para completar este livro.<\/h1>\n<h1 style=\"text-align: center;\">\"Glorificado sejas, testifico que n\u00e3o h\u00e1 outra divindade sen\u00e3o Tu, perdoo-te e arrependo-me perante Ti, e a nossa \u00faltima s\u00faplica \u00e9 que todo o louvor seja devido a Al\u00e1, Senhor do Universo.\"<\/h1>\n<h1 style=\"text-align: center;\">Pobre para o perd\u00e3o e o perd\u00e3o do seu Senhor<\/h1>\n<h1 style=\"text-align: center;\">Encomendar com precau\u00e7\u00e3o<\/h1>\n<h1 style=\"text-align: center;\">Domingo 3 de Rajab 1440 AH<\/h1>\n<h1 style=\"text-align: center;\">10 de mar\u00e7o de 2019<\/h1>","protected":false},"excerpt":{"rendered":"<p>\u0645\u0642\u062f\u0645\u0629 \u0643\u062a\u0627\u0628 \u0635\u0641\u0629 \u0627\u0644\u0631\u0627\u0639\u064a \u0648\u0627\u0644\u0631\u0639\u064a\u0629 \u0644\u0642\u062f \u0648\u0636\u0639 \u0627\u0644\u0625\u0633\u0644\u0627\u0645 \u0645\u0646\u0647\u062c\u064b\u0627 \u0628\u064a\u0651\u0650\u0646\u064b\u0627 \u0648\u0648\u0627\u0641\u064a\u064b\u0627 \u0641\u064a \u0627\u0644\u0639\u0644\u0627\u0642\u0629 \u0628\u064a\u0646 \u0627\u0644\u0631\u0627\u0639\u064a \u0648\u0627\u0644\u0631\u0639\u064a\u0629\u060c \u0648\u0628\u064e\u062d\u064e\u062b\u064e \u0623\u0647\u0644\u064f \u0627\u0644\u0639\u0644\u0645 \u0641\u064a \u0643\u062a\u0628 \u0627\u0644\u0633\u064a\u0627\u0633\u0629 \u0627\u0644\u0634\u0631\u0639\u064a\u0629 \u0645\u0627 \u064a\u062a\u0639\u0644\u0651\u064e\u0642 \u0628\u0647\u0630\u0647 \u0627\u0644\u0639\u0644\u0627\u0642\u0629\u060c \u0648\u0648\u0627\u062c\u0628\u0627\u062a \u0643\u0644 \u0645\u0646 \u0627\u0644\u0637\u0631\u0641\u064a\u0646 \u0648\u062d\u0642\u0648\u0642\u0647 \u0639\u0644\u0649 \u0648\u062c\u0647 \u064a\u064f\u0628\u064e\u064a\u0651\u0650\u0646 \u0623\u0646 \u0627\u0644\u0625\u0633\u0644\u0627\u0645 \u0644\u0647 \u0646\u0638\u0627\u0645\u0647 \u0627\u0644\u062e\u0627\u0635 \u0645\u0646\u0647\u062c\u064b\u0627 \u0644\u0644\u062d\u064a\u0627\u0629\u061b \u0648\u0645\u0646 \u0627\u0644\u0646\u0627\u062d\u064a\u0629 \u0627\u0644\u0633\u064a\u0627\u0633\u064a\u0629 \u0641\u064a\u0645\u0627 \u064a\u062a\u0639\u0644\u0642 \u0628\u0639\u0644\u0627\u0642\u0629 \u0627\u0644\u0625\u0645\u0627\u0645 \u0648\u0631\u0639\u064a\u062a\u0647 \u0645\u0646 \u0627\u0644\u0645\u0648\u0627\u0637\u0646\u064a\u0646 \u0641\u0644\u0645 \u064a\u0639\u0631\u0641 \u0627\u0644\u062a\u0627\u0631\u064a\u062e [&hellip;]<\/p>","protected":false},"featured_media":19692,"comment_status":"open","ping_status":"closed","template":"","meta":{"_seopress_robots_primary_cat":"","_seopress_titles_title":"","_seopress_titles_desc":"","_seopress_robots_index":"","inline_featured_image":false,"_uf_show_specific_survey":0,"_uf_disable_surveys":false},"product_brand":[],"product_cat":[187],"product_tag":[],"class_list":{"0":"post-19585","1":"product","2":"type-product","3":"status-publish","4":"has-post-thumbnail","6":"product_cat-187","8":"first","9":"instock","10":"downloadable","11":"shipping-taxable","12":"purchasable","13":"product-type-simple"},"_links":{"self":[{"href":"https:\/\/tamerbadr.com\/pt\/wp-json\/wp\/v2\/product\/19585","targetHints":{"allow":["GET"]}}],"collection":[{"href":"https:\/\/tamerbadr.com\/pt\/wp-json\/wp\/v2\/product"}],"about":[{"href":"https:\/\/tamerbadr.com\/pt\/wp-json\/wp\/v2\/types\/product"}],"replies":[{"embeddable":true,"href":"https:\/\/tamerbadr.com\/pt\/wp-json\/wp\/v2\/comments?post=19585"}],"wp:featuredmedia":[{"embeddable":true,"href":"https:\/\/tamerbadr.com\/pt\/wp-json\/wp\/v2\/media\/19692"}],"wp:attachment":[{"href":"https:\/\/tamerbadr.com\/pt\/wp-json\/wp\/v2\/media?parent=19585"}],"wp:term":[{"taxonomy":"product_brand","embeddable":true,"href":"https:\/\/tamerbadr.com\/pt\/wp-json\/wp\/v2\/product_brand?post=19585"},{"taxonomy":"product_cat","embeddable":true,"href":"https:\/\/tamerbadr.com\/pt\/wp-json\/wp\/v2\/product_cat?post=19585"},{"taxonomy":"product_tag","embeddable":true,"href":"https:\/\/tamerbadr.com\/pt\/wp-json\/wp\/v2\/product_tag?post=19585"}],"curies":[{"name":"wp","href":"https:\/\/api.w.org\/{rel}","templated":true}]}}