{"id":19584,"date":"2025-03-16T21:58:48","date_gmt":"2025-03-16T21:58:48","guid":{"rendered":"https:\/\/white-ant-267257.hostingersite.com\/?post_type=product&#038;p=19584"},"modified":"2025-07-13T07:18:47","modified_gmt":"2025-07-13T07:18:47","slug":"riyad-as-sunnah-book-from-the-authentic-six-books","status":"publish","type":"product","link":"https:\/\/tamerbadr.com\/pt\/produto\/riyad-as-sunnah-book-from-the-authentic-six-books","title":{"rendered":"Riyadh al-Sunnah do Sahih dos Seis Livros"},"content":{"rendered":"<h1 style=\"text-align: center;\"><strong>Introdu\u00e7\u00e3o ao Riyadh al-Sunnah a partir do Sahih dos Seis Livros<\/strong><\/h1>\n<h1 style=\"text-align: center;\">A biografia do Profeta \u00e9 a melhor biografia de sempre, as suas palavras s\u00e3o as melhores palavras, a sua orienta\u00e7\u00e3o \u00e9 a melhor orienta\u00e7\u00e3o e o seu discurso \u00e9 o discurso mais verdadeiro. Por isso, Al\u00e1 ordenou \u00e0 sua Ummah que seguisse a sua lei e proibiu-os de a desobedecerem, dizendo: {Os fi\u00e9is, obedecei a Al\u00e1 e obedecei ao Mensageiro e n\u00e3o invalideis as vossas ac\u00e7\u00f5es (33)} [Surah Muhammad].<\/h1>\n<h1 style=\"text-align: center;\">E o Exaltado disse: \"\u00d3 fi\u00e9is, obedecei a Deus, obedecei ao Mensageiro e aos vossos superiores, e se contestardes alguma coisa, recorrei a Deus e ao Mensageiro. [Surata al-Nisa].<\/h1>\n<h1 style=\"text-align: center;\">E o Exaltado disse: {Quem obedecer a Deus e ao Mensageiro, contar-se-\u00e1 entre aqueles a quem Deus agraciou com as Suas b\u00ean\u00e7\u00e3os, entre os profetas, os amigos, os m\u00e1rtires, os justos e os melhores companheiros(69)}. [Surata al-Nisa].<\/h1>\n<h1 style=\"text-align: center;\">O Profeta (que a paz e as b\u00ean\u00e7\u00e3os de Al\u00e1 estejam sobre ele) disse: \"Um homem estar\u00e1 reclinado no seu sof\u00e1 a falar sobre um dos meus hadiths, e dir\u00e1: 'Entre n\u00f3s e v\u00f3s est\u00e1 o Livro de Allah, o Todo-Poderoso, e o Profeta Sagrado: Entre n\u00f3s e v\u00f3s est\u00e1 o Livro de Deus, o Todo-Poderoso, e o que nele encontramos de l\u00edcito, tornamo-lo l\u00edcito, e o que nele encontramos de il\u00edcito, proibimo-lo. E ele dir\u00e1: Entre n\u00f3s e v\u00f3s est\u00e1 o Livro de Deus, Todo-Poderoso e Glorioso, e o que nele encontramos de l\u00edcito, tornamos l\u00edcito, e o que nele encontramos de il\u00edcito, proibimos.<\/h1>\n<h1 style=\"text-align: center;\">[Sahih].           Narrado por (H).          [Sahih al-Jami'ah: 8186].<\/h1>\n<h1 style=\"text-align: center;\">O Alcor\u00e3o ordenava a ora\u00e7\u00e3o, o zakat, o jejum e a peregrina\u00e7\u00e3o sem pormenores e sem esclarecimentos, pelo que o Hadith do Profeta os explicava com pormenores e esclarecimentos.<\/h1>\n<h1 style=\"text-align: center;\">Os hadiths do Profeta s\u00e3o manchados por muitos hadiths fracos e n\u00e3o comprovados, mas h\u00e1 uma grande, suficiente e consistente quantidade de hadiths aut\u00eanticos e bons do Mensageiro de Allah (que a paz e as b\u00ean\u00e7\u00e3os de Allah estejam sobre ele) e dos Companheiros (que Allah esteja satisfeito com eles), os hadiths bons s\u00e3o mais baixos em classifica\u00e7\u00e3o do que os hadiths aut\u00eanticos, mas eles s\u00e3o invocados e usados.<\/h1>\n<h1 style=\"text-align: center;\">Por isso, reuni neste livro os hadiths aut\u00eanticos e bons das declara\u00e7\u00f5es mais aut\u00eanticas e famosas dos estudiosos de hadith, com a ajuda das seguintes fontes: (Sahih al-Imam al-Bukhari, Sahih al-Imam Muslim, Sunnah Abu Dawud, Sunnah al-Tirmidhi, Sunnah al-Nisa'i, Sunnah Ibn Majah).<\/h1>\n<h1 style=\"text-align: center;\">Selecionei dos seis livros os hadiths corretos e bons com base no que foi corrigido pelo grande erudito Sheikh Muhammad Nasser al-Din al-Albani, que Al\u00e1 tenha piedade dele, um dos mais proeminentes eruditos mu\u00e7ulmanos da era moderna, Sheikh al-Albani \u00e9 considerado um dos proeminentes eruditos de hadith que \u00e9 \u00fanico na ci\u00eancia da corre\u00e7\u00e3o e enfraquecimento.<\/h1>\n<h1 style=\"text-align: center;\">Enquanto recolhia os hadiths neste livro, lembrei-me do hadith do Profeta (que a paz e as b\u00ean\u00e7\u00e3os de Al\u00e1 estejam sobre ele): \"Relate sobre mim, mesmo um vers\u00edculo, e conte sobre os filhos de Israel sem constrangimento, e quem deliberadamente mentir sobre mim, que se sente no fogo.\"<\/h1>\n<h1 style=\"text-align: center;\">[Sahih].           Narrado por (kh,t).              [Sahih al-Jami'ah: 2837].<\/h1>\n<h1 style=\"text-align: center;\">Por isso, neste livro, selecionei os hadiths aut\u00eanticos e bons com base no seguinte:<\/h1>\n<h1 style=\"text-align: center;\">a- Se o dado do hadith e o corpo do hadith s\u00e3o semelhantes em duas ou mais narra\u00e7\u00f5es, como por exemplo<\/h1>\n<h1 style=\"text-align: center;\">Abu Sa'id al-Khudra (que Allah esteja satisfeito com ele) disse: O Mensageiro de Allah (que a paz e as b\u00ean\u00e7\u00e3os de Allah estejam sobre ele) disse: \"Um dos vossos melhores perfumes \u00e9 o alm\u00edscar.\"<\/h1>\n<h1 style=\"text-align: center;\">[Sahih].           Narrado por (N).           [Sahih al-Jami'ah: 5914].<\/h1>\n<h1 style=\"text-align: center;\">Segundo a autoridade de Abu Sa'id al-Khudri (que Al\u00e1 esteja satisfeito com ele), o Mensageiro de Al\u00e1 (que a paz e as b\u00ean\u00e7\u00e3os de Al\u00e1 estejam sobre ele) disse: \"A alm\u00edscar \u00e9 a mais doce de todas as coisas boas.\"<\/h1>\n<h1 style=\"text-align: center;\">[Sahih].           Narrado por (T, M, N).            [Sahih al-Jami'ah:1032].<\/h1>\n<h1 style=\"text-align: center;\">Escolhi o segundo hadith devido \u00e0s suas m\u00faltiplas narra\u00e7\u00f5es.<\/h1>\n<h1 style=\"text-align: center;\">B- Se dois ou mais hadiths honor\u00edficos s\u00e3o semelhantes, como por exemplo<\/h1>\n<h1 style=\"text-align: center;\">Foi narrado por Abu Huraira (que Al\u00e1 esteja satisfeito com ele) que o Mensageiro de Al\u00e1 (que a paz e as b\u00ean\u00e7\u00e3os de Al\u00e1 estejam sobre ele) disse: \"Quando o im\u00e3 diz: Allah ouve aqueles que O louvam. Ent\u00e3o, dizei: \u00d3 Deus, nosso Senhor, a ti cabe o louvor. Pois quem concordar com as palavras dos anjos, ser\u00e1 perdoado por seus pecados passados.\"<\/h1>\n<h1 style=\"text-align: center;\">[Sahih].           Narrado por (Kh, M, D, N).      [Sahih al-Jami'ah:705].<\/h1>\n<h1 style=\"text-align: center;\">Foi narrado por Abu Sa'id al-Khudra (que Al\u00e1 esteja satisfeito com ele) que ouviu o Mensageiro de Al\u00e1 (que a paz esteja com ele) dizer: \"Quando o im\u00e3 diz: Allah ouve aqueles que O louvam. Ent\u00e3o, dizei: \u00d3 Allah, nosso Senhor, a quem pertencem todos os louvores.\"<\/h1>\n<h1 style=\"text-align: center;\">[Sahih].           Narrado por (H).          [Sahih al-Jami'ah:706].<\/h1>\n<h1 style=\"text-align: center;\">Eu costumava escolher os hadiths que eram abrangentes e claros no seu significado, como no primeiro hadith.<\/h1>\n<h1 style=\"text-align: center;\">C- Os hadiths mencionados no Sahih al-Jame'eh al-Saghir e na s\u00e9rie Sahih al-Salih de Al-Albani [do Musnad do Im\u00e3 Ahmad bin Hanbal, al-Tabarani, al-Hakim ou al-Bayhaqi] foram substitu\u00eddos neste livro por hadiths com palavras semelhantes dos seis livros dos seis Im\u00e3s (Imams).<\/h1>\n<h1 style=\"text-align: center;\">Por exemplo, o hadith narrado por Buraydah al-Aslamiyyah (que Allah esteja satisfeito com ele) do Profeta (que a paz esteja com ele), \"Quem espera por uma pessoa insolvente, por cada dia que espera por ele, tem cada dia que espera por ele como uma caridade antes que a d\u00edvida seja devida.\" [Sahih]. Narrado por (Ahmad ibn Hanbal, Ibn Majah). \u00c9 mencionado em Sahih al-Jami'ah No. [6108], por isso eu costumava colocar neste livro a vers\u00e3o do hadith encontrada na Sunnah de Ibn Majah, como neste hadith.<\/h1>\n<h1 style=\"text-align: center;\">Segundo a autoridade de Buraydat al-Aslami (que Al\u00e1 esteja satisfeito com ele), o Profeta (que a paz esteja com ele) disse: \"Quem espera por uma pessoa insolvente, cada dia \u00e9 uma caridade para ele, e quem espera por ele ap\u00f3s a sua solu\u00e7\u00e3o, cada dia \u00e9 uma caridade para ele.\"    [Sahih].    Narrado por Ibn Majah.<\/h1>\n<h1 style=\"text-align: center;\">Os hadiths incompletos contidos em Sahih Al-Jame'ie Al-Saghir e Al-Salih Al-Salih de Al-Albani, eu costumava complet\u00e1-los a partir dos livros dos seis im\u00e3s.<\/h1>\n<h1 style=\"text-align: center;\">Por exemplo, o hadith: \"Jejuar tr\u00eas dias de cada m\u00eas e Ramad\u00e3o a Ramad\u00e3o \u00e9 o jejum e a quebra do m\u00eas.\"<\/h1>\n<h1 style=\"text-align: center;\">[Sahih].    Narrado por Abu Qatadah (Hamm,M) de Abu Qatadah.      [Sahih al-Jami'ah: 3802].<\/h1>\n<h1 style=\"text-align: center;\">Este hadith \u00e9 do Musnad do Imam Ahmad ibn Hanbal e est\u00e1 incompleto, por isso complementei-o com a f\u00f3rmula encontrada em Sahih Muslim e coloquei-o no livro da seguinte forma.<\/h1>\n<h1 style=\"text-align: center;\">\u00c9 narrado por Abu Qatadad al-Ansari (que Allah esteja satisfeito com ele) que o Mensageiro de Allah (que a paz e as b\u00ean\u00e7\u00e3os de Allah estejam sobre ele) foi questionado sobre seu jejum. Ele disse: O Mensageiro de Allah, que Allah o aben\u00e7oe e lhe conceda paz, ficou zangado. Umar (que Deus esteja satisfeito com ele) disse: Aceit\u00e1mos Al\u00e1 como Senhor, o Isl\u00e3o como nossa religi\u00e3o, Maom\u00e9 como nosso mensageiro e o nosso juramento de fidelidade como juramento de fidelidade. Ele disse: Perguntaram-lhe sobre o jejum do dia. Ele disse: \"Ele n\u00e3o jejua nem quebra o jejum.\" Ou: \"Ele n\u00e3o jejua nem quebra o seu jejum.\" Ele disse: Perguntaram-lhe sobre o jejum de dois dias e o jejum de um dia. Ele disse: \"Quem \u00e9 capaz de fazer isso?\" Ele disse: Perguntaram-lhe sobre o jejum de um dia e o jejum de dois dias. Ele disse: \"Quem dera que Allah nos tivesse fortalecido para isso.\" Ele disse: Perguntaram-lhe sobre o jejum de um dia e o jejum de dois dias. Ele disse: \"Esse \u00e9 o jejum do meu irm\u00e3o David, que a paz esteja com ele.\" Ele disse: Foi-lhe perguntado sobre o jejum na segunda-feira. Ele disse: \"Esse \u00e9 o dia em que nasci e o dia em que fui enviado ou revelado a mim.\" Ele disse: \"Jejuar tr\u00eas dias em cada m\u00eas, e Ramad\u00e3o a Ramad\u00e3o \u00e9 o jejum de uma vida.\" Ele disse: \"Jejuar tr\u00eas dias em cada m\u00eas e Ramad\u00e3o a Ramad\u00e3o \u00e9 o jejum de uma vida. Ele disse: \"Perguntaram-lhe sobre o jejum no dia de 'Arafat. Ele disse: \"Ele expia os anos passados e futuros.\" Ele disse: Perguntaram-lhe sobre o jejum no dia de Ashura. Ele disse: \"Expia o ano passado.\"<\/h1>\n<h1 style=\"text-align: center;\">[Sahih].           Narrado por (M).            [Sahih al-Jami'ah: 3802].<\/h1>\n<h1 style=\"text-align: center;\">E - A f\u00f3rmula de qualquer hadith no livro \u00e9 retirada do primeiro nome do narrador do hadith, por exemplo, se estiver escrito Narrado por (M, M, D, T, N, E). A f\u00f3rmula do hadith \u00e9 semelhante nos seis livros e est\u00e1 dispon\u00edvel nos livros do Sheikh Al-Albani, mas a f\u00f3rmula do hadith neste livro \u00e9 retirada do Sahih Muslim, pelo que \u00e9 escrita com a primeira abreviatura.<\/h1>\n<h1 style=\"text-align: center;\">N\u00e3o mencionei a atribui\u00e7\u00e3o nos hadiths, exceto o nome do companheiro que \u00e9 o mais alto narrador do hadith, para facilitar ao leitor o exame do livro sem o prolongar, uma vez que muitos leitores querem ler apenas o corpo do hadith.<\/h1>\n<h1 style=\"text-align: center;\">Neste livro, n\u00e3o tratei dos hadiths da biografia do Profeta e da biografia dos Companheiros (que Al\u00e1 esteja satisfeito com eles).<\/h1>\n<h1 style=\"text-align: center;\">H- Os significados de algumas palavras dif\u00edceis encontradas nos hadiths foram colocados no final de cada p\u00e1gina, a fim de tornar mais f\u00e1cil para o leitor entender os hadiths, tanto quanto poss\u00edvel.<\/h1>\n<h1 style=\"text-align: center;\">I- Todos os hadiths deste livro foram destacados para que possam ser lidos corretamente.<\/h1>\n<h1 style=\"text-align: center;\">Este livro foi iniciado no in\u00edcio de 2009 e conclu\u00eddo em 2019. Estas s\u00e3o as nossas tentativas de servir a nossa grande religi\u00e3o e apoiar o nosso Profeta (que a paz e as b\u00ean\u00e7\u00e3os estejam com ele) atrav\u00e9s do que ele disse e fez para o benef\u00edcio dos nossos irm\u00e3os, de acordo com as palavras do Todo-Poderoso: {Tendes no Mensageiro de Al\u00e1 um bom exemplo para aqueles que esperam em Al\u00e1 e no \u00daltimo Dia e se lembram muito de Al\u00e1} [Al-Ahzab 22] [Al-Ahzab 22]. Pedimos a Deus Todo-Poderoso que tire proveito disso e que fa\u00e7a com que o nosso trabalho seja apenas para o Seu rosto honrado {\u00d3 Senhor, n\u00e3o nos castigues se nos esquecermos ou cometermos um erro}.<\/h1>\n<h1 style=\"text-align: center;\">Cairo, 18 Sha'ban 1440 AH<\/h1>\n<h1 style=\"text-align: center;\">Correspondente a 24 de abril de 2019<\/h1>\n<h1 style=\"text-align: center;\">\u00a0\u00a0\u00a0\u00a0\u00a0\u00a0 Tamer Badr<\/h1>","protected":false},"excerpt":{"rendered":"<p>\u0645\u0642\u062f\u0645\u0629 \u0643\u062a\u0627\u0628 \u0631\u064a\u0627\u0636 \u0627\u0644\u0633\u0646\u0629 \u0645\u0646 \u0635\u062d\u064a\u062d \u0627\u0644\u0643\u062a\u0628 \u0627\u0644\u0633\u062a\u0629 \u0625\u0646 \u0633\u064a\u0631\u0629 \u0627\u0644\u0646\u0628\u064a \ufdfa \u0647\u064a \u062e\u064a\u0631 \u0627\u0644\u0633\u064a\u0631 \u0639\u0644\u0649 \u0627\u0644\u0625\u0637\u0644\u0627\u0642\u060c \u0648\u0643\u0644\u0627\u0645\u0647 \ufdfa \u0647\u0648 \u0623\u062d\u0633\u0646 \u0627\u0644\u0643\u0644\u0627\u0645\u060c \u0648\u0647\u062f\u064a\u0647 \u0647\u0648 \u062e\u064a\u0631 \u0627\u0644\u0647\u062f\u064a\u060c \u0648\u062d\u062f\u064a\u062b\u0647 \u0623\u0635\u062f\u0642 \u0627\u0644\u062d\u062f\u064a\u062b \u0635\u0644\u0648\u0627\u062a \u0627\u0644\u0644\u0647 \u0648\u0633\u0644\u0627\u0645\u0647 \u0639\u0644\u064a\u0647\u060c \u0648\u0645\u0646 \u062b\u064e\u0645\u0651\u064e \u0623\u0645\u0631 \u0627\u0644\u0644\u0647 \u0633\u0628\u062d\u0627\u0646\u0647 \u0648\u062a\u0639\u0627\u0644\u0649 \u0623\u0645\u062a\u0647 \u0628\u0627\u062a\u0628\u0627\u0639 \u0634\u0631\u0639\u0647\u060c \u0648\u0646\u0647\u0627\u0647\u0645 \u0639\u064e\u0646\u0652 \u0645\u062e\u0627\u0644\u0641\u062a\u0647\u060c \u0641\u0642\u064e\u0627\u0644\u064e \u062a\u064e\u0639\u064e\u0627\u0644\u064e\u0649: {\u064a\u064e\u0627 \u0623\u064e\u064a\u0651\u064f\u0647\u064e\u0627 \u0627\u0644\u0651\u064e\u0630\u0650\u064a\u0646\u064e \u0622\u0645\u064e\u0646\u064f\u0648\u0627 \u0623\u064e\u0637\u0650\u064a\u0639\u064f\u0648\u0627 \u0627\u0644\u0644\u0651\u064e\u0647\u064e \u0648\u064e\u0623\u064e\u0637\u0650\u064a\u0639\u064f\u0648\u0627 \u0627\u0644\u0631\u0651\u064e\u0633\u064f\u0648\u0644\u064e [&hellip;]<\/p>","protected":false},"featured_media":19691,"comment_status":"open","ping_status":"closed","template":"","meta":{"_seopress_robots_primary_cat":"","_seopress_titles_title":"","_seopress_titles_desc":"","_seopress_robots_index":"","inline_featured_image":false,"_uf_show_specific_survey":0,"_uf_disable_surveys":false},"product_brand":[],"product_cat":[188],"product_tag":[],"class_list":{"0":"post-19584","1":"product","2":"type-product","3":"status-publish","4":"has-post-thumbnail","6":"product_cat-188","8":"first","9":"instock","10":"downloadable","11":"shipping-taxable","12":"purchasable","13":"product-type-simple"},"_links":{"self":[{"href":"https:\/\/tamerbadr.com\/pt\/wp-json\/wp\/v2\/product\/19584","targetHints":{"allow":["GET"]}}],"collection":[{"href":"https:\/\/tamerbadr.com\/pt\/wp-json\/wp\/v2\/product"}],"about":[{"href":"https:\/\/tamerbadr.com\/pt\/wp-json\/wp\/v2\/types\/product"}],"replies":[{"embeddable":true,"href":"https:\/\/tamerbadr.com\/pt\/wp-json\/wp\/v2\/comments?post=19584"}],"wp:featuredmedia":[{"embeddable":true,"href":"https:\/\/tamerbadr.com\/pt\/wp-json\/wp\/v2\/media\/19691"}],"wp:attachment":[{"href":"https:\/\/tamerbadr.com\/pt\/wp-json\/wp\/v2\/media?parent=19584"}],"wp:term":[{"taxonomy":"product_brand","embeddable":true,"href":"https:\/\/tamerbadr.com\/pt\/wp-json\/wp\/v2\/product_brand?post=19584"},{"taxonomy":"product_cat","embeddable":true,"href":"https:\/\/tamerbadr.com\/pt\/wp-json\/wp\/v2\/product_cat?post=19584"},{"taxonomy":"product_tag","embeddable":true,"href":"https:\/\/tamerbadr.com\/pt\/wp-json\/wp\/v2\/product_tag?post=19584"}],"curies":[{"name":"wp","href":"https:\/\/api.w.org\/{rel}","templated":true}]}}