{"id":19583,"date":"2025-03-16T21:57:43","date_gmt":"2025-03-16T21:57:43","guid":{"rendered":"https:\/\/white-ant-267257.hostingersite.com\/?post_type=product&#038;p=19583"},"modified":"2025-07-13T07:20:37","modified_gmt":"2025-07-13T07:20:37","slug":"the-book-of-islam-and-war","status":"publish","type":"product","link":"https:\/\/tamerbadr.com\/pt\/produto\/the-book-of-islam-and-war","title":{"rendered":"O Isl\u00e3o e a guerra"},"content":{"rendered":"<h1 style=\"text-align: center;\"><strong>Introdu\u00e7\u00e3o ao Isl\u00e3o e \u00e0 Guerra<\/strong><\/h1>\n<h1 style=\"text-align: center;\">Na v\u00e9spera do alvorecer do Isl\u00e3o, na v\u00e9spera do alvorecer do Isl\u00e3o, as guerras estavam em pleno andamento na sociedade Jahiliyah, e a guerra era uma das fontes fixas de rendimento para os \u00e1rabes.<\/h1>\n<h1 style=\"text-align: center;\">A guerra de Bassous, que durou d\u00e9cadas, foi travada por causa de um camelo que partiu um ovo, e a guerra de Dahs e Ghubra, que consumiu os verdes e brancos, foi causada por uma corrida entre dois cavalos.<\/h1>\n<h1 style=\"text-align: center;\">O Isl\u00e3o n\u00e3o veio para contradizer as leis universais, a injusti\u00e7a existe, a justi\u00e7a existe, a falsidade existe e a verdade existe, e n\u00e3o \u00e9 poss\u00edvel que dois opostos existam e n\u00e3o entrem em conflito, como Al\u00e1 Todo-Poderoso disse: \"Se n\u00e3o fosse Al\u00e1 a empurrar as pessoas umas contra as outras, haveria mesquitas destru\u00eddas, sal\u00f5es de ora\u00e7\u00e3o, ora\u00e7\u00f5es e mesquitas em que o nome de Al\u00e1 \u00e9 frequentemente mencionado\" [Al-Hajj: 40].<\/h1>\n<h1 style=\"text-align: center;\">A guerra, na linguagem e na terminologia, significa um afastamento da origem, que \u00e9 a paz, a tranquilidade, a estabilidade, a seguran\u00e7a e a prote\u00e7\u00e3o da alma, do eu, do esp\u00edrito, do corpo, do dinheiro, da crian\u00e7a e de tudo o que existe na vida para desempenhar a sua fun\u00e7\u00e3o para a qual foi criado para si pr\u00f3prio ou para o benef\u00edcio de outra criatura de Deus, pelo que a guerra inclui o ataque \u00e0 alma infal\u00edvel sem direito, seja por matar ou por qualquer outro meio, que afecta negativamente a infalibilidade do atacado e aterroriza a sua seguran\u00e7a f\u00edsica e a sua habita\u00e7\u00e3o psicol\u00f3gica, qualquer que seja o grau deste ataque, se for agress\u00e3o e injusti\u00e7a. Inclui-se aqui o ataque il\u00edcito \u00e0 alma infal\u00edvel, seja matando ou de outra forma, que afecta negativamente a infalibilidade da v\u00edtima e aterroriza a sua seguran\u00e7a f\u00edsica e a sua habita\u00e7\u00e3o psicol\u00f3gica, qualquer que seja o grau desta agress\u00e3o, se for agress\u00e3o e injusti\u00e7a, e se for origin\u00e1ria de um terceiro, pode ser percebida com o eu e o eu sobre o eu pela pessoa que comete actos e pecados que a levam ao c\u00edrculo da corrup\u00e7\u00e3o e da destrui\u00e7\u00e3o, seja total ou parcial e seja positiva ou negativa.<\/h1>\n<h1 style=\"text-align: center;\">\u00c9 importante explicar aqui a vis\u00e3o do Isl\u00e3o sobre a guerra e resumir este conceito em alguns pontos-chave<\/h1>\n<h1 style=\"text-align: center;\">Primeiro: A paz \u00e9 o fim e o objetivo, e a guerra \u00e9 um dos meios para alcan\u00e7ar a paz, como diz o Alcor\u00e3o Sagrado:<\/h1>\n<h1 style=\"text-align: center;\">- \"\u00d3 v\u00f3s que credes, entrai na paz como um todo\" [Al-Baqarah: 208].<\/h1>\n<h1 style=\"text-align: center;\">- E se vos inclinais para a paz, inclinai-vos para ela e confiai em Deus, porque Ele \u00e9 o Oniouvinte e o Sapient\u00edssimo [Al-Anfal: 61].<\/h1>\n<h1 style=\"text-align: center;\">- Combatei, pela causa de Deus, aqueles que vos combatem, e n\u00e3o cometais agress\u00f5es, porque Deus n\u00e3o aprecia os agressores.<\/h1>\n<h1 style=\"text-align: center;\">[Al-Baqarah: 190].<\/h1>\n<h1 style=\"text-align: center;\">- \"Se te desobedecerem e n\u00e3o te combaterem e n\u00e3o derrubarem a paz, Deus n\u00e3o te abriu caminho.<\/h1>\n<h1 style=\"text-align: center;\">[Mulheres: 90].<\/h1>\n<h1 style=\"text-align: center;\">Em segundo lugar: A guerra no Isl\u00e3o \u00e9 de dois tipos:<\/h1>\n<h1 style=\"text-align: center;\">1- Defesa: Proteger a terra dos mu\u00e7ulmanos e a sua f\u00e9, como diz o Alcor\u00e3o:<\/h1>\n<h1 style=\"text-align: center;\">- \"Se algu\u00e9m transgredir contra v\u00f3s, retaliai-o da mesma forma que ele transgrediu contra v\u00f3s\" [Al-Baqarah: 194].<\/h1>\n<h1 style=\"text-align: center;\">2- Ofensiva: O objetivo n\u00e3o \u00e9 invadir, colonizar, conquistar ou for\u00e7ar as na\u00e7\u00f5es a abra\u00e7ar a religi\u00e3o, mas libertar a sua vontade e liberdade para escolher a religi\u00e3o certa. O objetivo n\u00e3o \u00e9 conquistar, colonizar, subjugar povos ou for\u00e7ar na\u00e7\u00f5es a abra\u00e7ar a religi\u00e3o, mas libertar a sua vontade e liberdade para que possam escolher a verdadeira religi\u00e3o:<\/h1>\n<h1 style=\"text-align: center;\">- \"N\u00e3o h\u00e1 compuls\u00e3o na religi\u00e3o, porque se tornou claro o que \u00e9 certo e o que \u00e9 errado\" [Al-Baqarah: 256].<\/h1>\n<h1 style=\"text-align: center;\">- \"E se n\u00e3o fosse Deus a empurrar os homens uns contra os outros, a terra seria corrompida\" [Al-Baqarah: 251].<\/h1>\n<h1 style=\"text-align: center;\">Terceiro: a severidade no combate n\u00e3o significa crueldade, brutalidade ou injusti\u00e7a.<\/h1>\n<h1 style=\"text-align: center;\">1- Aos mu\u00e7ulmanos foi ordenado que fossem severos no combate, no sentido de determina\u00e7\u00e3o, firmeza e n\u00e3o recuo, dizendo<\/h1>\n<h1 style=\"text-align: center;\">- \"\u00d3 fi\u00e9is, quando encontrardes de antem\u00e3o os incr\u00e9dulos, n\u00e3o os rejeiteis\" [Al-Anfal: 15].<\/h1>\n<h1 style=\"text-align: center;\">- \"Quando encontrardes os incr\u00e9dulos, batei-lhes no pesco\u00e7o, at\u00e9 os cansardes, e depois apertai-lhes as amarras.<\/h1>\n<h1 style=\"text-align: center;\">[Muhammad: 47].<\/h1>\n<h1 style=\"text-align: center;\">- \"\u00d3 Profeta, combate os infi\u00e9is e os hip\u00f3critas e s\u00ea duro com eles\" [Al-Tawbah:73].<\/h1>\n<h1 style=\"text-align: center;\">2- Ao mesmo tempo, foi-lhes ordenado que mostrassem miseric\u00f3rdia, justi\u00e7a e compaix\u00e3o ap\u00f3s a vit\u00f3ria:<\/h1>\n<h1 style=\"text-align: center;\">- Alimentam os pobres, os \u00f3rf\u00e3os e os cativos [Human: 8].<\/h1>\n<h1 style=\"text-align: center;\">- \"Ou o man\u00e1 depois ou o resgate at\u00e9 que a guerra deponha o seu fardo\" [Muhammad: 47].<\/h1>\n<h1 style=\"text-align: center;\">Este era o aspeto doutrinal e fal\u00e1mos dele muito brevemente, restando o outro aspeto, que \u00e9 o aspeto pr\u00e1tico do militarismo isl\u00e2mico.<\/h1>\n<h1 style=\"text-align: center;\">Quando foi revelada a ordem de Deus aos mu\u00e7ulmanos para fazerem a jihad, Ele n\u00e3o os confiou apenas \u00e0 sua f\u00e9. N\u00e3o os confiou apenas \u00e0 sua f\u00e9, nem ficou satisfeito com o seu moral elevado, mas disse-lhes: \"Preparai-lhes tudo o que puderdes, com a vossa for\u00e7a e as esporas dos vossos cavalos, com que aterrorizareis o inimigo de Al\u00e1 e o vosso inimigo.\" [Al-Anfal: 60] A ordem para preparar n\u00e3o se limita apenas \u00e0s armas. Pelo contr\u00e1rio, inclui a organiza\u00e7\u00e3o cont\u00ednua e abrangente da guerra, material e moralmente, desde o ensino da disciplina, da disciplina e da ordem, ao treino cont\u00ednuo de todas as armas, ao estudo dos planos de guerra, ao conhecimento da geografia das regi\u00f5es e dos locais. Desde o primeiro momento em que foi dada a ordem para fazer a jihad, o Profeta (a paz esteja com ele) come\u00e7ou a ensinar os seus seguidores e a prepar\u00e1-los para a grande partida para espalhar a religi\u00e3o nos cantos mais long\u00ednquos da terra, mas os seus ensinamentos serviram de escola para a forma\u00e7\u00e3o de grandes l\u00edderes ao longo dos tempos e das gera\u00e7\u00f5es.<\/h1>\n<h1 style=\"text-align: center;\">Neste livro, analisaremos a teoria da guerra no Isl\u00e3o em todos os seus aspectos. Espero que o que escrevi seja um modelo daquilo a que aspiro e daquilo a que os acad\u00e9micos aspiram ao estudar os acontecimentos da nossa hist\u00f3ria militar.<\/h1>\n<h1 style=\"text-align: center;\">N\u00e3o sou indispens\u00e1vel para qualquer observa\u00e7\u00e3o que preencha uma lacuna que \u00e9 da natureza do trabalho humano, e agrade\u00e7o antecipadamente a todos aqueles que contribu\u00edram com uma observa\u00e7\u00e3o \u00fatil ou que n\u00e3o me pouparam uma ora\u00e7\u00e3o sincera no fundo do invis\u00edvel, que Al\u00e1 reforme as condi\u00e7\u00f5es dos mu\u00e7ulmanos e os proteja dos males e das contendas, e que Al\u00e1 reze ao nosso mestre Muhammad, que Al\u00e1 o aben\u00e7oe e lhe conceda a paz.<\/h1>\n<h1 style=\"text-align: center;\">Finalmente: Espero que o meu trabalho seja apenas por amor de Al\u00e1 e que Ele me recompense por cada carta que escrevi e a coloque na balan\u00e7a das minhas boas ac\u00e7\u00f5es e recompense os meus irm\u00e3os que me ajudaram com tudo o que tinham para completar este livro.<\/h1>\n<h1 style=\"text-align: center;\">\"Gl\u00f3ria a ti, \u00f3 Deus, e louvor a ti, eu testifico que n\u00e3o h\u00e1 outro deus sen\u00e3o tu, eu te perdoo e me arrependo a ti, e a nossa \u00faltima s\u00faplica \u00e9 que o louvor seja dado a Deus, Senhor do Universo.\"<\/h1>\n<h1 style=\"text-align: center;\">Pobre para o perd\u00e3o e o perd\u00e3o do seu Senhor<\/h1>\n<h1 style=\"text-align: center;\">Tamer Badr<\/h1>\n<h1 style=\"text-align: center;\">8 Ramad\u00e3o 1440 AH<\/h1>\n<h1 style=\"text-align: center;\">13 de maio de 2019<\/h1>","protected":false},"excerpt":{"rendered":"<p>\u0645\u0642\u062f\u0645\u0629 \u0643\u062a\u0627\u0628 \u0627\u0644\u0627\u0633\u0644\u0627\u0645 \u0648\u0627\u0644\u062d\u0631\u0628 \u0625\u0646 \u0627\u0644\u062d\u0631\u0628 \u0633\u0646\u0629 \u0643\u0648\u0646\u064a\u0629 \u0648\u0642\u062f\u0631 \u0625\u0644\u0647\u064a \u0644\u0627 \u064a\u062e\u0644\u0648 \u0645\u0646\u0647 \u0632\u0645\u0627\u0646 \u0623\u0648 \u0645\u0643\u0627\u0646\u060c \u0641\u0627\u0644\u062d\u0642 \u0648\u0627\u0644\u0628\u0627\u0637\u0644 \u0641\u064a \u0635\u0631\u0627\u0639 \u062f\u0627\u0626\u0645 \u0648\u0642\u062f\u064a\u0645 \u0648\u0645\u0633\u062a\u0645\u0631\u060c \u0648\u0639\u0634\u064a\u0629 \u0628\u0632\u0648\u063a \u0641\u062c\u0631 \u0627\u0644\u0625\u0633\u0644\u0627\u0645 \u0643\u0627\u0646\u062a \u0627\u0644\u062d\u0631\u0648\u0628 \u0641\u064a \u0627\u0644\u0645\u062c\u062a\u0645\u0639 \u0627\u0644\u062c\u0627\u0647\u0644\u064a \u0642\u0627\u0626\u0645\u0629 \u0639\u0644\u0649 \u0642\u062f\u0645 \u0648\u0633\u0627\u0642\u060c \u0628\u0644 \u0643\u0627\u0646\u062a \u0627\u0644\u062d\u0631\u0628 \u0645\u0646 \u0645\u0635\u0627\u062f\u0631 \u0627\u0644\u062f\u062e\u0644 \u0627\u0644\u062b\u0627\u0628\u062a\u0629 \u0639\u0646\u062f \u0627\u0644\u0639\u0631\u0628. \u0648\u062d\u0631\u0648\u0628 \u0627\u0644\u062c\u0627\u0647\u0644\u064a\u0629 \u0643\u0627\u0646\u062a \u062a\u0646\u0634\u0628 \u0644\u0645\u062c\u0631\u062f \u0627\u0644\u0631\u063a\u0628\u0629 \u0641\u064a \u0627\u0644\u0633\u0644\u0628 \u0648\u0627\u0644\u0646\u0647\u0628 \u0623\u0648 [&hellip;]<\/p>","protected":false},"featured_media":19687,"comment_status":"open","ping_status":"closed","template":"","meta":{"_seopress_robots_primary_cat":"","_seopress_titles_title":"","_seopress_titles_desc":"","_seopress_robots_index":"","inline_featured_image":false,"_uf_show_specific_survey":0,"_uf_disable_surveys":false},"product_brand":[],"product_cat":[189],"product_tag":[],"class_list":{"0":"post-19583","1":"product","2":"type-product","3":"status-publish","4":"has-post-thumbnail","6":"product_cat-189","8":"first","9":"instock","10":"downloadable","11":"shipping-taxable","12":"purchasable","13":"product-type-simple"},"_links":{"self":[{"href":"https:\/\/tamerbadr.com\/pt\/wp-json\/wp\/v2\/product\/19583","targetHints":{"allow":["GET"]}}],"collection":[{"href":"https:\/\/tamerbadr.com\/pt\/wp-json\/wp\/v2\/product"}],"about":[{"href":"https:\/\/tamerbadr.com\/pt\/wp-json\/wp\/v2\/types\/product"}],"replies":[{"embeddable":true,"href":"https:\/\/tamerbadr.com\/pt\/wp-json\/wp\/v2\/comments?post=19583"}],"wp:featuredmedia":[{"embeddable":true,"href":"https:\/\/tamerbadr.com\/pt\/wp-json\/wp\/v2\/media\/19687"}],"wp:attachment":[{"href":"https:\/\/tamerbadr.com\/pt\/wp-json\/wp\/v2\/media?parent=19583"}],"wp:term":[{"taxonomy":"product_brand","embeddable":true,"href":"https:\/\/tamerbadr.com\/pt\/wp-json\/wp\/v2\/product_brand?post=19583"},{"taxonomy":"product_cat","embeddable":true,"href":"https:\/\/tamerbadr.com\/pt\/wp-json\/wp\/v2\/product_cat?post=19583"},{"taxonomy":"product_tag","embeddable":true,"href":"https:\/\/tamerbadr.com\/pt\/wp-json\/wp\/v2\/product_tag?post=19583"}],"curies":[{"name":"wp","href":"https:\/\/api.w.org\/{rel}","templated":true}]}}