{"id":19582,"date":"2025-03-16T21:56:12","date_gmt":"2025-03-16T21:56:12","guid":{"rendered":"https:\/\/white-ant-267257.hostingersite.com\/?post_type=product&#038;p=19582"},"modified":"2025-07-13T07:21:17","modified_gmt":"2025-07-13T07:21:17","slug":"unforgettable-countries-book","status":"publish","type":"product","link":"https:\/\/tamerbadr.com\/pt\/produto\/unforgettable-countries-book","title":{"rendered":"Pa\u00edses inesquec\u00edveis"},"content":{"rendered":"<h1 style=\"text-align: center;\"><strong>Introdu\u00e7\u00e3o do Dr. Ragheb al-Sirjani a Pa\u00edses Inesquec\u00edveis<\/strong><\/h1>\n<h1 style=\"text-align: center;\">Muitos distorcedores e falsificadores est\u00e3o a espalhar o rumor de que a hist\u00f3ria isl\u00e2mica n\u00e3o cont\u00e9m um passado glorioso, exceto durante o per\u00edodo do Profeta (que a paz e as b\u00ean\u00e7\u00e3os de Al\u00e1 estejam sobre ele), Abu Bakr e Umar (que Al\u00e1 esteja satisfeito com eles). Esta falsifica\u00e7\u00e3o serve apenas para semear a frustra\u00e7\u00e3o nos cora\u00e7\u00f5es dos mu\u00e7ulmanos e faz\u00ea-los sentir que a possibilidade da sua ressurrei\u00e7\u00e3o se tornou muito distante, e que o m\u00e9todo isl\u00e2mico \u00e9 incapaz de construir um Estado ou o renascimento de uma na\u00e7\u00e3o, o que \u00e9 falso. Da\u00ed a necessidade urgente de explicar as diferentes fases da hist\u00f3ria da nossa na\u00e7\u00e3o, e que, por mais fraca que a na\u00e7\u00e3o se tenha tornado, ela se erguer\u00e1 de novo, e que se uma bandeira cair num lugar, ser\u00e3o erguidas bandeiras noutros lugares, e que o ano de Al\u00e1 \u00e9 que permane\u00e7am mu\u00e7ulmanos sinceros que confortem esta na\u00e7\u00e3o e preservem a sua dignidade, e esta \u00e9 a verdade do hadith do Profeta: \"Nenhum grupo da minha Ummah continuar\u00e1 a defender a verdade, e prevalecer\u00e3o sobre aqueles que se lhes opuserem.<\/h1>\n<h1 style=\"text-align: center;\">Eles ser\u00e3o invenc\u00edveis e n\u00e3o ser\u00e3o prejudicados por aqueles que se op\u00f5em a eles, at\u00e9 que o comando de Allah venha sobre eles, e eles ser\u00e3o assim.\" (Narrado por Bukhari e Muslim).<\/h1>\n<h1 style=\"text-align: center;\">O Profeta (que a paz e as b\u00ean\u00e7\u00e3os de Al\u00e1 estejam sobre ele) deu-nos um grande exemplo no estabelecimento de um Estado e na constru\u00e7\u00e3o de uma na\u00e7\u00e3o, e enfrentou as for\u00e7as de opress\u00e3o que existiam na altura, que eram representadas pelos infi\u00e9is da Pen\u00ednsula Ar\u00e1bica, especialmente os infi\u00e9is de Meca e os judeus com as suas v\u00e1rias tribos, bem como o gigantesco Estado romano, e apesar deste terr\u00edvel confronto, Al\u00e1 Todo-Poderoso deu-lhe a vit\u00f3ria e o sucesso at\u00e9 que o seu Estado se estabeleceu como um Estado jovem e inocente.<\/h1>\n<h1 style=\"text-align: center;\">Depois do Mensageiro de Al\u00e1, os califas Rashidun constru\u00edram um Estado forte e grandioso, capaz de destruir os tronos de Kisra e C\u00e9sar, e de colocar os mu\u00e7ulmanos na vanguarda do mundo, ultrapassando todos os outros a n\u00edvel pol\u00edtico, econ\u00f3mico, cient\u00edfico, civilizacional, moral e, antes e depois disso, ultrapassando-os a n\u00edvel ideol\u00f3gico, pelo que foi capaz de reformar o seu mundo com a sua religi\u00e3o e de elevar o n\u00edvel de vida no seu Estado com a lei do seu Senhor, e alcan\u00e7ou a dif\u00edcil equa\u00e7\u00e3o que combina a felicidade de ambos os mundos: Este mundo e o outro.<\/h1>\n<h1 style=\"text-align: center;\">A marcha da na\u00e7\u00e3o isl\u00e2mica n\u00e3o parou no tempo dos califas Rashidun, mas continuou a sua viagem civilizacional com grandes e gloriosos estados que alcan\u00e7aram gl\u00f3ria e honra, e elevaram o nome dos mu\u00e7ulmanos por toda a parte: os califados Om\u00edada e Ab\u00e1ssida, o estado Ayyubid e os Mamelucos, o grande califado Otomano, os muitos estados poderosos da hist\u00f3ria da Andaluzia, e outros estados aqui e ali que mudaram a marcha da humanidade numa mudan\u00e7a positiva e maravilhosa que acrescenta ao cr\u00e9dito desta na\u00e7\u00e3o gigante, a Na\u00e7\u00e3o do Isl\u00e3o.<\/h1>\n<h1 style=\"text-align: center;\">Esta hist\u00f3ria gloriosa \u00e9 a melhor hist\u00f3ria de todo o mundo, mas poucas pessoas a conhecem e, infelizmente, os pr\u00f3prios mu\u00e7ulmanos ignoram esta hist\u00f3ria gloriosa; por isso, fico muito feliz quando vejo um livro ou qualquer obra liter\u00e1ria ou art\u00edstica que devolve aos mu\u00e7ulmanos a verdadeira imagem da sua hist\u00f3ria gloriosa e lhes aumenta o orgulho e a honra nesta na\u00e7\u00e3o honrada.<\/h1>\n<h1 style=\"text-align: center;\">Temos nas nossas m\u00e3os um desses valiosos livros, cujo autor, Tamer Badr, fez quest\u00e3o de tra\u00e7ar as diferentes etapas de gl\u00f3ria da nossa hist\u00f3ria, desde o in\u00edcio at\u00e9 ao fim, fazendo emergir alguns grandes tesouros dessa hist\u00f3ria e actualizando-nos sobre a hist\u00f3ria de v\u00e1rios pa\u00edses isl\u00e2micos que elevaram o nome dos mu\u00e7ulmanos no horizonte.<\/h1>\n<h1 style=\"text-align: center;\">Trata-se de um belo livro, elegantemente escrito e apresentado, contendo muita informa\u00e7\u00e3o exacta e acrescentando \u00e0 nossa biblioteca isl\u00e2mica um belo livro de que todos os mu\u00e7ulmanos se orgulham.<\/h1>\n<h1 style=\"text-align: center;\">Que Al\u00e1 fa\u00e7a com que este esfor\u00e7o seja o saldo das boas ac\u00e7\u00f5es do autor, e que estas linhas sejam o saldo das boas ac\u00e7\u00f5es de todos os que as lerem.<\/h1>\n<h1 style=\"text-align: center;\">Pe\u00e7o a Al\u00e1 que fortale\u00e7a o Isl\u00e3o e os mu\u00e7ulmanos<\/h1>\n<h1 style=\"text-align: center;\">A. Dr. Ragheb Al-Sarjani<\/h1>\n<h1 style=\"text-align: center;\">Cairo, maio de 2012<\/h1>","protected":false},"excerpt":{"rendered":"<p>\u0645\u0642\u062f\u0645\u0629 \u0627\u0644\u0627\u0633\u062a\u0627\u0630 \u0627\u0644\u062f\u0643\u062a\u0648\u0631 \u0631\u0627\u063a\u0628 \u0627\u0644\u0633\u0631\u062c\u0627\u0646\u064a \u0644\u0643\u062a\u0627\u0628 \u062f\u0648\u0644 \u0644\u0627 \u062a\u0646\u0633\u0649 \u064a\u0634\u064a\u0639 \u0643\u062b\u064a\u0631 \u0645\u0646 \u0627\u0644\u0645\u062d\u0631\u0641\u064a\u0646 \u0648\u0627\u0644\u0645\u0632\u0648\u0631\u064a\u0646 \u0623\u0646 \u0627\u0644\u062a\u0627\u0631\u064a\u062e \u0627\u0644\u0625\u0633\u0644\u0627\u0645\u064a \u0644\u0627 \u064a\u062d\u0648\u064a \u0645\u0627\u0636\u064a\u0627 \u0645\u062c\u064a\u062f\u0627\u061b \u0625\u0644\u0627 \u0641\u064a \u0641\u062a\u0631\u0629 \u0627\u0644\u0631\u0633\u0648\u0644 \ufdfa \u0648\u0623\u0628\u064a \u0628\u0643\u0631 \u0648\u0639\u0645\u0631 \u0631\u0636\u064a \u0627\u0644\u0644\u0647 \u0639\u0646\u0647\u0645\u0627 \u060c \u0648\u0644\u064a\u0633 \u0647\u0630\u0627 \u0627\u0644\u062a\u0632\u0648\u064a\u0631 \u0625\u0644\u0627 \u0644\u0628\u062b \u0627\u0644\u0625\u062d\u0628\u0627\u0637 \u0641\u064a \u0642\u0644\u0648\u0628 \u0627\u0644\u0645\u0633\u0644\u0645\u064a\u0646 \u0648\u0625\u0634\u0639\u0627\u0631\u0647\u0645 \u0623\u0646 \u0627\u062d\u062a\u0645\u0627\u0644\u064a\u0629 \u0642\u064a\u0627\u0645\u0647\u0645 \u0635\u0627\u0631\u062a \u0628\u0639\u064a\u062f\u0629 \u062c\u062f\u0627\u060c \u0648\u0623\u0646 \u0627\u0644\u0645\u0646\u0647\u062c \u0627\u0644\u0625\u0633\u0644\u0627\u0645\u064a \u063a\u064a\u0631 \u0642\u0627\u062f\u0631 \u0639\u0644\u0649 [&hellip;]<\/p>","protected":false},"featured_media":19690,"comment_status":"open","ping_status":"closed","template":"","meta":{"_seopress_robots_primary_cat":"","_seopress_titles_title":"","_seopress_titles_desc":"","_seopress_robots_index":"","inline_featured_image":false,"_uf_show_specific_survey":0,"_uf_disable_surveys":false},"product_brand":[],"product_cat":[190],"product_tag":[],"class_list":{"0":"post-19582","1":"product","2":"type-product","3":"status-publish","4":"has-post-thumbnail","6":"product_cat-190","8":"first","9":"instock","10":"downloadable","11":"shipping-taxable","12":"purchasable","13":"product-type-simple"},"_links":{"self":[{"href":"https:\/\/tamerbadr.com\/pt\/wp-json\/wp\/v2\/product\/19582","targetHints":{"allow":["GET"]}}],"collection":[{"href":"https:\/\/tamerbadr.com\/pt\/wp-json\/wp\/v2\/product"}],"about":[{"href":"https:\/\/tamerbadr.com\/pt\/wp-json\/wp\/v2\/types\/product"}],"replies":[{"embeddable":true,"href":"https:\/\/tamerbadr.com\/pt\/wp-json\/wp\/v2\/comments?post=19582"}],"wp:featuredmedia":[{"embeddable":true,"href":"https:\/\/tamerbadr.com\/pt\/wp-json\/wp\/v2\/media\/19690"}],"wp:attachment":[{"href":"https:\/\/tamerbadr.com\/pt\/wp-json\/wp\/v2\/media?parent=19582"}],"wp:term":[{"taxonomy":"product_brand","embeddable":true,"href":"https:\/\/tamerbadr.com\/pt\/wp-json\/wp\/v2\/product_brand?post=19582"},{"taxonomy":"product_cat","embeddable":true,"href":"https:\/\/tamerbadr.com\/pt\/wp-json\/wp\/v2\/product_cat?post=19582"},{"taxonomy":"product_tag","embeddable":true,"href":"https:\/\/tamerbadr.com\/pt\/wp-json\/wp\/v2\/product_tag?post=19582"}],"curies":[{"name":"wp","href":"https:\/\/api.w.org\/{rel}","templated":true}]}}