{"id":19581,"date":"2025-03-16T21:53:58","date_gmt":"2025-03-16T21:53:58","guid":{"rendered":"https:\/\/white-ant-267257.hostingersite.com\/?post_type=product&#038;p=19581"},"modified":"2025-07-13T07:21:59","modified_gmt":"2025-07-13T07:21:59","slug":"unforgettable-leaders-book","status":"publish","type":"product","link":"https:\/\/tamerbadr.com\/pt\/produto\/unforgettable-leaders-book","title":{"rendered":"L\u00edderes inesquec\u00edveis"},"content":{"rendered":"<h1 style=\"text-align: center;\"><strong>Introdu\u00e7\u00e3o do Dr. Ragheb Al-Sarjani a L\u00edderes Inesquec\u00edveis<\/strong><\/h1>\n<h1 style=\"text-align: center;\">Na hist\u00f3ria da Na\u00e7\u00e3o do Isl\u00e3o, h\u00e1 homens que iluminaram a hist\u00f3ria para os que vieram depois deles, homens que se distinguiram em todos os dom\u00ednios.<\/h1>\n<h1 style=\"text-align: center;\">Na hist\u00f3ria de uma na\u00e7\u00e3o, n\u00e3o se encontram tantos s\u00edmbolos brilhantes; Ibn Umar (que Al\u00e1 esteja satisfeito com ele) disse: O Mensageiro de Allah, que Allah o aben\u00e7oe e lhe conceda paz, disse: \"Encontrareis pessoas como cem tribos nas quais um homem n\u00e3o consegue encontrar um camelo\"). Narrado por al-Bahari e Muslim.<\/h1>\n<h1 style=\"text-align: center;\">Os homens ilustres da hist\u00f3ria geral s\u00e3o poucos, mas muitos desses poucos surgiram e destacaram-se na hist\u00f3ria e civiliza\u00e7\u00e3o isl\u00e2micas.<\/h1>\n<h1 style=\"text-align: center;\">O Estado Isl\u00e2mico nasceu com bravos her\u00f3is e mujahideen, e quantos l\u00edderes surgiram e conduziram os ex\u00e9rcitos isl\u00e2micos a grandes vit\u00f3rias, gra\u00e7as a Al\u00e1 Todo-Poderoso, e depois pelo seu g\u00e9nio e coragem!<\/h1>\n<h1 style=\"text-align: center;\">A idade n\u00e3o era um fator de determina\u00e7\u00e3o dos l\u00edderes no Isl\u00e3o, mas sim a compet\u00eancia e a capacidade; o Mensageiro de Al\u00e1, que Al\u00e1 o aben\u00e7oe e lhe conceda a paz, escolheu Osama ibn Zayd com dezoito anos para liderar um ex\u00e9rcito que lutava contra os romanos, com Abu Bakr e Umar ibn al-Khattab sob o seu comando.<\/h1>\n<h1 style=\"text-align: center;\">O Profeta (que a paz e as b\u00ean\u00e7\u00e3os de Al\u00e1 estejam sobre ele) ordenou a Amr ibn al-'As (que Al\u00e1 esteja satisfeito com ele) que liderasse os companheiros mais velhos na Batalha das Correntes, quando ele s\u00f3 tinha entrado no Isl\u00e3o alguns dias antes, e Khalid ibn al-Walid (que Al\u00e1 esteja satisfeito com ele) liderou os companheiros mais velhos na Batalha de Mu'ata, quando ele era um rec\u00e9m-convertido ao Isl\u00e3o.<\/h1>\n<h1 style=\"text-align: center;\">Os crit\u00e9rios de sele\u00e7\u00e3o dos l\u00edderes na hist\u00f3ria isl\u00e2mica eram objectivos e relacionados apenas com a compet\u00eancia, raz\u00e3o pela qual a civiliza\u00e7\u00e3o isl\u00e2mica produziu l\u00edderes extraordin\u00e1rios ao longo da sua hist\u00f3ria.<\/h1>\n<h1 style=\"text-align: center;\">Depois disso, os mu\u00e7ulmanos aperceberam-se da necessidade de preparar os futuros l\u00edderes, pelo que se difundiu a forma\u00e7\u00e3o em equita\u00e7\u00e3o, jihad e tiro com arco.<\/h1>\n<h1 style=\"text-align: center;\">A hist\u00f3ria da lideran\u00e7a no Isl\u00e3o \u00e9 rica em significados, conceitos profundos e personalidades not\u00e1veis; da\u00ed a import\u00e2ncia deste livro.<\/h1>\n<h1 style=\"text-align: center;\">O autor, o irm\u00e3o Tamer Badr - que Al\u00e1 o proteja - interessou-se pela biografia dos l\u00edderes mu\u00e7ulmanos e apresentou-a em<\/h1>\n<h1 style=\"text-align: center;\">Num estilo f\u00e1cil, gracioso e conciso, extraiu os pontos mais importantes de que a Ummah precisa para compreender como era<\/h1>\n<h1 style=\"text-align: center;\">Os l\u00edderes s\u00e3o feitos para que se possa produzir novas gera\u00e7\u00f5es deles.<\/h1>\n<h1 style=\"text-align: center;\">Tal como no seu livro anterior, Dias Inesquec\u00edveis, o livro tem um estilo cativante e, assim que come\u00e7ar a l\u00ea-lo, vai sentir-se compelido a continuar at\u00e9 ao fim.<\/h1>\n<h1 style=\"text-align: center;\">Pe\u00e7o a Al\u00e1, o Todo-Poderoso, que aceite o esfor\u00e7o do autor no seu livro, que conceda aceita\u00e7\u00e3o ao livro e que beneficie os mu\u00e7ulmanos, pois Ele \u00e9 o guardi\u00e3o disso e aquele que \u00e9 capaz de o fazer.<\/h1>\n<h1 style=\"text-align: center;\">\u00a0A. Dr. Ragheb Al-Sarjani<\/h1>\n<h1 style=\"text-align: center;\">Cairo, novembro de 2011<\/h1>","protected":false},"excerpt":{"rendered":"<p>\u0645\u0642\u062f\u0645\u0629 \u0627\u0644\u0627\u0633\u062a\u0627\u0630 \u0627\u0644\u062f\u0643\u062a\u0648\u0631 \u0631\u0627\u063a\u0628 \u0627\u0644\u0633\u0631\u062c\u0627\u0646\u064a \u0644\u0643\u062a\u0627\u0628 \u0642\u0627\u062f\u0629 \u0644\u0627 \u062a\u0646\u0633\u0649 \u0641\u064a \u062a\u0627\u0631\u064a\u062e \u0623\u064f\u0645\u0629 \u0627\u0644\u0625\u0633\u0644\u0627\u0645 \u0631\u062c\u0627\u0644 \u0623\u0636\u0627\u0621\u0648\u0627 \u0627\u0644\u062a\u0627\u0631\u064a\u062e \u0644\u0645\u0646 \u062c\u0627\u0621 \u0628\u0639\u062f\u0647\u0645\u060c \u0631\u062c\u0627\u0644 \u062a\u0645\u064a\u0632\u0648\u0627 \u0641\u064a \u0643\u0644 \u0645\u062c\u0627\u0644\u060c \u0648\u0631\u0628\u0645\u0627 \u0644\u0627 \u062a\u062c\u062f \u0641\u064a \u062a\u0627\u0631\u064a\u062e \u0623\u064f\u0645\u0629 \u0645\u0646 \u0627\u0644\u0623\u0645\u0645 \u0647\u0630\u0627 \u0627\u0644\u0639\u062f\u062f \u0645\u0646 \u0627\u0644\u0631\u0645\u0648\u0632 \u0627\u0644\u0644\u0627\u0645\u0639\u0629\u061b \u0641\u0639\u0646 \u0627\u0628\u0646 \u0639\u0645\u0631 \u0631\u0636\u064a \u0627\u0644\u0644\u0647 \u0639\u0646\u0647 \u0642\u0627\u0644: \u0642\u0627\u0644 \u0631\u0633\u0648\u0644 \u0627\u0644\u0644\u0647 \ufdfa: \u00ab\u062a\u064e\u062c\u0650\u062f\u064f\u0648\u0646\u064e \u0627\u0644\u0646\u0651\u064e\u0627\u0633\u064e \u0643\u064e\u0627\u0628\u0650\u0644 \u0645\u0650\u0627\u0626\u064e\u0629\u064d \u0644\u064e\u0627 \u064a\u064e\u062c\u0650\u062f\u064f \u0627\u0644\u0631\u0651\u064e\u062c\u064f\u0644\u064f [&hellip;]<\/p>","protected":false},"featured_media":19693,"comment_status":"open","ping_status":"closed","template":"","meta":{"_seopress_robots_primary_cat":"","_seopress_titles_title":"","_seopress_titles_desc":"","_seopress_robots_index":"","inline_featured_image":false,"_uf_show_specific_survey":0,"_uf_disable_surveys":false},"product_brand":[],"product_cat":[189],"product_tag":[],"class_list":{"0":"post-19581","1":"product","2":"type-product","3":"status-publish","4":"has-post-thumbnail","6":"product_cat-189","8":"first","9":"instock","10":"downloadable","11":"shipping-taxable","12":"purchasable","13":"product-type-simple"},"_links":{"self":[{"href":"https:\/\/tamerbadr.com\/pt\/wp-json\/wp\/v2\/product\/19581","targetHints":{"allow":["GET"]}}],"collection":[{"href":"https:\/\/tamerbadr.com\/pt\/wp-json\/wp\/v2\/product"}],"about":[{"href":"https:\/\/tamerbadr.com\/pt\/wp-json\/wp\/v2\/types\/product"}],"replies":[{"embeddable":true,"href":"https:\/\/tamerbadr.com\/pt\/wp-json\/wp\/v2\/comments?post=19581"}],"wp:featuredmedia":[{"embeddable":true,"href":"https:\/\/tamerbadr.com\/pt\/wp-json\/wp\/v2\/media\/19693"}],"wp:attachment":[{"href":"https:\/\/tamerbadr.com\/pt\/wp-json\/wp\/v2\/media?parent=19581"}],"wp:term":[{"taxonomy":"product_brand","embeddable":true,"href":"https:\/\/tamerbadr.com\/pt\/wp-json\/wp\/v2\/product_brand?post=19581"},{"taxonomy":"product_cat","embeddable":true,"href":"https:\/\/tamerbadr.com\/pt\/wp-json\/wp\/v2\/product_cat?post=19581"},{"taxonomy":"product_tag","embeddable":true,"href":"https:\/\/tamerbadr.com\/pt\/wp-json\/wp\/v2\/product_tag?post=19581"}],"curies":[{"name":"wp","href":"https:\/\/api.w.org\/{rel}","templated":true}]}}