{"id":19575,"date":"2025-03-16T21:38:04","date_gmt":"2025-03-16T21:38:04","guid":{"rendered":"https:\/\/white-ant-267257.hostingersite.com\/?post_type=product&#038;p=19575"},"modified":"2025-07-13T07:22:37","modified_gmt":"2025-07-13T07:22:37","slug":"unforgettable-days-book","status":"publish","type":"product","link":"https:\/\/tamerbadr.com\/pt\/produto\/unforgettable-days-book","title":{"rendered":"Dias inesquec\u00edveis"},"content":{"rendered":"<h1 style=\"text-align: center;\"><strong>Introdu\u00e7\u00e3o do Dr. Ragheb al-Sarjani a Dias Inesquec\u00edveis<\/strong><\/h1>\n<h1 style=\"text-align: center;\">A hist\u00f3ria isl\u00e2mica sofreu muita neglig\u00eancia ao longo dos anos e dos s\u00e9culos e, como resultado, muitos orientalistas e ocidentais adulteraram esta hist\u00f3ria; assim, a hist\u00f3ria emergiu de uma forma muito diferente da verdade, e as li\u00e7\u00f5es e ensinamentos perderam-se no meio destas distor\u00e7\u00f5es, tornando a hist\u00f3ria um estudo acad\u00e9mico sem sentido para os leitores.<\/h1>\n<h1 style=\"text-align: center;\">Perante esta situa\u00e7\u00e3o infeliz, algumas pessoas zelosas tiveram de se levantar para salvar esta longa hist\u00f3ria; de facto, para salvar a juventude mu\u00e7ulmana que n\u00e3o conseguiu encontrar uma fonte adequada e segura para ler a hist\u00f3ria da Ummah. N\u00e3o exagero se disser que o mundo inteiro - mu\u00e7ulmano ou n\u00e3o mu\u00e7ulmano - precisa desta gloriosa hist\u00f3ria isl\u00e2mica, pois o mundo nunca conheceu tal esplendor e esplendor como o que encontr\u00e1mos na nossa grande hist\u00f3ria.<\/h1>\n<h1 style=\"text-align: center;\">Este livro \u00e9 uma dessas novidades!<\/h1>\n<h1 style=\"text-align: center;\">\u00c9 um livro valioso que recolhe magistralmente um grande n\u00famero de dias decisivos na hist\u00f3ria da na\u00e7\u00e3o isl\u00e2mica e, no entanto, esta enorme cole\u00e7\u00e3o n\u00e3o provocou uma enormidade semelhante no n\u00famero de p\u00e1ginas! Isto indica a extraordin\u00e1ria mestria do autor em selecionar o \u00fatil de cada batalha e o importante de cada encontro. Esta \u00e9 talvez uma das coisas mais proeminentes que distingue este livro dos outros, pois o autor tem uma capacidade magistral de ser conciso e concentrado, de modo a que se sinta que, ao ler quatro ou cinco p\u00e1ginas sobre uma enorme batalha, se aprendeu tudo e n\u00e3o se precisa de outra informa\u00e7\u00e3o, enquanto os especialistas sabem que um historiador pode escrever volumes inteiros sobre tais batalhas!<\/h1>\n<h1 style=\"text-align: center;\">Come\u00e7a na \u00e9poca do Profeta, depois salta a uma velocidade adequada entre as diferentes \u00e9pocas hist\u00f3ricas, como as eras Rashidi, Om\u00edada, Ab\u00e1ssida, Ayyubid, Mameluca e Otomana, e n\u00e3o deixa de viajar geograficamente para diferentes partes do mundo; chega ao Oriente e fala das batalhas da \u00cdndia, e deixa o Oriente para o Ocidente para descrever as batalhas da Andaluzia!<\/h1>\n<h1 style=\"text-align: center;\">Este livro tamb\u00e9m se distingue pelo facto de falar de muitas batalhas sobre as quais muitos mu\u00e7ulmanos n\u00e3o conhecem quaisquer pormenores, e n\u00e3o exagero se disser que os mu\u00e7ulmanos n\u00e3o sabem o nome das batalhas! Basta mencionar, por exemplo, as batalhas de Ain al-Tamr, a conquista de Dibel, a batalha de Talas, a conquista de Sumnat, a batalha de Nicopolis, a batalha de Mohawks, e outras batalhas cuja men\u00e7\u00e3o foi esquecida e cujas p\u00e1ginas est\u00e3o empoeiradas, at\u00e9 que este autor veio honesta e cuidadosamente desvendar esses dias interm\u00e9dios.<\/h1>\n<h1 style=\"text-align: center;\">Acima de tudo, este valioso livro caracteriza-se por dois aspectos que o distinguem de muitas das obras que enchiam a biblioteca isl\u00e2mica, tornando-o \u00fanico no seu g\u00e9nero.<\/h1>\n<h1 style=\"text-align: center;\">Quanto \u00e0 primeira coisa: A primeira coisa \u00e9 que ele n\u00e3o se limitou \u00e0s vit\u00f3rias dos mu\u00e7ulmanos, mas mencionou com grande imparcialidade e exatid\u00e3o as grandes batalhas em que os mu\u00e7ulmanos foram derrotados! Como a Batalha de Uhud, a Batalha do Tribunal dos M\u00e1rtires, a Batalha de Aqab, e outras derrotas, e isto \u00e9, de facto, uma clara intelig\u00eancia do autor; destaca para o leitor a sua honestidade na apresenta\u00e7\u00e3o dos acontecimentos, e sublinha que os dias s\u00e3o estados entre na\u00e7\u00f5es, e n\u00e3o priva os leitores de beneficiarem das importantes li\u00e7\u00f5es destas batalhas.<\/h1>\n<h1 style=\"text-align: center;\">A segunda coisa \u00e9 que o autor n\u00e3o se limitou a contar os acontecimentos, como fazem muitos autores, mas aprofundou os assuntos e procurou os factores de vit\u00f3ria e as causas de derrota, de modo a que o leitor saia do livro com um conhecimento abundante das raz\u00f5es da ascens\u00e3o e queda das na\u00e7\u00f5es, atingindo assim o objetivo de contar a hist\u00f3ria; como o nosso Senhor nos mostrou quando disse: \"Havia nas suas hist\u00f3rias uma li\u00e7\u00e3o para os s\u00e1bios\" [Joseph: 111]. De facto, o autor formulou tudo isto com grande profissionalismo.<\/h1>\n<h1 style=\"text-align: center;\">Finalmente:<\/h1>\n<h1 style=\"text-align: center;\">O literalismo do autor n\u00e3o impediu que o seu estilo fosse delicado e belo, pelo que as frases do livro s\u00e3o graciosas, as suas palavras s\u00e3o requintadas e a sua apresenta\u00e7\u00e3o \u00e9 suave e agrad\u00e1vel, o que conferiu ao livro um esplendor e um esplendor.<\/h1>\n<h1 style=\"text-align: center;\">Embora saiba que esta \u00e9 a primeira tentativa do autor de escrever sobre assuntos militares, tenho a certeza de que nunca ser\u00e1 a \u00faltima, pois as batalhas da hist\u00f3ria isl\u00e2mica e os seus pormenores precisam de centenas de volumes e milhares de explica\u00e7\u00f5es e an\u00e1lises.<\/h1>\n<h1 style=\"text-align: center;\">O meu conselho para o Sr. Tamer Badr \u00e9 que renove sempre a sua inten\u00e7\u00e3o com cada livro, para que Deus Todo-Poderoso escreva os seus livros para que se espalhem e lhe d\u00ea uma grande recompensa.<\/h1>\n<h1 style=\"text-align: center;\">Pe\u00e7o a Al\u00e1 que fortale\u00e7a o Isl\u00e3o e os mu\u00e7ulmanos<\/h1>\n<h1 style=\"text-align: center;\">Dr. Ragheb Al-Sarjani<\/h1>","protected":false},"excerpt":{"rendered":"<p>\u0645\u0642\u062f\u0645\u0629 \u0627\u0644\u0627\u0633\u062a\u0627\u0630 \u0627\u0644\u062f\u0643\u062a\u0648\u0631 \u0631\u0627\u063a\u0628 \u0627\u0644\u0633\u0631\u062c\u0627\u0646\u064a \u0644\u0643\u062a\u0627\u0628 \u0623\u064a\u0627\u0645 \u0644\u0627 \u062a\u0646\u0633\u0649 \u0639\u0627\u0646\u064a \u0627\u0644\u062a\u0627\u0631\u064a\u062e \u0627\u0644\u0625\u0633\u0644\u0627\u0645\u064a \u0643\u062b\u064a\u0631\u064b\u0627 \u0645\u0646 \u0627\u0644\u0625\u0647\u0645\u0627\u0644 \u0639\u0644\u0649 \u0645\u062f\u0627\u0631 \u0627\u0644\u0633\u0646\u0648\u0627\u062a \u0648\u0627\u0644\u0642\u0631\u0648\u0646\u060c \u0648\u0643\u0627\u0646\u062a \u0627\u0644\u0646\u062a\u064a\u062c\u0629 \u0623\u0646 \u0639\u0628\u062b \u0643\u062b\u064a\u0631 \u0645\u0646 \u0627\u0644\u0645\u0633\u062a\u0634\u0631\u0642\u064a\u0646 \u0648\u0627\u0644\u0645\u0633\u062a\u063a\u0631\u0628\u064a\u0646 \u0641\u064a \u0647\u0630\u0627 \u0627\u0644\u062a\u0627\u0631\u064a\u062e\u061b \u0648\u0628\u0627\u0644\u062a\u0627\u0644\u064a \u062e\u0631\u062c \u0644\u0646\u0627 \u0627\u0644\u062a\u0627\u0631\u064a\u062e \u0628\u0635\u0648\u0631\u0629 \u0645\u063a\u0627\u064a\u0631\u0629 \u0643\u062b\u064a\u0631\u064b\u0627 \u0639\u0646 \u0627\u0644\u062d\u0642\u064a\u0642\u0629\u060c \u0648\u0627\u0644\u0623\u0646\u0643\u0649 \u0645\u0646 \u0630\u0644\u0643 \u0623\u0646 \u0627\u0644\u062f\u0631\u0648\u0633 \u0648\u0627\u0644\u0639\u0628\u0631 \u062a\u0627\u0647\u062a \u0648\u0633\u0637 \u0647\u0630\u0647 \u0627\u0644\u062a\u062d\u0631\u064a\u0641\u0627\u062a\u060c \u0641\u0635\u0627\u0631 \u0627\u0644\u062a\u0627\u0631\u064a\u062e \u062f\u0631\u0627\u0633\u0629 \u0623\u0643\u0627\u062f\u064a\u0645\u064a\u0629 \u0644\u0627 \u0645\u0639\u0646\u0649 [&hellip;]<\/p>","protected":false},"featured_media":19689,"comment_status":"open","ping_status":"closed","template":"","meta":{"_seopress_robots_primary_cat":"","_seopress_titles_title":"","_seopress_titles_desc":"","_seopress_robots_index":"","inline_featured_image":false,"_uf_show_specific_survey":0,"_uf_disable_surveys":false},"product_brand":[],"product_cat":[189],"product_tag":[],"class_list":{"0":"post-19575","1":"product","2":"type-product","3":"status-publish","4":"has-post-thumbnail","6":"product_cat-189","8":"first","9":"instock","10":"downloadable","11":"shipping-taxable","12":"purchasable","13":"product-type-simple"},"_links":{"self":[{"href":"https:\/\/tamerbadr.com\/pt\/wp-json\/wp\/v2\/product\/19575","targetHints":{"allow":["GET"]}}],"collection":[{"href":"https:\/\/tamerbadr.com\/pt\/wp-json\/wp\/v2\/product"}],"about":[{"href":"https:\/\/tamerbadr.com\/pt\/wp-json\/wp\/v2\/types\/product"}],"replies":[{"embeddable":true,"href":"https:\/\/tamerbadr.com\/pt\/wp-json\/wp\/v2\/comments?post=19575"}],"wp:featuredmedia":[{"embeddable":true,"href":"https:\/\/tamerbadr.com\/pt\/wp-json\/wp\/v2\/media\/19689"}],"wp:attachment":[{"href":"https:\/\/tamerbadr.com\/pt\/wp-json\/wp\/v2\/media?parent=19575"}],"wp:term":[{"taxonomy":"product_brand","embeddable":true,"href":"https:\/\/tamerbadr.com\/pt\/wp-json\/wp\/v2\/product_brand?post=19575"},{"taxonomy":"product_cat","embeddable":true,"href":"https:\/\/tamerbadr.com\/pt\/wp-json\/wp\/v2\/product_cat?post=19575"},{"taxonomy":"product_tag","embeddable":true,"href":"https:\/\/tamerbadr.com\/pt\/wp-json\/wp\/v2\/product_tag?post=19575"}],"curies":[{"name":"wp","href":"https:\/\/api.w.org\/{rel}","templated":true}]}}