{"id":20178,"date":"2025-03-19T18:42:34","date_gmt":"2025-03-19T18:42:34","guid":{"rendered":"https:\/\/white-ant-267257.hostingersite.com\/?page_id=20178"},"modified":"2025-07-30T19:25:45","modified_gmt":"2025-07-30T19:25:45","slug":"privacy-policy","status":"publish","type":"page","link":"https:\/\/tamerbadr.com\/pt\/privacy-policy","title":{"rendered":"Pol\u00edtica de privacidade"},"content":{"rendered":"<div data-elementor-type=\"wp-page\" data-elementor-id=\"20178\" class=\"elementor elementor-20178\" data-elementor-post-type=\"page\">\n\t\t\t\t\t\t<section class=\"elementor-section elementor-top-section elementor-element elementor-element-325f7dc elementor-section-full_width elementor-section-height-default elementor-section-height-default\" data-id=\"325f7dc\" data-element_type=\"section\" data-settings=\"{&quot;background_background&quot;:&quot;classic&quot;}\">\n\t\t\t\t\t\t<div class=\"elementor-container elementor-column-gap-no\">\n\t\t\t\t\t<div class=\"elementor-column elementor-col-100 elementor-top-column elementor-element elementor-element-a5ff8d0\" data-id=\"a5ff8d0\" data-element_type=\"column\">\n\t\t\t<div class=\"elementor-widget-wrap elementor-element-populated\">\n\t\t\t\t\t\t<section class=\"elementor-section elementor-inner-section elementor-element elementor-element-dce55a7 elementor-section-content-middle elementor-section-boxed elementor-section-height-default elementor-section-height-default\" data-id=\"dce55a7\" data-element_type=\"section\" data-settings=\"{&quot;background_background&quot;:&quot;classic&quot;}\">\n\t\t\t\t\t\t<div class=\"elementor-container elementor-column-gap-no\">\n\t\t\t\t\t<div class=\"elementor-column elementor-col-50 elementor-inner-column elementor-element elementor-element-07e74d4\" data-id=\"07e74d4\" data-element_type=\"column\">\n\t\t\t<div class=\"elementor-widget-wrap elementor-element-populated\">\n\t\t\t\t\t\t<div class=\"elementor-element elementor-element-edd75c2 elementor-invisible elementor-widget elementor-widget-heading\" data-id=\"edd75c2\" data-element_type=\"widget\" data-settings=\"{&quot;_animation&quot;:&quot;fadeInLeft&quot;}\" data-widget_type=\"heading.default\">\n\t\t\t\t<div class=\"elementor-widget-container\">\n\t\t\t\t\t<h2 class=\"elementor-heading-title elementor-size-default\">Tamer Badr<\/h2>\t\t\t\t<\/div>\n\t\t\t\t<\/div>\n\t\t\t\t<div class=\"elementor-element elementor-element-3f5a13a elementor-invisible elementor-widget elementor-widget-heading\" data-id=\"3f5a13a\" data-element_type=\"widget\" data-settings=\"{&quot;_animation&quot;:&quot;fadeInRight&quot;}\" data-widget_type=\"heading.default\">\n\t\t\t\t<div class=\"elementor-widget-container\">\n\t\t\t\t\t<h2 class=\"elementor-heading-title elementor-size-default\">Pol\u00edtica de privacidade<\/h2>\t\t\t\t<\/div>\n\t\t\t\t<\/div>\n\t\t\t\t\t<\/div>\n\t\t<\/div>\n\t\t\t\t<div class=\"elementor-column elementor-col-50 elementor-inner-column elementor-element elementor-element-a748cf0\" data-id=\"a748cf0\" data-element_type=\"column\">\n\t\t\t<div class=\"elementor-widget-wrap elementor-element-populated\">\n\t\t\t\t\t\t<div class=\"elementor-element elementor-element-7476b1a elementor-position-left elementor-vertical-align-top elementor-widget elementor-widget-image-box\" data-id=\"7476b1a\" data-element_type=\"widget\" data-widget_type=\"image-box.default\">\n\t\t\t\t<div class=\"elementor-widget-container\">\n\t\t\t\t\t<div class=\"elementor-image-box-wrapper\"><figure class=\"elementor-image-box-img\"><img alt=\"\" decoding=\"async\" width=\"170\" height=\"157\" src=\"https:\/\/tamerbadr.com\/wp-content\/uploads\/2022\/10\/service-1.png\" class=\"elementor-animation-bob attachment-full size-full wp-image-515\" \/><\/figure><\/div>\t\t\t\t<\/div>\n\t\t\t\t<\/div>\n\t\t\t\t\t<\/div>\n\t\t<\/div>\n\t\t\t\t\t<\/div>\n\t\t<\/section>\n\t\t\t\t<div class=\"elementor-element elementor-element-9ae5934 elementor-widget__width-auto elementor-absolute elementor-widget elementor-widget-image\" data-id=\"9ae5934\" data-element_type=\"widget\" data-settings=\"{&quot;_position&quot;:&quot;absolute&quot;}\" data-widget_type=\"image.default\">\n\t\t\t\t<div class=\"elementor-widget-container\">\n\t\t\t\t\t\t\t\t\t\t\t\t\t\t\t<img alt=\"\" fetchpriority=\"high\" decoding=\"async\" width=\"956\" height=\"825\" src=\"https:\/\/tamerbadr.com\/wp-content\/uploads\/2022\/10\/about-dot-vector.png\" class=\"attachment-full size-full wp-image-883\" \/>\t\t\t\t\t\t\t\t\t\t\t\t\t\t\t<\/div>\n\t\t\t\t<\/div>\n\t\t\t\t\t<\/div>\n\t\t<\/div>\n\t\t\t\t\t<\/div>\n\t\t<\/section>\n\t\t\t\t<section class=\"elementor-section elementor-top-section elementor-element elementor-element-b661bd3 elementor-section-full_width elementor-section-height-default elementor-section-height-default\" data-id=\"b661bd3\" data-element_type=\"section\" data-settings=\"{&quot;background_background&quot;:&quot;classic&quot;}\">\n\t\t\t\t\t\t<div class=\"elementor-container elementor-column-gap-no\">\n\t\t\t\t\t<div class=\"elementor-column elementor-col-100 elementor-top-column elementor-element elementor-element-e5c672a\" data-id=\"e5c672a\" data-element_type=\"column\">\n\t\t\t<div class=\"elementor-widget-wrap elementor-element-populated\">\n\t\t\t\t\t\t<div class=\"elementor-element elementor-element-e1053d6 elementor-widget__width-auto elementor-absolute elementor-invisible elementor-widget elementor-widget-image\" data-id=\"e1053d6\" data-element_type=\"widget\" data-settings=\"{&quot;_position&quot;:&quot;absolute&quot;,&quot;_animation&quot;:&quot;fadeInLeft&quot;,&quot;_animation_delay&quot;:200}\" data-widget_type=\"image.default\">\n\t\t\t\t<div class=\"elementor-widget-container\">\n\t\t\t\t\t\t\t\t\t\t\t\t\t\t\t<img alt=\"\" decoding=\"async\" width=\"305\" height=\"227\" src=\"https:\/\/tamerbadr.com\/wp-content\/uploads\/2022\/10\/opening-quote-icon.png\" class=\"attachment-full size-full wp-image-1947\" \/>\t\t\t\t\t\t\t\t\t\t\t\t\t\t\t<\/div>\n\t\t\t\t<\/div>\n\t\t\t\t\t<\/div>\n\t\t<\/div>\n\t\t\t\t\t<\/div>\n\t\t<\/section>\n\t\t<div class=\"elementor-element elementor-element-1a52feb e-flex e-con-boxed e-con e-parent\" data-id=\"1a52feb\" data-element_type=\"container\">\n\t\t\t\t\t<div class=\"e-con-inner\">\n\t\t\t\t<div class=\"elementor-element elementor-element-4b1dd68 elementor-widget elementor-widget-text-editor\" data-id=\"4b1dd68\" data-element_type=\"widget\" data-widget_type=\"text-editor.default\">\n\t\t\t\t<div class=\"elementor-widget-container\">\n\t\t\t\t\t\t\t\t\t<h4>Pol\u00edtica de privacidade - Tamer Badr (tamerbadr.com)<\/h4><h2>\u00daltima atualiza\u00e7\u00e3o: (27 de mar\u00e7o de 2025)<\/h2><h1>Bem-vindo ao s\u00edtio Web de Tamer Badr (tamerbadr.com) (\"S\u00edtio\", \"n\u00f3s\", \"nos\", \"nosso\" ou \"nossa\"). Comprometemo-nos a proteger a sua privacidade e a respeitar os seus dados pessoais. Esta pol\u00edtica explica como recolhemos e utilizamos as informa\u00e7\u00f5es do utilizador quando este navega no nosso s\u00edtio Web ou compra livros electr\u00f3nicos na nossa loja.<\/h1><p>\u2e3b<\/p><h3 class=\"translation-block\">1. As informa\u00e7\u00f5es que recolhemos<\/h3><h2>a) As informa\u00e7\u00f5es fornecidas pelo utilizador<\/h2><h1 class=\"translation-block\">Quando faz compras ou comunica connosco, podemos recolher as seguintes informa\u00e7\u00f5es:<br>- Nome completo<br>- Endere\u00e7o de e-mail<br>- N\u00famero de telefone<br>- Detalhes de pagamento (n\u00e3o os armazenamos, s\u00e3o processados por fornecedores de pagamentos seguros)<\/h1><h2>b) Informa\u00e7\u00f5es recolhidas automaticamente<\/h2><h4 class=\"translation-block\">Quando o utilizador navega no Site, podemos recolher automaticamente determinadas informa\u00e7\u00f5es, tais como<\/h4><h1 class=\"translation-block\">- O endere\u00e7o IP do seu dispositivo<br> - Tipo e defini\u00e7\u00f5es do navegador<br> - P\u00e1ginas que visita no s\u00edtio Web<br> - Hora e data da sua visita<br> - Cookies e outras tecnologias de rastreio<\/h1><p>\u2e3b<\/p><h3>2. Como utilizar as informa\u00e7\u00f5es<\/h3><h2 class=\"translation-block\">Utilizamos os seus dados para:<\/h2><h1 class=\"translation-block\">- Processar pedidos e fornecer downloads de e-books.<br>- Melhorar a experi\u00eancia do usu\u00e1rio e personalizar o conte\u00fado.<br>- Enviar notifica\u00e7\u00f5es de marketing se voc\u00ea concordar com isso.<br>- Analisar o desempenho do site por meio de ferramentas como o Google Analytics.<br>- Cumprir as leis e proteger nossos direitos.<\/h1><p>\u2e3b<\/p><h3>3. Pol\u00edtica da loja online<\/h3><h2>a) Pagamento:<\/h2><h1 class=\"translation-block\">- O pagamento \u00e9 feito atrav\u00e9s de Instapay, Visa, Vodafone Cash ou qualquer outro m\u00e9todo de pagamento eletr\u00f3nico. <br>- N\u00e3o guardamos os dados de pagamento, uma vez que as transac\u00e7\u00f5es s\u00e3o tratadas por fornecedores de servi\u00e7os de pagamento autorizados.<\/h1><h2 class=\"translation-block\">b) Reembolso:<\/h2><h1 class=\"translation-block\">- Os livros electr\u00f3nicos n\u00e3o s\u00e3o reembols\u00e1veis ap\u00f3s a compra e o descarregamento. <br>- Caso haja um problema t\u00e9cnico que o impe\u00e7a de descarregar o livro, pode contactar-nos para resolver o problema.<\/h1><h2>c) Descarregar livros electr\u00f3nicos:<\/h2><h1>- Ap\u00f3s o pagamento bem sucedido, o utilizador poder\u00e1 descarregar o livro diretamente.<\/h1><h1>- Se tiver problemas com a transfer\u00eancia, contacte-nos atrav\u00e9s da p\u00e1gina de contacto.<\/h1><p>\u2e3b<\/p><h3>4. An\u00fancios e utiliza\u00e7\u00e3o do Google AdSense<\/h3><h1>O nosso Web site utiliza o Google AdSense para apresentar an\u00fancios e a Google pode utilizar cookies para recolher dados sobre a sua intera\u00e7\u00e3o com os an\u00fancios. Pode desativar os an\u00fancios personalizados visitando as defini\u00e7\u00f5es do Google Ads. Para mais informa\u00e7\u00f5es, consulte a Pol\u00edtica de privacidade da Google.<\/h1><p>\u2e3b<\/p><h3>5. Partilhar dados com terceiros<\/h3><h2>N\u00e3o vendemos nem partilhamos os seus dados pessoais, exceto:<\/h2><h1>- Prestadores de servi\u00e7os de pagamento: Para processar encomendas.<\/h1><h1>- Para cumprir a lei: Quando necess\u00e1rio para proteger os nossos direitos ou cumprir a lei.<\/h1><p>\u2e3b<\/p><h3>6. Cookies e tecnologias de rastreio<\/h3><h1>Utilizamos cookies para otimizar a sua experi\u00eancia de utilizador e pode control\u00e1-los atrav\u00e9s das defini\u00e7\u00f5es do seu browser.<\/h1><p>\u2e3b<\/p><h3>7. Seguran\u00e7a da informa\u00e7\u00e3o<\/h3><h1>Tomamos medidas de seguran\u00e7a para proteger os seus dados, mas n\u00e3o podemos garantir uma seguran\u00e7a absoluta em linha.<\/h1><p>\u2e3b<\/p><h3>8. Os seus direitos<\/h3><h1>Pode solicitar a atualiza\u00e7\u00e3o ou elimina\u00e7\u00e3o dos seus dados ou anular a subscri\u00e7\u00e3o de mensagens de marketing em qualquer altura, contactando-nos.<\/h1><p>\u2e3b<\/p><h3>9. Altera\u00e7\u00f5es de pol\u00edticas<\/h3><h1>Podemos atualizar esta Pol\u00edtica de Privacidade e quaisquer altera\u00e7\u00f5es ser\u00e3o publicadas nesta p\u00e1gina.<\/h1><p>\u2e3b<\/p><h3>10. Como contactar-nos<\/h3><h1><img decoding=\"async\" class=\"emoji\" role=\"img\" draggable=\"false\" src=\"https:\/\/s.w.org\/images\/core\/emoji\/15.0.3\/svg\/1f4e7.svg\" alt=\"\ud83d\udce7\" \/> info@tamerbadr.com<\/h1><h5><img decoding=\"async\" class=\"emoji\" role=\"img\" draggable=\"false\" src=\"https:\/\/s.w.org\/images\/core\/emoji\/15.0.3\/svg\/1f310.svg\" alt=\"\ud83c\udf10\" \/> <a href=\"https:\/\/tamerbadr.com\/pt\/contact-us\/\">tamerbadr.com\/contacto<\/a><\/h5><p>\u2e3b<\/p>\t\t\t\t\t\t\t\t<\/div>\n\t\t\t\t<\/div>\n\t\t\t\t\t<\/div>\n\t\t\t\t<\/div>\n\t\t\t\t<section class=\"elementor-section elementor-top-section elementor-element elementor-element-8cea59d elementor-section-full_width elementor-section-height-default elementor-section-height-default elementor-invisible\" data-id=\"8cea59d\" data-element_type=\"section\" data-settings=\"{&quot;animation&quot;:&quot;fadeInUp&quot;}\">\n\t\t\t\t\t\t<div class=\"elementor-container elementor-column-gap-no\">\n\t\t\t\t\t<div class=\"elementor-column elementor-col-100 elementor-top-column elementor-element elementor-element-1914be3\" data-id=\"1914be3\" data-element_type=\"column\" data-settings=\"{&quot;background_background&quot;:&quot;classic&quot;}\">\n\t\t\t<div class=\"elementor-widget-wrap elementor-element-populated\">\n\t\t\t\t\t\t<div class=\"elementor-element elementor-element-e88d76f elementor-widget__width-auto elementor-absolute elementor-invisible elementor-widget elementor-widget-image\" data-id=\"e88d76f\" data-element_type=\"widget\" data-settings=\"{&quot;_position&quot;:&quot;absolute&quot;,&quot;_animation&quot;:&quot;fadeInLeft&quot;,&quot;_animation_delay&quot;:200}\" data-widget_type=\"image.default\">\n\t\t\t\t<div class=\"elementor-widget-container\">\n\t\t\t\t\t\t\t\t\t\t\t\t\t\t\t<img alt=\"\" decoding=\"async\" width=\"305\" height=\"227\" src=\"https:\/\/tamerbadr.com\/wp-content\/uploads\/2022\/10\/opening-quote-icon.png\" class=\"attachment-full size-full wp-image-1947\" \/>\t\t\t\t\t\t\t\t\t\t\t\t\t\t\t<\/div>\n\t\t\t\t<\/div>\n\t\t\t\t\t<\/div>\n\t\t<\/div>\n\t\t\t\t\t<\/div>\n\t\t<\/section>\n\t\t\t\t<\/div>","protected":false},"excerpt":{"rendered":"<p>\u062a\u0627\u0645\u0631 \u0628\u062f\u0631 \u0633\u064a\u0627\u0633\u0629 \u0627\u0644\u062e\u0635\u0648\u0635\u064a\u0629 \u0633\u064a\u0627\u0633\u0629 \u0627\u0644\u062e\u0635\u0648\u0635\u064a\u0629 \u2013 \u062a\u0627\u0645\u0631 \u0628\u062f\u0631 (tamerbadr.com) \u0622\u062e\u0631 \u062a\u062d\u062f\u064a\u062b: (27 \u0645\u0627\u0631\u0633 2025) \u0645\u0631\u062d\u0628\u064b\u0627 \u0628\u0643 \u0641\u064a \u0645\u0648\u0642\u0639 \u062a\u0627\u0645\u0631 \u0628\u062f\u0631 (tamerbadr.com) (\u201c\u0627\u0644\u0645\u0648\u0642\u0639\u201d\u060c \u201c\u0646\u062d\u0646\u201d\u060c \u201c\u0644\u0646\u0627\u201d \u0623\u0648 \u201c\u062e\u0627\u0635\u062a\u0646\u0627\u201d). \u0646\u062d\u0646 \u0646\u0644\u062a\u0632\u0645 \u0628\u062d\u0645\u0627\u064a\u0629 \u062e\u0635\u0648\u0635\u064a\u062a\u0643 \u0648\u0627\u062d\u062a\u0631\u0627\u0645 \u0628\u064a\u0627\u0646\u0627\u062a\u0643 \u0627\u0644\u0634\u062e\u0635\u064a\u0629. \u062a\u0648\u0636\u062d \u0647\u0630\u0647 \u0627\u0644\u0633\u064a\u0627\u0633\u0629 \u0643\u064a\u0641\u064a\u0629 \u062c\u0645\u0639 \u0645\u0639\u0644\u0648\u0645\u0627\u062a\u0643 \u0648\u0627\u0633\u062a\u062e\u062f\u0627\u0645\u0647\u0627 \u0639\u0646\u062f \u062a\u0635\u0641\u062d \u0645\u0648\u0642\u0639\u0646\u0627 \u0623\u0648 \u0634\u0631\u0627\u0621 \u0627\u0644\u0643\u062a\u0628 \u0627\u0644\u0625\u0644\u0643\u062a\u0631\u0648\u0646\u064a\u0629 \u0645\u0646 \u0645\u062a\u062c\u0631\u0646\u0627. \u2e3b 1. \u0627\u0644\u0645\u0639\u0644\u0648\u0645\u0627\u062a \u0627\u0644\u062a\u064a \u0646\u062c\u0645\u0639\u0647\u0627 [&hellip;]<\/p>","protected":false},"author":1,"featured_media":4468,"parent":0,"menu_order":0,"comment_status":"closed","ping_status":"closed","template":"elementor_header_footer","meta":{"_seopress_robots_primary_cat":"","_seopress_titles_title":"","_seopress_titles_desc":"","_seopress_robots_index":"","inline_featured_image":false,"_uf_show_specific_survey":0,"_uf_disable_surveys":false,"footnotes":""},"class_list":["post-20178","page","type-page","status-publish","has-post-thumbnail"],"_links":{"self":[{"href":"https:\/\/tamerbadr.com\/pt\/wp-json\/wp\/v2\/pages\/20178","targetHints":{"allow":["GET"]}}],"collection":[{"href":"https:\/\/tamerbadr.com\/pt\/wp-json\/wp\/v2\/pages"}],"about":[{"href":"https:\/\/tamerbadr.com\/pt\/wp-json\/wp\/v2\/types\/page"}],"author":[{"embeddable":true,"href":"https:\/\/tamerbadr.com\/pt\/wp-json\/wp\/v2\/users\/1"}],"replies":[{"embeddable":true,"href":"https:\/\/tamerbadr.com\/pt\/wp-json\/wp\/v2\/comments?post=20178"}],"version-history":[{"count":0,"href":"https:\/\/tamerbadr.com\/pt\/wp-json\/wp\/v2\/pages\/20178\/revisions"}],"wp:featuredmedia":[{"embeddable":true,"href":"https:\/\/tamerbadr.com\/pt\/wp-json\/wp\/v2\/media\/4468"}],"wp:attachment":[{"href":"https:\/\/tamerbadr.com\/pt\/wp-json\/wp\/v2\/media?parent=20178"}],"curies":[{"name":"wp","href":"https:\/\/api.w.org\/{rel}","templated":true}]}}