{"id":20137,"date":"2025-03-19T15:40:18","date_gmt":"2025-03-19T15:40:18","guid":{"rendered":"https:\/\/white-ant-267257.hostingersite.com\/?page_id=20137"},"modified":"2025-04-06T08:18:15","modified_gmt":"2025-04-06T08:18:15","slug":"the-book-of-the-virtue-of-patience-in-the-face-of-adversity","status":"publish","type":"page","link":"https:\/\/tamerbadr.com\/pt\/the-book-of-the-virtue-of-patience-in-the-face-of-adversity","title":{"rendered":"As virtudes da paci\u00eancia perante a adversidade"},"content":{"rendered":"<div data-elementor-type=\"wp-page\" data-elementor-id=\"20137\" class=\"elementor elementor-20137\" data-elementor-post-type=\"page\">\n\t\t\t\t<div class=\"elementor-element elementor-element-c8c7aab e-flex e-con-boxed e-con e-parent\" data-id=\"c8c7aab\" data-element_type=\"container\">\n\t\t\t\t\t<div class=\"e-con-inner\">\n\t\t<div class=\"elementor-element elementor-element-6483b1a e-con-full e-flex e-con e-child\" data-id=\"6483b1a\" data-element_type=\"container\">\n\t\t\t\t<div class=\"elementor-element elementor-element-6058eb2 elementor-widget elementor-widget-wc-elements\" data-id=\"6058eb2\" data-element_type=\"widget\" data-widget_type=\"wc-elements.default\">\n\t\t\t\t<div class=\"elementor-widget-container\">\n\t\t\t\t\t<div class=\"woocommerce\">\t\t\t<div class=\"single-product\" data-product-page-preselected-id=\"0\">\n\t\t\t\t<div class=\"woocommerce-notices-wrapper\"><\/div><div id=\"product-19573\" class=\"product type-product post-19573 status-publish first instock product_cat-191 has-post-thumbnail downloadable shipping-taxable purchasable product-type-simple\">\n\n\t<div class=\"woocommerce-product-gallery woocommerce-product-gallery--with-images woocommerce-product-gallery--columns-4 images\" data-columns=\"4\" style=\"opacity: 0; transition: opacity .25s ease-in-out;\">\n\t<div class=\"woocommerce-product-gallery__wrapper\">\n\t\t<div data-thumb=\"https:\/\/tamerbadr.com\/wp-content\/uploads\/2025\/03\/\u0641\u0636\u0644-\u0627\u0644\u0635\u0628\u0631-\u0639\u0644\u0649-\u0627\u0644\u0628\u0644\u0627\u0621.jpg\" data-thumb-alt=\"\u0643\u062a\u0627\u0628 \u0641\u0636\u0644 \u0627\u0644\u0635\u0628\u0631 \u0639\u0644\u064a \u0627\u0644\u0628\u0644\u0627\u0621\" data-thumb-srcset=\"\"  data-thumb-sizes=\"(max-width: 71px) 100vw, 71px\" class=\"woocommerce-product-gallery__image\"><a href=\"https:\/\/tamerbadr.com\/wp-content\/uploads\/2025\/03\/\u0641\u0636\u0644-\u0627\u0644\u0635\u0628\u0631-\u0639\u0644\u0649-\u0627\u0644\u0628\u0644\u0627\u0621.jpg\"><img fetchpriority=\"high\" decoding=\"async\" width=\"480\" height=\"676\" src=\"https:\/\/tamerbadr.com\/wp-content\/uploads\/2025\/03\/\u0641\u0636\u0644-\u0627\u0644\u0635\u0628\u0631-\u0639\u0644\u0649-\u0627\u0644\u0628\u0644\u0627\u0621.jpg\" class=\"wp-post-image\" alt=\"As virtudes da paci\u00eancia perante a adversidade\" data-caption=\"\" data-src=\"https:\/\/tamerbadr.com\/wp-content\/uploads\/2025\/03\/\u0641\u0636\u0644-\u0627\u0644\u0635\u0628\u0631-\u0639\u0644\u0649-\u0627\u0644\u0628\u0644\u0627\u0621.jpg\" data-large_image=\"https:\/\/tamerbadr.com\/wp-content\/uploads\/2025\/03\/\u0641\u0636\u0644-\u0627\u0644\u0635\u0628\u0631-\u0639\u0644\u0649-\u0627\u0644\u0628\u0644\u0627\u0621.jpg\" data-large_image_width=\"480\" data-large_image_height=\"676\" \/><\/a><\/div><div data-thumb=\"https:\/\/tamerbadr.com\/wp-content\/uploads\/2025\/03\/\u0645\u0624\u0644\u0641\u0627\u062a-\u062a\u0627\u0645\u0631-\u0628\u062f\u0631-1-6.jpg\" data-thumb-alt=\"\u0643\u062a\u0627\u0628 \u0641\u0636\u0644 \u0627\u0644\u0635\u0628\u0631 \u0639\u0644\u064a \u0627\u0644\u0628\u0644\u0627\u0621 - Imagem 2\" data-thumb-srcset=\"\"  data-thumb-sizes=\"(max-width: 92px) 100vw, 92px\" class=\"woocommerce-product-gallery__image\" data-no-translation-data-thumb-alt=\"\"><a href=\"https:\/\/tamerbadr.com\/wp-content\/uploads\/2025\/03\/\u0645\u0624\u0644\u0641\u0627\u062a-\u062a\u0627\u0645\u0631-\u0628\u062f\u0631-1-6.jpg\"><img decoding=\"async\" width=\"389\" height=\"422\" src=\"https:\/\/tamerbadr.com\/wp-content\/uploads\/2025\/03\/\u0645\u0624\u0644\u0641\u0627\u062a-\u062a\u0627\u0645\u0631-\u0628\u062f\u0631-1-6.jpg\" class=\"\" alt=\"\u0643\u062a\u0627\u0628 \u0641\u0636\u0644 \u0627\u0644\u0635\u0628\u0631 \u0639\u0644\u064a \u0627\u0644\u0628\u0644\u0627\u0621 - Imagem 2\" data-caption=\"CREATOR: gd-jpeg v1.0 (using IJG JPEG v62), quality = 90\" data-src=\"https:\/\/tamerbadr.com\/wp-content\/uploads\/2025\/03\/\u0645\u0624\u0644\u0641\u0627\u062a-\u062a\u0627\u0645\u0631-\u0628\u062f\u0631-1-6.jpg\" data-large_image=\"https:\/\/tamerbadr.com\/wp-content\/uploads\/2025\/03\/\u0645\u0624\u0644\u0641\u0627\u062a-\u062a\u0627\u0645\u0631-\u0628\u062f\u0631-1-6.jpg\" data-large_image_width=\"389\" data-large_image_height=\"422\" data-no-translation-alt=\"\" \/><\/a><\/div>\t<\/div>\n<\/div>\n\n\t<div class=\"summary entry-summary\">\n\t\t<h1 class=\"product_title entry-title\">As virtudes da paci\u00eancia perante a adversidade<\/h1><p class=\"price\"><span class=\"woocommerce-Price-amount amount\"><bdi><span class=\"woocommerce-Price-currencySymbol\">EGP<\/span>40.00<\/bdi><\/span><\/p>\n\n\t\n\t<form class=\"cart\" action=\"\" method=\"post\" enctype='multipart\/form-data' data-trp-original-action=\"\">\n\t\t\n\t\t<div class=\"quantity\">\n\t\t<label class=\"screen-reader-text\" for=\"quantity_6a035130ae8be\" data-no-translation=\"\" data-trp-gettext=\"\">Quantidade de \u0643\u062a\u0627\u0628 \u0641\u0636\u0644 \u0627\u0644\u0635\u0628\u0631 \u0639\u0644\u064a \u0627\u0644\u0628\u0644\u0627\u0621<\/label>\n\t<input\n\t\ttype=\"number\"\n\t\t\t\tid=\"quantity_6a035130ae8be\"\n\t\tclass=\"input-text qty text\"\n\t\tname=\"quantity\"\n\t\tvalue=\"1\"\n\t\taria-label=\"Quantidade do produto\"\n\t\t\t\tmin=\"1\"\n\t\t\t\t\t\t\tstep=\"1\"\n\t\t\tplaceholder=\"\"\n\t\t\tinputmode=\"numeric\"\n\t\t\tautocomplete=\"off\" data-no-translation-aria-label=\"\"\n\t\t\t\/>\n\t<\/div>\n\n\t\t<button type=\"submit\" name=\"add-to-cart\" value=\"19573\" class=\"single_add_to_cart_button button alt\" data-no-translation=\"\" data-trp-gettext=\"\">Adicionar<\/button>\n\n\t\t\n        <script>\n            document.addEventListener('DOMContentLoaded', function(){\n                document.addEventListener('click', function(event){\n                    if(!event.target.matches('.single_add_to_cart_button')){\n                        return;\n                    }\n\n                    const quantity = document.querySelector('input.qty').value || '1';\n                    const formProductVariation = document.querySelector('form[data-product_variations]')\n                    const variationItem = document.querySelector('.variation_id')\n\n                    let price = 40\n                    if(formProductVariation && variationItem){\n                        try{\n                            const variations = JSON.parse(formProductVariation.dataset.product_variations)\n                            const variationId = variationItem.value\n                            for(const variation of variations){\n                                if(variation.variation_id == Number(variationId)){\n                                    price = variation.display_price\n                                }\n                            }\n                        }\n                        catch{\n                        }\n                    }\n\n                    gtag('event', 'add_to_cart', {\n                        'items': [ {\n                            'item_id':'19573',\n                            'item_name': '\u0643\u062a\u0627\u0628 \u0641\u0636\u0644 \u0627\u0644\u0635\u0628\u0631 \u0639\u0644\u064a \u0627\u0644\u0628\u0644\u0627\u0621',\n                            'list_name': '\u0643\u062a\u0627\u0628 \u0641\u0636\u0644 \u0627\u0644\u0635\u0628\u0631 \u0639\u0644\u064a \u0627\u0644\u0628\u0644\u0627\u0621',\n                            'quantity': quantity,\n                            'price': price,\n                            \"item_category\":\"\u062f\u064a\u0646 \u0625\u0633\u0644\u0627\u0645\u064a\"\n                        }]\n                    });\n                })\n            });\n        <\/script>\n        \t<input type=\"hidden\" name=\"trp-form-language\" value=\"pt\"\/><\/form>\n\n\t\n<div class=\"product_meta\">\n\n\t\n\t\n\t<span class=\"posted_in\">Categoria: <a href=\"https:\/\/tamerbadr.com\/pt\/categoria-produto\/%d8%af%d9%8a%d9%86-%d8%a5%d8%b3%d9%84%d8%a7%d9%85%d9%8a\" rel=\"tag\">Religi\u00e3o isl\u00e2mica<\/a><\/span>\n\t\n\t\n<\/div>\n\t<\/div>\n\n\t\n\t<div class=\"woocommerce-tabs wc-tabs-wrapper\">\n\t\t<ul class=\"tabs wc-tabs\" role=\"tablist\">\n\t\t\t\t\t\t\t<li role=\"presentation\" class=\"description_tab\" id=\"tab-title-description\">\n\t\t\t\t\t<a href=\"#tab-description\" role=\"tab\" aria-controls=\"tab-description\">\n\t\t\t\t\t\tDescri\u00e7\u00e3o\t\t\t\t\t<\/a>\n\t\t\t\t<\/li>\n\t\t\t\t\t\t\t<li role=\"presentation\" class=\"reviews_tab\" id=\"tab-title-reviews\">\n\t\t\t\t\t<a href=\"#tab-reviews\" role=\"tab\" aria-controls=\"tab-reviews\">\n\t\t\t\t\t\tAvalia\u00e7\u00f5es (0)\t\t\t\t\t<\/a>\n\t\t\t\t<\/li>\n\t\t\t\t\t<\/ul>\n\t\t\t\t\t<div class=\"woocommerce-Tabs-panel woocommerce-Tabs-panel--description panel entry-content wc-tab\" id=\"tab-description\" role=\"tabpanel\" aria-labelledby=\"tab-title-description\">\n\t\t\t\t\n\t<h2 data-no-translation=\"\" data-trp-gettext=\"\">Descri\u00e7\u00e3o<\/h2>\n\n<h1 style=\"text-align: center;\"><strong>Introdu\u00e7\u00e3o do Sheikh Mohammed Hassan ao livro A Virtude da Paci\u00eancia<\/strong><\/h1>\n<h1 style=\"text-align: center;\">Alhamdulillah, que a paz e as b\u00ean\u00e7\u00e3os estejam com o Mensageiro de Allah, que Allah o aben\u00e7oe e lhe conceda a paz.<\/h1>\n<h1 style=\"text-align: center;\">Deus fez da paci\u00eancia um ex\u00e9rcito impar\u00e1vel, um ex\u00e9rcito invenc\u00edvel e uma fortaleza que n\u00e3o pode ser destru\u00edda. Disse que os pacientes est\u00e3o na companhia de Deus e que Ele os ama. Que dignidade!<\/h1>\n<h1 style=\"text-align: center;\">O Todo-Poderoso disse: Al\u00e1 est\u00e1 com os pacientes [Al-Baqarah: 153].<\/h1>\n<h1 style=\"text-align: center;\">E Deus ama os pacientes [Al-Imran: 146].<\/h1>\n<h1 style=\"text-align: center;\">Ele fez depender a lideran\u00e7a na religi\u00e3o da paci\u00eancia e da certeza: \"E fizemos, entre eles, im\u00e3s que guiaram por Nosso comando quando eram pacientes e tinham f\u00e9 nas Nossas revela\u00e7\u00f5es\" [Al-Sajda: 24].<\/h1>\n<h1 style=\"text-align: center;\">E reuniu, para os pacientes, as alv\u00edssaras que n\u00e3o reuniu para os demais, dizendo-lhes: \"Testar-vos-emos com o temor e a fome e com a escassez de bens, de vidas e de frutos: Testar-vos-emos com o temor e a fome, com a escassez de riquezas, de vidas e de frutos, e com boas novas para os pacientes(155). Aqueles que, quando lhes sucede uma calamidade, dizem: \"Somos Deus, e a Ele retornamos(156)\".<\/h1>\n<h1 style=\"text-align: center;\">Em seguida, explicou a honra dos pacientes no Para\u00edso, com os anjos a entrarem no Para\u00edso para os cumprimentar e saudar, dizendo: E os anjos entrar\u00e3o neles por todas as portas (23) Que a paz esteja convosco pelo que suportastes, porque boa \u00e9 a recompensa para os pacientes (24) ([Al-Ra'd]) [Al-Ra'd].<\/h1>\n<h1 style=\"text-align: center;\">Ele resumiu a sua gra\u00e7a e recompensa ilimitadas, dizendo: Os perseverantes receber\u00e3o a sua recompensa sem conta [Al-Zamar: 10].<\/h1>\n<h1 style=\"text-align: center;\">Sim, a paci\u00eancia, tal como o seu nome, \u00e9 amarga, mas as suas consequ\u00eancias s\u00e3o mais doces do que o mel.<\/h1>\n<h1 style=\"text-align: center;\">O que \u00e9 a paci\u00eancia?<\/h1>\n<h1 style=\"text-align: center;\">A paci\u00eancia na linguagem: \u00c9 a preven\u00e7\u00e3o e o confinamento.<\/h1>\n<h1 style=\"text-align: center;\">A paci\u00eancia \u00e9 um termo jur\u00eddico: \u00c9 a conten\u00e7\u00e3o da alma para n\u00e3o entrar em p\u00e2nico, a conten\u00e7\u00e3o da l\u00edngua para n\u00e3o se queixar e a conten\u00e7\u00e3o dos membros para n\u00e3o pecar.<\/h1>\n<h1 style=\"text-align: center;\">* Est\u00e1 dividido em tr\u00eas sec\u00e7\u00f5es:<\/h1>\n<h1 style=\"text-align: center;\">- Paci\u00eancia para o que \u00e9 ordenado. Ou seja, paci\u00eancia na obedi\u00eancia.<\/h1>\n<h1 style=\"text-align: center;\">- A paci\u00eancia do proibido. Ou seja, paci\u00eancia contra o pecado.<\/h1>\n<h1 style=\"text-align: center;\">- Paci\u00eancia com o que est\u00e1 predestinado. Isto \u00e9, paci\u00eancia com as calamidades e prova\u00e7\u00f5es que Al\u00e1 decretou para o servo.<\/h1>\n<h1 style=\"text-align: center;\">A bela paci\u00eancia \u00e9 aquela que procura o rosto de Al\u00e1, n\u00e3o por medo das pessoas para que n\u00e3o digam \"jazza'a\", nem para se embelezar por causa das pessoas para que digam \"paci\u00eancia\", mas sim para ser paciente, acreditando no destino bom e mau de Al\u00e1, transcendendo a dor e elevando-se acima da queixa.<\/h1>\n<h1 style=\"text-align: center;\">Existem dois tipos de queixas:<\/h1>\n<h1 style=\"text-align: center;\">Uma queixa a Deus e uma queixa de Deus!<\/h1>\n<h1 style=\"text-align: center;\">Quanto a queixar-se a Allah, isso n\u00e3o contradiz a paci\u00eancia, como Allah disse sobre Ya'qub, que a paz esteja com ele: \"A paci\u00eancia \u00e9 bela, e Al\u00e1 \u00e9 nosso aux\u00edlio contra o que descreves\" [Yusuf: 18].<\/h1>\n<h1 style=\"text-align: center;\">No entanto, apresentou a sua queixa a Deus, dizendo: \"S\u00f3 me queixo da minha dor e tristeza a Al\u00e1\" [Yusuf: 86].<\/h1>\n<h1 style=\"text-align: center;\">Deus Todo-Poderoso louvou Job, que a paz esteja com ele, mas ele apresentou a sua queixa a Deus, dizendo: \"E Ayyub, quando invocou o seu Senhor, dizendo: 'Estou aflito com a ang\u00fastia, e Tu \u00e9s o mais misericordioso dos misericordiosos'\" [Al-Anbiya: 83].<\/h1>\n<h1 style=\"text-align: center;\">O crente s\u00e3o deve saber que o mundo \u00e9 um lugar de prova\u00e7\u00f5es e de testes, e que a sua felicidade \u00e9 um sonho de sono, e uma sombra fugaz, se te faz rir um pouco, faz-te chorar muito, se te faz feliz por um dia, faz-te triste por toda a vida, se te faz feliz por um pouco, faz-te triste por muito tempo, e para cada alegria h\u00e1 uma dor!<\/h1>\n<h1 style=\"text-align: center;\">O s\u00e1bio \u00e9 aquele que olha com os olhos da sua vis\u00e3o e com a luz da sua f\u00e9 e sabe, com certeza, que o que est\u00e1 certo para ele n\u00e3o teria sido errado para ele e o que est\u00e1 errado para ele n\u00e3o teria sido certo para ele, por isso ele olha para o Livro de Deus Todo-Poderoso e para a Sunnah do Seu Mensageiro (que a paz esteja com ele) para descobrir a recompensa para o paciente.<\/h1>\n<h1 style=\"text-align: center;\">Ent\u00e3o, que ele apague o fogo das calamidades e das prova\u00e7\u00f5es com a frieza de imitar o povo da afli\u00e7\u00e3o, encabe\u00e7ado pelos mensageiros e profetas.<\/h1>\n<h1 style=\"text-align: center;\">Ent\u00e3o, se ele olhar e procurar entre os povos da terra, n\u00e3o ver\u00e1 ningu\u00e9m entre eles que n\u00e3o esteja aflito com a perda de uma coisa amada ou com a ocorr\u00eancia de uma coisa odiada!<\/h1>\n<h1 style=\"text-align: center;\">Numa \u00e9poca em que abundam as prova\u00e7\u00f5es e tribula\u00e7\u00f5es, precisamos de ser constantemente recordados.<\/h1>\n<h1 style=\"text-align: center;\">Gra\u00e7as \u00e0 paci\u00eancia com a afli\u00e7\u00e3o, identificando a sabedoria da afli\u00e7\u00e3o, reconhecendo os tipos de afli\u00e7\u00e3o, seguindo o exemplo dos profetas e ap\u00f3stolos, e outras quest\u00f5es importantes relacionadas com este assunto vener\u00e1vel.<\/h1>\n<h1 style=\"text-align: center;\">Que Al\u00e1 o recompense bem e fa\u00e7a com que n\u00f3s e ele sejamos um dos pacientes, e que Al\u00e1 fa\u00e7a com que os nossos olhos se fechem para todos n\u00f3s para apoiar esta religi\u00e3o, e que Al\u00e1 reze, que a paz e as b\u00ean\u00e7\u00e3os estejam sobre o Im\u00e3 dos Profetas e sobre a sua fam\u00edlia e companheiros.<\/h1>\n<h1 style=\"text-align: center;\">escrito por ele<\/h1>\n\t\t\t<\/div>\n\t\t\t\t\t<div class=\"woocommerce-Tabs-panel woocommerce-Tabs-panel--reviews panel entry-content wc-tab\" id=\"tab-reviews\" role=\"tabpanel\" aria-labelledby=\"tab-title-reviews\">\n\t\t\t\t<div id=\"reviews\" class=\"woocommerce-Reviews\">\n\t<div id=\"comments\">\n\t\t<h2 class=\"woocommerce-Reviews-title\">\n\t\t\tAvalia\u00e7\u00f5es\t\t<\/h2>\n\n\t\t\t\t\t<p class=\"woocommerce-noreviews\" data-no-translation=\"\" data-trp-gettext=\"\">Ainda n\u00e3o existem avalia\u00e7\u00f5es.<\/p>\n\t\t\t<\/div>\n\n\t\t\t<div id=\"review_form_wrapper\">\n\t\t\t<div id=\"review_form\">\n\t\t\t\t\t<div id=\"respond\" class=\"comment-respond\">\n\t\t<span id=\"reply-title\" class=\"comment-reply-title\" role=\"heading\" aria-level=\"3\">Seja o primeiro a avaliar &ldquo;\u0643\u062a\u0627\u0628 \u0641\u0636\u0644 \u0627\u0644\u0635\u0628\u0631 \u0639\u0644\u064a \u0627\u0644\u0628\u0644\u0627\u0621&rdquo; <small><a rel=\"nofollow\" id=\"cancel-comment-reply-link\" href=\"\/pt\/wp-json\/wp\/v2\/pages\/20137#respond\" style=\"display:none;\">Cancelar resposta<\/a><\/small><\/span><p class=\"must-log-in\" data-no-translation=\"\" data-trp-gettext=\"\">Tem de <a href=\"https:\/\/tamerbadr.com\/pt\/\">iniciar sess\u00e3o<\/a> para enviar uma avalia\u00e7\u00e3o.<\/p>\t<\/div><!-- #respond -->\n\t\t\t\t<\/div>\n\t\t<\/div>\n\t\n\t<div class=\"clear\"><\/div>\n<\/div>\n\t\t\t<\/div>\n\t\t\n\t\t\t<\/div>\n\n<\/div>\n\n\t\t\t<\/div>\n\t\t\t<\/div>\t\t\t\t<\/div>\n\t\t\t\t<\/div>\n\t\t\t\t<\/div>\n\t\t\t\t\t<\/div>\n\t\t\t\t<\/div>\n\t\t\t\t<\/div>","protected":false},"excerpt":{"rendered":"","protected":false},"author":1,"featured_media":0,"parent":0,"menu_order":0,"comment_status":"closed","ping_status":"closed","template":"elementor_header_footer","meta":{"_seopress_robots_primary_cat":"","_seopress_titles_title":"","_seopress_titles_desc":"","_seopress_robots_index":"","inline_featured_image":false,"_uf_show_specific_survey":0,"_uf_disable_surveys":false,"footnotes":""},"class_list":["post-20137","page","type-page","status-publish"],"_links":{"self":[{"href":"https:\/\/tamerbadr.com\/pt\/wp-json\/wp\/v2\/pages\/20137","targetHints":{"allow":["GET"]}}],"collection":[{"href":"https:\/\/tamerbadr.com\/pt\/wp-json\/wp\/v2\/pages"}],"about":[{"href":"https:\/\/tamerbadr.com\/pt\/wp-json\/wp\/v2\/types\/page"}],"author":[{"embeddable":true,"href":"https:\/\/tamerbadr.com\/pt\/wp-json\/wp\/v2\/users\/1"}],"replies":[{"embeddable":true,"href":"https:\/\/tamerbadr.com\/pt\/wp-json\/wp\/v2\/comments?post=20137"}],"version-history":[{"count":0,"href":"https:\/\/tamerbadr.com\/pt\/wp-json\/wp\/v2\/pages\/20137\/revisions"}],"wp:attachment":[{"href":"https:\/\/tamerbadr.com\/pt\/wp-json\/wp\/v2\/media?parent=20137"}],"curies":[{"name":"wp","href":"https:\/\/api.w.org\/{rel}","templated":true}]}}