{"id":20132,"date":"2025-03-19T15:34:42","date_gmt":"2025-03-19T15:34:42","guid":{"rendered":"https:\/\/white-ant-267257.hostingersite.com\/?page_id=20132"},"modified":"2025-04-06T08:14:03","modified_gmt":"2025-04-06T08:14:03","slug":"unforgettable-days-book","status":"publish","type":"page","link":"https:\/\/tamerbadr.com\/pt\/unforgettable-days-book","title":{"rendered":"Dias inesquec\u00edveis"},"content":{"rendered":"<div data-elementor-type=\"wp-page\" data-elementor-id=\"20132\" class=\"elementor elementor-20132\" data-elementor-post-type=\"page\">\n\t\t\t\t<div class=\"elementor-element elementor-element-c8c7aab e-flex e-con-boxed e-con e-parent\" data-id=\"c8c7aab\" data-element_type=\"container\">\n\t\t\t\t\t<div class=\"e-con-inner\">\n\t\t<div class=\"elementor-element elementor-element-6483b1a e-con-full e-flex e-con e-child\" data-id=\"6483b1a\" data-element_type=\"container\">\n\t\t\t\t<div class=\"elementor-element elementor-element-6058eb2 elementor-widget elementor-widget-wc-elements\" data-id=\"6058eb2\" data-element_type=\"widget\" data-widget_type=\"wc-elements.default\">\n\t\t\t\t<div class=\"elementor-widget-container\">\n\t\t\t\t\t<div class=\"woocommerce\">\t\t\t<div class=\"single-product\" data-product-page-preselected-id=\"0\">\n\t\t\t\t<div class=\"woocommerce-notices-wrapper\"><\/div><div id=\"product-19575\" class=\"product type-product post-19575 status-publish first instock product_cat-189 has-post-thumbnail downloadable shipping-taxable purchasable product-type-simple\">\n\n\t<div class=\"woocommerce-product-gallery woocommerce-product-gallery--with-images woocommerce-product-gallery--columns-4 images\" data-columns=\"4\" style=\"opacity: 0; transition: opacity .25s ease-in-out;\">\n\t<div class=\"woocommerce-product-gallery__wrapper\">\n\t\t<div data-thumb=\"https:\/\/tamerbadr.com\/wp-content\/uploads\/2025\/03\/\u0623\u064a\u0627\u0645-\u0644\u0627-\u062a\u0646\u0633\u0649-scaled-scaled.jpg\" data-thumb-alt=\"\u0643\u062a\u0627\u0628 \u0623\u064a\u0627\u0645 \u0644\u0627 \u062a\u0646\u0633\u0649\" data-thumb-srcset=\"\"  data-thumb-sizes=\"(max-width: 100px) 100vw, 100px\" class=\"woocommerce-product-gallery__image\"><a href=\"https:\/\/tamerbadr.com\/wp-content\/uploads\/2025\/03\/\u0623\u064a\u0627\u0645-\u0644\u0627-\u062a\u0646\u0633\u0649-scaled-scaled.jpg\"><img fetchpriority=\"high\" decoding=\"async\" width=\"2049\" height=\"1453\" src=\"https:\/\/tamerbadr.com\/wp-content\/uploads\/2025\/03\/\u0623\u064a\u0627\u0645-\u0644\u0627-\u062a\u0646\u0633\u0649-scaled-scaled.jpg\" class=\"wp-post-image\" alt=\"Dias inesquec\u00edveis\" data-caption=\"\" data-src=\"https:\/\/tamerbadr.com\/wp-content\/uploads\/2025\/03\/\u0623\u064a\u0627\u0645-\u0644\u0627-\u062a\u0646\u0633\u0649-scaled-scaled.jpg\" data-large_image=\"https:\/\/tamerbadr.com\/wp-content\/uploads\/2025\/03\/\u0623\u064a\u0627\u0645-\u0644\u0627-\u062a\u0646\u0633\u0649-scaled-scaled.jpg\" data-large_image_width=\"2049\" data-large_image_height=\"1453\" \/><\/a><\/div><div data-thumb=\"https:\/\/tamerbadr.com\/wp-content\/uploads\/2025\/03\/\u0627\u064a\u0627\u0645-\u0644\u0627-\u062a\u0646\u0633\u0649.jpg\" data-thumb-alt=\"\u0643\u062a\u0627\u0628 \u0623\u064a\u0627\u0645 \u0644\u0627 \u062a\u0646\u0633\u0649 - Imagem 2\" data-thumb-srcset=\"\"  data-thumb-sizes=\"(max-width: 73px) 100vw, 73px\" class=\"woocommerce-product-gallery__image\" data-no-translation-data-thumb-alt=\"\"><a href=\"https:\/\/tamerbadr.com\/wp-content\/uploads\/2025\/03\/\u0627\u064a\u0627\u0645-\u0644\u0627-\u062a\u0646\u0633\u0649.jpg\"><img decoding=\"async\" width=\"740\" height=\"1020\" src=\"https:\/\/tamerbadr.com\/wp-content\/uploads\/2025\/03\/\u0627\u064a\u0627\u0645-\u0644\u0627-\u062a\u0646\u0633\u0649.jpg\" class=\"\" alt=\"\u0643\u062a\u0627\u0628 \u0623\u064a\u0627\u0645 \u0644\u0627 \u062a\u0646\u0633\u0649 - Imagem 2\" data-caption=\"\" data-src=\"https:\/\/tamerbadr.com\/wp-content\/uploads\/2025\/03\/\u0627\u064a\u0627\u0645-\u0644\u0627-\u062a\u0646\u0633\u0649.jpg\" data-large_image=\"https:\/\/tamerbadr.com\/wp-content\/uploads\/2025\/03\/\u0627\u064a\u0627\u0645-\u0644\u0627-\u062a\u0646\u0633\u0649.jpg\" data-large_image_width=\"740\" data-large_image_height=\"1020\" data-no-translation-alt=\"\" \/><\/a><\/div><div data-thumb=\"https:\/\/tamerbadr.com\/wp-content\/uploads\/2025\/03\/\u0645\u0624\u0644\u0641\u0627\u062a-\u062a\u0627\u0645\u0631-\u0628\u062f\u0631-1-6.jpg\" data-thumb-alt=\"\u0643\u062a\u0627\u0628 \u0623\u064a\u0627\u0645 \u0644\u0627 \u062a\u0646\u0633\u0649 - Imagem 3\" data-thumb-srcset=\"\"  data-thumb-sizes=\"(max-width: 92px) 100vw, 92px\" class=\"woocommerce-product-gallery__image\" data-no-translation-data-thumb-alt=\"\"><a href=\"https:\/\/tamerbadr.com\/wp-content\/uploads\/2025\/03\/\u0645\u0624\u0644\u0641\u0627\u062a-\u062a\u0627\u0645\u0631-\u0628\u062f\u0631-1-6.jpg\"><img decoding=\"async\" width=\"389\" height=\"422\" src=\"https:\/\/tamerbadr.com\/wp-content\/uploads\/2025\/03\/\u0645\u0624\u0644\u0641\u0627\u062a-\u062a\u0627\u0645\u0631-\u0628\u062f\u0631-1-6.jpg\" class=\"\" alt=\"\u0643\u062a\u0627\u0628 \u0623\u064a\u0627\u0645 \u0644\u0627 \u062a\u0646\u0633\u0649 - Imagem 3\" data-caption=\"CREATOR: gd-jpeg v1.0 (using IJG JPEG v62), quality = 90\" data-src=\"https:\/\/tamerbadr.com\/wp-content\/uploads\/2025\/03\/\u0645\u0624\u0644\u0641\u0627\u062a-\u062a\u0627\u0645\u0631-\u0628\u062f\u0631-1-6.jpg\" data-large_image=\"https:\/\/tamerbadr.com\/wp-content\/uploads\/2025\/03\/\u0645\u0624\u0644\u0641\u0627\u062a-\u062a\u0627\u0645\u0631-\u0628\u062f\u0631-1-6.jpg\" data-large_image_width=\"389\" data-large_image_height=\"422\" data-no-translation-alt=\"\" \/><\/a><\/div>\t<\/div>\n<\/div>\n\n\t<div class=\"summary entry-summary\">\n\t\t<h1 class=\"product_title entry-title\">Dias inesquec\u00edveis<\/h1><p class=\"price\"><span class=\"woocommerce-Price-amount amount\"><bdi><span class=\"woocommerce-Price-currencySymbol\">EGP<\/span>60.00<\/bdi><\/span><\/p>\n\n\t\n\t<form class=\"cart\" action=\"\" method=\"post\" enctype='multipart\/form-data' data-trp-original-action=\"\">\n\t\t\n\t\t<div class=\"quantity\">\n\t\t<label class=\"screen-reader-text\" for=\"quantity_6a036da2777c9\" data-no-translation=\"\" data-trp-gettext=\"\">Quantidade de \u0643\u062a\u0627\u0628 \u0623\u064a\u0627\u0645 \u0644\u0627 \u062a\u0646\u0633\u0649<\/label>\n\t<input\n\t\ttype=\"number\"\n\t\t\t\tid=\"quantity_6a036da2777c9\"\n\t\tclass=\"input-text qty text\"\n\t\tname=\"quantity\"\n\t\tvalue=\"1\"\n\t\taria-label=\"Quantidade do produto\"\n\t\t\t\tmin=\"1\"\n\t\t\t\t\t\t\tstep=\"1\"\n\t\t\tplaceholder=\"\"\n\t\t\tinputmode=\"numeric\"\n\t\t\tautocomplete=\"off\" data-no-translation-aria-label=\"\"\n\t\t\t\/>\n\t<\/div>\n\n\t\t<button type=\"submit\" name=\"add-to-cart\" value=\"19575\" class=\"single_add_to_cart_button button alt\" data-no-translation=\"\" data-trp-gettext=\"\">Adicionar<\/button>\n\n\t\t\n        <script>\n            document.addEventListener('DOMContentLoaded', function(){\n                document.addEventListener('click', function(event){\n                    if(!event.target.matches('.single_add_to_cart_button')){\n                        return;\n                    }\n\n                    const quantity = document.querySelector('input.qty').value || '1';\n                    const formProductVariation = document.querySelector('form[data-product_variations]')\n                    const variationItem = document.querySelector('.variation_id')\n\n                    let price = 60\n                    if(formProductVariation && variationItem){\n                        try{\n                            const variations = JSON.parse(formProductVariation.dataset.product_variations)\n                            const variationId = variationItem.value\n                            for(const variation of variations){\n                                if(variation.variation_id == Number(variationId)){\n                                    price = variation.display_price\n                                }\n                            }\n                        }\n                        catch{\n                        }\n                    }\n\n                    gtag('event', 'add_to_cart', {\n                        'items': [ {\n                            'item_id':'19575',\n                            'item_name': '\u0643\u062a\u0627\u0628 \u0623\u064a\u0627\u0645 \u0644\u0627 \u062a\u0646\u0633\u0649',\n                            'list_name': '\u0643\u062a\u0627\u0628 \u0623\u064a\u0627\u0645 \u0644\u0627 \u062a\u0646\u0633\u0649',\n                            'quantity': quantity,\n                            'price': price,\n                            \"item_category\":\"\u062a\u0627\u0631\u064a\u062e \u0639\u0633\u0643\u0631\u064a\"\n                        }]\n                    });\n                })\n            });\n        <\/script>\n        \t<input type=\"hidden\" name=\"trp-form-language\" value=\"pt\"\/><\/form>\n\n\t\n<div class=\"product_meta\">\n\n\t\n\t\n\t<span class=\"posted_in\">Categoria: <a href=\"https:\/\/tamerbadr.com\/pt\/categoria-produto\/%d8%aa%d8%a7%d8%b1%d9%8a%d8%ae-%d8%b9%d8%b3%d9%83%d8%b1%d9%8a\" rel=\"tag\">Hist\u00f3ria militar<\/a><\/span>\n\t\n\t\n<\/div>\n\t<\/div>\n\n\t\n\t<div class=\"woocommerce-tabs wc-tabs-wrapper\">\n\t\t<ul class=\"tabs wc-tabs\" role=\"tablist\">\n\t\t\t\t\t\t\t<li role=\"presentation\" class=\"description_tab\" id=\"tab-title-description\">\n\t\t\t\t\t<a href=\"#tab-description\" role=\"tab\" aria-controls=\"tab-description\">\n\t\t\t\t\t\tDescri\u00e7\u00e3o\t\t\t\t\t<\/a>\n\t\t\t\t<\/li>\n\t\t\t\t\t\t\t<li role=\"presentation\" class=\"reviews_tab\" id=\"tab-title-reviews\">\n\t\t\t\t\t<a href=\"#tab-reviews\" role=\"tab\" aria-controls=\"tab-reviews\">\n\t\t\t\t\t\tAvalia\u00e7\u00f5es (0)\t\t\t\t\t<\/a>\n\t\t\t\t<\/li>\n\t\t\t\t\t<\/ul>\n\t\t\t\t\t<div class=\"woocommerce-Tabs-panel woocommerce-Tabs-panel--description panel entry-content wc-tab\" id=\"tab-description\" role=\"tabpanel\" aria-labelledby=\"tab-title-description\">\n\t\t\t\t\n\t<h2 data-no-translation=\"\" data-trp-gettext=\"\">Descri\u00e7\u00e3o<\/h2>\n\n<h1 style=\"text-align: center;\"><strong>Introdu\u00e7\u00e3o do Dr. Ragheb al-Sarjani a Dias Inesquec\u00edveis<\/strong><\/h1>\n<h1 style=\"text-align: center;\">A hist\u00f3ria isl\u00e2mica sofreu muita neglig\u00eancia ao longo dos anos e dos s\u00e9culos e, como resultado, muitos orientalistas e ocidentais adulteraram esta hist\u00f3ria; assim, a hist\u00f3ria emergiu de uma forma muito diferente da verdade, e as li\u00e7\u00f5es e ensinamentos perderam-se no meio destas distor\u00e7\u00f5es, tornando a hist\u00f3ria um estudo acad\u00e9mico sem sentido para os leitores.<\/h1>\n<h1 style=\"text-align: center;\">Perante esta situa\u00e7\u00e3o infeliz, algumas pessoas zelosas tiveram de se levantar para salvar esta longa hist\u00f3ria; de facto, para salvar a juventude mu\u00e7ulmana que n\u00e3o conseguiu encontrar uma fonte adequada e segura para ler a hist\u00f3ria da Ummah. N\u00e3o exagero se disser que o mundo inteiro - mu\u00e7ulmano ou n\u00e3o mu\u00e7ulmano - precisa desta gloriosa hist\u00f3ria isl\u00e2mica, pois o mundo nunca conheceu tal esplendor e esplendor como o que encontr\u00e1mos na nossa grande hist\u00f3ria.<\/h1>\n<h1 style=\"text-align: center;\">Este livro \u00e9 uma dessas novidades!<\/h1>\n<h1 style=\"text-align: center;\">\u00c9 um livro valioso que recolhe magistralmente um grande n\u00famero de dias decisivos na hist\u00f3ria da na\u00e7\u00e3o isl\u00e2mica e, no entanto, esta enorme cole\u00e7\u00e3o n\u00e3o provocou uma enormidade semelhante no n\u00famero de p\u00e1ginas! Isto indica a extraordin\u00e1ria mestria do autor em selecionar o \u00fatil de cada batalha e o importante de cada encontro. Esta \u00e9 talvez uma das coisas mais proeminentes que distingue este livro dos outros, pois o autor tem uma capacidade magistral de ser conciso e concentrado, de modo a que se sinta que, ao ler quatro ou cinco p\u00e1ginas sobre uma enorme batalha, se aprendeu tudo e n\u00e3o se precisa de outra informa\u00e7\u00e3o, enquanto os especialistas sabem que um historiador pode escrever volumes inteiros sobre tais batalhas!<\/h1>\n<h1 style=\"text-align: center;\">Come\u00e7a na \u00e9poca do Profeta, depois salta a uma velocidade adequada entre as diferentes \u00e9pocas hist\u00f3ricas, como as eras Rashidi, Om\u00edada, Ab\u00e1ssida, Ayyubid, Mameluca e Otomana, e n\u00e3o deixa de viajar geograficamente para diferentes partes do mundo; chega ao Oriente e fala das batalhas da \u00cdndia, e deixa o Oriente para o Ocidente para descrever as batalhas da Andaluzia!<\/h1>\n<h1 style=\"text-align: center;\">Este livro tamb\u00e9m se distingue pelo facto de falar de muitas batalhas sobre as quais muitos mu\u00e7ulmanos n\u00e3o conhecem quaisquer pormenores, e n\u00e3o exagero se disser que os mu\u00e7ulmanos n\u00e3o sabem o nome das batalhas! Basta mencionar, por exemplo, as batalhas de Ain al-Tamr, a conquista de Dibel, a batalha de Talas, a conquista de Sumnat, a batalha de Nicopolis, a batalha de Mohawks, e outras batalhas cuja men\u00e7\u00e3o foi esquecida e cujas p\u00e1ginas est\u00e3o empoeiradas, at\u00e9 que este autor veio honesta e cuidadosamente desvendar esses dias interm\u00e9dios.<\/h1>\n<h1 style=\"text-align: center;\">Acima de tudo, este valioso livro caracteriza-se por dois aspectos que o distinguem de muitas das obras que enchiam a biblioteca isl\u00e2mica, tornando-o \u00fanico no seu g\u00e9nero.<\/h1>\n<h1 style=\"text-align: center;\">Quanto \u00e0 primeira coisa: A primeira coisa \u00e9 que ele n\u00e3o se limitou \u00e0s vit\u00f3rias dos mu\u00e7ulmanos, mas mencionou com grande imparcialidade e exatid\u00e3o as grandes batalhas em que os mu\u00e7ulmanos foram derrotados! Como a Batalha de Uhud, a Batalha do Tribunal dos M\u00e1rtires, a Batalha de Aqab, e outras derrotas, e isto \u00e9, de facto, uma clara intelig\u00eancia do autor; destaca para o leitor a sua honestidade na apresenta\u00e7\u00e3o dos acontecimentos, e sublinha que os dias s\u00e3o estados entre na\u00e7\u00f5es, e n\u00e3o priva os leitores de beneficiarem das importantes li\u00e7\u00f5es destas batalhas.<\/h1>\n<h1 style=\"text-align: center;\">A segunda coisa \u00e9 que o autor n\u00e3o se limitou a contar os acontecimentos, como fazem muitos autores, mas aprofundou os assuntos e procurou os factores de vit\u00f3ria e as causas de derrota, de modo a que o leitor saia do livro com um conhecimento abundante das raz\u00f5es da ascens\u00e3o e queda das na\u00e7\u00f5es, atingindo assim o objetivo de contar a hist\u00f3ria; como o nosso Senhor nos mostrou quando disse: \"Havia nas suas hist\u00f3rias uma li\u00e7\u00e3o para os s\u00e1bios\" [Joseph: 111]. De facto, o autor formulou tudo isto com grande profissionalismo.<\/h1>\n<h1 style=\"text-align: center;\">Finalmente:<\/h1>\n<h1 style=\"text-align: center;\">O literalismo do autor n\u00e3o impediu que o seu estilo fosse delicado e belo, pelo que as frases do livro s\u00e3o graciosas, as suas palavras s\u00e3o requintadas e a sua apresenta\u00e7\u00e3o \u00e9 suave e agrad\u00e1vel, o que conferiu ao livro um esplendor e um esplendor.<\/h1>\n<h1 style=\"text-align: center;\">Embora saiba que esta \u00e9 a primeira tentativa do autor de escrever sobre assuntos militares, tenho a certeza de que nunca ser\u00e1 a \u00faltima, pois as batalhas da hist\u00f3ria isl\u00e2mica e os seus pormenores precisam de centenas de volumes e milhares de explica\u00e7\u00f5es e an\u00e1lises.<\/h1>\n<h1 style=\"text-align: center;\">O meu conselho para o Sr. Tamer Badr \u00e9 que renove sempre a sua inten\u00e7\u00e3o com cada livro, para que Deus Todo-Poderoso escreva os seus livros para que se espalhem e lhe d\u00ea uma grande recompensa.<\/h1>\n<h1 style=\"text-align: center;\">Pe\u00e7o a Al\u00e1 que fortale\u00e7a o Isl\u00e3o e os mu\u00e7ulmanos<\/h1>\n<h1 style=\"text-align: center;\">Dr. Ragheb Al-Sarjani<\/h1>\n\t\t\t<\/div>\n\t\t\t\t\t<div class=\"woocommerce-Tabs-panel woocommerce-Tabs-panel--reviews panel entry-content wc-tab\" id=\"tab-reviews\" role=\"tabpanel\" aria-labelledby=\"tab-title-reviews\">\n\t\t\t\t<div id=\"reviews\" class=\"woocommerce-Reviews\">\n\t<div id=\"comments\">\n\t\t<h2 class=\"woocommerce-Reviews-title\">\n\t\t\tAvalia\u00e7\u00f5es\t\t<\/h2>\n\n\t\t\t\t\t<p class=\"woocommerce-noreviews\" data-no-translation=\"\" data-trp-gettext=\"\">Ainda n\u00e3o existem avalia\u00e7\u00f5es.<\/p>\n\t\t\t<\/div>\n\n\t\t\t<div id=\"review_form_wrapper\">\n\t\t\t<div id=\"review_form\">\n\t\t\t\t\t<div id=\"respond\" class=\"comment-respond\">\n\t\t<span id=\"reply-title\" class=\"comment-reply-title\" role=\"heading\" aria-level=\"3\">Seja o primeiro a avaliar &ldquo;\u0643\u062a\u0627\u0628 \u0623\u064a\u0627\u0645 \u0644\u0627 \u062a\u0646\u0633\u0649&rdquo; <small><a rel=\"nofollow\" id=\"cancel-comment-reply-link\" href=\"\/pt\/wp-json\/wp\/v2\/pages\/20132#respond\" style=\"display:none;\">Cancelar resposta<\/a><\/small><\/span><p class=\"must-log-in\" data-no-translation=\"\" data-trp-gettext=\"\">Tem de <a href=\"https:\/\/tamerbadr.com\/pt\/\">iniciar sess\u00e3o<\/a> para enviar uma avalia\u00e7\u00e3o.<\/p>\t<\/div><!-- #respond -->\n\t\t\t\t<\/div>\n\t\t<\/div>\n\t\n\t<div class=\"clear\"><\/div>\n<\/div>\n\t\t\t<\/div>\n\t\t\n\t\t\t<\/div>\n\n\n\t<section class=\"related products\">\n\n\t\t\t\t\t<h2 data-no-translation=\"\" data-trp-gettext=\"\">Produtos Relacionados<\/h2>\n\t\t\t\t<ul class=\"products columns-4\">\n\n\t\t\t\n\t\t\t\t\t<li class=\"product type-product post-19581 status-publish first instock product_cat-189 has-post-thumbnail downloadable shipping-taxable purchasable product-type-simple\">\n\t<a href=\"https:\/\/tamerbadr.com\/pt\/produto\/unforgettable-leaders-book\" class=\"woocommerce-LoopProduct-link woocommerce-loop-product__link\"><img loading=\"lazy\" decoding=\"async\" width=\"2049\" height=\"1453\" src=\"https:\/\/tamerbadr.com\/wp-content\/uploads\/2025\/03\/\u0642\u0627\u062f\u0629-\u0644\u0627-\u062a\u0646\u0633\u0649--scaled-scaled.jpg\" class=\"attachment-woocommerce_thumbnail size-woocommerce_thumbnail\" alt=\"L\u00edderes inesquec\u00edveis\" \/><h2 class=\"woocommerce-loop-product__title\">L\u00edderes inesquec\u00edveis<\/h2>\n\t<span class=\"price\"><span class=\"woocommerce-Price-amount amount\"><bdi><span class=\"woocommerce-Price-currencySymbol\">EGP<\/span>60.00<\/bdi><\/span><\/span>\n<\/a><a href=\"\/pt\/wp-json\/wp\/v2\/pages\/20132?add-to-cart=19581\" aria-describedby=\"woocommerce_loop_add_to_cart_link_describedby_19581\" data-quantity=\"1\" class=\"button product_type_simple add_to_cart_button ajax_add_to_cart\" data-product_id=\"19581\" data-product_sku=\"\" aria-label=\"Adiciona ao carrinho: \u201c\u0643\u062a\u0627\u0628 \u0642\u0627\u062f\u0629 \u0644\u0627 \u062a\u0646\u0633\u0649\u201d\" rel=\"nofollow\" data-success_message=\"\u201c\u0643\u062a\u0627\u0628 \u0642\u0627\u062f\u0629 \u0644\u0627 \u062a\u0646\u0633\u0649\u201d foi adicionado ao seu carrinho\" data-no-translation=\"\" data-trp-gettext=\"\" data-no-translation-aria-label=\"\" data-no-translation-data-success_message=\"\">Adicionar<\/a>\t<span id=\"woocommerce_loop_add_to_cart_link_describedby_19581\" class=\"screen-reader-text\">\n\t\t\t<\/span>\n\n        <script>\n            document.addEventListener('DOMContentLoaded', function(){\n                function getParameterByName(name, url) {\n                    name = name.replace(\/[\\[\\]]\/g, '\\$&');\n                    var regex = new RegExp('[?&]' + name + '(=([^&#]*)|&|#|$)'),\n                        results = regex.exec(url);\n                    if (!results) return null;\n                    if (!results[2]) return '';\n                    return decodeURIComponent(results[2].replace(\/\\+\/g, ' '));\n                }\n\n                document.addEventListener('click', function(event){\n                    const namedItem = event.target.attributes.getNamedItem('data-product_id')\n                    if(!event.target.matches('.ajax_add_to_cart')){\n                        return;\n                    }\n\n                    var item_id = null;\n\n                    if(!namedItem){\n                        try{\n                            item_id = getParameterByName('add-to-cart', new URL(event.target.href).search)\n                        }\n                        catch(e){}\n                    }\n                    else{\n                        item_id = namedItem.value\n                    }\n\n                    if(item_id != 19581){\n                        return;\n                    }\n\n                    gtag('event', 'add_to_cart', {'items': [ {\"item_id\":\"19581\",\"item_name\":\"\\u0643\\u062a\\u0627\\u0628 \\u0642\\u0627\\u062f\\u0629 \\u0644\\u0627 \\u062a\\u0646\\u0633\\u0649\",\"list_name\":\"\\u0643\\u062a\\u0627\\u0628 \\u0642\\u0627\\u062f\\u0629 \\u0644\\u0627 \\u062a\\u0646\\u0633\\u0649\",\"quantity\":1,\"price\":60,\"item_category\":\"\\u062a\\u0627\\u0631\\u064a\\u062e \\u0639\\u0633\\u0643\\u0631\\u064a\"} ]});\n                })\n\n            });\n        <\/script>\n        <\/li>\n\n\t\t\t\n\t\t\t\t\t<li class=\"product type-product post-19583 status-publish instock product_cat-189 has-post-thumbnail downloadable shipping-taxable purchasable product-type-simple\">\n\t<a href=\"https:\/\/tamerbadr.com\/pt\/produto\/the-book-of-islam-and-war\" class=\"woocommerce-LoopProduct-link woocommerce-loop-product__link\"><img loading=\"lazy\" decoding=\"async\" width=\"2049\" height=\"1401\" src=\"https:\/\/tamerbadr.com\/wp-content\/uploads\/2025\/03\/\u0627\u0644\u0625\u0633\u0644\u0627\u0645-\u0648\u0627\u0644\u062d\u0631\u0628-\u063a\u0644\u0627\u0641-scaled-scaled.jpg\" class=\"attachment-woocommerce_thumbnail size-woocommerce_thumbnail\" alt=\"O Isl\u00e3o e a guerra\" \/><h2 class=\"woocommerce-loop-product__title\">O Isl\u00e3o e a guerra<\/h2>\n\t<span class=\"price\"><span class=\"woocommerce-Price-amount amount\"><bdi><span class=\"woocommerce-Price-currencySymbol\">EGP<\/span>60.00<\/bdi><\/span><\/span>\n<\/a><a href=\"\/pt\/wp-json\/wp\/v2\/pages\/20132?add-to-cart=19583\" aria-describedby=\"woocommerce_loop_add_to_cart_link_describedby_19583\" data-quantity=\"1\" class=\"button product_type_simple add_to_cart_button ajax_add_to_cart\" data-product_id=\"19583\" data-product_sku=\"\" aria-label=\"Adiciona ao carrinho: \u201c\u0643\u062a\u0627\u0628 \u0627\u0644\u0627\u0633\u0644\u0627\u0645 \u0648\u0627\u0644\u062d\u0631\u0628\u201d\" rel=\"nofollow\" data-success_message=\"\u201c\u0643\u062a\u0627\u0628 \u0627\u0644\u0627\u0633\u0644\u0627\u0645 \u0648\u0627\u0644\u062d\u0631\u0628\u201d foi adicionado ao seu carrinho\" data-no-translation=\"\" data-trp-gettext=\"\" data-no-translation-aria-label=\"\" data-no-translation-data-success_message=\"\">Adicionar<\/a>\t<span id=\"woocommerce_loop_add_to_cart_link_describedby_19583\" class=\"screen-reader-text\">\n\t\t\t<\/span>\n\n        <script>\n            document.addEventListener('DOMContentLoaded', function(){\n                function getParameterByName(name, url) {\n                    name = name.replace(\/[\\[\\]]\/g, '\\$&');\n                    var regex = new RegExp('[?&]' + name + '(=([^&#]*)|&|#|$)'),\n                        results = regex.exec(url);\n                    if (!results) return null;\n                    if (!results[2]) return '';\n                    return decodeURIComponent(results[2].replace(\/\\+\/g, ' '));\n                }\n\n                document.addEventListener('click', function(event){\n                    const namedItem = event.target.attributes.getNamedItem('data-product_id')\n                    if(!event.target.matches('.ajax_add_to_cart')){\n                        return;\n                    }\n\n                    var item_id = null;\n\n                    if(!namedItem){\n                        try{\n                            item_id = getParameterByName('add-to-cart', new URL(event.target.href).search)\n                        }\n                        catch(e){}\n                    }\n                    else{\n                        item_id = namedItem.value\n                    }\n\n                    if(item_id != 19583){\n                        return;\n                    }\n\n                    gtag('event', 'add_to_cart', {'items': [ {\"item_id\":\"19583\",\"item_name\":\"\\u0643\\u062a\\u0627\\u0628 \\u0627\\u0644\\u0627\\u0633\\u0644\\u0627\\u0645 \\u0648\\u0627\\u0644\\u062d\\u0631\\u0628\",\"list_name\":\"\\u0643\\u062a\\u0627\\u0628 \\u0627\\u0644\\u0627\\u0633\\u0644\\u0627\\u0645 \\u0648\\u0627\\u0644\\u062d\\u0631\\u0628\",\"quantity\":1,\"price\":60,\"item_category\":\"\\u062a\\u0627\\u0631\\u064a\\u062e \\u0639\\u0633\\u0643\\u0631\\u064a\"} ]});\n                })\n\n            });\n        <\/script>\n        <\/li>\n\n\t\t\t\n\t\t<\/ul>\n\n\t<\/section>\n\t<\/div>\n\n\t\t\t<\/div>\n\t\t\t<\/div>\t\t\t\t<\/div>\n\t\t\t\t<\/div>\n\t\t\t\t<\/div>\n\t\t\t\t\t<\/div>\n\t\t\t\t<\/div>\n\t\t\t\t<\/div>","protected":false},"excerpt":{"rendered":"","protected":false},"author":1,"featured_media":0,"parent":0,"menu_order":0,"comment_status":"closed","ping_status":"closed","template":"elementor_header_footer","meta":{"_seopress_robots_primary_cat":"","_seopress_titles_title":"","_seopress_titles_desc":"","_seopress_robots_index":"","inline_featured_image":false,"_uf_show_specific_survey":0,"_uf_disable_surveys":false,"footnotes":""},"class_list":["post-20132","page","type-page","status-publish"],"_links":{"self":[{"href":"https:\/\/tamerbadr.com\/pt\/wp-json\/wp\/v2\/pages\/20132","targetHints":{"allow":["GET"]}}],"collection":[{"href":"https:\/\/tamerbadr.com\/pt\/wp-json\/wp\/v2\/pages"}],"about":[{"href":"https:\/\/tamerbadr.com\/pt\/wp-json\/wp\/v2\/types\/page"}],"author":[{"embeddable":true,"href":"https:\/\/tamerbadr.com\/pt\/wp-json\/wp\/v2\/users\/1"}],"replies":[{"embeddable":true,"href":"https:\/\/tamerbadr.com\/pt\/wp-json\/wp\/v2\/comments?post=20132"}],"version-history":[{"count":0,"href":"https:\/\/tamerbadr.com\/pt\/wp-json\/wp\/v2\/pages\/20132\/revisions"}],"wp:attachment":[{"href":"https:\/\/tamerbadr.com\/pt\/wp-json\/wp\/v2\/media?parent=20132"}],"curies":[{"name":"wp","href":"https:\/\/api.w.org\/{rel}","templated":true}]}}