{"id":20119,"date":"2025-03-19T15:32:12","date_gmt":"2025-03-19T15:32:12","guid":{"rendered":"https:\/\/white-ant-267257.hostingersite.com\/?page_id=20119"},"modified":"2025-04-06T08:15:00","modified_gmt":"2025-04-06T08:15:00","slug":"unforgettable-countries-book","status":"publish","type":"page","link":"https:\/\/tamerbadr.com\/pt\/unforgettable-countries-book","title":{"rendered":"Pa\u00edses inesquec\u00edveis"},"content":{"rendered":"<div data-elementor-type=\"wp-page\" data-elementor-id=\"20119\" class=\"elementor elementor-20119\" data-elementor-post-type=\"page\">\n\t\t\t\t<div class=\"elementor-element elementor-element-c8c7aab e-flex e-con-boxed e-con e-parent\" data-id=\"c8c7aab\" data-element_type=\"container\">\n\t\t\t\t\t<div class=\"e-con-inner\">\n\t\t<div class=\"elementor-element elementor-element-6483b1a e-con-full e-flex e-con e-child\" data-id=\"6483b1a\" data-element_type=\"container\">\n\t\t\t\t<div class=\"elementor-element elementor-element-6058eb2 elementor-widget elementor-widget-wc-elements\" data-id=\"6058eb2\" data-element_type=\"widget\" data-widget_type=\"wc-elements.default\">\n\t\t\t\t<div class=\"elementor-widget-container\">\n\t\t\t\t\t<div class=\"woocommerce\">\t\t\t<div class=\"single-product\" data-product-page-preselected-id=\"0\">\n\t\t\t\t<div class=\"woocommerce-notices-wrapper\"><\/div><div id=\"product-19582\" class=\"product type-product post-19582 status-publish first instock product_cat-190 has-post-thumbnail downloadable shipping-taxable purchasable product-type-simple\">\n\n\t<div class=\"woocommerce-product-gallery woocommerce-product-gallery--with-images woocommerce-product-gallery--columns-4 images\" data-columns=\"4\" style=\"opacity: 0; transition: opacity .25s ease-in-out;\">\n\t<div class=\"woocommerce-product-gallery__wrapper\">\n\t\t<div data-thumb=\"https:\/\/tamerbadr.com\/wp-content\/uploads\/2025\/03\/\u062f\u0648\u0644-\u0644\u0627-\u062a\u0646\u0633\u0649-scaled-scaled.jpg\" data-thumb-alt=\"\u0643\u062a\u0627\u0628 \u062f\u0648\u0644 \u0644\u0627 \u062a\u0646\u0633\u0649\" data-thumb-srcset=\"\"  data-thumb-sizes=\"(max-width: 100px) 100vw, 100px\" class=\"woocommerce-product-gallery__image\"><a href=\"https:\/\/tamerbadr.com\/wp-content\/uploads\/2025\/03\/\u062f\u0648\u0644-\u0644\u0627-\u062a\u0646\u0633\u0649-scaled-scaled.jpg\"><img fetchpriority=\"high\" decoding=\"async\" width=\"2049\" height=\"1434\" src=\"https:\/\/tamerbadr.com\/wp-content\/uploads\/2025\/03\/\u062f\u0648\u0644-\u0644\u0627-\u062a\u0646\u0633\u0649-scaled-scaled.jpg\" class=\"wp-post-image\" alt=\"Pa\u00edses inesquec\u00edveis\" data-caption=\"\" data-src=\"https:\/\/tamerbadr.com\/wp-content\/uploads\/2025\/03\/\u062f\u0648\u0644-\u0644\u0627-\u062a\u0646\u0633\u0649-scaled-scaled.jpg\" data-large_image=\"https:\/\/tamerbadr.com\/wp-content\/uploads\/2025\/03\/\u062f\u0648\u0644-\u0644\u0627-\u062a\u0646\u0633\u0649-scaled-scaled.jpg\" data-large_image_width=\"2049\" data-large_image_height=\"1434\" \/><\/a><\/div><div data-thumb=\"https:\/\/tamerbadr.com\/wp-content\/uploads\/2025\/03\/\u062f\u0648\u0644-\u0644\u0627-\u062a\u0646\u0633\u0649.jpeg\" data-thumb-alt=\"\u0643\u062a\u0627\u0628 \u062f\u0648\u0644 \u0644\u0627 \u062a\u0646\u0633\u0649 - Imagem 2\" data-thumb-srcset=\"\"  data-thumb-sizes=\"(max-width: 70px) 100vw, 70px\" class=\"woocommerce-product-gallery__image\" data-no-translation-data-thumb-alt=\"\"><a href=\"https:\/\/tamerbadr.com\/wp-content\/uploads\/2025\/03\/\u062f\u0648\u0644-\u0644\u0627-\u062a\u0646\u0633\u0649.jpeg\"><img decoding=\"async\" width=\"559\" height=\"799\" src=\"https:\/\/tamerbadr.com\/wp-content\/uploads\/2025\/03\/\u062f\u0648\u0644-\u0644\u0627-\u062a\u0646\u0633\u0649.jpeg\" class=\"\" alt=\"\u0643\u062a\u0627\u0628 \u062f\u0648\u0644 \u0644\u0627 \u062a\u0646\u0633\u0649 - Imagem 2\" data-caption=\"\" data-src=\"https:\/\/tamerbadr.com\/wp-content\/uploads\/2025\/03\/\u062f\u0648\u0644-\u0644\u0627-\u062a\u0646\u0633\u0649.jpeg\" data-large_image=\"https:\/\/tamerbadr.com\/wp-content\/uploads\/2025\/03\/\u062f\u0648\u0644-\u0644\u0627-\u062a\u0646\u0633\u0649.jpeg\" data-large_image_width=\"559\" data-large_image_height=\"799\" data-no-translation-alt=\"\" \/><\/a><\/div><div data-thumb=\"https:\/\/tamerbadr.com\/wp-content\/uploads\/2025\/03\/\u0645\u0624\u0644\u0641\u0627\u062a-\u062a\u0627\u0645\u0631-\u0628\u062f\u0631-1-5.jpg\" data-thumb-alt=\"\u0643\u062a\u0627\u0628 \u062f\u0648\u0644 \u0644\u0627 \u062a\u0646\u0633\u0649 - Imagem 3\" data-thumb-srcset=\"\"  data-thumb-sizes=\"(max-width: 92px) 100vw, 92px\" class=\"woocommerce-product-gallery__image\" data-no-translation-data-thumb-alt=\"\"><a href=\"https:\/\/tamerbadr.com\/wp-content\/uploads\/2025\/03\/\u0645\u0624\u0644\u0641\u0627\u062a-\u062a\u0627\u0645\u0631-\u0628\u062f\u0631-1-5.jpg\"><img decoding=\"async\" width=\"389\" height=\"422\" src=\"https:\/\/tamerbadr.com\/wp-content\/uploads\/2025\/03\/\u0645\u0624\u0644\u0641\u0627\u062a-\u062a\u0627\u0645\u0631-\u0628\u062f\u0631-1-5.jpg\" class=\"\" alt=\"\u0643\u062a\u0627\u0628 \u062f\u0648\u0644 \u0644\u0627 \u062a\u0646\u0633\u0649 - Imagem 3\" data-caption=\"CREATOR: gd-jpeg v1.0 (using IJG JPEG v62), quality = 90\" data-src=\"https:\/\/tamerbadr.com\/wp-content\/uploads\/2025\/03\/\u0645\u0624\u0644\u0641\u0627\u062a-\u062a\u0627\u0645\u0631-\u0628\u062f\u0631-1-5.jpg\" data-large_image=\"https:\/\/tamerbadr.com\/wp-content\/uploads\/2025\/03\/\u0645\u0624\u0644\u0641\u0627\u062a-\u062a\u0627\u0645\u0631-\u0628\u062f\u0631-1-5.jpg\" data-large_image_width=\"389\" data-large_image_height=\"422\" data-no-translation-alt=\"\" \/><\/a><\/div>\t<\/div>\n<\/div>\n\n\t<div class=\"summary entry-summary\">\n\t\t<h1 class=\"product_title entry-title\">Pa\u00edses inesquec\u00edveis<\/h1><p class=\"price\"><span class=\"woocommerce-Price-amount amount\"><bdi><span class=\"woocommerce-Price-currencySymbol\">EGP<\/span>60.00<\/bdi><\/span><\/p>\n\n\t\n\t<form class=\"cart\" action=\"\" method=\"post\" enctype='multipart\/form-data' data-trp-original-action=\"\">\n\t\t\n\t\t<div class=\"quantity\">\n\t\t<label class=\"screen-reader-text\" for=\"quantity_6a03512010071\" data-no-translation=\"\" data-trp-gettext=\"\">Quantidade de \u0643\u062a\u0627\u0628 \u062f\u0648\u0644 \u0644\u0627 \u062a\u0646\u0633\u0649<\/label>\n\t<input\n\t\ttype=\"number\"\n\t\t\t\tid=\"quantity_6a03512010071\"\n\t\tclass=\"input-text qty text\"\n\t\tname=\"quantity\"\n\t\tvalue=\"1\"\n\t\taria-label=\"Quantidade do produto\"\n\t\t\t\tmin=\"1\"\n\t\t\t\t\t\t\tstep=\"1\"\n\t\t\tplaceholder=\"\"\n\t\t\tinputmode=\"numeric\"\n\t\t\tautocomplete=\"off\" data-no-translation-aria-label=\"\"\n\t\t\t\/>\n\t<\/div>\n\n\t\t<button type=\"submit\" name=\"add-to-cart\" value=\"19582\" class=\"single_add_to_cart_button button alt\" data-no-translation=\"\" data-trp-gettext=\"\">Adicionar<\/button>\n\n\t\t\n        <script>\n            document.addEventListener('DOMContentLoaded', function(){\n                document.addEventListener('click', function(event){\n                    if(!event.target.matches('.single_add_to_cart_button')){\n                        return;\n                    }\n\n                    const quantity = document.querySelector('input.qty').value || '1';\n                    const formProductVariation = document.querySelector('form[data-product_variations]')\n                    const variationItem = document.querySelector('.variation_id')\n\n                    let price = 60\n                    if(formProductVariation && variationItem){\n                        try{\n                            const variations = JSON.parse(formProductVariation.dataset.product_variations)\n                            const variationId = variationItem.value\n                            for(const variation of variations){\n                                if(variation.variation_id == Number(variationId)){\n                                    price = variation.display_price\n                                }\n                            }\n                        }\n                        catch{\n                        }\n                    }\n\n                    gtag('event', 'add_to_cart', {\n                        'items': [ {\n                            'item_id':'19582',\n                            'item_name': '\u0643\u062a\u0627\u0628 \u062f\u0648\u0644 \u0644\u0627 \u062a\u0646\u0633\u0649',\n                            'list_name': '\u0643\u062a\u0627\u0628 \u062f\u0648\u0644 \u0644\u0627 \u062a\u0646\u0633\u0649',\n                            'quantity': quantity,\n                            'price': price,\n                            \"item_category\":\"\u062a\u0627\u0631\u064a\u062e \u0625\u0633\u0644\u0627\u0645\u064a\"\n                        }]\n                    });\n                })\n            });\n        <\/script>\n        \t<input type=\"hidden\" name=\"trp-form-language\" value=\"pt\"\/><\/form>\n\n\t\n<div class=\"product_meta\">\n\n\t\n\t\n\t<span class=\"posted_in\">Categoria: <a href=\"https:\/\/tamerbadr.com\/pt\/categoria-produto\/%d8%aa%d8%a7%d8%b1%d9%8a%d8%ae-%d8%a5%d8%b3%d9%84%d8%a7%d9%85%d9%8a\" rel=\"tag\">Hist\u00f3ria isl\u00e2mica<\/a><\/span>\n\t\n\t\n<\/div>\n\t<\/div>\n\n\t\n\t<div class=\"woocommerce-tabs wc-tabs-wrapper\">\n\t\t<ul class=\"tabs wc-tabs\" role=\"tablist\">\n\t\t\t\t\t\t\t<li role=\"presentation\" class=\"description_tab\" id=\"tab-title-description\">\n\t\t\t\t\t<a href=\"#tab-description\" role=\"tab\" aria-controls=\"tab-description\">\n\t\t\t\t\t\tDescri\u00e7\u00e3o\t\t\t\t\t<\/a>\n\t\t\t\t<\/li>\n\t\t\t\t\t\t\t<li role=\"presentation\" class=\"reviews_tab\" id=\"tab-title-reviews\">\n\t\t\t\t\t<a href=\"#tab-reviews\" role=\"tab\" aria-controls=\"tab-reviews\">\n\t\t\t\t\t\tAvalia\u00e7\u00f5es (0)\t\t\t\t\t<\/a>\n\t\t\t\t<\/li>\n\t\t\t\t\t<\/ul>\n\t\t\t\t\t<div class=\"woocommerce-Tabs-panel woocommerce-Tabs-panel--description panel entry-content wc-tab\" id=\"tab-description\" role=\"tabpanel\" aria-labelledby=\"tab-title-description\">\n\t\t\t\t\n\t<h2 data-no-translation=\"\" data-trp-gettext=\"\">Descri\u00e7\u00e3o<\/h2>\n\n<h1 style=\"text-align: center;\"><strong>Introdu\u00e7\u00e3o do Dr. Ragheb al-Sirjani a Pa\u00edses Inesquec\u00edveis<\/strong><\/h1>\n<h1 style=\"text-align: center;\">Muitos distorcedores e falsificadores est\u00e3o a espalhar o rumor de que a hist\u00f3ria isl\u00e2mica n\u00e3o cont\u00e9m um passado glorioso, exceto durante o per\u00edodo do Profeta (que a paz e as b\u00ean\u00e7\u00e3os de Al\u00e1 estejam sobre ele), Abu Bakr e Umar (que Al\u00e1 esteja satisfeito com eles). Esta falsifica\u00e7\u00e3o serve apenas para semear a frustra\u00e7\u00e3o nos cora\u00e7\u00f5es dos mu\u00e7ulmanos e faz\u00ea-los sentir que a possibilidade da sua ressurrei\u00e7\u00e3o se tornou muito distante, e que o m\u00e9todo isl\u00e2mico \u00e9 incapaz de construir um Estado ou o renascimento de uma na\u00e7\u00e3o, o que \u00e9 falso. Da\u00ed a necessidade urgente de explicar as diferentes fases da hist\u00f3ria da nossa na\u00e7\u00e3o, e que, por mais fraca que a na\u00e7\u00e3o se tenha tornado, ela se erguer\u00e1 de novo, e que se uma bandeira cair num lugar, ser\u00e3o erguidas bandeiras noutros lugares, e que o ano de Al\u00e1 \u00e9 que permane\u00e7am mu\u00e7ulmanos sinceros que confortem esta na\u00e7\u00e3o e preservem a sua dignidade, e esta \u00e9 a verdade do hadith do Profeta: \"Nenhum grupo da minha Ummah continuar\u00e1 a defender a verdade, e prevalecer\u00e3o sobre aqueles que se lhes opuserem.<\/h1>\n<h1 style=\"text-align: center;\">Eles ser\u00e3o invenc\u00edveis e n\u00e3o ser\u00e3o prejudicados por aqueles que se op\u00f5em a eles, at\u00e9 que o comando de Allah venha sobre eles, e eles ser\u00e3o assim.\" (Narrado por Bukhari e Muslim).<\/h1>\n<h1 style=\"text-align: center;\">O Profeta (que a paz e as b\u00ean\u00e7\u00e3os de Al\u00e1 estejam sobre ele) deu-nos um grande exemplo no estabelecimento de um Estado e na constru\u00e7\u00e3o de uma na\u00e7\u00e3o, e enfrentou as for\u00e7as de opress\u00e3o que existiam na altura, que eram representadas pelos infi\u00e9is da Pen\u00ednsula Ar\u00e1bica, especialmente os infi\u00e9is de Meca e os judeus com as suas v\u00e1rias tribos, bem como o gigantesco Estado romano, e apesar deste terr\u00edvel confronto, Al\u00e1 Todo-Poderoso deu-lhe a vit\u00f3ria e o sucesso at\u00e9 que o seu Estado se estabeleceu como um Estado jovem e inocente.<\/h1>\n<h1 style=\"text-align: center;\">Depois do Mensageiro de Al\u00e1, os califas Rashidun constru\u00edram um Estado forte e grandioso, capaz de destruir os tronos de Kisra e C\u00e9sar, e de colocar os mu\u00e7ulmanos na vanguarda do mundo, ultrapassando todos os outros a n\u00edvel pol\u00edtico, econ\u00f3mico, cient\u00edfico, civilizacional, moral e, antes e depois disso, ultrapassando-os a n\u00edvel ideol\u00f3gico, pelo que foi capaz de reformar o seu mundo com a sua religi\u00e3o e de elevar o n\u00edvel de vida no seu Estado com a lei do seu Senhor, e alcan\u00e7ou a dif\u00edcil equa\u00e7\u00e3o que combina a felicidade de ambos os mundos: Este mundo e o outro.<\/h1>\n<h1 style=\"text-align: center;\">A marcha da na\u00e7\u00e3o isl\u00e2mica n\u00e3o parou no tempo dos califas Rashidun, mas continuou a sua viagem civilizacional com grandes e gloriosos estados que alcan\u00e7aram gl\u00f3ria e honra, e elevaram o nome dos mu\u00e7ulmanos por toda a parte: os califados Om\u00edada e Ab\u00e1ssida, o estado Ayyubid e os Mamelucos, o grande califado Otomano, os muitos estados poderosos da hist\u00f3ria da Andaluzia, e outros estados aqui e ali que mudaram a marcha da humanidade numa mudan\u00e7a positiva e maravilhosa que acrescenta ao cr\u00e9dito desta na\u00e7\u00e3o gigante, a Na\u00e7\u00e3o do Isl\u00e3o.<\/h1>\n<h1 style=\"text-align: center;\">Esta hist\u00f3ria gloriosa \u00e9 a melhor hist\u00f3ria de todo o mundo, mas poucas pessoas a conhecem e, infelizmente, os pr\u00f3prios mu\u00e7ulmanos ignoram esta hist\u00f3ria gloriosa; por isso, fico muito feliz quando vejo um livro ou qualquer obra liter\u00e1ria ou art\u00edstica que devolve aos mu\u00e7ulmanos a verdadeira imagem da sua hist\u00f3ria gloriosa e lhes aumenta o orgulho e a honra nesta na\u00e7\u00e3o honrada.<\/h1>\n<h1 style=\"text-align: center;\">Temos nas nossas m\u00e3os um desses valiosos livros, cujo autor, Tamer Badr, fez quest\u00e3o de tra\u00e7ar as diferentes etapas de gl\u00f3ria da nossa hist\u00f3ria, desde o in\u00edcio at\u00e9 ao fim, fazendo emergir alguns grandes tesouros dessa hist\u00f3ria e actualizando-nos sobre a hist\u00f3ria de v\u00e1rios pa\u00edses isl\u00e2micos que elevaram o nome dos mu\u00e7ulmanos no horizonte.<\/h1>\n<h1 style=\"text-align: center;\">Trata-se de um belo livro, elegantemente escrito e apresentado, contendo muita informa\u00e7\u00e3o exacta e acrescentando \u00e0 nossa biblioteca isl\u00e2mica um belo livro de que todos os mu\u00e7ulmanos se orgulham.<\/h1>\n<h1 style=\"text-align: center;\">Que Al\u00e1 fa\u00e7a com que este esfor\u00e7o seja o saldo das boas ac\u00e7\u00f5es do autor, e que estas linhas sejam o saldo das boas ac\u00e7\u00f5es de todos os que as lerem.<\/h1>\n<h1 style=\"text-align: center;\">Pe\u00e7o a Al\u00e1 que fortale\u00e7a o Isl\u00e3o e os mu\u00e7ulmanos<\/h1>\n<h1 style=\"text-align: center;\">A. Dr. Ragheb Al-Sarjani<\/h1>\n<h1 style=\"text-align: center;\">Cairo, maio de 2012<\/h1>\n\t\t\t<\/div>\n\t\t\t\t\t<div class=\"woocommerce-Tabs-panel woocommerce-Tabs-panel--reviews panel entry-content wc-tab\" id=\"tab-reviews\" role=\"tabpanel\" aria-labelledby=\"tab-title-reviews\">\n\t\t\t\t<div id=\"reviews\" class=\"woocommerce-Reviews\">\n\t<div id=\"comments\">\n\t\t<h2 class=\"woocommerce-Reviews-title\">\n\t\t\tAvalia\u00e7\u00f5es\t\t<\/h2>\n\n\t\t\t\t\t<p class=\"woocommerce-noreviews\" data-no-translation=\"\" data-trp-gettext=\"\">Ainda n\u00e3o existem avalia\u00e7\u00f5es.<\/p>\n\t\t\t<\/div>\n\n\t\t\t<div id=\"review_form_wrapper\">\n\t\t\t<div id=\"review_form\">\n\t\t\t\t\t<div id=\"respond\" class=\"comment-respond\">\n\t\t<span id=\"reply-title\" class=\"comment-reply-title\" role=\"heading\" aria-level=\"3\">Seja o primeiro a avaliar &ldquo;\u0643\u062a\u0627\u0628 \u062f\u0648\u0644 \u0644\u0627 \u062a\u0646\u0633\u0649&rdquo; <small><a rel=\"nofollow\" id=\"cancel-comment-reply-link\" href=\"\/pt\/wp-json\/wp\/v2\/pages\/20119#respond\" style=\"display:none;\">Cancelar resposta<\/a><\/small><\/span><p class=\"must-log-in\" data-no-translation=\"\" data-trp-gettext=\"\">Tem de <a href=\"https:\/\/tamerbadr.com\/pt\/\">iniciar sess\u00e3o<\/a> para enviar uma avalia\u00e7\u00e3o.<\/p>\t<\/div><!-- #respond -->\n\t\t\t\t<\/div>\n\t\t<\/div>\n\t\n\t<div class=\"clear\"><\/div>\n<\/div>\n\t\t\t<\/div>\n\t\t\n\t\t\t<\/div>\n\n<\/div>\n\n\t\t\t<\/div>\n\t\t\t<\/div>\t\t\t\t<\/div>\n\t\t\t\t<\/div>\n\t\t\t\t<\/div>\n\t\t\t\t\t<\/div>\n\t\t\t\t<\/div>\n\t\t\t\t<\/div>","protected":false},"excerpt":{"rendered":"","protected":false},"author":1,"featured_media":0,"parent":0,"menu_order":0,"comment_status":"closed","ping_status":"closed","template":"elementor_header_footer","meta":{"_seopress_robots_primary_cat":"","_seopress_titles_title":"","_seopress_titles_desc":"","_seopress_robots_index":"","inline_featured_image":false,"_uf_show_specific_survey":0,"_uf_disable_surveys":false,"footnotes":""},"class_list":["post-20119","page","type-page","status-publish"],"_links":{"self":[{"href":"https:\/\/tamerbadr.com\/pt\/wp-json\/wp\/v2\/pages\/20119","targetHints":{"allow":["GET"]}}],"collection":[{"href":"https:\/\/tamerbadr.com\/pt\/wp-json\/wp\/v2\/pages"}],"about":[{"href":"https:\/\/tamerbadr.com\/pt\/wp-json\/wp\/v2\/types\/page"}],"author":[{"embeddable":true,"href":"https:\/\/tamerbadr.com\/pt\/wp-json\/wp\/v2\/users\/1"}],"replies":[{"embeddable":true,"href":"https:\/\/tamerbadr.com\/pt\/wp-json\/wp\/v2\/comments?post=20119"}],"version-history":[{"count":0,"href":"https:\/\/tamerbadr.com\/pt\/wp-json\/wp\/v2\/pages\/20119\/revisions"}],"wp:attachment":[{"href":"https:\/\/tamerbadr.com\/pt\/wp-json\/wp\/v2\/media?parent=20119"}],"curies":[{"name":"wp","href":"https:\/\/api.w.org\/{rel}","templated":true}]}}