{"id":20112,"date":"2025-03-19T15:27:38","date_gmt":"2025-03-19T15:27:38","guid":{"rendered":"https:\/\/white-ant-267257.hostingersite.com\/?page_id=20112"},"modified":"2025-04-06T08:15:33","modified_gmt":"2025-04-06T08:15:33","slug":"riyad-as-sunnah-book-from-the-authentic-six-books","status":"publish","type":"page","link":"https:\/\/tamerbadr.com\/pt\/riyad-as-sunnah-book-from-the-authentic-six-books","title":{"rendered":"Riyadh al-Sunnah do Sahih dos Seis Livros"},"content":{"rendered":"<div data-elementor-type=\"wp-page\" data-elementor-id=\"20112\" class=\"elementor elementor-20112\" data-elementor-post-type=\"page\">\n\t\t\t\t<div class=\"elementor-element elementor-element-c8c7aab e-flex e-con-boxed e-con e-parent\" data-id=\"c8c7aab\" data-element_type=\"container\">\n\t\t\t\t\t<div class=\"e-con-inner\">\n\t\t<div class=\"elementor-element elementor-element-6483b1a e-con-full e-flex e-con e-child\" data-id=\"6483b1a\" data-element_type=\"container\">\n\t\t\t\t<div class=\"elementor-element elementor-element-6058eb2 elementor-widget elementor-widget-wc-elements\" data-id=\"6058eb2\" data-element_type=\"widget\" data-widget_type=\"wc-elements.default\">\n\t\t\t\t<div class=\"elementor-widget-container\">\n\t\t\t\t\t<div class=\"woocommerce\">\t\t\t<div class=\"single-product\" data-product-page-preselected-id=\"0\">\n\t\t\t\t<div class=\"woocommerce-notices-wrapper\"><\/div><div id=\"product-19584\" class=\"product type-product post-19584 status-publish first instock product_cat-188 has-post-thumbnail downloadable shipping-taxable purchasable product-type-simple\">\n\n\t<div class=\"woocommerce-product-gallery woocommerce-product-gallery--with-images woocommerce-product-gallery--columns-4 images\" data-columns=\"4\" style=\"opacity: 0; transition: opacity .25s ease-in-out;\">\n\t<div class=\"woocommerce-product-gallery__wrapper\">\n\t\t<div data-thumb=\"https:\/\/tamerbadr.com\/wp-content\/uploads\/2025\/03\/\u0631\u064a\u0627\u0636-\u0627\u0644\u0633\u0646\u0629-\u063a\u0644\u0627\u0641-scaled-scaled.jpg\" data-thumb-alt=\"\u0643\u062a\u0627\u0628 \u0631\u064a\u0627\u0636 \u0627\u0644\u0633\u0646\u0629 \u0645\u0646 \u0635\u062d\u064a\u062d \u0627\u0644\u0643\u062a\u0628 \u0627\u0644\u0633\u062a\u0629\" data-thumb-srcset=\"\"  data-thumb-sizes=\"(max-width: 100px) 100vw, 100px\" class=\"woocommerce-product-gallery__image\"><a href=\"https:\/\/tamerbadr.com\/wp-content\/uploads\/2025\/03\/\u0631\u064a\u0627\u0636-\u0627\u0644\u0633\u0646\u0629-\u063a\u0644\u0627\u0641-scaled-scaled.jpg\"><img fetchpriority=\"high\" decoding=\"async\" width=\"2049\" height=\"1329\" src=\"https:\/\/tamerbadr.com\/wp-content\/uploads\/2025\/03\/\u0631\u064a\u0627\u0636-\u0627\u0644\u0633\u0646\u0629-\u063a\u0644\u0627\u0641-scaled-scaled.jpg\" class=\"wp-post-image\" alt=\"Riyadh al-Sunnah do Sahih dos Seis Livros\" data-caption=\"\" data-src=\"https:\/\/tamerbadr.com\/wp-content\/uploads\/2025\/03\/\u0631\u064a\u0627\u0636-\u0627\u0644\u0633\u0646\u0629-\u063a\u0644\u0627\u0641-scaled-scaled.jpg\" data-large_image=\"https:\/\/tamerbadr.com\/wp-content\/uploads\/2025\/03\/\u0631\u064a\u0627\u0636-\u0627\u0644\u0633\u0646\u0629-\u063a\u0644\u0627\u0641-scaled-scaled.jpg\" data-large_image_width=\"2049\" data-large_image_height=\"1329\" \/><\/a><\/div><div data-thumb=\"https:\/\/tamerbadr.com\/wp-content\/uploads\/2025\/03\/\u0631\u064a\u0627\u0636-\u0627\u0644\u0633\u0646\u0629-1\u063a\u0644\u0627\u0641-\u0627\u0644\u0644\u0624\u0644\u0624\u0629-scaled.jpg\" data-thumb-alt=\"\u0643\u062a\u0627\u0628 \u0631\u064a\u0627\u0636 \u0627\u0644\u0633\u0646\u0629 \u0645\u0646 \u0635\u062d\u064a\u062d \u0627\u0644\u0643\u062a\u0628 \u0627\u0644\u0633\u062a\u0629 - Imagem 2\" data-thumb-srcset=\"\"  data-thumb-sizes=\"(max-width: 75px) 100vw, 75px\" class=\"woocommerce-product-gallery__image\" data-no-translation-data-thumb-alt=\"\"><a href=\"https:\/\/tamerbadr.com\/wp-content\/uploads\/2025\/03\/\u0631\u064a\u0627\u0636-\u0627\u0644\u0633\u0646\u0629-1\u063a\u0644\u0627\u0641-\u0627\u0644\u0644\u0624\u0644\u0624\u0629-scaled.jpg\"><img decoding=\"async\" width=\"1928\" height=\"2560\" src=\"https:\/\/tamerbadr.com\/wp-content\/uploads\/2025\/03\/\u0631\u064a\u0627\u0636-\u0627\u0644\u0633\u0646\u0629-1\u063a\u0644\u0627\u0641-\u0627\u0644\u0644\u0624\u0644\u0624\u0629-scaled.jpg\" class=\"\" alt=\"\u0643\u062a\u0627\u0628 \u0631\u064a\u0627\u0636 \u0627\u0644\u0633\u0646\u0629 \u0645\u0646 \u0635\u062d\u064a\u062d \u0627\u0644\u0643\u062a\u0628 \u0627\u0644\u0633\u062a\u0629 - Imagem 2\" data-caption=\"\" data-src=\"https:\/\/tamerbadr.com\/wp-content\/uploads\/2025\/03\/\u0631\u064a\u0627\u0636-\u0627\u0644\u0633\u0646\u0629-1\u063a\u0644\u0627\u0641-\u0627\u0644\u0644\u0624\u0644\u0624\u0629-scaled.jpg\" data-large_image=\"https:\/\/tamerbadr.com\/wp-content\/uploads\/2025\/03\/\u0631\u064a\u0627\u0636-\u0627\u0644\u0633\u0646\u0629-1\u063a\u0644\u0627\u0641-\u0627\u0644\u0644\u0624\u0644\u0624\u0629-scaled.jpg\" data-large_image_width=\"1928\" data-large_image_height=\"2560\" data-no-translation-alt=\"\" \/><\/a><\/div><div data-thumb=\"https:\/\/tamerbadr.com\/wp-content\/uploads\/2025\/03\/\u0645\u0624\u0644\u0641\u0627\u062a-\u062a\u0627\u0645\u0631-\u0628\u062f\u0631-1-3.jpg\" data-thumb-alt=\"\u0643\u062a\u0627\u0628 \u0631\u064a\u0627\u0636 \u0627\u0644\u0633\u0646\u0629 \u0645\u0646 \u0635\u062d\u064a\u062d \u0627\u0644\u0643\u062a\u0628 \u0627\u0644\u0633\u062a\u0629 - Imagem 3\" data-thumb-srcset=\"\"  data-thumb-sizes=\"(max-width: 92px) 100vw, 92px\" class=\"woocommerce-product-gallery__image\" data-no-translation-data-thumb-alt=\"\"><a href=\"https:\/\/tamerbadr.com\/wp-content\/uploads\/2025\/03\/\u0645\u0624\u0644\u0641\u0627\u062a-\u062a\u0627\u0645\u0631-\u0628\u062f\u0631-1-3.jpg\"><img decoding=\"async\" width=\"389\" height=\"422\" src=\"https:\/\/tamerbadr.com\/wp-content\/uploads\/2025\/03\/\u0645\u0624\u0644\u0641\u0627\u062a-\u062a\u0627\u0645\u0631-\u0628\u062f\u0631-1-3.jpg\" class=\"\" alt=\"\u0643\u062a\u0627\u0628 \u0631\u064a\u0627\u0636 \u0627\u0644\u0633\u0646\u0629 \u0645\u0646 \u0635\u062d\u064a\u062d \u0627\u0644\u0643\u062a\u0628 \u0627\u0644\u0633\u062a\u0629 - Imagem 3\" data-caption=\"CREATOR: gd-jpeg v1.0 (using IJG JPEG v62), quality = 90\" data-src=\"https:\/\/tamerbadr.com\/wp-content\/uploads\/2025\/03\/\u0645\u0624\u0644\u0641\u0627\u062a-\u062a\u0627\u0645\u0631-\u0628\u062f\u0631-1-3.jpg\" data-large_image=\"https:\/\/tamerbadr.com\/wp-content\/uploads\/2025\/03\/\u0645\u0624\u0644\u0641\u0627\u062a-\u062a\u0627\u0645\u0631-\u0628\u062f\u0631-1-3.jpg\" data-large_image_width=\"389\" data-large_image_height=\"422\" data-no-translation-alt=\"\" \/><\/a><\/div>\t<\/div>\n<\/div>\n\n\t<div class=\"summary entry-summary\">\n\t\t<h1 class=\"product_title entry-title\">Riyadh al-Sunnah do Sahih dos Seis Livros<\/h1><p class=\"price\"><span class=\"woocommerce-Price-amount amount\"><bdi><span class=\"woocommerce-Price-currencySymbol\">EGP<\/span>80.00<\/bdi><\/span><\/p>\n\n\t\n\t<form class=\"cart\" action=\"\" method=\"post\" enctype='multipart\/form-data' data-trp-original-action=\"\">\n\t\t\n\t\t<div class=\"quantity\">\n\t\t<label class=\"screen-reader-text\" for=\"quantity_6a05aa2864848\" data-no-translation=\"\" data-trp-gettext=\"\">Quantidade de \u0643\u062a\u0627\u0628 \u0631\u064a\u0627\u0636 \u0627\u0644\u0633\u0646\u0629 \u0645\u0646 \u0635\u062d\u064a\u062d \u0627\u0644\u0643\u062a\u0628 \u0627\u0644\u0633\u062a\u0629<\/label>\n\t<input\n\t\ttype=\"number\"\n\t\t\t\tid=\"quantity_6a05aa2864848\"\n\t\tclass=\"input-text qty text\"\n\t\tname=\"quantity\"\n\t\tvalue=\"1\"\n\t\taria-label=\"Quantidade do produto\"\n\t\t\t\tmin=\"1\"\n\t\t\t\t\t\t\tstep=\"1\"\n\t\t\tplaceholder=\"\"\n\t\t\tinputmode=\"numeric\"\n\t\t\tautocomplete=\"off\" data-no-translation-aria-label=\"\"\n\t\t\t\/>\n\t<\/div>\n\n\t\t<button type=\"submit\" name=\"add-to-cart\" value=\"19584\" class=\"single_add_to_cart_button button alt\" data-no-translation=\"\" data-trp-gettext=\"\">Adicionar<\/button>\n\n\t\t\n        <script>\n            document.addEventListener('DOMContentLoaded', function(){\n                document.addEventListener('click', function(event){\n                    if(!event.target.matches('.single_add_to_cart_button')){\n                        return;\n                    }\n\n                    const quantity = document.querySelector('input.qty').value || '1';\n                    const formProductVariation = document.querySelector('form[data-product_variations]')\n                    const variationItem = document.querySelector('.variation_id')\n\n                    let price = 80\n                    if(formProductVariation && variationItem){\n                        try{\n                            const variations = JSON.parse(formProductVariation.dataset.product_variations)\n                            const variationId = variationItem.value\n                            for(const variation of variations){\n                                if(variation.variation_id == Number(variationId)){\n                                    price = variation.display_price\n                                }\n                            }\n                        }\n                        catch{\n                        }\n                    }\n\n                    gtag('event', 'add_to_cart', {\n                        'items': [ {\n                            'item_id':'19584',\n                            'item_name': '\u0643\u062a\u0627\u0628 \u0631\u064a\u0627\u0636 \u0627\u0644\u0633\u0646\u0629 \u0645\u0646 \u0635\u062d\u064a\u062d \u0627\u0644\u0643\u062a\u0628 \u0627\u0644\u0633\u062a\u0629',\n                            'list_name': '\u0643\u062a\u0627\u0628 \u0631\u064a\u0627\u0636 \u0627\u0644\u0633\u0646\u0629 \u0645\u0646 \u0635\u062d\u064a\u062d \u0627\u0644\u0643\u062a\u0628 \u0627\u0644\u0633\u062a\u0629',\n                            'quantity': quantity,\n                            'price': price,\n                            \"item_category\":\"\u0623\u062d\u0627\u062f\u064a\u062b \u0646\u0628\u0648\u064a\u0629\"\n                        }]\n                    });\n                })\n            });\n        <\/script>\n        \t<input type=\"hidden\" name=\"trp-form-language\" value=\"pt\"\/><\/form>\n\n\t\n<div class=\"product_meta\">\n\n\t\n\t\n\t<span class=\"posted_in\">Categoria: <a href=\"https:\/\/tamerbadr.com\/pt\/categoria-produto\/%d8%a3%d8%ad%d8%a7%d8%af%d9%8a%d8%ab-%d9%86%d8%a8%d9%88%d9%8a%d8%a9\" rel=\"tag\">Ditos prof\u00e9ticos<\/a><\/span>\n\t\n\t\n<\/div>\n\t<\/div>\n\n\t\n\t<div class=\"woocommerce-tabs wc-tabs-wrapper\">\n\t\t<ul class=\"tabs wc-tabs\" role=\"tablist\">\n\t\t\t\t\t\t\t<li role=\"presentation\" class=\"description_tab\" id=\"tab-title-description\">\n\t\t\t\t\t<a href=\"#tab-description\" role=\"tab\" aria-controls=\"tab-description\">\n\t\t\t\t\t\tDescri\u00e7\u00e3o\t\t\t\t\t<\/a>\n\t\t\t\t<\/li>\n\t\t\t\t\t\t\t<li role=\"presentation\" class=\"reviews_tab\" id=\"tab-title-reviews\">\n\t\t\t\t\t<a href=\"#tab-reviews\" role=\"tab\" aria-controls=\"tab-reviews\">\n\t\t\t\t\t\tAvalia\u00e7\u00f5es (0)\t\t\t\t\t<\/a>\n\t\t\t\t<\/li>\n\t\t\t\t\t<\/ul>\n\t\t\t\t\t<div class=\"woocommerce-Tabs-panel woocommerce-Tabs-panel--description panel entry-content wc-tab\" id=\"tab-description\" role=\"tabpanel\" aria-labelledby=\"tab-title-description\">\n\t\t\t\t\n\t<h2 data-no-translation=\"\" data-trp-gettext=\"\">Descri\u00e7\u00e3o<\/h2>\n\n<h1 style=\"text-align: center;\"><strong>Introdu\u00e7\u00e3o ao Riyadh al-Sunnah a partir do Sahih dos Seis Livros<\/strong><\/h1>\n<h1 style=\"text-align: center;\">A biografia do Profeta \u00e9 a melhor biografia de sempre, as suas palavras s\u00e3o as melhores palavras, a sua orienta\u00e7\u00e3o \u00e9 a melhor orienta\u00e7\u00e3o e o seu discurso \u00e9 o discurso mais verdadeiro. Por isso, Al\u00e1 ordenou \u00e0 sua Ummah que seguisse a sua lei e proibiu-os de a desobedecerem, dizendo: {Os fi\u00e9is, obedecei a Al\u00e1 e obedecei ao Mensageiro e n\u00e3o invalideis as vossas ac\u00e7\u00f5es (33)} [Surah Muhammad].<\/h1>\n<h1 style=\"text-align: center;\">E o Exaltado disse: \"\u00d3 fi\u00e9is, obedecei a Deus, obedecei ao Mensageiro e aos vossos superiores, e se contestardes alguma coisa, recorrei a Deus e ao Mensageiro. [Surata al-Nisa].<\/h1>\n<h1 style=\"text-align: center;\">E o Exaltado disse: {Quem obedecer a Deus e ao Mensageiro, contar-se-\u00e1 entre aqueles a quem Deus agraciou com as Suas b\u00ean\u00e7\u00e3os, entre os profetas, os amigos, os m\u00e1rtires, os justos e os melhores companheiros(69)}. [Surata al-Nisa].<\/h1>\n<h1 style=\"text-align: center;\">O Profeta (que a paz e as b\u00ean\u00e7\u00e3os de Al\u00e1 estejam sobre ele) disse: \"Um homem estar\u00e1 reclinado no seu sof\u00e1 a falar sobre um dos meus hadiths, e dir\u00e1: 'Entre n\u00f3s e v\u00f3s est\u00e1 o Livro de Allah, o Todo-Poderoso, e o Profeta Sagrado: Entre n\u00f3s e v\u00f3s est\u00e1 o Livro de Deus, o Todo-Poderoso, e o que nele encontramos de l\u00edcito, tornamo-lo l\u00edcito, e o que nele encontramos de il\u00edcito, proibimo-lo. E ele dir\u00e1: Entre n\u00f3s e v\u00f3s est\u00e1 o Livro de Deus, Todo-Poderoso e Glorioso, e o que nele encontramos de l\u00edcito, tornamos l\u00edcito, e o que nele encontramos de il\u00edcito, proibimos.<\/h1>\n<h1 style=\"text-align: center;\">[Sahih].           Narrado por (H).          [Sahih al-Jami'ah: 8186].<\/h1>\n<h1 style=\"text-align: center;\">O Alcor\u00e3o ordenava a ora\u00e7\u00e3o, o zakat, o jejum e a peregrina\u00e7\u00e3o sem pormenores e sem esclarecimentos, pelo que o Hadith do Profeta os explicava com pormenores e esclarecimentos.<\/h1>\n<h1 style=\"text-align: center;\">Os hadiths do Profeta s\u00e3o manchados por muitos hadiths fracos e n\u00e3o comprovados, mas h\u00e1 uma grande, suficiente e consistente quantidade de hadiths aut\u00eanticos e bons do Mensageiro de Allah (que a paz e as b\u00ean\u00e7\u00e3os de Allah estejam sobre ele) e dos Companheiros (que Allah esteja satisfeito com eles), os hadiths bons s\u00e3o mais baixos em classifica\u00e7\u00e3o do que os hadiths aut\u00eanticos, mas eles s\u00e3o invocados e usados.<\/h1>\n<h1 style=\"text-align: center;\">Por isso, reuni neste livro os hadiths aut\u00eanticos e bons das declara\u00e7\u00f5es mais aut\u00eanticas e famosas dos estudiosos de hadith, com a ajuda das seguintes fontes: (Sahih al-Imam al-Bukhari, Sahih al-Imam Muslim, Sunnah Abu Dawud, Sunnah al-Tirmidhi, Sunnah al-Nisa'i, Sunnah Ibn Majah).<\/h1>\n<h1 style=\"text-align: center;\">Selecionei dos seis livros os hadiths corretos e bons com base no que foi corrigido pelo grande erudito Sheikh Muhammad Nasser al-Din al-Albani, que Al\u00e1 tenha piedade dele, um dos mais proeminentes eruditos mu\u00e7ulmanos da era moderna, Sheikh al-Albani \u00e9 considerado um dos proeminentes eruditos de hadith que \u00e9 \u00fanico na ci\u00eancia da corre\u00e7\u00e3o e enfraquecimento.<\/h1>\n<h1 style=\"text-align: center;\">Enquanto recolhia os hadiths neste livro, lembrei-me do hadith do Profeta (que a paz e as b\u00ean\u00e7\u00e3os de Al\u00e1 estejam sobre ele): \"Relate sobre mim, mesmo um vers\u00edculo, e conte sobre os filhos de Israel sem constrangimento, e quem deliberadamente mentir sobre mim, que se sente no fogo.\"<\/h1>\n<h1 style=\"text-align: center;\">[Sahih].           Narrado por (kh,t).              [Sahih al-Jami'ah: 2837].<\/h1>\n<h1 style=\"text-align: center;\">Por isso, neste livro, selecionei os hadiths aut\u00eanticos e bons com base no seguinte:<\/h1>\n<h1 style=\"text-align: center;\">a- Se o dado do hadith e o corpo do hadith s\u00e3o semelhantes em duas ou mais narra\u00e7\u00f5es, como por exemplo<\/h1>\n<h1 style=\"text-align: center;\">Abu Sa'id al-Khudra (que Allah esteja satisfeito com ele) disse: O Mensageiro de Allah (que a paz e as b\u00ean\u00e7\u00e3os de Allah estejam sobre ele) disse: \"Um dos vossos melhores perfumes \u00e9 o alm\u00edscar.\"<\/h1>\n<h1 style=\"text-align: center;\">[Sahih].           Narrado por (N).           [Sahih al-Jami'ah: 5914].<\/h1>\n<h1 style=\"text-align: center;\">Segundo a autoridade de Abu Sa'id al-Khudri (que Al\u00e1 esteja satisfeito com ele), o Mensageiro de Al\u00e1 (que a paz e as b\u00ean\u00e7\u00e3os de Al\u00e1 estejam sobre ele) disse: \"A alm\u00edscar \u00e9 a mais doce de todas as coisas boas.\"<\/h1>\n<h1 style=\"text-align: center;\">[Sahih].           Narrado por (T, M, N).            [Sahih al-Jami'ah:1032].<\/h1>\n<h1 style=\"text-align: center;\">Escolhi o segundo hadith devido \u00e0s suas m\u00faltiplas narra\u00e7\u00f5es.<\/h1>\n<h1 style=\"text-align: center;\">B- Se dois ou mais hadiths honor\u00edficos s\u00e3o semelhantes, como por exemplo<\/h1>\n<h1 style=\"text-align: center;\">Foi narrado por Abu Huraira (que Al\u00e1 esteja satisfeito com ele) que o Mensageiro de Al\u00e1 (que a paz e as b\u00ean\u00e7\u00e3os de Al\u00e1 estejam sobre ele) disse: \"Quando o im\u00e3 diz: Allah ouve aqueles que O louvam. Ent\u00e3o, dizei: \u00d3 Deus, nosso Senhor, a ti cabe o louvor. Pois quem concordar com as palavras dos anjos, ser\u00e1 perdoado por seus pecados passados.\"<\/h1>\n<h1 style=\"text-align: center;\">[Sahih].           Narrado por (Kh, M, D, N).      [Sahih al-Jami'ah:705].<\/h1>\n<h1 style=\"text-align: center;\">Foi narrado por Abu Sa'id al-Khudra (que Al\u00e1 esteja satisfeito com ele) que ouviu o Mensageiro de Al\u00e1 (que a paz esteja com ele) dizer: \"Quando o im\u00e3 diz: Allah ouve aqueles que O louvam. Ent\u00e3o, dizei: \u00d3 Allah, nosso Senhor, a quem pertencem todos os louvores.\"<\/h1>\n<h1 style=\"text-align: center;\">[Sahih].           Narrado por (H).          [Sahih al-Jami'ah:706].<\/h1>\n<h1 style=\"text-align: center;\">Eu costumava escolher os hadiths que eram abrangentes e claros no seu significado, como no primeiro hadith.<\/h1>\n<h1 style=\"text-align: center;\">C- Os hadiths mencionados no Sahih al-Jame'eh al-Saghir e na s\u00e9rie Sahih al-Salih de Al-Albani [do Musnad do Im\u00e3 Ahmad bin Hanbal, al-Tabarani, al-Hakim ou al-Bayhaqi] foram substitu\u00eddos neste livro por hadiths com palavras semelhantes dos seis livros dos seis Im\u00e3s (Imams).<\/h1>\n<h1 style=\"text-align: center;\">Por exemplo, o hadith narrado por Buraydah al-Aslamiyyah (que Allah esteja satisfeito com ele) do Profeta (que a paz esteja com ele), \"Quem espera por uma pessoa insolvente, por cada dia que espera por ele, tem cada dia que espera por ele como uma caridade antes que a d\u00edvida seja devida.\" [Sahih]. Narrado por (Ahmad ibn Hanbal, Ibn Majah). \u00c9 mencionado em Sahih al-Jami'ah No. [6108], por isso eu costumava colocar neste livro a vers\u00e3o do hadith encontrada na Sunnah de Ibn Majah, como neste hadith.<\/h1>\n<h1 style=\"text-align: center;\">Segundo a autoridade de Buraydat al-Aslami (que Al\u00e1 esteja satisfeito com ele), o Profeta (que a paz esteja com ele) disse: \"Quem espera por uma pessoa insolvente, cada dia \u00e9 uma caridade para ele, e quem espera por ele ap\u00f3s a sua solu\u00e7\u00e3o, cada dia \u00e9 uma caridade para ele.\"    [Sahih].    Narrado por Ibn Majah.<\/h1>\n<h1 style=\"text-align: center;\">Os hadiths incompletos contidos em Sahih Al-Jame'ie Al-Saghir e Al-Salih Al-Salih de Al-Albani, eu costumava complet\u00e1-los a partir dos livros dos seis im\u00e3s.<\/h1>\n<h1 style=\"text-align: center;\">Por exemplo, o hadith: \"Jejuar tr\u00eas dias de cada m\u00eas e Ramad\u00e3o a Ramad\u00e3o \u00e9 o jejum e a quebra do m\u00eas.\"<\/h1>\n<h1 style=\"text-align: center;\">[Sahih].    Narrado por Abu Qatadah (Hamm,M) de Abu Qatadah.      [Sahih al-Jami'ah: 3802].<\/h1>\n<h1 style=\"text-align: center;\">Este hadith \u00e9 do Musnad do Imam Ahmad ibn Hanbal e est\u00e1 incompleto, por isso complementei-o com a f\u00f3rmula encontrada em Sahih Muslim e coloquei-o no livro da seguinte forma.<\/h1>\n<h1 style=\"text-align: center;\">\u00c9 narrado por Abu Qatadad al-Ansari (que Allah esteja satisfeito com ele) que o Mensageiro de Allah (que a paz e as b\u00ean\u00e7\u00e3os de Allah estejam sobre ele) foi questionado sobre seu jejum. Ele disse: O Mensageiro de Allah, que Allah o aben\u00e7oe e lhe conceda paz, ficou zangado. Umar (que Deus esteja satisfeito com ele) disse: Aceit\u00e1mos Al\u00e1 como Senhor, o Isl\u00e3o como nossa religi\u00e3o, Maom\u00e9 como nosso mensageiro e o nosso juramento de fidelidade como juramento de fidelidade. Ele disse: Perguntaram-lhe sobre o jejum do dia. Ele disse: \"Ele n\u00e3o jejua nem quebra o jejum.\" Ou: \"Ele n\u00e3o jejua nem quebra o seu jejum.\" Ele disse: Perguntaram-lhe sobre o jejum de dois dias e o jejum de um dia. Ele disse: \"Quem \u00e9 capaz de fazer isso?\" Ele disse: Perguntaram-lhe sobre o jejum de um dia e o jejum de dois dias. Ele disse: \"Quem dera que Allah nos tivesse fortalecido para isso.\" Ele disse: Perguntaram-lhe sobre o jejum de um dia e o jejum de dois dias. Ele disse: \"Esse \u00e9 o jejum do meu irm\u00e3o David, que a paz esteja com ele.\" Ele disse: Foi-lhe perguntado sobre o jejum na segunda-feira. Ele disse: \"Esse \u00e9 o dia em que nasci e o dia em que fui enviado ou revelado a mim.\" Ele disse: \"Jejuar tr\u00eas dias em cada m\u00eas, e Ramad\u00e3o a Ramad\u00e3o \u00e9 o jejum de uma vida.\" Ele disse: \"Jejuar tr\u00eas dias em cada m\u00eas e Ramad\u00e3o a Ramad\u00e3o \u00e9 o jejum de uma vida. Ele disse: \"Perguntaram-lhe sobre o jejum no dia de 'Arafat. Ele disse: \"Ele expia os anos passados e futuros.\" Ele disse: Perguntaram-lhe sobre o jejum no dia de Ashura. Ele disse: \"Expia o ano passado.\"<\/h1>\n<h1 style=\"text-align: center;\">[Sahih].           Narrado por (M).            [Sahih al-Jami'ah: 3802].<\/h1>\n<h1 style=\"text-align: center;\">E - A f\u00f3rmula de qualquer hadith no livro \u00e9 retirada do primeiro nome do narrador do hadith, por exemplo, se estiver escrito Narrado por (M, M, D, T, N, E). A f\u00f3rmula do hadith \u00e9 semelhante nos seis livros e est\u00e1 dispon\u00edvel nos livros do Sheikh Al-Albani, mas a f\u00f3rmula do hadith neste livro \u00e9 retirada do Sahih Muslim, pelo que \u00e9 escrita com a primeira abreviatura.<\/h1>\n<h1 style=\"text-align: center;\">N\u00e3o mencionei a atribui\u00e7\u00e3o nos hadiths, exceto o nome do companheiro que \u00e9 o mais alto narrador do hadith, para facilitar ao leitor o exame do livro sem o prolongar, uma vez que muitos leitores querem ler apenas o corpo do hadith.<\/h1>\n<h1 style=\"text-align: center;\">Neste livro, n\u00e3o tratei dos hadiths da biografia do Profeta e da biografia dos Companheiros (que Al\u00e1 esteja satisfeito com eles).<\/h1>\n<h1 style=\"text-align: center;\">H- Os significados de algumas palavras dif\u00edceis encontradas nos hadiths foram colocados no final de cada p\u00e1gina, a fim de tornar mais f\u00e1cil para o leitor entender os hadiths, tanto quanto poss\u00edvel.<\/h1>\n<h1 style=\"text-align: center;\">I- Todos os hadiths deste livro foram destacados para que possam ser lidos corretamente.<\/h1>\n<h1 style=\"text-align: center;\">Este livro foi iniciado no in\u00edcio de 2009 e conclu\u00eddo em 2019. Estas s\u00e3o as nossas tentativas de servir a nossa grande religi\u00e3o e apoiar o nosso Profeta (que a paz e as b\u00ean\u00e7\u00e3os estejam com ele) atrav\u00e9s do que ele disse e fez para o benef\u00edcio dos nossos irm\u00e3os, de acordo com as palavras do Todo-Poderoso: {Tendes no Mensageiro de Al\u00e1 um bom exemplo para aqueles que esperam em Al\u00e1 e no \u00daltimo Dia e se lembram muito de Al\u00e1} [Al-Ahzab 22] [Al-Ahzab 22]. Pedimos a Deus Todo-Poderoso que tire proveito disso e que fa\u00e7a com que o nosso trabalho seja apenas para o Seu rosto honrado {\u00d3 Senhor, n\u00e3o nos castigues se nos esquecermos ou cometermos um erro}.<\/h1>\n<h1 style=\"text-align: center;\">Cairo, 18 Sha'ban 1440 AH<\/h1>\n<h1 style=\"text-align: center;\">Correspondente a 24 de abril de 2019<\/h1>\n<h1 style=\"text-align: center;\">\u00a0\u00a0\u00a0\u00a0\u00a0\u00a0 Tamer Badr<\/h1>\n\t\t\t<\/div>\n\t\t\t\t\t<div class=\"woocommerce-Tabs-panel woocommerce-Tabs-panel--reviews panel entry-content wc-tab\" id=\"tab-reviews\" role=\"tabpanel\" aria-labelledby=\"tab-title-reviews\">\n\t\t\t\t<div id=\"reviews\" class=\"woocommerce-Reviews\">\n\t<div id=\"comments\">\n\t\t<h2 class=\"woocommerce-Reviews-title\">\n\t\t\tAvalia\u00e7\u00f5es\t\t<\/h2>\n\n\t\t\t\t\t<p class=\"woocommerce-noreviews\" data-no-translation=\"\" data-trp-gettext=\"\">Ainda n\u00e3o existem avalia\u00e7\u00f5es.<\/p>\n\t\t\t<\/div>\n\n\t\t\t<div id=\"review_form_wrapper\">\n\t\t\t<div id=\"review_form\">\n\t\t\t\t\t<div id=\"respond\" class=\"comment-respond\">\n\t\t<span id=\"reply-title\" class=\"comment-reply-title\" role=\"heading\" aria-level=\"3\">Seja o primeiro a avaliar &ldquo;\u0643\u062a\u0627\u0628 \u0631\u064a\u0627\u0636 \u0627\u0644\u0633\u0646\u0629 \u0645\u0646 \u0635\u062d\u064a\u062d \u0627\u0644\u0643\u062a\u0628 \u0627\u0644\u0633\u062a\u0629&rdquo; <small><a rel=\"nofollow\" id=\"cancel-comment-reply-link\" href=\"\/pt\/wp-json\/wp\/v2\/pages\/20112#respond\" style=\"display:none;\">Cancelar resposta<\/a><\/small><\/span><p class=\"must-log-in\" data-no-translation=\"\" data-trp-gettext=\"\">Tem de <a href=\"https:\/\/tamerbadr.com\/pt\/\">iniciar sess\u00e3o<\/a> para enviar uma avalia\u00e7\u00e3o.<\/p>\t<\/div><!-- #respond -->\n\t\t\t\t<\/div>\n\t\t<\/div>\n\t\n\t<div class=\"clear\"><\/div>\n<\/div>\n\t\t\t<\/div>\n\t\t\n\t\t\t<\/div>\n\n<\/div>\n\n\t\t\t<\/div>\n\t\t\t<\/div>\t\t\t\t<\/div>\n\t\t\t\t<\/div>\n\t\t\t\t<\/div>\n\t\t\t\t\t<\/div>\n\t\t\t\t<\/div>\n\t\t\t\t<\/div>","protected":false},"excerpt":{"rendered":"","protected":false},"author":1,"featured_media":0,"parent":0,"menu_order":0,"comment_status":"closed","ping_status":"closed","template":"elementor_header_footer","meta":{"_seopress_robots_primary_cat":"","_seopress_titles_title":"","_seopress_titles_desc":"","_seopress_robots_index":"","inline_featured_image":false,"_uf_show_specific_survey":0,"_uf_disable_surveys":false,"footnotes":""},"class_list":["post-20112","page","type-page","status-publish"],"_links":{"self":[{"href":"https:\/\/tamerbadr.com\/pt\/wp-json\/wp\/v2\/pages\/20112","targetHints":{"allow":["GET"]}}],"collection":[{"href":"https:\/\/tamerbadr.com\/pt\/wp-json\/wp\/v2\/pages"}],"about":[{"href":"https:\/\/tamerbadr.com\/pt\/wp-json\/wp\/v2\/types\/page"}],"author":[{"embeddable":true,"href":"https:\/\/tamerbadr.com\/pt\/wp-json\/wp\/v2\/users\/1"}],"replies":[{"embeddable":true,"href":"https:\/\/tamerbadr.com\/pt\/wp-json\/wp\/v2\/comments?post=20112"}],"version-history":[{"count":0,"href":"https:\/\/tamerbadr.com\/pt\/wp-json\/wp\/v2\/pages\/20112\/revisions"}],"wp:attachment":[{"href":"https:\/\/tamerbadr.com\/pt\/wp-json\/wp\/v2\/media?parent=20112"}],"curies":[{"name":"wp","href":"https:\/\/api.w.org\/{rel}","templated":true}]}}