{"id":19585,"date":"2025-03-16T21:59:57","date_gmt":"2025-03-16T21:59:57","guid":{"rendered":"https:\/\/white-ant-267257.hostingersite.com\/?post_type=product&#038;p=19585"},"modified":"2025-07-13T07:17:53","modified_gmt":"2025-07-13T07:17:53","slug":"the-book-of-the-characteristics-of-the-shepherd-and-the-flock","status":"publish","type":"product","link":"https:\/\/tamerbadr.com\/pl\/produkt\/the-book-of-the-characteristics-of-the-shepherd-and-the-flock","title":{"rendered":"Ksi\u0119ga cech pasterza i trzody"},"content":{"rendered":"<h1 style=\"text-align: center;\"><strong>Wprowadzenie do ksi\u0105\u017cki Cechy pasterza i trzody<\/strong><\/h1>\n<h1 style=\"text-align: center;\">Islam ustanowi\u0142 jasne i kompleksowe podej\u015bcie do relacji mi\u0119dzy w\u0142adc\u0105 a jego poddanymi. Uczeni omawiaj\u0105 t\u0119 relacj\u0119 w ksi\u0105\u017ckach po\u015bwi\u0119conych polityce islamskiej, w tym obowi\u0105zki i prawa ka\u017cdej ze stron, dowodz\u0105c, \u017ce islam ma sw\u00f3j w\u0142asny system jako spos\u00f3b \u017cycia. Z politycznego punktu widzenia, je\u015bli chodzi o relacje mi\u0119dzy w\u0142adc\u0105 a jego poddanymi, historia islamu nie zna\u0142a konkretnego islamskiego systemu rz\u0105d\u00f3w. Islam, ostateczne prawo boskie, nie ustanowi\u0142 konkretnego systemu, kt\u00f3ry mia\u0142by by\u0107 narzucony muzu\u0142manom we wszystkich czasach i miejscach. Ustanowi\u0142 raczej og\u00f3lne zasady, odpowiednie dla wszystkich czas\u00f3w i miejsc, bez zag\u0142\u0119biania si\u0119 w szczeg\u00f3\u0142y, metody i szczeg\u00f3\u0142y, kt\u00f3re ze swej natury ewoluuj\u0105 i zmieniaj\u0105 si\u0119 wraz ze zmieniaj\u0105cymi si\u0119 okoliczno\u015bciami czasu i miejsca, tak aby ka\u017cdy nar\u00f3d m\u00f3g\u0142 wzi\u0105\u0107 pod uwag\u0119 to, co odpowiada jego okoliczno\u015bciom i wymaganiom jego interes\u00f3w.<\/h1>\n<h1 style=\"text-align: center;\">W zwi\u0105zku z tym, je\u015bli chodzi o teori\u0119 pa\u0144stwa, islam nie ustanowi\u0142 systemu politycznego, kt\u00f3ry nie podlega\u0142by zmianom ani modyfikacjom, ani nie zag\u0142\u0119bia\u0142 si\u0119 w szczeg\u00f3\u0142y o absolutnych, ostatecznych warto\u015bciach. Ustanowi\u0142 jedynie og\u00f3lne zasady i kompleksowe regu\u0142y, na kt\u00f3rych ta teoria powinna si\u0119 opiera\u0107. Islamska teoria pa\u0144stwa (w odniesieniu do szczeg\u00f3\u0142\u00f3w i konkret\u00f3w), podobnie jak wszystkie inne islamskie teorie polityczne, podlega zmianom, modyfikacjom i uzupe\u0142nieniom. Jej sformu\u0142owania nie s\u0105 ani ostateczne, ani absolutne, ani te\u017c nie s\u0105 uj\u0119te w sztywny schemat. Islam dopuszcza rozw\u00f3j i modyfikacj\u0119 teorii politycznych, kt\u00f3re muzu\u0142ma\u0144scy uczeni starali si\u0119 formu\u0142owa\u0107 zgodnie z wymogami epoki oraz okoliczno\u015bciami czasu i miejsca.<\/h1>\n<h1 style=\"text-align: center;\">Nie ma \u017cadnego rozd\u017awi\u0119ku mi\u0119dzy rozmow\u0105 o islamie a pa\u0144stwem cywilnym, o islamie a obywatelstwem, czy o islamie a wolno\u015bci\u0105 opinii i wyznania. Ci, kt\u00f3rzy zak\u0142adaj\u0105 rozd\u017awi\u0119k mi\u0119dzy islamem a wszystkimi tymi wsp\u00f3\u0142czesnymi ideami, sami nie rozumiej\u0105 prawdziwej natury islamu ani nie czytaj\u0105 historii Proroka (pok\u00f3j i b\u0142ogos\u0142awie\u0144stwo z nim) i jego szlachetnych Towarzyszy (oby Allah by\u0142 z nich zadowolony) poprawnie i uczciwie. Dlatego pa\u0144stwo w islamie ma swoje w\u0142asne, charakterystyczne cechy, tak jak system rz\u0105d\u00f3w w islamie ma swoje w\u0142asne fundamenty: s\u0142u\u017cb\u0119 Bogu, sprawiedliwo\u015b\u0107, konsultacje i ich obowi\u0105zek, r\u00f3wno\u015b\u0107, pos\u0142usze\u0144stwo wobec os\u00f3b sprawuj\u0105cych w\u0142adz\u0119, obowi\u0105zek doradzania osobom sprawuj\u0105cym w\u0142adz\u0119, odpowiedzialno\u015b\u0107 w\u0142adcy lub pasterza i jego podporz\u0105dkowanie nadzorowi s\u0105downictwa i narodu, polityczna jedno\u015b\u0107 narodu, gwarancja praw i obowi\u0105zk\u00f3w oraz wolno\u015b\u0107. Fundamenty te stanowi\u0105 rdze\u0144 systemu islamskiego i fundamenty, kt\u00f3re najlepiej wyra\u017caj\u0105 jego wyj\u0105tkowo\u015b\u0107. Stara\u0142em si\u0119, w miar\u0119 mo\u017cliwo\u015bci, poruszy\u0107 ten temat w mojej ksi\u0105\u017cce.<\/h1>\n<h1 style=\"text-align: center;\">Na koniec prosz\u0119 Boga Wszechmog\u0105cego, aby moja praca by\u0142a szczera dla Jego dobra, aby nagrodzi\u0142 mnie za ka\u017cde napisane przeze mnie s\u0142owo, umie\u015bci\u0142 je na li\u015bcie moich dobrych uczynk\u00f3w i nagrodzi\u0142 moich braci, kt\u00f3rzy pomogli mi we wszystkim, co mogli, abym m\u00f3g\u0142 uko\u0144czy\u0107 t\u0119 ksi\u0105\u017ck\u0119.<\/h1>\n<h1 style=\"text-align: center;\">\u201eChwa\u0142a Tobie, Bo\u017ce, i cze\u015b\u0107 Tobie. \u015awiadcz\u0119, \u017ce nie ma boga opr\u00f3cz Ciebie. Prosz\u0119 Ci\u0119 o przebaczenie i pokutuj\u0119 przed Tob\u0105. Nasza ostatnia pro\u015bba brzmi: Wszelka chwa\u0142a nale\u017cy si\u0119 Bogu, Panu \u015bwiat\u00f3w\u201d.<\/h1>\n<h1 style=\"text-align: center;\">Biedny, kt\u00f3ry potrzebuje przebaczenia i darowania od swego Pana<\/h1>\n<h1 style=\"text-align: center;\">Tamer Badr<\/h1>\n<h1 style=\"text-align: center;\">Niedziela, Rad\u017cab 3, 1440 AH<\/h1>\n<h1 style=\"text-align: center;\">10 marca 2019<\/h1>","protected":false},"excerpt":{"rendered":"<p>\u0645\u0642\u062f\u0645\u0629 \u0643\u062a\u0627\u0628 \u0635\u0641\u0629 \u0627\u0644\u0631\u0627\u0639\u064a \u0648\u0627\u0644\u0631\u0639\u064a\u0629 \u0644\u0642\u062f \u0648\u0636\u0639 \u0627\u0644\u0625\u0633\u0644\u0627\u0645 \u0645\u0646\u0647\u062c\u064b\u0627 \u0628\u064a\u0651\u0650\u0646\u064b\u0627 \u0648\u0648\u0627\u0641\u064a\u064b\u0627 \u0641\u064a \u0627\u0644\u0639\u0644\u0627\u0642\u0629 \u0628\u064a\u0646 \u0627\u0644\u0631\u0627\u0639\u064a \u0648\u0627\u0644\u0631\u0639\u064a\u0629\u060c \u0648\u0628\u064e\u062d\u064e\u062b\u064e \u0623\u0647\u0644\u064f \u0627\u0644\u0639\u0644\u0645 \u0641\u064a \u0643\u062a\u0628 \u0627\u0644\u0633\u064a\u0627\u0633\u0629 \u0627\u0644\u0634\u0631\u0639\u064a\u0629 \u0645\u0627 \u064a\u062a\u0639\u0644\u0651\u064e\u0642 \u0628\u0647\u0630\u0647 \u0627\u0644\u0639\u0644\u0627\u0642\u0629\u060c \u0648\u0648\u0627\u062c\u0628\u0627\u062a \u0643\u0644 \u0645\u0646 \u0627\u0644\u0637\u0631\u0641\u064a\u0646 \u0648\u062d\u0642\u0648\u0642\u0647 \u0639\u0644\u0649 \u0648\u062c\u0647 \u064a\u064f\u0628\u064e\u064a\u0651\u0650\u0646 \u0623\u0646 \u0627\u0644\u0625\u0633\u0644\u0627\u0645 \u0644\u0647 \u0646\u0638\u0627\u0645\u0647 \u0627\u0644\u062e\u0627\u0635 \u0645\u0646\u0647\u062c\u064b\u0627 \u0644\u0644\u062d\u064a\u0627\u0629\u061b \u0648\u0645\u0646 \u0627\u0644\u0646\u0627\u062d\u064a\u0629 \u0627\u0644\u0633\u064a\u0627\u0633\u064a\u0629 \u0641\u064a\u0645\u0627 \u064a\u062a\u0639\u0644\u0642 \u0628\u0639\u0644\u0627\u0642\u0629 \u0627\u0644\u0625\u0645\u0627\u0645 \u0648\u0631\u0639\u064a\u062a\u0647 \u0645\u0646 \u0627\u0644\u0645\u0648\u0627\u0637\u0646\u064a\u0646 \u0641\u0644\u0645 \u064a\u0639\u0631\u0641 \u0627\u0644\u062a\u0627\u0631\u064a\u062e [&hellip;]<\/p>","protected":false},"featured_media":19692,"comment_status":"open","ping_status":"closed","template":"","meta":{"_seopress_robots_primary_cat":"","_seopress_titles_title":"","_seopress_titles_desc":"","_seopress_robots_index":"","inline_featured_image":false,"_uf_show_specific_survey":0,"_uf_disable_surveys":false},"product_brand":[],"product_cat":[187],"product_tag":[],"class_list":{"0":"post-19585","1":"product","2":"type-product","3":"status-publish","4":"has-post-thumbnail","6":"product_cat-187","8":"first","9":"instock","10":"downloadable","11":"shipping-taxable","12":"purchasable","13":"product-type-simple"},"_links":{"self":[{"href":"https:\/\/tamerbadr.com\/pl\/wp-json\/wp\/v2\/product\/19585","targetHints":{"allow":["GET"]}}],"collection":[{"href":"https:\/\/tamerbadr.com\/pl\/wp-json\/wp\/v2\/product"}],"about":[{"href":"https:\/\/tamerbadr.com\/pl\/wp-json\/wp\/v2\/types\/product"}],"replies":[{"embeddable":true,"href":"https:\/\/tamerbadr.com\/pl\/wp-json\/wp\/v2\/comments?post=19585"}],"wp:featuredmedia":[{"embeddable":true,"href":"https:\/\/tamerbadr.com\/pl\/wp-json\/wp\/v2\/media\/19692"}],"wp:attachment":[{"href":"https:\/\/tamerbadr.com\/pl\/wp-json\/wp\/v2\/media?parent=19585"}],"wp:term":[{"taxonomy":"product_brand","embeddable":true,"href":"https:\/\/tamerbadr.com\/pl\/wp-json\/wp\/v2\/product_brand?post=19585"},{"taxonomy":"product_cat","embeddable":true,"href":"https:\/\/tamerbadr.com\/pl\/wp-json\/wp\/v2\/product_cat?post=19585"},{"taxonomy":"product_tag","embeddable":true,"href":"https:\/\/tamerbadr.com\/pl\/wp-json\/wp\/v2\/product_tag?post=19585"}],"curies":[{"name":"wp","href":"https:\/\/api.w.org\/{rel}","templated":true}]}}