{"id":19582,"date":"2025-03-16T21:56:12","date_gmt":"2025-03-16T21:56:12","guid":{"rendered":"https:\/\/white-ant-267257.hostingersite.com\/?post_type=product&#038;p=19582"},"modified":"2025-07-13T07:21:17","modified_gmt":"2025-07-13T07:21:17","slug":"unforgettable-countries-book","status":"publish","type":"product","link":"https:\/\/tamerbadr.com\/pl\/produkt\/unforgettable-countries-book","title":{"rendered":"Ksi\u0105\u017cka Niezapomniane Kraje"},"content":{"rendered":"<h1 style=\"text-align: center;\"><strong>Wprowadzenie profesora dr. Ragheba El-Sergany&#039;ego do ksi\u0105\u017cki \u201eNiezapomniane kraje\u201d<\/strong><\/h1>\n<h1 style=\"text-align: center;\">Wielu zniekszta\u0142caczy i fa\u0142szerzy szerzy ide\u0119, \u017ce historia islamu nie zawiera chwalebnej przesz\u0142o\u015bci, z wyj\u0105tkiem okresu Proroka (niech B\u00f3g go b\u0142ogos\u0142awi i obdarzy pokojem), Abu Bakra i Umara (niech B\u00f3g b\u0119dzie z nich zadowolony). To fa\u0142szerstwo ma jedynie na celu szerzenie frustracji w sercach muzu\u0142man\u00f3w i przekonanie ich, \u017ce mo\u017cliwo\u015b\u0107 powstania sta\u0142a si\u0119 bardzo odleg\u0142a, a podej\u015bcie islamskie nie jest w stanie zbudowa\u0107 pa\u0144stwa ani odrodzi\u0107 narodu. Wszystko to jest sprzeczne z prawd\u0105 i dalekie od prawdy. Dlatego istnieje pilna potrzeba wyja\u015bnienia r\u00f3\u017cnych etap\u00f3w historii naszego narodu i tego, \u017ce nar\u00f3d, bez wzgl\u0119du na to, jak bardzo os\u0142abnie, powstanie ponownie, a je\u015bli jego sztandar upadnie w jednym miejscu, jego sztandary zostan\u0105 podniesione w innych miejscach. I \u017ce prawem Boga jest, \u017ce pozostan\u0105 szczerzy muzu\u0142manie, kt\u00f3rzy b\u0119d\u0105 broni\u0107 sprawy tego narodu i zachowaj\u0105 jego godno\u015b\u0107. Oto prawda hadisu Pos\u0142a\u0144ca Boga, niech B\u00f3g go b\u0142ogos\u0142awi i obdarzy pokojem: \u201eGrupa z mojego narodu zawsze b\u0119dzie zwyci\u0119\u017ca\u0107 nad ka\u017cdym\u2026\u201d<\/h1>\n<h1 style=\"text-align: center;\">B\u0119d\u0105 ich atakowa\u0107, podbija\u0107, a ci, kt\u00f3rzy si\u0119 im sprzeciwiaj\u0105, nie b\u0119d\u0105 im szkodzi\u0107, dop\u00f3ki nie nadejdzie do nich rozkaz Allaha, i tak pozostan\u0105. (Przekazali Al-Buchari i Muslim)<\/h1>\n<h1 style=\"text-align: center;\">Pos\u0142aniec Bo\u017cy, niech B\u00f3g go b\u0142ogos\u0142awi i obdarzy pokojem, da\u0142 nam wspania\u0142y przyk\u0142ad w budowaniu pa\u0144stwa i narodu. Czyni\u0105c to, star\u0142 si\u0119 z si\u0142ami ucisku, kt\u00f3re istnia\u0142y w tamtym czasie, reprezentowanymi przez niewiernych z P\u00f3\u0142wyspu Arabskiego, na czele z niewiernymi z Mekki, oraz z \u017bydami i ich plemionami, a tak\u017ce z pot\u0119\u017cnym Imperium Rzymskim. Pomimo tego straszliwego starcia, B\u00f3g Wszechmog\u0105cy zadekretowa\u0142 mu zwyci\u0119stwo i sukces, a\u017c jego pa\u0144stwo sta\u0142o si\u0119 m\u0142odym i dumnym narodem.<\/h1>\n<h1 style=\"text-align: center;\">Po Pos\u0142a\u0144cu Allaha, pok\u00f3j i b\u0142ogos\u0142awie\u0144stwo niech b\u0119d\u0105 z nim, Kalifowie Sprawiedliwie Kierowani zbudowali silne i pot\u0119\u017cne pa\u0144stwo, kt\u00f3re zdo\u0142a\u0142o obali\u0107 trony Chosrowa i Cezara, a tak\u017ce umie\u015bci\u0107 muzu\u0142man\u00f3w na czele \u015bwiata i g\u00f3rowa\u0107 nad wszystkimi pod wzgl\u0119dem politycznym, ekonomicznym, naukowym, kulturalnym i moralnym. Zar\u00f3wno przed, jak i po tym wszystkim, g\u00f3rowa\u0142o nad nimi doktryn\u0105, dzi\u0119ki czemu by\u0142o w stanie zreformowa\u0107 sw\u00f3j \u015bwiat poprzez religi\u0119 i podnie\u015b\u0107 standard \u017cycia w swoim pa\u0144stwie zgodnie z prawem swojego Pana, osi\u0105gaj\u0105c trudne r\u00f3wnanie, kt\u00f3re \u0142\u0105czy szcz\u0119\u015bcie w obu \u015bwiatach: tym i przysz\u0142ym.<\/h1>\n<h1 style=\"text-align: center;\">Podr\u00f3\u017c narodu islamskiego nie zako\u0144czy\u0142a si\u0119 wraz z panowaniem prawowitych kalif\u00f3w, lecz kontynuowa\u0142a swoj\u0105 cywilizacyjn\u0105 w\u0119dr\u00f3wk\u0119 z wielkimi i szlachetnymi narodami, kt\u00f3re osi\u0105gn\u0119\u0142y chwa\u0142\u0119 i honor, a imi\u0119 muzu\u0142man\u00f3w wsz\u0119dzie wynios\u0142o wysoko. By\u0142y kalifaty Umajjad\u00f3w i Abbasyd\u00f3w, pa\u0144stwa Ajjubid\u00f3w i Mameluk\u00f3w, wielki kalifat osma\u0144ski oraz wiele pot\u0119\u017cnych narod\u00f3w w historii Andaluzji. By\u0142y te\u017c inne narody, kt\u00f3re tu i \u00f3wdzie zmieni\u0142y bieg ludzko\u015bci, dokonuj\u0105c wspania\u0142ej, pozytywnej zmiany, kt\u00f3ra dodaje chwa\u0142y temu pot\u0119\u017cnemu narodowi, narodowi islamu.<\/h1>\n<h1 style=\"text-align: center;\">Ta wspania\u0142a historia jest najwspanialsz\u0105 histori\u0105 na \u015bwiecie, a jednak zna j\u0105 tylko niewielu. Niestety, nawet sami muzu\u0142manie nie znaj\u0105 tej chwalebnej historii. Dlatego bardzo si\u0119 ciesz\u0119, gdy widz\u0119 ksi\u0105\u017ck\u0119 lub jakiekolwiek dzie\u0142o literackie czy artystyczne, kt\u00f3re przywraca muzu\u0142manom prawdziwy obraz ich chwalebnej historii i wzmacnia ich dum\u0119 i honor w tym szlachetnym narodzie.<\/h1>\n<h1 style=\"text-align: center;\">Mamy przed sob\u0105 jedn\u0105 z tych cennych ksi\u0105\u017cek, kt\u00f3rej autor, pan Tamer Badr, pragn\u0105\u0142 prze\u015bledzi\u0107 poszczeg\u00f3lne etapy chwa\u0142y w naszej historii od pocz\u0105tku do ko\u0144ca, prezentuj\u0105c nam niekt\u00f3re z najwi\u0119kszych skarb\u00f3w tej historii i opowiadaj\u0105c o historii kilku kraj\u00f3w islamskich, kt\u00f3re wynios\u0142y imi\u0119 muzu\u0142man\u00f3w wysoko w niebiosa.<\/h1>\n<h1 style=\"text-align: center;\">Jest to przepi\u0119kna ksi\u0105\u017cka, elegancko napisana i pi\u0119knie wydana, zawieraj\u0105ca bogactwo rzetelnych informacji i stanowi\u0105ca wspania\u0142\u0105 ksi\u0119g\u0119 uzupe\u0142niaj\u0105c\u0105 nasz\u0105 islamsk\u0105 bibliotek\u0119, z kt\u00f3rej ka\u017cdy muzu\u0142manin b\u0119dzie dumny.<\/h1>\n<h1 style=\"text-align: center;\">Bo\u017ce, spraw, aby ten wysi\u0142ek sta\u0142 si\u0119 dobrym uczynkiem dla autora, a te wiersze dobrym uczynkiem dla ka\u017cdego, kto je przeczyta...<\/h1>\n<h1 style=\"text-align: center;\">Prosz\u0119 Boga, aby wychwala\u0142 islam i muzu\u0142man\u00f3w<\/h1>\n<h1 style=\"text-align: center;\">Prof. dr Ragheb Al-Sergani<\/h1>\n<h1 style=\"text-align: center;\">Kair, maj 2012<\/h1>","protected":false},"excerpt":{"rendered":"<p>\u0645\u0642\u062f\u0645\u0629 \u0627\u0644\u0627\u0633\u062a\u0627\u0630 \u0627\u0644\u062f\u0643\u062a\u0648\u0631 \u0631\u0627\u063a\u0628 \u0627\u0644\u0633\u0631\u062c\u0627\u0646\u064a \u0644\u0643\u062a\u0627\u0628 \u062f\u0648\u0644 \u0644\u0627 \u062a\u0646\u0633\u0649 \u064a\u0634\u064a\u0639 \u0643\u062b\u064a\u0631 \u0645\u0646 \u0627\u0644\u0645\u062d\u0631\u0641\u064a\u0646 \u0648\u0627\u0644\u0645\u0632\u0648\u0631\u064a\u0646 \u0623\u0646 \u0627\u0644\u062a\u0627\u0631\u064a\u062e \u0627\u0644\u0625\u0633\u0644\u0627\u0645\u064a \u0644\u0627 \u064a\u062d\u0648\u064a \u0645\u0627\u0636\u064a\u0627 \u0645\u062c\u064a\u062f\u0627\u061b \u0625\u0644\u0627 \u0641\u064a \u0641\u062a\u0631\u0629 \u0627\u0644\u0631\u0633\u0648\u0644 \ufdfa \u0648\u0623\u0628\u064a \u0628\u0643\u0631 \u0648\u0639\u0645\u0631 \u0631\u0636\u064a \u0627\u0644\u0644\u0647 \u0639\u0646\u0647\u0645\u0627 \u060c \u0648\u0644\u064a\u0633 \u0647\u0630\u0627 \u0627\u0644\u062a\u0632\u0648\u064a\u0631 \u0625\u0644\u0627 \u0644\u0628\u062b \u0627\u0644\u0625\u062d\u0628\u0627\u0637 \u0641\u064a \u0642\u0644\u0648\u0628 \u0627\u0644\u0645\u0633\u0644\u0645\u064a\u0646 \u0648\u0625\u0634\u0639\u0627\u0631\u0647\u0645 \u0623\u0646 \u0627\u062d\u062a\u0645\u0627\u0644\u064a\u0629 \u0642\u064a\u0627\u0645\u0647\u0645 \u0635\u0627\u0631\u062a \u0628\u0639\u064a\u062f\u0629 \u062c\u062f\u0627\u060c \u0648\u0623\u0646 \u0627\u0644\u0645\u0646\u0647\u062c \u0627\u0644\u0625\u0633\u0644\u0627\u0645\u064a \u063a\u064a\u0631 \u0642\u0627\u062f\u0631 \u0639\u0644\u0649 [&hellip;]<\/p>","protected":false},"featured_media":19690,"comment_status":"open","ping_status":"closed","template":"","meta":{"_seopress_robots_primary_cat":"","_seopress_titles_title":"","_seopress_titles_desc":"","_seopress_robots_index":"","inline_featured_image":false,"_uf_show_specific_survey":0,"_uf_disable_surveys":false},"product_brand":[],"product_cat":[190],"product_tag":[],"class_list":{"0":"post-19582","1":"product","2":"type-product","3":"status-publish","4":"has-post-thumbnail","6":"product_cat-190","8":"first","9":"instock","10":"downloadable","11":"shipping-taxable","12":"purchasable","13":"product-type-simple"},"_links":{"self":[{"href":"https:\/\/tamerbadr.com\/pl\/wp-json\/wp\/v2\/product\/19582","targetHints":{"allow":["GET"]}}],"collection":[{"href":"https:\/\/tamerbadr.com\/pl\/wp-json\/wp\/v2\/product"}],"about":[{"href":"https:\/\/tamerbadr.com\/pl\/wp-json\/wp\/v2\/types\/product"}],"replies":[{"embeddable":true,"href":"https:\/\/tamerbadr.com\/pl\/wp-json\/wp\/v2\/comments?post=19582"}],"wp:featuredmedia":[{"embeddable":true,"href":"https:\/\/tamerbadr.com\/pl\/wp-json\/wp\/v2\/media\/19690"}],"wp:attachment":[{"href":"https:\/\/tamerbadr.com\/pl\/wp-json\/wp\/v2\/media?parent=19582"}],"wp:term":[{"taxonomy":"product_brand","embeddable":true,"href":"https:\/\/tamerbadr.com\/pl\/wp-json\/wp\/v2\/product_brand?post=19582"},{"taxonomy":"product_cat","embeddable":true,"href":"https:\/\/tamerbadr.com\/pl\/wp-json\/wp\/v2\/product_cat?post=19582"},{"taxonomy":"product_tag","embeddable":true,"href":"https:\/\/tamerbadr.com\/pl\/wp-json\/wp\/v2\/product_tag?post=19582"}],"curies":[{"name":"wp","href":"https:\/\/api.w.org\/{rel}","templated":true}]}}