{"id":19581,"date":"2025-03-16T21:53:58","date_gmt":"2025-03-16T21:53:58","guid":{"rendered":"https:\/\/white-ant-267257.hostingersite.com\/?post_type=product&#038;p=19581"},"modified":"2025-07-13T07:21:59","modified_gmt":"2025-07-13T07:21:59","slug":"unforgettable-leaders-book","status":"publish","type":"product","link":"https:\/\/tamerbadr.com\/pl\/produkt\/unforgettable-leaders-book","title":{"rendered":"Ksi\u0105\u017cka Niezapomniani Liderzy"},"content":{"rendered":"<h1 style=\"text-align: center;\"><strong>Wprowadzenie profesora dr. Ragheba El-Sergany&#039;ego do ksi\u0105\u017cki Niezapomniani przyw\u00f3dcy<\/strong><\/h1>\n<h1 style=\"text-align: center;\">W historii narodu islamskiego byli ludzie, kt\u00f3rzy rzucali \u015bwiat\u0142o na bieg historii tym, kt\u00f3rzy przyszli po nich, ludzie, kt\u00f3rzy wyr\u00f3\u017cnili si\u0119 na ka\u017cdym polu.<\/h1>\n<h1 style=\"text-align: center;\">By\u0107 mo\u017ce nie znajdziecie w historii \u017cadnego narodu tylu wybitnych postaci. Za Ibn Umarem, niech B\u00f3g b\u0119dzie z niego zadowolony, kt\u00f3ry powiedzia\u0142: Wys\u0142annik Boga, niech B\u00f3g go b\u0142ogos\u0142awi i obdarzy pokojem, powiedzia\u0142: \u201eZnajdziecie ludzi gromadz\u0105cych si\u0119 w setkach miejsc, a ani jeden cz\u0142owiek nie znajdzie w\u015br\u00f3d nich wierzchowca\u201d. Przekazali Al-Buchari i Muslim.<\/h1>\n<h1 style=\"text-align: center;\">Tak wi\u0119c, niewielu jest wybitnych m\u0119\u017c\u00f3w w historii powszechnej, ale wielu z nich pojawi\u0142o si\u0119 i odnios\u0142o sukces w historii islamu i cywilizacji islamskiej.<\/h1>\n<h1 style=\"text-align: center;\">Pa\u0144stwo Islamskie narodzi\u0142o si\u0119 z odwa\u017cnych, bohaterskich mud\u017cahedin\u00f3w. Historia islamu zna wielu przyw\u00f3dc\u00f3w, kt\u00f3rzy poprowadzili armie islamskie do wielkich zwyci\u0119stw \u2013 dzi\u0119ki Bogu Wszechmog\u0105cemu, a tak\u017ce ich geniuszowi i odwadze!<\/h1>\n<h1 style=\"text-align: center;\">Wiek nie by\u0142 czynnikiem decyduj\u0105cym o wyborze przyw\u00f3dc\u00f3w w islamie, lecz kompetencje i umiej\u0119tno\u015bci. Pos\u0142aniec Bo\u017cy, niech B\u00f3g go b\u0142ogos\u0142awi i obdarzy pokojem, wybra\u0142 Osam\u0119 ibn Zaida, kt\u00f3ry mia\u0142 osiemna\u015bcie lat, na dow\u00f3dc\u0119 armii walcz\u0105cej z Rzymianami, a pod jego dow\u00f3dztwem znajdowali si\u0119 Abu Bakr i Umar ibn Al-Khattab.<\/h1>\n<h1 style=\"text-align: center;\">Bycie pierwszym, kt\u00f3ry przyj\u0105\u0142 islam, r\u00f3wnie\u017c nie mia\u0142o znaczenia. Pos\u0142aniec Bo\u017cy, niech B\u00f3g go b\u0142ogos\u0142awi i obdarzy pokojem, wyznaczy\u0142 Amra ibn al-Aasa (oby B\u00f3g by\u0142 z niego zadowolony) na dow\u00f3dc\u0119 starszych towarzyszy w bitwie pod Dhat al-Salasil, mimo \u017ce ten przeszed\u0142 na islam zaledwie kilka dni wcze\u015bniej. Podobnie, Chalid ibn al-Walid (oby B\u00f3g by\u0142 z niego zadowolony) poprowadzi\u0142 starszych towarzyszy w bitwie pod Mu&#039;tah, mimo \u017ce niedawno przeszed\u0142 na islam.<\/h1>\n<h1 style=\"text-align: center;\">Kryteria wyboru przyw\u00f3dc\u00f3w w historii islamu by\u0142y obiektywne i opiera\u0142y si\u0119 wy\u0142\u0105cznie na kompetencjach. Dlatego te\u017c, na przestrzeni dziej\u00f3w, cywilizacja islamska wykszta\u0142ci\u0142a wyj\u0105tkowych przyw\u00f3dc\u00f3w, kt\u00f3rzy nie mieli sobie r\u00f3wnych.<\/h1>\n<h1 style=\"text-align: center;\">P\u00f3\u017aniej muzu\u0142manie zrozumieli, \u017ce musz\u0105 przygotowywa\u0107 przysz\u0142ych przyw\u00f3dc\u00f3w, st\u0105d rozpowszechni\u0142y si\u0119 szkolenia w zakresie jazdy konnej, d\u017cihadu i \u0142ucznictwa.<\/h1>\n<h1 style=\"text-align: center;\">Historia przyw\u00f3dztwa w islamie jest pe\u0142na g\u0142\u0119bokich znacze\u0144, koncepcji i wyj\u0105tkowych osobowo\u015bci, st\u0105d znaczenie tej ksi\u0105\u017cki.<\/h1>\n<h1 style=\"text-align: center;\">Autor, Brat Tamer Badr - oby B\u00f3g mia\u0142 go w swojej opiece - zainteresowa\u0142 si\u0119 prze\u015bledzeniem biografii przyw\u00f3dc\u00f3w muzu\u0142ma\u0144skich i przedstawi\u0142 je nam w...<\/h1>\n<h1 style=\"text-align: center;\">\u0141atwy, elegancki i zwi\u0119z\u0142y styl, w kt\u00f3rym wyci\u0105ga\u0142 najwa\u017cniejsze punkty, kt\u00f3rych nar\u00f3d potrzebuje, aby zrozumie\u0107, jak by\u0142o.<\/h1>\n<h1 style=\"text-align: center;\">Przyw\u00f3dcy s\u0105 przygotowani, aby mo\u017cna by\u0142o wychowa\u0107 nowe pokolenia.<\/h1>\n<h1 style=\"text-align: center;\">Jak ju\u017c autor przyzwyczai\u0142 nas w swojej poprzedniej ksi\u0105\u017cce (\u201eNiezapomniane dni\u201d), ksi\u0105\u017cka zachwyca wci\u0105gaj\u0105cym stylem. Gdy tylko zaczniesz j\u0105 czyta\u0107, poczujesz potrzeb\u0119 kontynuacji a\u017c do samego ko\u0144ca.<\/h1>\n<h1 style=\"text-align: center;\">Prosz\u0119 Boga Wszechmog\u0105cego, aby przyj\u0105\u0142 wysi\u0142ki autora w\u0142o\u017cone w jego ksi\u0105\u017ck\u0119, aby j\u0105 przyj\u0105\u0142 i aby dzi\u0119ki niej przynios\u0142a po\u017cytek muzu\u0142manom. On jest tego Stra\u017cnikiem i jest w stanie to uczyni\u0107.<\/h1>\n<h1 style=\"text-align: center;\">\u00a0Prof. dr Ragheb Al-Sergani<\/h1>\n<h1 style=\"text-align: center;\">Kair w listopadzie 2011 r.<\/h1>","protected":false},"excerpt":{"rendered":"<p>\u0645\u0642\u062f\u0645\u0629 \u0627\u0644\u0627\u0633\u062a\u0627\u0630 \u0627\u0644\u062f\u0643\u062a\u0648\u0631 \u0631\u0627\u063a\u0628 \u0627\u0644\u0633\u0631\u062c\u0627\u0646\u064a \u0644\u0643\u062a\u0627\u0628 \u0642\u0627\u062f\u0629 \u0644\u0627 \u062a\u0646\u0633\u0649 \u0641\u064a \u062a\u0627\u0631\u064a\u062e \u0623\u064f\u0645\u0629 \u0627\u0644\u0625\u0633\u0644\u0627\u0645 \u0631\u062c\u0627\u0644 \u0623\u0636\u0627\u0621\u0648\u0627 \u0627\u0644\u062a\u0627\u0631\u064a\u062e \u0644\u0645\u0646 \u062c\u0627\u0621 \u0628\u0639\u062f\u0647\u0645\u060c \u0631\u062c\u0627\u0644 \u062a\u0645\u064a\u0632\u0648\u0627 \u0641\u064a \u0643\u0644 \u0645\u062c\u0627\u0644\u060c \u0648\u0631\u0628\u0645\u0627 \u0644\u0627 \u062a\u062c\u062f \u0641\u064a \u062a\u0627\u0631\u064a\u062e \u0623\u064f\u0645\u0629 \u0645\u0646 \u0627\u0644\u0623\u0645\u0645 \u0647\u0630\u0627 \u0627\u0644\u0639\u062f\u062f \u0645\u0646 \u0627\u0644\u0631\u0645\u0648\u0632 \u0627\u0644\u0644\u0627\u0645\u0639\u0629\u061b \u0641\u0639\u0646 \u0627\u0628\u0646 \u0639\u0645\u0631 \u0631\u0636\u064a \u0627\u0644\u0644\u0647 \u0639\u0646\u0647 \u0642\u0627\u0644: \u0642\u0627\u0644 \u0631\u0633\u0648\u0644 \u0627\u0644\u0644\u0647 \ufdfa: \u00ab\u062a\u064e\u062c\u0650\u062f\u064f\u0648\u0646\u064e \u0627\u0644\u0646\u0651\u064e\u0627\u0633\u064e \u0643\u064e\u0627\u0628\u0650\u0644 \u0645\u0650\u0627\u0626\u064e\u0629\u064d \u0644\u064e\u0627 \u064a\u064e\u062c\u0650\u062f\u064f \u0627\u0644\u0631\u0651\u064e\u062c\u064f\u0644\u064f [&hellip;]<\/p>","protected":false},"featured_media":19693,"comment_status":"open","ping_status":"closed","template":"","meta":{"_seopress_robots_primary_cat":"","_seopress_titles_title":"","_seopress_titles_desc":"","_seopress_robots_index":"","inline_featured_image":false,"_uf_show_specific_survey":0,"_uf_disable_surveys":false},"product_brand":[],"product_cat":[189],"product_tag":[],"class_list":{"0":"post-19581","1":"product","2":"type-product","3":"status-publish","4":"has-post-thumbnail","6":"product_cat-189","8":"first","9":"instock","10":"downloadable","11":"shipping-taxable","12":"purchasable","13":"product-type-simple"},"_links":{"self":[{"href":"https:\/\/tamerbadr.com\/pl\/wp-json\/wp\/v2\/product\/19581","targetHints":{"allow":["GET"]}}],"collection":[{"href":"https:\/\/tamerbadr.com\/pl\/wp-json\/wp\/v2\/product"}],"about":[{"href":"https:\/\/tamerbadr.com\/pl\/wp-json\/wp\/v2\/types\/product"}],"replies":[{"embeddable":true,"href":"https:\/\/tamerbadr.com\/pl\/wp-json\/wp\/v2\/comments?post=19581"}],"wp:featuredmedia":[{"embeddable":true,"href":"https:\/\/tamerbadr.com\/pl\/wp-json\/wp\/v2\/media\/19693"}],"wp:attachment":[{"href":"https:\/\/tamerbadr.com\/pl\/wp-json\/wp\/v2\/media?parent=19581"}],"wp:term":[{"taxonomy":"product_brand","embeddable":true,"href":"https:\/\/tamerbadr.com\/pl\/wp-json\/wp\/v2\/product_brand?post=19581"},{"taxonomy":"product_cat","embeddable":true,"href":"https:\/\/tamerbadr.com\/pl\/wp-json\/wp\/v2\/product_cat?post=19581"},{"taxonomy":"product_tag","embeddable":true,"href":"https:\/\/tamerbadr.com\/pl\/wp-json\/wp\/v2\/product_tag?post=19581"}],"curies":[{"name":"wp","href":"https:\/\/api.w.org\/{rel}","templated":true}]}}