{"id":19575,"date":"2025-03-16T21:38:04","date_gmt":"2025-03-16T21:38:04","guid":{"rendered":"https:\/\/white-ant-267257.hostingersite.com\/?post_type=product&#038;p=19575"},"modified":"2025-07-13T07:22:37","modified_gmt":"2025-07-13T07:22:37","slug":"unforgettable-days-book","status":"publish","type":"product","link":"https:\/\/tamerbadr.com\/pl\/produkt\/unforgettable-days-book","title":{"rendered":"Ksi\u0105\u017cka Niezapomniane dni"},"content":{"rendered":"<h1 style=\"text-align: center;\"><strong>Wprowadzenie profesora dr Ragheba Al-Sarjaniego do ksi\u0105\u017cki Niezapomniane dni<\/strong><\/h1>\n<h1 style=\"text-align: center;\">Historia islamu przez lata i wieki cierpia\u0142a z powodu wielkiego zaniedbania. W rezultacie wielu orientalist\u00f3w i zwolennik\u00f3w Zachodu manipulowa\u0142o t\u0105 histori\u0105. W rezultacie mamy histori\u0119, kt\u00f3ra bardzo odbiega od prawdy. Co gorsza, w wyniku tych zniekszta\u0142ce\u0144 zatracono nauki i mora\u0142y. W ten spos\u00f3b historia sta\u0142a si\u0119 nauk\u0105 akademick\u0105, pozbawion\u0105 znaczenia dla czytelnik\u00f3w. W konsekwencji powstrzymywali si\u0119 oni od jej czytania i studiowania.<\/h1>\n<h1 style=\"text-align: center;\">W obliczu tej tragicznej sytuacji, niekt\u00f3rzy gorliwi ludzie musieli si\u0119 zbuntowa\u0107, by ocali\u0107 t\u0119 d\u0142ug\u0105 histori\u0119; wr\u0119cz przeciwnie, by ocali\u0107 muzu\u0142ma\u0144sk\u0105 m\u0142odzie\u017c, kt\u00f3ra nie znalaz\u0142a odpowiedniego i wiarygodnego \u017ar\u00f3d\u0142a wiedzy o historii narodu. Nie przesadzam, m\u00f3wi\u0105c: ca\u0142y \u015bwiat \u2013 muzu\u0142ma\u0144ski czy niemuzu\u0142ma\u0144ski \u2013 potrzebuje tej chwalebnej historii islamu, poniewa\u017c \u015bwiat nigdy nie pozna\u0142 niczego tak wspania\u0142ego i ol\u015bniewaj\u0105cego, jak to, co znale\u017ali\u015bmy w naszej wielkiej historii.<\/h1>\n<h1 style=\"text-align: center;\">Ksi\u0105\u017cka, kt\u00f3r\u0105 trzymamy w r\u0119kach, jest w\u0142a\u015bnie tak\u0105 pomoc\u0105!<\/h1>\n<h1 style=\"text-align: center;\">To cenna ksi\u0105\u017cka, kt\u00f3ra umiej\u0119tnie \u0142\u0105czy w ca\u0142o\u015b\u0107 ogromn\u0105 liczb\u0119 prze\u0142omowych dni w historii narodu islamskiego. Jednak ten ogromny zbi\u00f3r nie prze\u0142o\u017cy\u0142 si\u0119 na r\u00f3wnie ogromn\u0105 liczb\u0119 stron! \u015awiadczy to o niezwyk\u0142ym kunszcie autora w dobieraniu tego, co przydatne w ka\u017cdej bitwie, i tego, co wa\u017cne w ka\u017cdym spotkaniu. By\u0107 mo\u017ce jest to jedna z najbardziej znacz\u0105cych cech, kt\u00f3ra wyr\u00f3\u017cnia t\u0119 ksi\u0105\u017ck\u0119 na tle innych, poniewa\u017c autor wyr\u00f3\u017cnia si\u0119 znakomit\u0105 umiej\u0119tno\u015bci\u0105 zwi\u0119z\u0142o\u015bci i skupienia, dzi\u0119ki czemu czytelnik ma wra\u017cenie, \u017ce po przeczytaniu czterech czy pi\u0119ciu stron o wielkiej bitwie ma ju\u017c wszystko, czego potrzebuje i nie potrzebuje dodatkowych informacji. Tymczasem specjali\u015bci wiedz\u0105, \u017ce historyk mo\u017ce napisa\u0107 o takich bitwach ca\u0142e tomy!<\/h1>\n<h1 style=\"text-align: center;\">Ksi\u0105\u017cka ta wyr\u00f3\u017cnia si\u0119 r\u00f3wnie\u017c p\u0142ynnym nawigowaniem mi\u0119dzy r\u00f3\u017cnymi etapami historii islamu. Zaczyna si\u0119 od ery proroczej, a nast\u0119pnie z odpowiedni\u0105 pr\u0119dko\u015bci\u0105 przeskakuje mi\u0119dzy r\u00f3\u017cnymi epokami historycznymi, takimi jak Raszidun, Umajjad\u00f3w, Abbasyd\u00f3w, Ajjubid\u00f3w, Mameluk\u00f3w i Imperium Osma\u0144skiego. Nie pomija r\u00f3wnie\u017c nawigacji geograficznej w r\u00f3\u017cnych zak\u0105tkach \u015bwiata. Dociera do Wschodu i opowiada o bitwach Indii, a nast\u0119pnie opuszcza Wsch\u00f3d na Zach\u00f3d, opisuj\u0105c bitwy Andaluzji!<\/h1>\n<h1 style=\"text-align: center;\">Kolejn\u0105 cech\u0105 wyr\u00f3\u017cniaj\u0105c\u0105 t\u0119 ksi\u0105\u017ck\u0119 jest to, \u017ce omawia ona wiele bitew, o kt\u00f3rych wielu muzu\u0142man\u00f3w nie wie nic. W\u0142a\u015bciwie nie przesadzam, m\u00f3wi\u0105c: muzu\u0142manie nawet nie znaj\u0105 ich nazw! Wystarczy, \u017ce wspomn\u0119 na przyk\u0142ad o bitwach pod Ain al-Tamr, zdobyciu Dibal, bitwie pod Talas, zdobyciu Somnath, bitwie pod Nikopolis, bitwie pod Mohaczem i innych bitwach, o kt\u00f3rych zapomniano, a kt\u00f3rych strony pokry\u0142y si\u0119 kurzem, dop\u00f3ki autor z uczciwo\u015bci\u0105 i trosk\u0105 nie odkry\u0142 prawdy o tych decyduj\u0105cych dniach.<\/h1>\n<h1 style=\"text-align: center;\">Przede wszystkim t\u0119 cenn\u0105 ksi\u0105\u017ck\u0119 wyr\u00f3\u017cniaj\u0105 dwie rzeczy, kt\u00f3re odr\u00f3\u017cniaj\u0105 j\u0105 od wielu dzie\u0142 znajduj\u0105cych si\u0119 w bibliotece islamskiej, czyni\u0105c j\u0105 wyj\u0105tkow\u0105 w swojej dziedzinie.<\/h1>\n<h1 style=\"text-align: center;\">Po pierwsze, nie ogranicza si\u0119 do zwyci\u0119stw muzu\u0142man\u00f3w, lecz z pi\u0119kn\u0105 bezstronno\u015bci\u0105 i niezwyk\u0142\u0105 precyzj\u0105 wspomina o najwa\u017cniejszych bitwach, w kt\u00f3rych muzu\u0142manie ponie\u015bli kl\u0119sk\u0119! Takich jak bitwa pod Uhudem, bitwa pod Tours, bitwa pod Al-Uqab i inne kl\u0119ski. To w istocie wyra\u017any przyk\u0142ad inteligencji autora, kt\u00f3ry demonstruje czytelnikowi uczciwo\u015b\u0107 w przedstawianiu wydarze\u0144 i podkre\u015bla, \u017ce czas to cykl mi\u0119dzy narodami. Nie pozbawia on r\u00f3wnie\u017c czytelnik\u00f3w mo\u017cliwo\u015bci skorzystania z wa\u017cnych lekcji wyci\u0105gni\u0119tych z tych bitew.<\/h1>\n<h1 style=\"text-align: center;\">Drug\u0105 rzecz\u0105 jest to, \u017ce autor nie zatrzyma\u0142 si\u0119 na opisie wydarze\u0144, jak czyni to wielu autor\u00f3w, ale raczej zag\u0142\u0119bi\u0142 si\u0119 w sprawy i szuka\u0142 czynnik\u00f3w zwyci\u0119stwa i powod\u00f3w kl\u0119ski, dzi\u0119ki czemu czytelnik ksi\u0105\u017cki otrzymuje bogaty zbi\u00f3r przyczyn wzrostu lub upadku narod\u00f3w, a tym samym cel opowiedzenia historii zostaje osi\u0105gni\u0119ty, jak pokaza\u0142 nam nasz Pan, gdy powiedzia\u0142: {Zaiste w ich opowie\u015bciach jest lekcja dla tych, kt\u00f3rzy rozumiej\u0105} [Jusuf: 111]... Prawda jest taka, \u017ce autor stworzy\u0142 to wszystko z wysokim i wybitnym kunsztem.<\/h1>\n<h1 style=\"text-align: center;\">Wreszcie:<\/h1>\n<h1 style=\"text-align: center;\">Kunszt autora nie przeszkodzi\u0142 mu w zachowaniu subtelnego i pi\u0119knego stylu. Wyra\u017cenia w ksi\u0105\u017cce s\u0105 eleganckie, s\u0142owa pi\u0119kne, a spos\u00f3b prezentacji p\u0142ynny i przyjemny, co dodaje ksi\u0105\u017cce blasku i elegancji.<\/h1>\n<h1 style=\"text-align: center;\">Cho\u0107 wiem, \u017ce to pierwsza pr\u00f3ba autora w pisarstwie wojskowym, jestem pewien, \u017ce nie ostatnia. Bitwy w historii islamu i ich szczeg\u00f3\u0142y wymagaj\u0105 setek tom\u00f3w oraz tysi\u0119cy wyja\u015bnie\u0144 i analiz.<\/h1>\n<h1 style=\"text-align: center;\">Niech Allah wynagrodzi profesora Tamera Badra za jego wielkie wysi\u0142ki. Radz\u0119 mu, aby zawsze odnawia\u0142 swoj\u0105 intencj\u0119 z ka\u017cd\u0105 ksi\u0105\u017ck\u0105, aby Allah, Wszechmog\u0105cy, obdarzy\u0142 jego ksi\u0105\u017cki szerokim rozpowszechnieniem i obdarzy\u0142 go obfit\u0105 nagrod\u0105 i pe\u0142nym wynagrodzeniem.<\/h1>\n<h1 style=\"text-align: center;\">Prosz\u0119 Boga, aby wychwala\u0142 islam i muzu\u0142man\u00f3w<\/h1>\n<h1 style=\"text-align: center;\">Prof. dr Ragheb Al-Sarjani<\/h1>","protected":false},"excerpt":{"rendered":"<p>\u0645\u0642\u062f\u0645\u0629 \u0627\u0644\u0627\u0633\u062a\u0627\u0630 \u0627\u0644\u062f\u0643\u062a\u0648\u0631 \u0631\u0627\u063a\u0628 \u0627\u0644\u0633\u0631\u062c\u0627\u0646\u064a \u0644\u0643\u062a\u0627\u0628 \u0623\u064a\u0627\u0645 \u0644\u0627 \u062a\u0646\u0633\u0649 \u0639\u0627\u0646\u064a \u0627\u0644\u062a\u0627\u0631\u064a\u062e \u0627\u0644\u0625\u0633\u0644\u0627\u0645\u064a \u0643\u062b\u064a\u0631\u064b\u0627 \u0645\u0646 \u0627\u0644\u0625\u0647\u0645\u0627\u0644 \u0639\u0644\u0649 \u0645\u062f\u0627\u0631 \u0627\u0644\u0633\u0646\u0648\u0627\u062a \u0648\u0627\u0644\u0642\u0631\u0648\u0646\u060c \u0648\u0643\u0627\u0646\u062a \u0627\u0644\u0646\u062a\u064a\u062c\u0629 \u0623\u0646 \u0639\u0628\u062b \u0643\u062b\u064a\u0631 \u0645\u0646 \u0627\u0644\u0645\u0633\u062a\u0634\u0631\u0642\u064a\u0646 \u0648\u0627\u0644\u0645\u0633\u062a\u063a\u0631\u0628\u064a\u0646 \u0641\u064a \u0647\u0630\u0627 \u0627\u0644\u062a\u0627\u0631\u064a\u062e\u061b \u0648\u0628\u0627\u0644\u062a\u0627\u0644\u064a \u062e\u0631\u062c \u0644\u0646\u0627 \u0627\u0644\u062a\u0627\u0631\u064a\u062e \u0628\u0635\u0648\u0631\u0629 \u0645\u063a\u0627\u064a\u0631\u0629 \u0643\u062b\u064a\u0631\u064b\u0627 \u0639\u0646 \u0627\u0644\u062d\u0642\u064a\u0642\u0629\u060c \u0648\u0627\u0644\u0623\u0646\u0643\u0649 \u0645\u0646 \u0630\u0644\u0643 \u0623\u0646 \u0627\u0644\u062f\u0631\u0648\u0633 \u0648\u0627\u0644\u0639\u0628\u0631 \u062a\u0627\u0647\u062a \u0648\u0633\u0637 \u0647\u0630\u0647 \u0627\u0644\u062a\u062d\u0631\u064a\u0641\u0627\u062a\u060c \u0641\u0635\u0627\u0631 \u0627\u0644\u062a\u0627\u0631\u064a\u062e \u062f\u0631\u0627\u0633\u0629 \u0623\u0643\u0627\u062f\u064a\u0645\u064a\u0629 \u0644\u0627 \u0645\u0639\u0646\u0649 [&hellip;]<\/p>","protected":false},"featured_media":19689,"comment_status":"open","ping_status":"closed","template":"","meta":{"_seopress_robots_primary_cat":"","_seopress_titles_title":"","_seopress_titles_desc":"","_seopress_robots_index":"","inline_featured_image":false,"_uf_show_specific_survey":0,"_uf_disable_surveys":false},"product_brand":[],"product_cat":[189],"product_tag":[],"class_list":{"0":"post-19575","1":"product","2":"type-product","3":"status-publish","4":"has-post-thumbnail","6":"product_cat-189","8":"first","9":"instock","10":"downloadable","11":"shipping-taxable","12":"purchasable","13":"product-type-simple"},"_links":{"self":[{"href":"https:\/\/tamerbadr.com\/pl\/wp-json\/wp\/v2\/product\/19575","targetHints":{"allow":["GET"]}}],"collection":[{"href":"https:\/\/tamerbadr.com\/pl\/wp-json\/wp\/v2\/product"}],"about":[{"href":"https:\/\/tamerbadr.com\/pl\/wp-json\/wp\/v2\/types\/product"}],"replies":[{"embeddable":true,"href":"https:\/\/tamerbadr.com\/pl\/wp-json\/wp\/v2\/comments?post=19575"}],"wp:featuredmedia":[{"embeddable":true,"href":"https:\/\/tamerbadr.com\/pl\/wp-json\/wp\/v2\/media\/19689"}],"wp:attachment":[{"href":"https:\/\/tamerbadr.com\/pl\/wp-json\/wp\/v2\/media?parent=19575"}],"wp:term":[{"taxonomy":"product_brand","embeddable":true,"href":"https:\/\/tamerbadr.com\/pl\/wp-json\/wp\/v2\/product_brand?post=19575"},{"taxonomy":"product_cat","embeddable":true,"href":"https:\/\/tamerbadr.com\/pl\/wp-json\/wp\/v2\/product_cat?post=19575"},{"taxonomy":"product_tag","embeddable":true,"href":"https:\/\/tamerbadr.com\/pl\/wp-json\/wp\/v2\/product_tag?post=19575"}],"curies":[{"name":"wp","href":"https:\/\/api.w.org\/{rel}","templated":true}]}}