{"id":20308,"date":"2025-03-21T17:41:30","date_gmt":"2025-03-21T17:41:30","guid":{"rendered":"https:\/\/white-ant-267257.hostingersite.com\/?page_id=20308"},"modified":"2025-07-31T13:32:16","modified_gmt":"2025-07-31T13:32:16","slug":"visions-1980-2010","status":"publish","type":"page","link":"https:\/\/tamerbadr.com\/pl\/visions-1980-2010","title":{"rendered":"Wizje 1980-2010"},"content":{"rendered":"<div data-elementor-type=\"wp-page\" data-elementor-id=\"20308\" class=\"elementor elementor-20308\" data-elementor-post-type=\"page\">\n\t\t\t\t\t\t<section class=\"elementor-section elementor-top-section elementor-element elementor-element-325f7dc elementor-section-full_width elementor-section-height-default elementor-section-height-default\" data-id=\"325f7dc\" data-element_type=\"section\" data-settings=\"{&quot;background_background&quot;:&quot;classic&quot;}\">\n\t\t\t\t\t\t<div class=\"elementor-container elementor-column-gap-no\">\n\t\t\t\t\t<div class=\"elementor-column elementor-col-100 elementor-top-column elementor-element elementor-element-a5ff8d0\" data-id=\"a5ff8d0\" data-element_type=\"column\">\n\t\t\t<div class=\"elementor-widget-wrap elementor-element-populated\">\n\t\t\t\t\t\t<section class=\"elementor-section elementor-inner-section elementor-element elementor-element-dce55a7 elementor-section-content-middle elementor-section-boxed elementor-section-height-default elementor-section-height-default\" data-id=\"dce55a7\" data-element_type=\"section\" data-settings=\"{&quot;background_background&quot;:&quot;classic&quot;}\">\n\t\t\t\t\t\t<div class=\"elementor-container elementor-column-gap-no\">\n\t\t\t\t\t<div class=\"elementor-column elementor-col-50 elementor-inner-column elementor-element elementor-element-07e74d4\" data-id=\"07e74d4\" data-element_type=\"column\">\n\t\t\t<div class=\"elementor-widget-wrap elementor-element-populated\">\n\t\t\t\t\t\t<div class=\"elementor-element elementor-element-55c2aa3 elementor-invisible elementor-widget elementor-widget-heading\" data-id=\"55c2aa3\" data-element_type=\"widget\" data-settings=\"{&quot;_animation&quot;:&quot;fadeInLeft&quot;}\" data-widget_type=\"heading.default\">\n\t\t\t\t<div class=\"elementor-widget-container\">\n\t\t\t\t\t<h3 class=\"elementor-heading-title elementor-size-default\">Wizje Tamera Badra<\/h3>\t\t\t\t<\/div>\n\t\t\t\t<\/div>\n\t\t\t\t<div class=\"elementor-element elementor-element-3f5a13a elementor-invisible elementor-widget elementor-widget-heading\" data-id=\"3f5a13a\" data-element_type=\"widget\" data-settings=\"{&quot;_animation&quot;:&quot;fadeInRight&quot;}\" data-widget_type=\"heading.default\">\n\t\t\t\t<div class=\"elementor-widget-container\">\n\t\t\t\t\t<h2 class=\"elementor-heading-title elementor-size-default\">1980-2010\n<\/h2>\t\t\t\t<\/div>\n\t\t\t\t<\/div>\n\t\t\t\t\t<\/div>\n\t\t<\/div>\n\t\t\t\t<div class=\"elementor-column elementor-col-50 elementor-inner-column elementor-element elementor-element-a748cf0\" data-id=\"a748cf0\" data-element_type=\"column\">\n\t\t\t<div class=\"elementor-widget-wrap elementor-element-populated\">\n\t\t\t\t\t\t<div class=\"elementor-element elementor-element-cfa6201 elementor-widget__width-auto elementor-widget-laptop__width-initial elementor-widget-tablet__width-auto elementor-invisible elementor-widget elementor-widget-image\" data-id=\"cfa6201\" data-element_type=\"widget\" data-settings=\"{&quot;_animation&quot;:&quot;fadeInLeft&quot;}\" data-widget_type=\"image.default\">\n\t\t\t\t<div class=\"elementor-widget-container\">\n\t\t\t\t\t\t\t\t\t\t\t\t\t\t\t<img alt=\"\" fetchpriority=\"high\" decoding=\"async\" width=\"330\" height=\"250\" src=\"https:\/\/tamerbadr.com\/wp-content\/uploads\/2025\/03\/463441143_8625855717500959_1120569030532963356_n-1.jpg\" class=\"elementor-animation-float attachment-full size-full wp-image-20368\" \/>\t\t\t\t\t\t\t\t\t\t\t\t\t\t\t<\/div>\n\t\t\t\t<\/div>\n\t\t\t\t\t<\/div>\n\t\t<\/div>\n\t\t\t\t\t<\/div>\n\t\t<\/section>\n\t\t\t\t<div class=\"elementor-element elementor-element-95be648 elementor-widget__width-auto elementor-absolute elementor-widget elementor-widget-image\" data-id=\"95be648\" data-element_type=\"widget\" data-settings=\"{&quot;_position&quot;:&quot;absolute&quot;}\" data-widget_type=\"image.default\">\n\t\t\t\t<div class=\"elementor-widget-container\">\n\t\t\t\t\t\t\t\t\t\t\t\t\t\t\t<img alt=\"\" decoding=\"async\" width=\"956\" height=\"825\" src=\"https:\/\/tamerbadr.com\/wp-content\/uploads\/2022\/10\/about-dot-vector.png\" class=\"attachment-full size-full wp-image-883\" \/>\t\t\t\t\t\t\t\t\t\t\t\t\t\t\t<\/div>\n\t\t\t\t<\/div>\n\t\t\t\t\t<\/div>\n\t\t<\/div>\n\t\t\t\t\t<\/div>\n\t\t<\/section>\n\t\t\t\t<section class=\"elementor-section elementor-top-section elementor-element elementor-element-b661bd3 elementor-section-full_width elementor-section-height-default elementor-section-height-default\" data-id=\"b661bd3\" data-element_type=\"section\" data-settings=\"{&quot;background_background&quot;:&quot;classic&quot;}\">\n\t\t\t\t\t\t<div class=\"elementor-container elementor-column-gap-no\">\n\t\t\t\t\t<div class=\"elementor-column elementor-col-100 elementor-top-column elementor-element elementor-element-e5c672a\" data-id=\"e5c672a\" data-element_type=\"column\">\n\t\t\t<div class=\"elementor-widget-wrap elementor-element-populated\">\n\t\t\t\t\t\t<div class=\"elementor-element elementor-element-e1053d6 elementor-widget__width-auto elementor-absolute elementor-invisible elementor-widget elementor-widget-image\" data-id=\"e1053d6\" data-element_type=\"widget\" data-settings=\"{&quot;_position&quot;:&quot;absolute&quot;,&quot;_animation&quot;:&quot;fadeInLeft&quot;,&quot;_animation_delay&quot;:200}\" data-widget_type=\"image.default\">\n\t\t\t\t<div class=\"elementor-widget-container\">\n\t\t\t\t\t\t\t\t\t\t\t\t\t\t\t<img alt=\"\" decoding=\"async\" width=\"305\" height=\"227\" src=\"https:\/\/tamerbadr.com\/wp-content\/uploads\/2022\/10\/opening-quote-icon.png\" class=\"attachment-full size-full wp-image-1947\" \/>\t\t\t\t\t\t\t\t\t\t\t\t\t\t\t<\/div>\n\t\t\t\t<\/div>\n\t\t\t\t\t<\/div>\n\t\t<\/div>\n\t\t\t\t\t<\/div>\n\t\t<\/section>\n\t\t<div class=\"elementor-element elementor-element-e0f9712 e-flex e-con-boxed e-con e-parent\" data-id=\"e0f9712\" data-element_type=\"container\">\n\t\t\t\t\t<div class=\"e-con-inner\">\n\t\t\t\t<div class=\"elementor-element elementor-element-b5bb3b1 elementor-grid-3 elementor-grid-tablet-2 elementor-grid-mobile-1 elementor-posts--thumbnail-top elementor-widget elementor-widget-posts\" data-id=\"b5bb3b1\" data-element_type=\"widget\" data-settings=\"{&quot;pagination_type&quot;:&quot;numbers_and_prev_next&quot;,&quot;classic_columns&quot;:&quot;3&quot;,&quot;classic_columns_tablet&quot;:&quot;2&quot;,&quot;classic_columns_mobile&quot;:&quot;1&quot;,&quot;classic_row_gap&quot;:{&quot;unit&quot;:&quot;px&quot;,&quot;size&quot;:35,&quot;sizes&quot;:[]},&quot;classic_row_gap_laptop&quot;:{&quot;unit&quot;:&quot;px&quot;,&quot;size&quot;:&quot;&quot;,&quot;sizes&quot;:[]},&quot;classic_row_gap_tablet&quot;:{&quot;unit&quot;:&quot;px&quot;,&quot;size&quot;:&quot;&quot;,&quot;sizes&quot;:[]},&quot;classic_row_gap_mobile&quot;:{&quot;unit&quot;:&quot;px&quot;,&quot;size&quot;:&quot;&quot;,&quot;sizes&quot;:[]}}\" data-widget_type=\"posts.classic\">\n\t\t\t\t<div class=\"elementor-widget-container\">\n\t\t\t\t\t\t\t<div class=\"elementor-posts-container elementor-posts elementor-posts--skin-classic elementor-grid\">\n\t\t\t\t<article class=\"elementor-post elementor-grid-item post-20388 post type-post status-publish format-standard has-post-thumbnail category--1980-2010\">\n\t\t\t\t<a class=\"elementor-post__thumbnail__link\" href=\"https:\/\/tamerbadr.com\/pl\/archives\/20388\" tabindex=\"-1\" >\n\t\t\t<div class=\"elementor-post__thumbnail\"><img alt=\"\" loading=\"lazy\" decoding=\"async\" width=\"300\" height=\"248\" src=\"https:\/\/tamerbadr.com\/wp-content\/uploads\/2025\/03\/43255793_1980585872028010_3396593397627092992_n.jpg\" class=\"attachment-medium size-medium wp-image-20389\" \/><\/div>\n\t\t<\/a>\n\t\t\t\t<div class=\"elementor-post__text\">\n\t\t\t\t<h3 class=\"elementor-post__title\">\n\t\t\t<a href=\"https:\/\/tamerbadr.com\/pl\/archives\/20388\" >\n\t\t\t\tWizja Antychrysta i mojego zmar\u0142ego ojca oko\u0142o 2010 roku\t\t\t<\/a>\n\t\t<\/h3>\n\t\t\t\t<div class=\"elementor-post__meta-data\">\n\t\t\t\t\t<span class=\"elementor-post-date\">\n\t\t\t23\/03\/2025\t\t<\/span>\n\t\t\t\t<span class=\"elementor-post-avatar\">\n\t\t\tBrak komentarzy\t\t<\/span>\n\t\t\t\t<\/div>\n\t\t\t\t<div class=\"elementor-post__excerpt\">\n\t\t\t<p>Zobaczy\u0142em, \u017ce jestem w domu mojej matki w El Manial i \u015bpi\u0119 w \u0142\u00f3\u017cku. Potem wyszed\u0142em na balkon i wyra\u017anie zobaczy\u0142em tarcz\u0119 s\u0142oneczn\u0105. Potem wydarzy\u0142o si\u0119 co\u015b w rodzaju trz\u0119sienia ziemi i sytuacja si\u0119 nasili\u0142a.<\/p>\n\t\t<\/div>\n\t\t\n\t\t<a class=\"elementor-post__read-more\" href=\"https:\/\/tamerbadr.com\/pl\/archives\/20388\" aria-label=\"Read more about \u0631\u0624\u064a\u0627 \u0627\u0644\u0645\u0633\u064a\u062d \u0627\u0644\u062f\u062c\u0627\u0644 \u0648\u0648\u0627\u0644\u062f\u064a \u0627\u0644\u0645\u062a\u0648\u0641\u064a \u0641\u064a \u0639\u0627\u0645 2010 \u062a\u0642\u0631\u064a\u0628\u0627\" tabindex=\"-1\" >\n\t\t\tPrzeczytaj wi\u0119cej \u00bb\t\t<\/a>\n\n\t\t\t\t<\/div>\n\t\t\t\t<\/article>\n\t\t\t\t<article class=\"elementor-post elementor-grid-item post-20385 post type-post status-publish format-standard has-post-thumbnail category--1980-2010\">\n\t\t\t\t<a class=\"elementor-post__thumbnail__link\" href=\"https:\/\/tamerbadr.com\/pl\/archives\/20385\" tabindex=\"-1\" >\n\t\t\t<div class=\"elementor-post__thumbnail\"><img alt=\"\" loading=\"lazy\" decoding=\"async\" width=\"300\" height=\"169\" src=\"https:\/\/tamerbadr.com\/wp-content\/uploads\/2025\/03\/465225226_8718923471527516_4759004299254707689_n-1.jpg\" class=\"attachment-medium size-medium wp-image-20386\" \/><\/div>\n\t\t<\/a>\n\t\t\t\t<div class=\"elementor-post__text\">\n\t\t\t\t<h3 class=\"elementor-post__title\">\n\t\t\t<a href=\"https:\/\/tamerbadr.com\/pl\/archives\/20385\" >\n\t\t\t\tWizja ko\u0144ca \u015bwiata oko\u0142o 2008 roku\t\t\t<\/a>\n\t\t<\/h3>\n\t\t\t\t<div class=\"elementor-post__meta-data\">\n\t\t\t\t\t<span class=\"elementor-post-date\">\n\t\t\t23\/03\/2025\t\t<\/span>\n\t\t\t\t<span class=\"elementor-post-avatar\">\n\t\t\tBrak komentarzy\t\t<\/span>\n\t\t\t\t<\/div>\n\t\t\t\t<div class=\"elementor-post__excerpt\">\n\t\t\t<p>Hadis pani Aiszy - oby B\u00f3g Wszechmog\u0105cy by\u0142 z niej zadowolony - kiedy powiedzia\u0142a: S\u0142ysza\u0142am Pos\u0142a\u0144ca Bo\u017cego - oby B\u00f3g go b\u0142ogos\u0142awi\u0142 i udzieli\u0142 mu pokoju - m\u00f3wi\u0105cego: ((Ludzie b\u0119d\u0105 zgromadzeni w Dniu Zmartwychwstania boso, nago i bez obrzezania.)) Powiedzia\u0142am:<\/p>\n\t\t<\/div>\n\t\t\n\t\t<a class=\"elementor-post__read-more\" href=\"https:\/\/tamerbadr.com\/pl\/archives\/20385\" aria-label=\"Read more about \u0631\u0624\u064a\u0627 \u064a\u0648\u0645 \u0627\u0644\u0642\u064a\u0627\u0645\u0629 \u0641\u064a \u0639\u0627\u0645 2008 \u062a\u0642\u0631\u064a\u0628\u0627\u064b\" tabindex=\"-1\" >\n\t\t\tPrzeczytaj wi\u0119cej \u00bb\t\t<\/a>\n\n\t\t\t\t<\/div>\n\t\t\t\t<\/article>\n\t\t\t\t<article class=\"elementor-post elementor-grid-item post-20382 post type-post status-publish format-standard has-post-thumbnail category--1980-2010\">\n\t\t\t\t<a class=\"elementor-post__thumbnail__link\" href=\"https:\/\/tamerbadr.com\/pl\/archives\/20382\" tabindex=\"-1\" >\n\t\t\t<div class=\"elementor-post__thumbnail\"><img alt=\"\" loading=\"lazy\" decoding=\"async\" width=\"300\" height=\"148\" src=\"https:\/\/tamerbadr.com\/wp-content\/uploads\/2025\/03\/464343130_8476472379113375_5020772890705759241_n.jpg\" class=\"attachment-medium size-medium wp-image-20383\" \/><\/div>\n\t\t<\/a>\n\t\t\t\t<div class=\"elementor-post__text\">\n\t\t\t\t<h3 class=\"elementor-post__title\">\n\t\t\t<a href=\"https:\/\/tamerbadr.com\/pl\/archives\/20382\" >\n\t\t\t\tWizja okr\u0119t\u00f3w wojennych trafianych oko\u0142o 2004 roku\t\t\t<\/a>\n\t\t<\/h3>\n\t\t\t\t<div class=\"elementor-post__meta-data\">\n\t\t\t\t\t<span class=\"elementor-post-date\">\n\t\t\t23\/03\/2025\t\t<\/span>\n\t\t\t\t<span class=\"elementor-post-avatar\">\n\t\t\tBrak komentarzy\t\t<\/span>\n\t\t\t\t<\/div>\n\t\t\t\t<div class=\"elementor-post__excerpt\">\n\t\t\t<p>Zobaczy\u0142em, \u017ce jestem wysoko na niebie nad Egiptem. Widzia\u0142em okr\u0119ty wojenne za\u0142adowane europejskimi \u017co\u0142nierzami, wyp\u0142ywaj\u0105ce z Europy do Lewantu przez Morze \u015ar\u00f3dziemne, aby wzi\u0105\u0107 udzia\u0142 w...<\/p>\n\t\t<\/div>\n\t\t\n\t\t<a class=\"elementor-post__read-more\" href=\"https:\/\/tamerbadr.com\/pl\/archives\/20382\" aria-label=\"Read more about \u0631\u0624\u064a\u0627 \u0636\u0631\u0628 \u0627\u0644\u0633\u0641\u0646 \u0627\u0644\u062d\u0631\u0628\u064a\u0629 \u0641\u064a \u0639\u0627\u0645 2004 \u062a\u0642\u0631\u064a\u0628\u0627\" tabindex=\"-1\" >\n\t\t\tPrzeczytaj wi\u0119cej \u00bb\t\t<\/a>\n\n\t\t\t\t<\/div>\n\t\t\t\t<\/article>\n\t\t\t\t<article class=\"elementor-post elementor-grid-item post-20379 post type-post status-publish format-standard has-post-thumbnail category--1980-2010\">\n\t\t\t\t<a class=\"elementor-post__thumbnail__link\" href=\"https:\/\/tamerbadr.com\/pl\/archives\/20379\" tabindex=\"-1\" >\n\t\t\t<div class=\"elementor-post__thumbnail\"><img alt=\"\" loading=\"lazy\" decoding=\"async\" width=\"300\" height=\"196\" src=\"https:\/\/tamerbadr.com\/wp-content\/uploads\/2025\/03\/ScreenShot001.jpg\" class=\"attachment-medium size-medium wp-image-20380\" \/><\/div>\n\t\t<\/a>\n\t\t\t\t<div class=\"elementor-post__text\">\n\t\t\t\t<h3 class=\"elementor-post__title\">\n\t\t\t<a href=\"https:\/\/tamerbadr.com\/pl\/archives\/20379\" >\n\t\t\t\tWizja Proroka (niech pok\u00f3j i b\u0142ogos\u0142awie\u0144stwo b\u0119d\u0105 z nim) oraz skandowanie \u201eB\u00f3g jest wielki\u201d podczas demonstracji oko\u0142o 1992 r.\t\t\t<\/a>\n\t\t<\/h3>\n\t\t\t\t<div class=\"elementor-post__meta-data\">\n\t\t\t\t\t<span class=\"elementor-post-date\">\n\t\t\t23\/03\/2025\t\t<\/span>\n\t\t\t\t<span class=\"elementor-post-avatar\">\n\t\t\tBrak komentarzy\t\t<\/span>\n\t\t\t\t<\/div>\n\t\t\t\t<div class=\"elementor-post__excerpt\">\n\t\t\t<p>Moja druga wizja z Prorokiem, niech pok\u00f3j i b\u0142ogos\u0142awie\u0144stwo b\u0119d\u0105 z nim, mia\u0142a miejsce, gdy by\u0142em m\u0142ody, w liceum i by\u0142em wtedy singlem. Kilka miesi\u0119cy po mojej pierwszej wizji z Prorokiem, niech pok\u00f3j i b\u0142ogos\u0142awie\u0144stwo b\u0119d\u0105 z nim...<\/p>\n\t\t<\/div>\n\t\t\n\t\t<a class=\"elementor-post__read-more\" href=\"https:\/\/tamerbadr.com\/pl\/archives\/20379\" aria-label=\"Read more about \u0631\u0624\u064a\u0627 \u0627\u0644\u0646\u0628\u064a \ufdfa \u0648\u0647\u062a\u0627\u0641 \u0627\u0644\u0644\u0647 \u0623\u0643\u0628\u0631 \u0641\u064a \u0627\u0644\u0645\u0638\u0627\u0647\u0631\u0627\u062a \u062e\u0644\u0627\u0644 \u0639\u0627\u0645 1992 \u062a\u0642\u0631\u064a\u0628\u0627\u064b\" tabindex=\"-1\" >\n\t\t\tPrzeczytaj wi\u0119cej \u00bb\t\t<\/a>\n\n\t\t\t\t<\/div>\n\t\t\t\t<\/article>\n\t\t\t\t<article class=\"elementor-post elementor-grid-item post-20377 post type-post status-publish format-standard has-post-thumbnail category--1980-2010\">\n\t\t\t\t<a class=\"elementor-post__thumbnail__link\" href=\"https:\/\/tamerbadr.com\/pl\/archives\/20377\" tabindex=\"-1\" >\n\t\t\t<div class=\"elementor-post__thumbnail\"><img alt=\"\" loading=\"lazy\" decoding=\"async\" width=\"300\" height=\"263\" src=\"https:\/\/tamerbadr.com\/wp-content\/uploads\/2025\/03\/463481849_8625204197566111_7667057720993497402_n.jpg\" class=\"attachment-medium size-medium wp-image-20363\" \/><\/div>\n\t\t<\/a>\n\t\t\t\t<div class=\"elementor-post__text\">\n\t\t\t\t<h3 class=\"elementor-post__title\">\n\t\t\t<a href=\"https:\/\/tamerbadr.com\/pl\/archives\/20377\" >\n\t\t\t\tWizja Proroka (niech pok\u00f3j i b\u0142ogos\u0142awie\u0144stwo b\u0119d\u0105 z nim) i meczetu w roku 1992, oko\u0142o godziny si\u00f3dmej rano\t\t\t<\/a>\n\t\t<\/h3>\n\t\t\t\t<div class=\"elementor-post__meta-data\">\n\t\t\t\t\t<span class=\"elementor-post-date\">\n\t\t\t23\/03\/2025\t\t<\/span>\n\t\t\t\t<span class=\"elementor-post-avatar\">\n\t\t\tBrak komentarzy\t\t<\/span>\n\t\t\t\t<\/div>\n\t\t\t\t<div class=\"elementor-post__excerpt\">\n\t\t\t<p>Pierwsza wizja, w kt\u00f3rej odwiedzi\u0142 mnie ukochany Mustafa, mia\u0142a miejsce, gdy by\u0142em bardzo blisko Boga Wszechmog\u0105cego w szkole \u015bredniej i pragn\u0105\u0142em umrze\u0107 w tym wieku z pust\u0105 kart\u0105.<\/p>\n\t\t<\/div>\n\t\t\n\t\t<a class=\"elementor-post__read-more\" href=\"https:\/\/tamerbadr.com\/pl\/archives\/20377\" aria-label=\"Read more about \u0631\u0624\u064a\u0627 \u0627\u0644\u0646\u0628\u064a \ufdfa \u0648\u0627\u0644\u0645\u0633\u062c\u062f \u062e\u0644\u0627\u0644 \u0639\u0627\u0645 1992 \u062a\u0642\u0631\u064a\u0628\u0627\u064b \u0627\u0644\u0633\u0627\u0639\u0629 \u0627\u0644\u0633\u0627\u0628\u0639\u0629 \u0635\u0628\u0627\u062d\u0627\u064b\" tabindex=\"-1\" >\n\t\t\tPrzeczytaj wi\u0119cej \u00bb\t\t<\/a>\n\n\t\t\t\t<\/div>\n\t\t\t\t<\/article>\n\t\t\t\t<article class=\"elementor-post elementor-grid-item post-20374 post type-post status-publish format-standard has-post-thumbnail category--1980-2010\">\n\t\t\t\t<a class=\"elementor-post__thumbnail__link\" href=\"https:\/\/tamerbadr.com\/pl\/archives\/20374\" tabindex=\"-1\" >\n\t\t\t<div class=\"elementor-post__thumbnail\"><img alt=\"\" loading=\"lazy\" decoding=\"async\" width=\"300\" height=\"220\" src=\"https:\/\/tamerbadr.com\/wp-content\/uploads\/2025\/03\/464418589_8683339525085911_3232772960030198831_n-1.jpg\" class=\"attachment-medium size-medium wp-image-20375\" \/><\/div>\n\t\t<\/a>\n\t\t\t\t<div class=\"elementor-post__text\">\n\t\t\t\t<h3 class=\"elementor-post__title\">\n\t\t\t<a href=\"https:\/\/tamerbadr.com\/pl\/archives\/20374\" >\n\t\t\t\tWizja nieba w szkole \u015bredniej\t\t\t<\/a>\n\t\t<\/h3>\n\t\t\t\t<div class=\"elementor-post__meta-data\">\n\t\t\t\t\t<span class=\"elementor-post-date\">\n\t\t\t23\/03\/2025\t\t<\/span>\n\t\t\t\t<span class=\"elementor-post-avatar\">\n\t\t\tBrak komentarzy\t\t<\/span>\n\t\t\t\t<\/div>\n\t\t\t\t<div class=\"elementor-post__excerpt\">\n\t\t\t<p>Kiedy by\u0142em m\u0142ody i chodzi\u0142em do liceum, najpi\u0119kniejszym kolorem, jaki kocha\u0142em, by\u0142 niebieski, i by\u0142em zaskoczony, \u017ce kolor drzew i gospodarstw w niebie by\u0142 zielony, i ja<\/p>\n\t\t<\/div>\n\t\t\n\t\t<a class=\"elementor-post__read-more\" href=\"https:\/\/tamerbadr.com\/pl\/archives\/20374\" aria-label=\"Read more about \u0631\u0624\u064a\u0627 \u0627\u0644\u062c\u0646\u0629 \u0641\u064a \u0627\u0644\u0645\u0631\u062d\u0644\u0629 \u0627\u0644\u062b\u0627\u0646\u0648\u064a\u0629\" tabindex=\"-1\" >\n\t\t\tPrzeczytaj wi\u0119cej \u00bb\t\t<\/a>\n\n\t\t\t\t<\/div>\n\t\t\t\t<\/article>\n\t\t\t\t<\/div>\n\t\t\n\t\t\t\t\t\t<\/div>\n\t\t\t\t<\/div>\n\t\t\t\t\t<\/div>\n\t\t\t\t<\/div>\n\t\t\t\t<section class=\"elementor-section elementor-top-section elementor-element elementor-element-5614d92 elementor-section-full_width elementor-section-height-default elementor-section-height-default elementor-invisible\" data-id=\"5614d92\" data-element_type=\"section\" data-settings=\"{&quot;animation&quot;:&quot;fadeInUp&quot;}\">\n\t\t\t\t\t\t<div class=\"elementor-container elementor-column-gap-no\">\n\t\t\t\t\t<div class=\"elementor-column elementor-col-100 elementor-top-column elementor-element elementor-element-5e8944f\" data-id=\"5e8944f\" data-element_type=\"column\" data-settings=\"{&quot;background_background&quot;:&quot;classic&quot;}\">\n\t\t\t<div class=\"elementor-widget-wrap elementor-element-populated\">\n\t\t\t\t\t\t<div class=\"elementor-element elementor-element-b8fdb36 elementor-widget__width-auto elementor-absolute elementor-invisible elementor-widget elementor-widget-image\" data-id=\"b8fdb36\" data-element_type=\"widget\" data-settings=\"{&quot;_position&quot;:&quot;absolute&quot;,&quot;_animation&quot;:&quot;fadeInLeft&quot;,&quot;_animation_delay&quot;:200}\" data-widget_type=\"image.default\">\n\t\t\t\t<div class=\"elementor-widget-container\">\n\t\t\t\t\t\t\t\t\t\t\t\t\t\t\t<img alt=\"\" decoding=\"async\" width=\"305\" height=\"227\" src=\"https:\/\/tamerbadr.com\/wp-content\/uploads\/2022\/10\/opening-quote-icon.png\" class=\"attachment-full size-full wp-image-1947\" \/>\t\t\t\t\t\t\t\t\t\t\t\t\t\t\t<\/div>\n\t\t\t\t<\/div>\n\t\t\t\t\t<\/div>\n\t\t<\/div>\n\t\t\t\t\t<\/div>\n\t\t<\/section>\n\t\t\t\t<\/div>","protected":false},"excerpt":{"rendered":"<p>Wizje Tamera Badra 1980-2010<\/p>","protected":false},"author":1,"featured_media":4468,"parent":0,"menu_order":0,"comment_status":"closed","ping_status":"closed","template":"elementor_header_footer","meta":{"_seopress_robots_primary_cat":"","_seopress_titles_title":"","_seopress_titles_desc":"","_seopress_robots_index":"","inline_featured_image":false,"_uf_show_specific_survey":0,"_uf_disable_surveys":false,"footnotes":""},"class_list":["post-20308","page","type-page","status-publish","has-post-thumbnail"],"_links":{"self":[{"href":"https:\/\/tamerbadr.com\/pl\/wp-json\/wp\/v2\/pages\/20308","targetHints":{"allow":["GET"]}}],"collection":[{"href":"https:\/\/tamerbadr.com\/pl\/wp-json\/wp\/v2\/pages"}],"about":[{"href":"https:\/\/tamerbadr.com\/pl\/wp-json\/wp\/v2\/types\/page"}],"author":[{"embeddable":true,"href":"https:\/\/tamerbadr.com\/pl\/wp-json\/wp\/v2\/users\/1"}],"replies":[{"embeddable":true,"href":"https:\/\/tamerbadr.com\/pl\/wp-json\/wp\/v2\/comments?post=20308"}],"version-history":[{"count":0,"href":"https:\/\/tamerbadr.com\/pl\/wp-json\/wp\/v2\/pages\/20308\/revisions"}],"wp:featuredmedia":[{"embeddable":true,"href":"https:\/\/tamerbadr.com\/pl\/wp-json\/wp\/v2\/media\/4468"}],"wp:attachment":[{"href":"https:\/\/tamerbadr.com\/pl\/wp-json\/wp\/v2\/media?parent=20308"}],"curies":[{"name":"wp","href":"https:\/\/api.w.org\/{rel}","templated":true}]}}