{"id":20178,"date":"2025-03-19T18:42:34","date_gmt":"2025-03-19T18:42:34","guid":{"rendered":"https:\/\/white-ant-267257.hostingersite.com\/?page_id=20178"},"modified":"2025-07-30T19:25:45","modified_gmt":"2025-07-30T19:25:45","slug":"privacy-policy","status":"publish","type":"page","link":"https:\/\/tamerbadr.com\/pl\/privacy-policy","title":{"rendered":"polityka prywatno\u015bci"},"content":{"rendered":"<div data-elementor-type=\"wp-page\" data-elementor-id=\"20178\" class=\"elementor elementor-20178\" data-elementor-post-type=\"page\">\n\t\t\t\t\t\t<section class=\"elementor-section elementor-top-section elementor-element elementor-element-325f7dc elementor-section-full_width elementor-section-height-default elementor-section-height-default\" data-id=\"325f7dc\" data-element_type=\"section\" data-settings=\"{&quot;background_background&quot;:&quot;classic&quot;}\">\n\t\t\t\t\t\t<div class=\"elementor-container elementor-column-gap-no\">\n\t\t\t\t\t<div class=\"elementor-column elementor-col-100 elementor-top-column elementor-element elementor-element-a5ff8d0\" data-id=\"a5ff8d0\" data-element_type=\"column\">\n\t\t\t<div class=\"elementor-widget-wrap elementor-element-populated\">\n\t\t\t\t\t\t<section class=\"elementor-section elementor-inner-section elementor-element elementor-element-dce55a7 elementor-section-content-middle elementor-section-boxed elementor-section-height-default elementor-section-height-default\" data-id=\"dce55a7\" data-element_type=\"section\" data-settings=\"{&quot;background_background&quot;:&quot;classic&quot;}\">\n\t\t\t\t\t\t<div class=\"elementor-container elementor-column-gap-no\">\n\t\t\t\t\t<div class=\"elementor-column elementor-col-50 elementor-inner-column elementor-element elementor-element-07e74d4\" data-id=\"07e74d4\" data-element_type=\"column\">\n\t\t\t<div class=\"elementor-widget-wrap elementor-element-populated\">\n\t\t\t\t\t\t<div class=\"elementor-element elementor-element-edd75c2 elementor-invisible elementor-widget elementor-widget-heading\" data-id=\"edd75c2\" data-element_type=\"widget\" data-settings=\"{&quot;_animation&quot;:&quot;fadeInLeft&quot;}\" data-widget_type=\"heading.default\">\n\t\t\t\t<div class=\"elementor-widget-container\">\n\t\t\t\t\t<h2 class=\"elementor-heading-title elementor-size-default\">Tamer Badr<\/h2>\t\t\t\t<\/div>\n\t\t\t\t<\/div>\n\t\t\t\t<div class=\"elementor-element elementor-element-3f5a13a elementor-invisible elementor-widget elementor-widget-heading\" data-id=\"3f5a13a\" data-element_type=\"widget\" data-settings=\"{&quot;_animation&quot;:&quot;fadeInRight&quot;}\" data-widget_type=\"heading.default\">\n\t\t\t\t<div class=\"elementor-widget-container\">\n\t\t\t\t\t<h2 class=\"elementor-heading-title elementor-size-default\">polityka prywatno\u015bci<\/h2>\t\t\t\t<\/div>\n\t\t\t\t<\/div>\n\t\t\t\t\t<\/div>\n\t\t<\/div>\n\t\t\t\t<div class=\"elementor-column elementor-col-50 elementor-inner-column elementor-element elementor-element-a748cf0\" data-id=\"a748cf0\" data-element_type=\"column\">\n\t\t\t<div class=\"elementor-widget-wrap elementor-element-populated\">\n\t\t\t\t\t\t<div class=\"elementor-element elementor-element-7476b1a elementor-position-left elementor-vertical-align-top elementor-widget elementor-widget-image-box\" data-id=\"7476b1a\" data-element_type=\"widget\" data-widget_type=\"image-box.default\">\n\t\t\t\t<div class=\"elementor-widget-container\">\n\t\t\t\t\t<div class=\"elementor-image-box-wrapper\"><figure class=\"elementor-image-box-img\"><img alt=\"\" decoding=\"async\" width=\"170\" height=\"157\" src=\"https:\/\/tamerbadr.com\/wp-content\/uploads\/2022\/10\/service-1.png\" class=\"elementor-animation-bob attachment-full size-full wp-image-515\" \/><\/figure><\/div>\t\t\t\t<\/div>\n\t\t\t\t<\/div>\n\t\t\t\t\t<\/div>\n\t\t<\/div>\n\t\t\t\t\t<\/div>\n\t\t<\/section>\n\t\t\t\t<div class=\"elementor-element elementor-element-9ae5934 elementor-widget__width-auto elementor-absolute elementor-widget elementor-widget-image\" data-id=\"9ae5934\" data-element_type=\"widget\" data-settings=\"{&quot;_position&quot;:&quot;absolute&quot;}\" data-widget_type=\"image.default\">\n\t\t\t\t<div class=\"elementor-widget-container\">\n\t\t\t\t\t\t\t\t\t\t\t\t\t\t\t<img alt=\"\" fetchpriority=\"high\" decoding=\"async\" width=\"956\" height=\"825\" src=\"https:\/\/tamerbadr.com\/wp-content\/uploads\/2022\/10\/about-dot-vector.png\" class=\"attachment-full size-full wp-image-883\" \/>\t\t\t\t\t\t\t\t\t\t\t\t\t\t\t<\/div>\n\t\t\t\t<\/div>\n\t\t\t\t\t<\/div>\n\t\t<\/div>\n\t\t\t\t\t<\/div>\n\t\t<\/section>\n\t\t\t\t<section class=\"elementor-section elementor-top-section elementor-element elementor-element-b661bd3 elementor-section-full_width elementor-section-height-default elementor-section-height-default\" data-id=\"b661bd3\" data-element_type=\"section\" data-settings=\"{&quot;background_background&quot;:&quot;classic&quot;}\">\n\t\t\t\t\t\t<div class=\"elementor-container elementor-column-gap-no\">\n\t\t\t\t\t<div class=\"elementor-column elementor-col-100 elementor-top-column elementor-element elementor-element-e5c672a\" data-id=\"e5c672a\" data-element_type=\"column\">\n\t\t\t<div class=\"elementor-widget-wrap elementor-element-populated\">\n\t\t\t\t\t\t<div class=\"elementor-element elementor-element-e1053d6 elementor-widget__width-auto elementor-absolute elementor-invisible elementor-widget elementor-widget-image\" data-id=\"e1053d6\" data-element_type=\"widget\" data-settings=\"{&quot;_position&quot;:&quot;absolute&quot;,&quot;_animation&quot;:&quot;fadeInLeft&quot;,&quot;_animation_delay&quot;:200}\" data-widget_type=\"image.default\">\n\t\t\t\t<div class=\"elementor-widget-container\">\n\t\t\t\t\t\t\t\t\t\t\t\t\t\t\t<img alt=\"\" decoding=\"async\" width=\"305\" height=\"227\" src=\"https:\/\/tamerbadr.com\/wp-content\/uploads\/2022\/10\/opening-quote-icon.png\" class=\"attachment-full size-full wp-image-1947\" \/>\t\t\t\t\t\t\t\t\t\t\t\t\t\t\t<\/div>\n\t\t\t\t<\/div>\n\t\t\t\t\t<\/div>\n\t\t<\/div>\n\t\t\t\t\t<\/div>\n\t\t<\/section>\n\t\t<div class=\"elementor-element elementor-element-1a52feb e-flex e-con-boxed e-con e-parent\" data-id=\"1a52feb\" data-element_type=\"container\">\n\t\t\t\t\t<div class=\"e-con-inner\">\n\t\t\t\t<div class=\"elementor-element elementor-element-4b1dd68 elementor-widget elementor-widget-text-editor\" data-id=\"4b1dd68\" data-element_type=\"widget\" data-widget_type=\"text-editor.default\">\n\t\t\t\t<div class=\"elementor-widget-container\">\n\t\t\t\t\t\t\t\t\t<h4>Polityka prywatno\u015bci \u2013 Tamer Badr (tamerbadr.com)<\/h4><h2>Ostatnia aktualizacja: (27 marca 2025 r.)<\/h2><h1>Witamy na stronie internetowej Tamer Badr (tamerbadr.com) (\u201eStrona\u201d, \u201emy\u201d, \u201enas\u201d lub \u201enasz\u201d). Dbamy o ochron\u0119 Twojej prywatno\u015bci i poszanowanie Twoich danych osobowych. Niniejsza polityka wyja\u015bnia, w jaki spos\u00f3b Twoje dane s\u0105 gromadzone i wykorzystywane podczas przegl\u0105dania naszej strony lub zakupu e-book\u00f3w w naszym sklepie.<\/h1><p>\u2e3b<\/p><h3 class=\"translation-block\">1. Informacje, kt\u00f3re zbieramy<\/h3><h2>a) Informacje, kt\u00f3re nam przekazujesz<\/h2><h1 class=\"translation-block\">Kiedy dokonujesz zakup\u00f3w lub komunikujesz si\u0119 z nami, mo\u017cemy zbiera\u0107 nast\u0119puj\u0105ce informacje:<br> \u2022 imi\u0119 i nazwisko<br> \u2022 Adres e-mail<br> \u2022 numer telefonu<br> \u2022 Dane p\u0142atnicze (nie przechowujemy ich, przetwarzamy je za po\u015brednictwem bezpiecznych dostawc\u00f3w us\u0142ug p\u0142atniczych)<\/h1><h2>b) Informacje zbierane automatycznie<\/h2><h4 class=\"translation-block\">Podczas przegl\u0105dania witryny mo\u017cemy automatycznie zbiera\u0107 pewne informacje, takie jak:<\/h4><h1 class=\"translation-block\">\u2022 Adres IP Twojego urz\u0105dzenia<br> \u2022 Typ i ustawienia przegl\u0105darki<br> \u2022 Strony, kt\u00f3re odwiedzasz w witrynie<br> \u2022 Godzina i data Twojej wizyty<br> \u2022 Pliki cookie i inne technologie \u015bledzenia<\/h1><p>\u2e3b<\/p><h3>2. Jak korzysta\u0107 z informacji<\/h3><h2 class=\"translation-block\">Wykorzystujemy Twoje dane do:<\/h2><h1 class=\"translation-block\">\u2022 Przetwarzanie zam\u00f3wie\u0144 i udost\u0119pnianie mo\u017cliwo\u015bci pobierania e-book\u00f3w.<br> \u2022 Poprawa do\u015bwiadcze\u0144 u\u017cytkownik\u00f3w i personalizacja tre\u015bci.<br> \u2022 Wysy\u0142anie powiadomie\u0144 marketingowych, je\u015bli wyrazisz na to zgod\u0119.<br> \u2022 Analizuj wydajno\u015b\u0107 witryny za pomoc\u0105 narz\u0119dzi takich jak Google Analytics.<br> \u2022 Przestrzega\u0107 prawa i chroni\u0107 nasze prawa.<\/h1><p>\u2e3b<\/p><h3>3. Polityka sklepu internetowego<\/h3><h2>a) P\u0142atno\u015b\u0107:<\/h2><h1 class=\"translation-block\">\u2022 P\u0142atno\u015bci mo\u017cna dokona\u0107 za po\u015brednictwem Instapay, Visa, Vodafone Cash lub innej elektronicznej metody p\u0142atno\u015bci.<br> \u2022 Nie przechowujemy danych dotycz\u0105cych p\u0142atno\u015bci, poniewa\u017c transakcje s\u0105 dokonywane za po\u015brednictwem autoryzowanych dostawc\u00f3w us\u0142ug p\u0142atniczych.<\/h1><h2 class=\"translation-block\">b) Zwrot:<\/h2><h1 class=\"translation-block\">\u2022 E-booki nie podlegaj\u0105 zwrotowi po zakupie i pobraniu.<br> \u2022 Je\u015bli wyst\u0105pi problem techniczny uniemo\u017cliwiaj\u0105cy pobranie ksi\u0105\u017cki, mo\u017cesz skontaktowa\u0107 si\u0119 z nami w celu rozwi\u0105zania problemu.<\/h1><h2>c) Pobierz e-booki:<\/h2><h1>\u2022 Po dokonaniu p\u0142atno\u015bci u\u017cytkownik b\u0119dzie m\u00f3g\u0142 bezpo\u015brednio pobra\u0107 ksi\u0105\u017ck\u0119.<\/h1><h1>\u2022 Je\u015bli masz jakiekolwiek problemy z pobieraniem, skontaktuj si\u0119 z nami poprzez stron\u0119 kontaktow\u0105.<\/h1><p>\u2e3b<\/p><h3>4. Reklama i korzystanie z Google AdSense<\/h3><h1>Nasza strona korzysta z Google AdSense do wy\u015bwietlania reklam, a Google mo\u017ce u\u017cywa\u0107 plik\u00f3w cookie do gromadzenia danych o Twojej interakcji z reklamami. Mo\u017cesz zrezygnowa\u0107 z personalizowanych reklam, odwiedzaj\u0105c Ustawienia reklam Google. Wi\u0119cej informacji znajdziesz w Polityce prywatno\u015bci Google.<\/h1><p>\u2e3b<\/p><h3>5. Udost\u0119pnianie danych osobom trzecim<\/h3><h2>Nie sprzedajemy i nie udost\u0119pniamy Twoich danych osobowych, z wyj\u0105tkiem:<\/h2><h1>\u2022 Dostawcy us\u0142ug p\u0142atniczych: w celu przetwarzania zam\u00f3wie\u0144.<\/h1><h1>\u2022 Zgodno\u015b\u0107 z prawem: Gdy jest to konieczne w celu ochrony naszych praw lub w celu przestrzegania prawa.<\/h1><p>\u2e3b<\/p><h3>6. Pliki cookie i technologie \u015bledzenia<\/h3><h1>U\u017cywamy plik\u00f3w cookie w celu poprawy komfortu u\u017cytkowania, co mo\u017cesz kontrolowa\u0107 za pomoc\u0105 ustawie\u0144 swojej przegl\u0105darki.<\/h1><p>\u2e3b<\/p><h3>7. Bezpiecze\u0144stwo informacji<\/h3><h1>Podejmujemy \u015brodki bezpiecze\u0144stwa w celu ochrony Twoich danych, lecz nie mo\u017cemy zagwarantowa\u0107 ca\u0142kowitego bezpiecze\u0144stwa w sieci.<\/h1><p>\u2e3b<\/p><h3>8. Twoje prawa<\/h3><h1>W ka\u017cdej chwili mo\u017cesz poprosi\u0107 o aktualizacj\u0119 lub usuni\u0119cie swoich danych lub zrezygnowa\u0107 z otrzymywania wiadomo\u015bci marketingowych, kontaktuj\u0105c si\u0119 z nami.<\/h1><p>\u2e3b<\/p><h3>9. Zmiany w Polityce<\/h3><h1>Mo\u017cemy aktualizowa\u0107 nasz\u0105 Polityk\u0119 prywatno\u015bci. Wszelkie zmiany b\u0119d\u0105 publikowane na tej stronie.<\/h1><p>\u2e3b<\/p><h3>10. Jak si\u0119 z nami skontaktowa\u0107<\/h3><h1><img decoding=\"async\" class=\"emoji\" role=\"img\" draggable=\"false\" src=\"https:\/\/s.w.org\/images\/core\/emoji\/15.0.3\/svg\/1f4e7.svg\" alt=\"\ud83d\udce7\" \/> info@tamerbadr.com<\/h1><h5><img decoding=\"async\" class=\"emoji\" role=\"img\" draggable=\"false\" src=\"https:\/\/s.w.org\/images\/core\/emoji\/15.0.3\/svg\/1f310.svg\" alt=\"\ud83c\udf10\" \/> <a href=\"https:\/\/tamerbadr.com\/pl\/contact-us\/\">tamerbadr.com\/kontakt<\/a><\/h5><p>\u2e3b<\/p>\t\t\t\t\t\t\t\t<\/div>\n\t\t\t\t<\/div>\n\t\t\t\t\t<\/div>\n\t\t\t\t<\/div>\n\t\t\t\t<section class=\"elementor-section elementor-top-section elementor-element elementor-element-8cea59d elementor-section-full_width elementor-section-height-default elementor-section-height-default elementor-invisible\" data-id=\"8cea59d\" data-element_type=\"section\" data-settings=\"{&quot;animation&quot;:&quot;fadeInUp&quot;}\">\n\t\t\t\t\t\t<div class=\"elementor-container elementor-column-gap-no\">\n\t\t\t\t\t<div class=\"elementor-column elementor-col-100 elementor-top-column elementor-element elementor-element-1914be3\" data-id=\"1914be3\" data-element_type=\"column\" data-settings=\"{&quot;background_background&quot;:&quot;classic&quot;}\">\n\t\t\t<div class=\"elementor-widget-wrap elementor-element-populated\">\n\t\t\t\t\t\t<div class=\"elementor-element elementor-element-e88d76f elementor-widget__width-auto elementor-absolute elementor-invisible elementor-widget elementor-widget-image\" data-id=\"e88d76f\" data-element_type=\"widget\" data-settings=\"{&quot;_position&quot;:&quot;absolute&quot;,&quot;_animation&quot;:&quot;fadeInLeft&quot;,&quot;_animation_delay&quot;:200}\" data-widget_type=\"image.default\">\n\t\t\t\t<div class=\"elementor-widget-container\">\n\t\t\t\t\t\t\t\t\t\t\t\t\t\t\t<img alt=\"\" decoding=\"async\" width=\"305\" height=\"227\" src=\"https:\/\/tamerbadr.com\/wp-content\/uploads\/2022\/10\/opening-quote-icon.png\" class=\"attachment-full size-full wp-image-1947\" \/>\t\t\t\t\t\t\t\t\t\t\t\t\t\t\t<\/div>\n\t\t\t\t<\/div>\n\t\t\t\t\t<\/div>\n\t\t<\/div>\n\t\t\t\t\t<\/div>\n\t\t<\/section>\n\t\t\t\t<\/div>","protected":false},"excerpt":{"rendered":"<p>\u062a\u0627\u0645\u0631 \u0628\u062f\u0631 \u0633\u064a\u0627\u0633\u0629 \u0627\u0644\u062e\u0635\u0648\u0635\u064a\u0629 \u0633\u064a\u0627\u0633\u0629 \u0627\u0644\u062e\u0635\u0648\u0635\u064a\u0629 \u2013 \u062a\u0627\u0645\u0631 \u0628\u062f\u0631 (tamerbadr.com) \u0622\u062e\u0631 \u062a\u062d\u062f\u064a\u062b: (27 \u0645\u0627\u0631\u0633 2025) \u0645\u0631\u062d\u0628\u064b\u0627 \u0628\u0643 \u0641\u064a \u0645\u0648\u0642\u0639 \u062a\u0627\u0645\u0631 \u0628\u062f\u0631 (tamerbadr.com) (\u201c\u0627\u0644\u0645\u0648\u0642\u0639\u201d\u060c \u201c\u0646\u062d\u0646\u201d\u060c \u201c\u0644\u0646\u0627\u201d \u0623\u0648 \u201c\u062e\u0627\u0635\u062a\u0646\u0627\u201d). \u0646\u062d\u0646 \u0646\u0644\u062a\u0632\u0645 \u0628\u062d\u0645\u0627\u064a\u0629 \u062e\u0635\u0648\u0635\u064a\u062a\u0643 \u0648\u0627\u062d\u062a\u0631\u0627\u0645 \u0628\u064a\u0627\u0646\u0627\u062a\u0643 \u0627\u0644\u0634\u062e\u0635\u064a\u0629. \u062a\u0648\u0636\u062d \u0647\u0630\u0647 \u0627\u0644\u0633\u064a\u0627\u0633\u0629 \u0643\u064a\u0641\u064a\u0629 \u062c\u0645\u0639 \u0645\u0639\u0644\u0648\u0645\u0627\u062a\u0643 \u0648\u0627\u0633\u062a\u062e\u062f\u0627\u0645\u0647\u0627 \u0639\u0646\u062f \u062a\u0635\u0641\u062d \u0645\u0648\u0642\u0639\u0646\u0627 \u0623\u0648 \u0634\u0631\u0627\u0621 \u0627\u0644\u0643\u062a\u0628 \u0627\u0644\u0625\u0644\u0643\u062a\u0631\u0648\u0646\u064a\u0629 \u0645\u0646 \u0645\u062a\u062c\u0631\u0646\u0627. \u2e3b 1. \u0627\u0644\u0645\u0639\u0644\u0648\u0645\u0627\u062a \u0627\u0644\u062a\u064a \u0646\u062c\u0645\u0639\u0647\u0627 [&hellip;]<\/p>","protected":false},"author":1,"featured_media":4468,"parent":0,"menu_order":0,"comment_status":"closed","ping_status":"closed","template":"elementor_header_footer","meta":{"_seopress_robots_primary_cat":"","_seopress_titles_title":"","_seopress_titles_desc":"","_seopress_robots_index":"","inline_featured_image":false,"_uf_show_specific_survey":0,"_uf_disable_surveys":false,"footnotes":""},"class_list":["post-20178","page","type-page","status-publish","has-post-thumbnail"],"_links":{"self":[{"href":"https:\/\/tamerbadr.com\/pl\/wp-json\/wp\/v2\/pages\/20178","targetHints":{"allow":["GET"]}}],"collection":[{"href":"https:\/\/tamerbadr.com\/pl\/wp-json\/wp\/v2\/pages"}],"about":[{"href":"https:\/\/tamerbadr.com\/pl\/wp-json\/wp\/v2\/types\/page"}],"author":[{"embeddable":true,"href":"https:\/\/tamerbadr.com\/pl\/wp-json\/wp\/v2\/users\/1"}],"replies":[{"embeddable":true,"href":"https:\/\/tamerbadr.com\/pl\/wp-json\/wp\/v2\/comments?post=20178"}],"version-history":[{"count":0,"href":"https:\/\/tamerbadr.com\/pl\/wp-json\/wp\/v2\/pages\/20178\/revisions"}],"wp:featuredmedia":[{"embeddable":true,"href":"https:\/\/tamerbadr.com\/pl\/wp-json\/wp\/v2\/media\/4468"}],"wp:attachment":[{"href":"https:\/\/tamerbadr.com\/pl\/wp-json\/wp\/v2\/media?parent=20178"}],"curies":[{"name":"wp","href":"https:\/\/api.w.org\/{rel}","templated":true}]}}