{"id":20132,"date":"2025-03-19T15:34:42","date_gmt":"2025-03-19T15:34:42","guid":{"rendered":"https:\/\/white-ant-267257.hostingersite.com\/?page_id=20132"},"modified":"2025-04-06T08:14:03","modified_gmt":"2025-04-06T08:14:03","slug":"unforgettable-days-book","status":"publish","type":"page","link":"https:\/\/tamerbadr.com\/pl\/unforgettable-days-book","title":{"rendered":"Ksi\u0105\u017cka Niezapomniane dni"},"content":{"rendered":"<div data-elementor-type=\"wp-page\" data-elementor-id=\"20132\" class=\"elementor elementor-20132\" data-elementor-post-type=\"page\">\n\t\t\t\t<div class=\"elementor-element elementor-element-c8c7aab e-flex e-con-boxed e-con e-parent\" data-id=\"c8c7aab\" data-element_type=\"container\">\n\t\t\t\t\t<div class=\"e-con-inner\">\n\t\t<div class=\"elementor-element elementor-element-6483b1a e-con-full e-flex e-con e-child\" data-id=\"6483b1a\" data-element_type=\"container\">\n\t\t\t\t<div class=\"elementor-element elementor-element-6058eb2 elementor-widget elementor-widget-wc-elements\" data-id=\"6058eb2\" data-element_type=\"widget\" data-widget_type=\"wc-elements.default\">\n\t\t\t\t<div class=\"elementor-widget-container\">\n\t\t\t\t\t<div class=\"woocommerce\">\t\t\t<div class=\"single-product\" data-product-page-preselected-id=\"0\">\n\t\t\t\t<div class=\"woocommerce-notices-wrapper\"><\/div><div id=\"product-19575\" class=\"product type-product post-19575 status-publish first instock product_cat-189 has-post-thumbnail downloadable shipping-taxable purchasable product-type-simple\">\n\n\t<div class=\"woocommerce-product-gallery woocommerce-product-gallery--with-images woocommerce-product-gallery--columns-4 images\" data-columns=\"4\" style=\"opacity: 0; transition: opacity .25s ease-in-out;\">\n\t<div class=\"woocommerce-product-gallery__wrapper\">\n\t\t<div data-thumb=\"https:\/\/tamerbadr.com\/wp-content\/uploads\/2025\/03\/\u0623\u064a\u0627\u0645-\u0644\u0627-\u062a\u0646\u0633\u0649-scaled-scaled.jpg\" data-thumb-alt=\"\u0643\u062a\u0627\u0628 \u0623\u064a\u0627\u0645 \u0644\u0627 \u062a\u0646\u0633\u0649\" data-thumb-srcset=\"\"  data-thumb-sizes=\"(max-width: 100px) 100vw, 100px\" class=\"woocommerce-product-gallery__image\"><a href=\"https:\/\/tamerbadr.com\/wp-content\/uploads\/2025\/03\/\u0623\u064a\u0627\u0645-\u0644\u0627-\u062a\u0646\u0633\u0649-scaled-scaled.jpg\"><img fetchpriority=\"high\" decoding=\"async\" width=\"2049\" height=\"1453\" src=\"https:\/\/tamerbadr.com\/wp-content\/uploads\/2025\/03\/\u0623\u064a\u0627\u0645-\u0644\u0627-\u062a\u0646\u0633\u0649-scaled-scaled.jpg\" class=\"wp-post-image\" alt=\"Ksi\u0105\u017cka Niezapomniane dni\" data-caption=\"\" data-src=\"https:\/\/tamerbadr.com\/wp-content\/uploads\/2025\/03\/\u0623\u064a\u0627\u0645-\u0644\u0627-\u062a\u0646\u0633\u0649-scaled-scaled.jpg\" data-large_image=\"https:\/\/tamerbadr.com\/wp-content\/uploads\/2025\/03\/\u0623\u064a\u0627\u0645-\u0644\u0627-\u062a\u0646\u0633\u0649-scaled-scaled.jpg\" data-large_image_width=\"2049\" data-large_image_height=\"1453\" \/><\/a><\/div><div data-thumb=\"https:\/\/tamerbadr.com\/wp-content\/uploads\/2025\/03\/\u0627\u064a\u0627\u0645-\u0644\u0627-\u062a\u0646\u0633\u0649.jpg\" data-thumb-alt=\"\u0643\u062a\u0627\u0628 \u0623\u064a\u0627\u0645 \u0644\u0627 \u062a\u0646\u0633\u0649 - obrazek 2\" data-thumb-srcset=\"\"  data-thumb-sizes=\"(max-width: 73px) 100vw, 73px\" class=\"woocommerce-product-gallery__image\" data-no-translation-data-thumb-alt=\"\"><a href=\"https:\/\/tamerbadr.com\/wp-content\/uploads\/2025\/03\/\u0627\u064a\u0627\u0645-\u0644\u0627-\u062a\u0646\u0633\u0649.jpg\"><img decoding=\"async\" width=\"740\" height=\"1020\" src=\"https:\/\/tamerbadr.com\/wp-content\/uploads\/2025\/03\/\u0627\u064a\u0627\u0645-\u0644\u0627-\u062a\u0646\u0633\u0649.jpg\" class=\"\" alt=\"\u0643\u062a\u0627\u0628 \u0623\u064a\u0627\u0645 \u0644\u0627 \u062a\u0646\u0633\u0649 - obrazek 2\" data-caption=\"\" data-src=\"https:\/\/tamerbadr.com\/wp-content\/uploads\/2025\/03\/\u0627\u064a\u0627\u0645-\u0644\u0627-\u062a\u0646\u0633\u0649.jpg\" data-large_image=\"https:\/\/tamerbadr.com\/wp-content\/uploads\/2025\/03\/\u0627\u064a\u0627\u0645-\u0644\u0627-\u062a\u0646\u0633\u0649.jpg\" data-large_image_width=\"740\" data-large_image_height=\"1020\" data-no-translation-alt=\"\" \/><\/a><\/div><div data-thumb=\"https:\/\/tamerbadr.com\/wp-content\/uploads\/2025\/03\/\u0645\u0624\u0644\u0641\u0627\u062a-\u062a\u0627\u0645\u0631-\u0628\u062f\u0631-1-6.jpg\" data-thumb-alt=\"\u0643\u062a\u0627\u0628 \u0623\u064a\u0627\u0645 \u0644\u0627 \u062a\u0646\u0633\u0649 - obrazek 3\" data-thumb-srcset=\"\"  data-thumb-sizes=\"(max-width: 92px) 100vw, 92px\" class=\"woocommerce-product-gallery__image\" data-no-translation-data-thumb-alt=\"\"><a href=\"https:\/\/tamerbadr.com\/wp-content\/uploads\/2025\/03\/\u0645\u0624\u0644\u0641\u0627\u062a-\u062a\u0627\u0645\u0631-\u0628\u062f\u0631-1-6.jpg\"><img decoding=\"async\" width=\"389\" height=\"422\" src=\"https:\/\/tamerbadr.com\/wp-content\/uploads\/2025\/03\/\u0645\u0624\u0644\u0641\u0627\u062a-\u062a\u0627\u0645\u0631-\u0628\u062f\u0631-1-6.jpg\" class=\"\" alt=\"\u0643\u062a\u0627\u0628 \u0623\u064a\u0627\u0645 \u0644\u0627 \u062a\u0646\u0633\u0649 - obrazek 3\" data-caption=\"CREATOR: gd-jpeg v1.0 (using IJG JPEG v62), quality = 90\" data-src=\"https:\/\/tamerbadr.com\/wp-content\/uploads\/2025\/03\/\u0645\u0624\u0644\u0641\u0627\u062a-\u062a\u0627\u0645\u0631-\u0628\u062f\u0631-1-6.jpg\" data-large_image=\"https:\/\/tamerbadr.com\/wp-content\/uploads\/2025\/03\/\u0645\u0624\u0644\u0641\u0627\u062a-\u062a\u0627\u0645\u0631-\u0628\u062f\u0631-1-6.jpg\" data-large_image_width=\"389\" data-large_image_height=\"422\" data-no-translation-alt=\"\" \/><\/a><\/div>\t<\/div>\n<\/div>\n\n\t<div class=\"summary entry-summary\">\n\t\t<h1 class=\"product_title entry-title\">Ksi\u0105\u017cka Niezapomniane dni<\/h1><p class=\"price\"><span class=\"woocommerce-Price-amount amount\"><bdi><span class=\"woocommerce-Price-currencySymbol\">EGP<\/span>60.00<\/bdi><\/span><\/p>\n\n\t\n\t<form class=\"cart\" action=\"\" method=\"post\" enctype='multipart\/form-data' data-trp-original-action=\"\">\n\t\t\n\t\t<div class=\"quantity\">\n\t\t<label class=\"screen-reader-text\" for=\"quantity_69fee630611f9\" data-no-translation=\"\" data-trp-gettext=\"\">ilo\u015b\u0107 \u0643\u062a\u0627\u0628 \u0623\u064a\u0627\u0645 \u0644\u0627 \u062a\u0646\u0633\u0649<\/label>\n\t<input\n\t\ttype=\"number\"\n\t\t\t\tid=\"quantity_69fee630611f9\"\n\t\tclass=\"input-text qty text\"\n\t\tname=\"quantity\"\n\t\tvalue=\"1\"\n\t\taria-label=\"Ilo\u015b\u0107 produktu\"\n\t\t\t\tmin=\"1\"\n\t\t\t\t\t\t\tstep=\"1\"\n\t\t\tplaceholder=\"\"\n\t\t\tinputmode=\"numeric\"\n\t\t\tautocomplete=\"off\" data-no-translation-aria-label=\"\"\n\t\t\t\/>\n\t<\/div>\n\n\t\t<button type=\"submit\" name=\"add-to-cart\" value=\"19575\" class=\"single_add_to_cart_button button alt\" data-no-translation=\"\" data-trp-gettext=\"\">Dodaj do koszyka<\/button>\n\n\t\t\n        <script>\n            document.addEventListener('DOMContentLoaded', function(){\n                document.addEventListener('click', function(event){\n                    if(!event.target.matches('.single_add_to_cart_button')){\n                        return;\n                    }\n\n                    const quantity = document.querySelector('input.qty').value || '1';\n                    const formProductVariation = document.querySelector('form[data-product_variations]')\n                    const variationItem = document.querySelector('.variation_id')\n\n                    let price = 60\n                    if(formProductVariation && variationItem){\n                        try{\n                            const variations = JSON.parse(formProductVariation.dataset.product_variations)\n                            const variationId = variationItem.value\n                            for(const variation of variations){\n                                if(variation.variation_id == Number(variationId)){\n                                    price = variation.display_price\n                                }\n                            }\n                        }\n                        catch{\n                        }\n                    }\n\n                    gtag('event', 'add_to_cart', {\n                        'items': [ {\n                            'item_id':'19575',\n                            'item_name': '\u0643\u062a\u0627\u0628 \u0623\u064a\u0627\u0645 \u0644\u0627 \u062a\u0646\u0633\u0649',\n                            'list_name': '\u0643\u062a\u0627\u0628 \u0623\u064a\u0627\u0645 \u0644\u0627 \u062a\u0646\u0633\u0649',\n                            'quantity': quantity,\n                            'price': price,\n                            \"item_category\":\"\u062a\u0627\u0631\u064a\u062e \u0639\u0633\u0643\u0631\u064a\"\n                        }]\n                    });\n                })\n            });\n        <\/script>\n        \t<input type=\"hidden\" name=\"trp-form-language\" value=\"pl\"\/><\/form>\n\n\t\n<div class=\"product_meta\">\n\n\t\n\t\n\t<span class=\"posted_in\">Kategoria: <a href=\"https:\/\/tamerbadr.com\/pl\/kategoria-produktu\/%d8%aa%d8%a7%d8%b1%d9%8a%d8%ae-%d8%b9%d8%b3%d9%83%d8%b1%d9%8a\" rel=\"tag\">historia wojskowo\u015bci<\/a><\/span>\n\t\n\t\n<\/div>\n\t<\/div>\n\n\t\n\t<div class=\"woocommerce-tabs wc-tabs-wrapper\">\n\t\t<ul class=\"tabs wc-tabs\" role=\"tablist\">\n\t\t\t\t\t\t\t<li role=\"presentation\" class=\"description_tab\" id=\"tab-title-description\">\n\t\t\t\t\t<a href=\"#tab-description\" role=\"tab\" aria-controls=\"tab-description\">\n\t\t\t\t\t\tOpis\t\t\t\t\t<\/a>\n\t\t\t\t<\/li>\n\t\t\t\t\t\t\t<li role=\"presentation\" class=\"reviews_tab\" id=\"tab-title-reviews\">\n\t\t\t\t\t<a href=\"#tab-reviews\" role=\"tab\" aria-controls=\"tab-reviews\">\n\t\t\t\t\t\tOpinie (0)\t\t\t\t\t<\/a>\n\t\t\t\t<\/li>\n\t\t\t\t\t<\/ul>\n\t\t\t\t\t<div class=\"woocommerce-Tabs-panel woocommerce-Tabs-panel--description panel entry-content wc-tab\" id=\"tab-description\" role=\"tabpanel\" aria-labelledby=\"tab-title-description\">\n\t\t\t\t\n\t<h2 data-no-translation=\"\" data-trp-gettext=\"\">Opis<\/h2>\n\n<h1 style=\"text-align: center;\"><strong>Wprowadzenie profesora dr Ragheba Al-Sarjaniego do ksi\u0105\u017cki Niezapomniane dni<\/strong><\/h1>\n<h1 style=\"text-align: center;\">Historia islamu przez lata i wieki cierpia\u0142a z powodu wielkiego zaniedbania. W rezultacie wielu orientalist\u00f3w i zwolennik\u00f3w Zachodu manipulowa\u0142o t\u0105 histori\u0105. W rezultacie mamy histori\u0119, kt\u00f3ra bardzo odbiega od prawdy. Co gorsza, w wyniku tych zniekszta\u0142ce\u0144 zatracono nauki i mora\u0142y. W ten spos\u00f3b historia sta\u0142a si\u0119 nauk\u0105 akademick\u0105, pozbawion\u0105 znaczenia dla czytelnik\u00f3w. W konsekwencji powstrzymywali si\u0119 oni od jej czytania i studiowania.<\/h1>\n<h1 style=\"text-align: center;\">W obliczu tej tragicznej sytuacji, niekt\u00f3rzy gorliwi ludzie musieli si\u0119 zbuntowa\u0107, by ocali\u0107 t\u0119 d\u0142ug\u0105 histori\u0119; wr\u0119cz przeciwnie, by ocali\u0107 muzu\u0142ma\u0144sk\u0105 m\u0142odzie\u017c, kt\u00f3ra nie znalaz\u0142a odpowiedniego i wiarygodnego \u017ar\u00f3d\u0142a wiedzy o historii narodu. Nie przesadzam, m\u00f3wi\u0105c: ca\u0142y \u015bwiat \u2013 muzu\u0142ma\u0144ski czy niemuzu\u0142ma\u0144ski \u2013 potrzebuje tej chwalebnej historii islamu, poniewa\u017c \u015bwiat nigdy nie pozna\u0142 niczego tak wspania\u0142ego i ol\u015bniewaj\u0105cego, jak to, co znale\u017ali\u015bmy w naszej wielkiej historii.<\/h1>\n<h1 style=\"text-align: center;\">Ksi\u0105\u017cka, kt\u00f3r\u0105 trzymamy w r\u0119kach, jest w\u0142a\u015bnie tak\u0105 pomoc\u0105!<\/h1>\n<h1 style=\"text-align: center;\">To cenna ksi\u0105\u017cka, kt\u00f3ra umiej\u0119tnie \u0142\u0105czy w ca\u0142o\u015b\u0107 ogromn\u0105 liczb\u0119 prze\u0142omowych dni w historii narodu islamskiego. Jednak ten ogromny zbi\u00f3r nie prze\u0142o\u017cy\u0142 si\u0119 na r\u00f3wnie ogromn\u0105 liczb\u0119 stron! \u015awiadczy to o niezwyk\u0142ym kunszcie autora w dobieraniu tego, co przydatne w ka\u017cdej bitwie, i tego, co wa\u017cne w ka\u017cdym spotkaniu. By\u0107 mo\u017ce jest to jedna z najbardziej znacz\u0105cych cech, kt\u00f3ra wyr\u00f3\u017cnia t\u0119 ksi\u0105\u017ck\u0119 na tle innych, poniewa\u017c autor wyr\u00f3\u017cnia si\u0119 znakomit\u0105 umiej\u0119tno\u015bci\u0105 zwi\u0119z\u0142o\u015bci i skupienia, dzi\u0119ki czemu czytelnik ma wra\u017cenie, \u017ce po przeczytaniu czterech czy pi\u0119ciu stron o wielkiej bitwie ma ju\u017c wszystko, czego potrzebuje i nie potrzebuje dodatkowych informacji. Tymczasem specjali\u015bci wiedz\u0105, \u017ce historyk mo\u017ce napisa\u0107 o takich bitwach ca\u0142e tomy!<\/h1>\n<h1 style=\"text-align: center;\">Ksi\u0105\u017cka ta wyr\u00f3\u017cnia si\u0119 r\u00f3wnie\u017c p\u0142ynnym nawigowaniem mi\u0119dzy r\u00f3\u017cnymi etapami historii islamu. Zaczyna si\u0119 od ery proroczej, a nast\u0119pnie z odpowiedni\u0105 pr\u0119dko\u015bci\u0105 przeskakuje mi\u0119dzy r\u00f3\u017cnymi epokami historycznymi, takimi jak Raszidun, Umajjad\u00f3w, Abbasyd\u00f3w, Ajjubid\u00f3w, Mameluk\u00f3w i Imperium Osma\u0144skiego. Nie pomija r\u00f3wnie\u017c nawigacji geograficznej w r\u00f3\u017cnych zak\u0105tkach \u015bwiata. Dociera do Wschodu i opowiada o bitwach Indii, a nast\u0119pnie opuszcza Wsch\u00f3d na Zach\u00f3d, opisuj\u0105c bitwy Andaluzji!<\/h1>\n<h1 style=\"text-align: center;\">Kolejn\u0105 cech\u0105 wyr\u00f3\u017cniaj\u0105c\u0105 t\u0119 ksi\u0105\u017ck\u0119 jest to, \u017ce omawia ona wiele bitew, o kt\u00f3rych wielu muzu\u0142man\u00f3w nie wie nic. W\u0142a\u015bciwie nie przesadzam, m\u00f3wi\u0105c: muzu\u0142manie nawet nie znaj\u0105 ich nazw! Wystarczy, \u017ce wspomn\u0119 na przyk\u0142ad o bitwach pod Ain al-Tamr, zdobyciu Dibal, bitwie pod Talas, zdobyciu Somnath, bitwie pod Nikopolis, bitwie pod Mohaczem i innych bitwach, o kt\u00f3rych zapomniano, a kt\u00f3rych strony pokry\u0142y si\u0119 kurzem, dop\u00f3ki autor z uczciwo\u015bci\u0105 i trosk\u0105 nie odkry\u0142 prawdy o tych decyduj\u0105cych dniach.<\/h1>\n<h1 style=\"text-align: center;\">Przede wszystkim t\u0119 cenn\u0105 ksi\u0105\u017ck\u0119 wyr\u00f3\u017cniaj\u0105 dwie rzeczy, kt\u00f3re odr\u00f3\u017cniaj\u0105 j\u0105 od wielu dzie\u0142 znajduj\u0105cych si\u0119 w bibliotece islamskiej, czyni\u0105c j\u0105 wyj\u0105tkow\u0105 w swojej dziedzinie.<\/h1>\n<h1 style=\"text-align: center;\">Po pierwsze, nie ogranicza si\u0119 do zwyci\u0119stw muzu\u0142man\u00f3w, lecz z pi\u0119kn\u0105 bezstronno\u015bci\u0105 i niezwyk\u0142\u0105 precyzj\u0105 wspomina o najwa\u017cniejszych bitwach, w kt\u00f3rych muzu\u0142manie ponie\u015bli kl\u0119sk\u0119! Takich jak bitwa pod Uhudem, bitwa pod Tours, bitwa pod Al-Uqab i inne kl\u0119ski. To w istocie wyra\u017any przyk\u0142ad inteligencji autora, kt\u00f3ry demonstruje czytelnikowi uczciwo\u015b\u0107 w przedstawianiu wydarze\u0144 i podkre\u015bla, \u017ce czas to cykl mi\u0119dzy narodami. Nie pozbawia on r\u00f3wnie\u017c czytelnik\u00f3w mo\u017cliwo\u015bci skorzystania z wa\u017cnych lekcji wyci\u0105gni\u0119tych z tych bitew.<\/h1>\n<h1 style=\"text-align: center;\">Drug\u0105 rzecz\u0105 jest to, \u017ce autor nie zatrzyma\u0142 si\u0119 na opisie wydarze\u0144, jak czyni to wielu autor\u00f3w, ale raczej zag\u0142\u0119bi\u0142 si\u0119 w sprawy i szuka\u0142 czynnik\u00f3w zwyci\u0119stwa i powod\u00f3w kl\u0119ski, dzi\u0119ki czemu czytelnik ksi\u0105\u017cki otrzymuje bogaty zbi\u00f3r przyczyn wzrostu lub upadku narod\u00f3w, a tym samym cel opowiedzenia historii zostaje osi\u0105gni\u0119ty, jak pokaza\u0142 nam nasz Pan, gdy powiedzia\u0142: {Zaiste w ich opowie\u015bciach jest lekcja dla tych, kt\u00f3rzy rozumiej\u0105} [Jusuf: 111]... Prawda jest taka, \u017ce autor stworzy\u0142 to wszystko z wysokim i wybitnym kunsztem.<\/h1>\n<h1 style=\"text-align: center;\">Wreszcie:<\/h1>\n<h1 style=\"text-align: center;\">Kunszt autora nie przeszkodzi\u0142 mu w zachowaniu subtelnego i pi\u0119knego stylu. Wyra\u017cenia w ksi\u0105\u017cce s\u0105 eleganckie, s\u0142owa pi\u0119kne, a spos\u00f3b prezentacji p\u0142ynny i przyjemny, co dodaje ksi\u0105\u017cce blasku i elegancji.<\/h1>\n<h1 style=\"text-align: center;\">Cho\u0107 wiem, \u017ce to pierwsza pr\u00f3ba autora w pisarstwie wojskowym, jestem pewien, \u017ce nie ostatnia. Bitwy w historii islamu i ich szczeg\u00f3\u0142y wymagaj\u0105 setek tom\u00f3w oraz tysi\u0119cy wyja\u015bnie\u0144 i analiz.<\/h1>\n<h1 style=\"text-align: center;\">Niech Allah wynagrodzi profesora Tamera Badra za jego wielkie wysi\u0142ki. Radz\u0119 mu, aby zawsze odnawia\u0142 swoj\u0105 intencj\u0119 z ka\u017cd\u0105 ksi\u0105\u017ck\u0105, aby Allah, Wszechmog\u0105cy, obdarzy\u0142 jego ksi\u0105\u017cki szerokim rozpowszechnieniem i obdarzy\u0142 go obfit\u0105 nagrod\u0105 i pe\u0142nym wynagrodzeniem.<\/h1>\n<h1 style=\"text-align: center;\">Prosz\u0119 Boga, aby wychwala\u0142 islam i muzu\u0142man\u00f3w<\/h1>\n<h1 style=\"text-align: center;\">Prof. dr Ragheb Al-Sarjani<\/h1>\n\t\t\t<\/div>\n\t\t\t\t\t<div class=\"woocommerce-Tabs-panel woocommerce-Tabs-panel--reviews panel entry-content wc-tab\" id=\"tab-reviews\" role=\"tabpanel\" aria-labelledby=\"tab-title-reviews\">\n\t\t\t\t<div id=\"reviews\" class=\"woocommerce-Reviews\">\n\t<div id=\"comments\">\n\t\t<h2 class=\"woocommerce-Reviews-title\">\n\t\t\tOpinie\t\t<\/h2>\n\n\t\t\t\t\t<p class=\"woocommerce-noreviews\" data-no-translation=\"\" data-trp-gettext=\"\">Na razie nie ma opinii o produkcie.<\/p>\n\t\t\t<\/div>\n\n\t\t\t<div id=\"review_form_wrapper\">\n\t\t\t<div id=\"review_form\">\n\t\t\t\t\t<div id=\"respond\" class=\"comment-respond\">\n\t\t<span id=\"reply-title\" class=\"comment-reply-title\" role=\"heading\" aria-level=\"3\">Napisz pierwsz\u0105 opini\u0119 o &bdquo;\u0643\u062a\u0627\u0628 \u0623\u064a\u0627\u0645 \u0644\u0627 \u062a\u0646\u0633\u0649&rdquo; <small><a rel=\"nofollow\" id=\"cancel-comment-reply-link\" href=\"\/pl\/wp-json\/wp\/v2\/pages\/20132#respond\" style=\"display:none;\">Anuluj pisanie odpowiedzi<\/a><\/small><\/span><p class=\"must-log-in\" data-no-translation=\"\" data-trp-gettext=\"\">Musisz si\u0119 <a href=\"https:\/\/tamerbadr.com\/pl\/\">zalogowa\u0107<\/a>, aby doda\u0107 opini\u0119.<\/p>\t<\/div><!-- #respond -->\n\t\t\t\t<\/div>\n\t\t<\/div>\n\t\n\t<div class=\"clear\"><\/div>\n<\/div>\n\t\t\t<\/div>\n\t\t\n\t\t\t<\/div>\n\n\n\t<section class=\"related products\">\n\n\t\t\t\t\t<h2 data-no-translation=\"\" data-trp-gettext=\"\">Podobne produkty<\/h2>\n\t\t\t\t<ul class=\"products columns-4\">\n\n\t\t\t\n\t\t\t\t\t<li class=\"product type-product post-19581 status-publish first instock product_cat-189 has-post-thumbnail downloadable shipping-taxable purchasable product-type-simple\">\n\t<a href=\"https:\/\/tamerbadr.com\/pl\/produkt\/unforgettable-leaders-book\" class=\"woocommerce-LoopProduct-link woocommerce-loop-product__link\"><img loading=\"lazy\" decoding=\"async\" width=\"2049\" height=\"1453\" src=\"https:\/\/tamerbadr.com\/wp-content\/uploads\/2025\/03\/\u0642\u0627\u062f\u0629-\u0644\u0627-\u062a\u0646\u0633\u0649--scaled-scaled.jpg\" class=\"attachment-woocommerce_thumbnail size-woocommerce_thumbnail\" alt=\"Ksi\u0105\u017cka Niezapomniani Liderzy\" \/><h2 class=\"woocommerce-loop-product__title\">Ksi\u0105\u017cka Niezapomniani Liderzy<\/h2>\n\t<span class=\"price\"><span class=\"woocommerce-Price-amount amount\"><bdi><span class=\"woocommerce-Price-currencySymbol\">EGP<\/span>60.00<\/bdi><\/span><\/span>\n<\/a><a href=\"\/pl\/wp-json\/wp\/v2\/pages\/20132?add-to-cart=19581\" aria-describedby=\"woocommerce_loop_add_to_cart_link_describedby_19581\" data-quantity=\"1\" class=\"button product_type_simple add_to_cart_button ajax_add_to_cart\" data-product_id=\"19581\" data-product_sku=\"\" aria-label=\"Dodaj do koszyka: \u201e\u0643\u062a\u0627\u0628 \u0642\u0627\u062f\u0629 \u0644\u0627 \u062a\u0646\u0633\u0649\u201d\" rel=\"nofollow\" data-success_message=\"\u201c\u0643\u062a\u0627\u0628 \u0642\u0627\u062f\u0629 \u0644\u0627 \u062a\u0646\u0633\u0649\u201d zosta\u0142 dodany do twojego koszyka\" data-no-translation=\"\" data-trp-gettext=\"\" data-no-translation-aria-label=\"\" data-no-translation-data-success_message=\"\">Dodaj do koszyka<\/a>\t<span id=\"woocommerce_loop_add_to_cart_link_describedby_19581\" class=\"screen-reader-text\">\n\t\t\t<\/span>\n\n        <script>\n            document.addEventListener('DOMContentLoaded', function(){\n                function getParameterByName(name, url) {\n                    name = name.replace(\/[\\[\\]]\/g, '\\$&');\n                    var regex = new RegExp('[?&]' + name + '(=([^&#]*)|&|#|$)'),\n                        results = regex.exec(url);\n                    if (!results) return null;\n                    if (!results[2]) return '';\n                    return decodeURIComponent(results[2].replace(\/\\+\/g, ' '));\n                }\n\n                document.addEventListener('click', function(event){\n                    const namedItem = event.target.attributes.getNamedItem('data-product_id')\n                    if(!event.target.matches('.ajax_add_to_cart')){\n                        return;\n                    }\n\n                    var item_id = null;\n\n                    if(!namedItem){\n                        try{\n                            item_id = getParameterByName('add-to-cart', new URL(event.target.href).search)\n                        }\n                        catch(e){}\n                    }\n                    else{\n                        item_id = namedItem.value\n                    }\n\n                    if(item_id != 19581){\n                        return;\n                    }\n\n                    gtag('event', 'add_to_cart', {'items': [ {\"item_id\":\"19581\",\"item_name\":\"\\u0643\\u062a\\u0627\\u0628 \\u0642\\u0627\\u062f\\u0629 \\u0644\\u0627 \\u062a\\u0646\\u0633\\u0649\",\"list_name\":\"\\u0643\\u062a\\u0627\\u0628 \\u0642\\u0627\\u062f\\u0629 \\u0644\\u0627 \\u062a\\u0646\\u0633\\u0649\",\"quantity\":1,\"price\":60,\"item_category\":\"\\u062a\\u0627\\u0631\\u064a\\u062e \\u0639\\u0633\\u0643\\u0631\\u064a\"} ]});\n                })\n\n            });\n        <\/script>\n        <\/li>\n\n\t\t\t\n\t\t\t\t\t<li class=\"product type-product post-19583 status-publish instock product_cat-189 has-post-thumbnail downloadable shipping-taxable purchasable product-type-simple\">\n\t<a href=\"https:\/\/tamerbadr.com\/pl\/produkt\/the-book-of-islam-and-war\" class=\"woocommerce-LoopProduct-link woocommerce-loop-product__link\"><img loading=\"lazy\" decoding=\"async\" width=\"2049\" height=\"1401\" src=\"https:\/\/tamerbadr.com\/wp-content\/uploads\/2025\/03\/\u0627\u0644\u0625\u0633\u0644\u0627\u0645-\u0648\u0627\u0644\u062d\u0631\u0628-\u063a\u0644\u0627\u0641-scaled-scaled.jpg\" class=\"attachment-woocommerce_thumbnail size-woocommerce_thumbnail\" alt=\"Ksi\u0119ga Islamu i Wojny\" \/><h2 class=\"woocommerce-loop-product__title\">Ksi\u0119ga Islamu i Wojny<\/h2>\n\t<span class=\"price\"><span class=\"woocommerce-Price-amount amount\"><bdi><span class=\"woocommerce-Price-currencySymbol\">EGP<\/span>60.00<\/bdi><\/span><\/span>\n<\/a><a href=\"\/pl\/wp-json\/wp\/v2\/pages\/20132?add-to-cart=19583\" aria-describedby=\"woocommerce_loop_add_to_cart_link_describedby_19583\" data-quantity=\"1\" class=\"button product_type_simple add_to_cart_button ajax_add_to_cart\" data-product_id=\"19583\" data-product_sku=\"\" aria-label=\"Dodaj do koszyka: \u201e\u0643\u062a\u0627\u0628 \u0627\u0644\u0627\u0633\u0644\u0627\u0645 \u0648\u0627\u0644\u062d\u0631\u0628\u201d\" rel=\"nofollow\" data-success_message=\"\u201c\u0643\u062a\u0627\u0628 \u0627\u0644\u0627\u0633\u0644\u0627\u0645 \u0648\u0627\u0644\u062d\u0631\u0628\u201d zosta\u0142 dodany do twojego koszyka\" data-no-translation=\"\" data-trp-gettext=\"\" data-no-translation-aria-label=\"\" data-no-translation-data-success_message=\"\">Dodaj do koszyka<\/a>\t<span id=\"woocommerce_loop_add_to_cart_link_describedby_19583\" class=\"screen-reader-text\">\n\t\t\t<\/span>\n\n        <script>\n            document.addEventListener('DOMContentLoaded', function(){\n                function getParameterByName(name, url) {\n                    name = name.replace(\/[\\[\\]]\/g, '\\$&');\n                    var regex = new RegExp('[?&]' + name + '(=([^&#]*)|&|#|$)'),\n                        results = regex.exec(url);\n                    if (!results) return null;\n                    if (!results[2]) return '';\n                    return decodeURIComponent(results[2].replace(\/\\+\/g, ' '));\n                }\n\n                document.addEventListener('click', function(event){\n                    const namedItem = event.target.attributes.getNamedItem('data-product_id')\n                    if(!event.target.matches('.ajax_add_to_cart')){\n                        return;\n                    }\n\n                    var item_id = null;\n\n                    if(!namedItem){\n                        try{\n                            item_id = getParameterByName('add-to-cart', new URL(event.target.href).search)\n                        }\n                        catch(e){}\n                    }\n                    else{\n                        item_id = namedItem.value\n                    }\n\n                    if(item_id != 19583){\n                        return;\n                    }\n\n                    gtag('event', 'add_to_cart', {'items': [ {\"item_id\":\"19583\",\"item_name\":\"\\u0643\\u062a\\u0627\\u0628 \\u0627\\u0644\\u0627\\u0633\\u0644\\u0627\\u0645 \\u0648\\u0627\\u0644\\u062d\\u0631\\u0628\",\"list_name\":\"\\u0643\\u062a\\u0627\\u0628 \\u0627\\u0644\\u0627\\u0633\\u0644\\u0627\\u0645 \\u0648\\u0627\\u0644\\u062d\\u0631\\u0628\",\"quantity\":1,\"price\":60,\"item_category\":\"\\u062a\\u0627\\u0631\\u064a\\u062e \\u0639\\u0633\\u0643\\u0631\\u064a\"} ]});\n                })\n\n            });\n        <\/script>\n        <\/li>\n\n\t\t\t\n\t\t<\/ul>\n\n\t<\/section>\n\t<\/div>\n\n\t\t\t<\/div>\n\t\t\t<\/div>\t\t\t\t<\/div>\n\t\t\t\t<\/div>\n\t\t\t\t<\/div>\n\t\t\t\t\t<\/div>\n\t\t\t\t<\/div>\n\t\t\t\t<\/div>","protected":false},"excerpt":{"rendered":"","protected":false},"author":1,"featured_media":0,"parent":0,"menu_order":0,"comment_status":"closed","ping_status":"closed","template":"elementor_header_footer","meta":{"_seopress_robots_primary_cat":"","_seopress_titles_title":"","_seopress_titles_desc":"","_seopress_robots_index":"","inline_featured_image":false,"_uf_show_specific_survey":0,"_uf_disable_surveys":false,"footnotes":""},"class_list":["post-20132","page","type-page","status-publish"],"_links":{"self":[{"href":"https:\/\/tamerbadr.com\/pl\/wp-json\/wp\/v2\/pages\/20132","targetHints":{"allow":["GET"]}}],"collection":[{"href":"https:\/\/tamerbadr.com\/pl\/wp-json\/wp\/v2\/pages"}],"about":[{"href":"https:\/\/tamerbadr.com\/pl\/wp-json\/wp\/v2\/types\/page"}],"author":[{"embeddable":true,"href":"https:\/\/tamerbadr.com\/pl\/wp-json\/wp\/v2\/users\/1"}],"replies":[{"embeddable":true,"href":"https:\/\/tamerbadr.com\/pl\/wp-json\/wp\/v2\/comments?post=20132"}],"version-history":[{"count":0,"href":"https:\/\/tamerbadr.com\/pl\/wp-json\/wp\/v2\/pages\/20132\/revisions"}],"wp:attachment":[{"href":"https:\/\/tamerbadr.com\/pl\/wp-json\/wp\/v2\/media?parent=20132"}],"curies":[{"name":"wp","href":"https:\/\/api.w.org\/{rel}","templated":true}]}}